{"id":2656,"date":"2024-08-23T14:50:31","date_gmt":"2024-08-23T14:50:31","guid":{"rendered":"https:\/\/horselandshop.com\/product\/elastiques\/"},"modified":"2025-11-15T10:29:00","modified_gmt":"2025-11-15T10:29:00","slug":"elastiques","status":"publish","type":"product","link":"https:\/\/www.minihorse.eu\/fr\/produit\/elastiques\/","title":{"rendered":"Elastiques pour crini\u00e8re caoutchouc"},"content":{"rendered":"<p>Elastiques pour crini\u00e8re pour tresser la crini\u00e8re. Les \u00e9lastiques permettent de bien fixer les n\u0153uds ou les tresses dans la crini\u00e8re\/queue de votre cheval. Ils sont id\u00e9aux pour les concours ou les inspections. Les \u00e9lastiques sont en caoutchouc et sont livr\u00e9s dans un sachet refermable de 50 grammes.<br \/>tresse   <\/p>\n","protected":false},"excerpt":{"rendered":"<p>Elastiques pour crini\u00e8re pour tresser la crini\u00e8re. Les \u00e9lastiques permettent de bien fixer les n\u0153uds ou les tresses dans la crini\u00e8re\/queue de votre cheval. Ils sont id\u00e9aux pour les concours ou les inspections. Les \u00e9lastiques sont en caoutchouc et sont livr\u00e9s dans un sachet refermable de 50 grammes.<br \/>tresse   <\/p>\n","protected":false},"featured_media":12199,"comment_status":"open","ping_status":"closed","template":"","meta":[],"product_brand":[],"product_cat":[180,183],"product_tag":[351,1556,1557,1558],"class_list":{"0":"post-2656","1":"product","2":"type-product","3":"status-publish","4":"has-post-thumbnail","6":"product_cat-soins","7":"product_cat-toilettage","8":"product_tag-concours","9":"product_tag-elastiques-pour-criniere","10":"product_tag-elastiques-pour-criniere-caoutchouc","11":"product_tag-tresse-de-criniere","13":"first","14":"instock","15":"taxable","16":"shipping-taxable","17":"purchasable","18":"product-type-variable"},"yoast_head":"<!-- This site is optimized with the Yoast SEO plugin v27.5 - https:\/\/yoast.com\/product\/yoast-seo-wordpress\/ -->\n<title>Elastiques pour crini\u00e8re caoutchouc - Minihorse.eu<\/title>\n<meta name=\"description\" content=\"Les \u00e9lastiques de tressage de la crini\u00e8re permettent de tresser la crini\u00e8re et la queue du cheval. Les \u00e9lastiques sont en caoutchouc et sont pr\u00e9sent\u00e9s dans un sachet refermable de 50 grammes.\" \/>\n<meta name=\"robots\" content=\"index, follow, max-snippet:-1, max-image-preview:large, max-video-preview:-1\" \/>\n<link rel=\"canonical\" href=\"https:\/\/www.minihorse.eu\/fr\/produit\/elastiques\/\" \/>\n<meta property=\"og:locale\" content=\"fr_FR\" \/>\n<meta property=\"og:type\" content=\"article\" \/>\n<meta property=\"og:title\" content=\"Elastiques pour crini\u00e8re caoutchouc - Minihorse.eu\" \/>\n<meta property=\"og:description\" content=\"Les \u00e9lastiques de tressage de la crini\u00e8re permettent de tresser la crini\u00e8re et la queue du cheval. Les \u00e9lastiques sont en caoutchouc et sont pr\u00e9sent\u00e9s dans un sachet refermable de 50 grammes.\" \/>\n<meta property=\"og:url\" content=\"https:\/\/www.minihorse.eu\/fr\/produit\/elastiques\/\" \/>\n<meta property=\"og:site_name\" content=\"Minihorse.eu\" \/>\n<meta property=\"article:publisher\" content=\"https:\/\/www.facebook.com\/profile.php?id=100063487117479\" \/>\n<meta property=\"article:modified_time\" content=\"2025-11-15T10:29:00+00:00\" \/>\n<meta property=\"og:image\" content=\"https:\/\/www.minihorse.eu\/wp-content\/uploads\/2024\/08\/Mane-Plaiting-Bands-white.jpg\" \/>\n\t<meta property=\"og:image:width\" content=\"857\" \/>\n\t<meta property=\"og:image:height\" content=\"731\" \/>\n\t<meta property=\"og:image:type\" content=\"image\/jpeg\" \/>\n<meta name=\"twitter:card\" content=\"summary_large_image\" \/>\n<script type=\"application\/ld+json\" class=\"yoast-schema-graph\">{\"@context\":\"https:\\\/\\\/schema.org\",\"@graph\":[{\"@type\":\"WebPage\",\"@id\":\"https:\\\/\\\/www.minihorse.eu\\\/fr\\\/produit\\\/elastiques\\\/\",\"url\":\"https:\\\/\\\/www.minihorse.eu\\\/fr\\\/produit\\\/elastiques\\\/\",\"name\":\"Elastiques pour crini\u00e8re caoutchouc - Minihorse.eu\",\"isPartOf\":{\"@id\":\"https:\\\/\\\/www.minihorse.eu\\\/#website\"},\"primaryImageOfPage\":{\"@id\":\"https:\\\/\\\/www.minihorse.eu\\\/fr\\\/produit\\\/elastiques\\\/#primaryimage\"},\"image\":{\"@id\":\"https:\\\/\\\/www.minihorse.eu\\\/fr\\\/produit\\\/elastiques\\\/#primaryimage\"},\"thumbnailUrl\":\"https:\\\/\\\/www.minihorse.eu\\\/wp-content\\\/uploads\\\/2024\\\/08\\\/Mane-Plaiting-Bands-white.jpg\",\"datePublished\":\"2024-08-23T14:50:31+00:00\",\"dateModified\":\"2025-11-15T10:29:00+00:00\",\"description\":\"Les \u00e9lastiques de tressage de la crini\u00e8re permettent de tresser la crini\u00e8re et la queue du cheval. Les \u00e9lastiques sont en caoutchouc et sont pr\u00e9sent\u00e9s dans un sachet refermable de 50 grammes.\",\"breadcrumb\":{\"@id\":\"https:\\\/\\\/www.minihorse.eu\\\/fr\\\/produit\\\/elastiques\\\/#breadcrumb\"},\"inLanguage\":\"fr-FR\",\"potentialAction\":[{\"@type\":\"ReadAction\",\"target\":[\"https:\\\/\\\/www.minihorse.eu\\\/fr\\\/produit\\\/elastiques\\\/\"]}]},{\"@type\":\"ImageObject\",\"inLanguage\":\"fr-FR\",\"@id\":\"https:\\\/\\\/www.minihorse.eu\\\/fr\\\/produit\\\/elastiques\\\/#primaryimage\",\"url\":\"https:\\\/\\\/www.minihorse.eu\\\/wp-content\\\/uploads\\\/2024\\\/08\\\/Mane-Plaiting-Bands-white.jpg\",\"contentUrl\":\"https:\\\/\\\/www.minihorse.eu\\\/wp-content\\\/uploads\\\/2024\\\/08\\\/Mane-Plaiting-Bands-white.jpg\",\"width\":857,\"height\":731},{\"@type\":\"BreadcrumbList\",\"@id\":\"https:\\\/\\\/www.minihorse.eu\\\/fr\\\/produit\\\/elastiques\\\/#breadcrumb\",\"itemListElement\":[{\"@type\":\"ListItem\",\"position\":1,\"name\":\"Home\",\"item\":\"https:\\\/\\\/www.minihorse.eu\\\/fr\\\/accueil\\\/\"},{\"@type\":\"ListItem\",\"position\":2,\"name\":\"Boutique\",\"item\":\"https:\\\/\\\/www.minihorse.eu\\\/fr\\\/boutique\\\/\"},{\"@type\":\"ListItem\",\"position\":3,\"name\":\"Elastiques pour crini\u00e8re caoutchouc\"}]},{\"@type\":\"WebSite\",\"@id\":\"https:\\\/\\\/www.minihorse.eu\\\/#website\",\"url\":\"https:\\\/\\\/www.minihorse.eu\\\/\",\"name\":\"Minihorse.eu\",\"description\":\"The #1 store for Miniature Horses\",\"publisher\":{\"@id\":\"https:\\\/\\\/www.minihorse.eu\\\/#organization\"},\"potentialAction\":[{\"@type\":\"SearchAction\",\"target\":{\"@type\":\"EntryPoint\",\"urlTemplate\":\"https:\\\/\\\/www.minihorse.eu\\\/?s={search_term_string}\"},\"query-input\":{\"@type\":\"PropertyValueSpecification\",\"valueRequired\":true,\"valueName\":\"search_term_string\"}}],\"inLanguage\":\"fr-FR\"},{\"@type\":\"Organization\",\"@id\":\"https:\\\/\\\/www.minihorse.eu\\\/#organization\",\"name\":\"Minihorse.eu\",\"url\":\"https:\\\/\\\/www.minihorse.eu\\\/\",\"logo\":{\"@type\":\"ImageObject\",\"inLanguage\":\"fr-FR\",\"@id\":\"https:\\\/\\\/www.minihorse.eu\\\/#\\\/schema\\\/logo\\\/image\\\/\",\"url\":\"https:\\\/\\\/www.minihorse.eu\\\/wp-content\\\/uploads\\\/2024\\\/08\\\/Logo-minihorse-ext.png\",\"contentUrl\":\"https:\\\/\\\/www.minihorse.eu\\\/wp-content\\\/uploads\\\/2024\\\/08\\\/Logo-minihorse-ext.png\",\"width\":500,\"height\":500,\"caption\":\"Minihorse.eu\"},\"image\":{\"@id\":\"https:\\\/\\\/www.minihorse.eu\\\/#\\\/schema\\\/logo\\\/image\\\/\"},\"sameAs\":[\"https:\\\/\\\/www.facebook.com\\\/profile.php?id=100063487117479\"]}]}<\/script>\n<!-- \/ Yoast SEO plugin. -->","yoast_head_json":{"title":"Elastiques pour crini\u00e8re caoutchouc - Minihorse.eu","description":"Les \u00e9lastiques de tressage de la crini\u00e8re permettent de tresser la crini\u00e8re et la queue du cheval. Les \u00e9lastiques sont en caoutchouc et sont pr\u00e9sent\u00e9s dans un sachet refermable de 50 grammes.","robots":{"index":"index","follow":"follow","max-snippet":"max-snippet:-1","max-image-preview":"max-image-preview:large","max-video-preview":"max-video-preview:-1"},"canonical":"https:\/\/www.minihorse.eu\/fr\/produit\/elastiques\/","og_locale":"fr_FR","og_type":"article","og_title":"Elastiques pour crini\u00e8re caoutchouc - Minihorse.eu","og_description":"Les \u00e9lastiques de tressage de la crini\u00e8re permettent de tresser la crini\u00e8re et la queue du cheval. Les \u00e9lastiques sont en caoutchouc et sont pr\u00e9sent\u00e9s dans un sachet refermable de 50 grammes.","og_url":"https:\/\/www.minihorse.eu\/fr\/produit\/elastiques\/","og_site_name":"Minihorse.eu","article_publisher":"https:\/\/www.facebook.com\/profile.php?id=100063487117479","article_modified_time":"2025-11-15T10:29:00+00:00","og_image":[{"width":857,"height":731,"url":"https:\/\/www.minihorse.eu\/wp-content\/uploads\/2024\/08\/Mane-Plaiting-Bands-white.jpg","type":"image\/jpeg"}],"twitter_card":"summary_large_image","schema":{"@context":"https:\/\/schema.org","@graph":[{"@type":"WebPage","@id":"https:\/\/www.minihorse.eu\/fr\/produit\/elastiques\/","url":"https:\/\/www.minihorse.eu\/fr\/produit\/elastiques\/","name":"Elastiques pour crini\u00e8re caoutchouc - Minihorse.eu","isPartOf":{"@id":"https:\/\/www.minihorse.eu\/#website"},"primaryImageOfPage":{"@id":"https:\/\/www.minihorse.eu\/fr\/produit\/elastiques\/#primaryimage"},"image":{"@id":"https:\/\/www.minihorse.eu\/fr\/produit\/elastiques\/#primaryimage"},"thumbnailUrl":"https:\/\/www.minihorse.eu\/wp-content\/uploads\/2024\/08\/Mane-Plaiting-Bands-white.jpg","datePublished":"2024-08-23T14:50:31+00:00","dateModified":"2025-11-15T10:29:00+00:00","description":"Les \u00e9lastiques de tressage de la crini\u00e8re permettent de tresser la crini\u00e8re et la queue du cheval. Les \u00e9lastiques sont en caoutchouc et sont pr\u00e9sent\u00e9s dans un sachet refermable de 50 grammes.","breadcrumb":{"@id":"https:\/\/www.minihorse.eu\/fr\/produit\/elastiques\/#breadcrumb"},"inLanguage":"fr-FR","potentialAction":[{"@type":"ReadAction","target":["https:\/\/www.minihorse.eu\/fr\/produit\/elastiques\/"]}]},{"@type":"ImageObject","inLanguage":"fr-FR","@id":"https:\/\/www.minihorse.eu\/fr\/produit\/elastiques\/#primaryimage","url":"https:\/\/www.minihorse.eu\/wp-content\/uploads\/2024\/08\/Mane-Plaiting-Bands-white.jpg","contentUrl":"https:\/\/www.minihorse.eu\/wp-content\/uploads\/2024\/08\/Mane-Plaiting-Bands-white.jpg","width":857,"height":731},{"@type":"BreadcrumbList","@id":"https:\/\/www.minihorse.eu\/fr\/produit\/elastiques\/#breadcrumb","itemListElement":[{"@type":"ListItem","position":1,"name":"Home","item":"https:\/\/www.minihorse.eu\/fr\/accueil\/"},{"@type":"ListItem","position":2,"name":"Boutique","item":"https:\/\/www.minihorse.eu\/fr\/boutique\/"},{"@type":"ListItem","position":3,"name":"Elastiques pour crini\u00e8re caoutchouc"}]},{"@type":"WebSite","@id":"https:\/\/www.minihorse.eu\/#website","url":"https:\/\/www.minihorse.eu\/","name":"Minihorse.eu","description":"The #1 store for Miniature Horses","publisher":{"@id":"https:\/\/www.minihorse.eu\/#organization"},"potentialAction":[{"@type":"SearchAction","target":{"@type":"EntryPoint","urlTemplate":"https:\/\/www.minihorse.eu\/?s={search_term_string}"},"query-input":{"@type":"PropertyValueSpecification","valueRequired":true,"valueName":"search_term_string"}}],"inLanguage":"fr-FR"},{"@type":"Organization","@id":"https:\/\/www.minihorse.eu\/#organization","name":"Minihorse.eu","url":"https:\/\/www.minihorse.eu\/","logo":{"@type":"ImageObject","inLanguage":"fr-FR","@id":"https:\/\/www.minihorse.eu\/#\/schema\/logo\/image\/","url":"https:\/\/www.minihorse.eu\/wp-content\/uploads\/2024\/08\/Logo-minihorse-ext.png","contentUrl":"https:\/\/www.minihorse.eu\/wp-content\/uploads\/2024\/08\/Logo-minihorse-ext.png","width":500,"height":500,"caption":"Minihorse.eu"},"image":{"@id":"https:\/\/www.minihorse.eu\/#\/schema\/logo\/image\/"},"sameAs":["https:\/\/www.facebook.com\/profile.php?id=100063487117479"]}]}},"jetpack_sharing_enabled":true,"_links":{"self":[{"href":"https:\/\/www.minihorse.eu\/fr\/wp-json\/wp\/v2\/product\/2656","targetHints":{"allow":["GET"]}}],"collection":[{"href":"https:\/\/www.minihorse.eu\/fr\/wp-json\/wp\/v2\/product"}],"about":[{"href":"https:\/\/www.minihorse.eu\/fr\/wp-json\/wp\/v2\/types\/product"}],"replies":[{"embeddable":true,"href":"https:\/\/www.minihorse.eu\/fr\/wp-json\/wp\/v2\/comments?post=2656"}],"wp:featuredmedia":[{"embeddable":true,"href":"https:\/\/www.minihorse.eu\/fr\/wp-json\/wp\/v2\/media\/12199"}],"wp:attachment":[{"href":"https:\/\/www.minihorse.eu\/fr\/wp-json\/wp\/v2\/media?parent=2656"}],"wp:term":[{"taxonomy":"product_brand","embeddable":true,"href":"https:\/\/www.minihorse.eu\/fr\/wp-json\/wp\/v2\/product_brand?post=2656"},{"taxonomy":"product_cat","embeddable":true,"href":"https:\/\/www.minihorse.eu\/fr\/wp-json\/wp\/v2\/product_cat?post=2656"},{"taxonomy":"product_tag","embeddable":true,"href":"https:\/\/www.minihorse.eu\/fr\/wp-json\/wp\/v2\/product_tag?post=2656"}],"curies":[{"name":"wp","href":"https:\/\/api.w.org\/{rel}","templated":true}]}}