{"id":2670,"date":"2024-08-13T08:05:37","date_gmt":"2024-08-13T08:05:37","guid":{"rendered":"https:\/\/horselandshop.com\/product\/couverture-en-polaire-rouge\/"},"modified":"2026-04-24T15:10:06","modified_gmt":"2026-04-24T15:10:06","slug":"couverture-en-polaire-couleur","status":"publish","type":"product","link":"https:\/\/www.minihorse.eu\/fr\/produit\/couverture-en-polaire-couleur\/","title":{"rendered":"Chemise polaire Couleur"},"content":{"rendered":"<div>Chemise polaire douce et confortable pour cheval miniature en mati\u00e8re polaire douce pour garder le cheval au chaud apr\u00e8s l&rsquo;entra\u00eenement, pendant le transport ou dans l&rsquo;\u00e9curie.<\/div>\n<div>La couverture aide \u00e0 \u00e9vacuer la sueur et l&rsquo;humidit\u00e9, permettant au cheval de s\u00e9cher plus rapidement sans se refroidir.<\/div>\n<div><\/div>\n<ul>\n<li>La ligne de dos pr\u00e9form\u00e9e anatomiquement s&rsquo;adapte bien au cheval, sans frottement ni d\u00e9calage.<\/li>\n<li>Double fermeture de poitrail avec deux boucles,<\/li>\n<li>Protection de l&rsquo;encolure contre la fourrure,<\/li>\n<li>Sursangles crois\u00e9es avec but\u00e9e en caoutchouc,<\/li>\n<li>Protection de la queue et cuissardes.<\/li>\n<\/ul>\n","protected":false},"excerpt":{"rendered":"<p>Chemise polaire douce et confortable pour cheval miniature en mati\u00e8re polaire douce pour garder le cheval au chaud apr\u00e8s l&rsquo;entra\u00eenement, pendant le transport ou dans l&rsquo;\u00e9curie.<\/p>\n","protected":false},"featured_media":10274,"comment_status":"open","ping_status":"closed","template":"","meta":[],"product_brand":[],"product_cat":[187,205,424],"product_tag":[291,736],"class_list":{"0":"post-2670","1":"product","2":"type-product","3":"status-publish","4":"has-post-thumbnail","6":"product_cat-chevaux-miniatures","7":"product_cat-couvertures","8":"product_cat-couvertures-en-polaire","9":"product_tag-couverture","10":"product_tag-couverture-polaire","12":"first","13":"instock","14":"sale","15":"taxable","16":"shipping-taxable","17":"purchasable","18":"product-type-variable","19":"has-default-attributes"},"yoast_head":"<!-- This site is optimized with the Yoast SEO plugin v27.5 - https:\/\/yoast.com\/product\/yoast-seo-wordpress\/ -->\n<title>Chemise polaire Couleur - Minihorse.eu<\/title>\n<meta name=\"robots\" content=\"index, follow, max-snippet:-1, max-image-preview:large, max-video-preview:-1\" \/>\n<link rel=\"canonical\" href=\"https:\/\/www.minihorse.eu\/fr\/produit\/couverture-en-polaire-couleur\/\" \/>\n<meta property=\"og:locale\" content=\"fr_FR\" \/>\n<meta property=\"og:type\" content=\"article\" \/>\n<meta property=\"og:title\" content=\"Chemise polaire Couleur - Minihorse.eu\" \/>\n<meta property=\"og:description\" content=\"Chemise polaire douce et confortable pour cheval miniature en mati\u00e8re polaire douce pour garder le cheval au chaud apr\u00e8s l&#039;entra\u00eenement, pendant le transport ou dans l&#039;\u00e9curie.\" \/>\n<meta property=\"og:url\" content=\"https:\/\/www.minihorse.eu\/fr\/produit\/couverture-en-polaire-couleur\/\" \/>\n<meta property=\"og:site_name\" content=\"Minihorse.eu\" \/>\n<meta property=\"article:publisher\" content=\"https:\/\/www.facebook.com\/profile.php?id=100063487117479\" \/>\n<meta property=\"article:modified_time\" content=\"2026-04-24T15:10:06+00:00\" \/>\n<meta property=\"og:image\" content=\"https:\/\/www.minihorse.eu\/wp-content\/uploads\/2024\/08\/fleece-rug-neck-darkblue-grey-ribbon-size-69.jpg\" \/>\n\t<meta property=\"og:image:width\" content=\"800\" \/>\n\t<meta property=\"og:image:height\" content=\"600\" \/>\n\t<meta property=\"og:image:type\" content=\"image\/jpeg\" \/>\n<meta name=\"twitter:card\" content=\"summary_large_image\" \/>\n<script type=\"application\/ld+json\" class=\"yoast-schema-graph\">{\"@context\":\"https:\\\/\\\/schema.org\",\"@graph\":[{\"@type\":\"WebPage\",\"@id\":\"https:\\\/\\\/www.minihorse.eu\\\/fr\\\/produit\\\/couverture-en-polaire-couleur\\\/\",\"url\":\"https:\\\/\\\/www.minihorse.eu\\\/fr\\\/produit\\\/couverture-en-polaire-couleur\\\/\",\"name\":\"Chemise polaire Couleur - Minihorse.eu\",\"isPartOf\":{\"@id\":\"https:\\\/\\\/www.minihorse.eu\\\/#website\"},\"primaryImageOfPage\":{\"@id\":\"https:\\\/\\\/www.minihorse.eu\\\/fr\\\/produit\\\/couverture-en-polaire-couleur\\\/#primaryimage\"},\"image\":{\"@id\":\"https:\\\/\\\/www.minihorse.eu\\\/fr\\\/produit\\\/couverture-en-polaire-couleur\\\/#primaryimage\"},\"thumbnailUrl\":\"https:\\\/\\\/www.minihorse.eu\\\/wp-content\\\/uploads\\\/2025\\\/06\\\/Fleece-blanket-dark-blue-orange-.jpg\",\"datePublished\":\"2024-08-13T08:05:37+00:00\",\"dateModified\":\"2026-04-24T15:10:06+00:00\",\"breadcrumb\":{\"@id\":\"https:\\\/\\\/www.minihorse.eu\\\/fr\\\/produit\\\/couverture-en-polaire-couleur\\\/#breadcrumb\"},\"inLanguage\":\"fr-FR\",\"potentialAction\":[{\"@type\":\"ReadAction\",\"target\":[\"https:\\\/\\\/www.minihorse.eu\\\/fr\\\/produit\\\/couverture-en-polaire-couleur\\\/\"]}]},{\"@type\":\"ImageObject\",\"inLanguage\":\"fr-FR\",\"@id\":\"https:\\\/\\\/www.minihorse.eu\\\/fr\\\/produit\\\/couverture-en-polaire-couleur\\\/#primaryimage\",\"url\":\"https:\\\/\\\/www.minihorse.eu\\\/wp-content\\\/uploads\\\/2025\\\/06\\\/Fleece-blanket-dark-blue-orange-.jpg\",\"contentUrl\":\"https:\\\/\\\/www.minihorse.eu\\\/wp-content\\\/uploads\\\/2025\\\/06\\\/Fleece-blanket-dark-blue-orange-.jpg\",\"width\":567,\"height\":567},{\"@type\":\"BreadcrumbList\",\"@id\":\"https:\\\/\\\/www.minihorse.eu\\\/fr\\\/produit\\\/couverture-en-polaire-couleur\\\/#breadcrumb\",\"itemListElement\":[{\"@type\":\"ListItem\",\"position\":1,\"name\":\"Home\",\"item\":\"https:\\\/\\\/www.minihorse.eu\\\/fr\\\/accueil\\\/\"},{\"@type\":\"ListItem\",\"position\":2,\"name\":\"Boutique\",\"item\":\"https:\\\/\\\/www.minihorse.eu\\\/fr\\\/boutique\\\/\"},{\"@type\":\"ListItem\",\"position\":3,\"name\":\"Chemise polaire Couleur\"}]},{\"@type\":\"WebSite\",\"@id\":\"https:\\\/\\\/www.minihorse.eu\\\/#website\",\"url\":\"https:\\\/\\\/www.minihorse.eu\\\/\",\"name\":\"Minihorse.eu\",\"description\":\"The #1 store for Miniature Horses\",\"publisher\":{\"@id\":\"https:\\\/\\\/www.minihorse.eu\\\/#organization\"},\"potentialAction\":[{\"@type\":\"SearchAction\",\"target\":{\"@type\":\"EntryPoint\",\"urlTemplate\":\"https:\\\/\\\/www.minihorse.eu\\\/?s={search_term_string}\"},\"query-input\":{\"@type\":\"PropertyValueSpecification\",\"valueRequired\":true,\"valueName\":\"search_term_string\"}}],\"inLanguage\":\"fr-FR\"},{\"@type\":\"Organization\",\"@id\":\"https:\\\/\\\/www.minihorse.eu\\\/#organization\",\"name\":\"Minihorse.eu\",\"url\":\"https:\\\/\\\/www.minihorse.eu\\\/\",\"logo\":{\"@type\":\"ImageObject\",\"inLanguage\":\"fr-FR\",\"@id\":\"https:\\\/\\\/www.minihorse.eu\\\/#\\\/schema\\\/logo\\\/image\\\/\",\"url\":\"https:\\\/\\\/www.minihorse.eu\\\/wp-content\\\/uploads\\\/2024\\\/08\\\/Logo-minihorse-ext.png\",\"contentUrl\":\"https:\\\/\\\/www.minihorse.eu\\\/wp-content\\\/uploads\\\/2024\\\/08\\\/Logo-minihorse-ext.png\",\"width\":500,\"height\":500,\"caption\":\"Minihorse.eu\"},\"image\":{\"@id\":\"https:\\\/\\\/www.minihorse.eu\\\/#\\\/schema\\\/logo\\\/image\\\/\"},\"sameAs\":[\"https:\\\/\\\/www.facebook.com\\\/profile.php?id=100063487117479\"]}]}<\/script>\n<!-- \/ Yoast SEO plugin. -->","yoast_head_json":{"title":"Chemise polaire Couleur - Minihorse.eu","robots":{"index":"index","follow":"follow","max-snippet":"max-snippet:-1","max-image-preview":"max-image-preview:large","max-video-preview":"max-video-preview:-1"},"canonical":"https:\/\/www.minihorse.eu\/fr\/produit\/couverture-en-polaire-couleur\/","og_locale":"fr_FR","og_type":"article","og_title":"Chemise polaire Couleur - Minihorse.eu","og_description":"Chemise polaire douce et confortable pour cheval miniature en mati\u00e8re polaire douce pour garder le cheval au chaud apr\u00e8s l'entra\u00eenement, pendant le transport ou dans l'\u00e9curie.","og_url":"https:\/\/www.minihorse.eu\/fr\/produit\/couverture-en-polaire-couleur\/","og_site_name":"Minihorse.eu","article_publisher":"https:\/\/www.facebook.com\/profile.php?id=100063487117479","article_modified_time":"2026-04-24T15:10:06+00:00","og_image":[{"width":800,"height":600,"url":"https:\/\/www.minihorse.eu\/wp-content\/uploads\/2024\/08\/fleece-rug-neck-darkblue-grey-ribbon-size-69.jpg","type":"image\/jpeg"}],"twitter_card":"summary_large_image","schema":{"@context":"https:\/\/schema.org","@graph":[{"@type":"WebPage","@id":"https:\/\/www.minihorse.eu\/fr\/produit\/couverture-en-polaire-couleur\/","url":"https:\/\/www.minihorse.eu\/fr\/produit\/couverture-en-polaire-couleur\/","name":"Chemise polaire Couleur - Minihorse.eu","isPartOf":{"@id":"https:\/\/www.minihorse.eu\/#website"},"primaryImageOfPage":{"@id":"https:\/\/www.minihorse.eu\/fr\/produit\/couverture-en-polaire-couleur\/#primaryimage"},"image":{"@id":"https:\/\/www.minihorse.eu\/fr\/produit\/couverture-en-polaire-couleur\/#primaryimage"},"thumbnailUrl":"https:\/\/www.minihorse.eu\/wp-content\/uploads\/2025\/06\/Fleece-blanket-dark-blue-orange-.jpg","datePublished":"2024-08-13T08:05:37+00:00","dateModified":"2026-04-24T15:10:06+00:00","breadcrumb":{"@id":"https:\/\/www.minihorse.eu\/fr\/produit\/couverture-en-polaire-couleur\/#breadcrumb"},"inLanguage":"fr-FR","potentialAction":[{"@type":"ReadAction","target":["https:\/\/www.minihorse.eu\/fr\/produit\/couverture-en-polaire-couleur\/"]}]},{"@type":"ImageObject","inLanguage":"fr-FR","@id":"https:\/\/www.minihorse.eu\/fr\/produit\/couverture-en-polaire-couleur\/#primaryimage","url":"https:\/\/www.minihorse.eu\/wp-content\/uploads\/2025\/06\/Fleece-blanket-dark-blue-orange-.jpg","contentUrl":"https:\/\/www.minihorse.eu\/wp-content\/uploads\/2025\/06\/Fleece-blanket-dark-blue-orange-.jpg","width":567,"height":567},{"@type":"BreadcrumbList","@id":"https:\/\/www.minihorse.eu\/fr\/produit\/couverture-en-polaire-couleur\/#breadcrumb","itemListElement":[{"@type":"ListItem","position":1,"name":"Home","item":"https:\/\/www.minihorse.eu\/fr\/accueil\/"},{"@type":"ListItem","position":2,"name":"Boutique","item":"https:\/\/www.minihorse.eu\/fr\/boutique\/"},{"@type":"ListItem","position":3,"name":"Chemise polaire Couleur"}]},{"@type":"WebSite","@id":"https:\/\/www.minihorse.eu\/#website","url":"https:\/\/www.minihorse.eu\/","name":"Minihorse.eu","description":"The #1 store for Miniature Horses","publisher":{"@id":"https:\/\/www.minihorse.eu\/#organization"},"potentialAction":[{"@type":"SearchAction","target":{"@type":"EntryPoint","urlTemplate":"https:\/\/www.minihorse.eu\/?s={search_term_string}"},"query-input":{"@type":"PropertyValueSpecification","valueRequired":true,"valueName":"search_term_string"}}],"inLanguage":"fr-FR"},{"@type":"Organization","@id":"https:\/\/www.minihorse.eu\/#organization","name":"Minihorse.eu","url":"https:\/\/www.minihorse.eu\/","logo":{"@type":"ImageObject","inLanguage":"fr-FR","@id":"https:\/\/www.minihorse.eu\/#\/schema\/logo\/image\/","url":"https:\/\/www.minihorse.eu\/wp-content\/uploads\/2024\/08\/Logo-minihorse-ext.png","contentUrl":"https:\/\/www.minihorse.eu\/wp-content\/uploads\/2024\/08\/Logo-minihorse-ext.png","width":500,"height":500,"caption":"Minihorse.eu"},"image":{"@id":"https:\/\/www.minihorse.eu\/#\/schema\/logo\/image\/"},"sameAs":["https:\/\/www.facebook.com\/profile.php?id=100063487117479"]}]}},"jetpack_sharing_enabled":true,"_links":{"self":[{"href":"https:\/\/www.minihorse.eu\/fr\/wp-json\/wp\/v2\/product\/2670","targetHints":{"allow":["GET"]}}],"collection":[{"href":"https:\/\/www.minihorse.eu\/fr\/wp-json\/wp\/v2\/product"}],"about":[{"href":"https:\/\/www.minihorse.eu\/fr\/wp-json\/wp\/v2\/types\/product"}],"replies":[{"embeddable":true,"href":"https:\/\/www.minihorse.eu\/fr\/wp-json\/wp\/v2\/comments?post=2670"}],"wp:featuredmedia":[{"embeddable":true,"href":"https:\/\/www.minihorse.eu\/fr\/wp-json\/wp\/v2\/media\/10274"}],"wp:attachment":[{"href":"https:\/\/www.minihorse.eu\/fr\/wp-json\/wp\/v2\/media?parent=2670"}],"wp:term":[{"taxonomy":"product_brand","embeddable":true,"href":"https:\/\/www.minihorse.eu\/fr\/wp-json\/wp\/v2\/product_brand?post=2670"},{"taxonomy":"product_cat","embeddable":true,"href":"https:\/\/www.minihorse.eu\/fr\/wp-json\/wp\/v2\/product_cat?post=2670"},{"taxonomy":"product_tag","embeddable":true,"href":"https:\/\/www.minihorse.eu\/fr\/wp-json\/wp\/v2\/product_tag?post=2670"}],"curies":[{"name":"wp","href":"https:\/\/api.w.org\/{rel}","templated":true}]}}