{"id":2922,"date":"2024-10-31T20:07:05","date_gmt":"2024-10-31T20:07:05","guid":{"rendered":"https:\/\/horselandshop.com\/product\/easy-out-detachant-et-desodorisant-sans-eau-pour-chevaux\/"},"modified":"2026-03-30T13:22:58","modified_gmt":"2026-03-30T13:22:58","slug":"easy-out-detachant-et-desodorisant-sans-eau-pour-chevaux","status":"publish","type":"product","link":"https:\/\/www.minihorse.eu\/fr\/produit\/easy-out-detachant-et-desodorisant-sans-eau-pour-chevaux\/","title":{"rendered":"Easy-Out D\u00e9tachant et D\u00e9sodorisant Sans Eau pour Chevaux"},"content":{"rendered":"<p>Easy-Out D\u00e9tachant et D\u00e9sodorisant Sans Eau est la solution id\u00e9ale pour un toilettage rapide et efficace qui fait remonter la salet\u00e9 et les odeurs \u00e0 la surface sans aucune eau. Parfait pour les emplois du temps charg\u00e9s, le toilettage hivernal ou la pr\u00e9paration aux concours, Easy-Out \u00e9limine les taches et les odeurs de fumier, boue, herbe, sueur et bien plus, laissant la robe rafra\u00eechie et propre. Sa formule avanc\u00e9e inclut un \u00e9claircissant optique qui am\u00e9liore naturellement les couleurs de la robe, de la crini\u00e8re et de la queue sans provoquer de d\u00e9coloration, en faisant le choix parfait pour les retouches de derni\u00e8re minute ou pour les chevaux sensibles aux bains traditionnels. S\u00fbr et polyvalent, Easy-Out est assez doux pour les chevaux les plus sensibles et peut \u00eatre utilis\u00e9 sur les chiens, les chats et d&rsquo;autres animaux \u00e0 fourrure. Obtenez facilement une robe propre et brillante avec Easy-Out, la solution de toilettage sans eau con\u00e7ue pour garder vos animaux \u00e0 leur meilleur tout au long de l&rsquo;ann\u00e9e. Disponible en 2 tailles : 946 ml et 236 ml.  <\/p>\n","protected":false},"excerpt":{"rendered":"<p>\u00c9liminez sans effort les taches et les odeurs tenaces des robes avec Easy-Out, la solution sans eau qui fait remonter la salet\u00e9, le fumier et bien plus \u00e0 la surface pour une finition propre. Parfaite pour le toilettage hivernal ou les retouches de derni\u00e8re minute, cette formule \u00e9claircit les robes et est suffisamment douce pour les chevaux. <\/p>\n","protected":false},"featured_media":1320,"comment_status":"open","ping_status":"closed","template":"","meta":[],"product_brand":[],"product_cat":[210,180],"product_tag":[1623,226,171],"class_list":{"0":"post-2922","1":"product","2":"type-product","3":"status-publish","4":"has-post-thumbnail","6":"product_cat-shapleys-fr","7":"product_cat-soins","8":"product_tag-shampooing-sans-eau","9":"product_tag-shapley-fr","10":"product_tag-soins","12":"first","13":"instock","14":"taxable","15":"shipping-taxable","16":"purchasable","17":"product-type-variable"},"yoast_head":"<!-- This site is optimized with the Yoast SEO plugin v27.5 - https:\/\/yoast.com\/product\/yoast-seo-wordpress\/ -->\n<title>Easy-Out D\u00e9tachant et D\u00e9sodorisant Sans Eau pour Chevaux - Minihorse.eu<\/title>\n<meta name=\"robots\" content=\"index, follow, max-snippet:-1, max-image-preview:large, max-video-preview:-1\" \/>\n<link rel=\"canonical\" href=\"https:\/\/www.minihorse.eu\/fr\/produit\/easy-out-detachant-et-desodorisant-sans-eau-pour-chevaux\/\" \/>\n<meta property=\"og:locale\" content=\"fr_FR\" \/>\n<meta property=\"og:type\" content=\"article\" \/>\n<meta property=\"og:title\" content=\"Easy-Out D\u00e9tachant et D\u00e9sodorisant Sans Eau pour Chevaux - Minihorse.eu\" \/>\n<meta property=\"og:description\" content=\"\u00c9liminez sans effort les taches et les odeurs tenaces des robes avec Easy-Out, la solution sans eau qui fait remonter la salet\u00e9, le fumier et bien plus \u00e0 la surface pour une finition propre. Parfaite pour le toilettage hivernal ou les retouches de derni\u00e8re minute, cette formule \u00e9claircit les robes et est suffisamment douce pour les chevaux.\" \/>\n<meta property=\"og:url\" content=\"https:\/\/www.minihorse.eu\/fr\/produit\/easy-out-detachant-et-desodorisant-sans-eau-pour-chevaux\/\" \/>\n<meta property=\"og:site_name\" content=\"Minihorse.eu\" \/>\n<meta property=\"article:publisher\" content=\"https:\/\/www.facebook.com\/profile.php?id=100063487117479\" \/>\n<meta property=\"article:modified_time\" content=\"2026-03-30T13:22:58+00:00\" \/>\n<meta property=\"og:image\" content=\"https:\/\/www.minihorse.eu\/wp-content\/uploads\/2024\/10\/Easy-Out-32-oz1.jpg\" \/>\n\t<meta property=\"og:image:width\" content=\"600\" \/>\n\t<meta property=\"og:image:height\" content=\"800\" \/>\n\t<meta property=\"og:image:type\" content=\"image\/jpeg\" \/>\n<meta name=\"twitter:card\" content=\"summary_large_image\" \/>\n<meta name=\"twitter:label1\" content=\"Dur\u00e9e de lecture estim\u00e9e\" \/>\n\t<meta name=\"twitter:data1\" content=\"1 minute\" \/>\n<script type=\"application\/ld+json\" class=\"yoast-schema-graph\">{\"@context\":\"https:\\\/\\\/schema.org\",\"@graph\":[{\"@type\":\"WebPage\",\"@id\":\"https:\\\/\\\/www.minihorse.eu\\\/fr\\\/produit\\\/easy-out-detachant-et-desodorisant-sans-eau-pour-chevaux\\\/\",\"url\":\"https:\\\/\\\/www.minihorse.eu\\\/fr\\\/produit\\\/easy-out-detachant-et-desodorisant-sans-eau-pour-chevaux\\\/\",\"name\":\"Easy-Out D\u00e9tachant et D\u00e9sodorisant Sans Eau pour Chevaux - Minihorse.eu\",\"isPartOf\":{\"@id\":\"https:\\\/\\\/www.minihorse.eu\\\/#website\"},\"primaryImageOfPage\":{\"@id\":\"https:\\\/\\\/www.minihorse.eu\\\/fr\\\/produit\\\/easy-out-detachant-et-desodorisant-sans-eau-pour-chevaux\\\/#primaryimage\"},\"image\":{\"@id\":\"https:\\\/\\\/www.minihorse.eu\\\/fr\\\/produit\\\/easy-out-detachant-et-desodorisant-sans-eau-pour-chevaux\\\/#primaryimage\"},\"thumbnailUrl\":\"https:\\\/\\\/www.minihorse.eu\\\/wp-content\\\/uploads\\\/2024\\\/10\\\/Easy-Out-32-oz1.jpg\",\"datePublished\":\"2024-10-31T20:07:05+00:00\",\"dateModified\":\"2026-03-30T13:22:58+00:00\",\"breadcrumb\":{\"@id\":\"https:\\\/\\\/www.minihorse.eu\\\/fr\\\/produit\\\/easy-out-detachant-et-desodorisant-sans-eau-pour-chevaux\\\/#breadcrumb\"},\"inLanguage\":\"fr-FR\",\"potentialAction\":[{\"@type\":\"ReadAction\",\"target\":[\"https:\\\/\\\/www.minihorse.eu\\\/fr\\\/produit\\\/easy-out-detachant-et-desodorisant-sans-eau-pour-chevaux\\\/\"]}]},{\"@type\":\"ImageObject\",\"inLanguage\":\"fr-FR\",\"@id\":\"https:\\\/\\\/www.minihorse.eu\\\/fr\\\/produit\\\/easy-out-detachant-et-desodorisant-sans-eau-pour-chevaux\\\/#primaryimage\",\"url\":\"https:\\\/\\\/www.minihorse.eu\\\/wp-content\\\/uploads\\\/2024\\\/10\\\/Easy-Out-32-oz1.jpg\",\"contentUrl\":\"https:\\\/\\\/www.minihorse.eu\\\/wp-content\\\/uploads\\\/2024\\\/10\\\/Easy-Out-32-oz1.jpg\",\"width\":600,\"height\":800,\"caption\":\"\u00c9limination des taches et des odeurs sans effort \u2013 sans eau. Easy-Out garde les robes brillantes, propres et pr\u00eates pour la comp\u00e9tition.\"},{\"@type\":\"BreadcrumbList\",\"@id\":\"https:\\\/\\\/www.minihorse.eu\\\/fr\\\/produit\\\/easy-out-detachant-et-desodorisant-sans-eau-pour-chevaux\\\/#breadcrumb\",\"itemListElement\":[{\"@type\":\"ListItem\",\"position\":1,\"name\":\"Home\",\"item\":\"https:\\\/\\\/www.minihorse.eu\\\/fr\\\/accueil\\\/\"},{\"@type\":\"ListItem\",\"position\":2,\"name\":\"Boutique\",\"item\":\"https:\\\/\\\/www.minihorse.eu\\\/fr\\\/boutique\\\/\"},{\"@type\":\"ListItem\",\"position\":3,\"name\":\"Easy-Out D\u00e9tachant et D\u00e9sodorisant Sans Eau pour Chevaux\"}]},{\"@type\":\"WebSite\",\"@id\":\"https:\\\/\\\/www.minihorse.eu\\\/#website\",\"url\":\"https:\\\/\\\/www.minihorse.eu\\\/\",\"name\":\"Minihorse.eu\",\"description\":\"The #1 store for Miniature Horses\",\"publisher\":{\"@id\":\"https:\\\/\\\/www.minihorse.eu\\\/#organization\"},\"potentialAction\":[{\"@type\":\"SearchAction\",\"target\":{\"@type\":\"EntryPoint\",\"urlTemplate\":\"https:\\\/\\\/www.minihorse.eu\\\/?s={search_term_string}\"},\"query-input\":{\"@type\":\"PropertyValueSpecification\",\"valueRequired\":true,\"valueName\":\"search_term_string\"}}],\"inLanguage\":\"fr-FR\"},{\"@type\":\"Organization\",\"@id\":\"https:\\\/\\\/www.minihorse.eu\\\/#organization\",\"name\":\"Minihorse.eu\",\"url\":\"https:\\\/\\\/www.minihorse.eu\\\/\",\"logo\":{\"@type\":\"ImageObject\",\"inLanguage\":\"fr-FR\",\"@id\":\"https:\\\/\\\/www.minihorse.eu\\\/#\\\/schema\\\/logo\\\/image\\\/\",\"url\":\"https:\\\/\\\/www.minihorse.eu\\\/wp-content\\\/uploads\\\/2024\\\/08\\\/Logo-minihorse-ext.png\",\"contentUrl\":\"https:\\\/\\\/www.minihorse.eu\\\/wp-content\\\/uploads\\\/2024\\\/08\\\/Logo-minihorse-ext.png\",\"width\":500,\"height\":500,\"caption\":\"Minihorse.eu\"},\"image\":{\"@id\":\"https:\\\/\\\/www.minihorse.eu\\\/#\\\/schema\\\/logo\\\/image\\\/\"},\"sameAs\":[\"https:\\\/\\\/www.facebook.com\\\/profile.php?id=100063487117479\"]}]}<\/script>\n<!-- \/ Yoast SEO plugin. -->","yoast_head_json":{"title":"Easy-Out D\u00e9tachant et D\u00e9sodorisant Sans Eau pour Chevaux - Minihorse.eu","robots":{"index":"index","follow":"follow","max-snippet":"max-snippet:-1","max-image-preview":"max-image-preview:large","max-video-preview":"max-video-preview:-1"},"canonical":"https:\/\/www.minihorse.eu\/fr\/produit\/easy-out-detachant-et-desodorisant-sans-eau-pour-chevaux\/","og_locale":"fr_FR","og_type":"article","og_title":"Easy-Out D\u00e9tachant et D\u00e9sodorisant Sans Eau pour Chevaux - Minihorse.eu","og_description":"\u00c9liminez sans effort les taches et les odeurs tenaces des robes avec Easy-Out, la solution sans eau qui fait remonter la salet\u00e9, le fumier et bien plus \u00e0 la surface pour une finition propre. Parfaite pour le toilettage hivernal ou les retouches de derni\u00e8re minute, cette formule \u00e9claircit les robes et est suffisamment douce pour les chevaux.","og_url":"https:\/\/www.minihorse.eu\/fr\/produit\/easy-out-detachant-et-desodorisant-sans-eau-pour-chevaux\/","og_site_name":"Minihorse.eu","article_publisher":"https:\/\/www.facebook.com\/profile.php?id=100063487117479","article_modified_time":"2026-03-30T13:22:58+00:00","og_image":[{"width":600,"height":800,"url":"https:\/\/www.minihorse.eu\/wp-content\/uploads\/2024\/10\/Easy-Out-32-oz1.jpg","type":"image\/jpeg"}],"twitter_card":"summary_large_image","twitter_misc":{"Dur\u00e9e de lecture estim\u00e9e":"1 minute"},"schema":{"@context":"https:\/\/schema.org","@graph":[{"@type":"WebPage","@id":"https:\/\/www.minihorse.eu\/fr\/produit\/easy-out-detachant-et-desodorisant-sans-eau-pour-chevaux\/","url":"https:\/\/www.minihorse.eu\/fr\/produit\/easy-out-detachant-et-desodorisant-sans-eau-pour-chevaux\/","name":"Easy-Out D\u00e9tachant et D\u00e9sodorisant Sans Eau pour Chevaux - Minihorse.eu","isPartOf":{"@id":"https:\/\/www.minihorse.eu\/#website"},"primaryImageOfPage":{"@id":"https:\/\/www.minihorse.eu\/fr\/produit\/easy-out-detachant-et-desodorisant-sans-eau-pour-chevaux\/#primaryimage"},"image":{"@id":"https:\/\/www.minihorse.eu\/fr\/produit\/easy-out-detachant-et-desodorisant-sans-eau-pour-chevaux\/#primaryimage"},"thumbnailUrl":"https:\/\/www.minihorse.eu\/wp-content\/uploads\/2024\/10\/Easy-Out-32-oz1.jpg","datePublished":"2024-10-31T20:07:05+00:00","dateModified":"2026-03-30T13:22:58+00:00","breadcrumb":{"@id":"https:\/\/www.minihorse.eu\/fr\/produit\/easy-out-detachant-et-desodorisant-sans-eau-pour-chevaux\/#breadcrumb"},"inLanguage":"fr-FR","potentialAction":[{"@type":"ReadAction","target":["https:\/\/www.minihorse.eu\/fr\/produit\/easy-out-detachant-et-desodorisant-sans-eau-pour-chevaux\/"]}]},{"@type":"ImageObject","inLanguage":"fr-FR","@id":"https:\/\/www.minihorse.eu\/fr\/produit\/easy-out-detachant-et-desodorisant-sans-eau-pour-chevaux\/#primaryimage","url":"https:\/\/www.minihorse.eu\/wp-content\/uploads\/2024\/10\/Easy-Out-32-oz1.jpg","contentUrl":"https:\/\/www.minihorse.eu\/wp-content\/uploads\/2024\/10\/Easy-Out-32-oz1.jpg","width":600,"height":800,"caption":"\u00c9limination des taches et des odeurs sans effort \u2013 sans eau. Easy-Out garde les robes brillantes, propres et pr\u00eates pour la comp\u00e9tition."},{"@type":"BreadcrumbList","@id":"https:\/\/www.minihorse.eu\/fr\/produit\/easy-out-detachant-et-desodorisant-sans-eau-pour-chevaux\/#breadcrumb","itemListElement":[{"@type":"ListItem","position":1,"name":"Home","item":"https:\/\/www.minihorse.eu\/fr\/accueil\/"},{"@type":"ListItem","position":2,"name":"Boutique","item":"https:\/\/www.minihorse.eu\/fr\/boutique\/"},{"@type":"ListItem","position":3,"name":"Easy-Out D\u00e9tachant et D\u00e9sodorisant Sans Eau pour Chevaux"}]},{"@type":"WebSite","@id":"https:\/\/www.minihorse.eu\/#website","url":"https:\/\/www.minihorse.eu\/","name":"Minihorse.eu","description":"The #1 store for Miniature Horses","publisher":{"@id":"https:\/\/www.minihorse.eu\/#organization"},"potentialAction":[{"@type":"SearchAction","target":{"@type":"EntryPoint","urlTemplate":"https:\/\/www.minihorse.eu\/?s={search_term_string}"},"query-input":{"@type":"PropertyValueSpecification","valueRequired":true,"valueName":"search_term_string"}}],"inLanguage":"fr-FR"},{"@type":"Organization","@id":"https:\/\/www.minihorse.eu\/#organization","name":"Minihorse.eu","url":"https:\/\/www.minihorse.eu\/","logo":{"@type":"ImageObject","inLanguage":"fr-FR","@id":"https:\/\/www.minihorse.eu\/#\/schema\/logo\/image\/","url":"https:\/\/www.minihorse.eu\/wp-content\/uploads\/2024\/08\/Logo-minihorse-ext.png","contentUrl":"https:\/\/www.minihorse.eu\/wp-content\/uploads\/2024\/08\/Logo-minihorse-ext.png","width":500,"height":500,"caption":"Minihorse.eu"},"image":{"@id":"https:\/\/www.minihorse.eu\/#\/schema\/logo\/image\/"},"sameAs":["https:\/\/www.facebook.com\/profile.php?id=100063487117479"]}]}},"jetpack_sharing_enabled":true,"_links":{"self":[{"href":"https:\/\/www.minihorse.eu\/fr\/wp-json\/wp\/v2\/product\/2922","targetHints":{"allow":["GET"]}}],"collection":[{"href":"https:\/\/www.minihorse.eu\/fr\/wp-json\/wp\/v2\/product"}],"about":[{"href":"https:\/\/www.minihorse.eu\/fr\/wp-json\/wp\/v2\/types\/product"}],"replies":[{"embeddable":true,"href":"https:\/\/www.minihorse.eu\/fr\/wp-json\/wp\/v2\/comments?post=2922"}],"wp:featuredmedia":[{"embeddable":true,"href":"https:\/\/www.minihorse.eu\/fr\/wp-json\/wp\/v2\/media\/1320"}],"wp:attachment":[{"href":"https:\/\/www.minihorse.eu\/fr\/wp-json\/wp\/v2\/media?parent=2922"}],"wp:term":[{"taxonomy":"product_brand","embeddable":true,"href":"https:\/\/www.minihorse.eu\/fr\/wp-json\/wp\/v2\/product_brand?post=2922"},{"taxonomy":"product_cat","embeddable":true,"href":"https:\/\/www.minihorse.eu\/fr\/wp-json\/wp\/v2\/product_cat?post=2922"},{"taxonomy":"product_tag","embeddable":true,"href":"https:\/\/www.minihorse.eu\/fr\/wp-json\/wp\/v2\/product_tag?post=2922"}],"curies":[{"name":"wp","href":"https:\/\/api.w.org\/{rel}","templated":true}]}}