{"id":2928,"date":"2024-10-16T10:30:24","date_gmt":"2024-10-16T10:30:24","guid":{"rendered":"https:\/\/horselandshop.com\/product\/fermetures-de-couverture\/"},"modified":"2024-10-16T10:30:24","modified_gmt":"2024-10-16T10:30:24","slug":"fermetures-de-couverture","status":"publish","type":"product","link":"https:\/\/www.minihorse.eu\/fr\/produit\/fermetures-de-couverture\/","title":{"rendered":"Fermetures de Couverture"},"content":{"rendered":"<p>Nos <strong>Fermetures de Couverture<\/strong> sont la solution id\u00e9ale pour remplacer ou s\u00e9curiser les sangles ventrales et les fermetures poitrail de la couverture de votre cheval. Ces <strong>fermetures \u00e0 raccords<\/strong> mobiles sont con\u00e7ues pour une fixation facile et une grande durabilit\u00e9, garantissant que la couverture reste bien en place. Parfaites pour une utilisation avec les sangles ventrales et les fermetures poitrail, elles sont <strong>fournies sans anneau en caoutchouc<\/strong>, vous offrant la possibilit\u00e9 de personnaliser avec l\u2019anneau de votre choix ou de les utiliser telles quelles pour un maintien fiable.  <\/p>\n<p><strong>Caract\u00e9ristiques principales :<\/strong><\/p>\n<ul>\n<li><strong>Fermetures \u00e0 raccords mobiles<\/strong> pour les sangles ventrales et les fermetures poitrail des couvertures pour chevaux.<\/li>\n<li><strong>Fournies sans anneau en caoutchouc<\/strong>, permettant une utilisation personnalis\u00e9e ou directe.<\/li>\n<li>Durables et faciles \u00e0 fixer, elles offrent un maintien fiable pour la couverture de votre cheval.<\/li>\n<\/ul>\n<p>Gardez la couverture de votre cheval miniature bien fix\u00e9e gr\u00e2ce \u00e0 ces fermetures de couverture de haute qualit\u00e9, con\u00e7ues pour allier praticit\u00e9 et durabilit\u00e9.<\/p>\n","protected":false},"excerpt":{"rendered":"<p>Fixez la couverture de votre cheval avec nos <strong>Fermetures de Couverture,<\/strong> con\u00e7ues pour les sangles ventrales et les fermetures poitrail. <strong>Ces fermetures \u00e0 raccords <\/strong>mobiles sont fournies sans anneau en<strong> caoutchouc pour<\/strong> un maintien personnalisable. Durables et faciles \u00e0 fixer !  <\/p>\n","protected":false},"featured_media":1180,"comment_status":"open","ping_status":"closed","template":"","meta":[],"product_brand":[],"product_cat":[219,187],"product_tag":[],"class_list":{"0":"post-2928","1":"product","2":"type-product","3":"status-publish","4":"has-post-thumbnail","6":"product_cat-accessoires-pour-tapis","7":"product_cat-chevaux-miniatures","9":"first","10":"instock","11":"taxable","12":"shipping-taxable","13":"purchasable","14":"product-type-simple"},"yoast_head":"<!-- This site is optimized with the Yoast SEO plugin v27.5 - https:\/\/yoast.com\/product\/yoast-seo-wordpress\/ -->\n<title>Fermetures de Couverture - Minihorse.eu<\/title>\n<meta name=\"robots\" content=\"index, follow, max-snippet:-1, max-image-preview:large, max-video-preview:-1\" \/>\n<link rel=\"canonical\" href=\"https:\/\/www.minihorse.eu\/produit\/blanket-closures\/\" \/>\n<meta property=\"og:locale\" content=\"fr_FR\" \/>\n<meta property=\"og:type\" content=\"article\" \/>\n<meta property=\"og:title\" content=\"Fermetures de Couverture - Minihorse.eu\" \/>\n<meta property=\"og:description\" content=\"Fixez la couverture de votre cheval avec nos Fermetures de Couverture, con\u00e7ues pour les sangles ventrales et les fermetures poitrail. Ces fermetures \u00e0 raccords mobiles sont fournies sans anneau en caoutchouc pour un maintien personnalisable. Durables et faciles \u00e0 fixer !\" \/>\n<meta property=\"og:url\" content=\"https:\/\/www.minihorse.eu\/produit\/blanket-closures\/\" \/>\n<meta property=\"og:site_name\" content=\"Minihorse.eu\" \/>\n<meta property=\"article:publisher\" content=\"https:\/\/www.facebook.com\/profile.php?id=100063487117479\" \/>\n<meta property=\"og:image\" content=\"https:\/\/www.minihorse.eu\/wp-content\/uploads\/2024\/10\/Blanket-Closures.png\" \/>\n\t<meta property=\"og:image:width\" content=\"329\" \/>\n\t<meta property=\"og:image:height\" content=\"318\" \/>\n\t<meta property=\"og:image:type\" content=\"image\/png\" \/>\n<meta name=\"twitter:card\" content=\"summary_large_image\" \/>\n<meta name=\"twitter:label1\" content=\"Dur\u00e9e de lecture estim\u00e9e\" \/>\n\t<meta name=\"twitter:data1\" content=\"1 minute\" \/>\n<script type=\"application\/ld+json\" class=\"yoast-schema-graph\">{\"@context\":\"https:\\\/\\\/schema.org\",\"@graph\":[{\"@type\":\"WebPage\",\"@id\":\"https:\\\/\\\/www.minihorse.eu\\\/produit\\\/blanket-closures\\\/\",\"url\":\"https:\\\/\\\/www.minihorse.eu\\\/produit\\\/blanket-closures\\\/\",\"name\":\"Fermetures de Couverture - Minihorse.eu\",\"isPartOf\":{\"@id\":\"https:\\\/\\\/www.minihorse.eu\\\/#website\"},\"primaryImageOfPage\":{\"@id\":\"https:\\\/\\\/www.minihorse.eu\\\/produit\\\/blanket-closures\\\/#primaryimage\"},\"image\":{\"@id\":\"https:\\\/\\\/www.minihorse.eu\\\/produit\\\/blanket-closures\\\/#primaryimage\"},\"thumbnailUrl\":\"https:\\\/\\\/www.minihorse.eu\\\/wp-content\\\/uploads\\\/2024\\\/10\\\/Blanket-Closures.png\",\"datePublished\":\"2024-10-16T10:30:24+00:00\",\"breadcrumb\":{\"@id\":\"https:\\\/\\\/www.minihorse.eu\\\/produit\\\/blanket-closures\\\/#breadcrumb\"},\"inLanguage\":\"fr-FR\",\"potentialAction\":[{\"@type\":\"ReadAction\",\"target\":[\"https:\\\/\\\/www.minihorse.eu\\\/produit\\\/blanket-closures\\\/\"]}]},{\"@type\":\"ImageObject\",\"inLanguage\":\"fr-FR\",\"@id\":\"https:\\\/\\\/www.minihorse.eu\\\/produit\\\/blanket-closures\\\/#primaryimage\",\"url\":\"https:\\\/\\\/www.minihorse.eu\\\/wp-content\\\/uploads\\\/2024\\\/10\\\/Blanket-Closures.png\",\"contentUrl\":\"https:\\\/\\\/www.minihorse.eu\\\/wp-content\\\/uploads\\\/2024\\\/10\\\/Blanket-Closures.png\",\"width\":329,\"height\":318,\"caption\":\"Pi\u00e8ce de Fermeture de Couverture pour chevaux miniatures. Taille standard.\"},{\"@type\":\"BreadcrumbList\",\"@id\":\"https:\\\/\\\/www.minihorse.eu\\\/produit\\\/blanket-closures\\\/#breadcrumb\",\"itemListElement\":[{\"@type\":\"ListItem\",\"position\":1,\"name\":\"Home\",\"item\":\"https:\\\/\\\/www.minihorse.eu\\\/fr\\\/accueil\\\/\"},{\"@type\":\"ListItem\",\"position\":2,\"name\":\"Boutique\",\"item\":\"https:\\\/\\\/www.minihorse.eu\\\/fr\\\/boutique\\\/\"},{\"@type\":\"ListItem\",\"position\":3,\"name\":\"Fermetures de Couverture\"}]},{\"@type\":\"WebSite\",\"@id\":\"https:\\\/\\\/www.minihorse.eu\\\/#website\",\"url\":\"https:\\\/\\\/www.minihorse.eu\\\/\",\"name\":\"Minihorse.eu\",\"description\":\"The #1 store for Miniature Horses\",\"publisher\":{\"@id\":\"https:\\\/\\\/www.minihorse.eu\\\/#organization\"},\"potentialAction\":[{\"@type\":\"SearchAction\",\"target\":{\"@type\":\"EntryPoint\",\"urlTemplate\":\"https:\\\/\\\/www.minihorse.eu\\\/?s={search_term_string}\"},\"query-input\":{\"@type\":\"PropertyValueSpecification\",\"valueRequired\":true,\"valueName\":\"search_term_string\"}}],\"inLanguage\":\"fr-FR\"},{\"@type\":\"Organization\",\"@id\":\"https:\\\/\\\/www.minihorse.eu\\\/#organization\",\"name\":\"Minihorse.eu\",\"url\":\"https:\\\/\\\/www.minihorse.eu\\\/\",\"logo\":{\"@type\":\"ImageObject\",\"inLanguage\":\"fr-FR\",\"@id\":\"https:\\\/\\\/www.minihorse.eu\\\/#\\\/schema\\\/logo\\\/image\\\/\",\"url\":\"https:\\\/\\\/www.minihorse.eu\\\/wp-content\\\/uploads\\\/2024\\\/08\\\/Logo-minihorse-ext.png\",\"contentUrl\":\"https:\\\/\\\/www.minihorse.eu\\\/wp-content\\\/uploads\\\/2024\\\/08\\\/Logo-minihorse-ext.png\",\"width\":500,\"height\":500,\"caption\":\"Minihorse.eu\"},\"image\":{\"@id\":\"https:\\\/\\\/www.minihorse.eu\\\/#\\\/schema\\\/logo\\\/image\\\/\"},\"sameAs\":[\"https:\\\/\\\/www.facebook.com\\\/profile.php?id=100063487117479\"]}]}<\/script>\n<!-- \/ Yoast SEO plugin. -->","yoast_head_json":{"title":"Fermetures de Couverture - Minihorse.eu","robots":{"index":"index","follow":"follow","max-snippet":"max-snippet:-1","max-image-preview":"max-image-preview:large","max-video-preview":"max-video-preview:-1"},"canonical":"https:\/\/www.minihorse.eu\/produit\/blanket-closures\/","og_locale":"fr_FR","og_type":"article","og_title":"Fermetures de Couverture - Minihorse.eu","og_description":"Fixez la couverture de votre cheval avec nos Fermetures de Couverture, con\u00e7ues pour les sangles ventrales et les fermetures poitrail. Ces fermetures \u00e0 raccords mobiles sont fournies sans anneau en caoutchouc pour un maintien personnalisable. Durables et faciles \u00e0 fixer !","og_url":"https:\/\/www.minihorse.eu\/produit\/blanket-closures\/","og_site_name":"Minihorse.eu","article_publisher":"https:\/\/www.facebook.com\/profile.php?id=100063487117479","og_image":[{"width":329,"height":318,"url":"https:\/\/www.minihorse.eu\/wp-content\/uploads\/2024\/10\/Blanket-Closures.png","type":"image\/png"}],"twitter_card":"summary_large_image","twitter_misc":{"Dur\u00e9e de lecture estim\u00e9e":"1 minute"},"schema":{"@context":"https:\/\/schema.org","@graph":[{"@type":"WebPage","@id":"https:\/\/www.minihorse.eu\/produit\/blanket-closures\/","url":"https:\/\/www.minihorse.eu\/produit\/blanket-closures\/","name":"Fermetures de Couverture - Minihorse.eu","isPartOf":{"@id":"https:\/\/www.minihorse.eu\/#website"},"primaryImageOfPage":{"@id":"https:\/\/www.minihorse.eu\/produit\/blanket-closures\/#primaryimage"},"image":{"@id":"https:\/\/www.minihorse.eu\/produit\/blanket-closures\/#primaryimage"},"thumbnailUrl":"https:\/\/www.minihorse.eu\/wp-content\/uploads\/2024\/10\/Blanket-Closures.png","datePublished":"2024-10-16T10:30:24+00:00","breadcrumb":{"@id":"https:\/\/www.minihorse.eu\/produit\/blanket-closures\/#breadcrumb"},"inLanguage":"fr-FR","potentialAction":[{"@type":"ReadAction","target":["https:\/\/www.minihorse.eu\/produit\/blanket-closures\/"]}]},{"@type":"ImageObject","inLanguage":"fr-FR","@id":"https:\/\/www.minihorse.eu\/produit\/blanket-closures\/#primaryimage","url":"https:\/\/www.minihorse.eu\/wp-content\/uploads\/2024\/10\/Blanket-Closures.png","contentUrl":"https:\/\/www.minihorse.eu\/wp-content\/uploads\/2024\/10\/Blanket-Closures.png","width":329,"height":318,"caption":"Pi\u00e8ce de Fermeture de Couverture pour chevaux miniatures. Taille standard."},{"@type":"BreadcrumbList","@id":"https:\/\/www.minihorse.eu\/produit\/blanket-closures\/#breadcrumb","itemListElement":[{"@type":"ListItem","position":1,"name":"Home","item":"https:\/\/www.minihorse.eu\/fr\/accueil\/"},{"@type":"ListItem","position":2,"name":"Boutique","item":"https:\/\/www.minihorse.eu\/fr\/boutique\/"},{"@type":"ListItem","position":3,"name":"Fermetures de Couverture"}]},{"@type":"WebSite","@id":"https:\/\/www.minihorse.eu\/#website","url":"https:\/\/www.minihorse.eu\/","name":"Minihorse.eu","description":"The #1 store for Miniature Horses","publisher":{"@id":"https:\/\/www.minihorse.eu\/#organization"},"potentialAction":[{"@type":"SearchAction","target":{"@type":"EntryPoint","urlTemplate":"https:\/\/www.minihorse.eu\/?s={search_term_string}"},"query-input":{"@type":"PropertyValueSpecification","valueRequired":true,"valueName":"search_term_string"}}],"inLanguage":"fr-FR"},{"@type":"Organization","@id":"https:\/\/www.minihorse.eu\/#organization","name":"Minihorse.eu","url":"https:\/\/www.minihorse.eu\/","logo":{"@type":"ImageObject","inLanguage":"fr-FR","@id":"https:\/\/www.minihorse.eu\/#\/schema\/logo\/image\/","url":"https:\/\/www.minihorse.eu\/wp-content\/uploads\/2024\/08\/Logo-minihorse-ext.png","contentUrl":"https:\/\/www.minihorse.eu\/wp-content\/uploads\/2024\/08\/Logo-minihorse-ext.png","width":500,"height":500,"caption":"Minihorse.eu"},"image":{"@id":"https:\/\/www.minihorse.eu\/#\/schema\/logo\/image\/"},"sameAs":["https:\/\/www.facebook.com\/profile.php?id=100063487117479"]}]}},"jetpack_sharing_enabled":true,"_links":{"self":[{"href":"https:\/\/www.minihorse.eu\/fr\/wp-json\/wp\/v2\/product\/2928","targetHints":{"allow":["GET"]}}],"collection":[{"href":"https:\/\/www.minihorse.eu\/fr\/wp-json\/wp\/v2\/product"}],"about":[{"href":"https:\/\/www.minihorse.eu\/fr\/wp-json\/wp\/v2\/types\/product"}],"replies":[{"embeddable":true,"href":"https:\/\/www.minihorse.eu\/fr\/wp-json\/wp\/v2\/comments?post=2928"}],"wp:featuredmedia":[{"embeddable":true,"href":"https:\/\/www.minihorse.eu\/fr\/wp-json\/wp\/v2\/media\/1180"}],"wp:attachment":[{"href":"https:\/\/www.minihorse.eu\/fr\/wp-json\/wp\/v2\/media?parent=2928"}],"wp:term":[{"taxonomy":"product_brand","embeddable":true,"href":"https:\/\/www.minihorse.eu\/fr\/wp-json\/wp\/v2\/product_brand?post=2928"},{"taxonomy":"product_cat","embeddable":true,"href":"https:\/\/www.minihorse.eu\/fr\/wp-json\/wp\/v2\/product_cat?post=2928"},{"taxonomy":"product_tag","embeddable":true,"href":"https:\/\/www.minihorse.eu\/fr\/wp-json\/wp\/v2\/product_tag?post=2928"}],"curies":[{"name":"wp","href":"https:\/\/api.w.org\/{rel}","templated":true}]}}