{"id":2929,"date":"2024-08-23T11:53:15","date_gmt":"2024-08-23T11:53:15","guid":{"rendered":"https:\/\/horselandshop.com\/product\/shampoing-double-k-white-alpha\/"},"modified":"2024-08-23T11:53:15","modified_gmt":"2024-08-23T11:53:15","slug":"shampoing-double-k-white-alpha","status":"publish","type":"product","link":"https:\/\/www.minihorse.eu\/fr\/produit\/shampoing-double-k-white-alpha\/","title":{"rendered":"Shampoing DOUBLE K WHITE ALPHA"},"content":{"rendered":"<p><strong>Shampoing Double K Alpha White pour Chiens \u2013 Blanchiment Sup\u00e9rieur et Nettoyage en Profondeur pour un Pelage \u00c9clatant<\/strong><\/p>\n<p>Obtenez des r\u00e9sultats dignes d\u2019un concours avec le <strong>Shampoing Double K Alpha White,<\/strong> la solution ultime pour un nettoyage en profondeur et l\u2019illumination des pelages blancs ou des marques sur vos chevaux miniatures.<br \/>Ce shampoing haut de gamme de la c\u00e9l\u00e8bre gamme Double K est reconnu pour ses puissantes capacit\u00e9s nettoyantes et son excellent rapport qualit\u00e9-prix gr\u00e2ce \u00e0 ses taux de dilution \u00e9lev\u00e9s. Con\u00e7u pour un nettoyage en profondeur, complet mais doux, le <strong>Shampoing Alpha White <\/strong>\u00e9limine efficacement les taches tenaces et le jaunissement, laissant le pelage de votre animal brillant, \u00e9clatant et sans odeurs d\u00e9sagr\u00e9ables.<br \/>Enrichie en humectants et en \u00e9mollients, sa formule conditionne \u00e0 la fois le poil et la peau, garantissant des r\u00e9sultats durables qui maintiennent votre animal beau et en pleine forme bien apr\u00e8s son utilisation.<br \/>Cette formule concentr\u00e9e peut \u00eatre dilu\u00e9e jusqu\u2019\u00e0 un ratio impressionnant de 32:1, ce qui en fait une option \u00e9conomique et efficace. Id\u00e9al pour une utilisation r\u00e9guli\u00e8re, le <strong>Shampoing Alpha White<\/strong> offre des r\u00e9sultats constants et magnifiques \u00e0 chaque application.<br \/>Que ce soit pour pr\u00e9parer un concours ou pour assurer une propret\u00e9 quotidienne, ce shampoing est parfait pour les chevaux miniatures ainsi que pour d\u2019autres animaux de compagnie et de ferme. <\/p>\n<p><strong>Caract\u00e9ristiques principales :<\/strong><\/p>\n<ul>\n<li><strong>Pouvoir Nettoyant Exceptionnel : <\/strong>\u00c9limine les taches tenaces et le jaunissement des pelages blancs et des marques.<\/li>\n<li><strong>\u00c9conomique : <\/strong>Se dilue \u00e0 un ratio de 32:1, offrant un excellent rapport qualit\u00e9-prix.<\/li>\n<li><strong>R\u00e9sultats Durables : <\/strong>Maintient le pelage de votre cheval brillant, doux et sans odeur bien apr\u00e8s l\u2019utilisation.<\/li>\n<li><strong>Doux pour la Peau :<\/strong> Enrichi en humectants et en \u00e9mollients pour nourrir et conditionner.<\/li>\n<li><strong>Polyvalent : <\/strong>Convient aux chevaux et \u00e0 d\u2019autres animaux.<\/li>\n<\/ul>\n<p><strong>Contenance : <\/strong>473 ml<\/p>\n","protected":false},"excerpt":{"rendered":"<p><strong>Le Shampoing Double K Alpha White<\/strong> offre un nettoyage en profondeur, \u00e9limine les taches et blanchit les pelages blancs. Hautement concentr\u00e9 et id\u00e9al pour les chevaux. Dilution \u00e9conomique 32:1.  <\/p>\n","protected":false},"featured_media":1071,"comment_status":"open","ping_status":"closed","template":"","meta":[],"product_brand":[],"product_cat":[180,183],"product_tag":[444],"class_list":{"0":"post-2929","1":"product","2":"type-product","3":"status-publish","4":"has-post-thumbnail","6":"product_cat-soins","7":"product_cat-toilettage","8":"product_tag-shampoing","10":"first","11":"instock","12":"taxable","13":"shipping-taxable","14":"purchasable","15":"product-type-simple"},"yoast_head":"<!-- This site is optimized with the Yoast SEO plugin v27.5 - https:\/\/yoast.com\/product\/yoast-seo-wordpress\/ -->\n<title>Shampoing DOUBLE K WHITE ALPHA - Minihorse.eu<\/title>\n<meta name=\"robots\" content=\"index, follow, max-snippet:-1, max-image-preview:large, max-video-preview:-1\" \/>\n<link rel=\"canonical\" href=\"https:\/\/www.minihorse.eu\/produit\/double-k-alpha-shampoo\/\" \/>\n<meta property=\"og:locale\" content=\"fr_FR\" \/>\n<meta property=\"og:type\" content=\"article\" \/>\n<meta property=\"og:title\" content=\"Shampoing DOUBLE K WHITE ALPHA - Minihorse.eu\" \/>\n<meta property=\"og:description\" content=\"Le Shampoing Double K Alpha White offre un nettoyage en profondeur, \u00e9limine les taches et blanchit les pelages blancs. Hautement concentr\u00e9 et id\u00e9al pour les chevaux. Dilution \u00e9conomique 32:1.\" \/>\n<meta property=\"og:url\" content=\"https:\/\/www.minihorse.eu\/produit\/double-k-alpha-shampoo\/\" \/>\n<meta property=\"og:site_name\" content=\"Minihorse.eu\" \/>\n<meta property=\"article:publisher\" content=\"https:\/\/www.facebook.com\/profile.php?id=100063487117479\" \/>\n<meta property=\"og:image\" content=\"https:\/\/www.minihorse.eu\/wp-content\/uploads\/2024\/08\/Double-K-Alpha-Shampoo-473-ml-White.jpg\" \/>\n\t<meta property=\"og:image:width\" content=\"258\" \/>\n\t<meta property=\"og:image:height\" content=\"980\" \/>\n\t<meta property=\"og:image:type\" content=\"image\/jpeg\" \/>\n<meta name=\"twitter:card\" content=\"summary_large_image\" \/>\n<meta name=\"twitter:label1\" content=\"Dur\u00e9e de lecture estim\u00e9e\" \/>\n\t<meta name=\"twitter:data1\" content=\"2 minutes\" \/>\n<script type=\"application\/ld+json\" class=\"yoast-schema-graph\">{\"@context\":\"https:\\\/\\\/schema.org\",\"@graph\":[{\"@type\":\"WebPage\",\"@id\":\"https:\\\/\\\/www.minihorse.eu\\\/produit\\\/double-k-alpha-shampoo\\\/\",\"url\":\"https:\\\/\\\/www.minihorse.eu\\\/produit\\\/double-k-alpha-shampoo\\\/\",\"name\":\"Shampoing DOUBLE K WHITE ALPHA - Minihorse.eu\",\"isPartOf\":{\"@id\":\"https:\\\/\\\/www.minihorse.eu\\\/#website\"},\"primaryImageOfPage\":{\"@id\":\"https:\\\/\\\/www.minihorse.eu\\\/produit\\\/double-k-alpha-shampoo\\\/#primaryimage\"},\"image\":{\"@id\":\"https:\\\/\\\/www.minihorse.eu\\\/produit\\\/double-k-alpha-shampoo\\\/#primaryimage\"},\"thumbnailUrl\":\"https:\\\/\\\/www.minihorse.eu\\\/wp-content\\\/uploads\\\/2024\\\/08\\\/Double-K-Alpha-Shampoo-473-ml-White.jpg\",\"datePublished\":\"2024-08-23T11:53:15+00:00\",\"breadcrumb\":{\"@id\":\"https:\\\/\\\/www.minihorse.eu\\\/produit\\\/double-k-alpha-shampoo\\\/#breadcrumb\"},\"inLanguage\":\"fr-FR\",\"potentialAction\":[{\"@type\":\"ReadAction\",\"target\":[\"https:\\\/\\\/www.minihorse.eu\\\/produit\\\/double-k-alpha-shampoo\\\/\"]}]},{\"@type\":\"ImageObject\",\"inLanguage\":\"fr-FR\",\"@id\":\"https:\\\/\\\/www.minihorse.eu\\\/produit\\\/double-k-alpha-shampoo\\\/#primaryimage\",\"url\":\"https:\\\/\\\/www.minihorse.eu\\\/wp-content\\\/uploads\\\/2024\\\/08\\\/Double-K-Alpha-Shampoo-473-ml-White.jpg\",\"contentUrl\":\"https:\\\/\\\/www.minihorse.eu\\\/wp-content\\\/uploads\\\/2024\\\/08\\\/Double-K-Alpha-Shampoo-473-ml-White.jpg\",\"width\":258,\"height\":980},{\"@type\":\"BreadcrumbList\",\"@id\":\"https:\\\/\\\/www.minihorse.eu\\\/produit\\\/double-k-alpha-shampoo\\\/#breadcrumb\",\"itemListElement\":[{\"@type\":\"ListItem\",\"position\":1,\"name\":\"Home\",\"item\":\"https:\\\/\\\/www.minihorse.eu\\\/fr\\\/accueil\\\/\"},{\"@type\":\"ListItem\",\"position\":2,\"name\":\"Boutique\",\"item\":\"https:\\\/\\\/www.minihorse.eu\\\/fr\\\/boutique\\\/\"},{\"@type\":\"ListItem\",\"position\":3,\"name\":\"Shampoing DOUBLE K WHITE ALPHA\"}]},{\"@type\":\"WebSite\",\"@id\":\"https:\\\/\\\/www.minihorse.eu\\\/#website\",\"url\":\"https:\\\/\\\/www.minihorse.eu\\\/\",\"name\":\"Minihorse.eu\",\"description\":\"The #1 store for Miniature Horses\",\"publisher\":{\"@id\":\"https:\\\/\\\/www.minihorse.eu\\\/#organization\"},\"potentialAction\":[{\"@type\":\"SearchAction\",\"target\":{\"@type\":\"EntryPoint\",\"urlTemplate\":\"https:\\\/\\\/www.minihorse.eu\\\/?s={search_term_string}\"},\"query-input\":{\"@type\":\"PropertyValueSpecification\",\"valueRequired\":true,\"valueName\":\"search_term_string\"}}],\"inLanguage\":\"fr-FR\"},{\"@type\":\"Organization\",\"@id\":\"https:\\\/\\\/www.minihorse.eu\\\/#organization\",\"name\":\"Minihorse.eu\",\"url\":\"https:\\\/\\\/www.minihorse.eu\\\/\",\"logo\":{\"@type\":\"ImageObject\",\"inLanguage\":\"fr-FR\",\"@id\":\"https:\\\/\\\/www.minihorse.eu\\\/#\\\/schema\\\/logo\\\/image\\\/\",\"url\":\"https:\\\/\\\/www.minihorse.eu\\\/wp-content\\\/uploads\\\/2024\\\/08\\\/Logo-minihorse-ext.png\",\"contentUrl\":\"https:\\\/\\\/www.minihorse.eu\\\/wp-content\\\/uploads\\\/2024\\\/08\\\/Logo-minihorse-ext.png\",\"width\":500,\"height\":500,\"caption\":\"Minihorse.eu\"},\"image\":{\"@id\":\"https:\\\/\\\/www.minihorse.eu\\\/#\\\/schema\\\/logo\\\/image\\\/\"},\"sameAs\":[\"https:\\\/\\\/www.facebook.com\\\/profile.php?id=100063487117479\"]}]}<\/script>\n<!-- \/ Yoast SEO plugin. -->","yoast_head_json":{"title":"Shampoing DOUBLE K WHITE ALPHA - Minihorse.eu","robots":{"index":"index","follow":"follow","max-snippet":"max-snippet:-1","max-image-preview":"max-image-preview:large","max-video-preview":"max-video-preview:-1"},"canonical":"https:\/\/www.minihorse.eu\/produit\/double-k-alpha-shampoo\/","og_locale":"fr_FR","og_type":"article","og_title":"Shampoing DOUBLE K WHITE ALPHA - Minihorse.eu","og_description":"Le Shampoing Double K Alpha White offre un nettoyage en profondeur, \u00e9limine les taches et blanchit les pelages blancs. Hautement concentr\u00e9 et id\u00e9al pour les chevaux. Dilution \u00e9conomique 32:1.","og_url":"https:\/\/www.minihorse.eu\/produit\/double-k-alpha-shampoo\/","og_site_name":"Minihorse.eu","article_publisher":"https:\/\/www.facebook.com\/profile.php?id=100063487117479","og_image":[{"width":258,"height":980,"url":"https:\/\/www.minihorse.eu\/wp-content\/uploads\/2024\/08\/Double-K-Alpha-Shampoo-473-ml-White.jpg","type":"image\/jpeg"}],"twitter_card":"summary_large_image","twitter_misc":{"Dur\u00e9e de lecture estim\u00e9e":"2 minutes"},"schema":{"@context":"https:\/\/schema.org","@graph":[{"@type":"WebPage","@id":"https:\/\/www.minihorse.eu\/produit\/double-k-alpha-shampoo\/","url":"https:\/\/www.minihorse.eu\/produit\/double-k-alpha-shampoo\/","name":"Shampoing DOUBLE K WHITE ALPHA - Minihorse.eu","isPartOf":{"@id":"https:\/\/www.minihorse.eu\/#website"},"primaryImageOfPage":{"@id":"https:\/\/www.minihorse.eu\/produit\/double-k-alpha-shampoo\/#primaryimage"},"image":{"@id":"https:\/\/www.minihorse.eu\/produit\/double-k-alpha-shampoo\/#primaryimage"},"thumbnailUrl":"https:\/\/www.minihorse.eu\/wp-content\/uploads\/2024\/08\/Double-K-Alpha-Shampoo-473-ml-White.jpg","datePublished":"2024-08-23T11:53:15+00:00","breadcrumb":{"@id":"https:\/\/www.minihorse.eu\/produit\/double-k-alpha-shampoo\/#breadcrumb"},"inLanguage":"fr-FR","potentialAction":[{"@type":"ReadAction","target":["https:\/\/www.minihorse.eu\/produit\/double-k-alpha-shampoo\/"]}]},{"@type":"ImageObject","inLanguage":"fr-FR","@id":"https:\/\/www.minihorse.eu\/produit\/double-k-alpha-shampoo\/#primaryimage","url":"https:\/\/www.minihorse.eu\/wp-content\/uploads\/2024\/08\/Double-K-Alpha-Shampoo-473-ml-White.jpg","contentUrl":"https:\/\/www.minihorse.eu\/wp-content\/uploads\/2024\/08\/Double-K-Alpha-Shampoo-473-ml-White.jpg","width":258,"height":980},{"@type":"BreadcrumbList","@id":"https:\/\/www.minihorse.eu\/produit\/double-k-alpha-shampoo\/#breadcrumb","itemListElement":[{"@type":"ListItem","position":1,"name":"Home","item":"https:\/\/www.minihorse.eu\/fr\/accueil\/"},{"@type":"ListItem","position":2,"name":"Boutique","item":"https:\/\/www.minihorse.eu\/fr\/boutique\/"},{"@type":"ListItem","position":3,"name":"Shampoing DOUBLE K WHITE ALPHA"}]},{"@type":"WebSite","@id":"https:\/\/www.minihorse.eu\/#website","url":"https:\/\/www.minihorse.eu\/","name":"Minihorse.eu","description":"The #1 store for Miniature Horses","publisher":{"@id":"https:\/\/www.minihorse.eu\/#organization"},"potentialAction":[{"@type":"SearchAction","target":{"@type":"EntryPoint","urlTemplate":"https:\/\/www.minihorse.eu\/?s={search_term_string}"},"query-input":{"@type":"PropertyValueSpecification","valueRequired":true,"valueName":"search_term_string"}}],"inLanguage":"fr-FR"},{"@type":"Organization","@id":"https:\/\/www.minihorse.eu\/#organization","name":"Minihorse.eu","url":"https:\/\/www.minihorse.eu\/","logo":{"@type":"ImageObject","inLanguage":"fr-FR","@id":"https:\/\/www.minihorse.eu\/#\/schema\/logo\/image\/","url":"https:\/\/www.minihorse.eu\/wp-content\/uploads\/2024\/08\/Logo-minihorse-ext.png","contentUrl":"https:\/\/www.minihorse.eu\/wp-content\/uploads\/2024\/08\/Logo-minihorse-ext.png","width":500,"height":500,"caption":"Minihorse.eu"},"image":{"@id":"https:\/\/www.minihorse.eu\/#\/schema\/logo\/image\/"},"sameAs":["https:\/\/www.facebook.com\/profile.php?id=100063487117479"]}]}},"jetpack_sharing_enabled":true,"_links":{"self":[{"href":"https:\/\/www.minihorse.eu\/fr\/wp-json\/wp\/v2\/product\/2929","targetHints":{"allow":["GET"]}}],"collection":[{"href":"https:\/\/www.minihorse.eu\/fr\/wp-json\/wp\/v2\/product"}],"about":[{"href":"https:\/\/www.minihorse.eu\/fr\/wp-json\/wp\/v2\/types\/product"}],"replies":[{"embeddable":true,"href":"https:\/\/www.minihorse.eu\/fr\/wp-json\/wp\/v2\/comments?post=2929"}],"wp:featuredmedia":[{"embeddable":true,"href":"https:\/\/www.minihorse.eu\/fr\/wp-json\/wp\/v2\/media\/1071"}],"wp:attachment":[{"href":"https:\/\/www.minihorse.eu\/fr\/wp-json\/wp\/v2\/media?parent=2929"}],"wp:term":[{"taxonomy":"product_brand","embeddable":true,"href":"https:\/\/www.minihorse.eu\/fr\/wp-json\/wp\/v2\/product_brand?post=2929"},{"taxonomy":"product_cat","embeddable":true,"href":"https:\/\/www.minihorse.eu\/fr\/wp-json\/wp\/v2\/product_cat?post=2929"},{"taxonomy":"product_tag","embeddable":true,"href":"https:\/\/www.minihorse.eu\/fr\/wp-json\/wp\/v2\/product_tag?post=2929"}],"curies":[{"name":"wp","href":"https:\/\/api.w.org\/{rel}","templated":true}]}}