{"id":2948,"date":"2024-09-20T09:13:11","date_gmt":"2024-09-20T09:13:11","guid":{"rendered":"https:\/\/horselandshop.com\/product\/lotion-de-sudation-ultra-great-neck-ii\/"},"modified":"2024-09-20T09:13:11","modified_gmt":"2024-09-20T09:13:11","slug":"lotion-de-sudation-ultra-great-neck-ii","status":"publish","type":"product","link":"https:\/\/www.minihorse.eu\/fr\/produit\/lotion-de-sudation-ultra-great-neck-ii\/","title":{"rendered":"Lotion de Sudation Ultra Great Neck II"},"content":{"rendered":"<p>Obtenez des r\u00e9sultats de conditionnement optimaux pour votre cheval avec la lotion de sudation Ultra Great Neck II, la lotion de sudation la plus puissante du march\u00e9. Formul\u00e9e pour favoriser une transpiration accrue, cette lotion vous aide \u00e0 atteindre la condition physique souhait\u00e9e de votre cheval, m\u00eame avec une utilisation limit\u00e9e. Ultra Great Neck II est id\u00e9ale pour pr\u00e9parer les chevaux aux concours, comp\u00e9titions et \u00e9v\u00e9nements o\u00f9 une apparence physique irr\u00e9prochable est essentielle. Cette lotion de sudation, douce mais hautement efficace, est sans danger pour la peau et le pelage, garantissant aucun dommage ni irritation tout en offrant des r\u00e9sultats impressionnants. Disponible en 3 tailles.  <\/p>\n<p><strong>Caract\u00e9ristiques principales :<\/strong><\/p>\n<ul>\n<li>La lotion de sudation pour chevaux la plus efficace du march\u00e9.<\/li>\n<li>Favorise la transpiration pour des r\u00e9sultats de conditionnement optimaux.<\/li>\n<li>Douce pour la peau et le pelage, sans causer de dommages.<\/li>\n<li>Id\u00e9ale pour la pr\u00e9paration aux comp\u00e9titions et aux concours.<\/li>\n<li>Flacon g\u00e9n\u00e9reux de 946 ml pour plusieurs applications.<\/li>\n<\/ul>\n<p>Donnez \u00e0 votre cheval un avantage comp\u00e9titif avec la lotion de sudation Ultra Great Neck II et obtenez un look \u00e9l\u00e9gant et soign\u00e9 qui attire l\u2019attention sur le ring.<\/p>\n","protected":false},"excerpt":{"rendered":"<p>La lotion de sudation Ultra Great Neck II est la plus efficace sur le march\u00e9, con\u00e7ue pour favoriser la transpiration et obtenir des r\u00e9sultats de conditionnement optimaux avec un minimum d&rsquo;utilisation. Sa formule douce est sans danger pour la peau et le pelage de votre cheval, ce qui en fait un choix id\u00e9al pour la pr\u00e9paration aux comp\u00e9titions. <\/p>\n","protected":false},"featured_media":1946,"comment_status":"open","ping_status":"closed","template":"","meta":[],"product_brand":[],"product_cat":[211],"product_tag":[],"class_list":{"0":"post-2948","1":"product","2":"type-product","3":"status-publish","4":"has-post-thumbnail","6":"product_cat-show-time-fr","8":"first","9":"instock","10":"taxable","11":"shipping-taxable","12":"purchasable","13":"product-type-variable"},"yoast_head":"<!-- This site is optimized with the Yoast SEO plugin v27.6 - https:\/\/yoast.com\/product\/yoast-seo-wordpress\/ -->\n<title>Lotion de Sudation Ultra Great Neck II - Minihorse.eu<\/title>\n<meta name=\"robots\" content=\"index, follow, max-snippet:-1, max-image-preview:large, max-video-preview:-1\" \/>\n<link rel=\"canonical\" href=\"https:\/\/www.minihorse.eu\/fr\/produit\/lotion-de-sudation-ultra-great-neck-ii\/\" \/>\n<meta property=\"og:locale\" content=\"fr_FR\" \/>\n<meta property=\"og:type\" content=\"article\" \/>\n<meta property=\"og:title\" content=\"Lotion de Sudation Ultra Great Neck II - Minihorse.eu\" \/>\n<meta property=\"og:description\" content=\"La lotion de sudation Ultra Great Neck II est la plus efficace sur le march\u00e9, con\u00e7ue pour favoriser la transpiration et obtenir des r\u00e9sultats de conditionnement optimaux avec un minimum d&#039;utilisation. Sa formule douce est sans danger pour la peau et le pelage de votre cheval, ce qui en fait un choix id\u00e9al pour la pr\u00e9paration aux comp\u00e9titions.\" \/>\n<meta property=\"og:url\" content=\"https:\/\/www.minihorse.eu\/fr\/produit\/lotion-de-sudation-ultra-great-neck-ii\/\" \/>\n<meta property=\"og:site_name\" content=\"Minihorse.eu\" \/>\n<meta property=\"article:publisher\" content=\"https:\/\/www.facebook.com\/profile.php?id=100063487117479\" \/>\n<meta property=\"og:image\" content=\"https:\/\/www.minihorse.eu\/wp-content\/uploads\/2024\/09\/Ultra-Great-Neck-II-Sweat-Lotion.png\" \/>\n\t<meta property=\"og:image:width\" content=\"868\" \/>\n\t<meta property=\"og:image:height\" content=\"760\" \/>\n\t<meta property=\"og:image:type\" content=\"image\/png\" \/>\n<meta name=\"twitter:card\" content=\"summary_large_image\" \/>\n<meta name=\"twitter:label1\" content=\"Dur\u00e9e de lecture estim\u00e9e\" \/>\n\t<meta name=\"twitter:data1\" content=\"1 minute\" \/>\n<script type=\"application\/ld+json\" class=\"yoast-schema-graph\">{\"@context\":\"https:\\\/\\\/schema.org\",\"@graph\":[{\"@type\":\"WebPage\",\"@id\":\"https:\\\/\\\/www.minihorse.eu\\\/fr\\\/produit\\\/lotion-de-sudation-ultra-great-neck-ii\\\/\",\"url\":\"https:\\\/\\\/www.minihorse.eu\\\/fr\\\/produit\\\/lotion-de-sudation-ultra-great-neck-ii\\\/\",\"name\":\"Lotion de Sudation Ultra Great Neck II - Minihorse.eu\",\"isPartOf\":{\"@id\":\"https:\\\/\\\/www.minihorse.eu\\\/#website\"},\"primaryImageOfPage\":{\"@id\":\"https:\\\/\\\/www.minihorse.eu\\\/fr\\\/produit\\\/lotion-de-sudation-ultra-great-neck-ii\\\/#primaryimage\"},\"image\":{\"@id\":\"https:\\\/\\\/www.minihorse.eu\\\/fr\\\/produit\\\/lotion-de-sudation-ultra-great-neck-ii\\\/#primaryimage\"},\"thumbnailUrl\":\"https:\\\/\\\/www.minihorse.eu\\\/wp-content\\\/uploads\\\/2024\\\/09\\\/Ultra-Great-Neck-II-Sweat-Lotion.png\",\"datePublished\":\"2024-09-20T09:13:11+00:00\",\"breadcrumb\":{\"@id\":\"https:\\\/\\\/www.minihorse.eu\\\/fr\\\/produit\\\/lotion-de-sudation-ultra-great-neck-ii\\\/#breadcrumb\"},\"inLanguage\":\"fr-FR\",\"potentialAction\":[{\"@type\":\"ReadAction\",\"target\":[\"https:\\\/\\\/www.minihorse.eu\\\/fr\\\/produit\\\/lotion-de-sudation-ultra-great-neck-ii\\\/\"]}]},{\"@type\":\"ImageObject\",\"inLanguage\":\"fr-FR\",\"@id\":\"https:\\\/\\\/www.minihorse.eu\\\/fr\\\/produit\\\/lotion-de-sudation-ultra-great-neck-ii\\\/#primaryimage\",\"url\":\"https:\\\/\\\/www.minihorse.eu\\\/wp-content\\\/uploads\\\/2024\\\/09\\\/Ultra-Great-Neck-II-Sweat-Lotion.png\",\"contentUrl\":\"https:\\\/\\\/www.minihorse.eu\\\/wp-content\\\/uploads\\\/2024\\\/09\\\/Ultra-Great-Neck-II-Sweat-Lotion.png\",\"width\":868,\"height\":760,\"caption\":\"Cette lotion de sudation est votre alli\u00e9e pour am\u00e9liorer la circulation et r\u00e9duire l'accumulation de fluides dans des zones sp\u00e9cifiques. Parfaite pour la pr\u00e9paration aux concours ou une utilisation th\u00e9rapeutique sur les chevaux miniatures.\"},{\"@type\":\"BreadcrumbList\",\"@id\":\"https:\\\/\\\/www.minihorse.eu\\\/fr\\\/produit\\\/lotion-de-sudation-ultra-great-neck-ii\\\/#breadcrumb\",\"itemListElement\":[{\"@type\":\"ListItem\",\"position\":1,\"name\":\"Home\",\"item\":\"https:\\\/\\\/www.minihorse.eu\\\/fr\\\/accueil\\\/\"},{\"@type\":\"ListItem\",\"position\":2,\"name\":\"Boutique\",\"item\":\"https:\\\/\\\/www.minihorse.eu\\\/fr\\\/boutique\\\/\"},{\"@type\":\"ListItem\",\"position\":3,\"name\":\"Lotion de Sudation Ultra Great Neck II\"}]},{\"@type\":\"WebSite\",\"@id\":\"https:\\\/\\\/www.minihorse.eu\\\/#website\",\"url\":\"https:\\\/\\\/www.minihorse.eu\\\/\",\"name\":\"Minihorse.eu\",\"description\":\"The #1 store for Miniature Horses\",\"publisher\":{\"@id\":\"https:\\\/\\\/www.minihorse.eu\\\/#organization\"},\"potentialAction\":[{\"@type\":\"SearchAction\",\"target\":{\"@type\":\"EntryPoint\",\"urlTemplate\":\"https:\\\/\\\/www.minihorse.eu\\\/?s={search_term_string}\"},\"query-input\":{\"@type\":\"PropertyValueSpecification\",\"valueRequired\":true,\"valueName\":\"search_term_string\"}}],\"inLanguage\":\"fr-FR\"},{\"@type\":\"Organization\",\"@id\":\"https:\\\/\\\/www.minihorse.eu\\\/#organization\",\"name\":\"Minihorse.eu\",\"url\":\"https:\\\/\\\/www.minihorse.eu\\\/\",\"logo\":{\"@type\":\"ImageObject\",\"inLanguage\":\"fr-FR\",\"@id\":\"https:\\\/\\\/www.minihorse.eu\\\/#\\\/schema\\\/logo\\\/image\\\/\",\"url\":\"https:\\\/\\\/www.minihorse.eu\\\/wp-content\\\/uploads\\\/2024\\\/08\\\/Logo-minihorse-ext.png\",\"contentUrl\":\"https:\\\/\\\/www.minihorse.eu\\\/wp-content\\\/uploads\\\/2024\\\/08\\\/Logo-minihorse-ext.png\",\"width\":500,\"height\":500,\"caption\":\"Minihorse.eu\"},\"image\":{\"@id\":\"https:\\\/\\\/www.minihorse.eu\\\/#\\\/schema\\\/logo\\\/image\\\/\"},\"sameAs\":[\"https:\\\/\\\/www.facebook.com\\\/profile.php?id=100063487117479\"]}]}<\/script>\n<!-- \/ Yoast SEO plugin. -->","yoast_head_json":{"title":"Lotion de Sudation Ultra Great Neck II - Minihorse.eu","robots":{"index":"index","follow":"follow","max-snippet":"max-snippet:-1","max-image-preview":"max-image-preview:large","max-video-preview":"max-video-preview:-1"},"canonical":"https:\/\/www.minihorse.eu\/fr\/produit\/lotion-de-sudation-ultra-great-neck-ii\/","og_locale":"fr_FR","og_type":"article","og_title":"Lotion de Sudation Ultra Great Neck II - Minihorse.eu","og_description":"La lotion de sudation Ultra Great Neck II est la plus efficace sur le march\u00e9, con\u00e7ue pour favoriser la transpiration et obtenir des r\u00e9sultats de conditionnement optimaux avec un minimum d'utilisation. Sa formule douce est sans danger pour la peau et le pelage de votre cheval, ce qui en fait un choix id\u00e9al pour la pr\u00e9paration aux comp\u00e9titions.","og_url":"https:\/\/www.minihorse.eu\/fr\/produit\/lotion-de-sudation-ultra-great-neck-ii\/","og_site_name":"Minihorse.eu","article_publisher":"https:\/\/www.facebook.com\/profile.php?id=100063487117479","og_image":[{"width":868,"height":760,"url":"https:\/\/www.minihorse.eu\/wp-content\/uploads\/2024\/09\/Ultra-Great-Neck-II-Sweat-Lotion.png","type":"image\/png"}],"twitter_card":"summary_large_image","twitter_misc":{"Dur\u00e9e de lecture estim\u00e9e":"1 minute"},"schema":{"@context":"https:\/\/schema.org","@graph":[{"@type":"WebPage","@id":"https:\/\/www.minihorse.eu\/fr\/produit\/lotion-de-sudation-ultra-great-neck-ii\/","url":"https:\/\/www.minihorse.eu\/fr\/produit\/lotion-de-sudation-ultra-great-neck-ii\/","name":"Lotion de Sudation Ultra Great Neck II - Minihorse.eu","isPartOf":{"@id":"https:\/\/www.minihorse.eu\/#website"},"primaryImageOfPage":{"@id":"https:\/\/www.minihorse.eu\/fr\/produit\/lotion-de-sudation-ultra-great-neck-ii\/#primaryimage"},"image":{"@id":"https:\/\/www.minihorse.eu\/fr\/produit\/lotion-de-sudation-ultra-great-neck-ii\/#primaryimage"},"thumbnailUrl":"https:\/\/www.minihorse.eu\/wp-content\/uploads\/2024\/09\/Ultra-Great-Neck-II-Sweat-Lotion.png","datePublished":"2024-09-20T09:13:11+00:00","breadcrumb":{"@id":"https:\/\/www.minihorse.eu\/fr\/produit\/lotion-de-sudation-ultra-great-neck-ii\/#breadcrumb"},"inLanguage":"fr-FR","potentialAction":[{"@type":"ReadAction","target":["https:\/\/www.minihorse.eu\/fr\/produit\/lotion-de-sudation-ultra-great-neck-ii\/"]}]},{"@type":"ImageObject","inLanguage":"fr-FR","@id":"https:\/\/www.minihorse.eu\/fr\/produit\/lotion-de-sudation-ultra-great-neck-ii\/#primaryimage","url":"https:\/\/www.minihorse.eu\/wp-content\/uploads\/2024\/09\/Ultra-Great-Neck-II-Sweat-Lotion.png","contentUrl":"https:\/\/www.minihorse.eu\/wp-content\/uploads\/2024\/09\/Ultra-Great-Neck-II-Sweat-Lotion.png","width":868,"height":760,"caption":"Cette lotion de sudation est votre alli\u00e9e pour am\u00e9liorer la circulation et r\u00e9duire l'accumulation de fluides dans des zones sp\u00e9cifiques. Parfaite pour la pr\u00e9paration aux concours ou une utilisation th\u00e9rapeutique sur les chevaux miniatures."},{"@type":"BreadcrumbList","@id":"https:\/\/www.minihorse.eu\/fr\/produit\/lotion-de-sudation-ultra-great-neck-ii\/#breadcrumb","itemListElement":[{"@type":"ListItem","position":1,"name":"Home","item":"https:\/\/www.minihorse.eu\/fr\/accueil\/"},{"@type":"ListItem","position":2,"name":"Boutique","item":"https:\/\/www.minihorse.eu\/fr\/boutique\/"},{"@type":"ListItem","position":3,"name":"Lotion de Sudation Ultra Great Neck II"}]},{"@type":"WebSite","@id":"https:\/\/www.minihorse.eu\/#website","url":"https:\/\/www.minihorse.eu\/","name":"Minihorse.eu","description":"The #1 store for Miniature Horses","publisher":{"@id":"https:\/\/www.minihorse.eu\/#organization"},"potentialAction":[{"@type":"SearchAction","target":{"@type":"EntryPoint","urlTemplate":"https:\/\/www.minihorse.eu\/?s={search_term_string}"},"query-input":{"@type":"PropertyValueSpecification","valueRequired":true,"valueName":"search_term_string"}}],"inLanguage":"fr-FR"},{"@type":"Organization","@id":"https:\/\/www.minihorse.eu\/#organization","name":"Minihorse.eu","url":"https:\/\/www.minihorse.eu\/","logo":{"@type":"ImageObject","inLanguage":"fr-FR","@id":"https:\/\/www.minihorse.eu\/#\/schema\/logo\/image\/","url":"https:\/\/www.minihorse.eu\/wp-content\/uploads\/2024\/08\/Logo-minihorse-ext.png","contentUrl":"https:\/\/www.minihorse.eu\/wp-content\/uploads\/2024\/08\/Logo-minihorse-ext.png","width":500,"height":500,"caption":"Minihorse.eu"},"image":{"@id":"https:\/\/www.minihorse.eu\/#\/schema\/logo\/image\/"},"sameAs":["https:\/\/www.facebook.com\/profile.php?id=100063487117479"]}]}},"jetpack_sharing_enabled":true,"_links":{"self":[{"href":"https:\/\/www.minihorse.eu\/fr\/wp-json\/wp\/v2\/product\/2948","targetHints":{"allow":["GET"]}}],"collection":[{"href":"https:\/\/www.minihorse.eu\/fr\/wp-json\/wp\/v2\/product"}],"about":[{"href":"https:\/\/www.minihorse.eu\/fr\/wp-json\/wp\/v2\/types\/product"}],"replies":[{"embeddable":true,"href":"https:\/\/www.minihorse.eu\/fr\/wp-json\/wp\/v2\/comments?post=2948"}],"wp:featuredmedia":[{"embeddable":true,"href":"https:\/\/www.minihorse.eu\/fr\/wp-json\/wp\/v2\/media\/1946"}],"wp:attachment":[{"href":"https:\/\/www.minihorse.eu\/fr\/wp-json\/wp\/v2\/media?parent=2948"}],"wp:term":[{"taxonomy":"product_brand","embeddable":true,"href":"https:\/\/www.minihorse.eu\/fr\/wp-json\/wp\/v2\/product_brand?post=2948"},{"taxonomy":"product_cat","embeddable":true,"href":"https:\/\/www.minihorse.eu\/fr\/wp-json\/wp\/v2\/product_cat?post=2948"},{"taxonomy":"product_tag","embeddable":true,"href":"https:\/\/www.minihorse.eu\/fr\/wp-json\/wp\/v2\/product_tag?post=2948"}],"curies":[{"name":"wp","href":"https:\/\/api.w.org\/{rel}","templated":true}]}}