{"id":2969,"date":"2024-10-15T16:10:56","date_gmt":"2024-10-15T16:10:56","guid":{"rendered":"https:\/\/horselandshop.com\/product\/extenseur-de-sangles-ventrales\/"},"modified":"2025-11-15T16:02:16","modified_gmt":"2025-11-15T16:02:16","slug":"extenseur-de-sangles-ventrales","status":"publish","type":"product","link":"https:\/\/www.minihorse.eu\/fr\/produit\/extenseur-de-sangles-ventrales\/","title":{"rendered":"Extenseur de Sangles Ventrales"},"content":{"rendered":"<p>Ajustez facilement l\u2019ajustement de la couverture de votre cheval gr\u00e2ce \u00e0 notre Extenseur de <strong>Sangles Ventrales<\/strong>, con\u00e7u pour rallonger les sangles crois\u00e9es et offrir un ajustement personnalis\u00e9 et confortable. Ces extenseurs <strong>sont r\u00e9glables de 20 \u00e0 30 cm<\/strong>, id\u00e9aux pour les couvertures n\u00e9cessitant plus d\u2019espace ou de flexibilit\u00e9. <strong>Disponibles en noir, bleu fonc\u00e9 et gris<\/strong>, ils allient style et praticit\u00e9. Chaque ensemble <strong>comprend 2 pi\u00e8ces<\/strong>, parfaites pour s\u00e9curiser les deux c\u00f4t\u00e9s de la couverture de votre cheval.   <\/p>\n<p><strong>Caract\u00e9ristiques principales :<\/strong><\/p>\n<ul>\n<li><strong>Longueur r\u00e9glable <\/strong>de 20 \u00e0 30 cm pour un ajustement flexible de la couverture.<\/li>\n<li>Disponible en trois couleurs classiques : <strong>noir, bleu fonc\u00e9 et gris.<\/strong><\/li>\n<li>Vendu par <strong>lot de 2,<\/strong> offrant des ajustements faciles et complets de la couverture.<\/li>\n<li>Id\u00e9al pour rallonger les sangles crois\u00e9es, assurant le confort de votre cheval et un ajustement s\u00e9curis\u00e9.<\/li>\n<\/ul>\n<p>Ces extenseurs de sangles ventrales sont un accessoire pratique pour garantir que la couverture de votre cheval s\u2019ajuste parfaitement, offrant \u00e0 la fois libert\u00e9 de mouvement et s\u00e9curit\u00e9 accrue.<\/p>\n","protected":false},"excerpt":{"rendered":"<p>Ajustez facilement la couverture de votre cheval avec notre Extenseur de <strong>Sangles Ventrales<\/strong>, r\u00e9glable de <strong>20 \u00e0 30 cm<\/strong>. Disponible en <strong>noir, bleu fonc\u00e9 et gris<\/strong>, ce lot de 2 est la solution parfaite pour rallonger les sangles crois\u00e9es et am\u00e9liorer l\u2019ajustement de la couverture. <\/p>\n","protected":false},"featured_media":1179,"comment_status":"open","ping_status":"closed","template":"","meta":[],"product_brand":[],"product_cat":[219,187,205],"product_tag":[445],"class_list":{"0":"post-2969","1":"product","2":"type-product","3":"status-publish","4":"has-post-thumbnail","6":"product_cat-accessoires-pour-tapis","7":"product_cat-chevaux-miniatures","8":"product_cat-couvertures","9":"product_tag-accessoire-pour-couverture","11":"first","12":"instock","13":"taxable","14":"shipping-taxable","15":"purchasable","16":"product-type-variable"},"yoast_head":"<!-- This site is optimized with the Yoast SEO plugin v27.5 - https:\/\/yoast.com\/product\/yoast-seo-wordpress\/ -->\n<title>Extenseur de Sangles Ventrales - Minihorse.eu<\/title>\n<meta name=\"robots\" content=\"index, follow, max-snippet:-1, max-image-preview:large, max-video-preview:-1\" \/>\n<link rel=\"canonical\" href=\"https:\/\/www.minihorse.eu\/produit\/belly-surcingles-extender\/\" \/>\n<meta property=\"og:locale\" content=\"fr_FR\" \/>\n<meta property=\"og:type\" content=\"article\" \/>\n<meta property=\"og:title\" content=\"Extenseur de Sangles Ventrales - Minihorse.eu\" \/>\n<meta property=\"og:description\" content=\"Ajustez facilement la couverture de votre cheval avec notre Extenseur de Sangles Ventrales, r\u00e9glable de 20 \u00e0 30 cm. Disponible en noir, bleu fonc\u00e9 et gris, ce lot de 2 est la solution parfaite pour rallonger les sangles crois\u00e9es et am\u00e9liorer l\u2019ajustement de la couverture.\" \/>\n<meta property=\"og:url\" content=\"https:\/\/www.minihorse.eu\/produit\/belly-surcingles-extender\/\" \/>\n<meta property=\"og:site_name\" content=\"Minihorse.eu\" \/>\n<meta property=\"article:publisher\" content=\"https:\/\/www.facebook.com\/profile.php?id=100063487117479\" \/>\n<meta property=\"article:modified_time\" content=\"2025-11-15T16:02:16+00:00\" \/>\n<meta property=\"og:image\" content=\"https:\/\/www.minihorse.eu\/wp-content\/uploads\/2024\/10\/Belly-Surcingles-Extender-dark-blue.jpg\" \/>\n\t<meta property=\"og:image:width\" content=\"640\" \/>\n\t<meta property=\"og:image:height\" content=\"480\" \/>\n\t<meta property=\"og:image:type\" content=\"image\/jpeg\" \/>\n<meta name=\"twitter:card\" content=\"summary_large_image\" \/>\n<meta name=\"twitter:label1\" content=\"Dur\u00e9e de lecture estim\u00e9e\" \/>\n\t<meta name=\"twitter:data1\" content=\"1 minute\" \/>\n<script type=\"application\/ld+json\" class=\"yoast-schema-graph\">{\"@context\":\"https:\\\/\\\/schema.org\",\"@graph\":[{\"@type\":\"WebPage\",\"@id\":\"https:\\\/\\\/www.minihorse.eu\\\/produit\\\/belly-surcingles-extender\\\/\",\"url\":\"https:\\\/\\\/www.minihorse.eu\\\/produit\\\/belly-surcingles-extender\\\/\",\"name\":\"Extenseur de Sangles Ventrales - Minihorse.eu\",\"isPartOf\":{\"@id\":\"https:\\\/\\\/www.minihorse.eu\\\/#website\"},\"primaryImageOfPage\":{\"@id\":\"https:\\\/\\\/www.minihorse.eu\\\/produit\\\/belly-surcingles-extender\\\/#primaryimage\"},\"image\":{\"@id\":\"https:\\\/\\\/www.minihorse.eu\\\/produit\\\/belly-surcingles-extender\\\/#primaryimage\"},\"thumbnailUrl\":\"https:\\\/\\\/www.minihorse.eu\\\/wp-content\\\/uploads\\\/2024\\\/10\\\/Belly-Surcingles-Extender-dark-blue.jpg\",\"datePublished\":\"2024-10-15T16:10:56+00:00\",\"dateModified\":\"2025-11-15T16:02:16+00:00\",\"breadcrumb\":{\"@id\":\"https:\\\/\\\/www.minihorse.eu\\\/produit\\\/belly-surcingles-extender\\\/#breadcrumb\"},\"inLanguage\":\"fr-FR\",\"potentialAction\":[{\"@type\":\"ReadAction\",\"target\":[\"https:\\\/\\\/www.minihorse.eu\\\/produit\\\/belly-surcingles-extender\\\/\"]}]},{\"@type\":\"ImageObject\",\"inLanguage\":\"fr-FR\",\"@id\":\"https:\\\/\\\/www.minihorse.eu\\\/produit\\\/belly-surcingles-extender\\\/#primaryimage\",\"url\":\"https:\\\/\\\/www.minihorse.eu\\\/wp-content\\\/uploads\\\/2024\\\/10\\\/Belly-Surcingles-Extender-dark-blue.jpg\",\"contentUrl\":\"https:\\\/\\\/www.minihorse.eu\\\/wp-content\\\/uploads\\\/2024\\\/10\\\/Belly-Surcingles-Extender-dark-blue.jpg\",\"width\":640,\"height\":480,\"caption\":\"Extenseur_de_Sangles_Ventrales_-_bleu_fonc\u00e9.jpg\"},{\"@type\":\"BreadcrumbList\",\"@id\":\"https:\\\/\\\/www.minihorse.eu\\\/produit\\\/belly-surcingles-extender\\\/#breadcrumb\",\"itemListElement\":[{\"@type\":\"ListItem\",\"position\":1,\"name\":\"Home\",\"item\":\"https:\\\/\\\/www.minihorse.eu\\\/fr\\\/accueil\\\/\"},{\"@type\":\"ListItem\",\"position\":2,\"name\":\"Boutique\",\"item\":\"https:\\\/\\\/www.minihorse.eu\\\/fr\\\/boutique\\\/\"},{\"@type\":\"ListItem\",\"position\":3,\"name\":\"Extenseur de Sangles Ventrales\"}]},{\"@type\":\"WebSite\",\"@id\":\"https:\\\/\\\/www.minihorse.eu\\\/#website\",\"url\":\"https:\\\/\\\/www.minihorse.eu\\\/\",\"name\":\"Minihorse.eu\",\"description\":\"The #1 store for Miniature Horses\",\"publisher\":{\"@id\":\"https:\\\/\\\/www.minihorse.eu\\\/#organization\"},\"potentialAction\":[{\"@type\":\"SearchAction\",\"target\":{\"@type\":\"EntryPoint\",\"urlTemplate\":\"https:\\\/\\\/www.minihorse.eu\\\/?s={search_term_string}\"},\"query-input\":{\"@type\":\"PropertyValueSpecification\",\"valueRequired\":true,\"valueName\":\"search_term_string\"}}],\"inLanguage\":\"fr-FR\"},{\"@type\":\"Organization\",\"@id\":\"https:\\\/\\\/www.minihorse.eu\\\/#organization\",\"name\":\"Minihorse.eu\",\"url\":\"https:\\\/\\\/www.minihorse.eu\\\/\",\"logo\":{\"@type\":\"ImageObject\",\"inLanguage\":\"fr-FR\",\"@id\":\"https:\\\/\\\/www.minihorse.eu\\\/#\\\/schema\\\/logo\\\/image\\\/\",\"url\":\"https:\\\/\\\/www.minihorse.eu\\\/wp-content\\\/uploads\\\/2024\\\/08\\\/Logo-minihorse-ext.png\",\"contentUrl\":\"https:\\\/\\\/www.minihorse.eu\\\/wp-content\\\/uploads\\\/2024\\\/08\\\/Logo-minihorse-ext.png\",\"width\":500,\"height\":500,\"caption\":\"Minihorse.eu\"},\"image\":{\"@id\":\"https:\\\/\\\/www.minihorse.eu\\\/#\\\/schema\\\/logo\\\/image\\\/\"},\"sameAs\":[\"https:\\\/\\\/www.facebook.com\\\/profile.php?id=100063487117479\"]}]}<\/script>\n<!-- \/ Yoast SEO plugin. -->","yoast_head_json":{"title":"Extenseur de Sangles Ventrales - Minihorse.eu","robots":{"index":"index","follow":"follow","max-snippet":"max-snippet:-1","max-image-preview":"max-image-preview:large","max-video-preview":"max-video-preview:-1"},"canonical":"https:\/\/www.minihorse.eu\/produit\/belly-surcingles-extender\/","og_locale":"fr_FR","og_type":"article","og_title":"Extenseur de Sangles Ventrales - Minihorse.eu","og_description":"Ajustez facilement la couverture de votre cheval avec notre Extenseur de Sangles Ventrales, r\u00e9glable de 20 \u00e0 30 cm. Disponible en noir, bleu fonc\u00e9 et gris, ce lot de 2 est la solution parfaite pour rallonger les sangles crois\u00e9es et am\u00e9liorer l\u2019ajustement de la couverture.","og_url":"https:\/\/www.minihorse.eu\/produit\/belly-surcingles-extender\/","og_site_name":"Minihorse.eu","article_publisher":"https:\/\/www.facebook.com\/profile.php?id=100063487117479","article_modified_time":"2025-11-15T16:02:16+00:00","og_image":[{"width":640,"height":480,"url":"https:\/\/www.minihorse.eu\/wp-content\/uploads\/2024\/10\/Belly-Surcingles-Extender-dark-blue.jpg","type":"image\/jpeg"}],"twitter_card":"summary_large_image","twitter_misc":{"Dur\u00e9e de lecture estim\u00e9e":"1 minute"},"schema":{"@context":"https:\/\/schema.org","@graph":[{"@type":"WebPage","@id":"https:\/\/www.minihorse.eu\/produit\/belly-surcingles-extender\/","url":"https:\/\/www.minihorse.eu\/produit\/belly-surcingles-extender\/","name":"Extenseur de Sangles Ventrales - Minihorse.eu","isPartOf":{"@id":"https:\/\/www.minihorse.eu\/#website"},"primaryImageOfPage":{"@id":"https:\/\/www.minihorse.eu\/produit\/belly-surcingles-extender\/#primaryimage"},"image":{"@id":"https:\/\/www.minihorse.eu\/produit\/belly-surcingles-extender\/#primaryimage"},"thumbnailUrl":"https:\/\/www.minihorse.eu\/wp-content\/uploads\/2024\/10\/Belly-Surcingles-Extender-dark-blue.jpg","datePublished":"2024-10-15T16:10:56+00:00","dateModified":"2025-11-15T16:02:16+00:00","breadcrumb":{"@id":"https:\/\/www.minihorse.eu\/produit\/belly-surcingles-extender\/#breadcrumb"},"inLanguage":"fr-FR","potentialAction":[{"@type":"ReadAction","target":["https:\/\/www.minihorse.eu\/produit\/belly-surcingles-extender\/"]}]},{"@type":"ImageObject","inLanguage":"fr-FR","@id":"https:\/\/www.minihorse.eu\/produit\/belly-surcingles-extender\/#primaryimage","url":"https:\/\/www.minihorse.eu\/wp-content\/uploads\/2024\/10\/Belly-Surcingles-Extender-dark-blue.jpg","contentUrl":"https:\/\/www.minihorse.eu\/wp-content\/uploads\/2024\/10\/Belly-Surcingles-Extender-dark-blue.jpg","width":640,"height":480,"caption":"Extenseur_de_Sangles_Ventrales_-_bleu_fonc\u00e9.jpg"},{"@type":"BreadcrumbList","@id":"https:\/\/www.minihorse.eu\/produit\/belly-surcingles-extender\/#breadcrumb","itemListElement":[{"@type":"ListItem","position":1,"name":"Home","item":"https:\/\/www.minihorse.eu\/fr\/accueil\/"},{"@type":"ListItem","position":2,"name":"Boutique","item":"https:\/\/www.minihorse.eu\/fr\/boutique\/"},{"@type":"ListItem","position":3,"name":"Extenseur de Sangles Ventrales"}]},{"@type":"WebSite","@id":"https:\/\/www.minihorse.eu\/#website","url":"https:\/\/www.minihorse.eu\/","name":"Minihorse.eu","description":"The #1 store for Miniature Horses","publisher":{"@id":"https:\/\/www.minihorse.eu\/#organization"},"potentialAction":[{"@type":"SearchAction","target":{"@type":"EntryPoint","urlTemplate":"https:\/\/www.minihorse.eu\/?s={search_term_string}"},"query-input":{"@type":"PropertyValueSpecification","valueRequired":true,"valueName":"search_term_string"}}],"inLanguage":"fr-FR"},{"@type":"Organization","@id":"https:\/\/www.minihorse.eu\/#organization","name":"Minihorse.eu","url":"https:\/\/www.minihorse.eu\/","logo":{"@type":"ImageObject","inLanguage":"fr-FR","@id":"https:\/\/www.minihorse.eu\/#\/schema\/logo\/image\/","url":"https:\/\/www.minihorse.eu\/wp-content\/uploads\/2024\/08\/Logo-minihorse-ext.png","contentUrl":"https:\/\/www.minihorse.eu\/wp-content\/uploads\/2024\/08\/Logo-minihorse-ext.png","width":500,"height":500,"caption":"Minihorse.eu"},"image":{"@id":"https:\/\/www.minihorse.eu\/#\/schema\/logo\/image\/"},"sameAs":["https:\/\/www.facebook.com\/profile.php?id=100063487117479"]}]}},"jetpack_sharing_enabled":true,"_links":{"self":[{"href":"https:\/\/www.minihorse.eu\/fr\/wp-json\/wp\/v2\/product\/2969","targetHints":{"allow":["GET"]}}],"collection":[{"href":"https:\/\/www.minihorse.eu\/fr\/wp-json\/wp\/v2\/product"}],"about":[{"href":"https:\/\/www.minihorse.eu\/fr\/wp-json\/wp\/v2\/types\/product"}],"replies":[{"embeddable":true,"href":"https:\/\/www.minihorse.eu\/fr\/wp-json\/wp\/v2\/comments?post=2969"}],"wp:featuredmedia":[{"embeddable":true,"href":"https:\/\/www.minihorse.eu\/fr\/wp-json\/wp\/v2\/media\/1179"}],"wp:attachment":[{"href":"https:\/\/www.minihorse.eu\/fr\/wp-json\/wp\/v2\/media?parent=2969"}],"wp:term":[{"taxonomy":"product_brand","embeddable":true,"href":"https:\/\/www.minihorse.eu\/fr\/wp-json\/wp\/v2\/product_brand?post=2969"},{"taxonomy":"product_cat","embeddable":true,"href":"https:\/\/www.minihorse.eu\/fr\/wp-json\/wp\/v2\/product_cat?post=2969"},{"taxonomy":"product_tag","embeddable":true,"href":"https:\/\/www.minihorse.eu\/fr\/wp-json\/wp\/v2\/product_tag?post=2969"}],"curies":[{"name":"wp","href":"https:\/\/api.w.org\/{rel}","templated":true}]}}