{"id":3006,"date":"2024-10-14T15:02:12","date_gmt":"2024-10-14T15:02:12","guid":{"rendered":"https:\/\/horselandshop.com\/product\/couverture-classique-dhiver\/"},"modified":"2026-01-10T23:43:17","modified_gmt":"2026-01-10T23:43:17","slug":"couverture-classique-dhiver","status":"publish","type":"product","link":"https:\/\/www.minihorse.eu\/fr\/produit\/couverture-classique-dhiver\/","title":{"rendered":"Couverture d&rsquo;hiver"},"content":{"rendered":"<p>Gardez votre cheval miniature au chaud et prot\u00e9g\u00e9 cet hiver avec notre <strong>Couverture d\u2019hiver<\/strong>, con\u00e7ue pour offrir une chaleur et une durabilit\u00e9 optimales. Fabriqu\u00e9e en p<strong>olyester imperm\u00e9able ripstop 600 deniers<\/strong>, cette couverture prot\u00e8ge votre cheval des intemp\u00e9ries tout en offrant un confort maximal gr\u00e2ce \u00e0 son garnissage de <strong>300 grammes <\/strong>pour une isolation accrue. <\/p>\n<p><strong>Caract\u00e9ristiques principales :<\/strong><\/p>\n<ul>\n<li><strong>Tissu robuste 600D ripstop <\/strong>pour une protection imperm\u00e9able et une utilisation durable.<\/li>\n<li><strong>Le rembourrage de 300 g<\/strong> garantit la chaleur m\u00eame dans les conditions les plus froides.<\/li>\n<li><strong>Sangles crois\u00e9es avec arr\u00eat <\/strong>en caoutchouc pour un ajustement s\u00e9curis\u00e9 et confortable sans restreindre les mouvements.<\/li>\n<li><strong>Fermeture poitrail<\/strong> avec deux boucles r\u00e9glables et velcro pour un ajustement facile et personnalis\u00e9.<\/li>\n<li><strong>La protection<\/strong> de la queue <strong>et les sangles<\/strong> sous-fessi\u00e8res maintiennent la couverture bien en place et offrent une couverture suppl\u00e9mentaire pour le confort de votre cheval.<\/li>\n<\/ul>\n<p>Que ce soit au pr\u00e9 ou \u00e0 l\u2019\u00e9curie, cette couverture d\u2019hiver est con\u00e7ue pour offrir une chaleur, une protection et un ajustement optimaux \u00e0 votre pr\u00e9cieux cheval miniature.<\/p>\n","protected":false},"excerpt":{"rendered":"<p>Gardez votre cheval miniature au chaud et au sec cet hiver avec notre <strong>Couverture d\u2019hiver.<\/strong> Fabriqu\u00e9e en <strong>polyester imperm\u00e9able ripstop 600D<\/strong> avec un garnissage de <strong>300 grammes<\/strong> pour une isolation optimale, elle est<strong> \u00e9quip\u00e9e de sangles crois\u00e9es avec arr\u00eats en caoutchouc<\/strong>, <strong>d\u2019une fermeture poitrail avec deux boucles et velcro<\/strong>, ainsi que <strong>d\u2019une protection de la queue et de sangles sous-fessi\u00e8res pour une couverture s\u00e9curis\u00e9e.<\/strong> Parfaite pour le confort et la protection par temps froid!  <\/p>\n","protected":false},"featured_media":1116,"comment_status":"open","ping_status":"closed","template":"","meta":[],"product_brand":[],"product_cat":[194],"product_tag":[847,848,196,849],"class_list":{"0":"post-3006","1":"product","2":"type-product","3":"status-publish","4":"has-post-thumbnail","6":"product_cat-couvertures-dhiver","7":"product_tag-couverture-chaude","8":"product_tag-couverture-dexterieur","9":"product_tag-couverture-dhiver","10":"product_tag-couverture-dhiver-fr","12":"first","13":"instock","14":"sale","15":"taxable","16":"shipping-taxable","17":"purchasable","18":"product-type-variable","19":"has-default-attributes"},"yoast_head":"<!-- This site is optimized with the Yoast SEO plugin v27.5 - https:\/\/yoast.com\/product\/yoast-seo-wordpress\/ -->\n<title>Couverture d&#039;hiver - Minihorse.eu<\/title>\n<meta name=\"robots\" content=\"index, follow, max-snippet:-1, max-image-preview:large, max-video-preview:-1\" \/>\n<link rel=\"canonical\" href=\"https:\/\/www.minihorse.eu\/fr\/produit\/couverture-classique-dhiver\/\" \/>\n<meta property=\"og:locale\" content=\"fr_FR\" \/>\n<meta property=\"og:type\" content=\"article\" \/>\n<meta property=\"og:title\" content=\"Couverture d&#039;hiver - Minihorse.eu\" \/>\n<meta property=\"og:description\" content=\"Gardez votre cheval miniature au chaud et au sec cet hiver avec notre Couverture d\u2019hiver. Fabriqu\u00e9e en polyester imperm\u00e9able ripstop 600D avec un garnissage de 300 grammes pour une isolation optimale, elle est \u00e9quip\u00e9e de sangles crois\u00e9es avec arr\u00eats en caoutchouc, d\u2019une fermeture poitrail avec deux boucles et velcro, ainsi que d\u2019une protection de la queue et de sangles sous-fessi\u00e8res pour une couverture s\u00e9curis\u00e9e. Parfaite pour le confort et la protection par temps froid!\" \/>\n<meta property=\"og:url\" content=\"https:\/\/www.minihorse.eu\/fr\/produit\/couverture-classique-dhiver\/\" \/>\n<meta property=\"og:site_name\" content=\"Minihorse.eu\" \/>\n<meta property=\"article:publisher\" content=\"https:\/\/www.facebook.com\/profile.php?id=100063487117479\" \/>\n<meta property=\"article:modified_time\" content=\"2026-01-10T23:43:17+00:00\" \/>\n<meta property=\"og:image\" content=\"https:\/\/www.minihorse.eu\/wp-content\/uploads\/2024\/10\/Winterblanket-dark-blue-red-ribbon-2-5.jpg\" \/>\n\t<meta property=\"og:image:width\" content=\"800\" \/>\n\t<meta property=\"og:image:height\" content=\"600\" \/>\n\t<meta property=\"og:image:type\" content=\"image\/jpeg\" \/>\n<meta name=\"twitter:card\" content=\"summary_large_image\" \/>\n<meta name=\"twitter:label1\" content=\"Dur\u00e9e de lecture estim\u00e9e\" \/>\n\t<meta name=\"twitter:data1\" content=\"1 minute\" \/>\n<script type=\"application\/ld+json\" class=\"yoast-schema-graph\">{\"@context\":\"https:\\\/\\\/schema.org\",\"@graph\":[{\"@type\":\"WebPage\",\"@id\":\"https:\\\/\\\/www.minihorse.eu\\\/fr\\\/produit\\\/couverture-classique-dhiver\\\/\",\"url\":\"https:\\\/\\\/www.minihorse.eu\\\/fr\\\/produit\\\/couverture-classique-dhiver\\\/\",\"name\":\"Couverture d'hiver - Minihorse.eu\",\"isPartOf\":{\"@id\":\"https:\\\/\\\/www.minihorse.eu\\\/#website\"},\"primaryImageOfPage\":{\"@id\":\"https:\\\/\\\/www.minihorse.eu\\\/fr\\\/produit\\\/couverture-classique-dhiver\\\/#primaryimage\"},\"image\":{\"@id\":\"https:\\\/\\\/www.minihorse.eu\\\/fr\\\/produit\\\/couverture-classique-dhiver\\\/#primaryimage\"},\"thumbnailUrl\":\"https:\\\/\\\/www.minihorse.eu\\\/wp-content\\\/uploads\\\/2024\\\/10\\\/Winterblanket-dark-blue-red-ribbon-2-5.jpg\",\"datePublished\":\"2024-10-14T15:02:12+00:00\",\"dateModified\":\"2026-01-10T23:43:17+00:00\",\"breadcrumb\":{\"@id\":\"https:\\\/\\\/www.minihorse.eu\\\/fr\\\/produit\\\/couverture-classique-dhiver\\\/#breadcrumb\"},\"inLanguage\":\"fr-FR\",\"potentialAction\":[{\"@type\":\"ReadAction\",\"target\":[\"https:\\\/\\\/www.minihorse.eu\\\/fr\\\/produit\\\/couverture-classique-dhiver\\\/\"]}]},{\"@type\":\"ImageObject\",\"inLanguage\":\"fr-FR\",\"@id\":\"https:\\\/\\\/www.minihorse.eu\\\/fr\\\/produit\\\/couverture-classique-dhiver\\\/#primaryimage\",\"url\":\"https:\\\/\\\/www.minihorse.eu\\\/wp-content\\\/uploads\\\/2024\\\/10\\\/Winterblanket-dark-blue-red-ribbon-2-5.jpg\",\"contentUrl\":\"https:\\\/\\\/www.minihorse.eu\\\/wp-content\\\/uploads\\\/2024\\\/10\\\/Winterblanket-dark-blue-red-ribbon-2-5.jpg\",\"width\":800,\"height\":600},{\"@type\":\"BreadcrumbList\",\"@id\":\"https:\\\/\\\/www.minihorse.eu\\\/fr\\\/produit\\\/couverture-classique-dhiver\\\/#breadcrumb\",\"itemListElement\":[{\"@type\":\"ListItem\",\"position\":1,\"name\":\"Home\",\"item\":\"https:\\\/\\\/www.minihorse.eu\\\/fr\\\/accueil\\\/\"},{\"@type\":\"ListItem\",\"position\":2,\"name\":\"Boutique\",\"item\":\"https:\\\/\\\/www.minihorse.eu\\\/fr\\\/boutique\\\/\"},{\"@type\":\"ListItem\",\"position\":3,\"name\":\"Couverture d&#8217;hiver\"}]},{\"@type\":\"WebSite\",\"@id\":\"https:\\\/\\\/www.minihorse.eu\\\/#website\",\"url\":\"https:\\\/\\\/www.minihorse.eu\\\/\",\"name\":\"Minihorse.eu\",\"description\":\"The #1 store for Miniature Horses\",\"publisher\":{\"@id\":\"https:\\\/\\\/www.minihorse.eu\\\/#organization\"},\"potentialAction\":[{\"@type\":\"SearchAction\",\"target\":{\"@type\":\"EntryPoint\",\"urlTemplate\":\"https:\\\/\\\/www.minihorse.eu\\\/?s={search_term_string}\"},\"query-input\":{\"@type\":\"PropertyValueSpecification\",\"valueRequired\":true,\"valueName\":\"search_term_string\"}}],\"inLanguage\":\"fr-FR\"},{\"@type\":\"Organization\",\"@id\":\"https:\\\/\\\/www.minihorse.eu\\\/#organization\",\"name\":\"Minihorse.eu\",\"url\":\"https:\\\/\\\/www.minihorse.eu\\\/\",\"logo\":{\"@type\":\"ImageObject\",\"inLanguage\":\"fr-FR\",\"@id\":\"https:\\\/\\\/www.minihorse.eu\\\/#\\\/schema\\\/logo\\\/image\\\/\",\"url\":\"https:\\\/\\\/www.minihorse.eu\\\/wp-content\\\/uploads\\\/2024\\\/08\\\/Logo-minihorse-ext.png\",\"contentUrl\":\"https:\\\/\\\/www.minihorse.eu\\\/wp-content\\\/uploads\\\/2024\\\/08\\\/Logo-minihorse-ext.png\",\"width\":500,\"height\":500,\"caption\":\"Minihorse.eu\"},\"image\":{\"@id\":\"https:\\\/\\\/www.minihorse.eu\\\/#\\\/schema\\\/logo\\\/image\\\/\"},\"sameAs\":[\"https:\\\/\\\/www.facebook.com\\\/profile.php?id=100063487117479\"]}]}<\/script>\n<!-- \/ Yoast SEO plugin. -->","yoast_head_json":{"title":"Couverture d'hiver - Minihorse.eu","robots":{"index":"index","follow":"follow","max-snippet":"max-snippet:-1","max-image-preview":"max-image-preview:large","max-video-preview":"max-video-preview:-1"},"canonical":"https:\/\/www.minihorse.eu\/fr\/produit\/couverture-classique-dhiver\/","og_locale":"fr_FR","og_type":"article","og_title":"Couverture d'hiver - Minihorse.eu","og_description":"Gardez votre cheval miniature au chaud et au sec cet hiver avec notre Couverture d\u2019hiver. Fabriqu\u00e9e en polyester imperm\u00e9able ripstop 600D avec un garnissage de 300 grammes pour une isolation optimale, elle est \u00e9quip\u00e9e de sangles crois\u00e9es avec arr\u00eats en caoutchouc, d\u2019une fermeture poitrail avec deux boucles et velcro, ainsi que d\u2019une protection de la queue et de sangles sous-fessi\u00e8res pour une couverture s\u00e9curis\u00e9e. Parfaite pour le confort et la protection par temps froid!","og_url":"https:\/\/www.minihorse.eu\/fr\/produit\/couverture-classique-dhiver\/","og_site_name":"Minihorse.eu","article_publisher":"https:\/\/www.facebook.com\/profile.php?id=100063487117479","article_modified_time":"2026-01-10T23:43:17+00:00","og_image":[{"width":800,"height":600,"url":"https:\/\/www.minihorse.eu\/wp-content\/uploads\/2024\/10\/Winterblanket-dark-blue-red-ribbon-2-5.jpg","type":"image\/jpeg"}],"twitter_card":"summary_large_image","twitter_misc":{"Dur\u00e9e de lecture estim\u00e9e":"1 minute"},"schema":{"@context":"https:\/\/schema.org","@graph":[{"@type":"WebPage","@id":"https:\/\/www.minihorse.eu\/fr\/produit\/couverture-classique-dhiver\/","url":"https:\/\/www.minihorse.eu\/fr\/produit\/couverture-classique-dhiver\/","name":"Couverture d'hiver - Minihorse.eu","isPartOf":{"@id":"https:\/\/www.minihorse.eu\/#website"},"primaryImageOfPage":{"@id":"https:\/\/www.minihorse.eu\/fr\/produit\/couverture-classique-dhiver\/#primaryimage"},"image":{"@id":"https:\/\/www.minihorse.eu\/fr\/produit\/couverture-classique-dhiver\/#primaryimage"},"thumbnailUrl":"https:\/\/www.minihorse.eu\/wp-content\/uploads\/2024\/10\/Winterblanket-dark-blue-red-ribbon-2-5.jpg","datePublished":"2024-10-14T15:02:12+00:00","dateModified":"2026-01-10T23:43:17+00:00","breadcrumb":{"@id":"https:\/\/www.minihorse.eu\/fr\/produit\/couverture-classique-dhiver\/#breadcrumb"},"inLanguage":"fr-FR","potentialAction":[{"@type":"ReadAction","target":["https:\/\/www.minihorse.eu\/fr\/produit\/couverture-classique-dhiver\/"]}]},{"@type":"ImageObject","inLanguage":"fr-FR","@id":"https:\/\/www.minihorse.eu\/fr\/produit\/couverture-classique-dhiver\/#primaryimage","url":"https:\/\/www.minihorse.eu\/wp-content\/uploads\/2024\/10\/Winterblanket-dark-blue-red-ribbon-2-5.jpg","contentUrl":"https:\/\/www.minihorse.eu\/wp-content\/uploads\/2024\/10\/Winterblanket-dark-blue-red-ribbon-2-5.jpg","width":800,"height":600},{"@type":"BreadcrumbList","@id":"https:\/\/www.minihorse.eu\/fr\/produit\/couverture-classique-dhiver\/#breadcrumb","itemListElement":[{"@type":"ListItem","position":1,"name":"Home","item":"https:\/\/www.minihorse.eu\/fr\/accueil\/"},{"@type":"ListItem","position":2,"name":"Boutique","item":"https:\/\/www.minihorse.eu\/fr\/boutique\/"},{"@type":"ListItem","position":3,"name":"Couverture d&#8217;hiver"}]},{"@type":"WebSite","@id":"https:\/\/www.minihorse.eu\/#website","url":"https:\/\/www.minihorse.eu\/","name":"Minihorse.eu","description":"The #1 store for Miniature Horses","publisher":{"@id":"https:\/\/www.minihorse.eu\/#organization"},"potentialAction":[{"@type":"SearchAction","target":{"@type":"EntryPoint","urlTemplate":"https:\/\/www.minihorse.eu\/?s={search_term_string}"},"query-input":{"@type":"PropertyValueSpecification","valueRequired":true,"valueName":"search_term_string"}}],"inLanguage":"fr-FR"},{"@type":"Organization","@id":"https:\/\/www.minihorse.eu\/#organization","name":"Minihorse.eu","url":"https:\/\/www.minihorse.eu\/","logo":{"@type":"ImageObject","inLanguage":"fr-FR","@id":"https:\/\/www.minihorse.eu\/#\/schema\/logo\/image\/","url":"https:\/\/www.minihorse.eu\/wp-content\/uploads\/2024\/08\/Logo-minihorse-ext.png","contentUrl":"https:\/\/www.minihorse.eu\/wp-content\/uploads\/2024\/08\/Logo-minihorse-ext.png","width":500,"height":500,"caption":"Minihorse.eu"},"image":{"@id":"https:\/\/www.minihorse.eu\/#\/schema\/logo\/image\/"},"sameAs":["https:\/\/www.facebook.com\/profile.php?id=100063487117479"]}]}},"jetpack_sharing_enabled":true,"_links":{"self":[{"href":"https:\/\/www.minihorse.eu\/fr\/wp-json\/wp\/v2\/product\/3006","targetHints":{"allow":["GET"]}}],"collection":[{"href":"https:\/\/www.minihorse.eu\/fr\/wp-json\/wp\/v2\/product"}],"about":[{"href":"https:\/\/www.minihorse.eu\/fr\/wp-json\/wp\/v2\/types\/product"}],"replies":[{"embeddable":true,"href":"https:\/\/www.minihorse.eu\/fr\/wp-json\/wp\/v2\/comments?post=3006"}],"wp:featuredmedia":[{"embeddable":true,"href":"https:\/\/www.minihorse.eu\/fr\/wp-json\/wp\/v2\/media\/1116"}],"wp:attachment":[{"href":"https:\/\/www.minihorse.eu\/fr\/wp-json\/wp\/v2\/media?parent=3006"}],"wp:term":[{"taxonomy":"product_brand","embeddable":true,"href":"https:\/\/www.minihorse.eu\/fr\/wp-json\/wp\/v2\/product_brand?post=3006"},{"taxonomy":"product_cat","embeddable":true,"href":"https:\/\/www.minihorse.eu\/fr\/wp-json\/wp\/v2\/product_cat?post=3006"},{"taxonomy":"product_tag","embeddable":true,"href":"https:\/\/www.minihorse.eu\/fr\/wp-json\/wp\/v2\/product_tag?post=3006"}],"curies":[{"name":"wp","href":"https:\/\/api.w.org\/{rel}","templated":true}]}}