{"id":3069,"date":"2024-08-23T15:17:14","date_gmt":"2024-08-23T15:17:14","guid":{"rendered":"https:\/\/horselandshop.com\/product\/electrificateur-de-cloture-electrique-compact-olli-100\/"},"modified":"2025-12-05T09:05:00","modified_gmt":"2025-12-05T09:05:00","slug":"electrificateur-de-cloture-electrique-compact-olli-100","status":"publish","type":"product","link":"https:\/\/www.minihorse.eu\/fr\/produit\/electrificateur-de-cloture-electrique-compact-olli-100\/","title":{"rendered":"Olli 100 \u00c9lectrificateur secteur"},"content":{"rendered":"<p><strong>Olli 100 <\/strong>est un \u00e9lectrificateur secteur avec une puissance de sortie de 1,2 J. Il convient particuli\u00e8rement aux cl\u00f4tures courtes et aux conditions de cl\u00f4turage faciles, dans lesquelles la cl\u00f4ture peut \u00eatre maintenue exempte de branches, d&rsquo;herbe et d&rsquo;autres broussailles. Il convient, par exemple, aux cl\u00f4tures destin\u00e9es aux chiens et autres animaux domestiques ou aux chevaux qui respectent bien la cl\u00f4ture.  <\/p>\n<p>Cet \u00e9lectrificateur est id\u00e9al pour que les chevaux respectent les limites fix\u00e9es par la cl\u00f4ture. Sa conception compacte le rend facile \u00e0 installer et \u00e0 g\u00e9rer, tandis que ses performances robustes garantissent son efficacit\u00e9. <\/p>\n<p><strong>Conseil<\/strong>: une mise \u00e0 la terre inad\u00e9quate est la cause la plus fr\u00e9quente d&rsquo;une mauvaise efficacit\u00e9 de la cl\u00f4ture. En installant correctement et de mani\u00e8re ad\u00e9quate la mise \u00e0 la terre d\u00e8s le d\u00e9but, vous pouvez \u00e9viter de nombreux probl\u00e8mes li\u00e9s \u00e0 une mauvaise efficacit\u00e9 de la cl\u00f4ture.  <\/p>\n<p><strong>Olli 100<\/strong> est livr\u00e9 avec une garantie de trois ans, offrant tranquillit\u00e9 d&rsquo;esprit et assurance quant \u00e0 sa durabilit\u00e9 et ses performances.<\/p>\n<p><strong>Caract\u00e9ristiques principales :<\/strong><\/p>\n<ul>\n<li><strong>Design Compact : <\/strong>Parfait pour les cl\u00f4tures courtes et les p\u00e2turages de chevaux.<\/li>\n<li><strong>\u00c9nergie de Sortie de 1,2 J :<\/strong> Fournit une puissance fiable pour une cl\u00f4ture efficace.<\/li>\n<li><strong>Id\u00e9al pour les Chevaux et les Animaux : <\/strong>Convient aux animaux qui respectent les limites de la cl\u00f4ture.<\/li>\n<li><strong>Astuce pour une Utilisation Optimale : <\/strong>Assurez-vous d&rsquo;une mise \u00e0 la terre correcte pour une efficacit\u00e9 maximale.<\/li>\n<li><strong>Garantie de Trois Ans : <\/strong>Confiance en la durabilit\u00e9 et les performances \u00e0 long terme.<\/li>\n<\/ul>\n<p>Maintenez une cl\u00f4ture s\u00e9curis\u00e9e et efficace avec l\u2019\u00e9lectrificateur de <strong>cl\u00f4ture \u00e9lectrique compact Olli 100<\/strong>, garantissant la s\u00e9curit\u00e9 et la fiabilit\u00e9 pour vos animaux.<\/p>\n<p>&nbsp;<\/p>\n","protected":false},"excerpt":{"rendered":"<p><strong>Olli 100 <\/strong>est un \u00e9lectrificateur secteur avec une puissance de sortie de 1,2 J. Il convient particuli\u00e8rement aux cl\u00f4tures courtes et aux conditions de cl\u00f4turage faciles, dans lesquelles la cl\u00f4ture peut \u00eatre maintenue exempte de branches, d&rsquo;herbe et d&rsquo;autres broussailles. Il convient, par exemple, aux cl\u00f4tures destin\u00e9es aux chiens et autres animaux domestiques ou aux chevaux qui respectent bien la cl\u00f4ture.  <\/p>\n<p>Conseil: une mise \u00e0 la terre inad\u00e9quate est la cause la plus fr\u00e9quente d&rsquo;une mauvaise efficacit\u00e9 de la cl\u00f4ture. En installant correctement et de mani\u00e8re ad\u00e9quate la mise \u00e0 la terre d\u00e8s le d\u00e9but, vous pouvez \u00e9viter de nombreux probl\u00e8mes li\u00e9s \u00e0 une mauvaise efficacit\u00e9 de la cl\u00f4ture.  <\/p>\n","protected":false},"featured_media":12538,"comment_status":"open","ping_status":"closed","template":"","meta":[],"product_brand":[],"product_cat":[1581],"product_tag":[1588,348,1587],"class_list":{"0":"post-3069","1":"product","2":"type-product","3":"status-publish","4":"has-post-thumbnail","6":"product_cat-electrificateurs-230-v","7":"product_tag-230v","8":"product_tag-clotures","9":"product_tag-electrificateur-secteur","11":"first","12":"instock","13":"taxable","14":"shipping-taxable","15":"purchasable","16":"product-type-simple"},"yoast_head":"<!-- This site is optimized with the Yoast SEO plugin v27.4 - https:\/\/yoast.com\/product\/yoast-seo-wordpress\/ -->\n<title>Olli 100 \u00c9lectrificateur secteur - Minihorse.eu<\/title>\n<meta name=\"description\" content=\"Olli 100 est un \u00e9lectrificateur secteur avec une \u00e9nergie de sortie de 1,2 J, adapt\u00e9 aux cl\u00f4tures courtes et aux conditions de cl\u00f4turage faciles, pour les cl\u00f4tures destin\u00e9es aux animaux de compagnie ou aux chevaux qui respectent bien la cl\u00f4ture.\" \/>\n<meta name=\"robots\" content=\"index, follow, max-snippet:-1, max-image-preview:large, max-video-preview:-1\" \/>\n<link rel=\"canonical\" href=\"https:\/\/www.minihorse.eu\/fr\/produit\/electrificateur-de-cloture-electrique-compact-olli-100\/\" \/>\n<meta property=\"og:locale\" content=\"fr_FR\" \/>\n<meta property=\"og:type\" content=\"article\" \/>\n<meta property=\"og:title\" content=\"Olli 100 \u00c9lectrificateur secteur - Minihorse.eu\" \/>\n<meta property=\"og:description\" content=\"Olli 100 est un \u00e9lectrificateur secteur avec une \u00e9nergie de sortie de 1,2 J, adapt\u00e9 aux cl\u00f4tures courtes et aux conditions de cl\u00f4turage faciles, pour les cl\u00f4tures destin\u00e9es aux animaux de compagnie ou aux chevaux qui respectent bien la cl\u00f4ture.\" \/>\n<meta property=\"og:url\" content=\"https:\/\/www.minihorse.eu\/fr\/produit\/electrificateur-de-cloture-electrique-compact-olli-100\/\" \/>\n<meta property=\"og:site_name\" content=\"Minihorse.eu\" \/>\n<meta property=\"article:publisher\" content=\"https:\/\/www.facebook.com\/profile.php?id=100063487117479\" \/>\n<meta property=\"article:modified_time\" content=\"2025-12-05T09:05:00+00:00\" \/>\n<meta property=\"og:image\" content=\"https:\/\/www.minihorse.eu\/wp-content\/uploads\/2024\/08\/Olli-100-1.jpg\" \/>\n\t<meta property=\"og:image:width\" content=\"478\" \/>\n\t<meta property=\"og:image:height\" content=\"800\" \/>\n\t<meta property=\"og:image:type\" content=\"image\/jpeg\" \/>\n<meta name=\"twitter:card\" content=\"summary_large_image\" \/>\n<meta name=\"twitter:label1\" content=\"Dur\u00e9e de lecture estim\u00e9e\" \/>\n\t<meta name=\"twitter:data1\" content=\"1 minute\" \/>\n<script type=\"application\/ld+json\" class=\"yoast-schema-graph\">{\"@context\":\"https:\\\/\\\/schema.org\",\"@graph\":[{\"@type\":\"WebPage\",\"@id\":\"https:\\\/\\\/www.minihorse.eu\\\/fr\\\/produit\\\/electrificateur-de-cloture-electrique-compact-olli-100\\\/\",\"url\":\"https:\\\/\\\/www.minihorse.eu\\\/fr\\\/produit\\\/electrificateur-de-cloture-electrique-compact-olli-100\\\/\",\"name\":\"Olli 100 \u00c9lectrificateur secteur - Minihorse.eu\",\"isPartOf\":{\"@id\":\"https:\\\/\\\/www.minihorse.eu\\\/#website\"},\"primaryImageOfPage\":{\"@id\":\"https:\\\/\\\/www.minihorse.eu\\\/fr\\\/produit\\\/electrificateur-de-cloture-electrique-compact-olli-100\\\/#primaryimage\"},\"image\":{\"@id\":\"https:\\\/\\\/www.minihorse.eu\\\/fr\\\/produit\\\/electrificateur-de-cloture-electrique-compact-olli-100\\\/#primaryimage\"},\"thumbnailUrl\":\"https:\\\/\\\/www.minihorse.eu\\\/wp-content\\\/uploads\\\/2024\\\/08\\\/Olli-100-1.jpg\",\"datePublished\":\"2024-08-23T15:17:14+00:00\",\"dateModified\":\"2025-12-05T09:05:00+00:00\",\"description\":\"Olli 100 est un \u00e9lectrificateur secteur avec une \u00e9nergie de sortie de 1,2 J, adapt\u00e9 aux cl\u00f4tures courtes et aux conditions de cl\u00f4turage faciles, pour les cl\u00f4tures destin\u00e9es aux animaux de compagnie ou aux chevaux qui respectent bien la cl\u00f4ture.\",\"breadcrumb\":{\"@id\":\"https:\\\/\\\/www.minihorse.eu\\\/fr\\\/produit\\\/electrificateur-de-cloture-electrique-compact-olli-100\\\/#breadcrumb\"},\"inLanguage\":\"fr-FR\",\"potentialAction\":[{\"@type\":\"ReadAction\",\"target\":[\"https:\\\/\\\/www.minihorse.eu\\\/fr\\\/produit\\\/electrificateur-de-cloture-electrique-compact-olli-100\\\/\"]}]},{\"@type\":\"ImageObject\",\"inLanguage\":\"fr-FR\",\"@id\":\"https:\\\/\\\/www.minihorse.eu\\\/fr\\\/produit\\\/electrificateur-de-cloture-electrique-compact-olli-100\\\/#primaryimage\",\"url\":\"https:\\\/\\\/www.minihorse.eu\\\/wp-content\\\/uploads\\\/2024\\\/08\\\/Olli-100-1.jpg\",\"contentUrl\":\"https:\\\/\\\/www.minihorse.eu\\\/wp-content\\\/uploads\\\/2024\\\/08\\\/Olli-100-1.jpg\",\"width\":478,\"height\":800},{\"@type\":\"BreadcrumbList\",\"@id\":\"https:\\\/\\\/www.minihorse.eu\\\/fr\\\/produit\\\/electrificateur-de-cloture-electrique-compact-olli-100\\\/#breadcrumb\",\"itemListElement\":[{\"@type\":\"ListItem\",\"position\":1,\"name\":\"Home\",\"item\":\"https:\\\/\\\/www.minihorse.eu\\\/fr\\\/accueil\\\/\"},{\"@type\":\"ListItem\",\"position\":2,\"name\":\"Boutique\",\"item\":\"https:\\\/\\\/www.minihorse.eu\\\/fr\\\/boutique\\\/\"},{\"@type\":\"ListItem\",\"position\":3,\"name\":\"Olli 100 \u00c9lectrificateur secteur\"}]},{\"@type\":\"WebSite\",\"@id\":\"https:\\\/\\\/www.minihorse.eu\\\/#website\",\"url\":\"https:\\\/\\\/www.minihorse.eu\\\/\",\"name\":\"Minihorse.eu\",\"description\":\"The #1 store for Miniature Horses\",\"publisher\":{\"@id\":\"https:\\\/\\\/www.minihorse.eu\\\/#organization\"},\"potentialAction\":[{\"@type\":\"SearchAction\",\"target\":{\"@type\":\"EntryPoint\",\"urlTemplate\":\"https:\\\/\\\/www.minihorse.eu\\\/?s={search_term_string}\"},\"query-input\":{\"@type\":\"PropertyValueSpecification\",\"valueRequired\":true,\"valueName\":\"search_term_string\"}}],\"inLanguage\":\"fr-FR\"},{\"@type\":\"Organization\",\"@id\":\"https:\\\/\\\/www.minihorse.eu\\\/#organization\",\"name\":\"Minihorse.eu\",\"url\":\"https:\\\/\\\/www.minihorse.eu\\\/\",\"logo\":{\"@type\":\"ImageObject\",\"inLanguage\":\"fr-FR\",\"@id\":\"https:\\\/\\\/www.minihorse.eu\\\/#\\\/schema\\\/logo\\\/image\\\/\",\"url\":\"https:\\\/\\\/www.minihorse.eu\\\/wp-content\\\/uploads\\\/2024\\\/08\\\/Logo-minihorse-ext.png\",\"contentUrl\":\"https:\\\/\\\/www.minihorse.eu\\\/wp-content\\\/uploads\\\/2024\\\/08\\\/Logo-minihorse-ext.png\",\"width\":500,\"height\":500,\"caption\":\"Minihorse.eu\"},\"image\":{\"@id\":\"https:\\\/\\\/www.minihorse.eu\\\/#\\\/schema\\\/logo\\\/image\\\/\"},\"sameAs\":[\"https:\\\/\\\/www.facebook.com\\\/profile.php?id=100063487117479\"]}]}<\/script>\n<!-- \/ Yoast SEO plugin. -->","yoast_head_json":{"title":"Olli 100 \u00c9lectrificateur secteur - Minihorse.eu","description":"Olli 100 est un \u00e9lectrificateur secteur avec une \u00e9nergie de sortie de 1,2 J, adapt\u00e9 aux cl\u00f4tures courtes et aux conditions de cl\u00f4turage faciles, pour les cl\u00f4tures destin\u00e9es aux animaux de compagnie ou aux chevaux qui respectent bien la cl\u00f4ture.","robots":{"index":"index","follow":"follow","max-snippet":"max-snippet:-1","max-image-preview":"max-image-preview:large","max-video-preview":"max-video-preview:-1"},"canonical":"https:\/\/www.minihorse.eu\/fr\/produit\/electrificateur-de-cloture-electrique-compact-olli-100\/","og_locale":"fr_FR","og_type":"article","og_title":"Olli 100 \u00c9lectrificateur secteur - Minihorse.eu","og_description":"Olli 100 est un \u00e9lectrificateur secteur avec une \u00e9nergie de sortie de 1,2 J, adapt\u00e9 aux cl\u00f4tures courtes et aux conditions de cl\u00f4turage faciles, pour les cl\u00f4tures destin\u00e9es aux animaux de compagnie ou aux chevaux qui respectent bien la cl\u00f4ture.","og_url":"https:\/\/www.minihorse.eu\/fr\/produit\/electrificateur-de-cloture-electrique-compact-olli-100\/","og_site_name":"Minihorse.eu","article_publisher":"https:\/\/www.facebook.com\/profile.php?id=100063487117479","article_modified_time":"2025-12-05T09:05:00+00:00","og_image":[{"width":478,"height":800,"url":"https:\/\/www.minihorse.eu\/wp-content\/uploads\/2024\/08\/Olli-100-1.jpg","type":"image\/jpeg"}],"twitter_card":"summary_large_image","twitter_misc":{"Dur\u00e9e de lecture estim\u00e9e":"1 minute"},"schema":{"@context":"https:\/\/schema.org","@graph":[{"@type":"WebPage","@id":"https:\/\/www.minihorse.eu\/fr\/produit\/electrificateur-de-cloture-electrique-compact-olli-100\/","url":"https:\/\/www.minihorse.eu\/fr\/produit\/electrificateur-de-cloture-electrique-compact-olli-100\/","name":"Olli 100 \u00c9lectrificateur secteur - Minihorse.eu","isPartOf":{"@id":"https:\/\/www.minihorse.eu\/#website"},"primaryImageOfPage":{"@id":"https:\/\/www.minihorse.eu\/fr\/produit\/electrificateur-de-cloture-electrique-compact-olli-100\/#primaryimage"},"image":{"@id":"https:\/\/www.minihorse.eu\/fr\/produit\/electrificateur-de-cloture-electrique-compact-olli-100\/#primaryimage"},"thumbnailUrl":"https:\/\/www.minihorse.eu\/wp-content\/uploads\/2024\/08\/Olli-100-1.jpg","datePublished":"2024-08-23T15:17:14+00:00","dateModified":"2025-12-05T09:05:00+00:00","description":"Olli 100 est un \u00e9lectrificateur secteur avec une \u00e9nergie de sortie de 1,2 J, adapt\u00e9 aux cl\u00f4tures courtes et aux conditions de cl\u00f4turage faciles, pour les cl\u00f4tures destin\u00e9es aux animaux de compagnie ou aux chevaux qui respectent bien la cl\u00f4ture.","breadcrumb":{"@id":"https:\/\/www.minihorse.eu\/fr\/produit\/electrificateur-de-cloture-electrique-compact-olli-100\/#breadcrumb"},"inLanguage":"fr-FR","potentialAction":[{"@type":"ReadAction","target":["https:\/\/www.minihorse.eu\/fr\/produit\/electrificateur-de-cloture-electrique-compact-olli-100\/"]}]},{"@type":"ImageObject","inLanguage":"fr-FR","@id":"https:\/\/www.minihorse.eu\/fr\/produit\/electrificateur-de-cloture-electrique-compact-olli-100\/#primaryimage","url":"https:\/\/www.minihorse.eu\/wp-content\/uploads\/2024\/08\/Olli-100-1.jpg","contentUrl":"https:\/\/www.minihorse.eu\/wp-content\/uploads\/2024\/08\/Olli-100-1.jpg","width":478,"height":800},{"@type":"BreadcrumbList","@id":"https:\/\/www.minihorse.eu\/fr\/produit\/electrificateur-de-cloture-electrique-compact-olli-100\/#breadcrumb","itemListElement":[{"@type":"ListItem","position":1,"name":"Home","item":"https:\/\/www.minihorse.eu\/fr\/accueil\/"},{"@type":"ListItem","position":2,"name":"Boutique","item":"https:\/\/www.minihorse.eu\/fr\/boutique\/"},{"@type":"ListItem","position":3,"name":"Olli 100 \u00c9lectrificateur secteur"}]},{"@type":"WebSite","@id":"https:\/\/www.minihorse.eu\/#website","url":"https:\/\/www.minihorse.eu\/","name":"Minihorse.eu","description":"The #1 store for Miniature Horses","publisher":{"@id":"https:\/\/www.minihorse.eu\/#organization"},"potentialAction":[{"@type":"SearchAction","target":{"@type":"EntryPoint","urlTemplate":"https:\/\/www.minihorse.eu\/?s={search_term_string}"},"query-input":{"@type":"PropertyValueSpecification","valueRequired":true,"valueName":"search_term_string"}}],"inLanguage":"fr-FR"},{"@type":"Organization","@id":"https:\/\/www.minihorse.eu\/#organization","name":"Minihorse.eu","url":"https:\/\/www.minihorse.eu\/","logo":{"@type":"ImageObject","inLanguage":"fr-FR","@id":"https:\/\/www.minihorse.eu\/#\/schema\/logo\/image\/","url":"https:\/\/www.minihorse.eu\/wp-content\/uploads\/2024\/08\/Logo-minihorse-ext.png","contentUrl":"https:\/\/www.minihorse.eu\/wp-content\/uploads\/2024\/08\/Logo-minihorse-ext.png","width":500,"height":500,"caption":"Minihorse.eu"},"image":{"@id":"https:\/\/www.minihorse.eu\/#\/schema\/logo\/image\/"},"sameAs":["https:\/\/www.facebook.com\/profile.php?id=100063487117479"]}]}},"jetpack_sharing_enabled":true,"_links":{"self":[{"href":"https:\/\/www.minihorse.eu\/fr\/wp-json\/wp\/v2\/product\/3069","targetHints":{"allow":["GET"]}}],"collection":[{"href":"https:\/\/www.minihorse.eu\/fr\/wp-json\/wp\/v2\/product"}],"about":[{"href":"https:\/\/www.minihorse.eu\/fr\/wp-json\/wp\/v2\/types\/product"}],"replies":[{"embeddable":true,"href":"https:\/\/www.minihorse.eu\/fr\/wp-json\/wp\/v2\/comments?post=3069"}],"wp:featuredmedia":[{"embeddable":true,"href":"https:\/\/www.minihorse.eu\/fr\/wp-json\/wp\/v2\/media\/12538"}],"wp:attachment":[{"href":"https:\/\/www.minihorse.eu\/fr\/wp-json\/wp\/v2\/media?parent=3069"}],"wp:term":[{"taxonomy":"product_brand","embeddable":true,"href":"https:\/\/www.minihorse.eu\/fr\/wp-json\/wp\/v2\/product_brand?post=3069"},{"taxonomy":"product_cat","embeddable":true,"href":"https:\/\/www.minihorse.eu\/fr\/wp-json\/wp\/v2\/product_cat?post=3069"},{"taxonomy":"product_tag","embeddable":true,"href":"https:\/\/www.minihorse.eu\/fr\/wp-json\/wp\/v2\/product_tag?post=3069"}],"curies":[{"name":"wp","href":"https:\/\/api.w.org\/{rel}","templated":true}]}}