{"id":3080,"date":"2024-08-23T11:49:41","date_gmt":"2024-08-23T11:49:41","guid":{"rendered":"https:\/\/horselandshop.com\/product\/shampoing-cowboy-magic-shine-yellow-out\/"},"modified":"2024-08-23T11:49:41","modified_gmt":"2024-08-23T11:49:41","slug":"shampoing-cowboy-magic-shine-yellow-out","status":"publish","type":"product","link":"https:\/\/www.minihorse.eu\/fr\/produit\/shampoing-cowboy-magic-shine-yellow-out\/","title":{"rendered":"Shampoing COWBOY MAGIC SHINE YELLOW OUT"},"content":{"rendered":"<p><strong>Shampoing Cowboy Magic Shine In Yellow Out \u2013 \u00c9clat et Neutralisation des Taches pour une Brillance \u00c9blouissante<\/strong><\/p>\n<p>Transformez le pelage de votre cheval ou de votre chien avec le <strong>Shampoing Cowboy Magic Shine<\/strong> In Yellow Out, sp\u00e9cialement formul\u00e9 pour neutraliser les taches jaunes et sublimer l\u2019\u00e9clat de toutes les couleurs de poil.<br \/>Que le pelage de votre animal soit noir, blanc, alezan, bai brun, rouan, palomino ou pie, ce shampoing fait des merveilles pour \u00e9liminer les taches jaunes et donner \u00e0 chaque couleur une brillance plus vive et \u00e9clatante. Cette formule puissante ne se contente pas de neutraliser les jaunissements ind\u00e9sirables, elle laisse \u00e9galement les poils soyeux, brillants et d\u00e9licatement parfum\u00e9s.<br \/>Con\u00e7u pour illuminer les poils blancs, ce <strong>shampoing les rend plus<\/strong> \u00e9clatants et lumineux que jamais. Id\u00e9al pour les chevaux comme pour les chiens, Cowboy Magic Shine In Yellow Out Shampoo est parfait pour un toilettage r\u00e9gulier afin de maintenir une apparence impeccable, pr\u00eate pour les concours.<br \/><strong>Mode d\u2019emploi :<\/strong>Appliquez sur les poils mouill\u00e9s et massez jusqu\u2019\u00e0 ce que la mousse bleue devienne blanche. Laissez agir pendant deux \u00e0 cinq minutes avant de rincer abondamment. Pour les taches jaunes persistantes, r\u00e9p\u00e9tez le processus si n\u00e9cessaire. En cas de taches caus\u00e9es par des conditions naturelles et devenues permanentes, utilisez un m\u00e9lange 50\/50 de vinaigre et d\u2019eau ti\u00e8de \u00e0 chaude pour faire tremper les poils tach\u00e9s avant d\u2019appliquer le shampoing. Si la tache persiste, elle peut \u00eatre permanente, mais une utilisation continue du shampoing aidera \u00e0 minimiser son apparence jusqu\u2019\u00e0 ce qu\u2019elle disparaisse avec la repousse.<br \/><strong>Test\u00e9 contre les allergies<\/strong> et approuv\u00e9 par les <strong>dermatologues<\/strong>, le Shampoing <strong>Cowboy Magic Shine In Yellow<\/strong> Out est s\u00fbr pour un usage r\u00e9gulier sur les chevaux et les chiens. <\/p>\n","protected":false},"excerpt":{"rendered":"<p><strong>Le Shampoing Cowboy Magic Shine In Yellow<\/strong> Out \u00e9limine les taches jaunes, illumine toutes les couleurs de poil et laisse une brillance \u00e9clatante. Parfait pour les chevaux et les chiens. S\u00fbr et efficace.  <\/p>\n","protected":false},"featured_media":9024,"comment_status":"open","ping_status":"closed","template":"","meta":[],"product_brand":[],"product_cat":[181,180],"product_tag":[1099,444,1088,1089],"class_list":{"0":"post-3080","1":"product","2":"type-product","3":"status-publish","4":"has-post-thumbnail","6":"product_cat-cowboy-magic-fr","7":"product_cat-soins","8":"product_tag-cheval-miniature","9":"product_tag-shampoing","10":"product_tag-shampoing-blanc","11":"product_tag-shampoing-cheval-blanc","13":"first","14":"instock","15":"taxable","16":"shipping-taxable","17":"purchasable","18":"product-type-variable"},"yoast_head":"<!-- This site is optimized with the Yoast SEO plugin v27.5 - https:\/\/yoast.com\/product\/yoast-seo-wordpress\/ -->\n<title>Shampoing COWBOY MAGIC SHINE YELLOW OUT - Minihorse.eu<\/title>\n<meta name=\"robots\" content=\"index, follow, max-snippet:-1, max-image-preview:large, max-video-preview:-1\" \/>\n<link rel=\"canonical\" href=\"https:\/\/www.minihorse.eu\/fr\/produit\/shampoing-cowboy-magic-shine-yellow-out\/\" \/>\n<meta property=\"og:locale\" content=\"fr_FR\" \/>\n<meta property=\"og:type\" content=\"article\" \/>\n<meta property=\"og:title\" content=\"Shampoing COWBOY MAGIC SHINE YELLOW OUT - Minihorse.eu\" \/>\n<meta property=\"og:description\" content=\"Le Shampoing Cowboy Magic Shine In Yellow Out \u00e9limine les taches jaunes, illumine toutes les couleurs de poil et laisse une brillance \u00e9clatante. Parfait pour les chevaux et les chiens. S\u00fbr et efficace.\" \/>\n<meta property=\"og:url\" content=\"https:\/\/www.minihorse.eu\/fr\/produit\/shampoing-cowboy-magic-shine-yellow-out\/\" \/>\n<meta property=\"og:site_name\" content=\"Minihorse.eu\" \/>\n<meta property=\"article:publisher\" content=\"https:\/\/www.facebook.com\/profile.php?id=100063487117479\" \/>\n<meta property=\"og:image\" content=\"https:\/\/www.minihorse.eu\/wp-content\/uploads\/2025\/04\/SDC17009.jpg\" \/>\n\t<meta property=\"og:image:width\" content=\"600\" \/>\n\t<meta property=\"og:image:height\" content=\"600\" \/>\n\t<meta property=\"og:image:type\" content=\"image\/jpeg\" \/>\n<meta name=\"twitter:card\" content=\"summary_large_image\" \/>\n<meta name=\"twitter:label1\" content=\"Dur\u00e9e de lecture estim\u00e9e\" \/>\n\t<meta name=\"twitter:data1\" content=\"2 minutes\" \/>\n<script type=\"application\/ld+json\" class=\"yoast-schema-graph\">{\"@context\":\"https:\\\/\\\/schema.org\",\"@graph\":[{\"@type\":\"WebPage\",\"@id\":\"https:\\\/\\\/www.minihorse.eu\\\/fr\\\/produit\\\/shampoing-cowboy-magic-shine-yellow-out\\\/\",\"url\":\"https:\\\/\\\/www.minihorse.eu\\\/fr\\\/produit\\\/shampoing-cowboy-magic-shine-yellow-out\\\/\",\"name\":\"Shampoing COWBOY MAGIC SHINE YELLOW OUT - Minihorse.eu\",\"isPartOf\":{\"@id\":\"https:\\\/\\\/www.minihorse.eu\\\/#website\"},\"primaryImageOfPage\":{\"@id\":\"https:\\\/\\\/www.minihorse.eu\\\/fr\\\/produit\\\/shampoing-cowboy-magic-shine-yellow-out\\\/#primaryimage\"},\"image\":{\"@id\":\"https:\\\/\\\/www.minihorse.eu\\\/fr\\\/produit\\\/shampoing-cowboy-magic-shine-yellow-out\\\/#primaryimage\"},\"thumbnailUrl\":\"https:\\\/\\\/www.minihorse.eu\\\/wp-content\\\/uploads\\\/2025\\\/04\\\/SDC17009.jpg\",\"datePublished\":\"2024-08-23T11:49:41+00:00\",\"breadcrumb\":{\"@id\":\"https:\\\/\\\/www.minihorse.eu\\\/fr\\\/produit\\\/shampoing-cowboy-magic-shine-yellow-out\\\/#breadcrumb\"},\"inLanguage\":\"fr-FR\",\"potentialAction\":[{\"@type\":\"ReadAction\",\"target\":[\"https:\\\/\\\/www.minihorse.eu\\\/fr\\\/produit\\\/shampoing-cowboy-magic-shine-yellow-out\\\/\"]}]},{\"@type\":\"ImageObject\",\"inLanguage\":\"fr-FR\",\"@id\":\"https:\\\/\\\/www.minihorse.eu\\\/fr\\\/produit\\\/shampoing-cowboy-magic-shine-yellow-out\\\/#primaryimage\",\"url\":\"https:\\\/\\\/www.minihorse.eu\\\/wp-content\\\/uploads\\\/2025\\\/04\\\/SDC17009.jpg\",\"contentUrl\":\"https:\\\/\\\/www.minihorse.eu\\\/wp-content\\\/uploads\\\/2025\\\/04\\\/SDC17009.jpg\",\"width\":600,\"height\":600},{\"@type\":\"BreadcrumbList\",\"@id\":\"https:\\\/\\\/www.minihorse.eu\\\/fr\\\/produit\\\/shampoing-cowboy-magic-shine-yellow-out\\\/#breadcrumb\",\"itemListElement\":[{\"@type\":\"ListItem\",\"position\":1,\"name\":\"Home\",\"item\":\"https:\\\/\\\/www.minihorse.eu\\\/fr\\\/accueil\\\/\"},{\"@type\":\"ListItem\",\"position\":2,\"name\":\"Boutique\",\"item\":\"https:\\\/\\\/www.minihorse.eu\\\/fr\\\/boutique\\\/\"},{\"@type\":\"ListItem\",\"position\":3,\"name\":\"Shampoing COWBOY MAGIC SHINE YELLOW OUT\"}]},{\"@type\":\"WebSite\",\"@id\":\"https:\\\/\\\/www.minihorse.eu\\\/#website\",\"url\":\"https:\\\/\\\/www.minihorse.eu\\\/\",\"name\":\"Minihorse.eu\",\"description\":\"The #1 store for Miniature Horses\",\"publisher\":{\"@id\":\"https:\\\/\\\/www.minihorse.eu\\\/#organization\"},\"potentialAction\":[{\"@type\":\"SearchAction\",\"target\":{\"@type\":\"EntryPoint\",\"urlTemplate\":\"https:\\\/\\\/www.minihorse.eu\\\/?s={search_term_string}\"},\"query-input\":{\"@type\":\"PropertyValueSpecification\",\"valueRequired\":true,\"valueName\":\"search_term_string\"}}],\"inLanguage\":\"fr-FR\"},{\"@type\":\"Organization\",\"@id\":\"https:\\\/\\\/www.minihorse.eu\\\/#organization\",\"name\":\"Minihorse.eu\",\"url\":\"https:\\\/\\\/www.minihorse.eu\\\/\",\"logo\":{\"@type\":\"ImageObject\",\"inLanguage\":\"fr-FR\",\"@id\":\"https:\\\/\\\/www.minihorse.eu\\\/#\\\/schema\\\/logo\\\/image\\\/\",\"url\":\"https:\\\/\\\/www.minihorse.eu\\\/wp-content\\\/uploads\\\/2024\\\/08\\\/Logo-minihorse-ext.png\",\"contentUrl\":\"https:\\\/\\\/www.minihorse.eu\\\/wp-content\\\/uploads\\\/2024\\\/08\\\/Logo-minihorse-ext.png\",\"width\":500,\"height\":500,\"caption\":\"Minihorse.eu\"},\"image\":{\"@id\":\"https:\\\/\\\/www.minihorse.eu\\\/#\\\/schema\\\/logo\\\/image\\\/\"},\"sameAs\":[\"https:\\\/\\\/www.facebook.com\\\/profile.php?id=100063487117479\"]}]}<\/script>\n<!-- \/ Yoast SEO plugin. -->","yoast_head_json":{"title":"Shampoing COWBOY MAGIC SHINE YELLOW OUT - Minihorse.eu","robots":{"index":"index","follow":"follow","max-snippet":"max-snippet:-1","max-image-preview":"max-image-preview:large","max-video-preview":"max-video-preview:-1"},"canonical":"https:\/\/www.minihorse.eu\/fr\/produit\/shampoing-cowboy-magic-shine-yellow-out\/","og_locale":"fr_FR","og_type":"article","og_title":"Shampoing COWBOY MAGIC SHINE YELLOW OUT - Minihorse.eu","og_description":"Le Shampoing Cowboy Magic Shine In Yellow Out \u00e9limine les taches jaunes, illumine toutes les couleurs de poil et laisse une brillance \u00e9clatante. Parfait pour les chevaux et les chiens. S\u00fbr et efficace.","og_url":"https:\/\/www.minihorse.eu\/fr\/produit\/shampoing-cowboy-magic-shine-yellow-out\/","og_site_name":"Minihorse.eu","article_publisher":"https:\/\/www.facebook.com\/profile.php?id=100063487117479","og_image":[{"width":600,"height":600,"url":"https:\/\/www.minihorse.eu\/wp-content\/uploads\/2025\/04\/SDC17009.jpg","type":"image\/jpeg"}],"twitter_card":"summary_large_image","twitter_misc":{"Dur\u00e9e de lecture estim\u00e9e":"2 minutes"},"schema":{"@context":"https:\/\/schema.org","@graph":[{"@type":"WebPage","@id":"https:\/\/www.minihorse.eu\/fr\/produit\/shampoing-cowboy-magic-shine-yellow-out\/","url":"https:\/\/www.minihorse.eu\/fr\/produit\/shampoing-cowboy-magic-shine-yellow-out\/","name":"Shampoing COWBOY MAGIC SHINE YELLOW OUT - Minihorse.eu","isPartOf":{"@id":"https:\/\/www.minihorse.eu\/#website"},"primaryImageOfPage":{"@id":"https:\/\/www.minihorse.eu\/fr\/produit\/shampoing-cowboy-magic-shine-yellow-out\/#primaryimage"},"image":{"@id":"https:\/\/www.minihorse.eu\/fr\/produit\/shampoing-cowboy-magic-shine-yellow-out\/#primaryimage"},"thumbnailUrl":"https:\/\/www.minihorse.eu\/wp-content\/uploads\/2025\/04\/SDC17009.jpg","datePublished":"2024-08-23T11:49:41+00:00","breadcrumb":{"@id":"https:\/\/www.minihorse.eu\/fr\/produit\/shampoing-cowboy-magic-shine-yellow-out\/#breadcrumb"},"inLanguage":"fr-FR","potentialAction":[{"@type":"ReadAction","target":["https:\/\/www.minihorse.eu\/fr\/produit\/shampoing-cowboy-magic-shine-yellow-out\/"]}]},{"@type":"ImageObject","inLanguage":"fr-FR","@id":"https:\/\/www.minihorse.eu\/fr\/produit\/shampoing-cowboy-magic-shine-yellow-out\/#primaryimage","url":"https:\/\/www.minihorse.eu\/wp-content\/uploads\/2025\/04\/SDC17009.jpg","contentUrl":"https:\/\/www.minihorse.eu\/wp-content\/uploads\/2025\/04\/SDC17009.jpg","width":600,"height":600},{"@type":"BreadcrumbList","@id":"https:\/\/www.minihorse.eu\/fr\/produit\/shampoing-cowboy-magic-shine-yellow-out\/#breadcrumb","itemListElement":[{"@type":"ListItem","position":1,"name":"Home","item":"https:\/\/www.minihorse.eu\/fr\/accueil\/"},{"@type":"ListItem","position":2,"name":"Boutique","item":"https:\/\/www.minihorse.eu\/fr\/boutique\/"},{"@type":"ListItem","position":3,"name":"Shampoing COWBOY MAGIC SHINE YELLOW OUT"}]},{"@type":"WebSite","@id":"https:\/\/www.minihorse.eu\/#website","url":"https:\/\/www.minihorse.eu\/","name":"Minihorse.eu","description":"The #1 store for Miniature Horses","publisher":{"@id":"https:\/\/www.minihorse.eu\/#organization"},"potentialAction":[{"@type":"SearchAction","target":{"@type":"EntryPoint","urlTemplate":"https:\/\/www.minihorse.eu\/?s={search_term_string}"},"query-input":{"@type":"PropertyValueSpecification","valueRequired":true,"valueName":"search_term_string"}}],"inLanguage":"fr-FR"},{"@type":"Organization","@id":"https:\/\/www.minihorse.eu\/#organization","name":"Minihorse.eu","url":"https:\/\/www.minihorse.eu\/","logo":{"@type":"ImageObject","inLanguage":"fr-FR","@id":"https:\/\/www.minihorse.eu\/#\/schema\/logo\/image\/","url":"https:\/\/www.minihorse.eu\/wp-content\/uploads\/2024\/08\/Logo-minihorse-ext.png","contentUrl":"https:\/\/www.minihorse.eu\/wp-content\/uploads\/2024\/08\/Logo-minihorse-ext.png","width":500,"height":500,"caption":"Minihorse.eu"},"image":{"@id":"https:\/\/www.minihorse.eu\/#\/schema\/logo\/image\/"},"sameAs":["https:\/\/www.facebook.com\/profile.php?id=100063487117479"]}]}},"jetpack_sharing_enabled":true,"_links":{"self":[{"href":"https:\/\/www.minihorse.eu\/fr\/wp-json\/wp\/v2\/product\/3080","targetHints":{"allow":["GET"]}}],"collection":[{"href":"https:\/\/www.minihorse.eu\/fr\/wp-json\/wp\/v2\/product"}],"about":[{"href":"https:\/\/www.minihorse.eu\/fr\/wp-json\/wp\/v2\/types\/product"}],"replies":[{"embeddable":true,"href":"https:\/\/www.minihorse.eu\/fr\/wp-json\/wp\/v2\/comments?post=3080"}],"wp:featuredmedia":[{"embeddable":true,"href":"https:\/\/www.minihorse.eu\/fr\/wp-json\/wp\/v2\/media\/9024"}],"wp:attachment":[{"href":"https:\/\/www.minihorse.eu\/fr\/wp-json\/wp\/v2\/media?parent=3080"}],"wp:term":[{"taxonomy":"product_brand","embeddable":true,"href":"https:\/\/www.minihorse.eu\/fr\/wp-json\/wp\/v2\/product_brand?post=3080"},{"taxonomy":"product_cat","embeddable":true,"href":"https:\/\/www.minihorse.eu\/fr\/wp-json\/wp\/v2\/product_cat?post=3080"},{"taxonomy":"product_tag","embeddable":true,"href":"https:\/\/www.minihorse.eu\/fr\/wp-json\/wp\/v2\/product_tag?post=3080"}],"curies":[{"name":"wp","href":"https:\/\/api.w.org\/{rel}","templated":true}]}}