{"id":3083,"date":"2024-08-23T11:47:47","date_gmt":"2024-08-23T11:47:47","guid":{"rendered":"https:\/\/horselandshop.com\/product\/shampoing-a-leau-de-rose-cowboy-magic\/"},"modified":"2024-08-23T11:47:47","modified_gmt":"2024-08-23T11:47:47","slug":"shampoing-a-leau-de-rose-cowboy-magic","status":"publish","type":"product","link":"https:\/\/www.minihorse.eu\/fr\/produit\/shampoing-a-leau-de-rose-cowboy-magic\/","title":{"rendered":"Shampoing \u00e0 l&rsquo;Eau de Rose COWBOY MAGIC"},"content":{"rendered":"<p><strong>Shampoing Concentr\u00e9 \u00e0 l&rsquo;Eau de Rose COWBOY MAGIC avec Soins \u00e0 la Soie \u2013 Nettoyage Doux et Soin Profond pour une Brillance \u00c9clatante<\/strong><\/p>\n<p>Offrez \u00e0 votre cheval une exp\u00e9rience de toilettage ultime avec le Shampoing Concentr\u00e9 \u00e0 l\u2019Eau de Rose<strong> COWBOY MAGIC avec Soins \u00e0 la Soie.<\/strong><br \/>Cette formule haut de gamme est sp\u00e9cialement con\u00e7ue pour dissoudre d\u00e9licatement la salet\u00e9 et nettoyer les crins tout en conditionnant profond\u00e9ment les poils et la peau. Utilisable en application pure ou dilu\u00e9e jusqu\u2019\u00e0 20:1, ce shampoing agit instantan\u00e9ment pour \u00e9liminer la salet\u00e9 et les impuret\u00e9s, laissant le pelage de votre cheval <strong>propre et \u00e9clatant<\/strong> sans aucun dommage.<br \/>Enrichi en panth\u00e9nol et en <strong>prot\u00e9ines de soie<\/strong>, ce shampoing p\u00e9n\u00e8tre en profondeur pour hydrater la peau, pr\u00e9venir la s\u00e9cheresse et sublimer la beaut\u00e9 naturelle du pelage de votre cheval. Les mol\u00e9cules de soie pr\u00e9sentes dans la formule r\u00e9fl\u00e9chissent la lumi\u00e8re comme un prisme, cr\u00e9ant une brillance naturelle et \u00e9blouissante qui ravive l\u2019\u00e9clat du pelage.<br \/>Gr\u00e2ce \u00e0 sa formule concentr\u00e9e, une petite quantit\u00e9 suffit, ce qui rend ce produit \u00e0 la fois efficace et \u00e9conomique. Sa formule facile \u00e0 rincer permet de gagner du temps et garantit un nettoyage sans r\u00e9sidus.<br \/>Polyvalent, ce shampoing convient \u00e9galement aux humains, offrant des r\u00e9sultats dignes d\u2019un salon \u00e0 moindre co\u00fbt. <strong>Test\u00e9 contre <\/strong>les allergies et approuv\u00e9 par les <strong>dermatologues<\/strong>, il est s\u00fbr et doux pour un usage r\u00e9gulier, aussi bien pour votre cheval que pour vous.  <\/p>\n","protected":false},"excerpt":{"rendered":"<p><strong>Le Shampoing \u00e0 l\u2019Eau de Rose COWBOY MAGIC<\/strong> offre un nettoyage en profondeur et un soin avec des prot\u00e9ines de soie. Il procure une brillance naturelle, est facile \u00e0 rincer et convient aussi bien aux chevaux qu\u2019aux humains. <\/p>\n","protected":false},"featured_media":8997,"comment_status":"open","ping_status":"closed","template":"","meta":[],"product_brand":[],"product_cat":[181,180],"product_tag":[1016,1011,444],"class_list":{"0":"post-3083","1":"product","2":"type-product","3":"status-publish","4":"has-post-thumbnail","6":"product_cat-cowboy-magic-fr","7":"product_cat-soins","8":"product_tag-cowboy-magic-fr","9":"product_tag-rosewater-shampoo","10":"product_tag-shampoing","12":"first","13":"instock","14":"taxable","15":"shipping-taxable","16":"purchasable","17":"product-type-variable"},"yoast_head":"<!-- This site is optimized with the Yoast SEO plugin v27.5 - https:\/\/yoast.com\/product\/yoast-seo-wordpress\/ -->\n<title>Shampoing \u00e0 l&#039;Eau de Rose COWBOY MAGIC - Minihorse.eu<\/title>\n<meta name=\"robots\" content=\"index, follow, max-snippet:-1, max-image-preview:large, max-video-preview:-1\" \/>\n<link rel=\"canonical\" href=\"https:\/\/www.minihorse.eu\/produit\/cowboy-magic-rosewater-shampoo\/\" \/>\n<meta property=\"og:locale\" content=\"fr_FR\" \/>\n<meta property=\"og:type\" content=\"article\" \/>\n<meta property=\"og:title\" content=\"Shampoing \u00e0 l&#039;Eau de Rose COWBOY MAGIC - Minihorse.eu\" \/>\n<meta property=\"og:description\" content=\"Le Shampoing \u00e0 l\u2019Eau de Rose COWBOY MAGIC offre un nettoyage en profondeur et un soin avec des prot\u00e9ines de soie. Il procure une brillance naturelle, est facile \u00e0 rincer et convient aussi bien aux chevaux qu\u2019aux humains.\" \/>\n<meta property=\"og:url\" content=\"https:\/\/www.minihorse.eu\/produit\/cowboy-magic-rosewater-shampoo\/\" \/>\n<meta property=\"og:site_name\" content=\"Minihorse.eu\" \/>\n<meta property=\"article:publisher\" content=\"https:\/\/www.facebook.com\/profile.php?id=100063487117479\" \/>\n<meta property=\"og:image\" content=\"https:\/\/www.minihorse.eu\/wp-content\/uploads\/2025\/04\/Cowboy-Magic-Rosewater-Shampoo-946-ml.jpg\" \/>\n\t<meta property=\"og:image:width\" content=\"600\" \/>\n\t<meta property=\"og:image:height\" content=\"600\" \/>\n\t<meta property=\"og:image:type\" content=\"image\/jpeg\" \/>\n<meta name=\"twitter:card\" content=\"summary_large_image\" \/>\n<meta name=\"twitter:label1\" content=\"Dur\u00e9e de lecture estim\u00e9e\" \/>\n\t<meta name=\"twitter:data1\" content=\"1 minute\" \/>\n<script type=\"application\/ld+json\" class=\"yoast-schema-graph\">{\"@context\":\"https:\\\/\\\/schema.org\",\"@graph\":[{\"@type\":\"WebPage\",\"@id\":\"https:\\\/\\\/www.minihorse.eu\\\/produit\\\/cowboy-magic-rosewater-shampoo\\\/\",\"url\":\"https:\\\/\\\/www.minihorse.eu\\\/produit\\\/cowboy-magic-rosewater-shampoo\\\/\",\"name\":\"Shampoing \u00e0 l'Eau de Rose COWBOY MAGIC - Minihorse.eu\",\"isPartOf\":{\"@id\":\"https:\\\/\\\/www.minihorse.eu\\\/#website\"},\"primaryImageOfPage\":{\"@id\":\"https:\\\/\\\/www.minihorse.eu\\\/produit\\\/cowboy-magic-rosewater-shampoo\\\/#primaryimage\"},\"image\":{\"@id\":\"https:\\\/\\\/www.minihorse.eu\\\/produit\\\/cowboy-magic-rosewater-shampoo\\\/#primaryimage\"},\"thumbnailUrl\":\"https:\\\/\\\/www.minihorse.eu\\\/wp-content\\\/uploads\\\/2025\\\/04\\\/Cowboy-Magic-Rosewater-Shampoo-946-ml.jpg\",\"datePublished\":\"2024-08-23T11:47:47+00:00\",\"breadcrumb\":{\"@id\":\"https:\\\/\\\/www.minihorse.eu\\\/produit\\\/cowboy-magic-rosewater-shampoo\\\/#breadcrumb\"},\"inLanguage\":\"fr-FR\",\"potentialAction\":[{\"@type\":\"ReadAction\",\"target\":[\"https:\\\/\\\/www.minihorse.eu\\\/produit\\\/cowboy-magic-rosewater-shampoo\\\/\"]}]},{\"@type\":\"ImageObject\",\"inLanguage\":\"fr-FR\",\"@id\":\"https:\\\/\\\/www.minihorse.eu\\\/produit\\\/cowboy-magic-rosewater-shampoo\\\/#primaryimage\",\"url\":\"https:\\\/\\\/www.minihorse.eu\\\/wp-content\\\/uploads\\\/2025\\\/04\\\/Cowboy-Magic-Rosewater-Shampoo-946-ml.jpg\",\"contentUrl\":\"https:\\\/\\\/www.minihorse.eu\\\/wp-content\\\/uploads\\\/2025\\\/04\\\/Cowboy-Magic-Rosewater-Shampoo-946-ml.jpg\",\"width\":600,\"height\":600},{\"@type\":\"BreadcrumbList\",\"@id\":\"https:\\\/\\\/www.minihorse.eu\\\/produit\\\/cowboy-magic-rosewater-shampoo\\\/#breadcrumb\",\"itemListElement\":[{\"@type\":\"ListItem\",\"position\":1,\"name\":\"Home\",\"item\":\"https:\\\/\\\/www.minihorse.eu\\\/fr\\\/accueil\\\/\"},{\"@type\":\"ListItem\",\"position\":2,\"name\":\"Boutique\",\"item\":\"https:\\\/\\\/www.minihorse.eu\\\/fr\\\/boutique\\\/\"},{\"@type\":\"ListItem\",\"position\":3,\"name\":\"Shampoing \u00e0 l&#8217;Eau de Rose COWBOY MAGIC\"}]},{\"@type\":\"WebSite\",\"@id\":\"https:\\\/\\\/www.minihorse.eu\\\/#website\",\"url\":\"https:\\\/\\\/www.minihorse.eu\\\/\",\"name\":\"Minihorse.eu\",\"description\":\"The #1 store for Miniature Horses\",\"publisher\":{\"@id\":\"https:\\\/\\\/www.minihorse.eu\\\/#organization\"},\"potentialAction\":[{\"@type\":\"SearchAction\",\"target\":{\"@type\":\"EntryPoint\",\"urlTemplate\":\"https:\\\/\\\/www.minihorse.eu\\\/?s={search_term_string}\"},\"query-input\":{\"@type\":\"PropertyValueSpecification\",\"valueRequired\":true,\"valueName\":\"search_term_string\"}}],\"inLanguage\":\"fr-FR\"},{\"@type\":\"Organization\",\"@id\":\"https:\\\/\\\/www.minihorse.eu\\\/#organization\",\"name\":\"Minihorse.eu\",\"url\":\"https:\\\/\\\/www.minihorse.eu\\\/\",\"logo\":{\"@type\":\"ImageObject\",\"inLanguage\":\"fr-FR\",\"@id\":\"https:\\\/\\\/www.minihorse.eu\\\/#\\\/schema\\\/logo\\\/image\\\/\",\"url\":\"https:\\\/\\\/www.minihorse.eu\\\/wp-content\\\/uploads\\\/2024\\\/08\\\/Logo-minihorse-ext.png\",\"contentUrl\":\"https:\\\/\\\/www.minihorse.eu\\\/wp-content\\\/uploads\\\/2024\\\/08\\\/Logo-minihorse-ext.png\",\"width\":500,\"height\":500,\"caption\":\"Minihorse.eu\"},\"image\":{\"@id\":\"https:\\\/\\\/www.minihorse.eu\\\/#\\\/schema\\\/logo\\\/image\\\/\"},\"sameAs\":[\"https:\\\/\\\/www.facebook.com\\\/profile.php?id=100063487117479\"]}]}<\/script>\n<!-- \/ Yoast SEO plugin. -->","yoast_head_json":{"title":"Shampoing \u00e0 l'Eau de Rose COWBOY MAGIC - Minihorse.eu","robots":{"index":"index","follow":"follow","max-snippet":"max-snippet:-1","max-image-preview":"max-image-preview:large","max-video-preview":"max-video-preview:-1"},"canonical":"https:\/\/www.minihorse.eu\/produit\/cowboy-magic-rosewater-shampoo\/","og_locale":"fr_FR","og_type":"article","og_title":"Shampoing \u00e0 l'Eau de Rose COWBOY MAGIC - Minihorse.eu","og_description":"Le Shampoing \u00e0 l\u2019Eau de Rose COWBOY MAGIC offre un nettoyage en profondeur et un soin avec des prot\u00e9ines de soie. Il procure une brillance naturelle, est facile \u00e0 rincer et convient aussi bien aux chevaux qu\u2019aux humains.","og_url":"https:\/\/www.minihorse.eu\/produit\/cowboy-magic-rosewater-shampoo\/","og_site_name":"Minihorse.eu","article_publisher":"https:\/\/www.facebook.com\/profile.php?id=100063487117479","og_image":[{"width":600,"height":600,"url":"https:\/\/www.minihorse.eu\/wp-content\/uploads\/2025\/04\/Cowboy-Magic-Rosewater-Shampoo-946-ml.jpg","type":"image\/jpeg"}],"twitter_card":"summary_large_image","twitter_misc":{"Dur\u00e9e de lecture estim\u00e9e":"1 minute"},"schema":{"@context":"https:\/\/schema.org","@graph":[{"@type":"WebPage","@id":"https:\/\/www.minihorse.eu\/produit\/cowboy-magic-rosewater-shampoo\/","url":"https:\/\/www.minihorse.eu\/produit\/cowboy-magic-rosewater-shampoo\/","name":"Shampoing \u00e0 l'Eau de Rose COWBOY MAGIC - Minihorse.eu","isPartOf":{"@id":"https:\/\/www.minihorse.eu\/#website"},"primaryImageOfPage":{"@id":"https:\/\/www.minihorse.eu\/produit\/cowboy-magic-rosewater-shampoo\/#primaryimage"},"image":{"@id":"https:\/\/www.minihorse.eu\/produit\/cowboy-magic-rosewater-shampoo\/#primaryimage"},"thumbnailUrl":"https:\/\/www.minihorse.eu\/wp-content\/uploads\/2025\/04\/Cowboy-Magic-Rosewater-Shampoo-946-ml.jpg","datePublished":"2024-08-23T11:47:47+00:00","breadcrumb":{"@id":"https:\/\/www.minihorse.eu\/produit\/cowboy-magic-rosewater-shampoo\/#breadcrumb"},"inLanguage":"fr-FR","potentialAction":[{"@type":"ReadAction","target":["https:\/\/www.minihorse.eu\/produit\/cowboy-magic-rosewater-shampoo\/"]}]},{"@type":"ImageObject","inLanguage":"fr-FR","@id":"https:\/\/www.minihorse.eu\/produit\/cowboy-magic-rosewater-shampoo\/#primaryimage","url":"https:\/\/www.minihorse.eu\/wp-content\/uploads\/2025\/04\/Cowboy-Magic-Rosewater-Shampoo-946-ml.jpg","contentUrl":"https:\/\/www.minihorse.eu\/wp-content\/uploads\/2025\/04\/Cowboy-Magic-Rosewater-Shampoo-946-ml.jpg","width":600,"height":600},{"@type":"BreadcrumbList","@id":"https:\/\/www.minihorse.eu\/produit\/cowboy-magic-rosewater-shampoo\/#breadcrumb","itemListElement":[{"@type":"ListItem","position":1,"name":"Home","item":"https:\/\/www.minihorse.eu\/fr\/accueil\/"},{"@type":"ListItem","position":2,"name":"Boutique","item":"https:\/\/www.minihorse.eu\/fr\/boutique\/"},{"@type":"ListItem","position":3,"name":"Shampoing \u00e0 l&#8217;Eau de Rose COWBOY MAGIC"}]},{"@type":"WebSite","@id":"https:\/\/www.minihorse.eu\/#website","url":"https:\/\/www.minihorse.eu\/","name":"Minihorse.eu","description":"The #1 store for Miniature Horses","publisher":{"@id":"https:\/\/www.minihorse.eu\/#organization"},"potentialAction":[{"@type":"SearchAction","target":{"@type":"EntryPoint","urlTemplate":"https:\/\/www.minihorse.eu\/?s={search_term_string}"},"query-input":{"@type":"PropertyValueSpecification","valueRequired":true,"valueName":"search_term_string"}}],"inLanguage":"fr-FR"},{"@type":"Organization","@id":"https:\/\/www.minihorse.eu\/#organization","name":"Minihorse.eu","url":"https:\/\/www.minihorse.eu\/","logo":{"@type":"ImageObject","inLanguage":"fr-FR","@id":"https:\/\/www.minihorse.eu\/#\/schema\/logo\/image\/","url":"https:\/\/www.minihorse.eu\/wp-content\/uploads\/2024\/08\/Logo-minihorse-ext.png","contentUrl":"https:\/\/www.minihorse.eu\/wp-content\/uploads\/2024\/08\/Logo-minihorse-ext.png","width":500,"height":500,"caption":"Minihorse.eu"},"image":{"@id":"https:\/\/www.minihorse.eu\/#\/schema\/logo\/image\/"},"sameAs":["https:\/\/www.facebook.com\/profile.php?id=100063487117479"]}]}},"jetpack_sharing_enabled":true,"_links":{"self":[{"href":"https:\/\/www.minihorse.eu\/fr\/wp-json\/wp\/v2\/product\/3083","targetHints":{"allow":["GET"]}}],"collection":[{"href":"https:\/\/www.minihorse.eu\/fr\/wp-json\/wp\/v2\/product"}],"about":[{"href":"https:\/\/www.minihorse.eu\/fr\/wp-json\/wp\/v2\/types\/product"}],"replies":[{"embeddable":true,"href":"https:\/\/www.minihorse.eu\/fr\/wp-json\/wp\/v2\/comments?post=3083"}],"wp:featuredmedia":[{"embeddable":true,"href":"https:\/\/www.minihorse.eu\/fr\/wp-json\/wp\/v2\/media\/8997"}],"wp:attachment":[{"href":"https:\/\/www.minihorse.eu\/fr\/wp-json\/wp\/v2\/media?parent=3083"}],"wp:term":[{"taxonomy":"product_brand","embeddable":true,"href":"https:\/\/www.minihorse.eu\/fr\/wp-json\/wp\/v2\/product_brand?post=3083"},{"taxonomy":"product_cat","embeddable":true,"href":"https:\/\/www.minihorse.eu\/fr\/wp-json\/wp\/v2\/product_cat?post=3083"},{"taxonomy":"product_tag","embeddable":true,"href":"https:\/\/www.minihorse.eu\/fr\/wp-json\/wp\/v2\/product_tag?post=3083"}],"curies":[{"name":"wp","href":"https:\/\/api.w.org\/{rel}","templated":true}]}}