{"id":3087,"date":"2024-08-21T14:56:44","date_gmt":"2024-08-21T14:56:44","guid":{"rendered":"https:\/\/horselandshop.com\/product\/longe-tressee-durable\/"},"modified":"2025-06-17T13:58:54","modified_gmt":"2025-06-17T13:58:54","slug":"longe-tressee-durable","status":"publish","type":"product","link":"https:\/\/www.minihorse.eu\/fr\/produit\/longe-tressee-durable\/","title":{"rendered":"Longe Tress\u00e9e Durable"},"content":{"rendered":"<p><strong>Longe Tress\u00e9e Durable pour Chevaux \u2013 1,8 m<\/strong><\/p>\n<p>D\u00e9couvrez <strong>notre Longe Tress\u00e9e<\/strong>, l&rsquo;accessoire parfait pour les propri\u00e9taires de chevaux \u00e0 la recherche de durabilit\u00e9 et de style. Mesurant <strong>1,8 m\u00e8tre de long<\/strong>, cette longe est fabriqu\u00e9e \u00e0 partir de mat\u00e9riau tress\u00e9 de haute qualit\u00e9, garantissant qu&rsquo;elle r\u00e9siste aux rigueurs d&rsquo;une utilisation quotidienne. Sa prise confortable et solide offre un excellent contr\u00f4le lors de la conduite ou de l&rsquo;attache de votre cheval, en faisant un outil essentiel pour toutes les activit\u00e9s \u00e9questres. Disponible dans une vari\u00e9t\u00e9 de couleurs vives, <strong>la Longe Tress\u00e9e non <\/strong>seulement performe bien, mais ajoute \u00e9galement une touche de personnalit\u00e9 \u00e0 l&rsquo;\u00e9quipement de votre cheval. Que vous soyez \u00e0 l&rsquo;\u00e9curie, en balade ou en comp\u00e9tition, cette longe est con\u00e7ue pour r\u00e9pondre aux besoins du cheval et du cavalier. Am\u00e9liorez vos essentiels \u00e9questres avec cette longe styl\u00e9e et fiable qui allie fonctionnalit\u00e9 et flair.  <\/p>\n","protected":false},"excerpt":{"rendered":"<p><strong>Cette Longe<\/strong> <strong>Tress\u00e9e Durable<\/strong> est con\u00e7ue pour la robustesse et le confort, mesurant 1,8 m\u00e8tre de long et disponible dans diff\u00e9rentes couleurs vives. Parfaite pour une utilisation quotidienne, cette longe offre une prise s\u00e9curis\u00e9e et est id\u00e9ale pour conduire et attacher votre cheval. Sa construction tress\u00e9e durable garantit des performances de longue dur\u00e9e, en faisant un choix fiable pour tout propri\u00e9taire de cheval.  <\/p>\n","protected":false},"featured_media":1061,"comment_status":"open","ping_status":"closed","template":"","meta":[],"product_brand":[],"product_cat":[187,416,242],"product_tag":[443],"class_list":{"0":"post-3087","1":"product","2":"type-product","3":"status-publish","4":"has-post-thumbnail","6":"product_cat-chevaux-miniatures","7":"product_cat-cordes-et-longes","8":"product_cat-licols-et-longes","9":"product_tag-longe","11":"first","12":"instock","13":"taxable","14":"shipping-taxable","15":"purchasable","16":"product-type-variable"},"yoast_head":"<!-- This site is optimized with the Yoast SEO plugin v27.5 - https:\/\/yoast.com\/product\/yoast-seo-wordpress\/ -->\n<title>Longe Tress\u00e9e Durable - Minihorse.eu<\/title>\n<meta name=\"robots\" content=\"index, follow, max-snippet:-1, max-image-preview:large, max-video-preview:-1\" \/>\n<link rel=\"canonical\" href=\"https:\/\/www.minihorse.eu\/produit\/durable-braided-leap-rope\/\" \/>\n<meta property=\"og:locale\" content=\"fr_FR\" \/>\n<meta property=\"og:type\" content=\"article\" \/>\n<meta property=\"og:title\" content=\"Longe Tress\u00e9e Durable - Minihorse.eu\" \/>\n<meta property=\"og:description\" content=\"Cette Longe Tress\u00e9e Durable est con\u00e7ue pour la robustesse et le confort, mesurant 1,8 m\u00e8tre de long et disponible dans diff\u00e9rentes couleurs vives. Parfaite pour une utilisation quotidienne, cette longe offre une prise s\u00e9curis\u00e9e et est id\u00e9ale pour conduire et attacher votre cheval. Sa construction tress\u00e9e durable garantit des performances de longue dur\u00e9e, en faisant un choix fiable pour tout propri\u00e9taire de cheval.\" \/>\n<meta property=\"og:url\" content=\"https:\/\/www.minihorse.eu\/produit\/durable-braided-leap-rope\/\" \/>\n<meta property=\"og:site_name\" content=\"Minihorse.eu\" \/>\n<meta property=\"article:publisher\" content=\"https:\/\/www.facebook.com\/profile.php?id=100063487117479\" \/>\n<meta property=\"article:modified_time\" content=\"2025-06-17T13:58:54+00:00\" \/>\n<meta property=\"og:image\" content=\"https:\/\/www.minihorse.eu\/wp-content\/uploads\/2024\/08\/Braided-lead-ropes.jpg\" \/>\n\t<meta property=\"og:image:width\" content=\"700\" \/>\n\t<meta property=\"og:image:height\" content=\"372\" \/>\n\t<meta property=\"og:image:type\" content=\"image\/jpeg\" \/>\n<meta name=\"twitter:card\" content=\"summary_large_image\" \/>\n<meta name=\"twitter:label1\" content=\"Dur\u00e9e de lecture estim\u00e9e\" \/>\n\t<meta name=\"twitter:data1\" content=\"1 minute\" \/>\n<script type=\"application\/ld+json\" class=\"yoast-schema-graph\">{\"@context\":\"https:\\\/\\\/schema.org\",\"@graph\":[{\"@type\":\"WebPage\",\"@id\":\"https:\\\/\\\/www.minihorse.eu\\\/produit\\\/durable-braided-leap-rope\\\/\",\"url\":\"https:\\\/\\\/www.minihorse.eu\\\/produit\\\/durable-braided-leap-rope\\\/\",\"name\":\"Longe Tress\u00e9e Durable - Minihorse.eu\",\"isPartOf\":{\"@id\":\"https:\\\/\\\/www.minihorse.eu\\\/#website\"},\"primaryImageOfPage\":{\"@id\":\"https:\\\/\\\/www.minihorse.eu\\\/produit\\\/durable-braided-leap-rope\\\/#primaryimage\"},\"image\":{\"@id\":\"https:\\\/\\\/www.minihorse.eu\\\/produit\\\/durable-braided-leap-rope\\\/#primaryimage\"},\"thumbnailUrl\":\"https:\\\/\\\/www.minihorse.eu\\\/wp-content\\\/uploads\\\/2024\\\/08\\\/Braided-lead-ropes.jpg\",\"datePublished\":\"2024-08-21T14:56:44+00:00\",\"dateModified\":\"2025-06-17T13:58:54+00:00\",\"breadcrumb\":{\"@id\":\"https:\\\/\\\/www.minihorse.eu\\\/produit\\\/durable-braided-leap-rope\\\/#breadcrumb\"},\"inLanguage\":\"fr-FR\",\"potentialAction\":[{\"@type\":\"ReadAction\",\"target\":[\"https:\\\/\\\/www.minihorse.eu\\\/produit\\\/durable-braided-leap-rope\\\/\"]}]},{\"@type\":\"ImageObject\",\"inLanguage\":\"fr-FR\",\"@id\":\"https:\\\/\\\/www.minihorse.eu\\\/produit\\\/durable-braided-leap-rope\\\/#primaryimage\",\"url\":\"https:\\\/\\\/www.minihorse.eu\\\/wp-content\\\/uploads\\\/2024\\\/08\\\/Braided-lead-ropes.jpg\",\"contentUrl\":\"https:\\\/\\\/www.minihorse.eu\\\/wp-content\\\/uploads\\\/2024\\\/08\\\/Braided-lead-ropes.jpg\",\"width\":700,\"height\":372,\"caption\":\"Corde \u00e0 sauter tress\u00e9e, disponible en diff\u00e9rentes couleurs.\"},{\"@type\":\"BreadcrumbList\",\"@id\":\"https:\\\/\\\/www.minihorse.eu\\\/produit\\\/durable-braided-leap-rope\\\/#breadcrumb\",\"itemListElement\":[{\"@type\":\"ListItem\",\"position\":1,\"name\":\"Home\",\"item\":\"https:\\\/\\\/www.minihorse.eu\\\/fr\\\/accueil\\\/\"},{\"@type\":\"ListItem\",\"position\":2,\"name\":\"Boutique\",\"item\":\"https:\\\/\\\/www.minihorse.eu\\\/fr\\\/boutique\\\/\"},{\"@type\":\"ListItem\",\"position\":3,\"name\":\"Longe Tress\u00e9e Durable\"}]},{\"@type\":\"WebSite\",\"@id\":\"https:\\\/\\\/www.minihorse.eu\\\/#website\",\"url\":\"https:\\\/\\\/www.minihorse.eu\\\/\",\"name\":\"Minihorse.eu\",\"description\":\"The #1 store for Miniature Horses\",\"publisher\":{\"@id\":\"https:\\\/\\\/www.minihorse.eu\\\/#organization\"},\"potentialAction\":[{\"@type\":\"SearchAction\",\"target\":{\"@type\":\"EntryPoint\",\"urlTemplate\":\"https:\\\/\\\/www.minihorse.eu\\\/?s={search_term_string}\"},\"query-input\":{\"@type\":\"PropertyValueSpecification\",\"valueRequired\":true,\"valueName\":\"search_term_string\"}}],\"inLanguage\":\"fr-FR\"},{\"@type\":\"Organization\",\"@id\":\"https:\\\/\\\/www.minihorse.eu\\\/#organization\",\"name\":\"Minihorse.eu\",\"url\":\"https:\\\/\\\/www.minihorse.eu\\\/\",\"logo\":{\"@type\":\"ImageObject\",\"inLanguage\":\"fr-FR\",\"@id\":\"https:\\\/\\\/www.minihorse.eu\\\/#\\\/schema\\\/logo\\\/image\\\/\",\"url\":\"https:\\\/\\\/www.minihorse.eu\\\/wp-content\\\/uploads\\\/2024\\\/08\\\/Logo-minihorse-ext.png\",\"contentUrl\":\"https:\\\/\\\/www.minihorse.eu\\\/wp-content\\\/uploads\\\/2024\\\/08\\\/Logo-minihorse-ext.png\",\"width\":500,\"height\":500,\"caption\":\"Minihorse.eu\"},\"image\":{\"@id\":\"https:\\\/\\\/www.minihorse.eu\\\/#\\\/schema\\\/logo\\\/image\\\/\"},\"sameAs\":[\"https:\\\/\\\/www.facebook.com\\\/profile.php?id=100063487117479\"]}]}<\/script>\n<!-- \/ Yoast SEO plugin. -->","yoast_head_json":{"title":"Longe Tress\u00e9e Durable - Minihorse.eu","robots":{"index":"index","follow":"follow","max-snippet":"max-snippet:-1","max-image-preview":"max-image-preview:large","max-video-preview":"max-video-preview:-1"},"canonical":"https:\/\/www.minihorse.eu\/produit\/durable-braided-leap-rope\/","og_locale":"fr_FR","og_type":"article","og_title":"Longe Tress\u00e9e Durable - Minihorse.eu","og_description":"Cette Longe Tress\u00e9e Durable est con\u00e7ue pour la robustesse et le confort, mesurant 1,8 m\u00e8tre de long et disponible dans diff\u00e9rentes couleurs vives. Parfaite pour une utilisation quotidienne, cette longe offre une prise s\u00e9curis\u00e9e et est id\u00e9ale pour conduire et attacher votre cheval. Sa construction tress\u00e9e durable garantit des performances de longue dur\u00e9e, en faisant un choix fiable pour tout propri\u00e9taire de cheval.","og_url":"https:\/\/www.minihorse.eu\/produit\/durable-braided-leap-rope\/","og_site_name":"Minihorse.eu","article_publisher":"https:\/\/www.facebook.com\/profile.php?id=100063487117479","article_modified_time":"2025-06-17T13:58:54+00:00","og_image":[{"width":700,"height":372,"url":"https:\/\/www.minihorse.eu\/wp-content\/uploads\/2024\/08\/Braided-lead-ropes.jpg","type":"image\/jpeg"}],"twitter_card":"summary_large_image","twitter_misc":{"Dur\u00e9e de lecture estim\u00e9e":"1 minute"},"schema":{"@context":"https:\/\/schema.org","@graph":[{"@type":"WebPage","@id":"https:\/\/www.minihorse.eu\/produit\/durable-braided-leap-rope\/","url":"https:\/\/www.minihorse.eu\/produit\/durable-braided-leap-rope\/","name":"Longe Tress\u00e9e Durable - Minihorse.eu","isPartOf":{"@id":"https:\/\/www.minihorse.eu\/#website"},"primaryImageOfPage":{"@id":"https:\/\/www.minihorse.eu\/produit\/durable-braided-leap-rope\/#primaryimage"},"image":{"@id":"https:\/\/www.minihorse.eu\/produit\/durable-braided-leap-rope\/#primaryimage"},"thumbnailUrl":"https:\/\/www.minihorse.eu\/wp-content\/uploads\/2024\/08\/Braided-lead-ropes.jpg","datePublished":"2024-08-21T14:56:44+00:00","dateModified":"2025-06-17T13:58:54+00:00","breadcrumb":{"@id":"https:\/\/www.minihorse.eu\/produit\/durable-braided-leap-rope\/#breadcrumb"},"inLanguage":"fr-FR","potentialAction":[{"@type":"ReadAction","target":["https:\/\/www.minihorse.eu\/produit\/durable-braided-leap-rope\/"]}]},{"@type":"ImageObject","inLanguage":"fr-FR","@id":"https:\/\/www.minihorse.eu\/produit\/durable-braided-leap-rope\/#primaryimage","url":"https:\/\/www.minihorse.eu\/wp-content\/uploads\/2024\/08\/Braided-lead-ropes.jpg","contentUrl":"https:\/\/www.minihorse.eu\/wp-content\/uploads\/2024\/08\/Braided-lead-ropes.jpg","width":700,"height":372,"caption":"Corde \u00e0 sauter tress\u00e9e, disponible en diff\u00e9rentes couleurs."},{"@type":"BreadcrumbList","@id":"https:\/\/www.minihorse.eu\/produit\/durable-braided-leap-rope\/#breadcrumb","itemListElement":[{"@type":"ListItem","position":1,"name":"Home","item":"https:\/\/www.minihorse.eu\/fr\/accueil\/"},{"@type":"ListItem","position":2,"name":"Boutique","item":"https:\/\/www.minihorse.eu\/fr\/boutique\/"},{"@type":"ListItem","position":3,"name":"Longe Tress\u00e9e Durable"}]},{"@type":"WebSite","@id":"https:\/\/www.minihorse.eu\/#website","url":"https:\/\/www.minihorse.eu\/","name":"Minihorse.eu","description":"The #1 store for Miniature Horses","publisher":{"@id":"https:\/\/www.minihorse.eu\/#organization"},"potentialAction":[{"@type":"SearchAction","target":{"@type":"EntryPoint","urlTemplate":"https:\/\/www.minihorse.eu\/?s={search_term_string}"},"query-input":{"@type":"PropertyValueSpecification","valueRequired":true,"valueName":"search_term_string"}}],"inLanguage":"fr-FR"},{"@type":"Organization","@id":"https:\/\/www.minihorse.eu\/#organization","name":"Minihorse.eu","url":"https:\/\/www.minihorse.eu\/","logo":{"@type":"ImageObject","inLanguage":"fr-FR","@id":"https:\/\/www.minihorse.eu\/#\/schema\/logo\/image\/","url":"https:\/\/www.minihorse.eu\/wp-content\/uploads\/2024\/08\/Logo-minihorse-ext.png","contentUrl":"https:\/\/www.minihorse.eu\/wp-content\/uploads\/2024\/08\/Logo-minihorse-ext.png","width":500,"height":500,"caption":"Minihorse.eu"},"image":{"@id":"https:\/\/www.minihorse.eu\/#\/schema\/logo\/image\/"},"sameAs":["https:\/\/www.facebook.com\/profile.php?id=100063487117479"]}]}},"jetpack_sharing_enabled":true,"_links":{"self":[{"href":"https:\/\/www.minihorse.eu\/fr\/wp-json\/wp\/v2\/product\/3087","targetHints":{"allow":["GET"]}}],"collection":[{"href":"https:\/\/www.minihorse.eu\/fr\/wp-json\/wp\/v2\/product"}],"about":[{"href":"https:\/\/www.minihorse.eu\/fr\/wp-json\/wp\/v2\/types\/product"}],"replies":[{"embeddable":true,"href":"https:\/\/www.minihorse.eu\/fr\/wp-json\/wp\/v2\/comments?post=3087"}],"wp:featuredmedia":[{"embeddable":true,"href":"https:\/\/www.minihorse.eu\/fr\/wp-json\/wp\/v2\/media\/1061"}],"wp:attachment":[{"href":"https:\/\/www.minihorse.eu\/fr\/wp-json\/wp\/v2\/media?parent=3087"}],"wp:term":[{"taxonomy":"product_brand","embeddable":true,"href":"https:\/\/www.minihorse.eu\/fr\/wp-json\/wp\/v2\/product_brand?post=3087"},{"taxonomy":"product_cat","embeddable":true,"href":"https:\/\/www.minihorse.eu\/fr\/wp-json\/wp\/v2\/product_cat?post=3087"},{"taxonomy":"product_tag","embeddable":true,"href":"https:\/\/www.minihorse.eu\/fr\/wp-json\/wp\/v2\/product_tag?post=3087"}],"curies":[{"name":"wp","href":"https:\/\/api.w.org\/{rel}","templated":true}]}}