{"id":3273,"date":"2025-02-05T16:54:54","date_gmt":"2025-02-05T16:54:54","guid":{"rendered":"https:\/\/horselandshop.com\/product\/licol-avec-rembourrage-en-fourrure-synthetique\/"},"modified":"2025-02-05T16:54:54","modified_gmt":"2025-02-05T16:54:54","slug":"licol-avec-rembourrage-en-fourrure-synthetique","status":"publish","type":"product","link":"https:\/\/www.minihorse.eu\/fr\/produit\/licol-avec-rembourrage-en-fourrure-synthetique\/","title":{"rendered":"Licol avec rembourrage en fourrure synth\u00e9tique"},"content":{"rendered":"<p class=\"whitespace-pre-wrap break-words\">Un licol avec rembourrage en fourrure synth\u00e9tique de qualit\u00e9 sup\u00e9rieure con\u00e7u sp\u00e9cifiquement pour les chevaux miniatures, avec des r\u00e9glages ajustables pour un ajustement parfait.<\/p>\n<p class=\"whitespace-pre-wrap break-words\"><strong>Caract\u00e9ristiques principales :<\/strong><\/p>\n<ul class=\"[&amp;:not(:last-child)_ul]:pb-1 [&amp;:not(:last-child)_ol]:pb-1 list-disc space-y-1.5 pl-7\">\n<li class=\"whitespace-normal break-words\">De qualit\u00e9 sup\u00e9rieure, r\u00e9sistant \u00e0 l&rsquo;usure<\/li>\n<li class=\"whitespace-normal break-words\">D\u00e9tails en fourrure synth\u00e9tique sur les points de frottement<\/li>\n<li class=\"whitespace-normal break-words\">Boucles \u00e0 r\u00e9glage facile sur le nez et les oreilles<\/li>\n<li class=\"whitespace-normal break-words\">Fermeture \u00e0 clip s\u00e9curis\u00e9e sur la sangle de menton<\/li>\n<li class=\"whitespace-normal break-words\">Disponible en deux couleurs: Bleu et Rose<\/li>\n<\/ul>\n<p class=\"whitespace-pre-wrap break-words\"><strong>Tailles:<\/strong><\/p>\n<ul class=\"[&amp;:not(:last-child)_ul]:pb-1 [&amp;:not(:last-child)_ol]:pb-1 list-disc space-y-1.5 pl-7\">\n<li class=\"whitespace-normal break-words\">Large: pour un cheval miniature adulte<\/li>\n<li class=\"whitespace-normal break-words\">Medium: Id\u00e9al pour les poulains<\/li>\n<\/ul>\n<p>Disponible en deux couleurs: Bleu et Rose<\/p>\n","protected":false},"excerpt":{"rendered":"<p>Licol avec rembourrage en fourrure synth\u00e9tique douce sur les points de frotement.<br \/>\nAjustable au niveau du nez et des oreilles, sangle de menton avec clip.<br \/>\nTaille : Grande pour les chevaux miniatures adultes, Moyenne pour les poulains.<br \/>\nCouleur : rose et bleu.<\/p>\n","protected":false},"featured_media":3189,"comment_status":"open","ping_status":"closed","template":"","meta":[],"product_brand":[],"product_cat":[187,297,242],"product_tag":[244,512,173],"class_list":{"0":"post-3273","1":"product","2":"type-product","3":"status-publish","4":"has-post-thumbnail","6":"product_cat-chevaux-miniatures","7":"product_cat-licols","8":"product_cat-licols-et-longes","9":"product_tag-chevaux-miniatures","10":"product_tag-licol-en-fourrure","11":"product_tag-licols","13":"first","14":"instock","15":"taxable","16":"shipping-taxable","17":"purchasable","18":"product-type-variable"},"yoast_head":"<!-- This site is optimized with the Yoast SEO plugin v27.5 - https:\/\/yoast.com\/product\/yoast-seo-wordpress\/ -->\n<title>Licol avec rembourrage en fourrure synth\u00e9tique - Minihorse.eu<\/title>\n<meta name=\"robots\" content=\"index, follow, max-snippet:-1, max-image-preview:large, max-video-preview:-1\" \/>\n<link rel=\"canonical\" href=\"https:\/\/www.minihorse.eu\/produit\/synthetic-fleece-halter-2\/\" \/>\n<meta property=\"og:locale\" content=\"fr_FR\" \/>\n<meta property=\"og:type\" content=\"article\" \/>\n<meta property=\"og:title\" content=\"Licol avec rembourrage en fourrure synth\u00e9tique - Minihorse.eu\" \/>\n<meta property=\"og:description\" content=\"Licol avec rembourrage en fourrure synth\u00e9tique douce sur les points de frotement. Ajustable au niveau du nez et des oreilles, sangle de menton avec clip. Taille : Grande pour les chevaux miniatures adultes, Moyenne pour les poulains. Couleur : rose et bleu.\" \/>\n<meta property=\"og:url\" content=\"https:\/\/www.minihorse.eu\/produit\/synthetic-fleece-halter-2\/\" \/>\n<meta property=\"og:site_name\" content=\"Minihorse.eu\" \/>\n<meta property=\"article:publisher\" content=\"https:\/\/www.facebook.com\/profile.php?id=100063487117479\" \/>\n<meta property=\"og:image\" content=\"https:\/\/www.minihorse.eu\/wp-content\/uploads\/2025\/02\/Halter-Soft-blue.jpg\" \/>\n\t<meta property=\"og:image:width\" content=\"600\" \/>\n\t<meta property=\"og:image:height\" content=\"800\" \/>\n\t<meta property=\"og:image:type\" content=\"image\/jpeg\" \/>\n<meta name=\"twitter:card\" content=\"summary_large_image\" \/>\n<script type=\"application\/ld+json\" class=\"yoast-schema-graph\">{\"@context\":\"https:\\\/\\\/schema.org\",\"@graph\":[{\"@type\":\"WebPage\",\"@id\":\"https:\\\/\\\/www.minihorse.eu\\\/produit\\\/synthetic-fleece-halter-2\\\/\",\"url\":\"https:\\\/\\\/www.minihorse.eu\\\/produit\\\/synthetic-fleece-halter-2\\\/\",\"name\":\"Licol avec rembourrage en fourrure synth\u00e9tique - Minihorse.eu\",\"isPartOf\":{\"@id\":\"https:\\\/\\\/www.minihorse.eu\\\/#website\"},\"primaryImageOfPage\":{\"@id\":\"https:\\\/\\\/www.minihorse.eu\\\/produit\\\/synthetic-fleece-halter-2\\\/#primaryimage\"},\"image\":{\"@id\":\"https:\\\/\\\/www.minihorse.eu\\\/produit\\\/synthetic-fleece-halter-2\\\/#primaryimage\"},\"thumbnailUrl\":\"https:\\\/\\\/www.minihorse.eu\\\/wp-content\\\/uploads\\\/2025\\\/02\\\/Halter-Soft-blue.jpg\",\"datePublished\":\"2025-02-05T16:54:54+00:00\",\"breadcrumb\":{\"@id\":\"https:\\\/\\\/www.minihorse.eu\\\/produit\\\/synthetic-fleece-halter-2\\\/#breadcrumb\"},\"inLanguage\":\"fr-FR\",\"potentialAction\":[{\"@type\":\"ReadAction\",\"target\":[\"https:\\\/\\\/www.minihorse.eu\\\/produit\\\/synthetic-fleece-halter-2\\\/\"]}]},{\"@type\":\"ImageObject\",\"inLanguage\":\"fr-FR\",\"@id\":\"https:\\\/\\\/www.minihorse.eu\\\/produit\\\/synthetic-fleece-halter-2\\\/#primaryimage\",\"url\":\"https:\\\/\\\/www.minihorse.eu\\\/wp-content\\\/uploads\\\/2025\\\/02\\\/Halter-Soft-blue.jpg\",\"contentUrl\":\"https:\\\/\\\/www.minihorse.eu\\\/wp-content\\\/uploads\\\/2025\\\/02\\\/Halter-Soft-blue.jpg\",\"width\":600,\"height\":800,\"caption\":\"Licol fashion avec d\u00e9tails en fourrure douce | Disponible en taille Moyenne et Grande\"},{\"@type\":\"BreadcrumbList\",\"@id\":\"https:\\\/\\\/www.minihorse.eu\\\/produit\\\/synthetic-fleece-halter-2\\\/#breadcrumb\",\"itemListElement\":[{\"@type\":\"ListItem\",\"position\":1,\"name\":\"Home\",\"item\":\"https:\\\/\\\/www.minihorse.eu\\\/fr\\\/accueil\\\/\"},{\"@type\":\"ListItem\",\"position\":2,\"name\":\"Boutique\",\"item\":\"https:\\\/\\\/www.minihorse.eu\\\/fr\\\/boutique\\\/\"},{\"@type\":\"ListItem\",\"position\":3,\"name\":\"Licol avec rembourrage en fourrure synth\u00e9tique\"}]},{\"@type\":\"WebSite\",\"@id\":\"https:\\\/\\\/www.minihorse.eu\\\/#website\",\"url\":\"https:\\\/\\\/www.minihorse.eu\\\/\",\"name\":\"Minihorse.eu\",\"description\":\"The #1 store for Miniature Horses\",\"publisher\":{\"@id\":\"https:\\\/\\\/www.minihorse.eu\\\/#organization\"},\"potentialAction\":[{\"@type\":\"SearchAction\",\"target\":{\"@type\":\"EntryPoint\",\"urlTemplate\":\"https:\\\/\\\/www.minihorse.eu\\\/?s={search_term_string}\"},\"query-input\":{\"@type\":\"PropertyValueSpecification\",\"valueRequired\":true,\"valueName\":\"search_term_string\"}}],\"inLanguage\":\"fr-FR\"},{\"@type\":\"Organization\",\"@id\":\"https:\\\/\\\/www.minihorse.eu\\\/#organization\",\"name\":\"Minihorse.eu\",\"url\":\"https:\\\/\\\/www.minihorse.eu\\\/\",\"logo\":{\"@type\":\"ImageObject\",\"inLanguage\":\"fr-FR\",\"@id\":\"https:\\\/\\\/www.minihorse.eu\\\/#\\\/schema\\\/logo\\\/image\\\/\",\"url\":\"https:\\\/\\\/www.minihorse.eu\\\/wp-content\\\/uploads\\\/2024\\\/08\\\/Logo-minihorse-ext.png\",\"contentUrl\":\"https:\\\/\\\/www.minihorse.eu\\\/wp-content\\\/uploads\\\/2024\\\/08\\\/Logo-minihorse-ext.png\",\"width\":500,\"height\":500,\"caption\":\"Minihorse.eu\"},\"image\":{\"@id\":\"https:\\\/\\\/www.minihorse.eu\\\/#\\\/schema\\\/logo\\\/image\\\/\"},\"sameAs\":[\"https:\\\/\\\/www.facebook.com\\\/profile.php?id=100063487117479\"]}]}<\/script>\n<!-- \/ Yoast SEO plugin. -->","yoast_head_json":{"title":"Licol avec rembourrage en fourrure synth\u00e9tique - Minihorse.eu","robots":{"index":"index","follow":"follow","max-snippet":"max-snippet:-1","max-image-preview":"max-image-preview:large","max-video-preview":"max-video-preview:-1"},"canonical":"https:\/\/www.minihorse.eu\/produit\/synthetic-fleece-halter-2\/","og_locale":"fr_FR","og_type":"article","og_title":"Licol avec rembourrage en fourrure synth\u00e9tique - Minihorse.eu","og_description":"Licol avec rembourrage en fourrure synth\u00e9tique douce sur les points de frotement. Ajustable au niveau du nez et des oreilles, sangle de menton avec clip. Taille : Grande pour les chevaux miniatures adultes, Moyenne pour les poulains. Couleur : rose et bleu.","og_url":"https:\/\/www.minihorse.eu\/produit\/synthetic-fleece-halter-2\/","og_site_name":"Minihorse.eu","article_publisher":"https:\/\/www.facebook.com\/profile.php?id=100063487117479","og_image":[{"width":600,"height":800,"url":"https:\/\/www.minihorse.eu\/wp-content\/uploads\/2025\/02\/Halter-Soft-blue.jpg","type":"image\/jpeg"}],"twitter_card":"summary_large_image","schema":{"@context":"https:\/\/schema.org","@graph":[{"@type":"WebPage","@id":"https:\/\/www.minihorse.eu\/produit\/synthetic-fleece-halter-2\/","url":"https:\/\/www.minihorse.eu\/produit\/synthetic-fleece-halter-2\/","name":"Licol avec rembourrage en fourrure synth\u00e9tique - Minihorse.eu","isPartOf":{"@id":"https:\/\/www.minihorse.eu\/#website"},"primaryImageOfPage":{"@id":"https:\/\/www.minihorse.eu\/produit\/synthetic-fleece-halter-2\/#primaryimage"},"image":{"@id":"https:\/\/www.minihorse.eu\/produit\/synthetic-fleece-halter-2\/#primaryimage"},"thumbnailUrl":"https:\/\/www.minihorse.eu\/wp-content\/uploads\/2025\/02\/Halter-Soft-blue.jpg","datePublished":"2025-02-05T16:54:54+00:00","breadcrumb":{"@id":"https:\/\/www.minihorse.eu\/produit\/synthetic-fleece-halter-2\/#breadcrumb"},"inLanguage":"fr-FR","potentialAction":[{"@type":"ReadAction","target":["https:\/\/www.minihorse.eu\/produit\/synthetic-fleece-halter-2\/"]}]},{"@type":"ImageObject","inLanguage":"fr-FR","@id":"https:\/\/www.minihorse.eu\/produit\/synthetic-fleece-halter-2\/#primaryimage","url":"https:\/\/www.minihorse.eu\/wp-content\/uploads\/2025\/02\/Halter-Soft-blue.jpg","contentUrl":"https:\/\/www.minihorse.eu\/wp-content\/uploads\/2025\/02\/Halter-Soft-blue.jpg","width":600,"height":800,"caption":"Licol fashion avec d\u00e9tails en fourrure douce | Disponible en taille Moyenne et Grande"},{"@type":"BreadcrumbList","@id":"https:\/\/www.minihorse.eu\/produit\/synthetic-fleece-halter-2\/#breadcrumb","itemListElement":[{"@type":"ListItem","position":1,"name":"Home","item":"https:\/\/www.minihorse.eu\/fr\/accueil\/"},{"@type":"ListItem","position":2,"name":"Boutique","item":"https:\/\/www.minihorse.eu\/fr\/boutique\/"},{"@type":"ListItem","position":3,"name":"Licol avec rembourrage en fourrure synth\u00e9tique"}]},{"@type":"WebSite","@id":"https:\/\/www.minihorse.eu\/#website","url":"https:\/\/www.minihorse.eu\/","name":"Minihorse.eu","description":"The #1 store for Miniature Horses","publisher":{"@id":"https:\/\/www.minihorse.eu\/#organization"},"potentialAction":[{"@type":"SearchAction","target":{"@type":"EntryPoint","urlTemplate":"https:\/\/www.minihorse.eu\/?s={search_term_string}"},"query-input":{"@type":"PropertyValueSpecification","valueRequired":true,"valueName":"search_term_string"}}],"inLanguage":"fr-FR"},{"@type":"Organization","@id":"https:\/\/www.minihorse.eu\/#organization","name":"Minihorse.eu","url":"https:\/\/www.minihorse.eu\/","logo":{"@type":"ImageObject","inLanguage":"fr-FR","@id":"https:\/\/www.minihorse.eu\/#\/schema\/logo\/image\/","url":"https:\/\/www.minihorse.eu\/wp-content\/uploads\/2024\/08\/Logo-minihorse-ext.png","contentUrl":"https:\/\/www.minihorse.eu\/wp-content\/uploads\/2024\/08\/Logo-minihorse-ext.png","width":500,"height":500,"caption":"Minihorse.eu"},"image":{"@id":"https:\/\/www.minihorse.eu\/#\/schema\/logo\/image\/"},"sameAs":["https:\/\/www.facebook.com\/profile.php?id=100063487117479"]}]}},"jetpack_sharing_enabled":true,"_links":{"self":[{"href":"https:\/\/www.minihorse.eu\/fr\/wp-json\/wp\/v2\/product\/3273","targetHints":{"allow":["GET"]}}],"collection":[{"href":"https:\/\/www.minihorse.eu\/fr\/wp-json\/wp\/v2\/product"}],"about":[{"href":"https:\/\/www.minihorse.eu\/fr\/wp-json\/wp\/v2\/types\/product"}],"replies":[{"embeddable":true,"href":"https:\/\/www.minihorse.eu\/fr\/wp-json\/wp\/v2\/comments?post=3273"}],"wp:featuredmedia":[{"embeddable":true,"href":"https:\/\/www.minihorse.eu\/fr\/wp-json\/wp\/v2\/media\/3189"}],"wp:attachment":[{"href":"https:\/\/www.minihorse.eu\/fr\/wp-json\/wp\/v2\/media?parent=3273"}],"wp:term":[{"taxonomy":"product_brand","embeddable":true,"href":"https:\/\/www.minihorse.eu\/fr\/wp-json\/wp\/v2\/product_brand?post=3273"},{"taxonomy":"product_cat","embeddable":true,"href":"https:\/\/www.minihorse.eu\/fr\/wp-json\/wp\/v2\/product_cat?post=3273"},{"taxonomy":"product_tag","embeddable":true,"href":"https:\/\/www.minihorse.eu\/fr\/wp-json\/wp\/v2\/product_tag?post=3273"}],"curies":[{"name":"wp","href":"https:\/\/api.w.org\/{rel}","templated":true}]}}