{"id":3278,"date":"2025-02-06T09:11:52","date_gmt":"2025-02-06T09:11:52","guid":{"rendered":"https:\/\/horselandshop.com\/product\/shapleys-original-m-t-g-plus-mane-tail-groom\/"},"modified":"2026-02-03T14:44:50","modified_gmt":"2026-02-03T14:44:50","slug":"shapleys-original-mtg-plus-mane-tail-groom","status":"publish","type":"product","link":"https:\/\/www.minihorse.eu\/fr\/produit\/shapleys-original-mtg-plus-mane-tail-groom\/","title":{"rendered":"Shapley&rsquo;s Original M-T-G Plus (Mane-Tail-Groom)"},"content":{"rendered":"<p class=\"font_8 wixui-rich-text__text\"><span class=\"color_11 wixui-rich-text__text\"><strong>Shapley Original M-T-G <\/strong><span class=\"wixui-rich-text__text\"><strong>Plus<\/strong><\/span> est exactement la m\u00eame grande formule produisant les m\u00eames grands r\u00e9sultats, mais avec un nouveau parfum \u00e0 base de plantes clair. Les gens qui n&rsquo;aimaient pas l&rsquo;odeur du <span class=\"wixui-rich-text__text\">M-T-G d&rsquo;origine<\/span> peuvent d\u00e9sormais utiliser cette nouvelle tournure sur l&rsquo;original et profiter d&rsquo;un parfum \u00e0 base de plantes frais. <\/span><\/p>\n<p class=\"font_8 wixui-rich-text__text\"><span class=\"color_11 wixui-rich-text__text\"><span class=\"wixui-rich-text__text\"><strong>Shapley Original M-T-G Plus<\/strong> est une solution facile \u00e0 utiliser dans le temps pour la sant\u00e9 de la peau et la croissance des cheveux. La formule unique calme la peau tout en conditionnant \u00e0 la fois la peau et les cheveux, en maintenant une peau saine et en faisant la promotion de beaux cheveux. <\/span><\/span><\/p>\n<p class=\"font_8 wixui-rich-text__text\"><strong><span class=\"color_11 wixui-rich-text__text\"><span class=\"wixui-rich-text__text\"><span class=\"wixGuard wixui-rich-text__text\">\u200b<\/span><\/span><\/span><\/strong><span class=\"color_11 wixui-rich-text__text\"><span class=\"wixui-rich-text__text\">Lorsqu&rsquo;il est appliqu\u00e9 hebdomadaire, le <strong>M-T-G Plus <\/strong>cr\u00e9e un environnement hygi\u00e9nique pour le follicule pileux entra\u00eenant une croissance maximale tout en maintenant la longueur de la tige de cheveux douce et souple pour une rupture minimale. Les utilisateurs signalent jusqu&rsquo;\u00e0 3 pouces de croissance des cheveux sur les crini\u00e8res et les queues en un seul mois. <\/span><\/span><\/p>\n<p>Disponible en 2 tailles.<\/p>\n","protected":false},"excerpt":{"rendered":"<p>Le <strong>Shapley&rsquo;s Original M-T-G Plus (Mane-Tail-Groom) <\/strong>favorise une peau et une croissance des poils saines gr\u00e2ce \u00e0 sa formule \u00e9prouv\u00e9e. Une utilisation r\u00e9guli\u00e8re hydrate la peau, encourage la croissance des poils et r\u00e9duit la casse.<\/p>\n<p>Produits incontournables pour les chevaux miniatures qui participent aux concours !<\/p>\n<p>Disponible en 2 tailles.<\/p>\n","protected":false},"featured_media":3213,"comment_status":"open","ping_status":"closed","template":"","meta":[],"product_brand":[],"product_cat":[187,179,209,210,180],"product_tag":[781,782,776,780,783,786,787,777,789,784,778,715,513,775,785,788,171,779,172],"class_list":{"0":"post-3278","1":"product","2":"type-product","3":"status-publish","4":"has-post-thumbnail","6":"product_cat-chevaux-miniatures","7":"product_cat-meilleures-ventes","8":"product_cat-sante","9":"product_cat-shapleys-fr","10":"product_cat-soins","11":"product_tag-aggressif","12":"product_tag-cheval","13":"product_tag-criniere-et-queue-fines","14":"product_tag-croutes","15":"product_tag-dermatophilose","16":"product_tag-desquamation","17":"product_tag-diarrhee","18":"product_tag-eczema-fr","19":"product_tag-eczema-dete","20":"product_tag-gale-de-pluie","21":"product_tag-gratte","22":"product_tag-mtg-fr","23":"product_tag-original-mtg-fr","24":"product_tag-peau-seche","25":"product_tag-pellicules","26":"product_tag-prurigo-dete","27":"product_tag-soins","28":"product_tag-taches-de-calvitie","29":"product_tag-toilettage","31":"first","32":"instock","33":"taxable","34":"shipping-taxable","35":"purchasable","36":"product-type-variable"},"yoast_head":"<!-- This site is optimized with the Yoast SEO plugin v27.5 - https:\/\/yoast.com\/product\/yoast-seo-wordpress\/ -->\n<title>Shapley&#039;s Original M-T-G Plus (Mane-Tail-Groom) - Minihorse.eu<\/title>\n<meta name=\"robots\" content=\"index, follow, max-snippet:-1, max-image-preview:large, max-video-preview:-1\" \/>\n<link rel=\"canonical\" href=\"https:\/\/www.minihorse.eu\/fr\/produit\/shapleys-original-mtg-plus-mane-tail-groom\/\" \/>\n<meta property=\"og:locale\" content=\"fr_FR\" \/>\n<meta property=\"og:type\" content=\"article\" \/>\n<meta property=\"og:title\" content=\"Shapley&#039;s Original M-T-G Plus (Mane-Tail-Groom) - Minihorse.eu\" \/>\n<meta property=\"og:description\" content=\"Le Shapley&#039;s Original M-T-G Plus (Mane-Tail-Groom) favorise une peau et une croissance des poils saines gr\u00e2ce \u00e0 sa formule \u00e9prouv\u00e9e. Une utilisation r\u00e9guli\u00e8re hydrate la peau, encourage la croissance des poils et r\u00e9duit la casse.  Produits incontournables pour les chevaux miniatures qui participent aux concours !  Disponible en 2 tailles.\" \/>\n<meta property=\"og:url\" content=\"https:\/\/www.minihorse.eu\/fr\/produit\/shapleys-original-mtg-plus-mane-tail-groom\/\" \/>\n<meta property=\"og:site_name\" content=\"Minihorse.eu\" \/>\n<meta property=\"article:publisher\" content=\"https:\/\/www.facebook.com\/profile.php?id=100063487117479\" \/>\n<meta property=\"article:modified_time\" content=\"2026-02-03T14:44:50+00:00\" \/>\n<meta property=\"og:image\" content=\"https:\/\/www.minihorse.eu\/wp-content\/uploads\/2025\/02\/Shapleys-Original-MTG-946-ml-1.jpg\" \/>\n\t<meta property=\"og:image:width\" content=\"600\" \/>\n\t<meta property=\"og:image:height\" content=\"800\" \/>\n\t<meta property=\"og:image:type\" content=\"image\/jpeg\" \/>\n<meta name=\"twitter:card\" content=\"summary_large_image\" \/>\n<meta name=\"twitter:label1\" content=\"Dur\u00e9e de lecture estim\u00e9e\" \/>\n\t<meta name=\"twitter:data1\" content=\"1 minute\" \/>\n<script type=\"application\/ld+json\" class=\"yoast-schema-graph\">{\"@context\":\"https:\\\/\\\/schema.org\",\"@graph\":[{\"@type\":\"WebPage\",\"@id\":\"https:\\\/\\\/www.minihorse.eu\\\/fr\\\/produit\\\/shapleys-original-mtg-plus-mane-tail-groom\\\/\",\"url\":\"https:\\\/\\\/www.minihorse.eu\\\/fr\\\/produit\\\/shapleys-original-mtg-plus-mane-tail-groom\\\/\",\"name\":\"Shapley's Original M-T-G Plus (Mane-Tail-Groom) - Minihorse.eu\",\"isPartOf\":{\"@id\":\"https:\\\/\\\/www.minihorse.eu\\\/#website\"},\"primaryImageOfPage\":{\"@id\":\"https:\\\/\\\/www.minihorse.eu\\\/fr\\\/produit\\\/shapleys-original-mtg-plus-mane-tail-groom\\\/#primaryimage\"},\"image\":{\"@id\":\"https:\\\/\\\/www.minihorse.eu\\\/fr\\\/produit\\\/shapleys-original-mtg-plus-mane-tail-groom\\\/#primaryimage\"},\"thumbnailUrl\":\"https:\\\/\\\/www.minihorse.eu\\\/wp-content\\\/uploads\\\/2025\\\/02\\\/Shapleys-Original-MTG-946-ml-1.jpg\",\"datePublished\":\"2025-02-06T09:11:52+00:00\",\"dateModified\":\"2026-02-03T14:44:50+00:00\",\"breadcrumb\":{\"@id\":\"https:\\\/\\\/www.minihorse.eu\\\/fr\\\/produit\\\/shapleys-original-mtg-plus-mane-tail-groom\\\/#breadcrumb\"},\"inLanguage\":\"fr-FR\",\"potentialAction\":[{\"@type\":\"ReadAction\",\"target\":[\"https:\\\/\\\/www.minihorse.eu\\\/fr\\\/produit\\\/shapleys-original-mtg-plus-mane-tail-groom\\\/\"]}]},{\"@type\":\"ImageObject\",\"inLanguage\":\"fr-FR\",\"@id\":\"https:\\\/\\\/www.minihorse.eu\\\/fr\\\/produit\\\/shapleys-original-mtg-plus-mane-tail-groom\\\/#primaryimage\",\"url\":\"https:\\\/\\\/www.minihorse.eu\\\/wp-content\\\/uploads\\\/2025\\\/02\\\/Shapleys-Original-MTG-946-ml-1.jpg\",\"contentUrl\":\"https:\\\/\\\/www.minihorse.eu\\\/wp-content\\\/uploads\\\/2025\\\/02\\\/Shapleys-Original-MTG-946-ml-1.jpg\",\"width\":600,\"height\":800},{\"@type\":\"BreadcrumbList\",\"@id\":\"https:\\\/\\\/www.minihorse.eu\\\/fr\\\/produit\\\/shapleys-original-mtg-plus-mane-tail-groom\\\/#breadcrumb\",\"itemListElement\":[{\"@type\":\"ListItem\",\"position\":1,\"name\":\"Home\",\"item\":\"https:\\\/\\\/www.minihorse.eu\\\/fr\\\/accueil\\\/\"},{\"@type\":\"ListItem\",\"position\":2,\"name\":\"Boutique\",\"item\":\"https:\\\/\\\/www.minihorse.eu\\\/fr\\\/boutique\\\/\"},{\"@type\":\"ListItem\",\"position\":3,\"name\":\"Shapley&#8217;s Original M-T-G Plus (Mane-Tail-Groom)\"}]},{\"@type\":\"WebSite\",\"@id\":\"https:\\\/\\\/www.minihorse.eu\\\/#website\",\"url\":\"https:\\\/\\\/www.minihorse.eu\\\/\",\"name\":\"Minihorse.eu\",\"description\":\"The #1 store for Miniature Horses\",\"publisher\":{\"@id\":\"https:\\\/\\\/www.minihorse.eu\\\/#organization\"},\"potentialAction\":[{\"@type\":\"SearchAction\",\"target\":{\"@type\":\"EntryPoint\",\"urlTemplate\":\"https:\\\/\\\/www.minihorse.eu\\\/?s={search_term_string}\"},\"query-input\":{\"@type\":\"PropertyValueSpecification\",\"valueRequired\":true,\"valueName\":\"search_term_string\"}}],\"inLanguage\":\"fr-FR\"},{\"@type\":\"Organization\",\"@id\":\"https:\\\/\\\/www.minihorse.eu\\\/#organization\",\"name\":\"Minihorse.eu\",\"url\":\"https:\\\/\\\/www.minihorse.eu\\\/\",\"logo\":{\"@type\":\"ImageObject\",\"inLanguage\":\"fr-FR\",\"@id\":\"https:\\\/\\\/www.minihorse.eu\\\/#\\\/schema\\\/logo\\\/image\\\/\",\"url\":\"https:\\\/\\\/www.minihorse.eu\\\/wp-content\\\/uploads\\\/2024\\\/08\\\/Logo-minihorse-ext.png\",\"contentUrl\":\"https:\\\/\\\/www.minihorse.eu\\\/wp-content\\\/uploads\\\/2024\\\/08\\\/Logo-minihorse-ext.png\",\"width\":500,\"height\":500,\"caption\":\"Minihorse.eu\"},\"image\":{\"@id\":\"https:\\\/\\\/www.minihorse.eu\\\/#\\\/schema\\\/logo\\\/image\\\/\"},\"sameAs\":[\"https:\\\/\\\/www.facebook.com\\\/profile.php?id=100063487117479\"]}]}<\/script>\n<!-- \/ Yoast SEO plugin. -->","yoast_head_json":{"title":"Shapley's Original M-T-G Plus (Mane-Tail-Groom) - Minihorse.eu","robots":{"index":"index","follow":"follow","max-snippet":"max-snippet:-1","max-image-preview":"max-image-preview:large","max-video-preview":"max-video-preview:-1"},"canonical":"https:\/\/www.minihorse.eu\/fr\/produit\/shapleys-original-mtg-plus-mane-tail-groom\/","og_locale":"fr_FR","og_type":"article","og_title":"Shapley's Original M-T-G Plus (Mane-Tail-Groom) - Minihorse.eu","og_description":"Le Shapley's Original M-T-G Plus (Mane-Tail-Groom) favorise une peau et une croissance des poils saines gr\u00e2ce \u00e0 sa formule \u00e9prouv\u00e9e. Une utilisation r\u00e9guli\u00e8re hydrate la peau, encourage la croissance des poils et r\u00e9duit la casse.  Produits incontournables pour les chevaux miniatures qui participent aux concours !  Disponible en 2 tailles.","og_url":"https:\/\/www.minihorse.eu\/fr\/produit\/shapleys-original-mtg-plus-mane-tail-groom\/","og_site_name":"Minihorse.eu","article_publisher":"https:\/\/www.facebook.com\/profile.php?id=100063487117479","article_modified_time":"2026-02-03T14:44:50+00:00","og_image":[{"width":600,"height":800,"url":"https:\/\/www.minihorse.eu\/wp-content\/uploads\/2025\/02\/Shapleys-Original-MTG-946-ml-1.jpg","type":"image\/jpeg"}],"twitter_card":"summary_large_image","twitter_misc":{"Dur\u00e9e de lecture estim\u00e9e":"1 minute"},"schema":{"@context":"https:\/\/schema.org","@graph":[{"@type":"WebPage","@id":"https:\/\/www.minihorse.eu\/fr\/produit\/shapleys-original-mtg-plus-mane-tail-groom\/","url":"https:\/\/www.minihorse.eu\/fr\/produit\/shapleys-original-mtg-plus-mane-tail-groom\/","name":"Shapley's Original M-T-G Plus (Mane-Tail-Groom) - Minihorse.eu","isPartOf":{"@id":"https:\/\/www.minihorse.eu\/#website"},"primaryImageOfPage":{"@id":"https:\/\/www.minihorse.eu\/fr\/produit\/shapleys-original-mtg-plus-mane-tail-groom\/#primaryimage"},"image":{"@id":"https:\/\/www.minihorse.eu\/fr\/produit\/shapleys-original-mtg-plus-mane-tail-groom\/#primaryimage"},"thumbnailUrl":"https:\/\/www.minihorse.eu\/wp-content\/uploads\/2025\/02\/Shapleys-Original-MTG-946-ml-1.jpg","datePublished":"2025-02-06T09:11:52+00:00","dateModified":"2026-02-03T14:44:50+00:00","breadcrumb":{"@id":"https:\/\/www.minihorse.eu\/fr\/produit\/shapleys-original-mtg-plus-mane-tail-groom\/#breadcrumb"},"inLanguage":"fr-FR","potentialAction":[{"@type":"ReadAction","target":["https:\/\/www.minihorse.eu\/fr\/produit\/shapleys-original-mtg-plus-mane-tail-groom\/"]}]},{"@type":"ImageObject","inLanguage":"fr-FR","@id":"https:\/\/www.minihorse.eu\/fr\/produit\/shapleys-original-mtg-plus-mane-tail-groom\/#primaryimage","url":"https:\/\/www.minihorse.eu\/wp-content\/uploads\/2025\/02\/Shapleys-Original-MTG-946-ml-1.jpg","contentUrl":"https:\/\/www.minihorse.eu\/wp-content\/uploads\/2025\/02\/Shapleys-Original-MTG-946-ml-1.jpg","width":600,"height":800},{"@type":"BreadcrumbList","@id":"https:\/\/www.minihorse.eu\/fr\/produit\/shapleys-original-mtg-plus-mane-tail-groom\/#breadcrumb","itemListElement":[{"@type":"ListItem","position":1,"name":"Home","item":"https:\/\/www.minihorse.eu\/fr\/accueil\/"},{"@type":"ListItem","position":2,"name":"Boutique","item":"https:\/\/www.minihorse.eu\/fr\/boutique\/"},{"@type":"ListItem","position":3,"name":"Shapley&#8217;s Original M-T-G Plus (Mane-Tail-Groom)"}]},{"@type":"WebSite","@id":"https:\/\/www.minihorse.eu\/#website","url":"https:\/\/www.minihorse.eu\/","name":"Minihorse.eu","description":"The #1 store for Miniature Horses","publisher":{"@id":"https:\/\/www.minihorse.eu\/#organization"},"potentialAction":[{"@type":"SearchAction","target":{"@type":"EntryPoint","urlTemplate":"https:\/\/www.minihorse.eu\/?s={search_term_string}"},"query-input":{"@type":"PropertyValueSpecification","valueRequired":true,"valueName":"search_term_string"}}],"inLanguage":"fr-FR"},{"@type":"Organization","@id":"https:\/\/www.minihorse.eu\/#organization","name":"Minihorse.eu","url":"https:\/\/www.minihorse.eu\/","logo":{"@type":"ImageObject","inLanguage":"fr-FR","@id":"https:\/\/www.minihorse.eu\/#\/schema\/logo\/image\/","url":"https:\/\/www.minihorse.eu\/wp-content\/uploads\/2024\/08\/Logo-minihorse-ext.png","contentUrl":"https:\/\/www.minihorse.eu\/wp-content\/uploads\/2024\/08\/Logo-minihorse-ext.png","width":500,"height":500,"caption":"Minihorse.eu"},"image":{"@id":"https:\/\/www.minihorse.eu\/#\/schema\/logo\/image\/"},"sameAs":["https:\/\/www.facebook.com\/profile.php?id=100063487117479"]}]}},"jetpack_sharing_enabled":true,"_links":{"self":[{"href":"https:\/\/www.minihorse.eu\/fr\/wp-json\/wp\/v2\/product\/3278","targetHints":{"allow":["GET"]}}],"collection":[{"href":"https:\/\/www.minihorse.eu\/fr\/wp-json\/wp\/v2\/product"}],"about":[{"href":"https:\/\/www.minihorse.eu\/fr\/wp-json\/wp\/v2\/types\/product"}],"replies":[{"embeddable":true,"href":"https:\/\/www.minihorse.eu\/fr\/wp-json\/wp\/v2\/comments?post=3278"}],"wp:featuredmedia":[{"embeddable":true,"href":"https:\/\/www.minihorse.eu\/fr\/wp-json\/wp\/v2\/media\/3213"}],"wp:attachment":[{"href":"https:\/\/www.minihorse.eu\/fr\/wp-json\/wp\/v2\/media?parent=3278"}],"wp:term":[{"taxonomy":"product_brand","embeddable":true,"href":"https:\/\/www.minihorse.eu\/fr\/wp-json\/wp\/v2\/product_brand?post=3278"},{"taxonomy":"product_cat","embeddable":true,"href":"https:\/\/www.minihorse.eu\/fr\/wp-json\/wp\/v2\/product_cat?post=3278"},{"taxonomy":"product_tag","embeddable":true,"href":"https:\/\/www.minihorse.eu\/fr\/wp-json\/wp\/v2\/product_tag?post=3278"}],"curies":[{"name":"wp","href":"https:\/\/api.w.org\/{rel}","templated":true}]}}