{"id":3364,"date":"2025-02-20T16:45:10","date_gmt":"2025-02-20T16:45:10","guid":{"rendered":"https:\/\/horselandshop.com\/?post_type=product&#038;p=3364"},"modified":"2025-04-05T12:36:25","modified_gmt":"2025-04-05T12:36:25","slug":"licou-en-cuir-rembourre-copy","status":"publish","type":"product","link":"https:\/\/www.minihorse.eu\/fr\/produit\/licou-en-cuir-rembourre-copy\/","title":{"rendered":"Licol en cuir avec strass"},"content":{"rendered":"<p>Ce<strong> licol en cuir noir <\/strong>avec de magnifiques strass sur la truffe et les embouchures est fabriqu\u00e9 en cuir de haute qualit\u00e9 et est id\u00e9al pour un usage quotidien, pour un spectacle ou une s\u00e9ance photo. La t\u00eati\u00e8re et la muserolle sont munies d&rsquo;une boucle, ce qui permet d&rsquo;ajuster le licol \u00e0 la forme et \u00e0 la taille uniques de la t\u00eate de votre cheval. Facile \u00e0 mettre gr\u00e2ce \u00e0 la fermeture \u00e0 clip. Disponible en 3 tailles : Large (mini cheval adulte), Medium (mini cheval d&rsquo;un an) et Small (mini cheval poulain).    <\/p>\n<p>&nbsp;<\/p>\n<p>&nbsp;<\/p>\n<p>&nbsp;<\/p>\n","protected":false},"excerpt":{"rendered":"<p>Ce<strong> licol en cuir noir<\/strong> avec de magnifiques <strong>strass <\/strong>sur le nez et les joues est fabriqu\u00e9 en cuir de haute qualit\u00e9 et est id\u00e9al pour un usage quotidien, pour un spectacle ou une s\u00e9ance photo. La t\u00eati\u00e8re et la truffe sont boucl\u00e9es, ce qui permet d&rsquo;ajuster le licol \u00e0 la forme et \u00e0 la taille uniques de la t\u00eate de votre cheval. Facile \u00e0 mettre gr\u00e2ce \u00e0 la fermeture \u00e0 clip. Disponible en 3 tailles : Large (mini cheval adulte), Medium (mini cheval d&rsquo;un an) et Small (mini cheval poulain).   <\/p>\n","protected":false},"featured_media":9123,"comment_status":"open","ping_status":"closed","template":"","meta":[],"product_brand":[],"product_cat":[243,242],"product_tag":[244,506,173],"class_list":{"0":"post-3364","1":"product","2":"type-product","3":"status-publish","4":"has-post-thumbnail","6":"product_cat-licols-en-cuir","7":"product_cat-licols-et-longes","8":"product_tag-chevaux-miniatures","9":"product_tag-licol-en-cuir","10":"product_tag-licols","12":"first","13":"instock","14":"taxable","15":"shipping-taxable","16":"purchasable","17":"product-type-variable"},"yoast_head":"<!-- This site is optimized with the Yoast SEO plugin v27.5 - https:\/\/yoast.com\/product\/yoast-seo-wordpress\/ -->\n<title>Licol en cuir avec strass - Minihorse.eu<\/title>\n<meta name=\"robots\" content=\"index, follow, max-snippet:-1, max-image-preview:large, max-video-preview:-1\" \/>\n<link rel=\"canonical\" href=\"https:\/\/www.minihorse.eu\/produit\/leather-halter-strass\/\" \/>\n<meta property=\"og:locale\" content=\"fr_FR\" \/>\n<meta property=\"og:type\" content=\"article\" \/>\n<meta property=\"og:title\" content=\"Licol en cuir avec strass - Minihorse.eu\" \/>\n<meta property=\"og:description\" content=\"Ce licol en cuir noir avec de magnifiques strass sur le nez et les joues est fabriqu\u00e9 en cuir de haute qualit\u00e9 et est id\u00e9al pour un usage quotidien, pour un spectacle ou une s\u00e9ance photo. La t\u00eati\u00e8re et la truffe sont boucl\u00e9es, ce qui permet d&#039;ajuster le licol \u00e0 la forme et \u00e0 la taille uniques de la t\u00eate de votre cheval. Facile \u00e0 mettre gr\u00e2ce \u00e0 la fermeture \u00e0 clip. Disponible en 3 tailles : Large (mini cheval adulte), Medium (mini cheval d&#039;un an) et Small (mini cheval poulain).\" \/>\n<meta property=\"og:url\" content=\"https:\/\/www.minihorse.eu\/produit\/leather-halter-strass\/\" \/>\n<meta property=\"og:site_name\" content=\"Minihorse.eu\" \/>\n<meta property=\"article:publisher\" content=\"https:\/\/www.facebook.com\/profile.php?id=100063487117479\" \/>\n<meta property=\"article:modified_time\" content=\"2025-04-05T12:36:25+00:00\" \/>\n<meta property=\"og:image\" content=\"https:\/\/www.minihorse.eu\/wp-content\/uploads\/2025\/02\/ChatGPT-Image-10-apr-2025-01_09_39-_2.png\" \/>\n\t<meta property=\"og:image:width\" content=\"1024\" \/>\n\t<meta property=\"og:image:height\" content=\"1024\" \/>\n\t<meta property=\"og:image:type\" content=\"image\/png\" \/>\n<meta name=\"twitter:card\" content=\"summary_large_image\" \/>\n<script type=\"application\/ld+json\" class=\"yoast-schema-graph\">{\"@context\":\"https:\\\/\\\/schema.org\",\"@graph\":[{\"@type\":\"WebPage\",\"@id\":\"https:\\\/\\\/www.minihorse.eu\\\/produit\\\/leather-halter-strass\\\/\",\"url\":\"https:\\\/\\\/www.minihorse.eu\\\/produit\\\/leather-halter-strass\\\/\",\"name\":\"Licol en cuir avec strass - Minihorse.eu\",\"isPartOf\":{\"@id\":\"https:\\\/\\\/www.minihorse.eu\\\/#website\"},\"primaryImageOfPage\":{\"@id\":\"https:\\\/\\\/www.minihorse.eu\\\/produit\\\/leather-halter-strass\\\/#primaryimage\"},\"image\":{\"@id\":\"https:\\\/\\\/www.minihorse.eu\\\/produit\\\/leather-halter-strass\\\/#primaryimage\"},\"thumbnailUrl\":\"https:\\\/\\\/www.minihorse.eu\\\/wp-content\\\/uploads\\\/2025\\\/02\\\/ChatGPT-Image-10-apr-2025-01_09_39-_2.png\",\"datePublished\":\"2025-02-20T16:45:10+00:00\",\"dateModified\":\"2025-04-05T12:36:25+00:00\",\"breadcrumb\":{\"@id\":\"https:\\\/\\\/www.minihorse.eu\\\/produit\\\/leather-halter-strass\\\/#breadcrumb\"},\"inLanguage\":\"fr-FR\",\"potentialAction\":[{\"@type\":\"ReadAction\",\"target\":[\"https:\\\/\\\/www.minihorse.eu\\\/produit\\\/leather-halter-strass\\\/\"]}]},{\"@type\":\"ImageObject\",\"inLanguage\":\"fr-FR\",\"@id\":\"https:\\\/\\\/www.minihorse.eu\\\/produit\\\/leather-halter-strass\\\/#primaryimage\",\"url\":\"https:\\\/\\\/www.minihorse.eu\\\/wp-content\\\/uploads\\\/2025\\\/02\\\/ChatGPT-Image-10-apr-2025-01_09_39-_2.png\",\"contentUrl\":\"https:\\\/\\\/www.minihorse.eu\\\/wp-content\\\/uploads\\\/2025\\\/02\\\/ChatGPT-Image-10-apr-2025-01_09_39-_2.png\",\"width\":1024,\"height\":1024},{\"@type\":\"BreadcrumbList\",\"@id\":\"https:\\\/\\\/www.minihorse.eu\\\/produit\\\/leather-halter-strass\\\/#breadcrumb\",\"itemListElement\":[{\"@type\":\"ListItem\",\"position\":1,\"name\":\"Home\",\"item\":\"https:\\\/\\\/www.minihorse.eu\\\/fr\\\/accueil\\\/\"},{\"@type\":\"ListItem\",\"position\":2,\"name\":\"Boutique\",\"item\":\"https:\\\/\\\/www.minihorse.eu\\\/fr\\\/boutique\\\/\"},{\"@type\":\"ListItem\",\"position\":3,\"name\":\"Licol en cuir avec strass\"}]},{\"@type\":\"WebSite\",\"@id\":\"https:\\\/\\\/www.minihorse.eu\\\/#website\",\"url\":\"https:\\\/\\\/www.minihorse.eu\\\/\",\"name\":\"Minihorse.eu\",\"description\":\"The #1 store for Miniature Horses\",\"publisher\":{\"@id\":\"https:\\\/\\\/www.minihorse.eu\\\/#organization\"},\"potentialAction\":[{\"@type\":\"SearchAction\",\"target\":{\"@type\":\"EntryPoint\",\"urlTemplate\":\"https:\\\/\\\/www.minihorse.eu\\\/?s={search_term_string}\"},\"query-input\":{\"@type\":\"PropertyValueSpecification\",\"valueRequired\":true,\"valueName\":\"search_term_string\"}}],\"inLanguage\":\"fr-FR\"},{\"@type\":\"Organization\",\"@id\":\"https:\\\/\\\/www.minihorse.eu\\\/#organization\",\"name\":\"Minihorse.eu\",\"url\":\"https:\\\/\\\/www.minihorse.eu\\\/\",\"logo\":{\"@type\":\"ImageObject\",\"inLanguage\":\"fr-FR\",\"@id\":\"https:\\\/\\\/www.minihorse.eu\\\/#\\\/schema\\\/logo\\\/image\\\/\",\"url\":\"https:\\\/\\\/www.minihorse.eu\\\/wp-content\\\/uploads\\\/2024\\\/08\\\/Logo-minihorse-ext.png\",\"contentUrl\":\"https:\\\/\\\/www.minihorse.eu\\\/wp-content\\\/uploads\\\/2024\\\/08\\\/Logo-minihorse-ext.png\",\"width\":500,\"height\":500,\"caption\":\"Minihorse.eu\"},\"image\":{\"@id\":\"https:\\\/\\\/www.minihorse.eu\\\/#\\\/schema\\\/logo\\\/image\\\/\"},\"sameAs\":[\"https:\\\/\\\/www.facebook.com\\\/profile.php?id=100063487117479\"]}]}<\/script>\n<!-- \/ Yoast SEO plugin. -->","yoast_head_json":{"title":"Licol en cuir avec strass - Minihorse.eu","robots":{"index":"index","follow":"follow","max-snippet":"max-snippet:-1","max-image-preview":"max-image-preview:large","max-video-preview":"max-video-preview:-1"},"canonical":"https:\/\/www.minihorse.eu\/produit\/leather-halter-strass\/","og_locale":"fr_FR","og_type":"article","og_title":"Licol en cuir avec strass - Minihorse.eu","og_description":"Ce licol en cuir noir avec de magnifiques strass sur le nez et les joues est fabriqu\u00e9 en cuir de haute qualit\u00e9 et est id\u00e9al pour un usage quotidien, pour un spectacle ou une s\u00e9ance photo. La t\u00eati\u00e8re et la truffe sont boucl\u00e9es, ce qui permet d'ajuster le licol \u00e0 la forme et \u00e0 la taille uniques de la t\u00eate de votre cheval. Facile \u00e0 mettre gr\u00e2ce \u00e0 la fermeture \u00e0 clip. Disponible en 3 tailles : Large (mini cheval adulte), Medium (mini cheval d'un an) et Small (mini cheval poulain).","og_url":"https:\/\/www.minihorse.eu\/produit\/leather-halter-strass\/","og_site_name":"Minihorse.eu","article_publisher":"https:\/\/www.facebook.com\/profile.php?id=100063487117479","article_modified_time":"2025-04-05T12:36:25+00:00","og_image":[{"width":1024,"height":1024,"url":"https:\/\/www.minihorse.eu\/wp-content\/uploads\/2025\/02\/ChatGPT-Image-10-apr-2025-01_09_39-_2.png","type":"image\/png"}],"twitter_card":"summary_large_image","schema":{"@context":"https:\/\/schema.org","@graph":[{"@type":"WebPage","@id":"https:\/\/www.minihorse.eu\/produit\/leather-halter-strass\/","url":"https:\/\/www.minihorse.eu\/produit\/leather-halter-strass\/","name":"Licol en cuir avec strass - Minihorse.eu","isPartOf":{"@id":"https:\/\/www.minihorse.eu\/#website"},"primaryImageOfPage":{"@id":"https:\/\/www.minihorse.eu\/produit\/leather-halter-strass\/#primaryimage"},"image":{"@id":"https:\/\/www.minihorse.eu\/produit\/leather-halter-strass\/#primaryimage"},"thumbnailUrl":"https:\/\/www.minihorse.eu\/wp-content\/uploads\/2025\/02\/ChatGPT-Image-10-apr-2025-01_09_39-_2.png","datePublished":"2025-02-20T16:45:10+00:00","dateModified":"2025-04-05T12:36:25+00:00","breadcrumb":{"@id":"https:\/\/www.minihorse.eu\/produit\/leather-halter-strass\/#breadcrumb"},"inLanguage":"fr-FR","potentialAction":[{"@type":"ReadAction","target":["https:\/\/www.minihorse.eu\/produit\/leather-halter-strass\/"]}]},{"@type":"ImageObject","inLanguage":"fr-FR","@id":"https:\/\/www.minihorse.eu\/produit\/leather-halter-strass\/#primaryimage","url":"https:\/\/www.minihorse.eu\/wp-content\/uploads\/2025\/02\/ChatGPT-Image-10-apr-2025-01_09_39-_2.png","contentUrl":"https:\/\/www.minihorse.eu\/wp-content\/uploads\/2025\/02\/ChatGPT-Image-10-apr-2025-01_09_39-_2.png","width":1024,"height":1024},{"@type":"BreadcrumbList","@id":"https:\/\/www.minihorse.eu\/produit\/leather-halter-strass\/#breadcrumb","itemListElement":[{"@type":"ListItem","position":1,"name":"Home","item":"https:\/\/www.minihorse.eu\/fr\/accueil\/"},{"@type":"ListItem","position":2,"name":"Boutique","item":"https:\/\/www.minihorse.eu\/fr\/boutique\/"},{"@type":"ListItem","position":3,"name":"Licol en cuir avec strass"}]},{"@type":"WebSite","@id":"https:\/\/www.minihorse.eu\/#website","url":"https:\/\/www.minihorse.eu\/","name":"Minihorse.eu","description":"The #1 store for Miniature Horses","publisher":{"@id":"https:\/\/www.minihorse.eu\/#organization"},"potentialAction":[{"@type":"SearchAction","target":{"@type":"EntryPoint","urlTemplate":"https:\/\/www.minihorse.eu\/?s={search_term_string}"},"query-input":{"@type":"PropertyValueSpecification","valueRequired":true,"valueName":"search_term_string"}}],"inLanguage":"fr-FR"},{"@type":"Organization","@id":"https:\/\/www.minihorse.eu\/#organization","name":"Minihorse.eu","url":"https:\/\/www.minihorse.eu\/","logo":{"@type":"ImageObject","inLanguage":"fr-FR","@id":"https:\/\/www.minihorse.eu\/#\/schema\/logo\/image\/","url":"https:\/\/www.minihorse.eu\/wp-content\/uploads\/2024\/08\/Logo-minihorse-ext.png","contentUrl":"https:\/\/www.minihorse.eu\/wp-content\/uploads\/2024\/08\/Logo-minihorse-ext.png","width":500,"height":500,"caption":"Minihorse.eu"},"image":{"@id":"https:\/\/www.minihorse.eu\/#\/schema\/logo\/image\/"},"sameAs":["https:\/\/www.facebook.com\/profile.php?id=100063487117479"]}]}},"jetpack_sharing_enabled":true,"_links":{"self":[{"href":"https:\/\/www.minihorse.eu\/fr\/wp-json\/wp\/v2\/product\/3364","targetHints":{"allow":["GET"]}}],"collection":[{"href":"https:\/\/www.minihorse.eu\/fr\/wp-json\/wp\/v2\/product"}],"about":[{"href":"https:\/\/www.minihorse.eu\/fr\/wp-json\/wp\/v2\/types\/product"}],"replies":[{"embeddable":true,"href":"https:\/\/www.minihorse.eu\/fr\/wp-json\/wp\/v2\/comments?post=3364"}],"wp:featuredmedia":[{"embeddable":true,"href":"https:\/\/www.minihorse.eu\/fr\/wp-json\/wp\/v2\/media\/9123"}],"wp:attachment":[{"href":"https:\/\/www.minihorse.eu\/fr\/wp-json\/wp\/v2\/media?parent=3364"}],"wp:term":[{"taxonomy":"product_brand","embeddable":true,"href":"https:\/\/www.minihorse.eu\/fr\/wp-json\/wp\/v2\/product_brand?post=3364"},{"taxonomy":"product_cat","embeddable":true,"href":"https:\/\/www.minihorse.eu\/fr\/wp-json\/wp\/v2\/product_cat?post=3364"},{"taxonomy":"product_tag","embeddable":true,"href":"https:\/\/www.minihorse.eu\/fr\/wp-json\/wp\/v2\/product_tag?post=3364"}],"curies":[{"name":"wp","href":"https:\/\/api.w.org\/{rel}","templated":true}]}}