{"id":3380,"date":"2025-02-20T22:05:24","date_gmt":"2025-02-20T22:05:24","guid":{"rendered":"https:\/\/horselandshop.com\/?post_type=product&#038;p=3380"},"modified":"2025-03-25T21:00:54","modified_gmt":"2025-03-25T21:00:54","slug":"licou-en-cuir-rembourre-copy-copy","status":"publish","type":"product","link":"https:\/\/www.minihorse.eu\/fr\/produit\/licou-en-cuir-rembourre-copy-copy\/","title":{"rendered":"Licol en cuir avec cuir tress\u00e9"},"content":{"rendered":"<p>Ce <strong>licol en cuir avec cuir tress\u00e9 <\/strong>de couleur turquoise sur le nez et les pi\u00e8ces de joues. Le licol est \u00e9quip\u00e9 d&rsquo;un bandeau anatomiquement rembourr\u00e9 et doux avec deux boucles permettant un ajustement parfait au cheval. Disponible en taille Large (mini cheval adulte).  <\/p>\n<p>&nbsp;<\/p>\n<p>&nbsp;<\/p>\n<p>&nbsp;<\/p>\n","protected":false},"excerpt":{"rendered":"<p>Ce<strong> licol en cuir avec cuir tress\u00e9<\/strong> de couleur turquoise sur le nez et les pi\u00e8ces de joues. Le licol est \u00e9quip\u00e9 d&rsquo;un bandeau anatomiquement rembourr\u00e9 et doux avec deux boucles permettant un ajustement parfait au cheval. Disponible en taille Large (mini cheval adulte).  <\/p>\n","protected":false},"featured_media":3231,"comment_status":"open","ping_status":"closed","template":"","meta":[],"product_brand":[],"product_cat":[243,242],"product_tag":[244,903,506,173],"class_list":{"0":"post-3380","1":"product","2":"type-product","3":"status-publish","4":"has-post-thumbnail","6":"product_cat-licols-en-cuir","7":"product_cat-licols-et-longes","8":"product_tag-chevaux-miniatures","9":"product_tag-cuir-rond","10":"product_tag-licol-en-cuir","11":"product_tag-licols","13":"first","14":"instock","15":"taxable","16":"shipping-taxable","17":"purchasable","18":"product-type-variable"},"yoast_head":"<!-- This site is optimized with the Yoast SEO plugin v27.5 - https:\/\/yoast.com\/product\/yoast-seo-wordpress\/ -->\n<title>Licol en cuir avec cuir tress\u00e9 - Minihorse.eu<\/title>\n<meta name=\"robots\" content=\"index, follow, max-snippet:-1, max-image-preview:large, max-video-preview:-1\" \/>\n<link rel=\"canonical\" href=\"https:\/\/www.minihorse.eu\/produit\/leather-halter-with-braided-leather\/\" \/>\n<meta property=\"og:locale\" content=\"fr_FR\" \/>\n<meta property=\"og:type\" content=\"article\" \/>\n<meta property=\"og:title\" content=\"Licol en cuir avec cuir tress\u00e9 - Minihorse.eu\" \/>\n<meta property=\"og:description\" content=\"Ce licol en cuir avec cuir tress\u00e9 de couleur turquoise sur le nez et les pi\u00e8ces de joues. Le licol est \u00e9quip\u00e9 d&#039;un bandeau anatomiquement rembourr\u00e9 et doux avec deux boucles permettant un ajustement parfait au cheval. Disponible en taille Large (mini cheval adulte).\" \/>\n<meta property=\"og:url\" content=\"https:\/\/www.minihorse.eu\/produit\/leather-halter-with-braided-leather\/\" \/>\n<meta property=\"og:site_name\" content=\"Minihorse.eu\" \/>\n<meta property=\"article:publisher\" content=\"https:\/\/www.facebook.com\/profile.php?id=100063487117479\" \/>\n<meta property=\"article:modified_time\" content=\"2025-03-25T21:00:54+00:00\" \/>\n<meta property=\"og:image\" content=\"https:\/\/www.minihorse.eu\/wp-content\/uploads\/2025\/02\/Halter-round-leder-turquoise-2.jpg\" \/>\n\t<meta property=\"og:image:width\" content=\"600\" \/>\n\t<meta property=\"og:image:height\" content=\"800\" \/>\n\t<meta property=\"og:image:type\" content=\"image\/jpeg\" \/>\n<meta name=\"twitter:card\" content=\"summary_large_image\" \/>\n<script type=\"application\/ld+json\" class=\"yoast-schema-graph\">{\"@context\":\"https:\\\/\\\/schema.org\",\"@graph\":[{\"@type\":\"WebPage\",\"@id\":\"https:\\\/\\\/www.minihorse.eu\\\/produit\\\/leather-halter-with-braided-leather\\\/\",\"url\":\"https:\\\/\\\/www.minihorse.eu\\\/produit\\\/leather-halter-with-braided-leather\\\/\",\"name\":\"Licol en cuir avec cuir tress\u00e9 - Minihorse.eu\",\"isPartOf\":{\"@id\":\"https:\\\/\\\/www.minihorse.eu\\\/#website\"},\"primaryImageOfPage\":{\"@id\":\"https:\\\/\\\/www.minihorse.eu\\\/produit\\\/leather-halter-with-braided-leather\\\/#primaryimage\"},\"image\":{\"@id\":\"https:\\\/\\\/www.minihorse.eu\\\/produit\\\/leather-halter-with-braided-leather\\\/#primaryimage\"},\"thumbnailUrl\":\"https:\\\/\\\/www.minihorse.eu\\\/wp-content\\\/uploads\\\/2025\\\/02\\\/Halter-round-leder-turquoise-2.jpg\",\"datePublished\":\"2025-02-20T22:05:24+00:00\",\"dateModified\":\"2025-03-25T21:00:54+00:00\",\"breadcrumb\":{\"@id\":\"https:\\\/\\\/www.minihorse.eu\\\/produit\\\/leather-halter-with-braided-leather\\\/#breadcrumb\"},\"inLanguage\":\"fr-FR\",\"potentialAction\":[{\"@type\":\"ReadAction\",\"target\":[\"https:\\\/\\\/www.minihorse.eu\\\/produit\\\/leather-halter-with-braided-leather\\\/\"]}]},{\"@type\":\"ImageObject\",\"inLanguage\":\"fr-FR\",\"@id\":\"https:\\\/\\\/www.minihorse.eu\\\/produit\\\/leather-halter-with-braided-leather\\\/#primaryimage\",\"url\":\"https:\\\/\\\/www.minihorse.eu\\\/wp-content\\\/uploads\\\/2025\\\/02\\\/Halter-round-leder-turquoise-2.jpg\",\"contentUrl\":\"https:\\\/\\\/www.minihorse.eu\\\/wp-content\\\/uploads\\\/2025\\\/02\\\/Halter-round-leder-turquoise-2.jpg\",\"width\":600,\"height\":800},{\"@type\":\"BreadcrumbList\",\"@id\":\"https:\\\/\\\/www.minihorse.eu\\\/produit\\\/leather-halter-with-braided-leather\\\/#breadcrumb\",\"itemListElement\":[{\"@type\":\"ListItem\",\"position\":1,\"name\":\"Home\",\"item\":\"https:\\\/\\\/www.minihorse.eu\\\/fr\\\/accueil\\\/\"},{\"@type\":\"ListItem\",\"position\":2,\"name\":\"Boutique\",\"item\":\"https:\\\/\\\/www.minihorse.eu\\\/fr\\\/boutique\\\/\"},{\"@type\":\"ListItem\",\"position\":3,\"name\":\"Licol en cuir avec cuir tress\u00e9\"}]},{\"@type\":\"WebSite\",\"@id\":\"https:\\\/\\\/www.minihorse.eu\\\/#website\",\"url\":\"https:\\\/\\\/www.minihorse.eu\\\/\",\"name\":\"Minihorse.eu\",\"description\":\"The #1 store for Miniature Horses\",\"publisher\":{\"@id\":\"https:\\\/\\\/www.minihorse.eu\\\/#organization\"},\"potentialAction\":[{\"@type\":\"SearchAction\",\"target\":{\"@type\":\"EntryPoint\",\"urlTemplate\":\"https:\\\/\\\/www.minihorse.eu\\\/?s={search_term_string}\"},\"query-input\":{\"@type\":\"PropertyValueSpecification\",\"valueRequired\":true,\"valueName\":\"search_term_string\"}}],\"inLanguage\":\"fr-FR\"},{\"@type\":\"Organization\",\"@id\":\"https:\\\/\\\/www.minihorse.eu\\\/#organization\",\"name\":\"Minihorse.eu\",\"url\":\"https:\\\/\\\/www.minihorse.eu\\\/\",\"logo\":{\"@type\":\"ImageObject\",\"inLanguage\":\"fr-FR\",\"@id\":\"https:\\\/\\\/www.minihorse.eu\\\/#\\\/schema\\\/logo\\\/image\\\/\",\"url\":\"https:\\\/\\\/www.minihorse.eu\\\/wp-content\\\/uploads\\\/2024\\\/08\\\/Logo-minihorse-ext.png\",\"contentUrl\":\"https:\\\/\\\/www.minihorse.eu\\\/wp-content\\\/uploads\\\/2024\\\/08\\\/Logo-minihorse-ext.png\",\"width\":500,\"height\":500,\"caption\":\"Minihorse.eu\"},\"image\":{\"@id\":\"https:\\\/\\\/www.minihorse.eu\\\/#\\\/schema\\\/logo\\\/image\\\/\"},\"sameAs\":[\"https:\\\/\\\/www.facebook.com\\\/profile.php?id=100063487117479\"]}]}<\/script>\n<!-- \/ Yoast SEO plugin. -->","yoast_head_json":{"title":"Licol en cuir avec cuir tress\u00e9 - Minihorse.eu","robots":{"index":"index","follow":"follow","max-snippet":"max-snippet:-1","max-image-preview":"max-image-preview:large","max-video-preview":"max-video-preview:-1"},"canonical":"https:\/\/www.minihorse.eu\/produit\/leather-halter-with-braided-leather\/","og_locale":"fr_FR","og_type":"article","og_title":"Licol en cuir avec cuir tress\u00e9 - Minihorse.eu","og_description":"Ce licol en cuir avec cuir tress\u00e9 de couleur turquoise sur le nez et les pi\u00e8ces de joues. Le licol est \u00e9quip\u00e9 d'un bandeau anatomiquement rembourr\u00e9 et doux avec deux boucles permettant un ajustement parfait au cheval. Disponible en taille Large (mini cheval adulte).","og_url":"https:\/\/www.minihorse.eu\/produit\/leather-halter-with-braided-leather\/","og_site_name":"Minihorse.eu","article_publisher":"https:\/\/www.facebook.com\/profile.php?id=100063487117479","article_modified_time":"2025-03-25T21:00:54+00:00","og_image":[{"width":600,"height":800,"url":"https:\/\/www.minihorse.eu\/wp-content\/uploads\/2025\/02\/Halter-round-leder-turquoise-2.jpg","type":"image\/jpeg"}],"twitter_card":"summary_large_image","schema":{"@context":"https:\/\/schema.org","@graph":[{"@type":"WebPage","@id":"https:\/\/www.minihorse.eu\/produit\/leather-halter-with-braided-leather\/","url":"https:\/\/www.minihorse.eu\/produit\/leather-halter-with-braided-leather\/","name":"Licol en cuir avec cuir tress\u00e9 - Minihorse.eu","isPartOf":{"@id":"https:\/\/www.minihorse.eu\/#website"},"primaryImageOfPage":{"@id":"https:\/\/www.minihorse.eu\/produit\/leather-halter-with-braided-leather\/#primaryimage"},"image":{"@id":"https:\/\/www.minihorse.eu\/produit\/leather-halter-with-braided-leather\/#primaryimage"},"thumbnailUrl":"https:\/\/www.minihorse.eu\/wp-content\/uploads\/2025\/02\/Halter-round-leder-turquoise-2.jpg","datePublished":"2025-02-20T22:05:24+00:00","dateModified":"2025-03-25T21:00:54+00:00","breadcrumb":{"@id":"https:\/\/www.minihorse.eu\/produit\/leather-halter-with-braided-leather\/#breadcrumb"},"inLanguage":"fr-FR","potentialAction":[{"@type":"ReadAction","target":["https:\/\/www.minihorse.eu\/produit\/leather-halter-with-braided-leather\/"]}]},{"@type":"ImageObject","inLanguage":"fr-FR","@id":"https:\/\/www.minihorse.eu\/produit\/leather-halter-with-braided-leather\/#primaryimage","url":"https:\/\/www.minihorse.eu\/wp-content\/uploads\/2025\/02\/Halter-round-leder-turquoise-2.jpg","contentUrl":"https:\/\/www.minihorse.eu\/wp-content\/uploads\/2025\/02\/Halter-round-leder-turquoise-2.jpg","width":600,"height":800},{"@type":"BreadcrumbList","@id":"https:\/\/www.minihorse.eu\/produit\/leather-halter-with-braided-leather\/#breadcrumb","itemListElement":[{"@type":"ListItem","position":1,"name":"Home","item":"https:\/\/www.minihorse.eu\/fr\/accueil\/"},{"@type":"ListItem","position":2,"name":"Boutique","item":"https:\/\/www.minihorse.eu\/fr\/boutique\/"},{"@type":"ListItem","position":3,"name":"Licol en cuir avec cuir tress\u00e9"}]},{"@type":"WebSite","@id":"https:\/\/www.minihorse.eu\/#website","url":"https:\/\/www.minihorse.eu\/","name":"Minihorse.eu","description":"The #1 store for Miniature Horses","publisher":{"@id":"https:\/\/www.minihorse.eu\/#organization"},"potentialAction":[{"@type":"SearchAction","target":{"@type":"EntryPoint","urlTemplate":"https:\/\/www.minihorse.eu\/?s={search_term_string}"},"query-input":{"@type":"PropertyValueSpecification","valueRequired":true,"valueName":"search_term_string"}}],"inLanguage":"fr-FR"},{"@type":"Organization","@id":"https:\/\/www.minihorse.eu\/#organization","name":"Minihorse.eu","url":"https:\/\/www.minihorse.eu\/","logo":{"@type":"ImageObject","inLanguage":"fr-FR","@id":"https:\/\/www.minihorse.eu\/#\/schema\/logo\/image\/","url":"https:\/\/www.minihorse.eu\/wp-content\/uploads\/2024\/08\/Logo-minihorse-ext.png","contentUrl":"https:\/\/www.minihorse.eu\/wp-content\/uploads\/2024\/08\/Logo-minihorse-ext.png","width":500,"height":500,"caption":"Minihorse.eu"},"image":{"@id":"https:\/\/www.minihorse.eu\/#\/schema\/logo\/image\/"},"sameAs":["https:\/\/www.facebook.com\/profile.php?id=100063487117479"]}]}},"jetpack_sharing_enabled":true,"_links":{"self":[{"href":"https:\/\/www.minihorse.eu\/fr\/wp-json\/wp\/v2\/product\/3380","targetHints":{"allow":["GET"]}}],"collection":[{"href":"https:\/\/www.minihorse.eu\/fr\/wp-json\/wp\/v2\/product"}],"about":[{"href":"https:\/\/www.minihorse.eu\/fr\/wp-json\/wp\/v2\/types\/product"}],"replies":[{"embeddable":true,"href":"https:\/\/www.minihorse.eu\/fr\/wp-json\/wp\/v2\/comments?post=3380"}],"wp:featuredmedia":[{"embeddable":true,"href":"https:\/\/www.minihorse.eu\/fr\/wp-json\/wp\/v2\/media\/3231"}],"wp:attachment":[{"href":"https:\/\/www.minihorse.eu\/fr\/wp-json\/wp\/v2\/media?parent=3380"}],"wp:term":[{"taxonomy":"product_brand","embeddable":true,"href":"https:\/\/www.minihorse.eu\/fr\/wp-json\/wp\/v2\/product_brand?post=3380"},{"taxonomy":"product_cat","embeddable":true,"href":"https:\/\/www.minihorse.eu\/fr\/wp-json\/wp\/v2\/product_cat?post=3380"},{"taxonomy":"product_tag","embeddable":true,"href":"https:\/\/www.minihorse.eu\/fr\/wp-json\/wp\/v2\/product_tag?post=3380"}],"curies":[{"name":"wp","href":"https:\/\/api.w.org\/{rel}","templated":true}]}}