{"id":3824,"date":"2025-02-25T15:26:00","date_gmt":"2025-02-25T15:26:00","guid":{"rendered":"https:\/\/horselandshop.com\/?post_type=product&#038;p=3824"},"modified":"2025-09-29T18:36:27","modified_gmt":"2025-09-29T18:36:27","slug":"couverture-polaire-avec-rabat-ventral","status":"publish","type":"product","link":"https:\/\/www.minihorse.eu\/fr\/produit\/couverture-polaire-avec-rabat-ventral\/","title":{"rendered":"Chemise polaire avec rabat ventral"},"content":{"rendered":"<p><strong>Chemise en polaire<\/strong> pour cheval miniature en double polaire douce avec<strong> rabat ventral pratique<\/strong>. La couverture est parfaite pour garder le cheval au chaud apr\u00e8s l&rsquo;entra\u00eenement, pendant le transport ou dans l&rsquo;\u00e9curie.<br \/>\nLa couverture aide \u00e0 \u00e9vacuer la sueur et l&rsquo;humidit\u00e9, permettant au cheval de s\u00e9cher plus rapidement sans se refroidir.<\/p>\n<ul>\n<li>Encolure finie en polaire,<\/li>\n<li>Fermeture velcro sur les deux c\u00f4t\u00e9s de la ventrale<\/li>\n<li>Cordon de queue<\/li>\n<\/ul>\n<p>Disponible en <strong>gris.<\/strong><\/p>\n","protected":false},"excerpt":{"rendered":"<p><strong>Chemise polaire pour <\/strong>un cheval miniature en polaire douce avec<strong> rabat ventral pratique<\/strong>. La couverture est parfaite pour garder le cheval au chaud apr\u00e8s l&rsquo;entra\u00eenement, pendant le transport ou dans l&rsquo;\u00e9curie.<\/p>\n<p>Disponible en <strong>gris.<\/strong><\/p>\n","protected":false},"featured_media":3835,"comment_status":"open","ping_status":"closed","template":"","meta":[],"product_brand":[],"product_cat":[187,205,424],"product_tag":[291,736],"class_list":{"0":"post-3824","1":"product","2":"type-product","3":"status-publish","4":"has-post-thumbnail","6":"product_cat-chevaux-miniatures","7":"product_cat-couvertures","8":"product_cat-couvertures-en-polaire","9":"product_tag-couverture","10":"product_tag-couverture-polaire","12":"first","13":"instock","14":"taxable","15":"shipping-taxable","16":"purchasable","17":"product-type-variable"},"yoast_head":"<!-- This site is optimized with the Yoast SEO plugin v27.4 - https:\/\/yoast.com\/product\/yoast-seo-wordpress\/ -->\n<title>Chemise polaire avec rabat ventral - Minihorse.eu<\/title>\n<meta name=\"robots\" content=\"index, follow, max-snippet:-1, max-image-preview:large, max-video-preview:-1\" \/>\n<link rel=\"canonical\" href=\"https:\/\/www.minihorse.eu\/fr\/produit\/couverture-polaire-avec-rabat-ventral\/\" \/>\n<meta property=\"og:locale\" content=\"fr_FR\" \/>\n<meta property=\"og:type\" content=\"article\" \/>\n<meta property=\"og:title\" content=\"Chemise polaire avec rabat ventral - Minihorse.eu\" \/>\n<meta property=\"og:description\" content=\"Chemise polaire pour un cheval miniature en polaire douce avec rabat ventral pratique. La couverture est parfaite pour garder le cheval au chaud apr\u00e8s l&#039;entra\u00eenement, pendant le transport ou dans l&#039;\u00e9curie.  Disponible en gris.\" \/>\n<meta property=\"og:url\" content=\"https:\/\/www.minihorse.eu\/fr\/produit\/couverture-polaire-avec-rabat-ventral\/\" \/>\n<meta property=\"og:site_name\" content=\"Minihorse.eu\" \/>\n<meta property=\"article:publisher\" content=\"https:\/\/www.facebook.com\/profile.php?id=100063487117479\" \/>\n<meta property=\"article:modified_time\" content=\"2025-09-29T18:36:27+00:00\" \/>\n<meta property=\"og:image\" content=\"https:\/\/www.minihorse.eu\/wp-content\/uploads\/2025\/02\/SDC10922.jpg\" \/>\n\t<meta property=\"og:image:width\" content=\"430\" \/>\n\t<meta property=\"og:image:height\" content=\"320\" \/>\n\t<meta property=\"og:image:type\" content=\"image\/jpeg\" \/>\n<meta name=\"twitter:card\" content=\"summary_large_image\" \/>\n<script type=\"application\/ld+json\" class=\"yoast-schema-graph\">{\"@context\":\"https:\\\/\\\/schema.org\",\"@graph\":[{\"@type\":\"WebPage\",\"@id\":\"https:\\\/\\\/www.minihorse.eu\\\/fr\\\/produit\\\/couverture-polaire-avec-rabat-ventral\\\/\",\"url\":\"https:\\\/\\\/www.minihorse.eu\\\/fr\\\/produit\\\/couverture-polaire-avec-rabat-ventral\\\/\",\"name\":\"Chemise polaire avec rabat ventral - Minihorse.eu\",\"isPartOf\":{\"@id\":\"https:\\\/\\\/www.minihorse.eu\\\/#website\"},\"primaryImageOfPage\":{\"@id\":\"https:\\\/\\\/www.minihorse.eu\\\/fr\\\/produit\\\/couverture-polaire-avec-rabat-ventral\\\/#primaryimage\"},\"image\":{\"@id\":\"https:\\\/\\\/www.minihorse.eu\\\/fr\\\/produit\\\/couverture-polaire-avec-rabat-ventral\\\/#primaryimage\"},\"thumbnailUrl\":\"https:\\\/\\\/www.minihorse.eu\\\/wp-content\\\/uploads\\\/2025\\\/02\\\/SDC10922.jpg\",\"datePublished\":\"2025-02-25T15:26:00+00:00\",\"dateModified\":\"2025-09-29T18:36:27+00:00\",\"breadcrumb\":{\"@id\":\"https:\\\/\\\/www.minihorse.eu\\\/fr\\\/produit\\\/couverture-polaire-avec-rabat-ventral\\\/#breadcrumb\"},\"inLanguage\":\"fr-FR\",\"potentialAction\":[{\"@type\":\"ReadAction\",\"target\":[\"https:\\\/\\\/www.minihorse.eu\\\/fr\\\/produit\\\/couverture-polaire-avec-rabat-ventral\\\/\"]}]},{\"@type\":\"ImageObject\",\"inLanguage\":\"fr-FR\",\"@id\":\"https:\\\/\\\/www.minihorse.eu\\\/fr\\\/produit\\\/couverture-polaire-avec-rabat-ventral\\\/#primaryimage\",\"url\":\"https:\\\/\\\/www.minihorse.eu\\\/wp-content\\\/uploads\\\/2025\\\/02\\\/SDC10922.jpg\",\"contentUrl\":\"https:\\\/\\\/www.minihorse.eu\\\/wp-content\\\/uploads\\\/2025\\\/02\\\/SDC10922.jpg\",\"width\":430,\"height\":320},{\"@type\":\"BreadcrumbList\",\"@id\":\"https:\\\/\\\/www.minihorse.eu\\\/fr\\\/produit\\\/couverture-polaire-avec-rabat-ventral\\\/#breadcrumb\",\"itemListElement\":[{\"@type\":\"ListItem\",\"position\":1,\"name\":\"Home\",\"item\":\"https:\\\/\\\/www.minihorse.eu\\\/fr\\\/accueil\\\/\"},{\"@type\":\"ListItem\",\"position\":2,\"name\":\"Boutique\",\"item\":\"https:\\\/\\\/www.minihorse.eu\\\/fr\\\/boutique\\\/\"},{\"@type\":\"ListItem\",\"position\":3,\"name\":\"Chemise polaire avec rabat ventral\"}]},{\"@type\":\"WebSite\",\"@id\":\"https:\\\/\\\/www.minihorse.eu\\\/#website\",\"url\":\"https:\\\/\\\/www.minihorse.eu\\\/\",\"name\":\"Minihorse.eu\",\"description\":\"The #1 store for Miniature Horses\",\"publisher\":{\"@id\":\"https:\\\/\\\/www.minihorse.eu\\\/#organization\"},\"potentialAction\":[{\"@type\":\"SearchAction\",\"target\":{\"@type\":\"EntryPoint\",\"urlTemplate\":\"https:\\\/\\\/www.minihorse.eu\\\/?s={search_term_string}\"},\"query-input\":{\"@type\":\"PropertyValueSpecification\",\"valueRequired\":true,\"valueName\":\"search_term_string\"}}],\"inLanguage\":\"fr-FR\"},{\"@type\":\"Organization\",\"@id\":\"https:\\\/\\\/www.minihorse.eu\\\/#organization\",\"name\":\"Minihorse.eu\",\"url\":\"https:\\\/\\\/www.minihorse.eu\\\/\",\"logo\":{\"@type\":\"ImageObject\",\"inLanguage\":\"fr-FR\",\"@id\":\"https:\\\/\\\/www.minihorse.eu\\\/#\\\/schema\\\/logo\\\/image\\\/\",\"url\":\"https:\\\/\\\/www.minihorse.eu\\\/wp-content\\\/uploads\\\/2024\\\/08\\\/Logo-minihorse-ext.png\",\"contentUrl\":\"https:\\\/\\\/www.minihorse.eu\\\/wp-content\\\/uploads\\\/2024\\\/08\\\/Logo-minihorse-ext.png\",\"width\":500,\"height\":500,\"caption\":\"Minihorse.eu\"},\"image\":{\"@id\":\"https:\\\/\\\/www.minihorse.eu\\\/#\\\/schema\\\/logo\\\/image\\\/\"},\"sameAs\":[\"https:\\\/\\\/www.facebook.com\\\/profile.php?id=100063487117479\"]}]}<\/script>\n<!-- \/ Yoast SEO plugin. -->","yoast_head_json":{"title":"Chemise polaire avec rabat ventral - Minihorse.eu","robots":{"index":"index","follow":"follow","max-snippet":"max-snippet:-1","max-image-preview":"max-image-preview:large","max-video-preview":"max-video-preview:-1"},"canonical":"https:\/\/www.minihorse.eu\/fr\/produit\/couverture-polaire-avec-rabat-ventral\/","og_locale":"fr_FR","og_type":"article","og_title":"Chemise polaire avec rabat ventral - Minihorse.eu","og_description":"Chemise polaire pour un cheval miniature en polaire douce avec rabat ventral pratique. La couverture est parfaite pour garder le cheval au chaud apr\u00e8s l'entra\u00eenement, pendant le transport ou dans l'\u00e9curie.  Disponible en gris.","og_url":"https:\/\/www.minihorse.eu\/fr\/produit\/couverture-polaire-avec-rabat-ventral\/","og_site_name":"Minihorse.eu","article_publisher":"https:\/\/www.facebook.com\/profile.php?id=100063487117479","article_modified_time":"2025-09-29T18:36:27+00:00","og_image":[{"width":430,"height":320,"url":"https:\/\/www.minihorse.eu\/wp-content\/uploads\/2025\/02\/SDC10922.jpg","type":"image\/jpeg"}],"twitter_card":"summary_large_image","schema":{"@context":"https:\/\/schema.org","@graph":[{"@type":"WebPage","@id":"https:\/\/www.minihorse.eu\/fr\/produit\/couverture-polaire-avec-rabat-ventral\/","url":"https:\/\/www.minihorse.eu\/fr\/produit\/couverture-polaire-avec-rabat-ventral\/","name":"Chemise polaire avec rabat ventral - Minihorse.eu","isPartOf":{"@id":"https:\/\/www.minihorse.eu\/#website"},"primaryImageOfPage":{"@id":"https:\/\/www.minihorse.eu\/fr\/produit\/couverture-polaire-avec-rabat-ventral\/#primaryimage"},"image":{"@id":"https:\/\/www.minihorse.eu\/fr\/produit\/couverture-polaire-avec-rabat-ventral\/#primaryimage"},"thumbnailUrl":"https:\/\/www.minihorse.eu\/wp-content\/uploads\/2025\/02\/SDC10922.jpg","datePublished":"2025-02-25T15:26:00+00:00","dateModified":"2025-09-29T18:36:27+00:00","breadcrumb":{"@id":"https:\/\/www.minihorse.eu\/fr\/produit\/couverture-polaire-avec-rabat-ventral\/#breadcrumb"},"inLanguage":"fr-FR","potentialAction":[{"@type":"ReadAction","target":["https:\/\/www.minihorse.eu\/fr\/produit\/couverture-polaire-avec-rabat-ventral\/"]}]},{"@type":"ImageObject","inLanguage":"fr-FR","@id":"https:\/\/www.minihorse.eu\/fr\/produit\/couverture-polaire-avec-rabat-ventral\/#primaryimage","url":"https:\/\/www.minihorse.eu\/wp-content\/uploads\/2025\/02\/SDC10922.jpg","contentUrl":"https:\/\/www.minihorse.eu\/wp-content\/uploads\/2025\/02\/SDC10922.jpg","width":430,"height":320},{"@type":"BreadcrumbList","@id":"https:\/\/www.minihorse.eu\/fr\/produit\/couverture-polaire-avec-rabat-ventral\/#breadcrumb","itemListElement":[{"@type":"ListItem","position":1,"name":"Home","item":"https:\/\/www.minihorse.eu\/fr\/accueil\/"},{"@type":"ListItem","position":2,"name":"Boutique","item":"https:\/\/www.minihorse.eu\/fr\/boutique\/"},{"@type":"ListItem","position":3,"name":"Chemise polaire avec rabat ventral"}]},{"@type":"WebSite","@id":"https:\/\/www.minihorse.eu\/#website","url":"https:\/\/www.minihorse.eu\/","name":"Minihorse.eu","description":"The #1 store for Miniature Horses","publisher":{"@id":"https:\/\/www.minihorse.eu\/#organization"},"potentialAction":[{"@type":"SearchAction","target":{"@type":"EntryPoint","urlTemplate":"https:\/\/www.minihorse.eu\/?s={search_term_string}"},"query-input":{"@type":"PropertyValueSpecification","valueRequired":true,"valueName":"search_term_string"}}],"inLanguage":"fr-FR"},{"@type":"Organization","@id":"https:\/\/www.minihorse.eu\/#organization","name":"Minihorse.eu","url":"https:\/\/www.minihorse.eu\/","logo":{"@type":"ImageObject","inLanguage":"fr-FR","@id":"https:\/\/www.minihorse.eu\/#\/schema\/logo\/image\/","url":"https:\/\/www.minihorse.eu\/wp-content\/uploads\/2024\/08\/Logo-minihorse-ext.png","contentUrl":"https:\/\/www.minihorse.eu\/wp-content\/uploads\/2024\/08\/Logo-minihorse-ext.png","width":500,"height":500,"caption":"Minihorse.eu"},"image":{"@id":"https:\/\/www.minihorse.eu\/#\/schema\/logo\/image\/"},"sameAs":["https:\/\/www.facebook.com\/profile.php?id=100063487117479"]}]}},"jetpack_sharing_enabled":true,"_links":{"self":[{"href":"https:\/\/www.minihorse.eu\/fr\/wp-json\/wp\/v2\/product\/3824","targetHints":{"allow":["GET"]}}],"collection":[{"href":"https:\/\/www.minihorse.eu\/fr\/wp-json\/wp\/v2\/product"}],"about":[{"href":"https:\/\/www.minihorse.eu\/fr\/wp-json\/wp\/v2\/types\/product"}],"replies":[{"embeddable":true,"href":"https:\/\/www.minihorse.eu\/fr\/wp-json\/wp\/v2\/comments?post=3824"}],"wp:featuredmedia":[{"embeddable":true,"href":"https:\/\/www.minihorse.eu\/fr\/wp-json\/wp\/v2\/media\/3835"}],"wp:attachment":[{"href":"https:\/\/www.minihorse.eu\/fr\/wp-json\/wp\/v2\/media?parent=3824"}],"wp:term":[{"taxonomy":"product_brand","embeddable":true,"href":"https:\/\/www.minihorse.eu\/fr\/wp-json\/wp\/v2\/product_brand?post=3824"},{"taxonomy":"product_cat","embeddable":true,"href":"https:\/\/www.minihorse.eu\/fr\/wp-json\/wp\/v2\/product_cat?post=3824"},{"taxonomy":"product_tag","embeddable":true,"href":"https:\/\/www.minihorse.eu\/fr\/wp-json\/wp\/v2\/product_tag?post=3824"}],"curies":[{"name":"wp","href":"https:\/\/api.w.org\/{rel}","templated":true}]}}