{"id":3848,"date":"2025-02-25T16:11:28","date_gmt":"2025-02-25T16:11:28","guid":{"rendered":"https:\/\/horselandshop.com\/?post_type=product&#038;p=3848"},"modified":"2026-02-25T19:09:49","modified_gmt":"2026-02-25T19:09:49","slug":"chemise-pour-poulain-en-polaire-avec-rabat-ventral","status":"publish","type":"product","link":"https:\/\/www.minihorse.eu\/fr\/produit\/chemise-pour-poulain-en-polaire-avec-rabat-ventral\/","title":{"rendered":"Chemise pour poulain en polaire avec rabat ventral"},"content":{"rendered":"<p><strong>Chemise pour poulain en double polaire<\/strong> avec <strong>rabat ventral<\/strong>. La couverture est sp\u00e9cialement con\u00e7ue pour garder le poulain au chaud et \u00e0 l&rsquo;aise, en particulier pendant les jours froids ou apr\u00e8s la naissance.<\/p>\n<ul>\n<li>Double tissu polaire<\/li>\n<li><span style=\"color: #333333; font-size: 14.4px;\">Protection de la fourrure dans le cou,<\/span><\/li>\n<li>Fermeture velcro au niveau de la poitrine et du ventre,<\/li>\n<li>Cordon de queue<\/li>\n<\/ul>\n<p>Disponible en diff\u00e9rentes couleurs.<\/p>\n<p>&nbsp;<\/p>\n","protected":false},"excerpt":{"rendered":"<p><strong>Chemise pour poulain en double polaire<\/strong> avec <strong>rabat ventral<\/strong>. La couverture est sp\u00e9cialement con\u00e7ue pour garder le poulain au chaud et \u00e0 l&rsquo;aise, en particulier pendant les jours froids ou apr\u00e8s la naissance.<\/p>\n","protected":false},"featured_media":1105,"comment_status":"open","ping_status":"closed","template":"","meta":[],"product_brand":[],"product_cat":[187,205,424],"product_tag":[866,291,736,840],"class_list":{"0":"post-3848","1":"product","2":"type-product","3":"status-publish","4":"has-post-thumbnail","6":"product_cat-chevaux-miniatures","7":"product_cat-couvertures","8":"product_cat-couvertures-en-polaire","9":"product_tag-chemise-pour-poulain-en-polaire","10":"product_tag-couverture","11":"product_tag-couverture-polaire","12":"product_tag-couverture-pour-poulain","14":"first","15":"instock","16":"sale","17":"taxable","18":"shipping-taxable","19":"purchasable","20":"product-type-variable"},"yoast_head":"<!-- This site is optimized with the Yoast SEO plugin v27.5 - https:\/\/yoast.com\/product\/yoast-seo-wordpress\/ -->\n<title>Chemise pour poulain en polaire avec rabat ventral - Minihorse.eu<\/title>\n<meta name=\"description\" content=\"Couverture pour poulain en double polaire avec rabat ventral pratique pour garder le poulain au chaud et \u00e0 l&#039;aise, en particulier pendant les jours froids ou apr\u00e8s la naissance.\" \/>\n<meta name=\"robots\" content=\"index, follow, max-snippet:-1, max-image-preview:large, max-video-preview:-1\" \/>\n<link rel=\"canonical\" href=\"https:\/\/www.minihorse.eu\/fr\/produit\/chemise-pour-poulain-en-polaire-avec-rabat-ventral\/\" \/>\n<meta property=\"og:locale\" content=\"fr_FR\" \/>\n<meta property=\"og:type\" content=\"article\" \/>\n<meta property=\"og:title\" content=\"Chemise pour poulain en polaire avec rabat ventral - Minihorse.eu\" \/>\n<meta property=\"og:description\" content=\"Couverture pour poulain en double polaire avec rabat ventral pratique pour garder le poulain au chaud et \u00e0 l&#039;aise, en particulier pendant les jours froids ou apr\u00e8s la naissance.\" \/>\n<meta property=\"og:url\" content=\"https:\/\/www.minihorse.eu\/fr\/produit\/chemise-pour-poulain-en-polaire-avec-rabat-ventral\/\" \/>\n<meta property=\"og:site_name\" content=\"Minihorse.eu\" \/>\n<meta property=\"article:publisher\" content=\"https:\/\/www.facebook.com\/profile.php?id=100063487117479\" \/>\n<meta property=\"article:modified_time\" content=\"2026-02-25T19:09:49+00:00\" \/>\n<meta property=\"og:image\" content=\"https:\/\/www.minihorse.eu\/wp-content\/uploads\/2024\/09\/Fleece-rug-foal-37-45-purple-800x800-72-dpi.jpg\" \/>\n\t<meta property=\"og:image:width\" content=\"794\" \/>\n\t<meta property=\"og:image:height\" content=\"794\" \/>\n\t<meta property=\"og:image:type\" content=\"image\/jpeg\" \/>\n<meta name=\"twitter:card\" content=\"summary_large_image\" \/>\n<script type=\"application\/ld+json\" class=\"yoast-schema-graph\">{\"@context\":\"https:\\\/\\\/schema.org\",\"@graph\":[{\"@type\":\"WebPage\",\"@id\":\"https:\\\/\\\/www.minihorse.eu\\\/fr\\\/produit\\\/chemise-pour-poulain-en-polaire-avec-rabat-ventral\\\/\",\"url\":\"https:\\\/\\\/www.minihorse.eu\\\/fr\\\/produit\\\/chemise-pour-poulain-en-polaire-avec-rabat-ventral\\\/\",\"name\":\"Chemise pour poulain en polaire avec rabat ventral - Minihorse.eu\",\"isPartOf\":{\"@id\":\"https:\\\/\\\/www.minihorse.eu\\\/#website\"},\"primaryImageOfPage\":{\"@id\":\"https:\\\/\\\/www.minihorse.eu\\\/fr\\\/produit\\\/chemise-pour-poulain-en-polaire-avec-rabat-ventral\\\/#primaryimage\"},\"image\":{\"@id\":\"https:\\\/\\\/www.minihorse.eu\\\/fr\\\/produit\\\/chemise-pour-poulain-en-polaire-avec-rabat-ventral\\\/#primaryimage\"},\"thumbnailUrl\":\"https:\\\/\\\/www.minihorse.eu\\\/wp-content\\\/uploads\\\/2024\\\/09\\\/Fleece-rug-foal-37-45-purple-800x800-72-dpi.jpg\",\"datePublished\":\"2025-02-25T16:11:28+00:00\",\"dateModified\":\"2026-02-25T19:09:49+00:00\",\"description\":\"Couverture pour poulain en double polaire avec rabat ventral pratique pour garder le poulain au chaud et \u00e0 l'aise, en particulier pendant les jours froids ou apr\u00e8s la naissance.\",\"breadcrumb\":{\"@id\":\"https:\\\/\\\/www.minihorse.eu\\\/fr\\\/produit\\\/chemise-pour-poulain-en-polaire-avec-rabat-ventral\\\/#breadcrumb\"},\"inLanguage\":\"fr-FR\",\"potentialAction\":[{\"@type\":\"ReadAction\",\"target\":[\"https:\\\/\\\/www.minihorse.eu\\\/fr\\\/produit\\\/chemise-pour-poulain-en-polaire-avec-rabat-ventral\\\/\"]}]},{\"@type\":\"ImageObject\",\"inLanguage\":\"fr-FR\",\"@id\":\"https:\\\/\\\/www.minihorse.eu\\\/fr\\\/produit\\\/chemise-pour-poulain-en-polaire-avec-rabat-ventral\\\/#primaryimage\",\"url\":\"https:\\\/\\\/www.minihorse.eu\\\/wp-content\\\/uploads\\\/2024\\\/09\\\/Fleece-rug-foal-37-45-purple-800x800-72-dpi.jpg\",\"contentUrl\":\"https:\\\/\\\/www.minihorse.eu\\\/wp-content\\\/uploads\\\/2024\\\/09\\\/Fleece-rug-foal-37-45-purple-800x800-72-dpi.jpg\",\"width\":794,\"height\":794},{\"@type\":\"BreadcrumbList\",\"@id\":\"https:\\\/\\\/www.minihorse.eu\\\/fr\\\/produit\\\/chemise-pour-poulain-en-polaire-avec-rabat-ventral\\\/#breadcrumb\",\"itemListElement\":[{\"@type\":\"ListItem\",\"position\":1,\"name\":\"Home\",\"item\":\"https:\\\/\\\/www.minihorse.eu\\\/fr\\\/accueil\\\/\"},{\"@type\":\"ListItem\",\"position\":2,\"name\":\"Boutique\",\"item\":\"https:\\\/\\\/www.minihorse.eu\\\/fr\\\/boutique\\\/\"},{\"@type\":\"ListItem\",\"position\":3,\"name\":\"Chemise pour poulain en polaire avec rabat ventral\"}]},{\"@type\":\"WebSite\",\"@id\":\"https:\\\/\\\/www.minihorse.eu\\\/#website\",\"url\":\"https:\\\/\\\/www.minihorse.eu\\\/\",\"name\":\"Minihorse.eu\",\"description\":\"The #1 store for Miniature Horses\",\"publisher\":{\"@id\":\"https:\\\/\\\/www.minihorse.eu\\\/#organization\"},\"potentialAction\":[{\"@type\":\"SearchAction\",\"target\":{\"@type\":\"EntryPoint\",\"urlTemplate\":\"https:\\\/\\\/www.minihorse.eu\\\/?s={search_term_string}\"},\"query-input\":{\"@type\":\"PropertyValueSpecification\",\"valueRequired\":true,\"valueName\":\"search_term_string\"}}],\"inLanguage\":\"fr-FR\"},{\"@type\":\"Organization\",\"@id\":\"https:\\\/\\\/www.minihorse.eu\\\/#organization\",\"name\":\"Minihorse.eu\",\"url\":\"https:\\\/\\\/www.minihorse.eu\\\/\",\"logo\":{\"@type\":\"ImageObject\",\"inLanguage\":\"fr-FR\",\"@id\":\"https:\\\/\\\/www.minihorse.eu\\\/#\\\/schema\\\/logo\\\/image\\\/\",\"url\":\"https:\\\/\\\/www.minihorse.eu\\\/wp-content\\\/uploads\\\/2024\\\/08\\\/Logo-minihorse-ext.png\",\"contentUrl\":\"https:\\\/\\\/www.minihorse.eu\\\/wp-content\\\/uploads\\\/2024\\\/08\\\/Logo-minihorse-ext.png\",\"width\":500,\"height\":500,\"caption\":\"Minihorse.eu\"},\"image\":{\"@id\":\"https:\\\/\\\/www.minihorse.eu\\\/#\\\/schema\\\/logo\\\/image\\\/\"},\"sameAs\":[\"https:\\\/\\\/www.facebook.com\\\/profile.php?id=100063487117479\"]}]}<\/script>\n<!-- \/ Yoast SEO plugin. -->","yoast_head_json":{"title":"Chemise pour poulain en polaire avec rabat ventral - Minihorse.eu","description":"Couverture pour poulain en double polaire avec rabat ventral pratique pour garder le poulain au chaud et \u00e0 l'aise, en particulier pendant les jours froids ou apr\u00e8s la naissance.","robots":{"index":"index","follow":"follow","max-snippet":"max-snippet:-1","max-image-preview":"max-image-preview:large","max-video-preview":"max-video-preview:-1"},"canonical":"https:\/\/www.minihorse.eu\/fr\/produit\/chemise-pour-poulain-en-polaire-avec-rabat-ventral\/","og_locale":"fr_FR","og_type":"article","og_title":"Chemise pour poulain en polaire avec rabat ventral - Minihorse.eu","og_description":"Couverture pour poulain en double polaire avec rabat ventral pratique pour garder le poulain au chaud et \u00e0 l'aise, en particulier pendant les jours froids ou apr\u00e8s la naissance.","og_url":"https:\/\/www.minihorse.eu\/fr\/produit\/chemise-pour-poulain-en-polaire-avec-rabat-ventral\/","og_site_name":"Minihorse.eu","article_publisher":"https:\/\/www.facebook.com\/profile.php?id=100063487117479","article_modified_time":"2026-02-25T19:09:49+00:00","og_image":[{"width":794,"height":794,"url":"https:\/\/www.minihorse.eu\/wp-content\/uploads\/2024\/09\/Fleece-rug-foal-37-45-purple-800x800-72-dpi.jpg","type":"image\/jpeg"}],"twitter_card":"summary_large_image","schema":{"@context":"https:\/\/schema.org","@graph":[{"@type":"WebPage","@id":"https:\/\/www.minihorse.eu\/fr\/produit\/chemise-pour-poulain-en-polaire-avec-rabat-ventral\/","url":"https:\/\/www.minihorse.eu\/fr\/produit\/chemise-pour-poulain-en-polaire-avec-rabat-ventral\/","name":"Chemise pour poulain en polaire avec rabat ventral - Minihorse.eu","isPartOf":{"@id":"https:\/\/www.minihorse.eu\/#website"},"primaryImageOfPage":{"@id":"https:\/\/www.minihorse.eu\/fr\/produit\/chemise-pour-poulain-en-polaire-avec-rabat-ventral\/#primaryimage"},"image":{"@id":"https:\/\/www.minihorse.eu\/fr\/produit\/chemise-pour-poulain-en-polaire-avec-rabat-ventral\/#primaryimage"},"thumbnailUrl":"https:\/\/www.minihorse.eu\/wp-content\/uploads\/2024\/09\/Fleece-rug-foal-37-45-purple-800x800-72-dpi.jpg","datePublished":"2025-02-25T16:11:28+00:00","dateModified":"2026-02-25T19:09:49+00:00","description":"Couverture pour poulain en double polaire avec rabat ventral pratique pour garder le poulain au chaud et \u00e0 l'aise, en particulier pendant les jours froids ou apr\u00e8s la naissance.","breadcrumb":{"@id":"https:\/\/www.minihorse.eu\/fr\/produit\/chemise-pour-poulain-en-polaire-avec-rabat-ventral\/#breadcrumb"},"inLanguage":"fr-FR","potentialAction":[{"@type":"ReadAction","target":["https:\/\/www.minihorse.eu\/fr\/produit\/chemise-pour-poulain-en-polaire-avec-rabat-ventral\/"]}]},{"@type":"ImageObject","inLanguage":"fr-FR","@id":"https:\/\/www.minihorse.eu\/fr\/produit\/chemise-pour-poulain-en-polaire-avec-rabat-ventral\/#primaryimage","url":"https:\/\/www.minihorse.eu\/wp-content\/uploads\/2024\/09\/Fleece-rug-foal-37-45-purple-800x800-72-dpi.jpg","contentUrl":"https:\/\/www.minihorse.eu\/wp-content\/uploads\/2024\/09\/Fleece-rug-foal-37-45-purple-800x800-72-dpi.jpg","width":794,"height":794},{"@type":"BreadcrumbList","@id":"https:\/\/www.minihorse.eu\/fr\/produit\/chemise-pour-poulain-en-polaire-avec-rabat-ventral\/#breadcrumb","itemListElement":[{"@type":"ListItem","position":1,"name":"Home","item":"https:\/\/www.minihorse.eu\/fr\/accueil\/"},{"@type":"ListItem","position":2,"name":"Boutique","item":"https:\/\/www.minihorse.eu\/fr\/boutique\/"},{"@type":"ListItem","position":3,"name":"Chemise pour poulain en polaire avec rabat ventral"}]},{"@type":"WebSite","@id":"https:\/\/www.minihorse.eu\/#website","url":"https:\/\/www.minihorse.eu\/","name":"Minihorse.eu","description":"The #1 store for Miniature Horses","publisher":{"@id":"https:\/\/www.minihorse.eu\/#organization"},"potentialAction":[{"@type":"SearchAction","target":{"@type":"EntryPoint","urlTemplate":"https:\/\/www.minihorse.eu\/?s={search_term_string}"},"query-input":{"@type":"PropertyValueSpecification","valueRequired":true,"valueName":"search_term_string"}}],"inLanguage":"fr-FR"},{"@type":"Organization","@id":"https:\/\/www.minihorse.eu\/#organization","name":"Minihorse.eu","url":"https:\/\/www.minihorse.eu\/","logo":{"@type":"ImageObject","inLanguage":"fr-FR","@id":"https:\/\/www.minihorse.eu\/#\/schema\/logo\/image\/","url":"https:\/\/www.minihorse.eu\/wp-content\/uploads\/2024\/08\/Logo-minihorse-ext.png","contentUrl":"https:\/\/www.minihorse.eu\/wp-content\/uploads\/2024\/08\/Logo-minihorse-ext.png","width":500,"height":500,"caption":"Minihorse.eu"},"image":{"@id":"https:\/\/www.minihorse.eu\/#\/schema\/logo\/image\/"},"sameAs":["https:\/\/www.facebook.com\/profile.php?id=100063487117479"]}]}},"jetpack_sharing_enabled":true,"_links":{"self":[{"href":"https:\/\/www.minihorse.eu\/fr\/wp-json\/wp\/v2\/product\/3848","targetHints":{"allow":["GET"]}}],"collection":[{"href":"https:\/\/www.minihorse.eu\/fr\/wp-json\/wp\/v2\/product"}],"about":[{"href":"https:\/\/www.minihorse.eu\/fr\/wp-json\/wp\/v2\/types\/product"}],"replies":[{"embeddable":true,"href":"https:\/\/www.minihorse.eu\/fr\/wp-json\/wp\/v2\/comments?post=3848"}],"wp:featuredmedia":[{"embeddable":true,"href":"https:\/\/www.minihorse.eu\/fr\/wp-json\/wp\/v2\/media\/1105"}],"wp:attachment":[{"href":"https:\/\/www.minihorse.eu\/fr\/wp-json\/wp\/v2\/media?parent=3848"}],"wp:term":[{"taxonomy":"product_brand","embeddable":true,"href":"https:\/\/www.minihorse.eu\/fr\/wp-json\/wp\/v2\/product_brand?post=3848"},{"taxonomy":"product_cat","embeddable":true,"href":"https:\/\/www.minihorse.eu\/fr\/wp-json\/wp\/v2\/product_cat?post=3848"},{"taxonomy":"product_tag","embeddable":true,"href":"https:\/\/www.minihorse.eu\/fr\/wp-json\/wp\/v2\/product_tag?post=3848"}],"curies":[{"name":"wp","href":"https:\/\/api.w.org\/{rel}","templated":true}]}}