{"id":4720,"date":"2025-02-25T20:42:28","date_gmt":"2025-02-25T20:42:28","guid":{"rendered":"https:\/\/horselandshop.com\/product\/tendeur-de-fil-metallique-pack-de-2\/"},"modified":"2025-02-25T20:42:28","modified_gmt":"2025-02-25T20:42:28","slug":"tendeur-de-fil-metallique-pack-de-2","status":"publish","type":"product","link":"https:\/\/www.minihorse.eu\/fr\/produit\/tendeur-de-fil-metallique-pack-de-2\/","title":{"rendered":"Tendeur de fil m\u00e9tallique \u2013 Pack de 2"},"content":{"rendered":"<p>Gardez vos fils tendus et s\u00e9curis\u00e9s avec ce<strong data-start=\"126\" data-end=\"147\"> tendeur durable<\/strong>, parfait pour les <strong data-start=\"161\" data-end=\"188\">fils m\u00e9talliques<\/strong>. Facile \u00e0 installer et \u00e0 ajuster, il pr\u00e9vient le affaissement et garantit une performance durable. Id\u00e9al pour les cl\u00f4tures.   <strong data-start=\"316\" data-end=\"330\" data-is-last-node=\"\">Pack de 2<\/strong><\/p>\n","protected":false},"excerpt":{"rendered":"<p>Gardez vos fils tendus et s\u00e9curis\u00e9s avec ce<strong data-start=\"126\" data-end=\"147\"> tendeur durable<\/strong>, parfait pour les <strong data-start=\"161\" data-end=\"188\">fils m\u00e9talliques<\/strong>. Facile \u00e0 installer et \u00e0 ajuster, il pr\u00e9vient le affaissement et garantit une performance durable. Id\u00e9al pour les cl\u00f4tures.   <strong data-start=\"316\" data-end=\"330\" data-is-last-node=\"\">Pack de 2<\/strong><\/p>\n","protected":false},"featured_media":4707,"comment_status":"open","ping_status":"closed","template":"","meta":[],"product_brand":[],"product_cat":[185],"product_tag":[],"class_list":{"0":"post-4720","1":"product","2":"type-product","3":"status-publish","4":"has-post-thumbnail","6":"product_cat-clotures-electriques","8":"first","9":"instock","10":"taxable","11":"shipping-taxable","12":"purchasable","13":"product-type-simple"},"yoast_head":"<!-- This site is optimized with the Yoast SEO plugin v27.3 - https:\/\/yoast.com\/product\/yoast-seo-wordpress\/ -->\n<title>Tendeur de fil m\u00e9tallique \u2013 Pack de 2 - Minihorse.eu<\/title>\n<meta name=\"robots\" content=\"index, follow, max-snippet:-1, max-image-preview:large, max-video-preview:-1\" \/>\n<link rel=\"canonical\" href=\"https:\/\/www.minihorse.eu\/fr\/produit\/tendeur-de-fil-metallique-pack-de-2\/\" \/>\n<meta property=\"og:locale\" content=\"fr_FR\" \/>\n<meta property=\"og:type\" content=\"article\" \/>\n<meta property=\"og:title\" content=\"Tendeur de fil m\u00e9tallique \u2013 Pack de 2 - Minihorse.eu\" \/>\n<meta property=\"og:description\" content=\"Gardez vos fils tendus et s\u00e9curis\u00e9s avec ce tendeur durable, parfait pour les fils m\u00e9talliques. Facile \u00e0 installer et \u00e0 ajuster, il pr\u00e9vient le affaissement et garantit une performance durable. Id\u00e9al pour les cl\u00f4tures.  Pack de 2\" \/>\n<meta property=\"og:url\" content=\"https:\/\/www.minihorse.eu\/fr\/produit\/tendeur-de-fil-metallique-pack-de-2\/\" \/>\n<meta property=\"og:site_name\" content=\"Minihorse.eu\" \/>\n<meta property=\"article:publisher\" content=\"https:\/\/www.facebook.com\/profile.php?id=100063487117479\" \/>\n<meta property=\"og:image\" content=\"https:\/\/www.minihorse.eu\/wp-content\/uploads\/2025\/02\/Screenshot-2025-02-25-at-20.40.29.png\" \/>\n\t<meta property=\"og:image:width\" content=\"1400\" \/>\n\t<meta property=\"og:image:height\" content=\"640\" \/>\n\t<meta property=\"og:image:type\" content=\"image\/png\" \/>\n<meta name=\"twitter:card\" content=\"summary_large_image\" \/>\n<script type=\"application\/ld+json\" class=\"yoast-schema-graph\">{\"@context\":\"https:\\\/\\\/schema.org\",\"@graph\":[{\"@type\":\"WebPage\",\"@id\":\"https:\\\/\\\/www.minihorse.eu\\\/fr\\\/produit\\\/tendeur-de-fil-metallique-pack-de-2\\\/\",\"url\":\"https:\\\/\\\/www.minihorse.eu\\\/fr\\\/produit\\\/tendeur-de-fil-metallique-pack-de-2\\\/\",\"name\":\"Tendeur de fil m\u00e9tallique \u2013 Pack de 2 - Minihorse.eu\",\"isPartOf\":{\"@id\":\"https:\\\/\\\/www.minihorse.eu\\\/#website\"},\"primaryImageOfPage\":{\"@id\":\"https:\\\/\\\/www.minihorse.eu\\\/fr\\\/produit\\\/tendeur-de-fil-metallique-pack-de-2\\\/#primaryimage\"},\"image\":{\"@id\":\"https:\\\/\\\/www.minihorse.eu\\\/fr\\\/produit\\\/tendeur-de-fil-metallique-pack-de-2\\\/#primaryimage\"},\"thumbnailUrl\":\"https:\\\/\\\/www.minihorse.eu\\\/wp-content\\\/uploads\\\/2025\\\/02\\\/Screenshot-2025-02-25-at-20.40.29.png\",\"datePublished\":\"2025-02-25T20:42:28+00:00\",\"breadcrumb\":{\"@id\":\"https:\\\/\\\/www.minihorse.eu\\\/fr\\\/produit\\\/tendeur-de-fil-metallique-pack-de-2\\\/#breadcrumb\"},\"inLanguage\":\"fr-FR\",\"potentialAction\":[{\"@type\":\"ReadAction\",\"target\":[\"https:\\\/\\\/www.minihorse.eu\\\/fr\\\/produit\\\/tendeur-de-fil-metallique-pack-de-2\\\/\"]}]},{\"@type\":\"ImageObject\",\"inLanguage\":\"fr-FR\",\"@id\":\"https:\\\/\\\/www.minihorse.eu\\\/fr\\\/produit\\\/tendeur-de-fil-metallique-pack-de-2\\\/#primaryimage\",\"url\":\"https:\\\/\\\/www.minihorse.eu\\\/wp-content\\\/uploads\\\/2025\\\/02\\\/Screenshot-2025-02-25-at-20.40.29.png\",\"contentUrl\":\"https:\\\/\\\/www.minihorse.eu\\\/wp-content\\\/uploads\\\/2025\\\/02\\\/Screenshot-2025-02-25-at-20.40.29.png\",\"width\":1400,\"height\":640,\"caption\":\"Photo de Tendeur de fil m\u00e9tallique\"},{\"@type\":\"BreadcrumbList\",\"@id\":\"https:\\\/\\\/www.minihorse.eu\\\/fr\\\/produit\\\/tendeur-de-fil-metallique-pack-de-2\\\/#breadcrumb\",\"itemListElement\":[{\"@type\":\"ListItem\",\"position\":1,\"name\":\"Home\",\"item\":\"https:\\\/\\\/www.minihorse.eu\\\/fr\\\/accueil\\\/\"},{\"@type\":\"ListItem\",\"position\":2,\"name\":\"Boutique\",\"item\":\"https:\\\/\\\/www.minihorse.eu\\\/fr\\\/boutique\\\/\"},{\"@type\":\"ListItem\",\"position\":3,\"name\":\"Tendeur de fil m\u00e9tallique \u2013 Pack de 2\"}]},{\"@type\":\"WebSite\",\"@id\":\"https:\\\/\\\/www.minihorse.eu\\\/#website\",\"url\":\"https:\\\/\\\/www.minihorse.eu\\\/\",\"name\":\"Minihorse.eu\",\"description\":\"The #1 store for Miniature Horses\",\"publisher\":{\"@id\":\"https:\\\/\\\/www.minihorse.eu\\\/#organization\"},\"potentialAction\":[{\"@type\":\"SearchAction\",\"target\":{\"@type\":\"EntryPoint\",\"urlTemplate\":\"https:\\\/\\\/www.minihorse.eu\\\/?s={search_term_string}\"},\"query-input\":{\"@type\":\"PropertyValueSpecification\",\"valueRequired\":true,\"valueName\":\"search_term_string\"}}],\"inLanguage\":\"fr-FR\"},{\"@type\":\"Organization\",\"@id\":\"https:\\\/\\\/www.minihorse.eu\\\/#organization\",\"name\":\"Minihorse.eu\",\"url\":\"https:\\\/\\\/www.minihorse.eu\\\/\",\"logo\":{\"@type\":\"ImageObject\",\"inLanguage\":\"fr-FR\",\"@id\":\"https:\\\/\\\/www.minihorse.eu\\\/#\\\/schema\\\/logo\\\/image\\\/\",\"url\":\"https:\\\/\\\/www.minihorse.eu\\\/wp-content\\\/uploads\\\/2024\\\/08\\\/Logo-minihorse-ext.png\",\"contentUrl\":\"https:\\\/\\\/www.minihorse.eu\\\/wp-content\\\/uploads\\\/2024\\\/08\\\/Logo-minihorse-ext.png\",\"width\":500,\"height\":500,\"caption\":\"Minihorse.eu\"},\"image\":{\"@id\":\"https:\\\/\\\/www.minihorse.eu\\\/#\\\/schema\\\/logo\\\/image\\\/\"},\"sameAs\":[\"https:\\\/\\\/www.facebook.com\\\/profile.php?id=100063487117479\"]}]}<\/script>\n<!-- \/ Yoast SEO plugin. -->","yoast_head_json":{"title":"Tendeur de fil m\u00e9tallique \u2013 Pack de 2 - Minihorse.eu","robots":{"index":"index","follow":"follow","max-snippet":"max-snippet:-1","max-image-preview":"max-image-preview:large","max-video-preview":"max-video-preview:-1"},"canonical":"https:\/\/www.minihorse.eu\/fr\/produit\/tendeur-de-fil-metallique-pack-de-2\/","og_locale":"fr_FR","og_type":"article","og_title":"Tendeur de fil m\u00e9tallique \u2013 Pack de 2 - Minihorse.eu","og_description":"Gardez vos fils tendus et s\u00e9curis\u00e9s avec ce tendeur durable, parfait pour les fils m\u00e9talliques. Facile \u00e0 installer et \u00e0 ajuster, il pr\u00e9vient le affaissement et garantit une performance durable. Id\u00e9al pour les cl\u00f4tures.  Pack de 2","og_url":"https:\/\/www.minihorse.eu\/fr\/produit\/tendeur-de-fil-metallique-pack-de-2\/","og_site_name":"Minihorse.eu","article_publisher":"https:\/\/www.facebook.com\/profile.php?id=100063487117479","og_image":[{"width":1400,"height":640,"url":"https:\/\/www.minihorse.eu\/wp-content\/uploads\/2025\/02\/Screenshot-2025-02-25-at-20.40.29.png","type":"image\/png"}],"twitter_card":"summary_large_image","schema":{"@context":"https:\/\/schema.org","@graph":[{"@type":"WebPage","@id":"https:\/\/www.minihorse.eu\/fr\/produit\/tendeur-de-fil-metallique-pack-de-2\/","url":"https:\/\/www.minihorse.eu\/fr\/produit\/tendeur-de-fil-metallique-pack-de-2\/","name":"Tendeur de fil m\u00e9tallique \u2013 Pack de 2 - Minihorse.eu","isPartOf":{"@id":"https:\/\/www.minihorse.eu\/#website"},"primaryImageOfPage":{"@id":"https:\/\/www.minihorse.eu\/fr\/produit\/tendeur-de-fil-metallique-pack-de-2\/#primaryimage"},"image":{"@id":"https:\/\/www.minihorse.eu\/fr\/produit\/tendeur-de-fil-metallique-pack-de-2\/#primaryimage"},"thumbnailUrl":"https:\/\/www.minihorse.eu\/wp-content\/uploads\/2025\/02\/Screenshot-2025-02-25-at-20.40.29.png","datePublished":"2025-02-25T20:42:28+00:00","breadcrumb":{"@id":"https:\/\/www.minihorse.eu\/fr\/produit\/tendeur-de-fil-metallique-pack-de-2\/#breadcrumb"},"inLanguage":"fr-FR","potentialAction":[{"@type":"ReadAction","target":["https:\/\/www.minihorse.eu\/fr\/produit\/tendeur-de-fil-metallique-pack-de-2\/"]}]},{"@type":"ImageObject","inLanguage":"fr-FR","@id":"https:\/\/www.minihorse.eu\/fr\/produit\/tendeur-de-fil-metallique-pack-de-2\/#primaryimage","url":"https:\/\/www.minihorse.eu\/wp-content\/uploads\/2025\/02\/Screenshot-2025-02-25-at-20.40.29.png","contentUrl":"https:\/\/www.minihorse.eu\/wp-content\/uploads\/2025\/02\/Screenshot-2025-02-25-at-20.40.29.png","width":1400,"height":640,"caption":"Photo de Tendeur de fil m\u00e9tallique"},{"@type":"BreadcrumbList","@id":"https:\/\/www.minihorse.eu\/fr\/produit\/tendeur-de-fil-metallique-pack-de-2\/#breadcrumb","itemListElement":[{"@type":"ListItem","position":1,"name":"Home","item":"https:\/\/www.minihorse.eu\/fr\/accueil\/"},{"@type":"ListItem","position":2,"name":"Boutique","item":"https:\/\/www.minihorse.eu\/fr\/boutique\/"},{"@type":"ListItem","position":3,"name":"Tendeur de fil m\u00e9tallique \u2013 Pack de 2"}]},{"@type":"WebSite","@id":"https:\/\/www.minihorse.eu\/#website","url":"https:\/\/www.minihorse.eu\/","name":"Minihorse.eu","description":"The #1 store for Miniature Horses","publisher":{"@id":"https:\/\/www.minihorse.eu\/#organization"},"potentialAction":[{"@type":"SearchAction","target":{"@type":"EntryPoint","urlTemplate":"https:\/\/www.minihorse.eu\/?s={search_term_string}"},"query-input":{"@type":"PropertyValueSpecification","valueRequired":true,"valueName":"search_term_string"}}],"inLanguage":"fr-FR"},{"@type":"Organization","@id":"https:\/\/www.minihorse.eu\/#organization","name":"Minihorse.eu","url":"https:\/\/www.minihorse.eu\/","logo":{"@type":"ImageObject","inLanguage":"fr-FR","@id":"https:\/\/www.minihorse.eu\/#\/schema\/logo\/image\/","url":"https:\/\/www.minihorse.eu\/wp-content\/uploads\/2024\/08\/Logo-minihorse-ext.png","contentUrl":"https:\/\/www.minihorse.eu\/wp-content\/uploads\/2024\/08\/Logo-minihorse-ext.png","width":500,"height":500,"caption":"Minihorse.eu"},"image":{"@id":"https:\/\/www.minihorse.eu\/#\/schema\/logo\/image\/"},"sameAs":["https:\/\/www.facebook.com\/profile.php?id=100063487117479"]}]}},"jetpack_sharing_enabled":true,"_links":{"self":[{"href":"https:\/\/www.minihorse.eu\/fr\/wp-json\/wp\/v2\/product\/4720","targetHints":{"allow":["GET"]}}],"collection":[{"href":"https:\/\/www.minihorse.eu\/fr\/wp-json\/wp\/v2\/product"}],"about":[{"href":"https:\/\/www.minihorse.eu\/fr\/wp-json\/wp\/v2\/types\/product"}],"replies":[{"embeddable":true,"href":"https:\/\/www.minihorse.eu\/fr\/wp-json\/wp\/v2\/comments?post=4720"}],"wp:featuredmedia":[{"embeddable":true,"href":"https:\/\/www.minihorse.eu\/fr\/wp-json\/wp\/v2\/media\/4707"}],"wp:attachment":[{"href":"https:\/\/www.minihorse.eu\/fr\/wp-json\/wp\/v2\/media?parent=4720"}],"wp:term":[{"taxonomy":"product_brand","embeddable":true,"href":"https:\/\/www.minihorse.eu\/fr\/wp-json\/wp\/v2\/product_brand?post=4720"},{"taxonomy":"product_cat","embeddable":true,"href":"https:\/\/www.minihorse.eu\/fr\/wp-json\/wp\/v2\/product_cat?post=4720"},{"taxonomy":"product_tag","embeddable":true,"href":"https:\/\/www.minihorse.eu\/fr\/wp-json\/wp\/v2\/product_tag?post=4720"}],"curies":[{"name":"wp","href":"https:\/\/api.w.org\/{rel}","templated":true}]}}