{"id":4739,"date":"2025-02-25T20:50:03","date_gmt":"2025-02-25T20:50:03","guid":{"rendered":"https:\/\/horselandshop.com\/product\/connecteur-de-fil-2-mm-pack-de-10\/"},"modified":"2025-02-25T20:50:03","modified_gmt":"2025-02-25T20:50:03","slug":"connecteur-de-fil-2-mm-pack-de-10","status":"publish","type":"product","link":"https:\/\/www.minihorse.eu\/fr\/produit\/connecteur-de-fil-2-mm-pack-de-10\/","title":{"rendered":"Connecteur de fil 2 mm \u2013 Pack de 10"},"content":{"rendered":"<p data-start=\"43\" data-end=\"297\">Connectez facilement les fils en acier et en plastique avec ce <strong data-start=\"119\" data-end=\"141\">connecteur de fil de 2 mm<\/strong>. Con\u00e7u pour des fils jusqu&rsquo;\u00e0 2 mm de diam\u00e8tre, il garantit une connexion s\u00fbre et fiable pour diverses applications. Parfait pour les cl\u00f4tures et bien plus encore.  <\/p>\n<p data-start=\"299\" data-end=\"453\"><strong data-start=\"301\" data-end=\"342\">\u2714 Compatible avec les fils en acier et en plastique <br data-start=\"342\" data-end=\"345\"><\/strong><strong data-start=\"347\" data-end=\"380\">\u2714 Convient pour des fils jusqu&rsquo;\u00e0 2 mm de diam\u00e8tre <br data-start=\"380\" data-end=\"383\" data-is-only-node=\"\"><\/strong><strong data-start=\"385\" data-end=\"410\">\u2714 Pack de 10 connecteurs <br data-start=\"410\" data-end=\"413\"><\/strong><strong data-start=\"415\" data-end=\"451\">\u2714 Performance durable et fiable<\/strong><\/p>\n","protected":false},"excerpt":{"rendered":"<p>Connectez en toute s\u00e9curit\u00e9 les fils en acier et en plastique avec ce <strong>connecteur de fil de 2 mm<\/strong>. Il convient pour des fils jusqu&rsquo;\u00e0 2 mm de diam\u00e8tre, id\u00e9al pour diverses applications.  <strong>Pack de 10<\/strong><\/p>\n","protected":false},"featured_media":4725,"comment_status":"open","ping_status":"closed","template":"","meta":[],"product_brand":[],"product_cat":[185],"product_tag":[],"class_list":{"0":"post-4739","1":"product","2":"type-product","3":"status-publish","4":"has-post-thumbnail","6":"product_cat-clotures-electriques","8":"first","9":"instock","10":"taxable","11":"shipping-taxable","12":"purchasable","13":"product-type-simple"},"yoast_head":"<!-- This site is optimized with the Yoast SEO plugin v27.3 - https:\/\/yoast.com\/product\/yoast-seo-wordpress\/ -->\n<title>Connecteur de fil 2 mm \u2013 Pack de 10 - Minihorse.eu<\/title>\n<meta name=\"robots\" content=\"index, follow, max-snippet:-1, max-image-preview:large, max-video-preview:-1\" \/>\n<link rel=\"canonical\" href=\"https:\/\/www.minihorse.eu\/fr\/produit\/connecteur-de-fil-2-mm-pack-de-10\/\" \/>\n<meta property=\"og:locale\" content=\"fr_FR\" \/>\n<meta property=\"og:type\" content=\"article\" \/>\n<meta property=\"og:title\" content=\"Connecteur de fil 2 mm \u2013 Pack de 10 - Minihorse.eu\" \/>\n<meta property=\"og:description\" content=\"Connectez en toute s\u00e9curit\u00e9 les fils en acier et en plastique avec ce connecteur de fil de 2 mm. Il convient pour des fils jusqu&#039;\u00e0 2 mm de diam\u00e8tre, id\u00e9al pour diverses applications. Pack de 10\" \/>\n<meta property=\"og:url\" content=\"https:\/\/www.minihorse.eu\/fr\/produit\/connecteur-de-fil-2-mm-pack-de-10\/\" \/>\n<meta property=\"og:site_name\" content=\"Minihorse.eu\" \/>\n<meta property=\"article:publisher\" content=\"https:\/\/www.facebook.com\/profile.php?id=100063487117479\" \/>\n<meta property=\"og:image\" content=\"https:\/\/www.minihorse.eu\/wp-content\/uploads\/2025\/02\/Wire-Connector-2mm-\u2013-10-Pack.jpg\" \/>\n\t<meta property=\"og:image:width\" content=\"700\" \/>\n\t<meta property=\"og:image:height\" content=\"292\" \/>\n\t<meta property=\"og:image:type\" content=\"image\/jpeg\" \/>\n<meta name=\"twitter:card\" content=\"summary_large_image\" \/>\n<script type=\"application\/ld+json\" class=\"yoast-schema-graph\">{\"@context\":\"https:\\\/\\\/schema.org\",\"@graph\":[{\"@type\":\"WebPage\",\"@id\":\"https:\\\/\\\/www.minihorse.eu\\\/fr\\\/produit\\\/connecteur-de-fil-2-mm-pack-de-10\\\/\",\"url\":\"https:\\\/\\\/www.minihorse.eu\\\/fr\\\/produit\\\/connecteur-de-fil-2-mm-pack-de-10\\\/\",\"name\":\"Connecteur de fil 2 mm \u2013 Pack de 10 - Minihorse.eu\",\"isPartOf\":{\"@id\":\"https:\\\/\\\/www.minihorse.eu\\\/#website\"},\"primaryImageOfPage\":{\"@id\":\"https:\\\/\\\/www.minihorse.eu\\\/fr\\\/produit\\\/connecteur-de-fil-2-mm-pack-de-10\\\/#primaryimage\"},\"image\":{\"@id\":\"https:\\\/\\\/www.minihorse.eu\\\/fr\\\/produit\\\/connecteur-de-fil-2-mm-pack-de-10\\\/#primaryimage\"},\"thumbnailUrl\":\"https:\\\/\\\/www.minihorse.eu\\\/wp-content\\\/uploads\\\/2025\\\/02\\\/Wire-Connector-2mm-\u2013-10-Pack.jpg\",\"datePublished\":\"2025-02-25T20:50:03+00:00\",\"breadcrumb\":{\"@id\":\"https:\\\/\\\/www.minihorse.eu\\\/fr\\\/produit\\\/connecteur-de-fil-2-mm-pack-de-10\\\/#breadcrumb\"},\"inLanguage\":\"fr-FR\",\"potentialAction\":[{\"@type\":\"ReadAction\",\"target\":[\"https:\\\/\\\/www.minihorse.eu\\\/fr\\\/produit\\\/connecteur-de-fil-2-mm-pack-de-10\\\/\"]}]},{\"@type\":\"ImageObject\",\"inLanguage\":\"fr-FR\",\"@id\":\"https:\\\/\\\/www.minihorse.eu\\\/fr\\\/produit\\\/connecteur-de-fil-2-mm-pack-de-10\\\/#primaryimage\",\"url\":\"https:\\\/\\\/www.minihorse.eu\\\/wp-content\\\/uploads\\\/2025\\\/02\\\/Wire-Connector-2mm-\u2013-10-Pack.jpg\",\"contentUrl\":\"https:\\\/\\\/www.minihorse.eu\\\/wp-content\\\/uploads\\\/2025\\\/02\\\/Wire-Connector-2mm-\u2013-10-Pack.jpg\",\"width\":700,\"height\":292,\"caption\":\"Connecteur de fil 2 mm \u2013 Pack de 10\"},{\"@type\":\"BreadcrumbList\",\"@id\":\"https:\\\/\\\/www.minihorse.eu\\\/fr\\\/produit\\\/connecteur-de-fil-2-mm-pack-de-10\\\/#breadcrumb\",\"itemListElement\":[{\"@type\":\"ListItem\",\"position\":1,\"name\":\"Home\",\"item\":\"https:\\\/\\\/www.minihorse.eu\\\/fr\\\/accueil\\\/\"},{\"@type\":\"ListItem\",\"position\":2,\"name\":\"Boutique\",\"item\":\"https:\\\/\\\/www.minihorse.eu\\\/fr\\\/boutique\\\/\"},{\"@type\":\"ListItem\",\"position\":3,\"name\":\"Connecteur de fil 2 mm \u2013 Pack de 10\"}]},{\"@type\":\"WebSite\",\"@id\":\"https:\\\/\\\/www.minihorse.eu\\\/#website\",\"url\":\"https:\\\/\\\/www.minihorse.eu\\\/\",\"name\":\"Minihorse.eu\",\"description\":\"The #1 store for Miniature Horses\",\"publisher\":{\"@id\":\"https:\\\/\\\/www.minihorse.eu\\\/#organization\"},\"potentialAction\":[{\"@type\":\"SearchAction\",\"target\":{\"@type\":\"EntryPoint\",\"urlTemplate\":\"https:\\\/\\\/www.minihorse.eu\\\/?s={search_term_string}\"},\"query-input\":{\"@type\":\"PropertyValueSpecification\",\"valueRequired\":true,\"valueName\":\"search_term_string\"}}],\"inLanguage\":\"fr-FR\"},{\"@type\":\"Organization\",\"@id\":\"https:\\\/\\\/www.minihorse.eu\\\/#organization\",\"name\":\"Minihorse.eu\",\"url\":\"https:\\\/\\\/www.minihorse.eu\\\/\",\"logo\":{\"@type\":\"ImageObject\",\"inLanguage\":\"fr-FR\",\"@id\":\"https:\\\/\\\/www.minihorse.eu\\\/#\\\/schema\\\/logo\\\/image\\\/\",\"url\":\"https:\\\/\\\/www.minihorse.eu\\\/wp-content\\\/uploads\\\/2024\\\/08\\\/Logo-minihorse-ext.png\",\"contentUrl\":\"https:\\\/\\\/www.minihorse.eu\\\/wp-content\\\/uploads\\\/2024\\\/08\\\/Logo-minihorse-ext.png\",\"width\":500,\"height\":500,\"caption\":\"Minihorse.eu\"},\"image\":{\"@id\":\"https:\\\/\\\/www.minihorse.eu\\\/#\\\/schema\\\/logo\\\/image\\\/\"},\"sameAs\":[\"https:\\\/\\\/www.facebook.com\\\/profile.php?id=100063487117479\"]}]}<\/script>\n<!-- \/ Yoast SEO plugin. -->","yoast_head_json":{"title":"Connecteur de fil 2 mm \u2013 Pack de 10 - Minihorse.eu","robots":{"index":"index","follow":"follow","max-snippet":"max-snippet:-1","max-image-preview":"max-image-preview:large","max-video-preview":"max-video-preview:-1"},"canonical":"https:\/\/www.minihorse.eu\/fr\/produit\/connecteur-de-fil-2-mm-pack-de-10\/","og_locale":"fr_FR","og_type":"article","og_title":"Connecteur de fil 2 mm \u2013 Pack de 10 - Minihorse.eu","og_description":"Connectez en toute s\u00e9curit\u00e9 les fils en acier et en plastique avec ce connecteur de fil de 2 mm. Il convient pour des fils jusqu'\u00e0 2 mm de diam\u00e8tre, id\u00e9al pour diverses applications. Pack de 10","og_url":"https:\/\/www.minihorse.eu\/fr\/produit\/connecteur-de-fil-2-mm-pack-de-10\/","og_site_name":"Minihorse.eu","article_publisher":"https:\/\/www.facebook.com\/profile.php?id=100063487117479","og_image":[{"width":700,"height":292,"url":"https:\/\/www.minihorse.eu\/wp-content\/uploads\/2025\/02\/Wire-Connector-2mm-\u2013-10-Pack.jpg","type":"image\/jpeg"}],"twitter_card":"summary_large_image","schema":{"@context":"https:\/\/schema.org","@graph":[{"@type":"WebPage","@id":"https:\/\/www.minihorse.eu\/fr\/produit\/connecteur-de-fil-2-mm-pack-de-10\/","url":"https:\/\/www.minihorse.eu\/fr\/produit\/connecteur-de-fil-2-mm-pack-de-10\/","name":"Connecteur de fil 2 mm \u2013 Pack de 10 - Minihorse.eu","isPartOf":{"@id":"https:\/\/www.minihorse.eu\/#website"},"primaryImageOfPage":{"@id":"https:\/\/www.minihorse.eu\/fr\/produit\/connecteur-de-fil-2-mm-pack-de-10\/#primaryimage"},"image":{"@id":"https:\/\/www.minihorse.eu\/fr\/produit\/connecteur-de-fil-2-mm-pack-de-10\/#primaryimage"},"thumbnailUrl":"https:\/\/www.minihorse.eu\/wp-content\/uploads\/2025\/02\/Wire-Connector-2mm-\u2013-10-Pack.jpg","datePublished":"2025-02-25T20:50:03+00:00","breadcrumb":{"@id":"https:\/\/www.minihorse.eu\/fr\/produit\/connecteur-de-fil-2-mm-pack-de-10\/#breadcrumb"},"inLanguage":"fr-FR","potentialAction":[{"@type":"ReadAction","target":["https:\/\/www.minihorse.eu\/fr\/produit\/connecteur-de-fil-2-mm-pack-de-10\/"]}]},{"@type":"ImageObject","inLanguage":"fr-FR","@id":"https:\/\/www.minihorse.eu\/fr\/produit\/connecteur-de-fil-2-mm-pack-de-10\/#primaryimage","url":"https:\/\/www.minihorse.eu\/wp-content\/uploads\/2025\/02\/Wire-Connector-2mm-\u2013-10-Pack.jpg","contentUrl":"https:\/\/www.minihorse.eu\/wp-content\/uploads\/2025\/02\/Wire-Connector-2mm-\u2013-10-Pack.jpg","width":700,"height":292,"caption":"Connecteur de fil 2 mm \u2013 Pack de 10"},{"@type":"BreadcrumbList","@id":"https:\/\/www.minihorse.eu\/fr\/produit\/connecteur-de-fil-2-mm-pack-de-10\/#breadcrumb","itemListElement":[{"@type":"ListItem","position":1,"name":"Home","item":"https:\/\/www.minihorse.eu\/fr\/accueil\/"},{"@type":"ListItem","position":2,"name":"Boutique","item":"https:\/\/www.minihorse.eu\/fr\/boutique\/"},{"@type":"ListItem","position":3,"name":"Connecteur de fil 2 mm \u2013 Pack de 10"}]},{"@type":"WebSite","@id":"https:\/\/www.minihorse.eu\/#website","url":"https:\/\/www.minihorse.eu\/","name":"Minihorse.eu","description":"The #1 store for Miniature Horses","publisher":{"@id":"https:\/\/www.minihorse.eu\/#organization"},"potentialAction":[{"@type":"SearchAction","target":{"@type":"EntryPoint","urlTemplate":"https:\/\/www.minihorse.eu\/?s={search_term_string}"},"query-input":{"@type":"PropertyValueSpecification","valueRequired":true,"valueName":"search_term_string"}}],"inLanguage":"fr-FR"},{"@type":"Organization","@id":"https:\/\/www.minihorse.eu\/#organization","name":"Minihorse.eu","url":"https:\/\/www.minihorse.eu\/","logo":{"@type":"ImageObject","inLanguage":"fr-FR","@id":"https:\/\/www.minihorse.eu\/#\/schema\/logo\/image\/","url":"https:\/\/www.minihorse.eu\/wp-content\/uploads\/2024\/08\/Logo-minihorse-ext.png","contentUrl":"https:\/\/www.minihorse.eu\/wp-content\/uploads\/2024\/08\/Logo-minihorse-ext.png","width":500,"height":500,"caption":"Minihorse.eu"},"image":{"@id":"https:\/\/www.minihorse.eu\/#\/schema\/logo\/image\/"},"sameAs":["https:\/\/www.facebook.com\/profile.php?id=100063487117479"]}]}},"jetpack_sharing_enabled":true,"_links":{"self":[{"href":"https:\/\/www.minihorse.eu\/fr\/wp-json\/wp\/v2\/product\/4739","targetHints":{"allow":["GET"]}}],"collection":[{"href":"https:\/\/www.minihorse.eu\/fr\/wp-json\/wp\/v2\/product"}],"about":[{"href":"https:\/\/www.minihorse.eu\/fr\/wp-json\/wp\/v2\/types\/product"}],"replies":[{"embeddable":true,"href":"https:\/\/www.minihorse.eu\/fr\/wp-json\/wp\/v2\/comments?post=4739"}],"wp:featuredmedia":[{"embeddable":true,"href":"https:\/\/www.minihorse.eu\/fr\/wp-json\/wp\/v2\/media\/4725"}],"wp:attachment":[{"href":"https:\/\/www.minihorse.eu\/fr\/wp-json\/wp\/v2\/media?parent=4739"}],"wp:term":[{"taxonomy":"product_brand","embeddable":true,"href":"https:\/\/www.minihorse.eu\/fr\/wp-json\/wp\/v2\/product_brand?post=4739"},{"taxonomy":"product_cat","embeddable":true,"href":"https:\/\/www.minihorse.eu\/fr\/wp-json\/wp\/v2\/product_cat?post=4739"},{"taxonomy":"product_tag","embeddable":true,"href":"https:\/\/www.minihorse.eu\/fr\/wp-json\/wp\/v2\/product_tag?post=4739"}],"curies":[{"name":"wp","href":"https:\/\/api.w.org\/{rel}","templated":true}]}}