{"id":4741,"date":"2025-02-15T09:54:48","date_gmt":"2025-02-15T09:54:48","guid":{"rendered":"https:\/\/horselandshop.com\/product\/harnais-en-cuir-pour-cheval-miniature\/"},"modified":"2025-07-03T20:19:11","modified_gmt":"2025-07-03T20:19:11","slug":"harnais-en-cuir-pour-cheval-miniature","status":"publish","type":"product","link":"https:\/\/www.minihorse.eu\/fr\/produit\/harnais-en-cuir-pour-cheval-miniature\/","title":{"rendered":"Harnais en cuir pour cheval miniature"},"content":{"rendered":"<p>Harnais en cuir pour cheval miniature comprend :<\/p>\n<p>bride avec oeill\u00e8res,<\/p>\n<p>contre-g\u00eanes,<\/p>\n<p>poitrail avec cordes en cuir,<\/p>\n<p>sangle,<\/p>\n<p>culotte,<\/p>\n<p>sangle de queue<\/p>\n<p>r\u00eanes.<\/p>\n<p>Les oeill\u00e8res et la sangle sont finies avec du cuir verni. Fabriqu\u00e9 en cuir noir souple et r\u00e9sistant avec des accessoires en laiton. Convient pour les chevaux miniatures ayant une hauteur au garrot de 75 cm \u00e0 90 cm inclus.  <\/p>\n","protected":false},"excerpt":{"rendered":"<p>Harnais en cuir pour poney miniature comprend : bride avec oeill\u00e8res, contre-g\u00eanes, poitrail avec cordes en cuir,<\/p>\n<p>sangle, culotte, sangle de queue, r\u00eanes. Convient pour les chevaux miniatures ayant une hauteur au garrot de 75 cm \u00e0 90 cm inclus. <\/p>\n","protected":false},"featured_media":3326,"comment_status":"open","ping_status":"closed","template":"","meta":[],"product_brand":[],"product_cat":[415,187,262],"product_tag":[],"class_list":{"0":"post-4741","1":"product","2":"type-product","3":"status-publish","4":"has-post-thumbnail","6":"product_cat-accessoires-de-driving","7":"product_cat-chevaux-miniatures","8":"product_cat-driving-fr","10":"first","11":"outofstock","12":"sale","13":"taxable","14":"shipping-taxable","15":"purchasable","16":"product-type-simple"},"yoast_head":"<!-- This site is optimized with the Yoast SEO plugin v27.6 - https:\/\/yoast.com\/product\/yoast-seo-wordpress\/ -->\n<title>Harnais en cuir pour cheval miniature - Minihorse.eu<\/title>\n<meta name=\"robots\" content=\"index, follow, max-snippet:-1, max-image-preview:large, max-video-preview:-1\" \/>\n<link rel=\"canonical\" href=\"https:\/\/www.minihorse.eu\/produit\/leather-harness-for-miniatuur-horse\/\" \/>\n<meta property=\"og:locale\" content=\"fr_FR\" \/>\n<meta property=\"og:type\" content=\"article\" \/>\n<meta property=\"og:title\" content=\"Harnais en cuir pour cheval miniature - Minihorse.eu\" \/>\n<meta property=\"og:description\" content=\"Harnais en cuir pour poney miniature comprend : bride avec oeill\u00e8res, contre-g\u00eanes, poitrail avec cordes en cuir, sangle, culotte, sangle de queue, r\u00eanes. Convient pour les chevaux miniatures ayant une hauteur au garrot de 75 cm \u00e0 90 cm inclus.\" \/>\n<meta property=\"og:url\" content=\"https:\/\/www.minihorse.eu\/produit\/leather-harness-for-miniatuur-horse\/\" \/>\n<meta property=\"og:site_name\" content=\"Minihorse.eu\" \/>\n<meta property=\"article:publisher\" content=\"https:\/\/www.facebook.com\/profile.php?id=100063487117479\" \/>\n<meta property=\"article:modified_time\" content=\"2025-07-03T20:19:11+00:00\" \/>\n<meta property=\"og:image\" content=\"https:\/\/www.minihorse.eu\/wp-content\/uploads\/2025\/02\/IMG_20210316_131751-1.jpg\" \/>\n\t<meta property=\"og:image:width\" content=\"430\" \/>\n\t<meta property=\"og:image:height\" content=\"320\" \/>\n\t<meta property=\"og:image:type\" content=\"image\/jpeg\" \/>\n<meta name=\"twitter:card\" content=\"summary_large_image\" \/>\n<script type=\"application\/ld+json\" class=\"yoast-schema-graph\">{\"@context\":\"https:\\\/\\\/schema.org\",\"@graph\":[{\"@type\":\"WebPage\",\"@id\":\"https:\\\/\\\/www.minihorse.eu\\\/produit\\\/leather-harness-for-miniatuur-horse\\\/\",\"url\":\"https:\\\/\\\/www.minihorse.eu\\\/produit\\\/leather-harness-for-miniatuur-horse\\\/\",\"name\":\"Harnais en cuir pour cheval miniature - Minihorse.eu\",\"isPartOf\":{\"@id\":\"https:\\\/\\\/www.minihorse.eu\\\/#website\"},\"primaryImageOfPage\":{\"@id\":\"https:\\\/\\\/www.minihorse.eu\\\/produit\\\/leather-harness-for-miniatuur-horse\\\/#primaryimage\"},\"image\":{\"@id\":\"https:\\\/\\\/www.minihorse.eu\\\/produit\\\/leather-harness-for-miniatuur-horse\\\/#primaryimage\"},\"thumbnailUrl\":\"https:\\\/\\\/www.minihorse.eu\\\/wp-content\\\/uploads\\\/2025\\\/02\\\/IMG_20210316_131751-1.jpg\",\"datePublished\":\"2025-02-15T09:54:48+00:00\",\"dateModified\":\"2025-07-03T20:19:11+00:00\",\"breadcrumb\":{\"@id\":\"https:\\\/\\\/www.minihorse.eu\\\/produit\\\/leather-harness-for-miniatuur-horse\\\/#breadcrumb\"},\"inLanguage\":\"fr-FR\",\"potentialAction\":[{\"@type\":\"ReadAction\",\"target\":[\"https:\\\/\\\/www.minihorse.eu\\\/produit\\\/leather-harness-for-miniatuur-horse\\\/\"]}]},{\"@type\":\"ImageObject\",\"inLanguage\":\"fr-FR\",\"@id\":\"https:\\\/\\\/www.minihorse.eu\\\/produit\\\/leather-harness-for-miniatuur-horse\\\/#primaryimage\",\"url\":\"https:\\\/\\\/www.minihorse.eu\\\/wp-content\\\/uploads\\\/2025\\\/02\\\/IMG_20210316_131751-1.jpg\",\"contentUrl\":\"https:\\\/\\\/www.minihorse.eu\\\/wp-content\\\/uploads\\\/2025\\\/02\\\/IMG_20210316_131751-1.jpg\",\"width\":430,\"height\":320},{\"@type\":\"BreadcrumbList\",\"@id\":\"https:\\\/\\\/www.minihorse.eu\\\/produit\\\/leather-harness-for-miniatuur-horse\\\/#breadcrumb\",\"itemListElement\":[{\"@type\":\"ListItem\",\"position\":1,\"name\":\"Home\",\"item\":\"https:\\\/\\\/www.minihorse.eu\\\/fr\\\/accueil\\\/\"},{\"@type\":\"ListItem\",\"position\":2,\"name\":\"Boutique\",\"item\":\"https:\\\/\\\/www.minihorse.eu\\\/fr\\\/boutique\\\/\"},{\"@type\":\"ListItem\",\"position\":3,\"name\":\"Harnais en cuir pour cheval miniature\"}]},{\"@type\":\"WebSite\",\"@id\":\"https:\\\/\\\/www.minihorse.eu\\\/#website\",\"url\":\"https:\\\/\\\/www.minihorse.eu\\\/\",\"name\":\"Minihorse.eu\",\"description\":\"The #1 store for Miniature Horses\",\"publisher\":{\"@id\":\"https:\\\/\\\/www.minihorse.eu\\\/#organization\"},\"potentialAction\":[{\"@type\":\"SearchAction\",\"target\":{\"@type\":\"EntryPoint\",\"urlTemplate\":\"https:\\\/\\\/www.minihorse.eu\\\/?s={search_term_string}\"},\"query-input\":{\"@type\":\"PropertyValueSpecification\",\"valueRequired\":true,\"valueName\":\"search_term_string\"}}],\"inLanguage\":\"fr-FR\"},{\"@type\":\"Organization\",\"@id\":\"https:\\\/\\\/www.minihorse.eu\\\/#organization\",\"name\":\"Minihorse.eu\",\"url\":\"https:\\\/\\\/www.minihorse.eu\\\/\",\"logo\":{\"@type\":\"ImageObject\",\"inLanguage\":\"fr-FR\",\"@id\":\"https:\\\/\\\/www.minihorse.eu\\\/#\\\/schema\\\/logo\\\/image\\\/\",\"url\":\"https:\\\/\\\/www.minihorse.eu\\\/wp-content\\\/uploads\\\/2024\\\/08\\\/Logo-minihorse-ext.png\",\"contentUrl\":\"https:\\\/\\\/www.minihorse.eu\\\/wp-content\\\/uploads\\\/2024\\\/08\\\/Logo-minihorse-ext.png\",\"width\":500,\"height\":500,\"caption\":\"Minihorse.eu\"},\"image\":{\"@id\":\"https:\\\/\\\/www.minihorse.eu\\\/#\\\/schema\\\/logo\\\/image\\\/\"},\"sameAs\":[\"https:\\\/\\\/www.facebook.com\\\/profile.php?id=100063487117479\"]}]}<\/script>\n<!-- \/ Yoast SEO plugin. -->","yoast_head_json":{"title":"Harnais en cuir pour cheval miniature - Minihorse.eu","robots":{"index":"index","follow":"follow","max-snippet":"max-snippet:-1","max-image-preview":"max-image-preview:large","max-video-preview":"max-video-preview:-1"},"canonical":"https:\/\/www.minihorse.eu\/produit\/leather-harness-for-miniatuur-horse\/","og_locale":"fr_FR","og_type":"article","og_title":"Harnais en cuir pour cheval miniature - Minihorse.eu","og_description":"Harnais en cuir pour poney miniature comprend : bride avec oeill\u00e8res, contre-g\u00eanes, poitrail avec cordes en cuir, sangle, culotte, sangle de queue, r\u00eanes. Convient pour les chevaux miniatures ayant une hauteur au garrot de 75 cm \u00e0 90 cm inclus.","og_url":"https:\/\/www.minihorse.eu\/produit\/leather-harness-for-miniatuur-horse\/","og_site_name":"Minihorse.eu","article_publisher":"https:\/\/www.facebook.com\/profile.php?id=100063487117479","article_modified_time":"2025-07-03T20:19:11+00:00","og_image":[{"width":430,"height":320,"url":"https:\/\/www.minihorse.eu\/wp-content\/uploads\/2025\/02\/IMG_20210316_131751-1.jpg","type":"image\/jpeg"}],"twitter_card":"summary_large_image","schema":{"@context":"https:\/\/schema.org","@graph":[{"@type":"WebPage","@id":"https:\/\/www.minihorse.eu\/produit\/leather-harness-for-miniatuur-horse\/","url":"https:\/\/www.minihorse.eu\/produit\/leather-harness-for-miniatuur-horse\/","name":"Harnais en cuir pour cheval miniature - Minihorse.eu","isPartOf":{"@id":"https:\/\/www.minihorse.eu\/#website"},"primaryImageOfPage":{"@id":"https:\/\/www.minihorse.eu\/produit\/leather-harness-for-miniatuur-horse\/#primaryimage"},"image":{"@id":"https:\/\/www.minihorse.eu\/produit\/leather-harness-for-miniatuur-horse\/#primaryimage"},"thumbnailUrl":"https:\/\/www.minihorse.eu\/wp-content\/uploads\/2025\/02\/IMG_20210316_131751-1.jpg","datePublished":"2025-02-15T09:54:48+00:00","dateModified":"2025-07-03T20:19:11+00:00","breadcrumb":{"@id":"https:\/\/www.minihorse.eu\/produit\/leather-harness-for-miniatuur-horse\/#breadcrumb"},"inLanguage":"fr-FR","potentialAction":[{"@type":"ReadAction","target":["https:\/\/www.minihorse.eu\/produit\/leather-harness-for-miniatuur-horse\/"]}]},{"@type":"ImageObject","inLanguage":"fr-FR","@id":"https:\/\/www.minihorse.eu\/produit\/leather-harness-for-miniatuur-horse\/#primaryimage","url":"https:\/\/www.minihorse.eu\/wp-content\/uploads\/2025\/02\/IMG_20210316_131751-1.jpg","contentUrl":"https:\/\/www.minihorse.eu\/wp-content\/uploads\/2025\/02\/IMG_20210316_131751-1.jpg","width":430,"height":320},{"@type":"BreadcrumbList","@id":"https:\/\/www.minihorse.eu\/produit\/leather-harness-for-miniatuur-horse\/#breadcrumb","itemListElement":[{"@type":"ListItem","position":1,"name":"Home","item":"https:\/\/www.minihorse.eu\/fr\/accueil\/"},{"@type":"ListItem","position":2,"name":"Boutique","item":"https:\/\/www.minihorse.eu\/fr\/boutique\/"},{"@type":"ListItem","position":3,"name":"Harnais en cuir pour cheval miniature"}]},{"@type":"WebSite","@id":"https:\/\/www.minihorse.eu\/#website","url":"https:\/\/www.minihorse.eu\/","name":"Minihorse.eu","description":"The #1 store for Miniature Horses","publisher":{"@id":"https:\/\/www.minihorse.eu\/#organization"},"potentialAction":[{"@type":"SearchAction","target":{"@type":"EntryPoint","urlTemplate":"https:\/\/www.minihorse.eu\/?s={search_term_string}"},"query-input":{"@type":"PropertyValueSpecification","valueRequired":true,"valueName":"search_term_string"}}],"inLanguage":"fr-FR"},{"@type":"Organization","@id":"https:\/\/www.minihorse.eu\/#organization","name":"Minihorse.eu","url":"https:\/\/www.minihorse.eu\/","logo":{"@type":"ImageObject","inLanguage":"fr-FR","@id":"https:\/\/www.minihorse.eu\/#\/schema\/logo\/image\/","url":"https:\/\/www.minihorse.eu\/wp-content\/uploads\/2024\/08\/Logo-minihorse-ext.png","contentUrl":"https:\/\/www.minihorse.eu\/wp-content\/uploads\/2024\/08\/Logo-minihorse-ext.png","width":500,"height":500,"caption":"Minihorse.eu"},"image":{"@id":"https:\/\/www.minihorse.eu\/#\/schema\/logo\/image\/"},"sameAs":["https:\/\/www.facebook.com\/profile.php?id=100063487117479"]}]}},"jetpack_sharing_enabled":true,"_links":{"self":[{"href":"https:\/\/www.minihorse.eu\/fr\/wp-json\/wp\/v2\/product\/4741","targetHints":{"allow":["GET"]}}],"collection":[{"href":"https:\/\/www.minihorse.eu\/fr\/wp-json\/wp\/v2\/product"}],"about":[{"href":"https:\/\/www.minihorse.eu\/fr\/wp-json\/wp\/v2\/types\/product"}],"replies":[{"embeddable":true,"href":"https:\/\/www.minihorse.eu\/fr\/wp-json\/wp\/v2\/comments?post=4741"}],"wp:featuredmedia":[{"embeddable":true,"href":"https:\/\/www.minihorse.eu\/fr\/wp-json\/wp\/v2\/media\/3326"}],"wp:attachment":[{"href":"https:\/\/www.minihorse.eu\/fr\/wp-json\/wp\/v2\/media?parent=4741"}],"wp:term":[{"taxonomy":"product_brand","embeddable":true,"href":"https:\/\/www.minihorse.eu\/fr\/wp-json\/wp\/v2\/product_brand?post=4741"},{"taxonomy":"product_cat","embeddable":true,"href":"https:\/\/www.minihorse.eu\/fr\/wp-json\/wp\/v2\/product_cat?post=4741"},{"taxonomy":"product_tag","embeddable":true,"href":"https:\/\/www.minihorse.eu\/fr\/wp-json\/wp\/v2\/product_tag?post=4741"}],"curies":[{"name":"wp","href":"https:\/\/api.w.org\/{rel}","templated":true}]}}