{"id":4935,"date":"2025-02-25T22:02:16","date_gmt":"2025-02-25T22:02:16","guid":{"rendered":"https:\/\/horselandshop.com\/?post_type=product&#038;p=4935"},"modified":"2025-11-26T19:35:56","modified_gmt":"2025-11-26T19:35:56","slug":"couverture-en-polaire-rouge-copy-copy-3","status":"publish","type":"product","link":"https:\/\/www.minihorse.eu\/fr\/produit\/couverture-en-polaire-rouge-copy-copy-3\/","title":{"rendered":"Chemise polaire avec cou Etoiles"},"content":{"rendered":"<p><strong>Chemise en polaire douce et confortable<\/strong> <strong>avec cou<\/strong> pour un cheval miniature en polaire douce<strong> avec une belle impression d&rsquo;\u00e9toiles. <\/strong>La couverture est parfaite pour garder le cheval au chaud apr\u00e8s l&rsquo;entra\u00eenement, pendant le transport ou dans l&rsquo;\u00e9curie.<br \/>\nLa couverture aide \u00e0 \u00e9vacuer la transpiration et l&rsquo;humidit\u00e9, permettant au cheval de s\u00e9cher plus rapidement sans se refroidir.<\/p>\n<ul>\n<li><span style=\"color: #333333; font-size: 14.4px;\">Ligne de dos pr\u00e9form\u00e9e anatomiquement pour s&rsquo;adapter parfaitement au cheval, sans frottement ni d\u00e9calage.<\/span><\/li>\n<li>Double fermeture du poitrail et du cou avec deux boucles,<\/li>\n<li>Fourrure de protection sur l\u2019encolure,<\/li>\n<li>Sursangles crois\u00e9es avec stop en caoutchouc,<\/li>\n<li>Protection de la queue et cuissardes<\/li>\n<\/ul>\n<p>Disponible en <strong>bleu fonc\u00e9 avec des \u00e9toiles rouges et en noir avec des \u00e9toiles blanches.<\/strong><\/p>\n","protected":false},"excerpt":{"rendered":"<p><strong>Chemise en polaire <\/strong>douce et confortable <strong>avec cou <\/strong>pour un cheval miniature en polaire douce avec une belle impression d&rsquo;\u00e9toiles. La couverture est parfaite pour garder le cheval au chaud apr\u00e8s l&rsquo;entra\u00eenement, pendant le transport ou dans l&rsquo;\u00e9curie.<br \/>\nLa couverture aide \u00e0 \u00e9vacuer la transpiration et l&rsquo;humidit\u00e9, permettant au cheval de s\u00e9cher plus rapidement sans se refroidir. <\/p>\n<p>Disponible en bleu fonc\u00e9 avec des \u00e9toiles rouges et en noir avec des \u00e9toiles blanches.<\/p>\n<p>&nbsp;<\/p>\n","protected":false},"featured_media":4962,"comment_status":"open","ping_status":"closed","template":"","meta":[],"product_brand":[],"product_cat":[187,205,424],"product_tag":[291,736],"class_list":{"0":"post-4935","1":"product","2":"type-product","3":"status-publish","4":"has-post-thumbnail","6":"product_cat-chevaux-miniatures","7":"product_cat-couvertures","8":"product_cat-couvertures-en-polaire","9":"product_tag-couverture","10":"product_tag-couverture-polaire","12":"first","13":"instock","14":"taxable","15":"shipping-taxable","16":"purchasable","17":"product-type-variable"},"yoast_head":"<!-- This site is optimized with the Yoast SEO plugin v27.6 - https:\/\/yoast.com\/product\/yoast-seo-wordpress\/ -->\n<title>Chemise polaire avec cou Etoiles - Minihorse.eu<\/title>\n<meta name=\"robots\" content=\"index, follow, max-snippet:-1, max-image-preview:large, max-video-preview:-1\" \/>\n<link rel=\"canonical\" href=\"https:\/\/www.minihorse.eu\/produit\/fleece-blanket-with-neck-stars\/\" \/>\n<meta property=\"og:locale\" content=\"fr_FR\" \/>\n<meta property=\"og:type\" content=\"article\" \/>\n<meta property=\"og:title\" content=\"Chemise polaire avec cou Etoiles - Minihorse.eu\" \/>\n<meta property=\"og:description\" content=\"Chemise en polaire douce et confortable avec cou pour un cheval miniature en polaire douce avec une belle impression d&#039;\u00e9toiles. La couverture est parfaite pour garder le cheval au chaud apr\u00e8s l&#039;entra\u00eenement, pendant le transport ou dans l&#039;\u00e9curie. La couverture aide \u00e0 \u00e9vacuer la transpiration et l&#039;humidit\u00e9, permettant au cheval de s\u00e9cher plus rapidement sans se refroidir.  Disponible en bleu fonc\u00e9 avec des \u00e9toiles rouges et en noir avec des \u00e9toiles blanches. &nbsp;\" \/>\n<meta property=\"og:url\" content=\"https:\/\/www.minihorse.eu\/produit\/fleece-blanket-with-neck-stars\/\" \/>\n<meta property=\"og:site_name\" content=\"Minihorse.eu\" \/>\n<meta property=\"article:publisher\" content=\"https:\/\/www.facebook.com\/profile.php?id=100063487117479\" \/>\n<meta property=\"article:modified_time\" content=\"2025-11-26T19:35:56+00:00\" \/>\n<meta property=\"og:image\" content=\"https:\/\/www.minihorse.eu\/wp-content\/uploads\/2025\/02\/Fleece-rug-blue-red-stars.jpg\" \/>\n\t<meta property=\"og:image:width\" content=\"800\" \/>\n\t<meta property=\"og:image:height\" content=\"600\" \/>\n\t<meta property=\"og:image:type\" content=\"image\/jpeg\" \/>\n<meta name=\"twitter:card\" content=\"summary_large_image\" \/>\n<meta name=\"twitter:label1\" content=\"Dur\u00e9e de lecture estim\u00e9e\" \/>\n\t<meta name=\"twitter:data1\" content=\"1 minute\" \/>\n<script type=\"application\/ld+json\" class=\"yoast-schema-graph\">{\"@context\":\"https:\\\/\\\/schema.org\",\"@graph\":[{\"@type\":\"WebPage\",\"@id\":\"https:\\\/\\\/www.minihorse.eu\\\/produit\\\/fleece-blanket-with-neck-stars\\\/\",\"url\":\"https:\\\/\\\/www.minihorse.eu\\\/produit\\\/fleece-blanket-with-neck-stars\\\/\",\"name\":\"Chemise polaire avec cou Etoiles - Minihorse.eu\",\"isPartOf\":{\"@id\":\"https:\\\/\\\/www.minihorse.eu\\\/#website\"},\"primaryImageOfPage\":{\"@id\":\"https:\\\/\\\/www.minihorse.eu\\\/produit\\\/fleece-blanket-with-neck-stars\\\/#primaryimage\"},\"image\":{\"@id\":\"https:\\\/\\\/www.minihorse.eu\\\/produit\\\/fleece-blanket-with-neck-stars\\\/#primaryimage\"},\"thumbnailUrl\":\"https:\\\/\\\/www.minihorse.eu\\\/wp-content\\\/uploads\\\/2025\\\/02\\\/Fleece-rug-blue-red-stars.jpg\",\"datePublished\":\"2025-02-25T22:02:16+00:00\",\"dateModified\":\"2025-11-26T19:35:56+00:00\",\"breadcrumb\":{\"@id\":\"https:\\\/\\\/www.minihorse.eu\\\/produit\\\/fleece-blanket-with-neck-stars\\\/#breadcrumb\"},\"inLanguage\":\"fr-FR\",\"potentialAction\":[{\"@type\":\"ReadAction\",\"target\":[\"https:\\\/\\\/www.minihorse.eu\\\/produit\\\/fleece-blanket-with-neck-stars\\\/\"]}]},{\"@type\":\"ImageObject\",\"inLanguage\":\"fr-FR\",\"@id\":\"https:\\\/\\\/www.minihorse.eu\\\/produit\\\/fleece-blanket-with-neck-stars\\\/#primaryimage\",\"url\":\"https:\\\/\\\/www.minihorse.eu\\\/wp-content\\\/uploads\\\/2025\\\/02\\\/Fleece-rug-blue-red-stars.jpg\",\"contentUrl\":\"https:\\\/\\\/www.minihorse.eu\\\/wp-content\\\/uploads\\\/2025\\\/02\\\/Fleece-rug-blue-red-stars.jpg\",\"width\":800,\"height\":600},{\"@type\":\"BreadcrumbList\",\"@id\":\"https:\\\/\\\/www.minihorse.eu\\\/produit\\\/fleece-blanket-with-neck-stars\\\/#breadcrumb\",\"itemListElement\":[{\"@type\":\"ListItem\",\"position\":1,\"name\":\"Home\",\"item\":\"https:\\\/\\\/www.minihorse.eu\\\/fr\\\/accueil\\\/\"},{\"@type\":\"ListItem\",\"position\":2,\"name\":\"Boutique\",\"item\":\"https:\\\/\\\/www.minihorse.eu\\\/fr\\\/boutique\\\/\"},{\"@type\":\"ListItem\",\"position\":3,\"name\":\"Chemise polaire avec cou Etoiles\"}]},{\"@type\":\"WebSite\",\"@id\":\"https:\\\/\\\/www.minihorse.eu\\\/#website\",\"url\":\"https:\\\/\\\/www.minihorse.eu\\\/\",\"name\":\"Minihorse.eu\",\"description\":\"The #1 store for Miniature Horses\",\"publisher\":{\"@id\":\"https:\\\/\\\/www.minihorse.eu\\\/#organization\"},\"potentialAction\":[{\"@type\":\"SearchAction\",\"target\":{\"@type\":\"EntryPoint\",\"urlTemplate\":\"https:\\\/\\\/www.minihorse.eu\\\/?s={search_term_string}\"},\"query-input\":{\"@type\":\"PropertyValueSpecification\",\"valueRequired\":true,\"valueName\":\"search_term_string\"}}],\"inLanguage\":\"fr-FR\"},{\"@type\":\"Organization\",\"@id\":\"https:\\\/\\\/www.minihorse.eu\\\/#organization\",\"name\":\"Minihorse.eu\",\"url\":\"https:\\\/\\\/www.minihorse.eu\\\/\",\"logo\":{\"@type\":\"ImageObject\",\"inLanguage\":\"fr-FR\",\"@id\":\"https:\\\/\\\/www.minihorse.eu\\\/#\\\/schema\\\/logo\\\/image\\\/\",\"url\":\"https:\\\/\\\/www.minihorse.eu\\\/wp-content\\\/uploads\\\/2024\\\/08\\\/Logo-minihorse-ext.png\",\"contentUrl\":\"https:\\\/\\\/www.minihorse.eu\\\/wp-content\\\/uploads\\\/2024\\\/08\\\/Logo-minihorse-ext.png\",\"width\":500,\"height\":500,\"caption\":\"Minihorse.eu\"},\"image\":{\"@id\":\"https:\\\/\\\/www.minihorse.eu\\\/#\\\/schema\\\/logo\\\/image\\\/\"},\"sameAs\":[\"https:\\\/\\\/www.facebook.com\\\/profile.php?id=100063487117479\"]}]}<\/script>\n<!-- \/ Yoast SEO plugin. -->","yoast_head_json":{"title":"Chemise polaire avec cou Etoiles - Minihorse.eu","robots":{"index":"index","follow":"follow","max-snippet":"max-snippet:-1","max-image-preview":"max-image-preview:large","max-video-preview":"max-video-preview:-1"},"canonical":"https:\/\/www.minihorse.eu\/produit\/fleece-blanket-with-neck-stars\/","og_locale":"fr_FR","og_type":"article","og_title":"Chemise polaire avec cou Etoiles - Minihorse.eu","og_description":"Chemise en polaire douce et confortable avec cou pour un cheval miniature en polaire douce avec une belle impression d'\u00e9toiles. La couverture est parfaite pour garder le cheval au chaud apr\u00e8s l'entra\u00eenement, pendant le transport ou dans l'\u00e9curie. La couverture aide \u00e0 \u00e9vacuer la transpiration et l'humidit\u00e9, permettant au cheval de s\u00e9cher plus rapidement sans se refroidir.  Disponible en bleu fonc\u00e9 avec des \u00e9toiles rouges et en noir avec des \u00e9toiles blanches. &nbsp;","og_url":"https:\/\/www.minihorse.eu\/produit\/fleece-blanket-with-neck-stars\/","og_site_name":"Minihorse.eu","article_publisher":"https:\/\/www.facebook.com\/profile.php?id=100063487117479","article_modified_time":"2025-11-26T19:35:56+00:00","og_image":[{"width":800,"height":600,"url":"https:\/\/www.minihorse.eu\/wp-content\/uploads\/2025\/02\/Fleece-rug-blue-red-stars.jpg","type":"image\/jpeg"}],"twitter_card":"summary_large_image","twitter_misc":{"Dur\u00e9e de lecture estim\u00e9e":"1 minute"},"schema":{"@context":"https:\/\/schema.org","@graph":[{"@type":"WebPage","@id":"https:\/\/www.minihorse.eu\/produit\/fleece-blanket-with-neck-stars\/","url":"https:\/\/www.minihorse.eu\/produit\/fleece-blanket-with-neck-stars\/","name":"Chemise polaire avec cou Etoiles - Minihorse.eu","isPartOf":{"@id":"https:\/\/www.minihorse.eu\/#website"},"primaryImageOfPage":{"@id":"https:\/\/www.minihorse.eu\/produit\/fleece-blanket-with-neck-stars\/#primaryimage"},"image":{"@id":"https:\/\/www.minihorse.eu\/produit\/fleece-blanket-with-neck-stars\/#primaryimage"},"thumbnailUrl":"https:\/\/www.minihorse.eu\/wp-content\/uploads\/2025\/02\/Fleece-rug-blue-red-stars.jpg","datePublished":"2025-02-25T22:02:16+00:00","dateModified":"2025-11-26T19:35:56+00:00","breadcrumb":{"@id":"https:\/\/www.minihorse.eu\/produit\/fleece-blanket-with-neck-stars\/#breadcrumb"},"inLanguage":"fr-FR","potentialAction":[{"@type":"ReadAction","target":["https:\/\/www.minihorse.eu\/produit\/fleece-blanket-with-neck-stars\/"]}]},{"@type":"ImageObject","inLanguage":"fr-FR","@id":"https:\/\/www.minihorse.eu\/produit\/fleece-blanket-with-neck-stars\/#primaryimage","url":"https:\/\/www.minihorse.eu\/wp-content\/uploads\/2025\/02\/Fleece-rug-blue-red-stars.jpg","contentUrl":"https:\/\/www.minihorse.eu\/wp-content\/uploads\/2025\/02\/Fleece-rug-blue-red-stars.jpg","width":800,"height":600},{"@type":"BreadcrumbList","@id":"https:\/\/www.minihorse.eu\/produit\/fleece-blanket-with-neck-stars\/#breadcrumb","itemListElement":[{"@type":"ListItem","position":1,"name":"Home","item":"https:\/\/www.minihorse.eu\/fr\/accueil\/"},{"@type":"ListItem","position":2,"name":"Boutique","item":"https:\/\/www.minihorse.eu\/fr\/boutique\/"},{"@type":"ListItem","position":3,"name":"Chemise polaire avec cou Etoiles"}]},{"@type":"WebSite","@id":"https:\/\/www.minihorse.eu\/#website","url":"https:\/\/www.minihorse.eu\/","name":"Minihorse.eu","description":"The #1 store for Miniature Horses","publisher":{"@id":"https:\/\/www.minihorse.eu\/#organization"},"potentialAction":[{"@type":"SearchAction","target":{"@type":"EntryPoint","urlTemplate":"https:\/\/www.minihorse.eu\/?s={search_term_string}"},"query-input":{"@type":"PropertyValueSpecification","valueRequired":true,"valueName":"search_term_string"}}],"inLanguage":"fr-FR"},{"@type":"Organization","@id":"https:\/\/www.minihorse.eu\/#organization","name":"Minihorse.eu","url":"https:\/\/www.minihorse.eu\/","logo":{"@type":"ImageObject","inLanguage":"fr-FR","@id":"https:\/\/www.minihorse.eu\/#\/schema\/logo\/image\/","url":"https:\/\/www.minihorse.eu\/wp-content\/uploads\/2024\/08\/Logo-minihorse-ext.png","contentUrl":"https:\/\/www.minihorse.eu\/wp-content\/uploads\/2024\/08\/Logo-minihorse-ext.png","width":500,"height":500,"caption":"Minihorse.eu"},"image":{"@id":"https:\/\/www.minihorse.eu\/#\/schema\/logo\/image\/"},"sameAs":["https:\/\/www.facebook.com\/profile.php?id=100063487117479"]}]}},"jetpack_sharing_enabled":true,"_links":{"self":[{"href":"https:\/\/www.minihorse.eu\/fr\/wp-json\/wp\/v2\/product\/4935","targetHints":{"allow":["GET"]}}],"collection":[{"href":"https:\/\/www.minihorse.eu\/fr\/wp-json\/wp\/v2\/product"}],"about":[{"href":"https:\/\/www.minihorse.eu\/fr\/wp-json\/wp\/v2\/types\/product"}],"replies":[{"embeddable":true,"href":"https:\/\/www.minihorse.eu\/fr\/wp-json\/wp\/v2\/comments?post=4935"}],"wp:featuredmedia":[{"embeddable":true,"href":"https:\/\/www.minihorse.eu\/fr\/wp-json\/wp\/v2\/media\/4962"}],"wp:attachment":[{"href":"https:\/\/www.minihorse.eu\/fr\/wp-json\/wp\/v2\/media?parent=4935"}],"wp:term":[{"taxonomy":"product_brand","embeddable":true,"href":"https:\/\/www.minihorse.eu\/fr\/wp-json\/wp\/v2\/product_brand?post=4935"},{"taxonomy":"product_cat","embeddable":true,"href":"https:\/\/www.minihorse.eu\/fr\/wp-json\/wp\/v2\/product_cat?post=4935"},{"taxonomy":"product_tag","embeddable":true,"href":"https:\/\/www.minihorse.eu\/fr\/wp-json\/wp\/v2\/product_tag?post=4935"}],"curies":[{"name":"wp","href":"https:\/\/api.w.org\/{rel}","templated":true}]}}