{"id":5552,"date":"2025-02-28T11:35:18","date_gmt":"2025-02-28T11:35:18","guid":{"rendered":"https:\/\/horselandshop.com\/?post_type=product&#038;p=5552"},"modified":"2025-03-21T08:25:48","modified_gmt":"2025-03-21T08:25:48","slug":"couverture-ete-en-coton-cou-fixe-couleur","status":"publish","type":"product","link":"https:\/\/www.minihorse.eu\/fr\/produit\/couverture-ete-en-coton-cou-fixe-couleur\/","title":{"rendered":"Couverture d&rsquo;\u00e9t\u00e9 en coton avec cou fixe Couleur"},"content":{"rendered":"<p><strong>La couverture d&rsquo;\u00e9t\u00e9 100% coton avec cou fixe<\/strong> est id\u00e9ale pour les journ\u00e9es chaudes et offre une l\u00e9g\u00e8re protection contre la salet\u00e9, la poussi\u00e8re et les insectes. Le coton est respirant et doux pour la peau du cheval, ce qui lui permet de rester \u00e0 l&rsquo;aise sans surchauffe.<\/p>\n<ul>\n<li><span style=\"color: #333333; font-size: 14.4px;\">La ligne de dos pr\u00e9form\u00e9e anatomiquement s\u2019adapte bien au cheval, <\/span><\/li>\n<li>Double fermeture du poitrail et du cou avec deux boucles,<\/li>\n<li>Fourrure de protection sur l\u2019encolure,<\/li>\n<li>Pli d\u2019\u00e9paule,<\/li>\n<li>Sursangles crois\u00e9es avec stop en caoutchouc,<\/li>\n<li>Protection de la queue et cuissardes.<\/li>\n<\/ul>\n","protected":false},"excerpt":{"rendered":"<p><strong>La couverture d&rsquo;\u00e9t\u00e9 100% coton avec cou fixe<\/strong> est id\u00e9ale pour les journ\u00e9es chaudes et offre une l\u00e9g\u00e8re protection contre la salet\u00e9, la poussi\u00e8re et les insectes. Le coton est respirant et doux pour la peau du cheval, ce qui lui permet de rester \u00e0 l&rsquo;aise sans surchauffe.<\/p>\n","protected":false},"featured_media":5448,"comment_status":"open","ping_status":"closed","template":"","meta":[],"product_brand":[],"product_cat":[187,205,427],"product_tag":[836,837,731,739],"class_list":{"0":"post-5552","1":"product","2":"type-product","3":"status-publish","4":"has-post-thumbnail","6":"product_cat-chevaux-miniatures","7":"product_cat-couvertures","8":"product_cat-couvertures-dete","9":"product_tag-couverture-dete","10":"product_tag-couverture-dete-en-coton","11":"product_tag-couverture-en-coton","12":"product_tag-couverture-polaire-fr","14":"first","15":"instock","16":"sale","17":"taxable","18":"shipping-taxable","19":"purchasable","20":"product-type-variable"},"yoast_head":"<!-- This site is optimized with the Yoast SEO plugin v27.5 - https:\/\/yoast.com\/product\/yoast-seo-wordpress\/ -->\n<title>Couverture d&#039;\u00e9t\u00e9 en coton avec cou fixe Couleur - Minihorse.eu<\/title>\n<meta name=\"robots\" content=\"index, follow, max-snippet:-1, max-image-preview:large, max-video-preview:-1\" \/>\n<link rel=\"canonical\" href=\"https:\/\/www.minihorse.eu\/produit\/summer-blanket-fixed-neck-colour\/\" \/>\n<meta property=\"og:locale\" content=\"fr_FR\" \/>\n<meta property=\"og:type\" content=\"article\" \/>\n<meta property=\"og:title\" content=\"Couverture d&#039;\u00e9t\u00e9 en coton avec cou fixe Couleur - Minihorse.eu\" \/>\n<meta property=\"og:description\" content=\"La couverture d&#039;\u00e9t\u00e9 100% coton avec cou fixe est id\u00e9ale pour les journ\u00e9es chaudes et offre une l\u00e9g\u00e8re protection contre la salet\u00e9, la poussi\u00e8re et les insectes. Le coton est respirant et doux pour la peau du cheval, ce qui lui permet de rester \u00e0 l&#039;aise sans surchauffe.\" \/>\n<meta property=\"og:url\" content=\"https:\/\/www.minihorse.eu\/produit\/summer-blanket-fixed-neck-colour\/\" \/>\n<meta property=\"og:site_name\" content=\"Minihorse.eu\" \/>\n<meta property=\"article:publisher\" content=\"https:\/\/www.facebook.com\/profile.php?id=100063487117479\" \/>\n<meta property=\"article:modified_time\" content=\"2025-03-21T08:25:48+00:00\" \/>\n<meta property=\"og:image\" content=\"https:\/\/www.minihorse.eu\/wp-content\/uploads\/2025\/02\/Summer-cotton-rug-nrck-dark-blue-grey-ribbon.jpg\" \/>\n\t<meta property=\"og:image:width\" content=\"800\" \/>\n\t<meta property=\"og:image:height\" content=\"600\" \/>\n\t<meta property=\"og:image:type\" content=\"image\/jpeg\" \/>\n<meta name=\"twitter:card\" content=\"summary_large_image\" \/>\n<script type=\"application\/ld+json\" class=\"yoast-schema-graph\">{\"@context\":\"https:\\\/\\\/schema.org\",\"@graph\":[{\"@type\":\"WebPage\",\"@id\":\"https:\\\/\\\/www.minihorse.eu\\\/produit\\\/summer-blanket-fixed-neck-colour\\\/\",\"url\":\"https:\\\/\\\/www.minihorse.eu\\\/produit\\\/summer-blanket-fixed-neck-colour\\\/\",\"name\":\"Couverture d'\u00e9t\u00e9 en coton avec cou fixe Couleur - Minihorse.eu\",\"isPartOf\":{\"@id\":\"https:\\\/\\\/www.minihorse.eu\\\/#website\"},\"primaryImageOfPage\":{\"@id\":\"https:\\\/\\\/www.minihorse.eu\\\/produit\\\/summer-blanket-fixed-neck-colour\\\/#primaryimage\"},\"image\":{\"@id\":\"https:\\\/\\\/www.minihorse.eu\\\/produit\\\/summer-blanket-fixed-neck-colour\\\/#primaryimage\"},\"thumbnailUrl\":\"https:\\\/\\\/www.minihorse.eu\\\/wp-content\\\/uploads\\\/2025\\\/02\\\/Summer-cotton-rug-nrck-dark-blue-grey-ribbon.jpg\",\"datePublished\":\"2025-02-28T11:35:18+00:00\",\"dateModified\":\"2025-03-21T08:25:48+00:00\",\"breadcrumb\":{\"@id\":\"https:\\\/\\\/www.minihorse.eu\\\/produit\\\/summer-blanket-fixed-neck-colour\\\/#breadcrumb\"},\"inLanguage\":\"fr-FR\",\"potentialAction\":[{\"@type\":\"ReadAction\",\"target\":[\"https:\\\/\\\/www.minihorse.eu\\\/produit\\\/summer-blanket-fixed-neck-colour\\\/\"]}]},{\"@type\":\"ImageObject\",\"inLanguage\":\"fr-FR\",\"@id\":\"https:\\\/\\\/www.minihorse.eu\\\/produit\\\/summer-blanket-fixed-neck-colour\\\/#primaryimage\",\"url\":\"https:\\\/\\\/www.minihorse.eu\\\/wp-content\\\/uploads\\\/2025\\\/02\\\/Summer-cotton-rug-nrck-dark-blue-grey-ribbon.jpg\",\"contentUrl\":\"https:\\\/\\\/www.minihorse.eu\\\/wp-content\\\/uploads\\\/2025\\\/02\\\/Summer-cotton-rug-nrck-dark-blue-grey-ribbon.jpg\",\"width\":800,\"height\":600},{\"@type\":\"BreadcrumbList\",\"@id\":\"https:\\\/\\\/www.minihorse.eu\\\/produit\\\/summer-blanket-fixed-neck-colour\\\/#breadcrumb\",\"itemListElement\":[{\"@type\":\"ListItem\",\"position\":1,\"name\":\"Home\",\"item\":\"https:\\\/\\\/www.minihorse.eu\\\/fr\\\/accueil\\\/\"},{\"@type\":\"ListItem\",\"position\":2,\"name\":\"Boutique\",\"item\":\"https:\\\/\\\/www.minihorse.eu\\\/fr\\\/boutique\\\/\"},{\"@type\":\"ListItem\",\"position\":3,\"name\":\"Couverture d&#8217;\u00e9t\u00e9 en coton avec cou fixe Couleur\"}]},{\"@type\":\"WebSite\",\"@id\":\"https:\\\/\\\/www.minihorse.eu\\\/#website\",\"url\":\"https:\\\/\\\/www.minihorse.eu\\\/\",\"name\":\"Minihorse.eu\",\"description\":\"The #1 store for Miniature Horses\",\"publisher\":{\"@id\":\"https:\\\/\\\/www.minihorse.eu\\\/#organization\"},\"potentialAction\":[{\"@type\":\"SearchAction\",\"target\":{\"@type\":\"EntryPoint\",\"urlTemplate\":\"https:\\\/\\\/www.minihorse.eu\\\/?s={search_term_string}\"},\"query-input\":{\"@type\":\"PropertyValueSpecification\",\"valueRequired\":true,\"valueName\":\"search_term_string\"}}],\"inLanguage\":\"fr-FR\"},{\"@type\":\"Organization\",\"@id\":\"https:\\\/\\\/www.minihorse.eu\\\/#organization\",\"name\":\"Minihorse.eu\",\"url\":\"https:\\\/\\\/www.minihorse.eu\\\/\",\"logo\":{\"@type\":\"ImageObject\",\"inLanguage\":\"fr-FR\",\"@id\":\"https:\\\/\\\/www.minihorse.eu\\\/#\\\/schema\\\/logo\\\/image\\\/\",\"url\":\"https:\\\/\\\/www.minihorse.eu\\\/wp-content\\\/uploads\\\/2024\\\/08\\\/Logo-minihorse-ext.png\",\"contentUrl\":\"https:\\\/\\\/www.minihorse.eu\\\/wp-content\\\/uploads\\\/2024\\\/08\\\/Logo-minihorse-ext.png\",\"width\":500,\"height\":500,\"caption\":\"Minihorse.eu\"},\"image\":{\"@id\":\"https:\\\/\\\/www.minihorse.eu\\\/#\\\/schema\\\/logo\\\/image\\\/\"},\"sameAs\":[\"https:\\\/\\\/www.facebook.com\\\/profile.php?id=100063487117479\"]}]}<\/script>\n<!-- \/ Yoast SEO plugin. -->","yoast_head_json":{"title":"Couverture d'\u00e9t\u00e9 en coton avec cou fixe Couleur - Minihorse.eu","robots":{"index":"index","follow":"follow","max-snippet":"max-snippet:-1","max-image-preview":"max-image-preview:large","max-video-preview":"max-video-preview:-1"},"canonical":"https:\/\/www.minihorse.eu\/produit\/summer-blanket-fixed-neck-colour\/","og_locale":"fr_FR","og_type":"article","og_title":"Couverture d'\u00e9t\u00e9 en coton avec cou fixe Couleur - Minihorse.eu","og_description":"La couverture d'\u00e9t\u00e9 100% coton avec cou fixe est id\u00e9ale pour les journ\u00e9es chaudes et offre une l\u00e9g\u00e8re protection contre la salet\u00e9, la poussi\u00e8re et les insectes. Le coton est respirant et doux pour la peau du cheval, ce qui lui permet de rester \u00e0 l'aise sans surchauffe.","og_url":"https:\/\/www.minihorse.eu\/produit\/summer-blanket-fixed-neck-colour\/","og_site_name":"Minihorse.eu","article_publisher":"https:\/\/www.facebook.com\/profile.php?id=100063487117479","article_modified_time":"2025-03-21T08:25:48+00:00","og_image":[{"width":800,"height":600,"url":"https:\/\/www.minihorse.eu\/wp-content\/uploads\/2025\/02\/Summer-cotton-rug-nrck-dark-blue-grey-ribbon.jpg","type":"image\/jpeg"}],"twitter_card":"summary_large_image","schema":{"@context":"https:\/\/schema.org","@graph":[{"@type":"WebPage","@id":"https:\/\/www.minihorse.eu\/produit\/summer-blanket-fixed-neck-colour\/","url":"https:\/\/www.minihorse.eu\/produit\/summer-blanket-fixed-neck-colour\/","name":"Couverture d'\u00e9t\u00e9 en coton avec cou fixe Couleur - Minihorse.eu","isPartOf":{"@id":"https:\/\/www.minihorse.eu\/#website"},"primaryImageOfPage":{"@id":"https:\/\/www.minihorse.eu\/produit\/summer-blanket-fixed-neck-colour\/#primaryimage"},"image":{"@id":"https:\/\/www.minihorse.eu\/produit\/summer-blanket-fixed-neck-colour\/#primaryimage"},"thumbnailUrl":"https:\/\/www.minihorse.eu\/wp-content\/uploads\/2025\/02\/Summer-cotton-rug-nrck-dark-blue-grey-ribbon.jpg","datePublished":"2025-02-28T11:35:18+00:00","dateModified":"2025-03-21T08:25:48+00:00","breadcrumb":{"@id":"https:\/\/www.minihorse.eu\/produit\/summer-blanket-fixed-neck-colour\/#breadcrumb"},"inLanguage":"fr-FR","potentialAction":[{"@type":"ReadAction","target":["https:\/\/www.minihorse.eu\/produit\/summer-blanket-fixed-neck-colour\/"]}]},{"@type":"ImageObject","inLanguage":"fr-FR","@id":"https:\/\/www.minihorse.eu\/produit\/summer-blanket-fixed-neck-colour\/#primaryimage","url":"https:\/\/www.minihorse.eu\/wp-content\/uploads\/2025\/02\/Summer-cotton-rug-nrck-dark-blue-grey-ribbon.jpg","contentUrl":"https:\/\/www.minihorse.eu\/wp-content\/uploads\/2025\/02\/Summer-cotton-rug-nrck-dark-blue-grey-ribbon.jpg","width":800,"height":600},{"@type":"BreadcrumbList","@id":"https:\/\/www.minihorse.eu\/produit\/summer-blanket-fixed-neck-colour\/#breadcrumb","itemListElement":[{"@type":"ListItem","position":1,"name":"Home","item":"https:\/\/www.minihorse.eu\/fr\/accueil\/"},{"@type":"ListItem","position":2,"name":"Boutique","item":"https:\/\/www.minihorse.eu\/fr\/boutique\/"},{"@type":"ListItem","position":3,"name":"Couverture d&#8217;\u00e9t\u00e9 en coton avec cou fixe Couleur"}]},{"@type":"WebSite","@id":"https:\/\/www.minihorse.eu\/#website","url":"https:\/\/www.minihorse.eu\/","name":"Minihorse.eu","description":"The #1 store for Miniature Horses","publisher":{"@id":"https:\/\/www.minihorse.eu\/#organization"},"potentialAction":[{"@type":"SearchAction","target":{"@type":"EntryPoint","urlTemplate":"https:\/\/www.minihorse.eu\/?s={search_term_string}"},"query-input":{"@type":"PropertyValueSpecification","valueRequired":true,"valueName":"search_term_string"}}],"inLanguage":"fr-FR"},{"@type":"Organization","@id":"https:\/\/www.minihorse.eu\/#organization","name":"Minihorse.eu","url":"https:\/\/www.minihorse.eu\/","logo":{"@type":"ImageObject","inLanguage":"fr-FR","@id":"https:\/\/www.minihorse.eu\/#\/schema\/logo\/image\/","url":"https:\/\/www.minihorse.eu\/wp-content\/uploads\/2024\/08\/Logo-minihorse-ext.png","contentUrl":"https:\/\/www.minihorse.eu\/wp-content\/uploads\/2024\/08\/Logo-minihorse-ext.png","width":500,"height":500,"caption":"Minihorse.eu"},"image":{"@id":"https:\/\/www.minihorse.eu\/#\/schema\/logo\/image\/"},"sameAs":["https:\/\/www.facebook.com\/profile.php?id=100063487117479"]}]}},"jetpack_sharing_enabled":true,"_links":{"self":[{"href":"https:\/\/www.minihorse.eu\/fr\/wp-json\/wp\/v2\/product\/5552","targetHints":{"allow":["GET"]}}],"collection":[{"href":"https:\/\/www.minihorse.eu\/fr\/wp-json\/wp\/v2\/product"}],"about":[{"href":"https:\/\/www.minihorse.eu\/fr\/wp-json\/wp\/v2\/types\/product"}],"replies":[{"embeddable":true,"href":"https:\/\/www.minihorse.eu\/fr\/wp-json\/wp\/v2\/comments?post=5552"}],"wp:featuredmedia":[{"embeddable":true,"href":"https:\/\/www.minihorse.eu\/fr\/wp-json\/wp\/v2\/media\/5448"}],"wp:attachment":[{"href":"https:\/\/www.minihorse.eu\/fr\/wp-json\/wp\/v2\/media?parent=5552"}],"wp:term":[{"taxonomy":"product_brand","embeddable":true,"href":"https:\/\/www.minihorse.eu\/fr\/wp-json\/wp\/v2\/product_brand?post=5552"},{"taxonomy":"product_cat","embeddable":true,"href":"https:\/\/www.minihorse.eu\/fr\/wp-json\/wp\/v2\/product_cat?post=5552"},{"taxonomy":"product_tag","embeddable":true,"href":"https:\/\/www.minihorse.eu\/fr\/wp-json\/wp\/v2\/product_tag?post=5552"}],"curies":[{"name":"wp","href":"https:\/\/api.w.org\/{rel}","templated":true}]}}