{"id":7190,"date":"2025-03-07T22:02:04","date_gmt":"2025-03-07T22:02:04","guid":{"rendered":"https:\/\/horselandshop.com\/?post_type=product&#038;p=7190"},"modified":"2025-07-17T12:54:20","modified_gmt":"2025-07-17T12:54:20","slug":"shampooing-apres-shampooing-tout-en-un-equilibrant-de-couleur-equitone-noir-copy-copy","status":"publish","type":"product","link":"https:\/\/www.minihorse.eu\/fr\/produit\/shampooing-apres-shampooing-tout-en-un-equilibrant-de-couleur-equitone-noir-copy-copy\/","title":{"rendered":"Shampooing et apr\u00e8s-shampooing rehausseur de couleur EquiTone Gold All-in-One"},"content":{"rendered":"<p><strong>Shampooing et apr\u00e8s-shampooing rehaussant la couleur EquiTone Gold<\/strong> <span class=\"wixui-rich-text__text\">est un shampooing et un apr\u00e8s-shampooing haut de gamme en une seule \u00e9tape qui ajoute une couleur riche et brillante tout en nettoyant et en revitalisant. Il donne de l&rsquo;\u00e9clat et de la vitalit\u00e9 aux cheveux en leur conf\u00e9rant une couleur naturelle et une brillance \u00e9clatante. Il est indispensable pour rajeunir les cheveux ab\u00eem\u00e9s par le soleil ou tondus, tout en donnant de la dimension et des reflets aux pelages, crini\u00e8res et queues ternes et dess\u00e9ch\u00e9s. EquiTone enrichit la couleur naturelle du cheval.    <\/span><\/p>\n<p class=\"font_8 wixui-rich-text__text\"><span class=\"wixui-rich-text__text\">Le shampooing EquiTone est facile \u00e0 utiliser. Ajoutez le shampooing directement sur le pelage mouill\u00e9, faites-le p\u00e9n\u00e9trer en profondeur, laissez reposer pendant 10 minutes, puis rincez. Ne diluez pas le shampooing en l&rsquo;ajoutant \u00e0 un seau d&rsquo;eau.  <\/span><\/p>\n<p class=\"font_8 wixui-rich-text__text\"><span class=\"wixui-rich-text__text\">Utilisez EquiTone sur les pelages et les queues d\u00e9color\u00e9s par le soleil pour redonner de la couleur et de l&rsquo;\u00e9clat. Utilisez EquiTone sur les chevaux qui viennent d&rsquo;\u00eatre tondus. Il redonnera de la couleur aux pelages bai et alezan. Utilisez \u00e9galement le shampooing EquiTone chaque fois que le poil de votre cheval a besoin d&rsquo;un regain de couleur et de reflets chatoyants.   <\/span><\/p>\n<p class=\"font_8 wixui-rich-text__text\"><span class=\"wixui-rich-text__text\">Disponible en bouteilles de 946 ml<\/span><\/p>\n<p class=\"font_8 wixui-rich-text__text\"><span class=\"wixui-rich-text__text\">Le shampooing EquiTone Gold convient aux palominos et aux b<strong>uckskins.<\/strong><\/span><\/p>\n","protected":false},"excerpt":{"rendered":"<p><strong>Shampooing et apr\u00e8s-shampooing rehaussant la couleur EquiTone Gold<\/strong> <span class=\"wixui-rich-text__text\">est un shampooing et un apr\u00e8s-shampooing haut de gamme en une seule \u00e9tape qui ajoute une couleur riche et brillante tout en nettoyant et en revitalisant. Il donne de l&rsquo;\u00e9clat et de la vitalit\u00e9 aux cheveux en leur conf\u00e9rant une couleur naturelle et une brillance \u00e9clatante. Il est indispensable pour rajeunir les cheveux ab\u00eem\u00e9s par le soleil ou tondus, tout en donnant de la dimension et des reflets aux pelages, crini\u00e8res et queues ternes et dess\u00e9ch\u00e9s. EquiTone enrichit la couleur naturelle du cheval.    <\/span><\/p>\n<p class=\"font_8 wixui-rich-text__text\"><span class=\"wixui-rich-text__text\">Disponible en bouteille de 946 ml.<\/span><\/p>\n<p class=\"font_8 wixui-rich-text__text\"><span class=\"wixui-rich-text__text\">Le shampooing EquiTone Gold convient aux palominos et aux b<strong>uckskins.<\/strong><\/span><\/p>\n","protected":false},"featured_media":7206,"comment_status":"open","ping_status":"closed","template":"","meta":[],"product_brand":[],"product_cat":[210,180],"product_tag":[226,171],"class_list":{"0":"post-7190","1":"product","2":"type-product","3":"status-publish","4":"has-post-thumbnail","6":"product_cat-shapleys-fr","7":"product_cat-soins","8":"product_tag-shapley-fr","9":"product_tag-soins","11":"first","12":"instock","13":"sale","14":"taxable","15":"shipping-taxable","16":"purchasable","17":"product-type-simple"},"yoast_head":"<!-- This site is optimized with the Yoast SEO plugin v27.5 - https:\/\/yoast.com\/product\/yoast-seo-wordpress\/ -->\n<title>Shampooing et apr\u00e8s-shampooing rehausseur de couleur EquiTone Gold All-in-One - Minihorse.eu<\/title>\n<meta name=\"robots\" content=\"index, follow, max-snippet:-1, max-image-preview:large, max-video-preview:-1\" \/>\n<link rel=\"canonical\" href=\"https:\/\/www.minihorse.eu\/fr\/produit\/shampooing-apres-shampooing-tout-en-un-equilibrant-de-couleur-equitone-noir-copy-copy\/\" \/>\n<meta property=\"og:locale\" content=\"fr_FR\" \/>\n<meta property=\"og:type\" content=\"article\" \/>\n<meta property=\"og:title\" content=\"Shampooing et apr\u00e8s-shampooing rehausseur de couleur EquiTone Gold All-in-One - Minihorse.eu\" \/>\n<meta property=\"og:description\" content=\"Shampooing et apr\u00e8s-shampooing rehaussant la couleur EquiTone Gold est un shampooing et un apr\u00e8s-shampooing haut de gamme en une seule \u00e9tape qui ajoute une couleur riche et brillante tout en nettoyant et en revitalisant. Il donne de l&#039;\u00e9clat et de la vitalit\u00e9 aux cheveux en leur conf\u00e9rant une couleur naturelle et une brillance \u00e9clatante. Il est indispensable pour rajeunir les cheveux ab\u00eem\u00e9s par le soleil ou tondus, tout en donnant de la dimension et des reflets aux pelages, crini\u00e8res et queues ternes et dess\u00e9ch\u00e9s. EquiTone enrichit la couleur naturelle du cheval.   Disponible en bouteille de 946 ml. Le shampooing EquiTone Gold convient aux palominos et aux buckskins.\" \/>\n<meta property=\"og:url\" content=\"https:\/\/www.minihorse.eu\/fr\/produit\/shampooing-apres-shampooing-tout-en-un-equilibrant-de-couleur-equitone-noir-copy-copy\/\" \/>\n<meta property=\"og:site_name\" content=\"Minihorse.eu\" \/>\n<meta property=\"article:publisher\" content=\"https:\/\/www.facebook.com\/profile.php?id=100063487117479\" \/>\n<meta property=\"article:modified_time\" content=\"2025-07-17T12:54:20+00:00\" \/>\n<meta property=\"og:image\" content=\"https:\/\/www.minihorse.eu\/wp-content\/uploads\/2025\/03\/Schermafbeelding-2025-03-07-231305.png\" \/>\n\t<meta property=\"og:image:width\" content=\"309\" \/>\n\t<meta property=\"og:image:height\" content=\"571\" \/>\n\t<meta property=\"og:image:type\" content=\"image\/png\" \/>\n<meta name=\"twitter:card\" content=\"summary_large_image\" \/>\n<meta name=\"twitter:label1\" content=\"Dur\u00e9e de lecture estim\u00e9e\" \/>\n\t<meta name=\"twitter:data1\" content=\"1 minute\" \/>\n<script type=\"application\/ld+json\" class=\"yoast-schema-graph\">{\"@context\":\"https:\\\/\\\/schema.org\",\"@graph\":[{\"@type\":\"WebPage\",\"@id\":\"https:\\\/\\\/www.minihorse.eu\\\/fr\\\/produit\\\/shampooing-apres-shampooing-tout-en-un-equilibrant-de-couleur-equitone-noir-copy-copy\\\/\",\"url\":\"https:\\\/\\\/www.minihorse.eu\\\/fr\\\/produit\\\/shampooing-apres-shampooing-tout-en-un-equilibrant-de-couleur-equitone-noir-copy-copy\\\/\",\"name\":\"Shampooing et apr\u00e8s-shampooing rehausseur de couleur EquiTone Gold All-in-One - Minihorse.eu\",\"isPartOf\":{\"@id\":\"https:\\\/\\\/www.minihorse.eu\\\/#website\"},\"primaryImageOfPage\":{\"@id\":\"https:\\\/\\\/www.minihorse.eu\\\/fr\\\/produit\\\/shampooing-apres-shampooing-tout-en-un-equilibrant-de-couleur-equitone-noir-copy-copy\\\/#primaryimage\"},\"image\":{\"@id\":\"https:\\\/\\\/www.minihorse.eu\\\/fr\\\/produit\\\/shampooing-apres-shampooing-tout-en-un-equilibrant-de-couleur-equitone-noir-copy-copy\\\/#primaryimage\"},\"thumbnailUrl\":\"https:\\\/\\\/www.minihorse.eu\\\/wp-content\\\/uploads\\\/2025\\\/03\\\/Schermafbeelding-2025-03-07-231305.png\",\"datePublished\":\"2025-03-07T22:02:04+00:00\",\"dateModified\":\"2025-07-17T12:54:20+00:00\",\"breadcrumb\":{\"@id\":\"https:\\\/\\\/www.minihorse.eu\\\/fr\\\/produit\\\/shampooing-apres-shampooing-tout-en-un-equilibrant-de-couleur-equitone-noir-copy-copy\\\/#breadcrumb\"},\"inLanguage\":\"fr-FR\",\"potentialAction\":[{\"@type\":\"ReadAction\",\"target\":[\"https:\\\/\\\/www.minihorse.eu\\\/fr\\\/produit\\\/shampooing-apres-shampooing-tout-en-un-equilibrant-de-couleur-equitone-noir-copy-copy\\\/\"]}]},{\"@type\":\"ImageObject\",\"inLanguage\":\"fr-FR\",\"@id\":\"https:\\\/\\\/www.minihorse.eu\\\/fr\\\/produit\\\/shampooing-apres-shampooing-tout-en-un-equilibrant-de-couleur-equitone-noir-copy-copy\\\/#primaryimage\",\"url\":\"https:\\\/\\\/www.minihorse.eu\\\/wp-content\\\/uploads\\\/2025\\\/03\\\/Schermafbeelding-2025-03-07-231305.png\",\"contentUrl\":\"https:\\\/\\\/www.minihorse.eu\\\/wp-content\\\/uploads\\\/2025\\\/03\\\/Schermafbeelding-2025-03-07-231305.png\",\"width\":309,\"height\":571},{\"@type\":\"BreadcrumbList\",\"@id\":\"https:\\\/\\\/www.minihorse.eu\\\/fr\\\/produit\\\/shampooing-apres-shampooing-tout-en-un-equilibrant-de-couleur-equitone-noir-copy-copy\\\/#breadcrumb\",\"itemListElement\":[{\"@type\":\"ListItem\",\"position\":1,\"name\":\"Home\",\"item\":\"https:\\\/\\\/www.minihorse.eu\\\/fr\\\/accueil\\\/\"},{\"@type\":\"ListItem\",\"position\":2,\"name\":\"Boutique\",\"item\":\"https:\\\/\\\/www.minihorse.eu\\\/fr\\\/boutique\\\/\"},{\"@type\":\"ListItem\",\"position\":3,\"name\":\"Shampooing et apr\u00e8s-shampooing rehausseur de couleur EquiTone Gold All-in-One\"}]},{\"@type\":\"WebSite\",\"@id\":\"https:\\\/\\\/www.minihorse.eu\\\/#website\",\"url\":\"https:\\\/\\\/www.minihorse.eu\\\/\",\"name\":\"Minihorse.eu\",\"description\":\"The #1 store for Miniature Horses\",\"publisher\":{\"@id\":\"https:\\\/\\\/www.minihorse.eu\\\/#organization\"},\"potentialAction\":[{\"@type\":\"SearchAction\",\"target\":{\"@type\":\"EntryPoint\",\"urlTemplate\":\"https:\\\/\\\/www.minihorse.eu\\\/?s={search_term_string}\"},\"query-input\":{\"@type\":\"PropertyValueSpecification\",\"valueRequired\":true,\"valueName\":\"search_term_string\"}}],\"inLanguage\":\"fr-FR\"},{\"@type\":\"Organization\",\"@id\":\"https:\\\/\\\/www.minihorse.eu\\\/#organization\",\"name\":\"Minihorse.eu\",\"url\":\"https:\\\/\\\/www.minihorse.eu\\\/\",\"logo\":{\"@type\":\"ImageObject\",\"inLanguage\":\"fr-FR\",\"@id\":\"https:\\\/\\\/www.minihorse.eu\\\/#\\\/schema\\\/logo\\\/image\\\/\",\"url\":\"https:\\\/\\\/www.minihorse.eu\\\/wp-content\\\/uploads\\\/2024\\\/08\\\/Logo-minihorse-ext.png\",\"contentUrl\":\"https:\\\/\\\/www.minihorse.eu\\\/wp-content\\\/uploads\\\/2024\\\/08\\\/Logo-minihorse-ext.png\",\"width\":500,\"height\":500,\"caption\":\"Minihorse.eu\"},\"image\":{\"@id\":\"https:\\\/\\\/www.minihorse.eu\\\/#\\\/schema\\\/logo\\\/image\\\/\"},\"sameAs\":[\"https:\\\/\\\/www.facebook.com\\\/profile.php?id=100063487117479\"]}]}<\/script>\n<!-- \/ Yoast SEO plugin. -->","yoast_head_json":{"title":"Shampooing et apr\u00e8s-shampooing rehausseur de couleur EquiTone Gold All-in-One - Minihorse.eu","robots":{"index":"index","follow":"follow","max-snippet":"max-snippet:-1","max-image-preview":"max-image-preview:large","max-video-preview":"max-video-preview:-1"},"canonical":"https:\/\/www.minihorse.eu\/fr\/produit\/shampooing-apres-shampooing-tout-en-un-equilibrant-de-couleur-equitone-noir-copy-copy\/","og_locale":"fr_FR","og_type":"article","og_title":"Shampooing et apr\u00e8s-shampooing rehausseur de couleur EquiTone Gold All-in-One - Minihorse.eu","og_description":"Shampooing et apr\u00e8s-shampooing rehaussant la couleur EquiTone Gold est un shampooing et un apr\u00e8s-shampooing haut de gamme en une seule \u00e9tape qui ajoute une couleur riche et brillante tout en nettoyant et en revitalisant. Il donne de l'\u00e9clat et de la vitalit\u00e9 aux cheveux en leur conf\u00e9rant une couleur naturelle et une brillance \u00e9clatante. Il est indispensable pour rajeunir les cheveux ab\u00eem\u00e9s par le soleil ou tondus, tout en donnant de la dimension et des reflets aux pelages, crini\u00e8res et queues ternes et dess\u00e9ch\u00e9s. EquiTone enrichit la couleur naturelle du cheval.   Disponible en bouteille de 946 ml. Le shampooing EquiTone Gold convient aux palominos et aux buckskins.","og_url":"https:\/\/www.minihorse.eu\/fr\/produit\/shampooing-apres-shampooing-tout-en-un-equilibrant-de-couleur-equitone-noir-copy-copy\/","og_site_name":"Minihorse.eu","article_publisher":"https:\/\/www.facebook.com\/profile.php?id=100063487117479","article_modified_time":"2025-07-17T12:54:20+00:00","og_image":[{"width":309,"height":571,"url":"https:\/\/www.minihorse.eu\/wp-content\/uploads\/2025\/03\/Schermafbeelding-2025-03-07-231305.png","type":"image\/png"}],"twitter_card":"summary_large_image","twitter_misc":{"Dur\u00e9e de lecture estim\u00e9e":"1 minute"},"schema":{"@context":"https:\/\/schema.org","@graph":[{"@type":"WebPage","@id":"https:\/\/www.minihorse.eu\/fr\/produit\/shampooing-apres-shampooing-tout-en-un-equilibrant-de-couleur-equitone-noir-copy-copy\/","url":"https:\/\/www.minihorse.eu\/fr\/produit\/shampooing-apres-shampooing-tout-en-un-equilibrant-de-couleur-equitone-noir-copy-copy\/","name":"Shampooing et apr\u00e8s-shampooing rehausseur de couleur EquiTone Gold All-in-One - Minihorse.eu","isPartOf":{"@id":"https:\/\/www.minihorse.eu\/#website"},"primaryImageOfPage":{"@id":"https:\/\/www.minihorse.eu\/fr\/produit\/shampooing-apres-shampooing-tout-en-un-equilibrant-de-couleur-equitone-noir-copy-copy\/#primaryimage"},"image":{"@id":"https:\/\/www.minihorse.eu\/fr\/produit\/shampooing-apres-shampooing-tout-en-un-equilibrant-de-couleur-equitone-noir-copy-copy\/#primaryimage"},"thumbnailUrl":"https:\/\/www.minihorse.eu\/wp-content\/uploads\/2025\/03\/Schermafbeelding-2025-03-07-231305.png","datePublished":"2025-03-07T22:02:04+00:00","dateModified":"2025-07-17T12:54:20+00:00","breadcrumb":{"@id":"https:\/\/www.minihorse.eu\/fr\/produit\/shampooing-apres-shampooing-tout-en-un-equilibrant-de-couleur-equitone-noir-copy-copy\/#breadcrumb"},"inLanguage":"fr-FR","potentialAction":[{"@type":"ReadAction","target":["https:\/\/www.minihorse.eu\/fr\/produit\/shampooing-apres-shampooing-tout-en-un-equilibrant-de-couleur-equitone-noir-copy-copy\/"]}]},{"@type":"ImageObject","inLanguage":"fr-FR","@id":"https:\/\/www.minihorse.eu\/fr\/produit\/shampooing-apres-shampooing-tout-en-un-equilibrant-de-couleur-equitone-noir-copy-copy\/#primaryimage","url":"https:\/\/www.minihorse.eu\/wp-content\/uploads\/2025\/03\/Schermafbeelding-2025-03-07-231305.png","contentUrl":"https:\/\/www.minihorse.eu\/wp-content\/uploads\/2025\/03\/Schermafbeelding-2025-03-07-231305.png","width":309,"height":571},{"@type":"BreadcrumbList","@id":"https:\/\/www.minihorse.eu\/fr\/produit\/shampooing-apres-shampooing-tout-en-un-equilibrant-de-couleur-equitone-noir-copy-copy\/#breadcrumb","itemListElement":[{"@type":"ListItem","position":1,"name":"Home","item":"https:\/\/www.minihorse.eu\/fr\/accueil\/"},{"@type":"ListItem","position":2,"name":"Boutique","item":"https:\/\/www.minihorse.eu\/fr\/boutique\/"},{"@type":"ListItem","position":3,"name":"Shampooing et apr\u00e8s-shampooing rehausseur de couleur EquiTone Gold All-in-One"}]},{"@type":"WebSite","@id":"https:\/\/www.minihorse.eu\/#website","url":"https:\/\/www.minihorse.eu\/","name":"Minihorse.eu","description":"The #1 store for Miniature Horses","publisher":{"@id":"https:\/\/www.minihorse.eu\/#organization"},"potentialAction":[{"@type":"SearchAction","target":{"@type":"EntryPoint","urlTemplate":"https:\/\/www.minihorse.eu\/?s={search_term_string}"},"query-input":{"@type":"PropertyValueSpecification","valueRequired":true,"valueName":"search_term_string"}}],"inLanguage":"fr-FR"},{"@type":"Organization","@id":"https:\/\/www.minihorse.eu\/#organization","name":"Minihorse.eu","url":"https:\/\/www.minihorse.eu\/","logo":{"@type":"ImageObject","inLanguage":"fr-FR","@id":"https:\/\/www.minihorse.eu\/#\/schema\/logo\/image\/","url":"https:\/\/www.minihorse.eu\/wp-content\/uploads\/2024\/08\/Logo-minihorse-ext.png","contentUrl":"https:\/\/www.minihorse.eu\/wp-content\/uploads\/2024\/08\/Logo-minihorse-ext.png","width":500,"height":500,"caption":"Minihorse.eu"},"image":{"@id":"https:\/\/www.minihorse.eu\/#\/schema\/logo\/image\/"},"sameAs":["https:\/\/www.facebook.com\/profile.php?id=100063487117479"]}]}},"jetpack_sharing_enabled":true,"_links":{"self":[{"href":"https:\/\/www.minihorse.eu\/fr\/wp-json\/wp\/v2\/product\/7190","targetHints":{"allow":["GET"]}}],"collection":[{"href":"https:\/\/www.minihorse.eu\/fr\/wp-json\/wp\/v2\/product"}],"about":[{"href":"https:\/\/www.minihorse.eu\/fr\/wp-json\/wp\/v2\/types\/product"}],"replies":[{"embeddable":true,"href":"https:\/\/www.minihorse.eu\/fr\/wp-json\/wp\/v2\/comments?post=7190"}],"wp:featuredmedia":[{"embeddable":true,"href":"https:\/\/www.minihorse.eu\/fr\/wp-json\/wp\/v2\/media\/7206"}],"wp:attachment":[{"href":"https:\/\/www.minihorse.eu\/fr\/wp-json\/wp\/v2\/media?parent=7190"}],"wp:term":[{"taxonomy":"product_brand","embeddable":true,"href":"https:\/\/www.minihorse.eu\/fr\/wp-json\/wp\/v2\/product_brand?post=7190"},{"taxonomy":"product_cat","embeddable":true,"href":"https:\/\/www.minihorse.eu\/fr\/wp-json\/wp\/v2\/product_cat?post=7190"},{"taxonomy":"product_tag","embeddable":true,"href":"https:\/\/www.minihorse.eu\/fr\/wp-json\/wp\/v2\/product_tag?post=7190"}],"curies":[{"name":"wp","href":"https:\/\/api.w.org\/{rel}","templated":true}]}}