{"id":7307,"date":"2025-03-08T23:34:51","date_gmt":"2025-03-08T23:34:51","guid":{"rendered":"https:\/\/horselandshop.com\/?post_type=product&#038;p=7307"},"modified":"2025-12-02T22:12:11","modified_gmt":"2025-12-02T22:12:11","slug":"couverture-de-pluie-bleu-petrole-a-imprime-copy-copy-copy-3","status":"publish","type":"product","link":"https:\/\/www.minihorse.eu\/fr\/produit\/couverture-de-pluie-bleu-petrole-a-imprime-copy-copy-copy-3\/","title":{"rendered":"Couverture d&rsquo;hiver 200 g avec rabat ventral"},"content":{"rendered":"<p>La <strong>couverture d&rsquo;hiver avec 200 grammes de polyfilling et un rabat ventral <\/strong>est id\u00e9ale pour garder le cheval au chaud et le prot\u00e9ger pendant les mois froids.<\/p>\n<ul>\n<li>Tissu imperm\u00e9able de haute qualit\u00e9 de 1200 deniers<\/li>\n<li>Rabat ventral pour plus de chaleur<\/li>\n<li><span style=\"color: #555555; font-size: 14.4px;\">Sangles de jambe r\u00e9glables pour garantir que la couverture reste en place pendant les mouvements et les activit\u00e9s ext\u00e9rieures,<\/span><\/li>\n<li>Fermeture de la poitrine avec 2 boucles<\/li>\n<li>Plis aux \u00e9paules pour une plus grande libert\u00e9 de mouvement <span style=\"color: #555555; font-size: 14.4px;\"> <\/span><\/li>\n<li><span style=\"color: #555555; font-size: 14.4px;\">Rabat de queue<\/span><\/li>\n<\/ul>\n<p>Disponible en tailles : 75\/95 cm et 80\/100 cm<\/p>\n","protected":false},"excerpt":{"rendered":"<p>La <strong>couverture d&rsquo;hiver avec 200 grammes de polyfilling et un rabat ventral <\/strong>est id\u00e9ale pour garder le cheval au chaud et le prot\u00e9ger pendant les mois froids.<\/p>\n<ul>\n<li>Tissu imperm\u00e9able de haute qualit\u00e9 de 1200 deniers<\/li>\n<li>Rabat ventral pour plus de chaleur<\/li>\n<li><span style=\"color: #555555; font-size: 14.4px;\">Sangles de jambe r\u00e9glables pour garantir que la couverture reste en place pendant les mouvements et les activit\u00e9s ext\u00e9rieures,<\/span><\/li>\n<li>Fermeture de la poitrine avec 2 boucles<\/li>\n<li>Plis aux \u00e9paules pour une plus grande libert\u00e9 de mouvement <span style=\"color: #555555; font-size: 14.4px;\"> <\/span><\/li>\n<li><span style=\"color: #555555; font-size: 14.4px;\">Rabat de queue<\/span><\/li>\n<\/ul>\n<p>Disponible en tailles : 75\/95 cm et 80\/100 cm<\/p>\n<p>&nbsp;<\/p>\n","protected":false},"featured_media":7345,"comment_status":"open","ping_status":"closed","template":"","meta":[],"product_brand":[],"product_cat":[205,194],"product_tag":[725,1099,291,773,774,1277,1547,1320],"class_list":{"0":"post-7307","1":"product","2":"type-product","3":"status-publish","4":"has-post-thumbnail","6":"product_cat-couvertures","7":"product_cat-couvertures-dhiver","8":"product_tag-100-grams-couverture","9":"product_tag-cheval-miniature","10":"product_tag-couverture","11":"product_tag-couverture-de-pluie","12":"product_tag-couverture-impermeable","13":"product_tag-couverture-pour-chevaux-miniatures","14":"product_tag-couverture-shetlander-2","15":"product_tag-shetlander-fr","17":"first","18":"outofstock","19":"sale","20":"taxable","21":"shipping-taxable","22":"purchasable","23":"product-type-variable"},"yoast_head":"<!-- This site is optimized with the Yoast SEO plugin v27.5 - https:\/\/yoast.com\/product\/yoast-seo-wordpress\/ -->\n<title>Couverture d&#039;hiver 200 g avec rabat ventral - Minihorse.eu<\/title>\n<meta name=\"robots\" content=\"index, follow, max-snippet:-1, max-image-preview:large, max-video-preview:-1\" \/>\n<link rel=\"canonical\" href=\"https:\/\/www.minihorse.eu\/produit\/winter-blanket-200-gram-with-belly-flap\/\" \/>\n<meta property=\"og:locale\" content=\"fr_FR\" \/>\n<meta property=\"og:type\" content=\"article\" \/>\n<meta property=\"og:title\" content=\"Couverture d&#039;hiver 200 g avec rabat ventral - Minihorse.eu\" \/>\n<meta property=\"og:description\" content=\"La couverture d&#039;hiver avec 200 grammes de polyfilling et un rabat ventral est id\u00e9ale pour garder le cheval au chaud et le prot\u00e9ger pendant les mois froids.  Tissu imperm\u00e9able de haute qualit\u00e9 de 1200 deniers  Rabat ventral pour plus de chaleur  Sangles de jambe r\u00e9glables pour garantir que la couverture reste en place pendant les mouvements et les activit\u00e9s ext\u00e9rieures,  Fermeture de la poitrine avec 2 boucles  Plis aux \u00e9paules pour une plus grande libert\u00e9 de mouvement   Rabat de queue Disponible en tailles : 75\/95 cm et 80\/100 cm &nbsp;\" \/>\n<meta property=\"og:url\" content=\"https:\/\/www.minihorse.eu\/produit\/winter-blanket-200-gram-with-belly-flap\/\" \/>\n<meta property=\"og:site_name\" content=\"Minihorse.eu\" \/>\n<meta property=\"article:publisher\" content=\"https:\/\/www.facebook.com\/profile.php?id=100063487117479\" \/>\n<meta property=\"article:modified_time\" content=\"2025-12-02T22:12:11+00:00\" \/>\n<meta property=\"og:image\" content=\"https:\/\/www.minihorse.eu\/wp-content\/uploads\/2025\/03\/Winterblanket-belly-petrol-blue-print.jpg\" \/>\n\t<meta property=\"og:image:width\" content=\"800\" \/>\n\t<meta property=\"og:image:height\" content=\"600\" \/>\n\t<meta property=\"og:image:type\" content=\"image\/jpeg\" \/>\n<meta name=\"twitter:card\" content=\"summary_large_image\" \/>\n<script type=\"application\/ld+json\" class=\"yoast-schema-graph\">{\"@context\":\"https:\\\/\\\/schema.org\",\"@graph\":[{\"@type\":\"WebPage\",\"@id\":\"https:\\\/\\\/www.minihorse.eu\\\/produit\\\/winter-blanket-200-gram-with-belly-flap\\\/\",\"url\":\"https:\\\/\\\/www.minihorse.eu\\\/produit\\\/winter-blanket-200-gram-with-belly-flap\\\/\",\"name\":\"Couverture d'hiver 200 g avec rabat ventral - Minihorse.eu\",\"isPartOf\":{\"@id\":\"https:\\\/\\\/www.minihorse.eu\\\/#website\"},\"primaryImageOfPage\":{\"@id\":\"https:\\\/\\\/www.minihorse.eu\\\/produit\\\/winter-blanket-200-gram-with-belly-flap\\\/#primaryimage\"},\"image\":{\"@id\":\"https:\\\/\\\/www.minihorse.eu\\\/produit\\\/winter-blanket-200-gram-with-belly-flap\\\/#primaryimage\"},\"thumbnailUrl\":\"https:\\\/\\\/www.minihorse.eu\\\/wp-content\\\/uploads\\\/2025\\\/03\\\/Winterblanket-belly-petrol-blue-print.jpg\",\"datePublished\":\"2025-03-08T23:34:51+00:00\",\"dateModified\":\"2025-12-02T22:12:11+00:00\",\"breadcrumb\":{\"@id\":\"https:\\\/\\\/www.minihorse.eu\\\/produit\\\/winter-blanket-200-gram-with-belly-flap\\\/#breadcrumb\"},\"inLanguage\":\"fr-FR\",\"potentialAction\":[{\"@type\":\"ReadAction\",\"target\":[\"https:\\\/\\\/www.minihorse.eu\\\/produit\\\/winter-blanket-200-gram-with-belly-flap\\\/\"]}]},{\"@type\":\"ImageObject\",\"inLanguage\":\"fr-FR\",\"@id\":\"https:\\\/\\\/www.minihorse.eu\\\/produit\\\/winter-blanket-200-gram-with-belly-flap\\\/#primaryimage\",\"url\":\"https:\\\/\\\/www.minihorse.eu\\\/wp-content\\\/uploads\\\/2025\\\/03\\\/Winterblanket-belly-petrol-blue-print.jpg\",\"contentUrl\":\"https:\\\/\\\/www.minihorse.eu\\\/wp-content\\\/uploads\\\/2025\\\/03\\\/Winterblanket-belly-petrol-blue-print.jpg\",\"width\":800,\"height\":600},{\"@type\":\"BreadcrumbList\",\"@id\":\"https:\\\/\\\/www.minihorse.eu\\\/produit\\\/winter-blanket-200-gram-with-belly-flap\\\/#breadcrumb\",\"itemListElement\":[{\"@type\":\"ListItem\",\"position\":1,\"name\":\"Home\",\"item\":\"https:\\\/\\\/www.minihorse.eu\\\/fr\\\/accueil\\\/\"},{\"@type\":\"ListItem\",\"position\":2,\"name\":\"Boutique\",\"item\":\"https:\\\/\\\/www.minihorse.eu\\\/fr\\\/boutique\\\/\"},{\"@type\":\"ListItem\",\"position\":3,\"name\":\"Couverture d&#8217;hiver 200 g avec rabat ventral\"}]},{\"@type\":\"WebSite\",\"@id\":\"https:\\\/\\\/www.minihorse.eu\\\/#website\",\"url\":\"https:\\\/\\\/www.minihorse.eu\\\/\",\"name\":\"Minihorse.eu\",\"description\":\"The #1 store for Miniature Horses\",\"publisher\":{\"@id\":\"https:\\\/\\\/www.minihorse.eu\\\/#organization\"},\"potentialAction\":[{\"@type\":\"SearchAction\",\"target\":{\"@type\":\"EntryPoint\",\"urlTemplate\":\"https:\\\/\\\/www.minihorse.eu\\\/?s={search_term_string}\"},\"query-input\":{\"@type\":\"PropertyValueSpecification\",\"valueRequired\":true,\"valueName\":\"search_term_string\"}}],\"inLanguage\":\"fr-FR\"},{\"@type\":\"Organization\",\"@id\":\"https:\\\/\\\/www.minihorse.eu\\\/#organization\",\"name\":\"Minihorse.eu\",\"url\":\"https:\\\/\\\/www.minihorse.eu\\\/\",\"logo\":{\"@type\":\"ImageObject\",\"inLanguage\":\"fr-FR\",\"@id\":\"https:\\\/\\\/www.minihorse.eu\\\/#\\\/schema\\\/logo\\\/image\\\/\",\"url\":\"https:\\\/\\\/www.minihorse.eu\\\/wp-content\\\/uploads\\\/2024\\\/08\\\/Logo-minihorse-ext.png\",\"contentUrl\":\"https:\\\/\\\/www.minihorse.eu\\\/wp-content\\\/uploads\\\/2024\\\/08\\\/Logo-minihorse-ext.png\",\"width\":500,\"height\":500,\"caption\":\"Minihorse.eu\"},\"image\":{\"@id\":\"https:\\\/\\\/www.minihorse.eu\\\/#\\\/schema\\\/logo\\\/image\\\/\"},\"sameAs\":[\"https:\\\/\\\/www.facebook.com\\\/profile.php?id=100063487117479\"]}]}<\/script>\n<!-- \/ Yoast SEO plugin. -->","yoast_head_json":{"title":"Couverture d'hiver 200 g avec rabat ventral - Minihorse.eu","robots":{"index":"index","follow":"follow","max-snippet":"max-snippet:-1","max-image-preview":"max-image-preview:large","max-video-preview":"max-video-preview:-1"},"canonical":"https:\/\/www.minihorse.eu\/produit\/winter-blanket-200-gram-with-belly-flap\/","og_locale":"fr_FR","og_type":"article","og_title":"Couverture d'hiver 200 g avec rabat ventral - Minihorse.eu","og_description":"La couverture d'hiver avec 200 grammes de polyfilling et un rabat ventral est id\u00e9ale pour garder le cheval au chaud et le prot\u00e9ger pendant les mois froids.  Tissu imperm\u00e9able de haute qualit\u00e9 de 1200 deniers  Rabat ventral pour plus de chaleur  Sangles de jambe r\u00e9glables pour garantir que la couverture reste en place pendant les mouvements et les activit\u00e9s ext\u00e9rieures,  Fermeture de la poitrine avec 2 boucles  Plis aux \u00e9paules pour une plus grande libert\u00e9 de mouvement   Rabat de queue Disponible en tailles : 75\/95 cm et 80\/100 cm &nbsp;","og_url":"https:\/\/www.minihorse.eu\/produit\/winter-blanket-200-gram-with-belly-flap\/","og_site_name":"Minihorse.eu","article_publisher":"https:\/\/www.facebook.com\/profile.php?id=100063487117479","article_modified_time":"2025-12-02T22:12:11+00:00","og_image":[{"width":800,"height":600,"url":"https:\/\/www.minihorse.eu\/wp-content\/uploads\/2025\/03\/Winterblanket-belly-petrol-blue-print.jpg","type":"image\/jpeg"}],"twitter_card":"summary_large_image","schema":{"@context":"https:\/\/schema.org","@graph":[{"@type":"WebPage","@id":"https:\/\/www.minihorse.eu\/produit\/winter-blanket-200-gram-with-belly-flap\/","url":"https:\/\/www.minihorse.eu\/produit\/winter-blanket-200-gram-with-belly-flap\/","name":"Couverture d'hiver 200 g avec rabat ventral - Minihorse.eu","isPartOf":{"@id":"https:\/\/www.minihorse.eu\/#website"},"primaryImageOfPage":{"@id":"https:\/\/www.minihorse.eu\/produit\/winter-blanket-200-gram-with-belly-flap\/#primaryimage"},"image":{"@id":"https:\/\/www.minihorse.eu\/produit\/winter-blanket-200-gram-with-belly-flap\/#primaryimage"},"thumbnailUrl":"https:\/\/www.minihorse.eu\/wp-content\/uploads\/2025\/03\/Winterblanket-belly-petrol-blue-print.jpg","datePublished":"2025-03-08T23:34:51+00:00","dateModified":"2025-12-02T22:12:11+00:00","breadcrumb":{"@id":"https:\/\/www.minihorse.eu\/produit\/winter-blanket-200-gram-with-belly-flap\/#breadcrumb"},"inLanguage":"fr-FR","potentialAction":[{"@type":"ReadAction","target":["https:\/\/www.minihorse.eu\/produit\/winter-blanket-200-gram-with-belly-flap\/"]}]},{"@type":"ImageObject","inLanguage":"fr-FR","@id":"https:\/\/www.minihorse.eu\/produit\/winter-blanket-200-gram-with-belly-flap\/#primaryimage","url":"https:\/\/www.minihorse.eu\/wp-content\/uploads\/2025\/03\/Winterblanket-belly-petrol-blue-print.jpg","contentUrl":"https:\/\/www.minihorse.eu\/wp-content\/uploads\/2025\/03\/Winterblanket-belly-petrol-blue-print.jpg","width":800,"height":600},{"@type":"BreadcrumbList","@id":"https:\/\/www.minihorse.eu\/produit\/winter-blanket-200-gram-with-belly-flap\/#breadcrumb","itemListElement":[{"@type":"ListItem","position":1,"name":"Home","item":"https:\/\/www.minihorse.eu\/fr\/accueil\/"},{"@type":"ListItem","position":2,"name":"Boutique","item":"https:\/\/www.minihorse.eu\/fr\/boutique\/"},{"@type":"ListItem","position":3,"name":"Couverture d&#8217;hiver 200 g avec rabat ventral"}]},{"@type":"WebSite","@id":"https:\/\/www.minihorse.eu\/#website","url":"https:\/\/www.minihorse.eu\/","name":"Minihorse.eu","description":"The #1 store for Miniature Horses","publisher":{"@id":"https:\/\/www.minihorse.eu\/#organization"},"potentialAction":[{"@type":"SearchAction","target":{"@type":"EntryPoint","urlTemplate":"https:\/\/www.minihorse.eu\/?s={search_term_string}"},"query-input":{"@type":"PropertyValueSpecification","valueRequired":true,"valueName":"search_term_string"}}],"inLanguage":"fr-FR"},{"@type":"Organization","@id":"https:\/\/www.minihorse.eu\/#organization","name":"Minihorse.eu","url":"https:\/\/www.minihorse.eu\/","logo":{"@type":"ImageObject","inLanguage":"fr-FR","@id":"https:\/\/www.minihorse.eu\/#\/schema\/logo\/image\/","url":"https:\/\/www.minihorse.eu\/wp-content\/uploads\/2024\/08\/Logo-minihorse-ext.png","contentUrl":"https:\/\/www.minihorse.eu\/wp-content\/uploads\/2024\/08\/Logo-minihorse-ext.png","width":500,"height":500,"caption":"Minihorse.eu"},"image":{"@id":"https:\/\/www.minihorse.eu\/#\/schema\/logo\/image\/"},"sameAs":["https:\/\/www.facebook.com\/profile.php?id=100063487117479"]}]}},"jetpack_sharing_enabled":true,"_links":{"self":[{"href":"https:\/\/www.minihorse.eu\/fr\/wp-json\/wp\/v2\/product\/7307","targetHints":{"allow":["GET"]}}],"collection":[{"href":"https:\/\/www.minihorse.eu\/fr\/wp-json\/wp\/v2\/product"}],"about":[{"href":"https:\/\/www.minihorse.eu\/fr\/wp-json\/wp\/v2\/types\/product"}],"replies":[{"embeddable":true,"href":"https:\/\/www.minihorse.eu\/fr\/wp-json\/wp\/v2\/comments?post=7307"}],"wp:featuredmedia":[{"embeddable":true,"href":"https:\/\/www.minihorse.eu\/fr\/wp-json\/wp\/v2\/media\/7345"}],"wp:attachment":[{"href":"https:\/\/www.minihorse.eu\/fr\/wp-json\/wp\/v2\/media?parent=7307"}],"wp:term":[{"taxonomy":"product_brand","embeddable":true,"href":"https:\/\/www.minihorse.eu\/fr\/wp-json\/wp\/v2\/product_brand?post=7307"},{"taxonomy":"product_cat","embeddable":true,"href":"https:\/\/www.minihorse.eu\/fr\/wp-json\/wp\/v2\/product_cat?post=7307"},{"taxonomy":"product_tag","embeddable":true,"href":"https:\/\/www.minihorse.eu\/fr\/wp-json\/wp\/v2\/product_tag?post=7307"}],"curies":[{"name":"wp","href":"https:\/\/api.w.org\/{rel}","templated":true}]}}