{"id":7373,"date":"2025-03-10T16:23:40","date_gmt":"2025-03-10T16:23:40","guid":{"rendered":"https:\/\/horselandshop.com\/?post_type=product&#038;p=7373"},"modified":"2025-08-19T22:00:29","modified_gmt":"2025-08-19T22:00:29","slug":"ceinture-de-sudation-double-epaisseur-pour-le-ventre-copy","status":"publish","type":"product","link":"https:\/\/www.minihorse.eu\/fr\/produit\/ceinture-de-sudation-double-epaisseur-pour-le-ventre-copy\/","title":{"rendered":"Sweat Neck Wrap Double (bandage de transpiration double pour le cou)"},"content":{"rendered":"<div class=\"flex max-w-full flex-col flex-grow\">\n<div class=\"min-h-[20px] text-message flex w-full flex-col items-end gap-2 whitespace-normal break-words [.text-message+&amp;]:mt-5\" dir=\"auto\" data-message-author-role=\"assistant\" data-message-id=\"ae7f0522-fa8b-4560-98c3-21390d09b3ec\">\n<div class=\"flex w-full flex-col gap-1 empty:hidden first:pt-[3px]\">\n<div class=\"markdown prose w-full break-words dark:prose-invert light\">\n<p>Pr\u00e9parez votre cheval miniature pour les comp\u00e9titions avec l\u2019\u00e9charpe d\u2019encolure Double-Layer Black Sweat Neck Wrap (bandage de transpiration double pour le cou). Fabriqu\u00e9e en double polaire et en n\u00e9opr\u00e8ne de 5 mm d\u2019\u00e9paisseur, cette \u00e9charpe est con\u00e7ue pour am\u00e9liorer la production de sueur, ce qui permet \u00e0 l\u2019encolure de votre cheval de rester bien conditionn\u00e9e. Ses mat\u00e9riaux de qualit\u00e9 sup\u00e9rieure permettent non seulement de modeler et de tonifier les muscles de l\u2019encolure, mais aussi d\u2019assurer un confort maximal pendant l\u2019utilisation.  <\/p>\n<p>L&rsquo;\u00e9charpe est \u00e9quip\u00e9e de deux solides fermetures Velcro, garantissant un ajustement s\u00fbr et r\u00e9glable autour du cou de votre cheval.<\/p>\n<p>Taille : 30 cm de large \/ 250 cm de long)<\/p>\n<p>Ce bandage de transpiration est parfait pour entretenir les chevaux miniatures de diff\u00e9rentes tailles.<\/p>\n<p><strong>Caract\u00e9ristiques principales :<\/strong><\/p>\n<ul>\n<li>Construction double couche : double polaire et n\u00e9opr\u00e8ne de 5 mm d&rsquo;\u00e9paisseur pour une induction optimale de la transpiration.<\/li>\n<li>Deux fermetures Velcro pour un ajustement facile et un maintien s\u00e9curis\u00e9.<\/li>\n<li>Id\u00e9al pour le conditionnement du cou de votre cheval miniature avant les comp\u00e9titions.<\/li>\n<li>Design noir \u00e9l\u00e9gant pour un aspect professionnel.<\/li>\n<\/ul>\n<p>Ce couvre-nuque est essentiel pour tous ceux qui souhaitent que leur cheval miniature soit en pleine forme, vous aidant ainsi \u00e0 obtenir les meilleurs r\u00e9sultats pour r\u00e9ussir en comp\u00e9tition.<\/p>\n<\/div>\n<\/div>\n<\/div>\n<\/div>\n<div class=\"mt-1 flex gap-3 empty:hidden -ml-2\">\n<div class=\"items-center justify-start rounded-xl p-1 flex\">\n<div class=\"flex items-center\"><\/div>\n<\/div>\n<\/div>\n","protected":false},"excerpt":{"rendered":"<p>L&rsquo;\u00e9charpe d&rsquo;encolure noire double couche est con\u00e7ue pour aider \u00e0 pr\u00e9parer l&rsquo;encolure de votre cheval miniature \u00e0 la comp\u00e9tition. Fabriqu\u00e9 en double polaire et en n\u00e9opr\u00e8ne, il assure une induction de la sueur et un confort sup\u00e9rieurs. \u00c9quip\u00e9 de deux fermetures Velcro pour un ajustement s\u00fbr.  <\/p>\n<p>Taille : 30 cm de large \/ 250 cm de long<\/p>\n<p>Id\u00e9al pour obtenir des r\u00e9sultats pr\u00eats pour la comp\u00e9tition.<\/p>\n","protected":false},"featured_media":11310,"comment_status":"open","ping_status":"closed","template":"","meta":[],"product_brand":[],"product_cat":[434,430,187],"product_tag":[1622,176,336,706],"class_list":{"0":"post-7373","1":"product","2":"type-product","3":"status-publish","4":"has-post-thumbnail","6":"product_cat-bandes-de-sudation","7":"product_cat-bandes-de-sudation-et-bonnets","8":"product_cat-chevaux-miniatures","9":"product_tag-bandage-transpiration","10":"product_tag-bandeaux-de-transpiration","11":"product_tag-cagoules","12":"product_tag-sweat-neck-fr","14":"first","15":"instock","16":"taxable","17":"shipping-taxable","18":"purchasable","19":"product-type-simple"},"yoast_head":"<!-- This site is optimized with the Yoast SEO plugin v27.5 - https:\/\/yoast.com\/product\/yoast-seo-wordpress\/ -->\n<title>Sweat Neck Wrap Double (bandage de transpiration double pour le cou) - Minihorse.eu<\/title>\n<meta name=\"description\" content=\"L\u2019\u00e9charpe d\u2019encolure noire double couche est con\u00e7ue pour aider \u00e0 pr\u00e9parer l\u2019encolure de votre cheval miniature \u00e0 la comp\u00e9tition. Fabriqu\u00e9 en double polaire et en n\u00e9opr\u00e8ne, il assure une induction de la sueur et un confort sup\u00e9rieurs. \u00c9quip\u00e9 de deux fermetures Velcro pour un ajustement s\u00fbr.\" \/>\n<meta name=\"robots\" content=\"index, follow, max-snippet:-1, max-image-preview:large, max-video-preview:-1\" \/>\n<link rel=\"canonical\" href=\"https:\/\/www.minihorse.eu\/fr\/produit\/ceinture-de-sudation-double-epaisseur-pour-le-ventre-copy\/\" \/>\n<meta property=\"og:locale\" content=\"fr_FR\" \/>\n<meta property=\"og:type\" content=\"article\" \/>\n<meta property=\"og:title\" content=\"Sweat Neck Wrap Double (bandage de transpiration double pour le cou) - Minihorse.eu\" \/>\n<meta property=\"og:description\" content=\"L\u2019\u00e9charpe d\u2019encolure noire double couche est con\u00e7ue pour aider \u00e0 pr\u00e9parer l\u2019encolure de votre cheval miniature \u00e0 la comp\u00e9tition. Fabriqu\u00e9 en double polaire et en n\u00e9opr\u00e8ne, il assure une induction de la sueur et un confort sup\u00e9rieurs. \u00c9quip\u00e9 de deux fermetures Velcro pour un ajustement s\u00fbr.\" \/>\n<meta property=\"og:url\" content=\"https:\/\/www.minihorse.eu\/fr\/produit\/ceinture-de-sudation-double-epaisseur-pour-le-ventre-copy\/\" \/>\n<meta property=\"og:site_name\" content=\"Minihorse.eu\" \/>\n<meta property=\"article:publisher\" content=\"https:\/\/www.facebook.com\/profile.php?id=100063487117479\" \/>\n<meta property=\"article:modified_time\" content=\"2025-08-19T22:00:29+00:00\" \/>\n<meta property=\"og:image\" content=\"https:\/\/www.minihorse.eu\/wp-content\/uploads\/2024\/09\/DOUBLE-LAYER-SWEAT-BELLY-WRAP.png\" \/>\n\t<meta property=\"og:image:width\" content=\"694\" \/>\n\t<meta property=\"og:image:height\" content=\"524\" \/>\n\t<meta property=\"og:image:type\" content=\"image\/png\" \/>\n<meta name=\"twitter:card\" content=\"summary_large_image\" \/>\n<meta name=\"twitter:label1\" content=\"Dur\u00e9e de lecture estim\u00e9e\" \/>\n\t<meta name=\"twitter:data1\" content=\"1 minute\" \/>\n<script type=\"application\/ld+json\" class=\"yoast-schema-graph\">{\"@context\":\"https:\\\/\\\/schema.org\",\"@graph\":[{\"@type\":\"WebPage\",\"@id\":\"https:\\\/\\\/www.minihorse.eu\\\/fr\\\/produit\\\/ceinture-de-sudation-double-epaisseur-pour-le-ventre-copy\\\/\",\"url\":\"https:\\\/\\\/www.minihorse.eu\\\/fr\\\/produit\\\/ceinture-de-sudation-double-epaisseur-pour-le-ventre-copy\\\/\",\"name\":\"Sweat Neck Wrap Double (bandage de transpiration double pour le cou) - Minihorse.eu\",\"isPartOf\":{\"@id\":\"https:\\\/\\\/www.minihorse.eu\\\/#website\"},\"primaryImageOfPage\":{\"@id\":\"https:\\\/\\\/www.minihorse.eu\\\/fr\\\/produit\\\/ceinture-de-sudation-double-epaisseur-pour-le-ventre-copy\\\/#primaryimage\"},\"image\":{\"@id\":\"https:\\\/\\\/www.minihorse.eu\\\/fr\\\/produit\\\/ceinture-de-sudation-double-epaisseur-pour-le-ventre-copy\\\/#primaryimage\"},\"thumbnailUrl\":\"https:\\\/\\\/www.minihorse.eu\\\/wp-content\\\/uploads\\\/2025\\\/03\\\/Sweat-neck-wrap-big-double.jpg\",\"datePublished\":\"2025-03-10T16:23:40+00:00\",\"dateModified\":\"2025-08-19T22:00:29+00:00\",\"description\":\"L\u2019\u00e9charpe d\u2019encolure noire double couche est con\u00e7ue pour aider \u00e0 pr\u00e9parer l\u2019encolure de votre cheval miniature \u00e0 la comp\u00e9tition. Fabriqu\u00e9 en double polaire et en n\u00e9opr\u00e8ne, il assure une induction de la sueur et un confort sup\u00e9rieurs. \u00c9quip\u00e9 de deux fermetures Velcro pour un ajustement s\u00fbr.\",\"breadcrumb\":{\"@id\":\"https:\\\/\\\/www.minihorse.eu\\\/fr\\\/produit\\\/ceinture-de-sudation-double-epaisseur-pour-le-ventre-copy\\\/#breadcrumb\"},\"inLanguage\":\"fr-FR\",\"potentialAction\":[{\"@type\":\"ReadAction\",\"target\":[\"https:\\\/\\\/www.minihorse.eu\\\/fr\\\/produit\\\/ceinture-de-sudation-double-epaisseur-pour-le-ventre-copy\\\/\"]}]},{\"@type\":\"ImageObject\",\"inLanguage\":\"fr-FR\",\"@id\":\"https:\\\/\\\/www.minihorse.eu\\\/fr\\\/produit\\\/ceinture-de-sudation-double-epaisseur-pour-le-ventre-copy\\\/#primaryimage\",\"url\":\"https:\\\/\\\/www.minihorse.eu\\\/wp-content\\\/uploads\\\/2025\\\/03\\\/Sweat-neck-wrap-big-double.jpg\",\"contentUrl\":\"https:\\\/\\\/www.minihorse.eu\\\/wp-content\\\/uploads\\\/2025\\\/03\\\/Sweat-neck-wrap-big-double.jpg\",\"width\":567,\"height\":567},{\"@type\":\"BreadcrumbList\",\"@id\":\"https:\\\/\\\/www.minihorse.eu\\\/fr\\\/produit\\\/ceinture-de-sudation-double-epaisseur-pour-le-ventre-copy\\\/#breadcrumb\",\"itemListElement\":[{\"@type\":\"ListItem\",\"position\":1,\"name\":\"Home\",\"item\":\"https:\\\/\\\/www.minihorse.eu\\\/fr\\\/accueil\\\/\"},{\"@type\":\"ListItem\",\"position\":2,\"name\":\"Boutique\",\"item\":\"https:\\\/\\\/www.minihorse.eu\\\/fr\\\/boutique\\\/\"},{\"@type\":\"ListItem\",\"position\":3,\"name\":\"Sweat Neck Wrap Double (bandage de transpiration double pour le cou)\"}]},{\"@type\":\"WebSite\",\"@id\":\"https:\\\/\\\/www.minihorse.eu\\\/#website\",\"url\":\"https:\\\/\\\/www.minihorse.eu\\\/\",\"name\":\"Minihorse.eu\",\"description\":\"The #1 store for Miniature Horses\",\"publisher\":{\"@id\":\"https:\\\/\\\/www.minihorse.eu\\\/#organization\"},\"potentialAction\":[{\"@type\":\"SearchAction\",\"target\":{\"@type\":\"EntryPoint\",\"urlTemplate\":\"https:\\\/\\\/www.minihorse.eu\\\/?s={search_term_string}\"},\"query-input\":{\"@type\":\"PropertyValueSpecification\",\"valueRequired\":true,\"valueName\":\"search_term_string\"}}],\"inLanguage\":\"fr-FR\"},{\"@type\":\"Organization\",\"@id\":\"https:\\\/\\\/www.minihorse.eu\\\/#organization\",\"name\":\"Minihorse.eu\",\"url\":\"https:\\\/\\\/www.minihorse.eu\\\/\",\"logo\":{\"@type\":\"ImageObject\",\"inLanguage\":\"fr-FR\",\"@id\":\"https:\\\/\\\/www.minihorse.eu\\\/#\\\/schema\\\/logo\\\/image\\\/\",\"url\":\"https:\\\/\\\/www.minihorse.eu\\\/wp-content\\\/uploads\\\/2024\\\/08\\\/Logo-minihorse-ext.png\",\"contentUrl\":\"https:\\\/\\\/www.minihorse.eu\\\/wp-content\\\/uploads\\\/2024\\\/08\\\/Logo-minihorse-ext.png\",\"width\":500,\"height\":500,\"caption\":\"Minihorse.eu\"},\"image\":{\"@id\":\"https:\\\/\\\/www.minihorse.eu\\\/#\\\/schema\\\/logo\\\/image\\\/\"},\"sameAs\":[\"https:\\\/\\\/www.facebook.com\\\/profile.php?id=100063487117479\"]}]}<\/script>\n<!-- \/ Yoast SEO plugin. -->","yoast_head_json":{"title":"Sweat Neck Wrap Double (bandage de transpiration double pour le cou) - Minihorse.eu","description":"L\u2019\u00e9charpe d\u2019encolure noire double couche est con\u00e7ue pour aider \u00e0 pr\u00e9parer l\u2019encolure de votre cheval miniature \u00e0 la comp\u00e9tition. Fabriqu\u00e9 en double polaire et en n\u00e9opr\u00e8ne, il assure une induction de la sueur et un confort sup\u00e9rieurs. \u00c9quip\u00e9 de deux fermetures Velcro pour un ajustement s\u00fbr.","robots":{"index":"index","follow":"follow","max-snippet":"max-snippet:-1","max-image-preview":"max-image-preview:large","max-video-preview":"max-video-preview:-1"},"canonical":"https:\/\/www.minihorse.eu\/fr\/produit\/ceinture-de-sudation-double-epaisseur-pour-le-ventre-copy\/","og_locale":"fr_FR","og_type":"article","og_title":"Sweat Neck Wrap Double (bandage de transpiration double pour le cou) - Minihorse.eu","og_description":"L\u2019\u00e9charpe d\u2019encolure noire double couche est con\u00e7ue pour aider \u00e0 pr\u00e9parer l\u2019encolure de votre cheval miniature \u00e0 la comp\u00e9tition. Fabriqu\u00e9 en double polaire et en n\u00e9opr\u00e8ne, il assure une induction de la sueur et un confort sup\u00e9rieurs. \u00c9quip\u00e9 de deux fermetures Velcro pour un ajustement s\u00fbr.","og_url":"https:\/\/www.minihorse.eu\/fr\/produit\/ceinture-de-sudation-double-epaisseur-pour-le-ventre-copy\/","og_site_name":"Minihorse.eu","article_publisher":"https:\/\/www.facebook.com\/profile.php?id=100063487117479","article_modified_time":"2025-08-19T22:00:29+00:00","og_image":[{"width":694,"height":524,"url":"https:\/\/www.minihorse.eu\/wp-content\/uploads\/2024\/09\/DOUBLE-LAYER-SWEAT-BELLY-WRAP.png","type":"image\/png"}],"twitter_card":"summary_large_image","twitter_misc":{"Dur\u00e9e de lecture estim\u00e9e":"1 minute"},"schema":{"@context":"https:\/\/schema.org","@graph":[{"@type":"WebPage","@id":"https:\/\/www.minihorse.eu\/fr\/produit\/ceinture-de-sudation-double-epaisseur-pour-le-ventre-copy\/","url":"https:\/\/www.minihorse.eu\/fr\/produit\/ceinture-de-sudation-double-epaisseur-pour-le-ventre-copy\/","name":"Sweat Neck Wrap Double (bandage de transpiration double pour le cou) - Minihorse.eu","isPartOf":{"@id":"https:\/\/www.minihorse.eu\/#website"},"primaryImageOfPage":{"@id":"https:\/\/www.minihorse.eu\/fr\/produit\/ceinture-de-sudation-double-epaisseur-pour-le-ventre-copy\/#primaryimage"},"image":{"@id":"https:\/\/www.minihorse.eu\/fr\/produit\/ceinture-de-sudation-double-epaisseur-pour-le-ventre-copy\/#primaryimage"},"thumbnailUrl":"https:\/\/www.minihorse.eu\/wp-content\/uploads\/2025\/03\/Sweat-neck-wrap-big-double.jpg","datePublished":"2025-03-10T16:23:40+00:00","dateModified":"2025-08-19T22:00:29+00:00","description":"L\u2019\u00e9charpe d\u2019encolure noire double couche est con\u00e7ue pour aider \u00e0 pr\u00e9parer l\u2019encolure de votre cheval miniature \u00e0 la comp\u00e9tition. Fabriqu\u00e9 en double polaire et en n\u00e9opr\u00e8ne, il assure une induction de la sueur et un confort sup\u00e9rieurs. \u00c9quip\u00e9 de deux fermetures Velcro pour un ajustement s\u00fbr.","breadcrumb":{"@id":"https:\/\/www.minihorse.eu\/fr\/produit\/ceinture-de-sudation-double-epaisseur-pour-le-ventre-copy\/#breadcrumb"},"inLanguage":"fr-FR","potentialAction":[{"@type":"ReadAction","target":["https:\/\/www.minihorse.eu\/fr\/produit\/ceinture-de-sudation-double-epaisseur-pour-le-ventre-copy\/"]}]},{"@type":"ImageObject","inLanguage":"fr-FR","@id":"https:\/\/www.minihorse.eu\/fr\/produit\/ceinture-de-sudation-double-epaisseur-pour-le-ventre-copy\/#primaryimage","url":"https:\/\/www.minihorse.eu\/wp-content\/uploads\/2025\/03\/Sweat-neck-wrap-big-double.jpg","contentUrl":"https:\/\/www.minihorse.eu\/wp-content\/uploads\/2025\/03\/Sweat-neck-wrap-big-double.jpg","width":567,"height":567},{"@type":"BreadcrumbList","@id":"https:\/\/www.minihorse.eu\/fr\/produit\/ceinture-de-sudation-double-epaisseur-pour-le-ventre-copy\/#breadcrumb","itemListElement":[{"@type":"ListItem","position":1,"name":"Home","item":"https:\/\/www.minihorse.eu\/fr\/accueil\/"},{"@type":"ListItem","position":2,"name":"Boutique","item":"https:\/\/www.minihorse.eu\/fr\/boutique\/"},{"@type":"ListItem","position":3,"name":"Sweat Neck Wrap Double (bandage de transpiration double pour le cou)"}]},{"@type":"WebSite","@id":"https:\/\/www.minihorse.eu\/#website","url":"https:\/\/www.minihorse.eu\/","name":"Minihorse.eu","description":"The #1 store for Miniature Horses","publisher":{"@id":"https:\/\/www.minihorse.eu\/#organization"},"potentialAction":[{"@type":"SearchAction","target":{"@type":"EntryPoint","urlTemplate":"https:\/\/www.minihorse.eu\/?s={search_term_string}"},"query-input":{"@type":"PropertyValueSpecification","valueRequired":true,"valueName":"search_term_string"}}],"inLanguage":"fr-FR"},{"@type":"Organization","@id":"https:\/\/www.minihorse.eu\/#organization","name":"Minihorse.eu","url":"https:\/\/www.minihorse.eu\/","logo":{"@type":"ImageObject","inLanguage":"fr-FR","@id":"https:\/\/www.minihorse.eu\/#\/schema\/logo\/image\/","url":"https:\/\/www.minihorse.eu\/wp-content\/uploads\/2024\/08\/Logo-minihorse-ext.png","contentUrl":"https:\/\/www.minihorse.eu\/wp-content\/uploads\/2024\/08\/Logo-minihorse-ext.png","width":500,"height":500,"caption":"Minihorse.eu"},"image":{"@id":"https:\/\/www.minihorse.eu\/#\/schema\/logo\/image\/"},"sameAs":["https:\/\/www.facebook.com\/profile.php?id=100063487117479"]}]}},"jetpack_sharing_enabled":true,"_links":{"self":[{"href":"https:\/\/www.minihorse.eu\/fr\/wp-json\/wp\/v2\/product\/7373","targetHints":{"allow":["GET"]}}],"collection":[{"href":"https:\/\/www.minihorse.eu\/fr\/wp-json\/wp\/v2\/product"}],"about":[{"href":"https:\/\/www.minihorse.eu\/fr\/wp-json\/wp\/v2\/types\/product"}],"replies":[{"embeddable":true,"href":"https:\/\/www.minihorse.eu\/fr\/wp-json\/wp\/v2\/comments?post=7373"}],"wp:featuredmedia":[{"embeddable":true,"href":"https:\/\/www.minihorse.eu\/fr\/wp-json\/wp\/v2\/media\/11310"}],"wp:attachment":[{"href":"https:\/\/www.minihorse.eu\/fr\/wp-json\/wp\/v2\/media?parent=7373"}],"wp:term":[{"taxonomy":"product_brand","embeddable":true,"href":"https:\/\/www.minihorse.eu\/fr\/wp-json\/wp\/v2\/product_brand?post=7373"},{"taxonomy":"product_cat","embeddable":true,"href":"https:\/\/www.minihorse.eu\/fr\/wp-json\/wp\/v2\/product_cat?post=7373"},{"taxonomy":"product_tag","embeddable":true,"href":"https:\/\/www.minihorse.eu\/fr\/wp-json\/wp\/v2\/product_tag?post=7373"}],"curies":[{"name":"wp","href":"https:\/\/api.w.org\/{rel}","templated":true}]}}