{"id":7384,"date":"2025-03-08T10:55:48","date_gmt":"2025-03-08T10:55:48","guid":{"rendered":"https:\/\/horselandshop.com\/product\/couverture-dhiver-300-grammes-avec-col\/"},"modified":"2026-01-06T19:22:36","modified_gmt":"2026-01-06T19:22:36","slug":"couverture-dhiver-300-grammes-avec-col","status":"publish","type":"product","link":"https:\/\/www.minihorse.eu\/fr\/produit\/couverture-dhiver-300-grammes-avec-col\/","title":{"rendered":"Couverture d\u2019hiver 300 grammes avec collier"},"content":{"rendered":"<p>Magnifique couverture d&rsquo;hiver avec collier en fourrure blanche douce, en polyester imperm\u00e9able de 600 deniers.<\/p>\n<ul>\n<li>Garnissage de 300 g. <\/li>\n<li>Plis d&rsquo;\u00e9paule pour une libert\u00e9 de mouvement.<\/li>\n<li>Rabattre ventral avec 2 fermetures velcro.<\/li>\n<li>Fermeture de poitrail avec deux boucles et velcro.<\/li>\n<li>Protection des \u00e9paules et sangles de jambe.<\/li>\n<\/ul>\n<p>Disponible en tailles : 75\/95 cm, 80\/100 cm, 85\/115 cm.<\/p>\n<p>Voir d&rsquo;autres couvertures d&rsquo;hiver: <a href=\"https:\/\/www.minihorse.eu\/fr\/categorie-produit\/chevaux-miniatures\/couvertures\/couvertures-dhiver\/\">https:\/\/www.minihorse.eu\/fr\/categorie-produit\/chevaux-miniatures\/couvertures\/couvertures-dhiver\/<\/a><\/p>\n","protected":false},"excerpt":{"rendered":"<p>Magnifique couverture d&rsquo;hiver avec collier en fourrure blanche douce, en polyester imperm\u00e9able de 600 deniers.<\/p>\n<ul>\n<li>Garnissage de 300 g. <\/li>\n<li>Plis d&rsquo;\u00e9paule pour une libert\u00e9 de mouvement.<\/li>\n<li>Rabattre ventral avec 2 fermetures velcro.<\/li>\n<li>Fermeture de poitrail avec deux boucles et velcro.<\/li>\n<li>Protection des \u00e9paules et sangles de jambe.<\/li>\n<\/ul>\n<p>Disponible en tailles : 75\/95 cm, 80\/100 cm, 85\/115 cm.<\/p>\n","protected":false},"featured_media":7278,"comment_status":"open","ping_status":"closed","template":"","meta":[],"product_brand":[],"product_cat":[187,205,194],"product_tag":[847,1087,196,865,1547,1320],"class_list":{"0":"post-7384","1":"product","2":"type-product","3":"status-publish","4":"has-post-thumbnail","6":"product_cat-chevaux-miniatures","7":"product_cat-couvertures","8":"product_cat-couvertures-dhiver","9":"product_tag-couverture-chaude","10":"product_tag-couverture-dhiver-cheval-minature","11":"product_tag-couverture-dhiver","12":"product_tag-couverture-de-concours","13":"product_tag-couverture-shetlander-2","14":"product_tag-shetlander-fr","16":"first","17":"instock","18":"taxable","19":"shipping-taxable","20":"purchasable","21":"product-type-variable"},"yoast_head":"<!-- This site is optimized with the Yoast SEO plugin v27.5 - https:\/\/yoast.com\/product\/yoast-seo-wordpress\/ -->\n<title>Couverture d\u2019hiver 300 grammes avec collier - Minihorse.eu<\/title>\n<meta name=\"description\" content=\"Gardez votre cheval au chaud et prot\u00e9g\u00e9 par temps froid gr\u00e2ce \u00e0 nos couvertures d&#039;hiver avec collier en fourrure blanche douce et rabat ventral pour les chevaux miniatures et les shetlanders.\" \/>\n<meta name=\"robots\" content=\"index, follow, max-snippet:-1, max-image-preview:large, max-video-preview:-1\" \/>\n<link rel=\"canonical\" href=\"https:\/\/www.minihorse.eu\/fr\/produit\/couverture-dhiver-300-grammes-avec-col\/\" \/>\n<meta property=\"og:locale\" content=\"fr_FR\" \/>\n<meta property=\"og:type\" content=\"article\" \/>\n<meta property=\"og:title\" content=\"Couverture d\u2019hiver 300 grammes avec collier - Minihorse.eu\" \/>\n<meta property=\"og:description\" content=\"Gardez votre cheval au chaud et prot\u00e9g\u00e9 par temps froid gr\u00e2ce \u00e0 nos couvertures d&#039;hiver avec collier en fourrure blanche douce et rabat ventral pour les chevaux miniatures et les shetlanders.\" \/>\n<meta property=\"og:url\" content=\"https:\/\/www.minihorse.eu\/fr\/produit\/couverture-dhiver-300-grammes-avec-col\/\" \/>\n<meta property=\"og:site_name\" content=\"Minihorse.eu\" \/>\n<meta property=\"article:publisher\" content=\"https:\/\/www.facebook.com\/profile.php?id=100063487117479\" \/>\n<meta property=\"article:modified_time\" content=\"2026-01-06T19:22:36+00:00\" \/>\n<meta property=\"og:image\" content=\"https:\/\/www.minihorse.eu\/wp-content\/uploads\/2025\/03\/Winterblanket-belly-red.jpg\" \/>\n\t<meta property=\"og:image:width\" content=\"800\" \/>\n\t<meta property=\"og:image:height\" content=\"600\" \/>\n\t<meta property=\"og:image:type\" content=\"image\/jpeg\" \/>\n<meta name=\"twitter:card\" content=\"summary_large_image\" \/>\n<script type=\"application\/ld+json\" class=\"yoast-schema-graph\">{\"@context\":\"https:\\\/\\\/schema.org\",\"@graph\":[{\"@type\":\"WebPage\",\"@id\":\"https:\\\/\\\/www.minihorse.eu\\\/fr\\\/produit\\\/couverture-dhiver-300-grammes-avec-col\\\/\",\"url\":\"https:\\\/\\\/www.minihorse.eu\\\/fr\\\/produit\\\/couverture-dhiver-300-grammes-avec-col\\\/\",\"name\":\"Couverture d\u2019hiver 300 grammes avec collier - Minihorse.eu\",\"isPartOf\":{\"@id\":\"https:\\\/\\\/www.minihorse.eu\\\/#website\"},\"primaryImageOfPage\":{\"@id\":\"https:\\\/\\\/www.minihorse.eu\\\/fr\\\/produit\\\/couverture-dhiver-300-grammes-avec-col\\\/#primaryimage\"},\"image\":{\"@id\":\"https:\\\/\\\/www.minihorse.eu\\\/fr\\\/produit\\\/couverture-dhiver-300-grammes-avec-col\\\/#primaryimage\"},\"thumbnailUrl\":\"https:\\\/\\\/www.minihorse.eu\\\/wp-content\\\/uploads\\\/2025\\\/03\\\/Winterblanket-belly-red.jpg\",\"datePublished\":\"2025-03-08T10:55:48+00:00\",\"dateModified\":\"2026-01-06T19:22:36+00:00\",\"description\":\"Gardez votre cheval au chaud et prot\u00e9g\u00e9 par temps froid gr\u00e2ce \u00e0 nos couvertures d'hiver avec collier en fourrure blanche douce et rabat ventral pour les chevaux miniatures et les shetlanders.\",\"breadcrumb\":{\"@id\":\"https:\\\/\\\/www.minihorse.eu\\\/fr\\\/produit\\\/couverture-dhiver-300-grammes-avec-col\\\/#breadcrumb\"},\"inLanguage\":\"fr-FR\",\"potentialAction\":[{\"@type\":\"ReadAction\",\"target\":[\"https:\\\/\\\/www.minihorse.eu\\\/fr\\\/produit\\\/couverture-dhiver-300-grammes-avec-col\\\/\"]}]},{\"@type\":\"ImageObject\",\"inLanguage\":\"fr-FR\",\"@id\":\"https:\\\/\\\/www.minihorse.eu\\\/fr\\\/produit\\\/couverture-dhiver-300-grammes-avec-col\\\/#primaryimage\",\"url\":\"https:\\\/\\\/www.minihorse.eu\\\/wp-content\\\/uploads\\\/2025\\\/03\\\/Winterblanket-belly-red.jpg\",\"contentUrl\":\"https:\\\/\\\/www.minihorse.eu\\\/wp-content\\\/uploads\\\/2025\\\/03\\\/Winterblanket-belly-red.jpg\",\"width\":800,\"height\":600},{\"@type\":\"BreadcrumbList\",\"@id\":\"https:\\\/\\\/www.minihorse.eu\\\/fr\\\/produit\\\/couverture-dhiver-300-grammes-avec-col\\\/#breadcrumb\",\"itemListElement\":[{\"@type\":\"ListItem\",\"position\":1,\"name\":\"Home\",\"item\":\"https:\\\/\\\/www.minihorse.eu\\\/fr\\\/accueil\\\/\"},{\"@type\":\"ListItem\",\"position\":2,\"name\":\"Boutique\",\"item\":\"https:\\\/\\\/www.minihorse.eu\\\/fr\\\/boutique\\\/\"},{\"@type\":\"ListItem\",\"position\":3,\"name\":\"Couverture d\u2019hiver 300 grammes avec collier\"}]},{\"@type\":\"WebSite\",\"@id\":\"https:\\\/\\\/www.minihorse.eu\\\/#website\",\"url\":\"https:\\\/\\\/www.minihorse.eu\\\/\",\"name\":\"Minihorse.eu\",\"description\":\"The #1 store for Miniature Horses\",\"publisher\":{\"@id\":\"https:\\\/\\\/www.minihorse.eu\\\/#organization\"},\"potentialAction\":[{\"@type\":\"SearchAction\",\"target\":{\"@type\":\"EntryPoint\",\"urlTemplate\":\"https:\\\/\\\/www.minihorse.eu\\\/?s={search_term_string}\"},\"query-input\":{\"@type\":\"PropertyValueSpecification\",\"valueRequired\":true,\"valueName\":\"search_term_string\"}}],\"inLanguage\":\"fr-FR\"},{\"@type\":\"Organization\",\"@id\":\"https:\\\/\\\/www.minihorse.eu\\\/#organization\",\"name\":\"Minihorse.eu\",\"url\":\"https:\\\/\\\/www.minihorse.eu\\\/\",\"logo\":{\"@type\":\"ImageObject\",\"inLanguage\":\"fr-FR\",\"@id\":\"https:\\\/\\\/www.minihorse.eu\\\/#\\\/schema\\\/logo\\\/image\\\/\",\"url\":\"https:\\\/\\\/www.minihorse.eu\\\/wp-content\\\/uploads\\\/2024\\\/08\\\/Logo-minihorse-ext.png\",\"contentUrl\":\"https:\\\/\\\/www.minihorse.eu\\\/wp-content\\\/uploads\\\/2024\\\/08\\\/Logo-minihorse-ext.png\",\"width\":500,\"height\":500,\"caption\":\"Minihorse.eu\"},\"image\":{\"@id\":\"https:\\\/\\\/www.minihorse.eu\\\/#\\\/schema\\\/logo\\\/image\\\/\"},\"sameAs\":[\"https:\\\/\\\/www.facebook.com\\\/profile.php?id=100063487117479\"]}]}<\/script>\n<!-- \/ Yoast SEO plugin. -->","yoast_head_json":{"title":"Couverture d\u2019hiver 300 grammes avec collier - Minihorse.eu","description":"Gardez votre cheval au chaud et prot\u00e9g\u00e9 par temps froid gr\u00e2ce \u00e0 nos couvertures d'hiver avec collier en fourrure blanche douce et rabat ventral pour les chevaux miniatures et les shetlanders.","robots":{"index":"index","follow":"follow","max-snippet":"max-snippet:-1","max-image-preview":"max-image-preview:large","max-video-preview":"max-video-preview:-1"},"canonical":"https:\/\/www.minihorse.eu\/fr\/produit\/couverture-dhiver-300-grammes-avec-col\/","og_locale":"fr_FR","og_type":"article","og_title":"Couverture d\u2019hiver 300 grammes avec collier - Minihorse.eu","og_description":"Gardez votre cheval au chaud et prot\u00e9g\u00e9 par temps froid gr\u00e2ce \u00e0 nos couvertures d'hiver avec collier en fourrure blanche douce et rabat ventral pour les chevaux miniatures et les shetlanders.","og_url":"https:\/\/www.minihorse.eu\/fr\/produit\/couverture-dhiver-300-grammes-avec-col\/","og_site_name":"Minihorse.eu","article_publisher":"https:\/\/www.facebook.com\/profile.php?id=100063487117479","article_modified_time":"2026-01-06T19:22:36+00:00","og_image":[{"width":800,"height":600,"url":"https:\/\/www.minihorse.eu\/wp-content\/uploads\/2025\/03\/Winterblanket-belly-red.jpg","type":"image\/jpeg"}],"twitter_card":"summary_large_image","schema":{"@context":"https:\/\/schema.org","@graph":[{"@type":"WebPage","@id":"https:\/\/www.minihorse.eu\/fr\/produit\/couverture-dhiver-300-grammes-avec-col\/","url":"https:\/\/www.minihorse.eu\/fr\/produit\/couverture-dhiver-300-grammes-avec-col\/","name":"Couverture d\u2019hiver 300 grammes avec collier - Minihorse.eu","isPartOf":{"@id":"https:\/\/www.minihorse.eu\/#website"},"primaryImageOfPage":{"@id":"https:\/\/www.minihorse.eu\/fr\/produit\/couverture-dhiver-300-grammes-avec-col\/#primaryimage"},"image":{"@id":"https:\/\/www.minihorse.eu\/fr\/produit\/couverture-dhiver-300-grammes-avec-col\/#primaryimage"},"thumbnailUrl":"https:\/\/www.minihorse.eu\/wp-content\/uploads\/2025\/03\/Winterblanket-belly-red.jpg","datePublished":"2025-03-08T10:55:48+00:00","dateModified":"2026-01-06T19:22:36+00:00","description":"Gardez votre cheval au chaud et prot\u00e9g\u00e9 par temps froid gr\u00e2ce \u00e0 nos couvertures d'hiver avec collier en fourrure blanche douce et rabat ventral pour les chevaux miniatures et les shetlanders.","breadcrumb":{"@id":"https:\/\/www.minihorse.eu\/fr\/produit\/couverture-dhiver-300-grammes-avec-col\/#breadcrumb"},"inLanguage":"fr-FR","potentialAction":[{"@type":"ReadAction","target":["https:\/\/www.minihorse.eu\/fr\/produit\/couverture-dhiver-300-grammes-avec-col\/"]}]},{"@type":"ImageObject","inLanguage":"fr-FR","@id":"https:\/\/www.minihorse.eu\/fr\/produit\/couverture-dhiver-300-grammes-avec-col\/#primaryimage","url":"https:\/\/www.minihorse.eu\/wp-content\/uploads\/2025\/03\/Winterblanket-belly-red.jpg","contentUrl":"https:\/\/www.minihorse.eu\/wp-content\/uploads\/2025\/03\/Winterblanket-belly-red.jpg","width":800,"height":600},{"@type":"BreadcrumbList","@id":"https:\/\/www.minihorse.eu\/fr\/produit\/couverture-dhiver-300-grammes-avec-col\/#breadcrumb","itemListElement":[{"@type":"ListItem","position":1,"name":"Home","item":"https:\/\/www.minihorse.eu\/fr\/accueil\/"},{"@type":"ListItem","position":2,"name":"Boutique","item":"https:\/\/www.minihorse.eu\/fr\/boutique\/"},{"@type":"ListItem","position":3,"name":"Couverture d\u2019hiver 300 grammes avec collier"}]},{"@type":"WebSite","@id":"https:\/\/www.minihorse.eu\/#website","url":"https:\/\/www.minihorse.eu\/","name":"Minihorse.eu","description":"The #1 store for Miniature Horses","publisher":{"@id":"https:\/\/www.minihorse.eu\/#organization"},"potentialAction":[{"@type":"SearchAction","target":{"@type":"EntryPoint","urlTemplate":"https:\/\/www.minihorse.eu\/?s={search_term_string}"},"query-input":{"@type":"PropertyValueSpecification","valueRequired":true,"valueName":"search_term_string"}}],"inLanguage":"fr-FR"},{"@type":"Organization","@id":"https:\/\/www.minihorse.eu\/#organization","name":"Minihorse.eu","url":"https:\/\/www.minihorse.eu\/","logo":{"@type":"ImageObject","inLanguage":"fr-FR","@id":"https:\/\/www.minihorse.eu\/#\/schema\/logo\/image\/","url":"https:\/\/www.minihorse.eu\/wp-content\/uploads\/2024\/08\/Logo-minihorse-ext.png","contentUrl":"https:\/\/www.minihorse.eu\/wp-content\/uploads\/2024\/08\/Logo-minihorse-ext.png","width":500,"height":500,"caption":"Minihorse.eu"},"image":{"@id":"https:\/\/www.minihorse.eu\/#\/schema\/logo\/image\/"},"sameAs":["https:\/\/www.facebook.com\/profile.php?id=100063487117479"]}]}},"jetpack_sharing_enabled":true,"_links":{"self":[{"href":"https:\/\/www.minihorse.eu\/fr\/wp-json\/wp\/v2\/product\/7384","targetHints":{"allow":["GET"]}}],"collection":[{"href":"https:\/\/www.minihorse.eu\/fr\/wp-json\/wp\/v2\/product"}],"about":[{"href":"https:\/\/www.minihorse.eu\/fr\/wp-json\/wp\/v2\/types\/product"}],"replies":[{"embeddable":true,"href":"https:\/\/www.minihorse.eu\/fr\/wp-json\/wp\/v2\/comments?post=7384"}],"wp:featuredmedia":[{"embeddable":true,"href":"https:\/\/www.minihorse.eu\/fr\/wp-json\/wp\/v2\/media\/7278"}],"wp:attachment":[{"href":"https:\/\/www.minihorse.eu\/fr\/wp-json\/wp\/v2\/media?parent=7384"}],"wp:term":[{"taxonomy":"product_brand","embeddable":true,"href":"https:\/\/www.minihorse.eu\/fr\/wp-json\/wp\/v2\/product_brand?post=7384"},{"taxonomy":"product_cat","embeddable":true,"href":"https:\/\/www.minihorse.eu\/fr\/wp-json\/wp\/v2\/product_cat?post=7384"},{"taxonomy":"product_tag","embeddable":true,"href":"https:\/\/www.minihorse.eu\/fr\/wp-json\/wp\/v2\/product_tag?post=7384"}],"curies":[{"name":"wp","href":"https:\/\/api.w.org\/{rel}","templated":true}]}}