{"id":7391,"date":"2025-03-10T19:44:35","date_gmt":"2025-03-10T19:44:35","guid":{"rendered":"https:\/\/horselandshop.com\/?post_type=product&#038;p=7391"},"modified":"2025-03-25T10:43:36","modified_gmt":"2025-03-25T10:43:36","slug":"ceinture-de-sudation-double-epaisseur-pour-le-ventre-copy-copy","status":"publish","type":"product","link":"https:\/\/www.minihorse.eu\/fr\/produit\/ceinture-de-sudation-double-epaisseur-pour-le-ventre-copy-copy\/","title":{"rendered":"Bandage de transpiration pour le cou"},"content":{"rendered":"<div class=\"flex max-w-full flex-col flex-grow\">\n<div class=\"min-h-[20px] text-message flex w-full flex-col items-end gap-2 whitespace-normal break-words [.text-message+&amp;]:mt-5\" dir=\"auto\" data-message-author-role=\"assistant\" data-message-id=\"ae7f0522-fa8b-4560-98c3-21390d09b3ec\">\n<div class=\"flex w-full flex-col gap-1 empty:hidden first:pt-[3px]\">\n<div class=\"markdown prose w-full break-words dark:prose-invert light\">\n<p>Pr\u00e9parez votre cheval miniature pour les comp\u00e9titions avec le Sweat Neck Wrap. <span style=\"font-size: 14.4px;\">Ce bandage de sudation est essentiel pour tous ceux qui cherchent \u00e0 mettre leur cheval miniature en pleine forme, vous aidant \u00e0 obtenir les meilleurs r\u00e9sultats pour r\u00e9ussir en comp\u00e9tition.<\/p>\n<p><\/span>Le bandage est \u00e9quip\u00e9 de 3 attaches velcro, assurant un ajustement s\u00fbr et r\u00e9glable autour du cou de votre cheval.<\/p>\n<p>Taille : 37 cm de large \/ 170 cm de long, n\u00e9opr\u00e8ne : 28 cm de large \/ 75 cm de long.<\/p>\n<p>Ce bandage de sudation est parfait pour conditionner les chevaux miniatures de diff\u00e9rentes tailles.<\/p>\n<\/div>\n<\/div>\n<\/div>\n<\/div>\n<div class=\"mt-1 flex gap-3 empty:hidden -ml-2\">\n<div class=\"items-center justify-start rounded-xl p-1 flex\">\n<div class=\"flex items-center\"><\/div>\n<\/div>\n<\/div>\n","protected":false},"excerpt":{"rendered":"<p>Pr\u00e9parez votre cheval miniature pour les comp\u00e9titions avec le bandage de transpiration pour le cou. <span style=\"font-size: 14.4px;\">Ce couvre-nuque est essentiel pour tous ceux qui souhaitent que leur cheval miniature soit en pleine forme, vous aidant \u00e0 obtenir les meilleurs r\u00e9sultats pour r\u00e9ussir en comp\u00e9tition.<\/p>\n<p><\/span>Taille : 37 cm de large \/ 170 cm de long, n\u00e9opr\u00e8ne : 28 cm de large \/ 75 cm de long.<\/p>\n","protected":false},"featured_media":7407,"comment_status":"open","ping_status":"closed","template":"","meta":[],"product_brand":[],"product_cat":[434,430,187],"product_tag":[176,336,706],"class_list":{"0":"post-7391","1":"product","2":"type-product","3":"status-publish","4":"has-post-thumbnail","6":"product_cat-bandes-de-sudation","7":"product_cat-bandes-de-sudation-et-bonnets","8":"product_cat-chevaux-miniatures","9":"product_tag-bandeaux-de-transpiration","10":"product_tag-cagoules","11":"product_tag-sweat-neck-fr","13":"first","14":"instock","15":"taxable","16":"shipping-taxable","17":"purchasable","18":"product-type-simple"},"yoast_head":"<!-- This site is optimized with the Yoast SEO plugin v27.5 - https:\/\/yoast.com\/product\/yoast-seo-wordpress\/ -->\n<title>Bandage de transpiration pour le cou - Minihorse.eu<\/title>\n<meta name=\"robots\" content=\"index, follow, max-snippet:-1, max-image-preview:large, max-video-preview:-1\" \/>\n<link rel=\"canonical\" href=\"https:\/\/www.minihorse.eu\/produit\/sweat-neck-wrap\/\" \/>\n<meta property=\"og:locale\" content=\"fr_FR\" \/>\n<meta property=\"og:type\" content=\"article\" \/>\n<meta property=\"og:title\" content=\"Bandage de transpiration pour le cou - Minihorse.eu\" \/>\n<meta property=\"og:description\" content=\"Pr\u00e9parez votre cheval miniature pour les comp\u00e9titions avec le bandage de transpiration pour le cou. Ce couvre-nuque est essentiel pour tous ceux qui souhaitent que leur cheval miniature soit en pleine forme, vous aidant \u00e0 obtenir les meilleurs r\u00e9sultats pour r\u00e9ussir en comp\u00e9tition. Taille : 37 cm de large \/ 170 cm de long, n\u00e9opr\u00e8ne : 28 cm de large \/ 75 cm de long.\" \/>\n<meta property=\"og:url\" content=\"https:\/\/www.minihorse.eu\/produit\/sweat-neck-wrap\/\" \/>\n<meta property=\"og:site_name\" content=\"Minihorse.eu\" \/>\n<meta property=\"article:publisher\" content=\"https:\/\/www.facebook.com\/profile.php?id=100063487117479\" \/>\n<meta property=\"article:modified_time\" content=\"2025-03-25T10:43:36+00:00\" \/>\n<meta property=\"og:image\" content=\"https:\/\/www.minihorse.eu\/wp-content\/uploads\/2025\/03\/Zweet-buikwikkel-1.jpg\" \/>\n\t<meta property=\"og:image:width\" content=\"384\" \/>\n\t<meta property=\"og:image:height\" content=\"288\" \/>\n\t<meta property=\"og:image:type\" content=\"image\/jpeg\" \/>\n<meta name=\"twitter:card\" content=\"summary_large_image\" \/>\n<script type=\"application\/ld+json\" class=\"yoast-schema-graph\">{\"@context\":\"https:\\\/\\\/schema.org\",\"@graph\":[{\"@type\":\"WebPage\",\"@id\":\"https:\\\/\\\/www.minihorse.eu\\\/produit\\\/sweat-neck-wrap\\\/\",\"url\":\"https:\\\/\\\/www.minihorse.eu\\\/produit\\\/sweat-neck-wrap\\\/\",\"name\":\"Bandage de transpiration pour le cou - Minihorse.eu\",\"isPartOf\":{\"@id\":\"https:\\\/\\\/www.minihorse.eu\\\/#website\"},\"primaryImageOfPage\":{\"@id\":\"https:\\\/\\\/www.minihorse.eu\\\/produit\\\/sweat-neck-wrap\\\/#primaryimage\"},\"image\":{\"@id\":\"https:\\\/\\\/www.minihorse.eu\\\/produit\\\/sweat-neck-wrap\\\/#primaryimage\"},\"thumbnailUrl\":\"https:\\\/\\\/www.minihorse.eu\\\/wp-content\\\/uploads\\\/2025\\\/03\\\/Zweet-buikwikkel-1.jpg\",\"datePublished\":\"2025-03-10T19:44:35+00:00\",\"dateModified\":\"2025-03-25T10:43:36+00:00\",\"breadcrumb\":{\"@id\":\"https:\\\/\\\/www.minihorse.eu\\\/produit\\\/sweat-neck-wrap\\\/#breadcrumb\"},\"inLanguage\":\"fr-FR\",\"potentialAction\":[{\"@type\":\"ReadAction\",\"target\":[\"https:\\\/\\\/www.minihorse.eu\\\/produit\\\/sweat-neck-wrap\\\/\"]}]},{\"@type\":\"ImageObject\",\"inLanguage\":\"fr-FR\",\"@id\":\"https:\\\/\\\/www.minihorse.eu\\\/produit\\\/sweat-neck-wrap\\\/#primaryimage\",\"url\":\"https:\\\/\\\/www.minihorse.eu\\\/wp-content\\\/uploads\\\/2025\\\/03\\\/Zweet-buikwikkel-1.jpg\",\"contentUrl\":\"https:\\\/\\\/www.minihorse.eu\\\/wp-content\\\/uploads\\\/2025\\\/03\\\/Zweet-buikwikkel-1.jpg\",\"width\":384,\"height\":288},{\"@type\":\"BreadcrumbList\",\"@id\":\"https:\\\/\\\/www.minihorse.eu\\\/produit\\\/sweat-neck-wrap\\\/#breadcrumb\",\"itemListElement\":[{\"@type\":\"ListItem\",\"position\":1,\"name\":\"Home\",\"item\":\"https:\\\/\\\/www.minihorse.eu\\\/fr\\\/accueil\\\/\"},{\"@type\":\"ListItem\",\"position\":2,\"name\":\"Boutique\",\"item\":\"https:\\\/\\\/www.minihorse.eu\\\/fr\\\/boutique\\\/\"},{\"@type\":\"ListItem\",\"position\":3,\"name\":\"Bandage de transpiration pour le cou\"}]},{\"@type\":\"WebSite\",\"@id\":\"https:\\\/\\\/www.minihorse.eu\\\/#website\",\"url\":\"https:\\\/\\\/www.minihorse.eu\\\/\",\"name\":\"Minihorse.eu\",\"description\":\"The #1 store for Miniature Horses\",\"publisher\":{\"@id\":\"https:\\\/\\\/www.minihorse.eu\\\/#organization\"},\"potentialAction\":[{\"@type\":\"SearchAction\",\"target\":{\"@type\":\"EntryPoint\",\"urlTemplate\":\"https:\\\/\\\/www.minihorse.eu\\\/?s={search_term_string}\"},\"query-input\":{\"@type\":\"PropertyValueSpecification\",\"valueRequired\":true,\"valueName\":\"search_term_string\"}}],\"inLanguage\":\"fr-FR\"},{\"@type\":\"Organization\",\"@id\":\"https:\\\/\\\/www.minihorse.eu\\\/#organization\",\"name\":\"Minihorse.eu\",\"url\":\"https:\\\/\\\/www.minihorse.eu\\\/\",\"logo\":{\"@type\":\"ImageObject\",\"inLanguage\":\"fr-FR\",\"@id\":\"https:\\\/\\\/www.minihorse.eu\\\/#\\\/schema\\\/logo\\\/image\\\/\",\"url\":\"https:\\\/\\\/www.minihorse.eu\\\/wp-content\\\/uploads\\\/2024\\\/08\\\/Logo-minihorse-ext.png\",\"contentUrl\":\"https:\\\/\\\/www.minihorse.eu\\\/wp-content\\\/uploads\\\/2024\\\/08\\\/Logo-minihorse-ext.png\",\"width\":500,\"height\":500,\"caption\":\"Minihorse.eu\"},\"image\":{\"@id\":\"https:\\\/\\\/www.minihorse.eu\\\/#\\\/schema\\\/logo\\\/image\\\/\"},\"sameAs\":[\"https:\\\/\\\/www.facebook.com\\\/profile.php?id=100063487117479\"]}]}<\/script>\n<!-- \/ Yoast SEO plugin. -->","yoast_head_json":{"title":"Bandage de transpiration pour le cou - Minihorse.eu","robots":{"index":"index","follow":"follow","max-snippet":"max-snippet:-1","max-image-preview":"max-image-preview:large","max-video-preview":"max-video-preview:-1"},"canonical":"https:\/\/www.minihorse.eu\/produit\/sweat-neck-wrap\/","og_locale":"fr_FR","og_type":"article","og_title":"Bandage de transpiration pour le cou - Minihorse.eu","og_description":"Pr\u00e9parez votre cheval miniature pour les comp\u00e9titions avec le bandage de transpiration pour le cou. Ce couvre-nuque est essentiel pour tous ceux qui souhaitent que leur cheval miniature soit en pleine forme, vous aidant \u00e0 obtenir les meilleurs r\u00e9sultats pour r\u00e9ussir en comp\u00e9tition. Taille : 37 cm de large \/ 170 cm de long, n\u00e9opr\u00e8ne : 28 cm de large \/ 75 cm de long.","og_url":"https:\/\/www.minihorse.eu\/produit\/sweat-neck-wrap\/","og_site_name":"Minihorse.eu","article_publisher":"https:\/\/www.facebook.com\/profile.php?id=100063487117479","article_modified_time":"2025-03-25T10:43:36+00:00","og_image":[{"width":384,"height":288,"url":"https:\/\/www.minihorse.eu\/wp-content\/uploads\/2025\/03\/Zweet-buikwikkel-1.jpg","type":"image\/jpeg"}],"twitter_card":"summary_large_image","schema":{"@context":"https:\/\/schema.org","@graph":[{"@type":"WebPage","@id":"https:\/\/www.minihorse.eu\/produit\/sweat-neck-wrap\/","url":"https:\/\/www.minihorse.eu\/produit\/sweat-neck-wrap\/","name":"Bandage de transpiration pour le cou - Minihorse.eu","isPartOf":{"@id":"https:\/\/www.minihorse.eu\/#website"},"primaryImageOfPage":{"@id":"https:\/\/www.minihorse.eu\/produit\/sweat-neck-wrap\/#primaryimage"},"image":{"@id":"https:\/\/www.minihorse.eu\/produit\/sweat-neck-wrap\/#primaryimage"},"thumbnailUrl":"https:\/\/www.minihorse.eu\/wp-content\/uploads\/2025\/03\/Zweet-buikwikkel-1.jpg","datePublished":"2025-03-10T19:44:35+00:00","dateModified":"2025-03-25T10:43:36+00:00","breadcrumb":{"@id":"https:\/\/www.minihorse.eu\/produit\/sweat-neck-wrap\/#breadcrumb"},"inLanguage":"fr-FR","potentialAction":[{"@type":"ReadAction","target":["https:\/\/www.minihorse.eu\/produit\/sweat-neck-wrap\/"]}]},{"@type":"ImageObject","inLanguage":"fr-FR","@id":"https:\/\/www.minihorse.eu\/produit\/sweat-neck-wrap\/#primaryimage","url":"https:\/\/www.minihorse.eu\/wp-content\/uploads\/2025\/03\/Zweet-buikwikkel-1.jpg","contentUrl":"https:\/\/www.minihorse.eu\/wp-content\/uploads\/2025\/03\/Zweet-buikwikkel-1.jpg","width":384,"height":288},{"@type":"BreadcrumbList","@id":"https:\/\/www.minihorse.eu\/produit\/sweat-neck-wrap\/#breadcrumb","itemListElement":[{"@type":"ListItem","position":1,"name":"Home","item":"https:\/\/www.minihorse.eu\/fr\/accueil\/"},{"@type":"ListItem","position":2,"name":"Boutique","item":"https:\/\/www.minihorse.eu\/fr\/boutique\/"},{"@type":"ListItem","position":3,"name":"Bandage de transpiration pour le cou"}]},{"@type":"WebSite","@id":"https:\/\/www.minihorse.eu\/#website","url":"https:\/\/www.minihorse.eu\/","name":"Minihorse.eu","description":"The #1 store for Miniature Horses","publisher":{"@id":"https:\/\/www.minihorse.eu\/#organization"},"potentialAction":[{"@type":"SearchAction","target":{"@type":"EntryPoint","urlTemplate":"https:\/\/www.minihorse.eu\/?s={search_term_string}"},"query-input":{"@type":"PropertyValueSpecification","valueRequired":true,"valueName":"search_term_string"}}],"inLanguage":"fr-FR"},{"@type":"Organization","@id":"https:\/\/www.minihorse.eu\/#organization","name":"Minihorse.eu","url":"https:\/\/www.minihorse.eu\/","logo":{"@type":"ImageObject","inLanguage":"fr-FR","@id":"https:\/\/www.minihorse.eu\/#\/schema\/logo\/image\/","url":"https:\/\/www.minihorse.eu\/wp-content\/uploads\/2024\/08\/Logo-minihorse-ext.png","contentUrl":"https:\/\/www.minihorse.eu\/wp-content\/uploads\/2024\/08\/Logo-minihorse-ext.png","width":500,"height":500,"caption":"Minihorse.eu"},"image":{"@id":"https:\/\/www.minihorse.eu\/#\/schema\/logo\/image\/"},"sameAs":["https:\/\/www.facebook.com\/profile.php?id=100063487117479"]}]}},"jetpack_sharing_enabled":true,"_links":{"self":[{"href":"https:\/\/www.minihorse.eu\/fr\/wp-json\/wp\/v2\/product\/7391","targetHints":{"allow":["GET"]}}],"collection":[{"href":"https:\/\/www.minihorse.eu\/fr\/wp-json\/wp\/v2\/product"}],"about":[{"href":"https:\/\/www.minihorse.eu\/fr\/wp-json\/wp\/v2\/types\/product"}],"replies":[{"embeddable":true,"href":"https:\/\/www.minihorse.eu\/fr\/wp-json\/wp\/v2\/comments?post=7391"}],"wp:featuredmedia":[{"embeddable":true,"href":"https:\/\/www.minihorse.eu\/fr\/wp-json\/wp\/v2\/media\/7407"}],"wp:attachment":[{"href":"https:\/\/www.minihorse.eu\/fr\/wp-json\/wp\/v2\/media?parent=7391"}],"wp:term":[{"taxonomy":"product_brand","embeddable":true,"href":"https:\/\/www.minihorse.eu\/fr\/wp-json\/wp\/v2\/product_brand?post=7391"},{"taxonomy":"product_cat","embeddable":true,"href":"https:\/\/www.minihorse.eu\/fr\/wp-json\/wp\/v2\/product_cat?post=7391"},{"taxonomy":"product_tag","embeddable":true,"href":"https:\/\/www.minihorse.eu\/fr\/wp-json\/wp\/v2\/product_tag?post=7391"}],"curies":[{"name":"wp","href":"https:\/\/api.w.org\/{rel}","templated":true}]}}