{"id":7482,"date":"2025-03-10T22:15:07","date_gmt":"2025-03-10T22:15:07","guid":{"rendered":"https:\/\/horselandshop.com\/product\/lotion-de-sudation-ultra-great-neck-ii-2\/"},"modified":"2025-06-30T19:50:53","modified_gmt":"2025-06-30T19:50:53","slug":"lotion-de-sudation-ultra-great-neck-ii-2","status":"publish","type":"product","link":"https:\/\/www.minihorse.eu\/fr\/produit\/lotion-de-sudation-ultra-great-neck-ii-2\/","title":{"rendered":"Lotion de Sudation Ultra Great Neck II"},"content":{"rendered":"<p>D\u00e9finissez l&rsquo;encolure et le col de votre cheval comme jamais auparavant avec la <strong>Lotion Ultra Great Neck II.<\/strong> Elle est pr\u00e9f\u00e9rable sous une couverture de cou pour favoriser la production de sueur et obtenir des r\u00e9sultats imm\u00e9diats. Ce gel de sueur pour le cou du cheval offre des r\u00e9sultats en toute s\u00e9curit\u00e9 sans provoquer d&rsquo;ampoules ni de d\u00e9coloration des poils. <\/p>\n<p>Disponible en 3 formats : 473 ml, 946 ml, 3,7 litres.<\/p>\n","protected":false},"excerpt":{"rendered":"<p>D\u00e9finissez l&rsquo;encolure et le col de votre cheval comme jamais auparavant avec la <strong>Lotion Ultra Great Neck II.<\/strong> Elle est pr\u00e9f\u00e9rable sous une couverture de cou pour favoriser la production de sueur et obtenir des r\u00e9sultats imm\u00e9diats. Ce gel de sueur pour le cou du cheval offre des r\u00e9sultats en toute s\u00e9curit\u00e9 sans provoquer d&rsquo;ampoules ni de d\u00e9coloration des poils. <\/p>\n<p>Disponible en 3 formats : 473 ml, 946 ml, 3,7 litres.<\/p>\n","protected":false},"featured_media":7463,"comment_status":"open","ping_status":"closed","template":"","meta":[],"product_brand":[],"product_cat":[434,422,215],"product_tag":[707,706],"class_list":{"0":"post-7482","1":"product","2":"type-product","3":"status-publish","4":"has-post-thumbnail","6":"product_cat-bandes-de-sudation","7":"product_cat-longer-et-entrainement","8":"product_cat-ultra-fr","9":"product_tag-lotion-de-sudation","10":"product_tag-sweat-neck-fr","12":"first","13":"instock","14":"taxable","15":"shipping-taxable","16":"purchasable","17":"product-type-variable"},"yoast_head":"<!-- This site is optimized with the Yoast SEO plugin v27.5 - https:\/\/yoast.com\/product\/yoast-seo-wordpress\/ -->\n<title>Lotion de Sudation Ultra Great Neck II - Minihorse.eu<\/title>\n<meta name=\"robots\" content=\"index, follow, max-snippet:-1, max-image-preview:large, max-video-preview:-1\" \/>\n<link rel=\"canonical\" href=\"https:\/\/www.minihorse.eu\/produit\/ultra-great-neck-ii-sweat-lotion-2\/\" \/>\n<meta property=\"og:locale\" content=\"fr_FR\" \/>\n<meta property=\"og:type\" content=\"article\" \/>\n<meta property=\"og:title\" content=\"Lotion de Sudation Ultra Great Neck II - Minihorse.eu\" \/>\n<meta property=\"og:description\" content=\"D\u00e9finissez l&#039;encolure et le col de votre cheval comme jamais auparavant avec la Lotion Ultra Great Neck II. Elle est pr\u00e9f\u00e9rable sous une couverture de cou pour favoriser la production de sueur et obtenir des r\u00e9sultats imm\u00e9diats. Ce gel de sueur pour le cou du cheval offre des r\u00e9sultats en toute s\u00e9curit\u00e9 sans provoquer d&#039;ampoules ni de d\u00e9coloration des poils.  Disponible en 3 formats : 473 ml, 946 ml, 3,7 litres.\" \/>\n<meta property=\"og:url\" content=\"https:\/\/www.minihorse.eu\/produit\/ultra-great-neck-ii-sweat-lotion-2\/\" \/>\n<meta property=\"og:site_name\" content=\"Minihorse.eu\" \/>\n<meta property=\"article:publisher\" content=\"https:\/\/www.facebook.com\/profile.php?id=100063487117479\" \/>\n<meta property=\"article:modified_time\" content=\"2025-06-30T19:50:53+00:00\" \/>\n<meta property=\"og:image\" content=\"https:\/\/www.minihorse.eu\/wp-content\/uploads\/2025\/03\/Schermafbeelding-2025-03-10-231715.jpg\" \/>\n\t<meta property=\"og:image:width\" content=\"600\" \/>\n\t<meta property=\"og:image:height\" content=\"600\" \/>\n\t<meta property=\"og:image:type\" content=\"image\/jpeg\" \/>\n<meta name=\"twitter:card\" content=\"summary_large_image\" \/>\n<script type=\"application\/ld+json\" class=\"yoast-schema-graph\">{\"@context\":\"https:\\\/\\\/schema.org\",\"@graph\":[{\"@type\":\"WebPage\",\"@id\":\"https:\\\/\\\/www.minihorse.eu\\\/produit\\\/ultra-great-neck-ii-sweat-lotion-2\\\/\",\"url\":\"https:\\\/\\\/www.minihorse.eu\\\/produit\\\/ultra-great-neck-ii-sweat-lotion-2\\\/\",\"name\":\"Lotion de Sudation Ultra Great Neck II - Minihorse.eu\",\"isPartOf\":{\"@id\":\"https:\\\/\\\/www.minihorse.eu\\\/#website\"},\"primaryImageOfPage\":{\"@id\":\"https:\\\/\\\/www.minihorse.eu\\\/produit\\\/ultra-great-neck-ii-sweat-lotion-2\\\/#primaryimage\"},\"image\":{\"@id\":\"https:\\\/\\\/www.minihorse.eu\\\/produit\\\/ultra-great-neck-ii-sweat-lotion-2\\\/#primaryimage\"},\"thumbnailUrl\":\"https:\\\/\\\/www.minihorse.eu\\\/wp-content\\\/uploads\\\/2025\\\/03\\\/Schermafbeelding-2025-03-10-231715.jpg\",\"datePublished\":\"2025-03-10T22:15:07+00:00\",\"dateModified\":\"2025-06-30T19:50:53+00:00\",\"breadcrumb\":{\"@id\":\"https:\\\/\\\/www.minihorse.eu\\\/produit\\\/ultra-great-neck-ii-sweat-lotion-2\\\/#breadcrumb\"},\"inLanguage\":\"fr-FR\",\"potentialAction\":[{\"@type\":\"ReadAction\",\"target\":[\"https:\\\/\\\/www.minihorse.eu\\\/produit\\\/ultra-great-neck-ii-sweat-lotion-2\\\/\"]}]},{\"@type\":\"ImageObject\",\"inLanguage\":\"fr-FR\",\"@id\":\"https:\\\/\\\/www.minihorse.eu\\\/produit\\\/ultra-great-neck-ii-sweat-lotion-2\\\/#primaryimage\",\"url\":\"https:\\\/\\\/www.minihorse.eu\\\/wp-content\\\/uploads\\\/2025\\\/03\\\/Schermafbeelding-2025-03-10-231715.jpg\",\"contentUrl\":\"https:\\\/\\\/www.minihorse.eu\\\/wp-content\\\/uploads\\\/2025\\\/03\\\/Schermafbeelding-2025-03-10-231715.jpg\",\"width\":600,\"height\":600},{\"@type\":\"BreadcrumbList\",\"@id\":\"https:\\\/\\\/www.minihorse.eu\\\/produit\\\/ultra-great-neck-ii-sweat-lotion-2\\\/#breadcrumb\",\"itemListElement\":[{\"@type\":\"ListItem\",\"position\":1,\"name\":\"Home\",\"item\":\"https:\\\/\\\/www.minihorse.eu\\\/fr\\\/accueil\\\/\"},{\"@type\":\"ListItem\",\"position\":2,\"name\":\"Boutique\",\"item\":\"https:\\\/\\\/www.minihorse.eu\\\/fr\\\/boutique\\\/\"},{\"@type\":\"ListItem\",\"position\":3,\"name\":\"Lotion de Sudation Ultra Great Neck II\"}]},{\"@type\":\"WebSite\",\"@id\":\"https:\\\/\\\/www.minihorse.eu\\\/#website\",\"url\":\"https:\\\/\\\/www.minihorse.eu\\\/\",\"name\":\"Minihorse.eu\",\"description\":\"The #1 store for Miniature Horses\",\"publisher\":{\"@id\":\"https:\\\/\\\/www.minihorse.eu\\\/#organization\"},\"potentialAction\":[{\"@type\":\"SearchAction\",\"target\":{\"@type\":\"EntryPoint\",\"urlTemplate\":\"https:\\\/\\\/www.minihorse.eu\\\/?s={search_term_string}\"},\"query-input\":{\"@type\":\"PropertyValueSpecification\",\"valueRequired\":true,\"valueName\":\"search_term_string\"}}],\"inLanguage\":\"fr-FR\"},{\"@type\":\"Organization\",\"@id\":\"https:\\\/\\\/www.minihorse.eu\\\/#organization\",\"name\":\"Minihorse.eu\",\"url\":\"https:\\\/\\\/www.minihorse.eu\\\/\",\"logo\":{\"@type\":\"ImageObject\",\"inLanguage\":\"fr-FR\",\"@id\":\"https:\\\/\\\/www.minihorse.eu\\\/#\\\/schema\\\/logo\\\/image\\\/\",\"url\":\"https:\\\/\\\/www.minihorse.eu\\\/wp-content\\\/uploads\\\/2024\\\/08\\\/Logo-minihorse-ext.png\",\"contentUrl\":\"https:\\\/\\\/www.minihorse.eu\\\/wp-content\\\/uploads\\\/2024\\\/08\\\/Logo-minihorse-ext.png\",\"width\":500,\"height\":500,\"caption\":\"Minihorse.eu\"},\"image\":{\"@id\":\"https:\\\/\\\/www.minihorse.eu\\\/#\\\/schema\\\/logo\\\/image\\\/\"},\"sameAs\":[\"https:\\\/\\\/www.facebook.com\\\/profile.php?id=100063487117479\"]}]}<\/script>\n<!-- \/ Yoast SEO plugin. -->","yoast_head_json":{"title":"Lotion de Sudation Ultra Great Neck II - Minihorse.eu","robots":{"index":"index","follow":"follow","max-snippet":"max-snippet:-1","max-image-preview":"max-image-preview:large","max-video-preview":"max-video-preview:-1"},"canonical":"https:\/\/www.minihorse.eu\/produit\/ultra-great-neck-ii-sweat-lotion-2\/","og_locale":"fr_FR","og_type":"article","og_title":"Lotion de Sudation Ultra Great Neck II - Minihorse.eu","og_description":"D\u00e9finissez l'encolure et le col de votre cheval comme jamais auparavant avec la Lotion Ultra Great Neck II. Elle est pr\u00e9f\u00e9rable sous une couverture de cou pour favoriser la production de sueur et obtenir des r\u00e9sultats imm\u00e9diats. Ce gel de sueur pour le cou du cheval offre des r\u00e9sultats en toute s\u00e9curit\u00e9 sans provoquer d'ampoules ni de d\u00e9coloration des poils.  Disponible en 3 formats : 473 ml, 946 ml, 3,7 litres.","og_url":"https:\/\/www.minihorse.eu\/produit\/ultra-great-neck-ii-sweat-lotion-2\/","og_site_name":"Minihorse.eu","article_publisher":"https:\/\/www.facebook.com\/profile.php?id=100063487117479","article_modified_time":"2025-06-30T19:50:53+00:00","og_image":[{"width":600,"height":600,"url":"https:\/\/www.minihorse.eu\/wp-content\/uploads\/2025\/03\/Schermafbeelding-2025-03-10-231715.jpg","type":"image\/jpeg"}],"twitter_card":"summary_large_image","schema":{"@context":"https:\/\/schema.org","@graph":[{"@type":"WebPage","@id":"https:\/\/www.minihorse.eu\/produit\/ultra-great-neck-ii-sweat-lotion-2\/","url":"https:\/\/www.minihorse.eu\/produit\/ultra-great-neck-ii-sweat-lotion-2\/","name":"Lotion de Sudation Ultra Great Neck II - Minihorse.eu","isPartOf":{"@id":"https:\/\/www.minihorse.eu\/#website"},"primaryImageOfPage":{"@id":"https:\/\/www.minihorse.eu\/produit\/ultra-great-neck-ii-sweat-lotion-2\/#primaryimage"},"image":{"@id":"https:\/\/www.minihorse.eu\/produit\/ultra-great-neck-ii-sweat-lotion-2\/#primaryimage"},"thumbnailUrl":"https:\/\/www.minihorse.eu\/wp-content\/uploads\/2025\/03\/Schermafbeelding-2025-03-10-231715.jpg","datePublished":"2025-03-10T22:15:07+00:00","dateModified":"2025-06-30T19:50:53+00:00","breadcrumb":{"@id":"https:\/\/www.minihorse.eu\/produit\/ultra-great-neck-ii-sweat-lotion-2\/#breadcrumb"},"inLanguage":"fr-FR","potentialAction":[{"@type":"ReadAction","target":["https:\/\/www.minihorse.eu\/produit\/ultra-great-neck-ii-sweat-lotion-2\/"]}]},{"@type":"ImageObject","inLanguage":"fr-FR","@id":"https:\/\/www.minihorse.eu\/produit\/ultra-great-neck-ii-sweat-lotion-2\/#primaryimage","url":"https:\/\/www.minihorse.eu\/wp-content\/uploads\/2025\/03\/Schermafbeelding-2025-03-10-231715.jpg","contentUrl":"https:\/\/www.minihorse.eu\/wp-content\/uploads\/2025\/03\/Schermafbeelding-2025-03-10-231715.jpg","width":600,"height":600},{"@type":"BreadcrumbList","@id":"https:\/\/www.minihorse.eu\/produit\/ultra-great-neck-ii-sweat-lotion-2\/#breadcrumb","itemListElement":[{"@type":"ListItem","position":1,"name":"Home","item":"https:\/\/www.minihorse.eu\/fr\/accueil\/"},{"@type":"ListItem","position":2,"name":"Boutique","item":"https:\/\/www.minihorse.eu\/fr\/boutique\/"},{"@type":"ListItem","position":3,"name":"Lotion de Sudation Ultra Great Neck II"}]},{"@type":"WebSite","@id":"https:\/\/www.minihorse.eu\/#website","url":"https:\/\/www.minihorse.eu\/","name":"Minihorse.eu","description":"The #1 store for Miniature Horses","publisher":{"@id":"https:\/\/www.minihorse.eu\/#organization"},"potentialAction":[{"@type":"SearchAction","target":{"@type":"EntryPoint","urlTemplate":"https:\/\/www.minihorse.eu\/?s={search_term_string}"},"query-input":{"@type":"PropertyValueSpecification","valueRequired":true,"valueName":"search_term_string"}}],"inLanguage":"fr-FR"},{"@type":"Organization","@id":"https:\/\/www.minihorse.eu\/#organization","name":"Minihorse.eu","url":"https:\/\/www.minihorse.eu\/","logo":{"@type":"ImageObject","inLanguage":"fr-FR","@id":"https:\/\/www.minihorse.eu\/#\/schema\/logo\/image\/","url":"https:\/\/www.minihorse.eu\/wp-content\/uploads\/2024\/08\/Logo-minihorse-ext.png","contentUrl":"https:\/\/www.minihorse.eu\/wp-content\/uploads\/2024\/08\/Logo-minihorse-ext.png","width":500,"height":500,"caption":"Minihorse.eu"},"image":{"@id":"https:\/\/www.minihorse.eu\/#\/schema\/logo\/image\/"},"sameAs":["https:\/\/www.facebook.com\/profile.php?id=100063487117479"]}]}},"jetpack_sharing_enabled":true,"_links":{"self":[{"href":"https:\/\/www.minihorse.eu\/fr\/wp-json\/wp\/v2\/product\/7482","targetHints":{"allow":["GET"]}}],"collection":[{"href":"https:\/\/www.minihorse.eu\/fr\/wp-json\/wp\/v2\/product"}],"about":[{"href":"https:\/\/www.minihorse.eu\/fr\/wp-json\/wp\/v2\/types\/product"}],"replies":[{"embeddable":true,"href":"https:\/\/www.minihorse.eu\/fr\/wp-json\/wp\/v2\/comments?post=7482"}],"wp:featuredmedia":[{"embeddable":true,"href":"https:\/\/www.minihorse.eu\/fr\/wp-json\/wp\/v2\/media\/7463"}],"wp:attachment":[{"href":"https:\/\/www.minihorse.eu\/fr\/wp-json\/wp\/v2\/media?parent=7482"}],"wp:term":[{"taxonomy":"product_brand","embeddable":true,"href":"https:\/\/www.minihorse.eu\/fr\/wp-json\/wp\/v2\/product_brand?post=7482"},{"taxonomy":"product_cat","embeddable":true,"href":"https:\/\/www.minihorse.eu\/fr\/wp-json\/wp\/v2\/product_cat?post=7482"},{"taxonomy":"product_tag","embeddable":true,"href":"https:\/\/www.minihorse.eu\/fr\/wp-json\/wp\/v2\/product_tag?post=7482"}],"curies":[{"name":"wp","href":"https:\/\/api.w.org\/{rel}","templated":true}]}}