{"id":7495,"date":"2025-03-07T23:35:16","date_gmt":"2025-03-07T23:35:16","guid":{"rendered":"https:\/\/horselandshop.com\/product\/shapleys-medi-care-shampoo-946-ml\/"},"modified":"2026-03-03T12:35:18","modified_gmt":"2026-03-03T12:35:18","slug":"shapleys-medi-care-shampoo-946-ml","status":"publish","type":"product","link":"https:\/\/www.minihorse.eu\/fr\/produit\/shapleys-medi-care-shampoo-946-ml\/","title":{"rendered":"Shapley&rsquo;s Medi-Care shampoo 946 ml"},"content":{"rendered":"<p><strong>Le shampooing Medi-Care<\/strong> est un <span class=\"wixui-rich-text__text\"><span class=\"color_11 wixui-rich-text__text\">shampooing antibact\u00e9rien et antifongique <\/span><\/span>\u00e0 base d&rsquo;huiles d&rsquo;arbre \u00e0 th\u00e9 et de citronnelle. La combinaison de ces deux ingr\u00e9dients cr\u00e9e un shampooing qui traite et pr\u00e9vient efficacement et en toute s\u00e9curit\u00e9 les irritations et infections cutan\u00e9es. <\/p>\n<p>Le shampooing Medi-Care est un shampooing in\u00e9gal\u00e9 qui nourrit en douceur mais en profondeur le pelage, la crini\u00e8re et la queue, offrant ainsi une peau saine avec un pelage, une crini\u00e8re et une queue brillants. Le shampooing Medi-Care est \u00e9galement sans danger pour les chiens et autres animaux de ferme. <\/p>\n<p class=\"font_8 wixui-rich-text__text\"><span class=\"wixui-rich-text__text\"><span class=\"color_11 wixui-rich-text__text\">Il a \u00e9t\u00e9 prouv\u00e9 qu&rsquo;il aide \u00e0 traiter, \u00e0 favoriser la gu\u00e9rison et \u00e0 pr\u00e9venir les \u00e9gratignures, la pourriture de la pluie et de nombreuses autres affections cutan\u00e9es. Suffisamment doux pour \u00eatre utilis\u00e9 quotidiennement, tout en laissant le pelage de votre cheval sain et brillant. Merveilleux pour vos chiens \u00e9galement.   Peut \u00eatre utilis\u00e9 seul ou avec M-T-G ou M-T-G Plus pour aider \u00e0 gu\u00e9rir de nombreux probl\u00e8mes de peau. <\/span><\/span><\/p>\n<p class=\"font_8 wixui-rich-text__text\"><span class=\"wixui-rich-text__text\"><span class=\"color_11 wixui-rich-text__text\">Les huiles de citronnelle et d&rsquo;arbre \u00e0 th\u00e9 sont ajout\u00e9es pour apaiser et traiter la peau, tout en cr\u00e9ant un ar\u00f4me merveilleux et relaxant.<\/span><\/span><\/p>\n<p class=\"font_8 wixui-rich-text__text\"><span class=\"wixui-rich-text__text\">Disponible en bouteilles de 946 ml.<\/span><\/p>\n","protected":false},"excerpt":{"rendered":"<p><strong>Le shampooing Medi-Care<\/strong> est un <span class=\"wixui-rich-text__text\"><span class=\"color_11 wixui-rich-text__text\">shampooing antibact\u00e9rien et antifongique <\/span><\/span>\u00e0 base d&rsquo;huiles d&rsquo;arbre \u00e0 th\u00e9 et de citronnelle. La combinaison de ces deux ingr\u00e9dients cr\u00e9e un shampooing qui traite et pr\u00e9vient efficacement et en toute s\u00e9curit\u00e9 les irritations et infections cutan\u00e9es. <\/p>\n<p>Le shampooing Medi-Care est un shampooing in\u00e9gal\u00e9 qui nourrit en douceur mais en profondeur le pelage, la crini\u00e8re et la queue, offrant ainsi une peau saine avec un pelage, une crini\u00e8re et une queue brillants. Le shampooing Medi-Care est \u00e9galement sans danger pour les chiens et autres animaux de ferme. <\/p>\n<p class=\"font_8 wixui-rich-text__text\"><span class=\"wixui-rich-text__text\">Disponible en bouteilles de 946 ml.<\/span><\/p>\n","protected":false},"featured_media":7674,"comment_status":"open","ping_status":"closed","template":"","meta":[],"product_brand":[],"product_cat":[179,209,210],"product_tag":[713,712],"class_list":{"0":"post-7495","1":"product","2":"type-product","3":"status-publish","4":"has-post-thumbnail","6":"product_cat-meilleures-ventes","7":"product_cat-sante","8":"product_cat-shapleys-fr","9":"product_tag-medi-care-shampoing","10":"product_tag-shapleys-fr","12":"first","13":"instock","14":"taxable","15":"shipping-taxable","16":"purchasable","17":"product-type-variable"},"yoast_head":"<!-- This site is optimized with the Yoast SEO plugin v27.5 - https:\/\/yoast.com\/product\/yoast-seo-wordpress\/ -->\n<title>Shapley&#039;s Medi-Care shampoo 946 ml - Minihorse.eu<\/title>\n<meta name=\"description\" content=\"Le shampooing Medi-Care est un shampooing \u00e0 base d&#039;huiles d&#039;arbre \u00e0 th\u00e9 et de citronnelle qui traite et pr\u00e9vient efficacement et en toute s\u00e9curit\u00e9 les irritations et les infections de la peau.\" \/>\n<meta name=\"robots\" content=\"index, follow, max-snippet:-1, max-image-preview:large, max-video-preview:-1\" \/>\n<link rel=\"canonical\" href=\"https:\/\/www.minihorse.eu\/fr\/produit\/shapleys-medi-care-shampoo-946-ml\/\" \/>\n<meta property=\"og:locale\" content=\"fr_FR\" \/>\n<meta property=\"og:type\" content=\"article\" \/>\n<meta property=\"og:title\" content=\"Shapley&#039;s Medi-Care shampoo 946 ml - Minihorse.eu\" \/>\n<meta property=\"og:description\" content=\"Le shampooing Medi-Care est un shampooing \u00e0 base d&#039;huiles d&#039;arbre \u00e0 th\u00e9 et de citronnelle qui traite et pr\u00e9vient efficacement et en toute s\u00e9curit\u00e9 les irritations et les infections de la peau.\" \/>\n<meta property=\"og:url\" content=\"https:\/\/www.minihorse.eu\/fr\/produit\/shapleys-medi-care-shampoo-946-ml\/\" \/>\n<meta property=\"og:site_name\" content=\"Minihorse.eu\" \/>\n<meta property=\"article:publisher\" content=\"https:\/\/www.facebook.com\/profile.php?id=100063487117479\" \/>\n<meta property=\"article:modified_time\" content=\"2026-03-03T12:35:18+00:00\" \/>\n<meta property=\"og:image\" content=\"https:\/\/www.minihorse.eu\/wp-content\/uploads\/2025\/03\/Medi-Care.jpg\" \/>\n\t<meta property=\"og:image:width\" content=\"600\" \/>\n\t<meta property=\"og:image:height\" content=\"600\" \/>\n\t<meta property=\"og:image:type\" content=\"image\/jpeg\" \/>\n<meta name=\"twitter:card\" content=\"summary_large_image\" \/>\n<meta name=\"twitter:label1\" content=\"Dur\u00e9e de lecture estim\u00e9e\" \/>\n\t<meta name=\"twitter:data1\" content=\"1 minute\" \/>\n<script type=\"application\/ld+json\" class=\"yoast-schema-graph\">{\"@context\":\"https:\\\/\\\/schema.org\",\"@graph\":[{\"@type\":\"WebPage\",\"@id\":\"https:\\\/\\\/www.minihorse.eu\\\/fr\\\/produit\\\/shapleys-medi-care-shampoo-946-ml\\\/\",\"url\":\"https:\\\/\\\/www.minihorse.eu\\\/fr\\\/produit\\\/shapleys-medi-care-shampoo-946-ml\\\/\",\"name\":\"Shapley's Medi-Care shampoo 946 ml - Minihorse.eu\",\"isPartOf\":{\"@id\":\"https:\\\/\\\/www.minihorse.eu\\\/#website\"},\"primaryImageOfPage\":{\"@id\":\"https:\\\/\\\/www.minihorse.eu\\\/fr\\\/produit\\\/shapleys-medi-care-shampoo-946-ml\\\/#primaryimage\"},\"image\":{\"@id\":\"https:\\\/\\\/www.minihorse.eu\\\/fr\\\/produit\\\/shapleys-medi-care-shampoo-946-ml\\\/#primaryimage\"},\"thumbnailUrl\":\"https:\\\/\\\/www.minihorse.eu\\\/wp-content\\\/uploads\\\/2025\\\/03\\\/Medi-Care.jpg\",\"datePublished\":\"2025-03-07T23:35:16+00:00\",\"dateModified\":\"2026-03-03T12:35:18+00:00\",\"description\":\"Le shampooing Medi-Care est un shampooing \u00e0 base d'huiles d'arbre \u00e0 th\u00e9 et de citronnelle qui traite et pr\u00e9vient efficacement et en toute s\u00e9curit\u00e9 les irritations et les infections de la peau.\",\"breadcrumb\":{\"@id\":\"https:\\\/\\\/www.minihorse.eu\\\/fr\\\/produit\\\/shapleys-medi-care-shampoo-946-ml\\\/#breadcrumb\"},\"inLanguage\":\"fr-FR\",\"potentialAction\":[{\"@type\":\"ReadAction\",\"target\":[\"https:\\\/\\\/www.minihorse.eu\\\/fr\\\/produit\\\/shapleys-medi-care-shampoo-946-ml\\\/\"]}]},{\"@type\":\"ImageObject\",\"inLanguage\":\"fr-FR\",\"@id\":\"https:\\\/\\\/www.minihorse.eu\\\/fr\\\/produit\\\/shapleys-medi-care-shampoo-946-ml\\\/#primaryimage\",\"url\":\"https:\\\/\\\/www.minihorse.eu\\\/wp-content\\\/uploads\\\/2025\\\/03\\\/Medi-Care.jpg\",\"contentUrl\":\"https:\\\/\\\/www.minihorse.eu\\\/wp-content\\\/uploads\\\/2025\\\/03\\\/Medi-Care.jpg\",\"width\":600,\"height\":600},{\"@type\":\"BreadcrumbList\",\"@id\":\"https:\\\/\\\/www.minihorse.eu\\\/fr\\\/produit\\\/shapleys-medi-care-shampoo-946-ml\\\/#breadcrumb\",\"itemListElement\":[{\"@type\":\"ListItem\",\"position\":1,\"name\":\"Home\",\"item\":\"https:\\\/\\\/www.minihorse.eu\\\/fr\\\/accueil\\\/\"},{\"@type\":\"ListItem\",\"position\":2,\"name\":\"Boutique\",\"item\":\"https:\\\/\\\/www.minihorse.eu\\\/fr\\\/boutique\\\/\"},{\"@type\":\"ListItem\",\"position\":3,\"name\":\"Shapley&rsquo;s Medi-Care shampoo 946 ml\"}]},{\"@type\":\"WebSite\",\"@id\":\"https:\\\/\\\/www.minihorse.eu\\\/#website\",\"url\":\"https:\\\/\\\/www.minihorse.eu\\\/\",\"name\":\"Minihorse.eu\",\"description\":\"The #1 store for Miniature Horses\",\"publisher\":{\"@id\":\"https:\\\/\\\/www.minihorse.eu\\\/#organization\"},\"potentialAction\":[{\"@type\":\"SearchAction\",\"target\":{\"@type\":\"EntryPoint\",\"urlTemplate\":\"https:\\\/\\\/www.minihorse.eu\\\/?s={search_term_string}\"},\"query-input\":{\"@type\":\"PropertyValueSpecification\",\"valueRequired\":true,\"valueName\":\"search_term_string\"}}],\"inLanguage\":\"fr-FR\"},{\"@type\":\"Organization\",\"@id\":\"https:\\\/\\\/www.minihorse.eu\\\/#organization\",\"name\":\"Minihorse.eu\",\"url\":\"https:\\\/\\\/www.minihorse.eu\\\/\",\"logo\":{\"@type\":\"ImageObject\",\"inLanguage\":\"fr-FR\",\"@id\":\"https:\\\/\\\/www.minihorse.eu\\\/#\\\/schema\\\/logo\\\/image\\\/\",\"url\":\"https:\\\/\\\/www.minihorse.eu\\\/wp-content\\\/uploads\\\/2024\\\/08\\\/Logo-minihorse-ext.png\",\"contentUrl\":\"https:\\\/\\\/www.minihorse.eu\\\/wp-content\\\/uploads\\\/2024\\\/08\\\/Logo-minihorse-ext.png\",\"width\":500,\"height\":500,\"caption\":\"Minihorse.eu\"},\"image\":{\"@id\":\"https:\\\/\\\/www.minihorse.eu\\\/#\\\/schema\\\/logo\\\/image\\\/\"},\"sameAs\":[\"https:\\\/\\\/www.facebook.com\\\/profile.php?id=100063487117479\"]}]}<\/script>\n<!-- \/ Yoast SEO plugin. -->","yoast_head_json":{"title":"Shapley's Medi-Care shampoo 946 ml - Minihorse.eu","description":"Le shampooing Medi-Care est un shampooing \u00e0 base d'huiles d'arbre \u00e0 th\u00e9 et de citronnelle qui traite et pr\u00e9vient efficacement et en toute s\u00e9curit\u00e9 les irritations et les infections de la peau.","robots":{"index":"index","follow":"follow","max-snippet":"max-snippet:-1","max-image-preview":"max-image-preview:large","max-video-preview":"max-video-preview:-1"},"canonical":"https:\/\/www.minihorse.eu\/fr\/produit\/shapleys-medi-care-shampoo-946-ml\/","og_locale":"fr_FR","og_type":"article","og_title":"Shapley's Medi-Care shampoo 946 ml - Minihorse.eu","og_description":"Le shampooing Medi-Care est un shampooing \u00e0 base d'huiles d'arbre \u00e0 th\u00e9 et de citronnelle qui traite et pr\u00e9vient efficacement et en toute s\u00e9curit\u00e9 les irritations et les infections de la peau.","og_url":"https:\/\/www.minihorse.eu\/fr\/produit\/shapleys-medi-care-shampoo-946-ml\/","og_site_name":"Minihorse.eu","article_publisher":"https:\/\/www.facebook.com\/profile.php?id=100063487117479","article_modified_time":"2026-03-03T12:35:18+00:00","og_image":[{"width":600,"height":600,"url":"https:\/\/www.minihorse.eu\/wp-content\/uploads\/2025\/03\/Medi-Care.jpg","type":"image\/jpeg"}],"twitter_card":"summary_large_image","twitter_misc":{"Dur\u00e9e de lecture estim\u00e9e":"1 minute"},"schema":{"@context":"https:\/\/schema.org","@graph":[{"@type":"WebPage","@id":"https:\/\/www.minihorse.eu\/fr\/produit\/shapleys-medi-care-shampoo-946-ml\/","url":"https:\/\/www.minihorse.eu\/fr\/produit\/shapleys-medi-care-shampoo-946-ml\/","name":"Shapley's Medi-Care shampoo 946 ml - Minihorse.eu","isPartOf":{"@id":"https:\/\/www.minihorse.eu\/#website"},"primaryImageOfPage":{"@id":"https:\/\/www.minihorse.eu\/fr\/produit\/shapleys-medi-care-shampoo-946-ml\/#primaryimage"},"image":{"@id":"https:\/\/www.minihorse.eu\/fr\/produit\/shapleys-medi-care-shampoo-946-ml\/#primaryimage"},"thumbnailUrl":"https:\/\/www.minihorse.eu\/wp-content\/uploads\/2025\/03\/Medi-Care.jpg","datePublished":"2025-03-07T23:35:16+00:00","dateModified":"2026-03-03T12:35:18+00:00","description":"Le shampooing Medi-Care est un shampooing \u00e0 base d'huiles d'arbre \u00e0 th\u00e9 et de citronnelle qui traite et pr\u00e9vient efficacement et en toute s\u00e9curit\u00e9 les irritations et les infections de la peau.","breadcrumb":{"@id":"https:\/\/www.minihorse.eu\/fr\/produit\/shapleys-medi-care-shampoo-946-ml\/#breadcrumb"},"inLanguage":"fr-FR","potentialAction":[{"@type":"ReadAction","target":["https:\/\/www.minihorse.eu\/fr\/produit\/shapleys-medi-care-shampoo-946-ml\/"]}]},{"@type":"ImageObject","inLanguage":"fr-FR","@id":"https:\/\/www.minihorse.eu\/fr\/produit\/shapleys-medi-care-shampoo-946-ml\/#primaryimage","url":"https:\/\/www.minihorse.eu\/wp-content\/uploads\/2025\/03\/Medi-Care.jpg","contentUrl":"https:\/\/www.minihorse.eu\/wp-content\/uploads\/2025\/03\/Medi-Care.jpg","width":600,"height":600},{"@type":"BreadcrumbList","@id":"https:\/\/www.minihorse.eu\/fr\/produit\/shapleys-medi-care-shampoo-946-ml\/#breadcrumb","itemListElement":[{"@type":"ListItem","position":1,"name":"Home","item":"https:\/\/www.minihorse.eu\/fr\/accueil\/"},{"@type":"ListItem","position":2,"name":"Boutique","item":"https:\/\/www.minihorse.eu\/fr\/boutique\/"},{"@type":"ListItem","position":3,"name":"Shapley&rsquo;s Medi-Care shampoo 946 ml"}]},{"@type":"WebSite","@id":"https:\/\/www.minihorse.eu\/#website","url":"https:\/\/www.minihorse.eu\/","name":"Minihorse.eu","description":"The #1 store for Miniature Horses","publisher":{"@id":"https:\/\/www.minihorse.eu\/#organization"},"potentialAction":[{"@type":"SearchAction","target":{"@type":"EntryPoint","urlTemplate":"https:\/\/www.minihorse.eu\/?s={search_term_string}"},"query-input":{"@type":"PropertyValueSpecification","valueRequired":true,"valueName":"search_term_string"}}],"inLanguage":"fr-FR"},{"@type":"Organization","@id":"https:\/\/www.minihorse.eu\/#organization","name":"Minihorse.eu","url":"https:\/\/www.minihorse.eu\/","logo":{"@type":"ImageObject","inLanguage":"fr-FR","@id":"https:\/\/www.minihorse.eu\/#\/schema\/logo\/image\/","url":"https:\/\/www.minihorse.eu\/wp-content\/uploads\/2024\/08\/Logo-minihorse-ext.png","contentUrl":"https:\/\/www.minihorse.eu\/wp-content\/uploads\/2024\/08\/Logo-minihorse-ext.png","width":500,"height":500,"caption":"Minihorse.eu"},"image":{"@id":"https:\/\/www.minihorse.eu\/#\/schema\/logo\/image\/"},"sameAs":["https:\/\/www.facebook.com\/profile.php?id=100063487117479"]}]}},"jetpack_sharing_enabled":true,"_links":{"self":[{"href":"https:\/\/www.minihorse.eu\/fr\/wp-json\/wp\/v2\/product\/7495","targetHints":{"allow":["GET"]}}],"collection":[{"href":"https:\/\/www.minihorse.eu\/fr\/wp-json\/wp\/v2\/product"}],"about":[{"href":"https:\/\/www.minihorse.eu\/fr\/wp-json\/wp\/v2\/types\/product"}],"replies":[{"embeddable":true,"href":"https:\/\/www.minihorse.eu\/fr\/wp-json\/wp\/v2\/comments?post=7495"}],"wp:featuredmedia":[{"embeddable":true,"href":"https:\/\/www.minihorse.eu\/fr\/wp-json\/wp\/v2\/media\/7674"}],"wp:attachment":[{"href":"https:\/\/www.minihorse.eu\/fr\/wp-json\/wp\/v2\/media?parent=7495"}],"wp:term":[{"taxonomy":"product_brand","embeddable":true,"href":"https:\/\/www.minihorse.eu\/fr\/wp-json\/wp\/v2\/product_brand?post=7495"},{"taxonomy":"product_cat","embeddable":true,"href":"https:\/\/www.minihorse.eu\/fr\/wp-json\/wp\/v2\/product_cat?post=7495"},{"taxonomy":"product_tag","embeddable":true,"href":"https:\/\/www.minihorse.eu\/fr\/wp-json\/wp\/v2\/product_tag?post=7495"}],"curies":[{"name":"wp","href":"https:\/\/api.w.org\/{rel}","templated":true}]}}