{"id":7500,"date":"2025-03-07T23:26:52","date_gmt":"2025-03-07T23:26:52","guid":{"rendered":"https:\/\/horselandshop.com\/product\/mane-mousse-397-gr\/"},"modified":"2025-06-18T13:10:51","modified_gmt":"2025-06-18T13:10:51","slug":"mane-mousse-397-gr","status":"publish","type":"product","link":"https:\/\/www.minihorse.eu\/fr\/produit\/mane-mousse-397-gr\/","title":{"rendered":"Mane Mousse 397 gr"},"content":{"rendered":"<p><strong>Mane Mousse<\/strong> dompte les crins rebelles. Cette formule unique am\u00e9liore le contr\u00f4le de la crini\u00e8re et de la queue tout en ajoutant de l&rsquo;apr\u00e8s-shampooing et de la brillance. Mane Mousse contr\u00f4le les crins charg\u00e9s d&rsquo;\u00e9lectricit\u00e9 statique ainsi que les crins courts ou ondul\u00e9s qui ont tendance \u00e0 garder cette forme. Mane Mousse offre un contr\u00f4le optimal de la crini\u00e8re et de la queue, quelle que soit leur longueur, m\u00eame par temps humide et venteux, avec un aspect et un toucher naturels. Mane Mousse assure une tenue parfaite pour des tresses plus serr\u00e9es et des chignons plus nets. Mane Mousse offre satisfaction et ondulations apr\u00e8s application sur la queue.     <\/p>\n<p>Mode d&#8217;emploi :<\/p>\n<ul>\n<li>Bien agiter avant utilisation. Vaporisez Mane Mousse sur la main et \u00e9ventuellement sur la crini\u00e8re. <\/li>\n<li>En pr\u00e9paration pour les tresses et les chignons, appliquez \u00e9ventuellement Mane Mousse sur le haut de la crini\u00e8re et frottez jusqu&rsquo;\u00e0 ce que la mousse ait disparu.<\/li>\n<li>Sur la queue, vaporisez directement la mousse sur la queue elle-m\u00eame, frottez et commencez \u00e0 tresser. Pour obtenir le meilleur r\u00e9sultat d&rsquo;une queue ondul\u00e9e : appliquez la mousse sur une queue propre et mouill\u00e9e, tressez et laissez ainsi toute la nuit. Ne n\u00e9cessite pas de rin\u00e7age.  <\/li>\n<\/ul>\n","protected":false},"excerpt":{"rendered":"<p><strong>Mane Mousse<\/strong> dompte les crins rebelles. Sa formule unique am\u00e9liore le contr\u00f4le de la crini\u00e8re et de la queue tout en apportant soin et brillance. Elle ma\u00eetrise les crins charg\u00e9s d&rsquo;\u00e9lectricit\u00e9 statique ainsi que les crins courts ou ondul\u00e9s qui ont tendance \u00e0 garder leur forme. Mane Mousse assure un contr\u00f4le optimal de la crini\u00e8re et de la queue, quelle que soit leur longueur, m\u00eame par temps humide et venteux, tout en offrant un aspect et un toucher naturels. Elle garantit une tenue parfaite pour des tresses plus serr\u00e9es et des chignons plus nets. Mane Mousse assure \u00e9galement des ondulations naturelles et harmonieuses apr\u00e8s application sur la queue.     <\/p>\n","protected":false},"featured_media":7237,"comment_status":"open","ping_status":"closed","template":"","meta":[],"product_brand":[],"product_cat":[210],"product_tag":[718,719],"class_list":{"0":"post-7500","1":"product","2":"type-product","3":"status-publish","4":"has-post-thumbnail","6":"product_cat-shapleys-fr","7":"product_tag-mane-mousse-fr","8":"product_tag-tressage","10":"first","11":"instock","12":"taxable","13":"shipping-taxable","14":"purchasable","15":"product-type-simple"},"yoast_head":"<!-- This site is optimized with the Yoast SEO plugin v27.5 - https:\/\/yoast.com\/product\/yoast-seo-wordpress\/ -->\n<title>Mane Mousse 397 gr - Minihorse.eu<\/title>\n<meta name=\"robots\" content=\"index, follow, max-snippet:-1, max-image-preview:large, max-video-preview:-1\" \/>\n<link rel=\"canonical\" href=\"https:\/\/www.minihorse.eu\/produit\/mane-mousse-397-gr\/\" \/>\n<meta property=\"og:locale\" content=\"fr_FR\" \/>\n<meta property=\"og:type\" content=\"article\" \/>\n<meta property=\"og:title\" content=\"Mane Mousse 397 gr - Minihorse.eu\" \/>\n<meta property=\"og:description\" content=\"Mane Mousse dompte les crins rebelles. Sa formule unique am\u00e9liore le contr\u00f4le de la crini\u00e8re et de la queue tout en apportant soin et brillance. Elle ma\u00eetrise les crins charg\u00e9s d&#039;\u00e9lectricit\u00e9 statique ainsi que les crins courts ou ondul\u00e9s qui ont tendance \u00e0 garder leur forme. Mane Mousse assure un contr\u00f4le optimal de la crini\u00e8re et de la queue, quelle que soit leur longueur, m\u00eame par temps humide et venteux, tout en offrant un aspect et un toucher naturels. Elle garantit une tenue parfaite pour des tresses plus serr\u00e9es et des chignons plus nets. Mane Mousse assure \u00e9galement des ondulations naturelles et harmonieuses apr\u00e8s application sur la queue.\" \/>\n<meta property=\"og:url\" content=\"https:\/\/www.minihorse.eu\/produit\/mane-mousse-397-gr\/\" \/>\n<meta property=\"og:site_name\" content=\"Minihorse.eu\" \/>\n<meta property=\"article:publisher\" content=\"https:\/\/www.facebook.com\/profile.php?id=100063487117479\" \/>\n<meta property=\"article:modified_time\" content=\"2025-06-18T13:10:51+00:00\" \/>\n<meta property=\"og:image\" content=\"https:\/\/www.minihorse.eu\/wp-content\/uploads\/2025\/03\/Mane-Mousse-14-oz.-Aerosol.jpg\" \/>\n\t<meta property=\"og:image:width\" content=\"600\" \/>\n\t<meta property=\"og:image:height\" content=\"800\" \/>\n\t<meta property=\"og:image:type\" content=\"image\/jpeg\" \/>\n<meta name=\"twitter:card\" content=\"summary_large_image\" \/>\n<meta name=\"twitter:label1\" content=\"Dur\u00e9e de lecture estim\u00e9e\" \/>\n\t<meta name=\"twitter:data1\" content=\"1 minute\" \/>\n<script type=\"application\/ld+json\" class=\"yoast-schema-graph\">{\"@context\":\"https:\\\/\\\/schema.org\",\"@graph\":[{\"@type\":\"WebPage\",\"@id\":\"https:\\\/\\\/www.minihorse.eu\\\/produit\\\/mane-mousse-397-gr\\\/\",\"url\":\"https:\\\/\\\/www.minihorse.eu\\\/produit\\\/mane-mousse-397-gr\\\/\",\"name\":\"Mane Mousse 397 gr - Minihorse.eu\",\"isPartOf\":{\"@id\":\"https:\\\/\\\/www.minihorse.eu\\\/#website\"},\"primaryImageOfPage\":{\"@id\":\"https:\\\/\\\/www.minihorse.eu\\\/produit\\\/mane-mousse-397-gr\\\/#primaryimage\"},\"image\":{\"@id\":\"https:\\\/\\\/www.minihorse.eu\\\/produit\\\/mane-mousse-397-gr\\\/#primaryimage\"},\"thumbnailUrl\":\"https:\\\/\\\/www.minihorse.eu\\\/wp-content\\\/uploads\\\/2025\\\/03\\\/Mane-Mousse-14-oz.-Aerosol.jpg\",\"datePublished\":\"2025-03-07T23:26:52+00:00\",\"dateModified\":\"2025-06-18T13:10:51+00:00\",\"breadcrumb\":{\"@id\":\"https:\\\/\\\/www.minihorse.eu\\\/produit\\\/mane-mousse-397-gr\\\/#breadcrumb\"},\"inLanguage\":\"fr-FR\",\"potentialAction\":[{\"@type\":\"ReadAction\",\"target\":[\"https:\\\/\\\/www.minihorse.eu\\\/produit\\\/mane-mousse-397-gr\\\/\"]}]},{\"@type\":\"ImageObject\",\"inLanguage\":\"fr-FR\",\"@id\":\"https:\\\/\\\/www.minihorse.eu\\\/produit\\\/mane-mousse-397-gr\\\/#primaryimage\",\"url\":\"https:\\\/\\\/www.minihorse.eu\\\/wp-content\\\/uploads\\\/2025\\\/03\\\/Mane-Mousse-14-oz.-Aerosol.jpg\",\"contentUrl\":\"https:\\\/\\\/www.minihorse.eu\\\/wp-content\\\/uploads\\\/2025\\\/03\\\/Mane-Mousse-14-oz.-Aerosol.jpg\",\"width\":600,\"height\":800},{\"@type\":\"BreadcrumbList\",\"@id\":\"https:\\\/\\\/www.minihorse.eu\\\/produit\\\/mane-mousse-397-gr\\\/#breadcrumb\",\"itemListElement\":[{\"@type\":\"ListItem\",\"position\":1,\"name\":\"Home\",\"item\":\"https:\\\/\\\/www.minihorse.eu\\\/fr\\\/accueil\\\/\"},{\"@type\":\"ListItem\",\"position\":2,\"name\":\"Boutique\",\"item\":\"https:\\\/\\\/www.minihorse.eu\\\/fr\\\/boutique\\\/\"},{\"@type\":\"ListItem\",\"position\":3,\"name\":\"Mane Mousse 397 gr\"}]},{\"@type\":\"WebSite\",\"@id\":\"https:\\\/\\\/www.minihorse.eu\\\/#website\",\"url\":\"https:\\\/\\\/www.minihorse.eu\\\/\",\"name\":\"Minihorse.eu\",\"description\":\"The #1 store for Miniature Horses\",\"publisher\":{\"@id\":\"https:\\\/\\\/www.minihorse.eu\\\/#organization\"},\"potentialAction\":[{\"@type\":\"SearchAction\",\"target\":{\"@type\":\"EntryPoint\",\"urlTemplate\":\"https:\\\/\\\/www.minihorse.eu\\\/?s={search_term_string}\"},\"query-input\":{\"@type\":\"PropertyValueSpecification\",\"valueRequired\":true,\"valueName\":\"search_term_string\"}}],\"inLanguage\":\"fr-FR\"},{\"@type\":\"Organization\",\"@id\":\"https:\\\/\\\/www.minihorse.eu\\\/#organization\",\"name\":\"Minihorse.eu\",\"url\":\"https:\\\/\\\/www.minihorse.eu\\\/\",\"logo\":{\"@type\":\"ImageObject\",\"inLanguage\":\"fr-FR\",\"@id\":\"https:\\\/\\\/www.minihorse.eu\\\/#\\\/schema\\\/logo\\\/image\\\/\",\"url\":\"https:\\\/\\\/www.minihorse.eu\\\/wp-content\\\/uploads\\\/2024\\\/08\\\/Logo-minihorse-ext.png\",\"contentUrl\":\"https:\\\/\\\/www.minihorse.eu\\\/wp-content\\\/uploads\\\/2024\\\/08\\\/Logo-minihorse-ext.png\",\"width\":500,\"height\":500,\"caption\":\"Minihorse.eu\"},\"image\":{\"@id\":\"https:\\\/\\\/www.minihorse.eu\\\/#\\\/schema\\\/logo\\\/image\\\/\"},\"sameAs\":[\"https:\\\/\\\/www.facebook.com\\\/profile.php?id=100063487117479\"]}]}<\/script>\n<!-- \/ Yoast SEO plugin. -->","yoast_head_json":{"title":"Mane Mousse 397 gr - Minihorse.eu","robots":{"index":"index","follow":"follow","max-snippet":"max-snippet:-1","max-image-preview":"max-image-preview:large","max-video-preview":"max-video-preview:-1"},"canonical":"https:\/\/www.minihorse.eu\/produit\/mane-mousse-397-gr\/","og_locale":"fr_FR","og_type":"article","og_title":"Mane Mousse 397 gr - Minihorse.eu","og_description":"Mane Mousse dompte les crins rebelles. Sa formule unique am\u00e9liore le contr\u00f4le de la crini\u00e8re et de la queue tout en apportant soin et brillance. Elle ma\u00eetrise les crins charg\u00e9s d'\u00e9lectricit\u00e9 statique ainsi que les crins courts ou ondul\u00e9s qui ont tendance \u00e0 garder leur forme. Mane Mousse assure un contr\u00f4le optimal de la crini\u00e8re et de la queue, quelle que soit leur longueur, m\u00eame par temps humide et venteux, tout en offrant un aspect et un toucher naturels. Elle garantit une tenue parfaite pour des tresses plus serr\u00e9es et des chignons plus nets. Mane Mousse assure \u00e9galement des ondulations naturelles et harmonieuses apr\u00e8s application sur la queue.","og_url":"https:\/\/www.minihorse.eu\/produit\/mane-mousse-397-gr\/","og_site_name":"Minihorse.eu","article_publisher":"https:\/\/www.facebook.com\/profile.php?id=100063487117479","article_modified_time":"2025-06-18T13:10:51+00:00","og_image":[{"width":600,"height":800,"url":"https:\/\/www.minihorse.eu\/wp-content\/uploads\/2025\/03\/Mane-Mousse-14-oz.-Aerosol.jpg","type":"image\/jpeg"}],"twitter_card":"summary_large_image","twitter_misc":{"Dur\u00e9e de lecture estim\u00e9e":"1 minute"},"schema":{"@context":"https:\/\/schema.org","@graph":[{"@type":"WebPage","@id":"https:\/\/www.minihorse.eu\/produit\/mane-mousse-397-gr\/","url":"https:\/\/www.minihorse.eu\/produit\/mane-mousse-397-gr\/","name":"Mane Mousse 397 gr - Minihorse.eu","isPartOf":{"@id":"https:\/\/www.minihorse.eu\/#website"},"primaryImageOfPage":{"@id":"https:\/\/www.minihorse.eu\/produit\/mane-mousse-397-gr\/#primaryimage"},"image":{"@id":"https:\/\/www.minihorse.eu\/produit\/mane-mousse-397-gr\/#primaryimage"},"thumbnailUrl":"https:\/\/www.minihorse.eu\/wp-content\/uploads\/2025\/03\/Mane-Mousse-14-oz.-Aerosol.jpg","datePublished":"2025-03-07T23:26:52+00:00","dateModified":"2025-06-18T13:10:51+00:00","breadcrumb":{"@id":"https:\/\/www.minihorse.eu\/produit\/mane-mousse-397-gr\/#breadcrumb"},"inLanguage":"fr-FR","potentialAction":[{"@type":"ReadAction","target":["https:\/\/www.minihorse.eu\/produit\/mane-mousse-397-gr\/"]}]},{"@type":"ImageObject","inLanguage":"fr-FR","@id":"https:\/\/www.minihorse.eu\/produit\/mane-mousse-397-gr\/#primaryimage","url":"https:\/\/www.minihorse.eu\/wp-content\/uploads\/2025\/03\/Mane-Mousse-14-oz.-Aerosol.jpg","contentUrl":"https:\/\/www.minihorse.eu\/wp-content\/uploads\/2025\/03\/Mane-Mousse-14-oz.-Aerosol.jpg","width":600,"height":800},{"@type":"BreadcrumbList","@id":"https:\/\/www.minihorse.eu\/produit\/mane-mousse-397-gr\/#breadcrumb","itemListElement":[{"@type":"ListItem","position":1,"name":"Home","item":"https:\/\/www.minihorse.eu\/fr\/accueil\/"},{"@type":"ListItem","position":2,"name":"Boutique","item":"https:\/\/www.minihorse.eu\/fr\/boutique\/"},{"@type":"ListItem","position":3,"name":"Mane Mousse 397 gr"}]},{"@type":"WebSite","@id":"https:\/\/www.minihorse.eu\/#website","url":"https:\/\/www.minihorse.eu\/","name":"Minihorse.eu","description":"The #1 store for Miniature Horses","publisher":{"@id":"https:\/\/www.minihorse.eu\/#organization"},"potentialAction":[{"@type":"SearchAction","target":{"@type":"EntryPoint","urlTemplate":"https:\/\/www.minihorse.eu\/?s={search_term_string}"},"query-input":{"@type":"PropertyValueSpecification","valueRequired":true,"valueName":"search_term_string"}}],"inLanguage":"fr-FR"},{"@type":"Organization","@id":"https:\/\/www.minihorse.eu\/#organization","name":"Minihorse.eu","url":"https:\/\/www.minihorse.eu\/","logo":{"@type":"ImageObject","inLanguage":"fr-FR","@id":"https:\/\/www.minihorse.eu\/#\/schema\/logo\/image\/","url":"https:\/\/www.minihorse.eu\/wp-content\/uploads\/2024\/08\/Logo-minihorse-ext.png","contentUrl":"https:\/\/www.minihorse.eu\/wp-content\/uploads\/2024\/08\/Logo-minihorse-ext.png","width":500,"height":500,"caption":"Minihorse.eu"},"image":{"@id":"https:\/\/www.minihorse.eu\/#\/schema\/logo\/image\/"},"sameAs":["https:\/\/www.facebook.com\/profile.php?id=100063487117479"]}]}},"jetpack_sharing_enabled":true,"_links":{"self":[{"href":"https:\/\/www.minihorse.eu\/fr\/wp-json\/wp\/v2\/product\/7500","targetHints":{"allow":["GET"]}}],"collection":[{"href":"https:\/\/www.minihorse.eu\/fr\/wp-json\/wp\/v2\/product"}],"about":[{"href":"https:\/\/www.minihorse.eu\/fr\/wp-json\/wp\/v2\/types\/product"}],"replies":[{"embeddable":true,"href":"https:\/\/www.minihorse.eu\/fr\/wp-json\/wp\/v2\/comments?post=7500"}],"wp:featuredmedia":[{"embeddable":true,"href":"https:\/\/www.minihorse.eu\/fr\/wp-json\/wp\/v2\/media\/7237"}],"wp:attachment":[{"href":"https:\/\/www.minihorse.eu\/fr\/wp-json\/wp\/v2\/media?parent=7500"}],"wp:term":[{"taxonomy":"product_brand","embeddable":true,"href":"https:\/\/www.minihorse.eu\/fr\/wp-json\/wp\/v2\/product_brand?post=7500"},{"taxonomy":"product_cat","embeddable":true,"href":"https:\/\/www.minihorse.eu\/fr\/wp-json\/wp\/v2\/product_cat?post=7500"},{"taxonomy":"product_tag","embeddable":true,"href":"https:\/\/www.minihorse.eu\/fr\/wp-json\/wp\/v2\/product_tag?post=7500"}],"curies":[{"name":"wp","href":"https:\/\/api.w.org\/{rel}","templated":true}]}}