{"id":7732,"date":"2025-03-05T20:47:26","date_gmt":"2025-03-05T20:47:26","guid":{"rendered":"https:\/\/www.minihorse.eu\/product\/spray-de-finition-haute-brillance\/"},"modified":"2026-02-07T16:50:59","modified_gmt":"2026-02-07T16:50:59","slug":"spray-de-finition-haute-brillance","status":"publish","type":"product","link":"https:\/\/www.minihorse.eu\/fr\/produit\/spray-de-finition-haute-brillance\/","title":{"rendered":"High Gloss Finishing Spray"},"content":{"rendered":"<div><strong>Le Spray de finition haute brillance<\/strong> est un spray l\u00e9ger id\u00e9al pour apporter \u00e9clat et brillance.<\/div>\n<div>Utilisez le Spray de finition haute brillance juste avant d\u2019entrer sur le ring et pour votre entretien quotidien.<\/div>\n<div><\/div>\n<div>Mode d&#8217;emploi :<\/div>\n<div>Lors de la pr\u00e9paration pour le ring : vaporisez une fine couche uniforme de Spray de finition haute brillance sur la robe, la crini\u00e8re et la queue \u00e0 environ 25 cm de distance avec un mouvement fluide. Laissez s\u00e9cher entre les couches et r\u00e9p\u00e9tez l\u2019op\u00e9ration jusqu\u2019\u00e0 obtenir l\u2019effet de brillance souhait\u00e9. Frottez d\u00e9licatement la robe avec un chiffon juste avant d\u2019entrer sur le ring. Le Spray de finition haute brillance contient de l\u2019huile et doit donc \u00eatre utilis\u00e9 en combinaison avec Shapley\u2019s Show Touch Up.   <\/div>\n<div>Vaporisez le Spray de finition haute brillance sur <strong>les sabots<\/strong> pour une finition finale et brillante.<\/div>\n<div>Lors du pansage quotidien : pour un soin ultime du poil et de la robe, brossez d&rsquo;abord votre cheval, puis vaporisez le Spray de finition haute brillance sur tout le corps, la crini\u00e8re et la queue. Pour la t\u00eate, vaporisez d&rsquo;abord sur un chiffon, puis essuyez d\u00e9licatement la t\u00eate. <\/div>\n<div><\/div>\n","protected":false},"excerpt":{"rendered":"<div><strong>Le Spray de finition haute brillance<\/strong> est un spray l\u00e9ger id\u00e9al pour apporter \u00e9clat et brillance.<\/div>\n<div>Utilisez le Spray de finition haute brillance juste avant d\u2019entrer sur le ring et pour votre entretien quotidien.<\/div>\n","protected":false},"featured_media":7185,"comment_status":"open","ping_status":"closed","template":"","meta":[],"product_brand":[],"product_cat":[210,211],"product_tag":[771,351,728,770,772],"class_list":{"0":"post-7732","1":"product","2":"type-product","3":"status-publish","4":"has-post-thumbnail","6":"product_cat-shapleys-fr","7":"product_cat-show-time-fr","8":"product_tag-brillance","9":"product_tag-concours","10":"product_tag-hi-gloss-fr","11":"product_tag-show-ring-fr","12":"product_tag-sparkle-fr","14":"first","15":"instock","16":"taxable","17":"shipping-taxable","18":"purchasable","19":"product-type-simple"},"yoast_head":"<!-- This site is optimized with the Yoast SEO plugin v27.5 - https:\/\/yoast.com\/product\/yoast-seo-wordpress\/ -->\n<title>High Gloss Finishing Spray - Minihorse.eu<\/title>\n<meta name=\"description\" content=\"High Gloss Finishing Spray donne \u00e0 votre cheval un \u00e9clat et une brillance exceptionnels. Parfait pour les concours et les soins quotidiens, il est facile \u00e0 utiliser et apporte une finition \u00e9clatante \u00e0 la robe, la crini\u00e8re, la queue et les sabots.\" \/>\n<meta name=\"robots\" content=\"index, follow, max-snippet:-1, max-image-preview:large, max-video-preview:-1\" \/>\n<link rel=\"canonical\" href=\"https:\/\/www.minihorse.eu\/fr\/produit\/spray-de-finition-haute-brillance\/\" \/>\n<meta property=\"og:locale\" content=\"fr_FR\" \/>\n<meta property=\"og:type\" content=\"article\" \/>\n<meta property=\"og:title\" content=\"High Gloss Finishing Spray - Minihorse.eu\" \/>\n<meta property=\"og:description\" content=\"High Gloss Finishing Spray donne \u00e0 votre cheval un \u00e9clat et une brillance exceptionnels. Parfait pour les concours et les soins quotidiens, il est facile \u00e0 utiliser et apporte une finition \u00e9clatante \u00e0 la robe, la crini\u00e8re, la queue et les sabots.\" \/>\n<meta property=\"og:url\" content=\"https:\/\/www.minihorse.eu\/fr\/produit\/spray-de-finition-haute-brillance\/\" \/>\n<meta property=\"og:site_name\" content=\"Minihorse.eu\" \/>\n<meta property=\"article:publisher\" content=\"https:\/\/www.facebook.com\/profile.php?id=100063487117479\" \/>\n<meta property=\"article:modified_time\" content=\"2026-02-07T16:50:59+00:00\" \/>\n<meta property=\"og:image\" content=\"https:\/\/www.minihorse.eu\/wp-content\/uploads\/2025\/03\/Hi-Gloss-12-oz.-Aerosol.png\" \/>\n\t<meta property=\"og:image:width\" content=\"328\" \/>\n\t<meta property=\"og:image:height\" content=\"450\" \/>\n\t<meta property=\"og:image:type\" content=\"image\/png\" \/>\n<meta name=\"twitter:card\" content=\"summary_large_image\" \/>\n<meta name=\"twitter:label1\" content=\"Dur\u00e9e de lecture estim\u00e9e\" \/>\n\t<meta name=\"twitter:data1\" content=\"1 minute\" \/>\n<script type=\"application\/ld+json\" class=\"yoast-schema-graph\">{\"@context\":\"https:\\\/\\\/schema.org\",\"@graph\":[{\"@type\":\"WebPage\",\"@id\":\"https:\\\/\\\/www.minihorse.eu\\\/fr\\\/produit\\\/spray-de-finition-haute-brillance\\\/\",\"url\":\"https:\\\/\\\/www.minihorse.eu\\\/fr\\\/produit\\\/spray-de-finition-haute-brillance\\\/\",\"name\":\"High Gloss Finishing Spray - Minihorse.eu\",\"isPartOf\":{\"@id\":\"https:\\\/\\\/www.minihorse.eu\\\/#website\"},\"primaryImageOfPage\":{\"@id\":\"https:\\\/\\\/www.minihorse.eu\\\/fr\\\/produit\\\/spray-de-finition-haute-brillance\\\/#primaryimage\"},\"image\":{\"@id\":\"https:\\\/\\\/www.minihorse.eu\\\/fr\\\/produit\\\/spray-de-finition-haute-brillance\\\/#primaryimage\"},\"thumbnailUrl\":\"https:\\\/\\\/www.minihorse.eu\\\/wp-content\\\/uploads\\\/2025\\\/03\\\/Hi-Gloss-12-oz.-Aerosol.png\",\"datePublished\":\"2025-03-05T20:47:26+00:00\",\"dateModified\":\"2026-02-07T16:50:59+00:00\",\"description\":\"High Gloss Finishing Spray donne \u00e0 votre cheval un \u00e9clat et une brillance exceptionnels. Parfait pour les concours et les soins quotidiens, il est facile \u00e0 utiliser et apporte une finition \u00e9clatante \u00e0 la robe, la crini\u00e8re, la queue et les sabots.\",\"breadcrumb\":{\"@id\":\"https:\\\/\\\/www.minihorse.eu\\\/fr\\\/produit\\\/spray-de-finition-haute-brillance\\\/#breadcrumb\"},\"inLanguage\":\"fr-FR\",\"potentialAction\":[{\"@type\":\"ReadAction\",\"target\":[\"https:\\\/\\\/www.minihorse.eu\\\/fr\\\/produit\\\/spray-de-finition-haute-brillance\\\/\"]}]},{\"@type\":\"ImageObject\",\"inLanguage\":\"fr-FR\",\"@id\":\"https:\\\/\\\/www.minihorse.eu\\\/fr\\\/produit\\\/spray-de-finition-haute-brillance\\\/#primaryimage\",\"url\":\"https:\\\/\\\/www.minihorse.eu\\\/wp-content\\\/uploads\\\/2025\\\/03\\\/Hi-Gloss-12-oz.-Aerosol.png\",\"contentUrl\":\"https:\\\/\\\/www.minihorse.eu\\\/wp-content\\\/uploads\\\/2025\\\/03\\\/Hi-Gloss-12-oz.-Aerosol.png\",\"width\":328,\"height\":450},{\"@type\":\"BreadcrumbList\",\"@id\":\"https:\\\/\\\/www.minihorse.eu\\\/fr\\\/produit\\\/spray-de-finition-haute-brillance\\\/#breadcrumb\",\"itemListElement\":[{\"@type\":\"ListItem\",\"position\":1,\"name\":\"Home\",\"item\":\"https:\\\/\\\/www.minihorse.eu\\\/fr\\\/accueil\\\/\"},{\"@type\":\"ListItem\",\"position\":2,\"name\":\"Boutique\",\"item\":\"https:\\\/\\\/www.minihorse.eu\\\/fr\\\/boutique\\\/\"},{\"@type\":\"ListItem\",\"position\":3,\"name\":\"High Gloss Finishing Spray\"}]},{\"@type\":\"WebSite\",\"@id\":\"https:\\\/\\\/www.minihorse.eu\\\/#website\",\"url\":\"https:\\\/\\\/www.minihorse.eu\\\/\",\"name\":\"Minihorse.eu\",\"description\":\"The #1 store for Miniature Horses\",\"publisher\":{\"@id\":\"https:\\\/\\\/www.minihorse.eu\\\/#organization\"},\"potentialAction\":[{\"@type\":\"SearchAction\",\"target\":{\"@type\":\"EntryPoint\",\"urlTemplate\":\"https:\\\/\\\/www.minihorse.eu\\\/?s={search_term_string}\"},\"query-input\":{\"@type\":\"PropertyValueSpecification\",\"valueRequired\":true,\"valueName\":\"search_term_string\"}}],\"inLanguage\":\"fr-FR\"},{\"@type\":\"Organization\",\"@id\":\"https:\\\/\\\/www.minihorse.eu\\\/#organization\",\"name\":\"Minihorse.eu\",\"url\":\"https:\\\/\\\/www.minihorse.eu\\\/\",\"logo\":{\"@type\":\"ImageObject\",\"inLanguage\":\"fr-FR\",\"@id\":\"https:\\\/\\\/www.minihorse.eu\\\/#\\\/schema\\\/logo\\\/image\\\/\",\"url\":\"https:\\\/\\\/www.minihorse.eu\\\/wp-content\\\/uploads\\\/2024\\\/08\\\/Logo-minihorse-ext.png\",\"contentUrl\":\"https:\\\/\\\/www.minihorse.eu\\\/wp-content\\\/uploads\\\/2024\\\/08\\\/Logo-minihorse-ext.png\",\"width\":500,\"height\":500,\"caption\":\"Minihorse.eu\"},\"image\":{\"@id\":\"https:\\\/\\\/www.minihorse.eu\\\/#\\\/schema\\\/logo\\\/image\\\/\"},\"sameAs\":[\"https:\\\/\\\/www.facebook.com\\\/profile.php?id=100063487117479\"]}]}<\/script>\n<!-- \/ Yoast SEO plugin. -->","yoast_head_json":{"title":"High Gloss Finishing Spray - Minihorse.eu","description":"High Gloss Finishing Spray donne \u00e0 votre cheval un \u00e9clat et une brillance exceptionnels. Parfait pour les concours et les soins quotidiens, il est facile \u00e0 utiliser et apporte une finition \u00e9clatante \u00e0 la robe, la crini\u00e8re, la queue et les sabots.","robots":{"index":"index","follow":"follow","max-snippet":"max-snippet:-1","max-image-preview":"max-image-preview:large","max-video-preview":"max-video-preview:-1"},"canonical":"https:\/\/www.minihorse.eu\/fr\/produit\/spray-de-finition-haute-brillance\/","og_locale":"fr_FR","og_type":"article","og_title":"High Gloss Finishing Spray - Minihorse.eu","og_description":"High Gloss Finishing Spray donne \u00e0 votre cheval un \u00e9clat et une brillance exceptionnels. Parfait pour les concours et les soins quotidiens, il est facile \u00e0 utiliser et apporte une finition \u00e9clatante \u00e0 la robe, la crini\u00e8re, la queue et les sabots.","og_url":"https:\/\/www.minihorse.eu\/fr\/produit\/spray-de-finition-haute-brillance\/","og_site_name":"Minihorse.eu","article_publisher":"https:\/\/www.facebook.com\/profile.php?id=100063487117479","article_modified_time":"2026-02-07T16:50:59+00:00","og_image":[{"width":328,"height":450,"url":"https:\/\/www.minihorse.eu\/wp-content\/uploads\/2025\/03\/Hi-Gloss-12-oz.-Aerosol.png","type":"image\/png"}],"twitter_card":"summary_large_image","twitter_misc":{"Dur\u00e9e de lecture estim\u00e9e":"1 minute"},"schema":{"@context":"https:\/\/schema.org","@graph":[{"@type":"WebPage","@id":"https:\/\/www.minihorse.eu\/fr\/produit\/spray-de-finition-haute-brillance\/","url":"https:\/\/www.minihorse.eu\/fr\/produit\/spray-de-finition-haute-brillance\/","name":"High Gloss Finishing Spray - Minihorse.eu","isPartOf":{"@id":"https:\/\/www.minihorse.eu\/#website"},"primaryImageOfPage":{"@id":"https:\/\/www.minihorse.eu\/fr\/produit\/spray-de-finition-haute-brillance\/#primaryimage"},"image":{"@id":"https:\/\/www.minihorse.eu\/fr\/produit\/spray-de-finition-haute-brillance\/#primaryimage"},"thumbnailUrl":"https:\/\/www.minihorse.eu\/wp-content\/uploads\/2025\/03\/Hi-Gloss-12-oz.-Aerosol.png","datePublished":"2025-03-05T20:47:26+00:00","dateModified":"2026-02-07T16:50:59+00:00","description":"High Gloss Finishing Spray donne \u00e0 votre cheval un \u00e9clat et une brillance exceptionnels. Parfait pour les concours et les soins quotidiens, il est facile \u00e0 utiliser et apporte une finition \u00e9clatante \u00e0 la robe, la crini\u00e8re, la queue et les sabots.","breadcrumb":{"@id":"https:\/\/www.minihorse.eu\/fr\/produit\/spray-de-finition-haute-brillance\/#breadcrumb"},"inLanguage":"fr-FR","potentialAction":[{"@type":"ReadAction","target":["https:\/\/www.minihorse.eu\/fr\/produit\/spray-de-finition-haute-brillance\/"]}]},{"@type":"ImageObject","inLanguage":"fr-FR","@id":"https:\/\/www.minihorse.eu\/fr\/produit\/spray-de-finition-haute-brillance\/#primaryimage","url":"https:\/\/www.minihorse.eu\/wp-content\/uploads\/2025\/03\/Hi-Gloss-12-oz.-Aerosol.png","contentUrl":"https:\/\/www.minihorse.eu\/wp-content\/uploads\/2025\/03\/Hi-Gloss-12-oz.-Aerosol.png","width":328,"height":450},{"@type":"BreadcrumbList","@id":"https:\/\/www.minihorse.eu\/fr\/produit\/spray-de-finition-haute-brillance\/#breadcrumb","itemListElement":[{"@type":"ListItem","position":1,"name":"Home","item":"https:\/\/www.minihorse.eu\/fr\/accueil\/"},{"@type":"ListItem","position":2,"name":"Boutique","item":"https:\/\/www.minihorse.eu\/fr\/boutique\/"},{"@type":"ListItem","position":3,"name":"High Gloss Finishing Spray"}]},{"@type":"WebSite","@id":"https:\/\/www.minihorse.eu\/#website","url":"https:\/\/www.minihorse.eu\/","name":"Minihorse.eu","description":"The #1 store for Miniature Horses","publisher":{"@id":"https:\/\/www.minihorse.eu\/#organization"},"potentialAction":[{"@type":"SearchAction","target":{"@type":"EntryPoint","urlTemplate":"https:\/\/www.minihorse.eu\/?s={search_term_string}"},"query-input":{"@type":"PropertyValueSpecification","valueRequired":true,"valueName":"search_term_string"}}],"inLanguage":"fr-FR"},{"@type":"Organization","@id":"https:\/\/www.minihorse.eu\/#organization","name":"Minihorse.eu","url":"https:\/\/www.minihorse.eu\/","logo":{"@type":"ImageObject","inLanguage":"fr-FR","@id":"https:\/\/www.minihorse.eu\/#\/schema\/logo\/image\/","url":"https:\/\/www.minihorse.eu\/wp-content\/uploads\/2024\/08\/Logo-minihorse-ext.png","contentUrl":"https:\/\/www.minihorse.eu\/wp-content\/uploads\/2024\/08\/Logo-minihorse-ext.png","width":500,"height":500,"caption":"Minihorse.eu"},"image":{"@id":"https:\/\/www.minihorse.eu\/#\/schema\/logo\/image\/"},"sameAs":["https:\/\/www.facebook.com\/profile.php?id=100063487117479"]}]}},"jetpack_sharing_enabled":true,"_links":{"self":[{"href":"https:\/\/www.minihorse.eu\/fr\/wp-json\/wp\/v2\/product\/7732","targetHints":{"allow":["GET"]}}],"collection":[{"href":"https:\/\/www.minihorse.eu\/fr\/wp-json\/wp\/v2\/product"}],"about":[{"href":"https:\/\/www.minihorse.eu\/fr\/wp-json\/wp\/v2\/types\/product"}],"replies":[{"embeddable":true,"href":"https:\/\/www.minihorse.eu\/fr\/wp-json\/wp\/v2\/comments?post=7732"}],"wp:featuredmedia":[{"embeddable":true,"href":"https:\/\/www.minihorse.eu\/fr\/wp-json\/wp\/v2\/media\/7185"}],"wp:attachment":[{"href":"https:\/\/www.minihorse.eu\/fr\/wp-json\/wp\/v2\/media?parent=7732"}],"wp:term":[{"taxonomy":"product_brand","embeddable":true,"href":"https:\/\/www.minihorse.eu\/fr\/wp-json\/wp\/v2\/product_brand?post=7732"},{"taxonomy":"product_cat","embeddable":true,"href":"https:\/\/www.minihorse.eu\/fr\/wp-json\/wp\/v2\/product_cat?post=7732"},{"taxonomy":"product_tag","embeddable":true,"href":"https:\/\/www.minihorse.eu\/fr\/wp-json\/wp\/v2\/product_tag?post=7732"}],"curies":[{"name":"wp","href":"https:\/\/api.w.org\/{rel}","templated":true}]}}