{"id":7803,"date":"2025-03-17T13:33:37","date_gmt":"2025-03-17T13:33:37","guid":{"rendered":"https:\/\/www.minihorse.eu\/?post_type=product&#038;p=7803"},"modified":"2025-04-01T10:02:22","modified_gmt":"2025-04-01T10:02:22","slug":"andis-ultra-edge-30-0-5-mm-peigne-copy-2","status":"publish","type":"product","link":"https:\/\/www.minihorse.eu\/fr\/produit\/andis-ultra-edge-30-0-5-mm-peigne-copy-2\/","title":{"rendered":"Andis Ultra Edge no. 50 Lame &#8211; 0.2 mm"},"content":{"rendered":"<p><strong>La lame Andis Ultra Edge no. 50 &#8211; 0,2 mm<\/strong> est extra fine, fabriqu\u00e9e en acier tremp\u00e9 de haute qualit\u00e9 et rase \u00e0 ras la peau (0,2 mm). Elle est parfaite pour les coupes tr\u00e8s fines sur les zones sensibles comme le visage, les oreilles et les pattes.<\/p>\n<p><strong>Compatibilit\u00e9 polyvalente<\/strong> Compatible avec les tondeuses Oster, Andis, Moser, Heiniger, Wahl, Laube et d&rsquo;autres marques, pour autant qu&rsquo;elles soient de type \u00ab Oster A5 \u00bb.<\/p>\n<p><strong>Finition chrom\u00e9e r\u00e9sistante \u00e0<\/strong> la rouille Dot\u00e9e d&rsquo;une finition chrom\u00e9e, la lame Ultra Edge est r\u00e9sistante \u00e0 la rouille et \u00e0 la corrosion, ce qui garantit des performances durables, m\u00eame en cas d&rsquo;utilisation fr\u00e9quente.<\/p>\n<p><strong>Facile \u00e0 entretenir<\/strong> Con\u00e7ue pour se d\u00e9tacher et se nettoyer facilement, cette lame simplifie l&rsquo;entretien du mat\u00e9riel de toilettage et garantit des s\u00e9ances de toilettage efficaces. Peut \u00eatre r\u00e9aff\u00fbt\u00e9e. <\/p>\n","protected":false},"excerpt":{"rendered":"<p><strong>La lame Andis Ultra Edge no. 50 Lame &#8211; 0.2 mm<\/strong> est extra fine en acier tremp\u00e9 de haute qualit\u00e9, rase \u00e0 ras la peau (0.2mm).<\/p>\n<p>Compatible avec les tondeuses de Oster, Andis, Moser, Heiniger, Wahl, Laube et d&rsquo;autres marques entre autres pour autant qu&rsquo;elles soient du type &lsquo;Oster A5&rsquo;.<\/p>\n<p>A utiliser sur les chevaux, les chats et les chiens.<\/p>\n","protected":false},"featured_media":7778,"comment_status":"open","ping_status":"closed","template":"","meta":[],"product_brand":[],"product_cat":[889],"product_tag":[869,870,868,867,170],"class_list":{"0":"post-7803","1":"product","2":"type-product","3":"status-publish","4":"has-post-thumbnail","6":"product_cat-peignes","7":"product_tag-andis-ultra-edge-50-fr","8":"product_tag-clippeuse","9":"product_tag-heiniger-fr","10":"product_tag-lames-de-coupe","11":"product_tag-peignes","13":"first","14":"instock","15":"taxable","16":"shipping-taxable","17":"purchasable","18":"product-type-simple"},"yoast_head":"<!-- This site is optimized with the Yoast SEO plugin v27.6 - https:\/\/yoast.com\/product\/yoast-seo-wordpress\/ -->\n<title>Andis Ultra Edge no. 50 Lame - 0.2 mm - Minihorse.eu<\/title>\n<meta name=\"robots\" content=\"index, follow, max-snippet:-1, max-image-preview:large, max-video-preview:-1\" \/>\n<link rel=\"canonical\" href=\"https:\/\/www.minihorse.eu\/produit\/andis-ultra-edge-no-50-0-2-mm-blade\/\" \/>\n<meta property=\"og:locale\" content=\"fr_FR\" \/>\n<meta property=\"og:type\" content=\"article\" \/>\n<meta property=\"og:title\" content=\"Andis Ultra Edge no. 50 Lame - 0.2 mm - Minihorse.eu\" \/>\n<meta property=\"og:description\" content=\"La lame Andis Ultra Edge no. 50 Lame - 0.2 mm est extra fine en acier tremp\u00e9 de haute qualit\u00e9, rase \u00e0 ras la peau (0.2mm). Compatible avec les tondeuses de Oster, Andis, Moser, Heiniger, Wahl, Laube et d&#039;autres marques entre autres pour autant qu&#039;elles soient du type &#039;Oster A5&#039;. A utiliser sur les chevaux, les chats et les chiens.\" \/>\n<meta property=\"og:url\" content=\"https:\/\/www.minihorse.eu\/produit\/andis-ultra-edge-no-50-0-2-mm-blade\/\" \/>\n<meta property=\"og:site_name\" content=\"Minihorse.eu\" \/>\n<meta property=\"article:publisher\" content=\"https:\/\/www.facebook.com\/profile.php?id=100063487117479\" \/>\n<meta property=\"article:modified_time\" content=\"2025-04-01T10:02:22+00:00\" \/>\n<meta property=\"og:image\" content=\"https:\/\/www.minihorse.eu\/wp-content\/uploads\/2025\/03\/Andis-Ultra-Edge-50.jpg\" \/>\n\t<meta property=\"og:image:width\" content=\"135\" \/>\n\t<meta property=\"og:image:height\" content=\"135\" \/>\n\t<meta property=\"og:image:type\" content=\"image\/jpeg\" \/>\n<meta name=\"twitter:card\" content=\"summary_large_image\" \/>\n<meta name=\"twitter:label1\" content=\"Dur\u00e9e de lecture estim\u00e9e\" \/>\n\t<meta name=\"twitter:data1\" content=\"1 minute\" \/>\n<script type=\"application\/ld+json\" class=\"yoast-schema-graph\">{\"@context\":\"https:\\\/\\\/schema.org\",\"@graph\":[{\"@type\":\"WebPage\",\"@id\":\"https:\\\/\\\/www.minihorse.eu\\\/produit\\\/andis-ultra-edge-no-50-0-2-mm-blade\\\/\",\"url\":\"https:\\\/\\\/www.minihorse.eu\\\/produit\\\/andis-ultra-edge-no-50-0-2-mm-blade\\\/\",\"name\":\"Andis Ultra Edge no. 50 Lame - 0.2 mm - Minihorse.eu\",\"isPartOf\":{\"@id\":\"https:\\\/\\\/www.minihorse.eu\\\/#website\"},\"primaryImageOfPage\":{\"@id\":\"https:\\\/\\\/www.minihorse.eu\\\/produit\\\/andis-ultra-edge-no-50-0-2-mm-blade\\\/#primaryimage\"},\"image\":{\"@id\":\"https:\\\/\\\/www.minihorse.eu\\\/produit\\\/andis-ultra-edge-no-50-0-2-mm-blade\\\/#primaryimage\"},\"thumbnailUrl\":\"https:\\\/\\\/www.minihorse.eu\\\/wp-content\\\/uploads\\\/2025\\\/03\\\/Andis-Ultra-Edge-50.jpg\",\"datePublished\":\"2025-03-17T13:33:37+00:00\",\"dateModified\":\"2025-04-01T10:02:22+00:00\",\"breadcrumb\":{\"@id\":\"https:\\\/\\\/www.minihorse.eu\\\/produit\\\/andis-ultra-edge-no-50-0-2-mm-blade\\\/#breadcrumb\"},\"inLanguage\":\"fr-FR\",\"potentialAction\":[{\"@type\":\"ReadAction\",\"target\":[\"https:\\\/\\\/www.minihorse.eu\\\/produit\\\/andis-ultra-edge-no-50-0-2-mm-blade\\\/\"]}]},{\"@type\":\"ImageObject\",\"inLanguage\":\"fr-FR\",\"@id\":\"https:\\\/\\\/www.minihorse.eu\\\/produit\\\/andis-ultra-edge-no-50-0-2-mm-blade\\\/#primaryimage\",\"url\":\"https:\\\/\\\/www.minihorse.eu\\\/wp-content\\\/uploads\\\/2025\\\/03\\\/Andis-Ultra-Edge-50.jpg\",\"contentUrl\":\"https:\\\/\\\/www.minihorse.eu\\\/wp-content\\\/uploads\\\/2025\\\/03\\\/Andis-Ultra-Edge-50.jpg\",\"width\":135,\"height\":135},{\"@type\":\"BreadcrumbList\",\"@id\":\"https:\\\/\\\/www.minihorse.eu\\\/produit\\\/andis-ultra-edge-no-50-0-2-mm-blade\\\/#breadcrumb\",\"itemListElement\":[{\"@type\":\"ListItem\",\"position\":1,\"name\":\"Home\",\"item\":\"https:\\\/\\\/www.minihorse.eu\\\/fr\\\/accueil\\\/\"},{\"@type\":\"ListItem\",\"position\":2,\"name\":\"Boutique\",\"item\":\"https:\\\/\\\/www.minihorse.eu\\\/fr\\\/boutique\\\/\"},{\"@type\":\"ListItem\",\"position\":3,\"name\":\"Andis Ultra Edge no. 50 Lame &#8211; 0.2 mm\"}]},{\"@type\":\"WebSite\",\"@id\":\"https:\\\/\\\/www.minihorse.eu\\\/#website\",\"url\":\"https:\\\/\\\/www.minihorse.eu\\\/\",\"name\":\"Minihorse.eu\",\"description\":\"The #1 store for Miniature Horses\",\"publisher\":{\"@id\":\"https:\\\/\\\/www.minihorse.eu\\\/#organization\"},\"potentialAction\":[{\"@type\":\"SearchAction\",\"target\":{\"@type\":\"EntryPoint\",\"urlTemplate\":\"https:\\\/\\\/www.minihorse.eu\\\/?s={search_term_string}\"},\"query-input\":{\"@type\":\"PropertyValueSpecification\",\"valueRequired\":true,\"valueName\":\"search_term_string\"}}],\"inLanguage\":\"fr-FR\"},{\"@type\":\"Organization\",\"@id\":\"https:\\\/\\\/www.minihorse.eu\\\/#organization\",\"name\":\"Minihorse.eu\",\"url\":\"https:\\\/\\\/www.minihorse.eu\\\/\",\"logo\":{\"@type\":\"ImageObject\",\"inLanguage\":\"fr-FR\",\"@id\":\"https:\\\/\\\/www.minihorse.eu\\\/#\\\/schema\\\/logo\\\/image\\\/\",\"url\":\"https:\\\/\\\/www.minihorse.eu\\\/wp-content\\\/uploads\\\/2024\\\/08\\\/Logo-minihorse-ext.png\",\"contentUrl\":\"https:\\\/\\\/www.minihorse.eu\\\/wp-content\\\/uploads\\\/2024\\\/08\\\/Logo-minihorse-ext.png\",\"width\":500,\"height\":500,\"caption\":\"Minihorse.eu\"},\"image\":{\"@id\":\"https:\\\/\\\/www.minihorse.eu\\\/#\\\/schema\\\/logo\\\/image\\\/\"},\"sameAs\":[\"https:\\\/\\\/www.facebook.com\\\/profile.php?id=100063487117479\"]}]}<\/script>\n<!-- \/ Yoast SEO plugin. -->","yoast_head_json":{"title":"Andis Ultra Edge no. 50 Lame - 0.2 mm - Minihorse.eu","robots":{"index":"index","follow":"follow","max-snippet":"max-snippet:-1","max-image-preview":"max-image-preview:large","max-video-preview":"max-video-preview:-1"},"canonical":"https:\/\/www.minihorse.eu\/produit\/andis-ultra-edge-no-50-0-2-mm-blade\/","og_locale":"fr_FR","og_type":"article","og_title":"Andis Ultra Edge no. 50 Lame - 0.2 mm - Minihorse.eu","og_description":"La lame Andis Ultra Edge no. 50 Lame - 0.2 mm est extra fine en acier tremp\u00e9 de haute qualit\u00e9, rase \u00e0 ras la peau (0.2mm). Compatible avec les tondeuses de Oster, Andis, Moser, Heiniger, Wahl, Laube et d'autres marques entre autres pour autant qu'elles soient du type 'Oster A5'. A utiliser sur les chevaux, les chats et les chiens.","og_url":"https:\/\/www.minihorse.eu\/produit\/andis-ultra-edge-no-50-0-2-mm-blade\/","og_site_name":"Minihorse.eu","article_publisher":"https:\/\/www.facebook.com\/profile.php?id=100063487117479","article_modified_time":"2025-04-01T10:02:22+00:00","og_image":[{"width":135,"height":135,"url":"https:\/\/www.minihorse.eu\/wp-content\/uploads\/2025\/03\/Andis-Ultra-Edge-50.jpg","type":"image\/jpeg"}],"twitter_card":"summary_large_image","twitter_misc":{"Dur\u00e9e de lecture estim\u00e9e":"1 minute"},"schema":{"@context":"https:\/\/schema.org","@graph":[{"@type":"WebPage","@id":"https:\/\/www.minihorse.eu\/produit\/andis-ultra-edge-no-50-0-2-mm-blade\/","url":"https:\/\/www.minihorse.eu\/produit\/andis-ultra-edge-no-50-0-2-mm-blade\/","name":"Andis Ultra Edge no. 50 Lame - 0.2 mm - Minihorse.eu","isPartOf":{"@id":"https:\/\/www.minihorse.eu\/#website"},"primaryImageOfPage":{"@id":"https:\/\/www.minihorse.eu\/produit\/andis-ultra-edge-no-50-0-2-mm-blade\/#primaryimage"},"image":{"@id":"https:\/\/www.minihorse.eu\/produit\/andis-ultra-edge-no-50-0-2-mm-blade\/#primaryimage"},"thumbnailUrl":"https:\/\/www.minihorse.eu\/wp-content\/uploads\/2025\/03\/Andis-Ultra-Edge-50.jpg","datePublished":"2025-03-17T13:33:37+00:00","dateModified":"2025-04-01T10:02:22+00:00","breadcrumb":{"@id":"https:\/\/www.minihorse.eu\/produit\/andis-ultra-edge-no-50-0-2-mm-blade\/#breadcrumb"},"inLanguage":"fr-FR","potentialAction":[{"@type":"ReadAction","target":["https:\/\/www.minihorse.eu\/produit\/andis-ultra-edge-no-50-0-2-mm-blade\/"]}]},{"@type":"ImageObject","inLanguage":"fr-FR","@id":"https:\/\/www.minihorse.eu\/produit\/andis-ultra-edge-no-50-0-2-mm-blade\/#primaryimage","url":"https:\/\/www.minihorse.eu\/wp-content\/uploads\/2025\/03\/Andis-Ultra-Edge-50.jpg","contentUrl":"https:\/\/www.minihorse.eu\/wp-content\/uploads\/2025\/03\/Andis-Ultra-Edge-50.jpg","width":135,"height":135},{"@type":"BreadcrumbList","@id":"https:\/\/www.minihorse.eu\/produit\/andis-ultra-edge-no-50-0-2-mm-blade\/#breadcrumb","itemListElement":[{"@type":"ListItem","position":1,"name":"Home","item":"https:\/\/www.minihorse.eu\/fr\/accueil\/"},{"@type":"ListItem","position":2,"name":"Boutique","item":"https:\/\/www.minihorse.eu\/fr\/boutique\/"},{"@type":"ListItem","position":3,"name":"Andis Ultra Edge no. 50 Lame &#8211; 0.2 mm"}]},{"@type":"WebSite","@id":"https:\/\/www.minihorse.eu\/#website","url":"https:\/\/www.minihorse.eu\/","name":"Minihorse.eu","description":"The #1 store for Miniature Horses","publisher":{"@id":"https:\/\/www.minihorse.eu\/#organization"},"potentialAction":[{"@type":"SearchAction","target":{"@type":"EntryPoint","urlTemplate":"https:\/\/www.minihorse.eu\/?s={search_term_string}"},"query-input":{"@type":"PropertyValueSpecification","valueRequired":true,"valueName":"search_term_string"}}],"inLanguage":"fr-FR"},{"@type":"Organization","@id":"https:\/\/www.minihorse.eu\/#organization","name":"Minihorse.eu","url":"https:\/\/www.minihorse.eu\/","logo":{"@type":"ImageObject","inLanguage":"fr-FR","@id":"https:\/\/www.minihorse.eu\/#\/schema\/logo\/image\/","url":"https:\/\/www.minihorse.eu\/wp-content\/uploads\/2024\/08\/Logo-minihorse-ext.png","contentUrl":"https:\/\/www.minihorse.eu\/wp-content\/uploads\/2024\/08\/Logo-minihorse-ext.png","width":500,"height":500,"caption":"Minihorse.eu"},"image":{"@id":"https:\/\/www.minihorse.eu\/#\/schema\/logo\/image\/"},"sameAs":["https:\/\/www.facebook.com\/profile.php?id=100063487117479"]}]}},"jetpack_sharing_enabled":true,"_links":{"self":[{"href":"https:\/\/www.minihorse.eu\/fr\/wp-json\/wp\/v2\/product\/7803","targetHints":{"allow":["GET"]}}],"collection":[{"href":"https:\/\/www.minihorse.eu\/fr\/wp-json\/wp\/v2\/product"}],"about":[{"href":"https:\/\/www.minihorse.eu\/fr\/wp-json\/wp\/v2\/types\/product"}],"replies":[{"embeddable":true,"href":"https:\/\/www.minihorse.eu\/fr\/wp-json\/wp\/v2\/comments?post=7803"}],"wp:featuredmedia":[{"embeddable":true,"href":"https:\/\/www.minihorse.eu\/fr\/wp-json\/wp\/v2\/media\/7778"}],"wp:attachment":[{"href":"https:\/\/www.minihorse.eu\/fr\/wp-json\/wp\/v2\/media?parent=7803"}],"wp:term":[{"taxonomy":"product_brand","embeddable":true,"href":"https:\/\/www.minihorse.eu\/fr\/wp-json\/wp\/v2\/product_brand?post=7803"},{"taxonomy":"product_cat","embeddable":true,"href":"https:\/\/www.minihorse.eu\/fr\/wp-json\/wp\/v2\/product_cat?post=7803"},{"taxonomy":"product_tag","embeddable":true,"href":"https:\/\/www.minihorse.eu\/fr\/wp-json\/wp\/v2\/product_tag?post=7803"}],"curies":[{"name":"wp","href":"https:\/\/api.w.org\/{rel}","templated":true}]}}