{"id":7812,"date":"2025-03-17T15:49:50","date_gmt":"2025-03-17T15:49:50","guid":{"rendered":"https:\/\/www.minihorse.eu\/?post_type=product&#038;p=7812"},"modified":"2025-03-24T13:22:39","modified_gmt":"2025-03-24T13:22:39","slug":"andis-ultra-edge-30-0-5-mm-peigne-copy-copy-copy","status":"publish","type":"product","link":"https:\/\/www.minihorse.eu\/fr\/produit\/andis-ultra-edge-30-0-5-mm-peigne-copy-copy-copy\/","title":{"rendered":"Andis Ultra Edge no. T-84 Lame large &#8211; 2.4 mm"},"content":{"rendered":"<p><strong>Andis Ultra Edge no. T-84 Lame large &#8211; 2.4 mm  <\/strong>en acier tremp\u00e9 de haute qualit\u00e9, permet de raser les cheveux \u00e0 une longueur de 2,4 mm. Pour les chevaux, les chats et les chiens.<\/p>\n<p>Une tonte confortable permet d&rsquo;effeuiller de plus grandes zones de cheveux.<\/p>\n<p><strong>Compatibilit\u00e9 polyvalente<\/strong> Compatible avec les tondeuses Oster, Andis, Moser, Heiniger, Wahl, Laube et d&rsquo;autres marques, pour autant qu&rsquo;elles soient de type \u00ab Oster A5 \u00bb.<\/p>\n<p><strong>Finition chrom\u00e9e r\u00e9sistante \u00e0<\/strong> la rouille Dot\u00e9e d&rsquo;une finition chrom\u00e9e, la lame Ultra Edge est r\u00e9sistante \u00e0 la rouille et \u00e0 la corrosion, ce qui garantit des performances durables, m\u00eame en cas d&rsquo;utilisation fr\u00e9quente.<\/p>\n<p><strong>Facile \u00e0 entretenir<\/strong> Con\u00e7ue pour se d\u00e9tacher et se nettoyer facilement, cette lame simplifie l&rsquo;entretien du mat\u00e9riel de toilettage et garantit des s\u00e9ances de toilettage efficaces. Peut \u00eatre r\u00e9aff\u00fbt\u00e9e. <\/p>\n","protected":false},"excerpt":{"rendered":"<p><strong>Andis Ultra Edge no. T-84 Lame large <\/strong> &#8211;<strong> 2,4 mm <\/strong>en acier tremp\u00e9 de haute qualit\u00e9, permet de raser les cheveux sur une longueur de 2,4 mm.<\/p>\n<p>Une tonte confortable permet d&rsquo;effeuiller de plus grandes zones de cheveux.<\/p>\n<p>Compatible avec les tondeuses Oster, Andis, Moser, Heiniger, Wahl, Laube et autres marques entre autres pour autant qu&rsquo;elles soient du type &lsquo;Oster A5&rsquo;.<\/p>\n<p>Pour les chevaux, les chats et les chiens.<\/p>\n","protected":false},"featured_media":7799,"comment_status":"open","ping_status":"closed","template":"","meta":[],"product_brand":[],"product_cat":[889],"product_tag":[170],"class_list":{"0":"post-7812","1":"product","2":"type-product","3":"status-publish","4":"has-post-thumbnail","6":"product_cat-peignes","7":"product_tag-peignes","9":"first","10":"instock","11":"taxable","12":"shipping-taxable","13":"purchasable","14":"product-type-simple"},"yoast_head":"<!-- This site is optimized with the Yoast SEO plugin v27.6 - https:\/\/yoast.com\/product\/yoast-seo-wordpress\/ -->\n<title>Andis Ultra Edge no. T-84 Lame large - 2.4 mm - Minihorse.eu<\/title>\n<meta name=\"robots\" content=\"index, follow, max-snippet:-1, max-image-preview:large, max-video-preview:-1\" \/>\n<link rel=\"canonical\" href=\"https:\/\/www.minihorse.eu\/produit\/andis-ultra-edge-no-t-84-wide-blade-2-4-mm\/\" \/>\n<meta property=\"og:locale\" content=\"fr_FR\" \/>\n<meta property=\"og:type\" content=\"article\" \/>\n<meta property=\"og:title\" content=\"Andis Ultra Edge no. T-84 Lame large - 2.4 mm - Minihorse.eu\" \/>\n<meta property=\"og:description\" content=\"Andis Ultra Edge no. T-84 Lame large - 2,4 mm en acier tremp\u00e9 de haute qualit\u00e9, permet de raser les cheveux sur une longueur de 2,4 mm. Une tonte confortable permet d&#039;effeuiller de plus grandes zones de cheveux. Compatible avec les tondeuses Oster, Andis, Moser, Heiniger, Wahl, Laube et autres marques entre autres pour autant qu&#039;elles soient du type &#039;Oster A5&#039;. Pour les chevaux, les chats et les chiens.\" \/>\n<meta property=\"og:url\" content=\"https:\/\/www.minihorse.eu\/produit\/andis-ultra-edge-no-t-84-wide-blade-2-4-mm\/\" \/>\n<meta property=\"og:site_name\" content=\"Minihorse.eu\" \/>\n<meta property=\"article:publisher\" content=\"https:\/\/www.facebook.com\/profile.php?id=100063487117479\" \/>\n<meta property=\"article:modified_time\" content=\"2025-03-24T13:22:39+00:00\" \/>\n<meta property=\"og:image\" content=\"https:\/\/www.minihorse.eu\/wp-content\/uploads\/2025\/03\/Scheerkop-Andis-T84.jpg\" \/>\n\t<meta property=\"og:image:width\" content=\"225\" \/>\n\t<meta property=\"og:image:height\" content=\"225\" \/>\n\t<meta property=\"og:image:type\" content=\"image\/jpeg\" \/>\n<meta name=\"twitter:card\" content=\"summary_large_image\" \/>\n<meta name=\"twitter:label1\" content=\"Dur\u00e9e de lecture estim\u00e9e\" \/>\n\t<meta name=\"twitter:data1\" content=\"1 minute\" \/>\n<script type=\"application\/ld+json\" class=\"yoast-schema-graph\">{\"@context\":\"https:\\\/\\\/schema.org\",\"@graph\":[{\"@type\":\"WebPage\",\"@id\":\"https:\\\/\\\/www.minihorse.eu\\\/produit\\\/andis-ultra-edge-no-t-84-wide-blade-2-4-mm\\\/\",\"url\":\"https:\\\/\\\/www.minihorse.eu\\\/produit\\\/andis-ultra-edge-no-t-84-wide-blade-2-4-mm\\\/\",\"name\":\"Andis Ultra Edge no. T-84 Lame large - 2.4 mm - Minihorse.eu\",\"isPartOf\":{\"@id\":\"https:\\\/\\\/www.minihorse.eu\\\/#website\"},\"primaryImageOfPage\":{\"@id\":\"https:\\\/\\\/www.minihorse.eu\\\/produit\\\/andis-ultra-edge-no-t-84-wide-blade-2-4-mm\\\/#primaryimage\"},\"image\":{\"@id\":\"https:\\\/\\\/www.minihorse.eu\\\/produit\\\/andis-ultra-edge-no-t-84-wide-blade-2-4-mm\\\/#primaryimage\"},\"thumbnailUrl\":\"https:\\\/\\\/www.minihorse.eu\\\/wp-content\\\/uploads\\\/2025\\\/03\\\/Scheerkop-Andis-T84.jpg\",\"datePublished\":\"2025-03-17T15:49:50+00:00\",\"dateModified\":\"2025-03-24T13:22:39+00:00\",\"breadcrumb\":{\"@id\":\"https:\\\/\\\/www.minihorse.eu\\\/produit\\\/andis-ultra-edge-no-t-84-wide-blade-2-4-mm\\\/#breadcrumb\"},\"inLanguage\":\"fr-FR\",\"potentialAction\":[{\"@type\":\"ReadAction\",\"target\":[\"https:\\\/\\\/www.minihorse.eu\\\/produit\\\/andis-ultra-edge-no-t-84-wide-blade-2-4-mm\\\/\"]}]},{\"@type\":\"ImageObject\",\"inLanguage\":\"fr-FR\",\"@id\":\"https:\\\/\\\/www.minihorse.eu\\\/produit\\\/andis-ultra-edge-no-t-84-wide-blade-2-4-mm\\\/#primaryimage\",\"url\":\"https:\\\/\\\/www.minihorse.eu\\\/wp-content\\\/uploads\\\/2025\\\/03\\\/Scheerkop-Andis-T84.jpg\",\"contentUrl\":\"https:\\\/\\\/www.minihorse.eu\\\/wp-content\\\/uploads\\\/2025\\\/03\\\/Scheerkop-Andis-T84.jpg\",\"width\":225,\"height\":225},{\"@type\":\"BreadcrumbList\",\"@id\":\"https:\\\/\\\/www.minihorse.eu\\\/produit\\\/andis-ultra-edge-no-t-84-wide-blade-2-4-mm\\\/#breadcrumb\",\"itemListElement\":[{\"@type\":\"ListItem\",\"position\":1,\"name\":\"Home\",\"item\":\"https:\\\/\\\/www.minihorse.eu\\\/fr\\\/accueil\\\/\"},{\"@type\":\"ListItem\",\"position\":2,\"name\":\"Boutique\",\"item\":\"https:\\\/\\\/www.minihorse.eu\\\/fr\\\/boutique\\\/\"},{\"@type\":\"ListItem\",\"position\":3,\"name\":\"Andis Ultra Edge no. T-84 Lame large &#8211; 2.4 mm\"}]},{\"@type\":\"WebSite\",\"@id\":\"https:\\\/\\\/www.minihorse.eu\\\/#website\",\"url\":\"https:\\\/\\\/www.minihorse.eu\\\/\",\"name\":\"Minihorse.eu\",\"description\":\"The #1 store for Miniature Horses\",\"publisher\":{\"@id\":\"https:\\\/\\\/www.minihorse.eu\\\/#organization\"},\"potentialAction\":[{\"@type\":\"SearchAction\",\"target\":{\"@type\":\"EntryPoint\",\"urlTemplate\":\"https:\\\/\\\/www.minihorse.eu\\\/?s={search_term_string}\"},\"query-input\":{\"@type\":\"PropertyValueSpecification\",\"valueRequired\":true,\"valueName\":\"search_term_string\"}}],\"inLanguage\":\"fr-FR\"},{\"@type\":\"Organization\",\"@id\":\"https:\\\/\\\/www.minihorse.eu\\\/#organization\",\"name\":\"Minihorse.eu\",\"url\":\"https:\\\/\\\/www.minihorse.eu\\\/\",\"logo\":{\"@type\":\"ImageObject\",\"inLanguage\":\"fr-FR\",\"@id\":\"https:\\\/\\\/www.minihorse.eu\\\/#\\\/schema\\\/logo\\\/image\\\/\",\"url\":\"https:\\\/\\\/www.minihorse.eu\\\/wp-content\\\/uploads\\\/2024\\\/08\\\/Logo-minihorse-ext.png\",\"contentUrl\":\"https:\\\/\\\/www.minihorse.eu\\\/wp-content\\\/uploads\\\/2024\\\/08\\\/Logo-minihorse-ext.png\",\"width\":500,\"height\":500,\"caption\":\"Minihorse.eu\"},\"image\":{\"@id\":\"https:\\\/\\\/www.minihorse.eu\\\/#\\\/schema\\\/logo\\\/image\\\/\"},\"sameAs\":[\"https:\\\/\\\/www.facebook.com\\\/profile.php?id=100063487117479\"]}]}<\/script>\n<!-- \/ Yoast SEO plugin. -->","yoast_head_json":{"title":"Andis Ultra Edge no. T-84 Lame large - 2.4 mm - Minihorse.eu","robots":{"index":"index","follow":"follow","max-snippet":"max-snippet:-1","max-image-preview":"max-image-preview:large","max-video-preview":"max-video-preview:-1"},"canonical":"https:\/\/www.minihorse.eu\/produit\/andis-ultra-edge-no-t-84-wide-blade-2-4-mm\/","og_locale":"fr_FR","og_type":"article","og_title":"Andis Ultra Edge no. T-84 Lame large - 2.4 mm - Minihorse.eu","og_description":"Andis Ultra Edge no. T-84 Lame large - 2,4 mm en acier tremp\u00e9 de haute qualit\u00e9, permet de raser les cheveux sur une longueur de 2,4 mm. Une tonte confortable permet d'effeuiller de plus grandes zones de cheveux. Compatible avec les tondeuses Oster, Andis, Moser, Heiniger, Wahl, Laube et autres marques entre autres pour autant qu'elles soient du type 'Oster A5'. Pour les chevaux, les chats et les chiens.","og_url":"https:\/\/www.minihorse.eu\/produit\/andis-ultra-edge-no-t-84-wide-blade-2-4-mm\/","og_site_name":"Minihorse.eu","article_publisher":"https:\/\/www.facebook.com\/profile.php?id=100063487117479","article_modified_time":"2025-03-24T13:22:39+00:00","og_image":[{"width":225,"height":225,"url":"https:\/\/www.minihorse.eu\/wp-content\/uploads\/2025\/03\/Scheerkop-Andis-T84.jpg","type":"image\/jpeg"}],"twitter_card":"summary_large_image","twitter_misc":{"Dur\u00e9e de lecture estim\u00e9e":"1 minute"},"schema":{"@context":"https:\/\/schema.org","@graph":[{"@type":"WebPage","@id":"https:\/\/www.minihorse.eu\/produit\/andis-ultra-edge-no-t-84-wide-blade-2-4-mm\/","url":"https:\/\/www.minihorse.eu\/produit\/andis-ultra-edge-no-t-84-wide-blade-2-4-mm\/","name":"Andis Ultra Edge no. T-84 Lame large - 2.4 mm - Minihorse.eu","isPartOf":{"@id":"https:\/\/www.minihorse.eu\/#website"},"primaryImageOfPage":{"@id":"https:\/\/www.minihorse.eu\/produit\/andis-ultra-edge-no-t-84-wide-blade-2-4-mm\/#primaryimage"},"image":{"@id":"https:\/\/www.minihorse.eu\/produit\/andis-ultra-edge-no-t-84-wide-blade-2-4-mm\/#primaryimage"},"thumbnailUrl":"https:\/\/www.minihorse.eu\/wp-content\/uploads\/2025\/03\/Scheerkop-Andis-T84.jpg","datePublished":"2025-03-17T15:49:50+00:00","dateModified":"2025-03-24T13:22:39+00:00","breadcrumb":{"@id":"https:\/\/www.minihorse.eu\/produit\/andis-ultra-edge-no-t-84-wide-blade-2-4-mm\/#breadcrumb"},"inLanguage":"fr-FR","potentialAction":[{"@type":"ReadAction","target":["https:\/\/www.minihorse.eu\/produit\/andis-ultra-edge-no-t-84-wide-blade-2-4-mm\/"]}]},{"@type":"ImageObject","inLanguage":"fr-FR","@id":"https:\/\/www.minihorse.eu\/produit\/andis-ultra-edge-no-t-84-wide-blade-2-4-mm\/#primaryimage","url":"https:\/\/www.minihorse.eu\/wp-content\/uploads\/2025\/03\/Scheerkop-Andis-T84.jpg","contentUrl":"https:\/\/www.minihorse.eu\/wp-content\/uploads\/2025\/03\/Scheerkop-Andis-T84.jpg","width":225,"height":225},{"@type":"BreadcrumbList","@id":"https:\/\/www.minihorse.eu\/produit\/andis-ultra-edge-no-t-84-wide-blade-2-4-mm\/#breadcrumb","itemListElement":[{"@type":"ListItem","position":1,"name":"Home","item":"https:\/\/www.minihorse.eu\/fr\/accueil\/"},{"@type":"ListItem","position":2,"name":"Boutique","item":"https:\/\/www.minihorse.eu\/fr\/boutique\/"},{"@type":"ListItem","position":3,"name":"Andis Ultra Edge no. T-84 Lame large &#8211; 2.4 mm"}]},{"@type":"WebSite","@id":"https:\/\/www.minihorse.eu\/#website","url":"https:\/\/www.minihorse.eu\/","name":"Minihorse.eu","description":"The #1 store for Miniature Horses","publisher":{"@id":"https:\/\/www.minihorse.eu\/#organization"},"potentialAction":[{"@type":"SearchAction","target":{"@type":"EntryPoint","urlTemplate":"https:\/\/www.minihorse.eu\/?s={search_term_string}"},"query-input":{"@type":"PropertyValueSpecification","valueRequired":true,"valueName":"search_term_string"}}],"inLanguage":"fr-FR"},{"@type":"Organization","@id":"https:\/\/www.minihorse.eu\/#organization","name":"Minihorse.eu","url":"https:\/\/www.minihorse.eu\/","logo":{"@type":"ImageObject","inLanguage":"fr-FR","@id":"https:\/\/www.minihorse.eu\/#\/schema\/logo\/image\/","url":"https:\/\/www.minihorse.eu\/wp-content\/uploads\/2024\/08\/Logo-minihorse-ext.png","contentUrl":"https:\/\/www.minihorse.eu\/wp-content\/uploads\/2024\/08\/Logo-minihorse-ext.png","width":500,"height":500,"caption":"Minihorse.eu"},"image":{"@id":"https:\/\/www.minihorse.eu\/#\/schema\/logo\/image\/"},"sameAs":["https:\/\/www.facebook.com\/profile.php?id=100063487117479"]}]}},"jetpack_sharing_enabled":true,"_links":{"self":[{"href":"https:\/\/www.minihorse.eu\/fr\/wp-json\/wp\/v2\/product\/7812","targetHints":{"allow":["GET"]}}],"collection":[{"href":"https:\/\/www.minihorse.eu\/fr\/wp-json\/wp\/v2\/product"}],"about":[{"href":"https:\/\/www.minihorse.eu\/fr\/wp-json\/wp\/v2\/types\/product"}],"replies":[{"embeddable":true,"href":"https:\/\/www.minihorse.eu\/fr\/wp-json\/wp\/v2\/comments?post=7812"}],"wp:featuredmedia":[{"embeddable":true,"href":"https:\/\/www.minihorse.eu\/fr\/wp-json\/wp\/v2\/media\/7799"}],"wp:attachment":[{"href":"https:\/\/www.minihorse.eu\/fr\/wp-json\/wp\/v2\/media?parent=7812"}],"wp:term":[{"taxonomy":"product_brand","embeddable":true,"href":"https:\/\/www.minihorse.eu\/fr\/wp-json\/wp\/v2\/product_brand?post=7812"},{"taxonomy":"product_cat","embeddable":true,"href":"https:\/\/www.minihorse.eu\/fr\/wp-json\/wp\/v2\/product_cat?post=7812"},{"taxonomy":"product_tag","embeddable":true,"href":"https:\/\/www.minihorse.eu\/fr\/wp-json\/wp\/v2\/product_tag?post=7812"}],"curies":[{"name":"wp","href":"https:\/\/api.w.org\/{rel}","templated":true}]}}