{"id":7819,"date":"2025-03-17T21:08:22","date_gmt":"2025-03-17T21:08:22","guid":{"rendered":"https:\/\/www.minihorse.eu\/?post_type=product&#038;p=7819"},"modified":"2025-11-02T21:37:27","modified_gmt":"2025-11-02T21:37:27","slug":"andis-ultra-edge-30-0-5-mm-peigne-copy-copy-copy-2","status":"publish","type":"product","link":"https:\/\/www.minihorse.eu\/fr\/produit\/andis-ultra-edge-30-0-5-mm-peigne-copy-copy-copy-2\/","title":{"rendered":"Andis Ceramic Edge n\u00b0 10 Lame &#8211; 1.5 mm"},"content":{"rendered":"<p><strong>Andis Ceramic Edge n\u00b0 10 Lame &#8211; 1,5 mm <\/strong>en acier carbonis\u00e9 de haute qualit\u00e9, permet de raser les cheveux \u00e0 une longueur de 1,5 mm. 10 Lame &#8211; 1,5 mm en acier carbonis\u00e9 de haute qualit\u00e9, permet de raser les cheveux sur une longueur de 1,5 mm.<\/p>\n<p><strong>Technologie c\u00e9ramique <\/strong>Gr\u00e2ce \u00e0 la technologie c\u00e9ramique avanc\u00e9e, la lame reste froide plus longtemps que les lames en m\u00e9tal, ce qui vous permet de vous frayer un chemin dans les coiffures de pr\u00e8s et les travaux de d\u00e9tail.<\/p>\n<p><strong>Tranchant comme un rasoir <\/strong>Cette lame tranchante comme un rasoir glisse sans effort \u00e0 travers les cheveux, laissant des coupes pr\u00e9cises de 1,5 mm.<\/p>\n<p><strong>Compatibilit\u00e9 polyvalente<\/strong> Compatible avec les tondeuses Oster, Andis, Moser, Heiniger, Wahl, Laube et d&rsquo;autres marques, pour autant qu&rsquo;elles soient de type \u00ab Oster A5 \u00bb.<\/p>\n<p><strong>Facile \u00e0 entretenir<\/strong> Con\u00e7ue pour se d\u00e9tacher et se nettoyer facilement, cette lame simplifie l&rsquo;entretien du toilettage et garantit des s\u00e9ances de toilettage efficaces. La partie m\u00e9tallique de la lame peut \u00eatre r\u00e9aff\u00fbt\u00e9e. <\/p>\n<p>Pour les chevaux, les chats et les chiens.<\/p>\n","protected":false},"excerpt":{"rendered":"<p><strong>Andis Ceramic Edge n\u00b0 10 Lame &#8211; 1,5 mm <\/strong>en acier carbonis\u00e9 de haute qualit\u00e9, permet de raser les cheveux \u00e0 une longueur de 1,5 mm. 10 Lame &#8211; 1,5 mm en acier carbonis\u00e9 de haute qualit\u00e9, permet de raser les cheveux sur une longueur de 1,5 mm.<br \/>\n<strong>Technologie c\u00e9ramique<\/strong> Gr\u00e2ce \u00e0 la technologie c\u00e9ramique avanc\u00e9e, la lame reste froide plus longtemps que les lames en m\u00e9tal, ce qui vous permet de vous frayer un chemin dans les coiffures de pr\u00e8s et les travaux de d\u00e9tail.<br \/>\n<strong>Tranchant comme un rasoir<\/strong> Cette lame tranchante comme un rasoir glisse sans effort \u00e0 travers les cheveux, laissant des coupes pr\u00e9cises de 1,5 mm.<\/p>\n<p>Pour les chevaux, les chats et les chiens.<\/p>\n","protected":false},"featured_media":7822,"comment_status":"open","ping_status":"closed","template":"","meta":[],"product_brand":[],"product_cat":[889],"product_tag":[170],"class_list":{"0":"post-7819","1":"product","2":"type-product","3":"status-publish","4":"has-post-thumbnail","6":"product_cat-peignes","7":"product_tag-peignes","9":"first","10":"instock","11":"taxable","12":"shipping-taxable","13":"purchasable","14":"product-type-simple"},"yoast_head":"<!-- This site is optimized with the Yoast SEO plugin v27.6 - https:\/\/yoast.com\/product\/yoast-seo-wordpress\/ -->\n<title>Andis Ceramic Edge n\u00b0 10 Lame - 1.5 mm - Minihorse.eu<\/title>\n<meta name=\"robots\" content=\"index, follow, max-snippet:-1, max-image-preview:large, max-video-preview:-1\" \/>\n<link rel=\"canonical\" href=\"https:\/\/www.minihorse.eu\/produit\/andis-ceramic-edge-no-10-blade-1-5-mm\/\" \/>\n<meta property=\"og:locale\" content=\"fr_FR\" \/>\n<meta property=\"og:type\" content=\"article\" \/>\n<meta property=\"og:title\" content=\"Andis Ceramic Edge n\u00b0 10 Lame - 1.5 mm - Minihorse.eu\" \/>\n<meta property=\"og:description\" content=\"Andis Ceramic Edge n\u00b0 10 Lame - 1,5 mm en acier carbonis\u00e9 de haute qualit\u00e9, permet de raser les cheveux \u00e0 une longueur de 1,5 mm. 10 Lame - 1,5 mm en acier carbonis\u00e9 de haute qualit\u00e9, permet de raser les cheveux sur une longueur de 1,5 mm. Technologie c\u00e9ramique Gr\u00e2ce \u00e0 la technologie c\u00e9ramique avanc\u00e9e, la lame reste froide plus longtemps que les lames en m\u00e9tal, ce qui vous permet de vous frayer un chemin dans les coiffures de pr\u00e8s et les travaux de d\u00e9tail. Tranchant comme un rasoir Cette lame tranchante comme un rasoir glisse sans effort \u00e0 travers les cheveux, laissant des coupes pr\u00e9cises de 1,5 mm. Pour les chevaux, les chats et les chiens.\" \/>\n<meta property=\"og:url\" content=\"https:\/\/www.minihorse.eu\/produit\/andis-ceramic-edge-no-10-blade-1-5-mm\/\" \/>\n<meta property=\"og:site_name\" content=\"Minihorse.eu\" \/>\n<meta property=\"article:publisher\" content=\"https:\/\/www.facebook.com\/profile.php?id=100063487117479\" \/>\n<meta property=\"article:modified_time\" content=\"2025-11-02T21:37:27+00:00\" \/>\n<meta property=\"og:image\" content=\"https:\/\/www.minihorse.eu\/wp-content\/uploads\/2025\/03\/andis-ceramic-10.jpg\" \/>\n\t<meta property=\"og:image:width\" content=\"300\" \/>\n\t<meta property=\"og:image:height\" content=\"286\" \/>\n\t<meta property=\"og:image:type\" content=\"image\/jpeg\" \/>\n<meta name=\"twitter:card\" content=\"summary_large_image\" \/>\n<meta name=\"twitter:label1\" content=\"Dur\u00e9e de lecture estim\u00e9e\" \/>\n\t<meta name=\"twitter:data1\" content=\"1 minute\" \/>\n<script type=\"application\/ld+json\" class=\"yoast-schema-graph\">{\"@context\":\"https:\\\/\\\/schema.org\",\"@graph\":[{\"@type\":\"WebPage\",\"@id\":\"https:\\\/\\\/www.minihorse.eu\\\/produit\\\/andis-ceramic-edge-no-10-blade-1-5-mm\\\/\",\"url\":\"https:\\\/\\\/www.minihorse.eu\\\/produit\\\/andis-ceramic-edge-no-10-blade-1-5-mm\\\/\",\"name\":\"Andis Ceramic Edge n\u00b0 10 Lame - 1.5 mm - Minihorse.eu\",\"isPartOf\":{\"@id\":\"https:\\\/\\\/www.minihorse.eu\\\/#website\"},\"primaryImageOfPage\":{\"@id\":\"https:\\\/\\\/www.minihorse.eu\\\/produit\\\/andis-ceramic-edge-no-10-blade-1-5-mm\\\/#primaryimage\"},\"image\":{\"@id\":\"https:\\\/\\\/www.minihorse.eu\\\/produit\\\/andis-ceramic-edge-no-10-blade-1-5-mm\\\/#primaryimage\"},\"thumbnailUrl\":\"https:\\\/\\\/www.minihorse.eu\\\/wp-content\\\/uploads\\\/2025\\\/03\\\/andis-ceramic-10.jpg\",\"datePublished\":\"2025-03-17T21:08:22+00:00\",\"dateModified\":\"2025-11-02T21:37:27+00:00\",\"breadcrumb\":{\"@id\":\"https:\\\/\\\/www.minihorse.eu\\\/produit\\\/andis-ceramic-edge-no-10-blade-1-5-mm\\\/#breadcrumb\"},\"inLanguage\":\"fr-FR\",\"potentialAction\":[{\"@type\":\"ReadAction\",\"target\":[\"https:\\\/\\\/www.minihorse.eu\\\/produit\\\/andis-ceramic-edge-no-10-blade-1-5-mm\\\/\"]}]},{\"@type\":\"ImageObject\",\"inLanguage\":\"fr-FR\",\"@id\":\"https:\\\/\\\/www.minihorse.eu\\\/produit\\\/andis-ceramic-edge-no-10-blade-1-5-mm\\\/#primaryimage\",\"url\":\"https:\\\/\\\/www.minihorse.eu\\\/wp-content\\\/uploads\\\/2025\\\/03\\\/andis-ceramic-10.jpg\",\"contentUrl\":\"https:\\\/\\\/www.minihorse.eu\\\/wp-content\\\/uploads\\\/2025\\\/03\\\/andis-ceramic-10.jpg\",\"width\":300,\"height\":286},{\"@type\":\"BreadcrumbList\",\"@id\":\"https:\\\/\\\/www.minihorse.eu\\\/produit\\\/andis-ceramic-edge-no-10-blade-1-5-mm\\\/#breadcrumb\",\"itemListElement\":[{\"@type\":\"ListItem\",\"position\":1,\"name\":\"Home\",\"item\":\"https:\\\/\\\/www.minihorse.eu\\\/fr\\\/accueil\\\/\"},{\"@type\":\"ListItem\",\"position\":2,\"name\":\"Boutique\",\"item\":\"https:\\\/\\\/www.minihorse.eu\\\/fr\\\/boutique\\\/\"},{\"@type\":\"ListItem\",\"position\":3,\"name\":\"Andis Ceramic Edge n\u00b0 10 Lame &#8211; 1.5 mm\"}]},{\"@type\":\"WebSite\",\"@id\":\"https:\\\/\\\/www.minihorse.eu\\\/#website\",\"url\":\"https:\\\/\\\/www.minihorse.eu\\\/\",\"name\":\"Minihorse.eu\",\"description\":\"The #1 store for Miniature Horses\",\"publisher\":{\"@id\":\"https:\\\/\\\/www.minihorse.eu\\\/#organization\"},\"potentialAction\":[{\"@type\":\"SearchAction\",\"target\":{\"@type\":\"EntryPoint\",\"urlTemplate\":\"https:\\\/\\\/www.minihorse.eu\\\/?s={search_term_string}\"},\"query-input\":{\"@type\":\"PropertyValueSpecification\",\"valueRequired\":true,\"valueName\":\"search_term_string\"}}],\"inLanguage\":\"fr-FR\"},{\"@type\":\"Organization\",\"@id\":\"https:\\\/\\\/www.minihorse.eu\\\/#organization\",\"name\":\"Minihorse.eu\",\"url\":\"https:\\\/\\\/www.minihorse.eu\\\/\",\"logo\":{\"@type\":\"ImageObject\",\"inLanguage\":\"fr-FR\",\"@id\":\"https:\\\/\\\/www.minihorse.eu\\\/#\\\/schema\\\/logo\\\/image\\\/\",\"url\":\"https:\\\/\\\/www.minihorse.eu\\\/wp-content\\\/uploads\\\/2024\\\/08\\\/Logo-minihorse-ext.png\",\"contentUrl\":\"https:\\\/\\\/www.minihorse.eu\\\/wp-content\\\/uploads\\\/2024\\\/08\\\/Logo-minihorse-ext.png\",\"width\":500,\"height\":500,\"caption\":\"Minihorse.eu\"},\"image\":{\"@id\":\"https:\\\/\\\/www.minihorse.eu\\\/#\\\/schema\\\/logo\\\/image\\\/\"},\"sameAs\":[\"https:\\\/\\\/www.facebook.com\\\/profile.php?id=100063487117479\"]}]}<\/script>\n<!-- \/ Yoast SEO plugin. -->","yoast_head_json":{"title":"Andis Ceramic Edge n\u00b0 10 Lame - 1.5 mm - Minihorse.eu","robots":{"index":"index","follow":"follow","max-snippet":"max-snippet:-1","max-image-preview":"max-image-preview:large","max-video-preview":"max-video-preview:-1"},"canonical":"https:\/\/www.minihorse.eu\/produit\/andis-ceramic-edge-no-10-blade-1-5-mm\/","og_locale":"fr_FR","og_type":"article","og_title":"Andis Ceramic Edge n\u00b0 10 Lame - 1.5 mm - Minihorse.eu","og_description":"Andis Ceramic Edge n\u00b0 10 Lame - 1,5 mm en acier carbonis\u00e9 de haute qualit\u00e9, permet de raser les cheveux \u00e0 une longueur de 1,5 mm. 10 Lame - 1,5 mm en acier carbonis\u00e9 de haute qualit\u00e9, permet de raser les cheveux sur une longueur de 1,5 mm. Technologie c\u00e9ramique Gr\u00e2ce \u00e0 la technologie c\u00e9ramique avanc\u00e9e, la lame reste froide plus longtemps que les lames en m\u00e9tal, ce qui vous permet de vous frayer un chemin dans les coiffures de pr\u00e8s et les travaux de d\u00e9tail. Tranchant comme un rasoir Cette lame tranchante comme un rasoir glisse sans effort \u00e0 travers les cheveux, laissant des coupes pr\u00e9cises de 1,5 mm. Pour les chevaux, les chats et les chiens.","og_url":"https:\/\/www.minihorse.eu\/produit\/andis-ceramic-edge-no-10-blade-1-5-mm\/","og_site_name":"Minihorse.eu","article_publisher":"https:\/\/www.facebook.com\/profile.php?id=100063487117479","article_modified_time":"2025-11-02T21:37:27+00:00","og_image":[{"width":300,"height":286,"url":"https:\/\/www.minihorse.eu\/wp-content\/uploads\/2025\/03\/andis-ceramic-10.jpg","type":"image\/jpeg"}],"twitter_card":"summary_large_image","twitter_misc":{"Dur\u00e9e de lecture estim\u00e9e":"1 minute"},"schema":{"@context":"https:\/\/schema.org","@graph":[{"@type":"WebPage","@id":"https:\/\/www.minihorse.eu\/produit\/andis-ceramic-edge-no-10-blade-1-5-mm\/","url":"https:\/\/www.minihorse.eu\/produit\/andis-ceramic-edge-no-10-blade-1-5-mm\/","name":"Andis Ceramic Edge n\u00b0 10 Lame - 1.5 mm - Minihorse.eu","isPartOf":{"@id":"https:\/\/www.minihorse.eu\/#website"},"primaryImageOfPage":{"@id":"https:\/\/www.minihorse.eu\/produit\/andis-ceramic-edge-no-10-blade-1-5-mm\/#primaryimage"},"image":{"@id":"https:\/\/www.minihorse.eu\/produit\/andis-ceramic-edge-no-10-blade-1-5-mm\/#primaryimage"},"thumbnailUrl":"https:\/\/www.minihorse.eu\/wp-content\/uploads\/2025\/03\/andis-ceramic-10.jpg","datePublished":"2025-03-17T21:08:22+00:00","dateModified":"2025-11-02T21:37:27+00:00","breadcrumb":{"@id":"https:\/\/www.minihorse.eu\/produit\/andis-ceramic-edge-no-10-blade-1-5-mm\/#breadcrumb"},"inLanguage":"fr-FR","potentialAction":[{"@type":"ReadAction","target":["https:\/\/www.minihorse.eu\/produit\/andis-ceramic-edge-no-10-blade-1-5-mm\/"]}]},{"@type":"ImageObject","inLanguage":"fr-FR","@id":"https:\/\/www.minihorse.eu\/produit\/andis-ceramic-edge-no-10-blade-1-5-mm\/#primaryimage","url":"https:\/\/www.minihorse.eu\/wp-content\/uploads\/2025\/03\/andis-ceramic-10.jpg","contentUrl":"https:\/\/www.minihorse.eu\/wp-content\/uploads\/2025\/03\/andis-ceramic-10.jpg","width":300,"height":286},{"@type":"BreadcrumbList","@id":"https:\/\/www.minihorse.eu\/produit\/andis-ceramic-edge-no-10-blade-1-5-mm\/#breadcrumb","itemListElement":[{"@type":"ListItem","position":1,"name":"Home","item":"https:\/\/www.minihorse.eu\/fr\/accueil\/"},{"@type":"ListItem","position":2,"name":"Boutique","item":"https:\/\/www.minihorse.eu\/fr\/boutique\/"},{"@type":"ListItem","position":3,"name":"Andis Ceramic Edge n\u00b0 10 Lame &#8211; 1.5 mm"}]},{"@type":"WebSite","@id":"https:\/\/www.minihorse.eu\/#website","url":"https:\/\/www.minihorse.eu\/","name":"Minihorse.eu","description":"The #1 store for Miniature Horses","publisher":{"@id":"https:\/\/www.minihorse.eu\/#organization"},"potentialAction":[{"@type":"SearchAction","target":{"@type":"EntryPoint","urlTemplate":"https:\/\/www.minihorse.eu\/?s={search_term_string}"},"query-input":{"@type":"PropertyValueSpecification","valueRequired":true,"valueName":"search_term_string"}}],"inLanguage":"fr-FR"},{"@type":"Organization","@id":"https:\/\/www.minihorse.eu\/#organization","name":"Minihorse.eu","url":"https:\/\/www.minihorse.eu\/","logo":{"@type":"ImageObject","inLanguage":"fr-FR","@id":"https:\/\/www.minihorse.eu\/#\/schema\/logo\/image\/","url":"https:\/\/www.minihorse.eu\/wp-content\/uploads\/2024\/08\/Logo-minihorse-ext.png","contentUrl":"https:\/\/www.minihorse.eu\/wp-content\/uploads\/2024\/08\/Logo-minihorse-ext.png","width":500,"height":500,"caption":"Minihorse.eu"},"image":{"@id":"https:\/\/www.minihorse.eu\/#\/schema\/logo\/image\/"},"sameAs":["https:\/\/www.facebook.com\/profile.php?id=100063487117479"]}]}},"jetpack_sharing_enabled":true,"_links":{"self":[{"href":"https:\/\/www.minihorse.eu\/fr\/wp-json\/wp\/v2\/product\/7819","targetHints":{"allow":["GET"]}}],"collection":[{"href":"https:\/\/www.minihorse.eu\/fr\/wp-json\/wp\/v2\/product"}],"about":[{"href":"https:\/\/www.minihorse.eu\/fr\/wp-json\/wp\/v2\/types\/product"}],"replies":[{"embeddable":true,"href":"https:\/\/www.minihorse.eu\/fr\/wp-json\/wp\/v2\/comments?post=7819"}],"wp:featuredmedia":[{"embeddable":true,"href":"https:\/\/www.minihorse.eu\/fr\/wp-json\/wp\/v2\/media\/7822"}],"wp:attachment":[{"href":"https:\/\/www.minihorse.eu\/fr\/wp-json\/wp\/v2\/media?parent=7819"}],"wp:term":[{"taxonomy":"product_brand","embeddable":true,"href":"https:\/\/www.minihorse.eu\/fr\/wp-json\/wp\/v2\/product_brand?post=7819"},{"taxonomy":"product_cat","embeddable":true,"href":"https:\/\/www.minihorse.eu\/fr\/wp-json\/wp\/v2\/product_cat?post=7819"},{"taxonomy":"product_tag","embeddable":true,"href":"https:\/\/www.minihorse.eu\/fr\/wp-json\/wp\/v2\/product_tag?post=7819"}],"curies":[{"name":"wp","href":"https:\/\/api.w.org\/{rel}","templated":true}]}}