{"id":8039,"date":"2025-03-22T10:42:52","date_gmt":"2025-03-22T10:42:52","guid":{"rendered":"https:\/\/www.minihorse.eu\/?post_type=product&#038;p=8039"},"modified":"2025-03-26T13:10:43","modified_gmt":"2025-03-26T13:10:43","slug":"furezone-ceramic-n-15-lame-1-mm-copy","status":"publish","type":"product","link":"https:\/\/www.minihorse.eu\/fr\/produit\/furezone-ceramic-n-15-lame-1-mm-copy\/","title":{"rendered":"Furezone Ceramic n\u00b0. 50 Lame &#8211; 0,2 mm"},"content":{"rendered":"<p><strong>Furzone Ceramic no. 50 Lame &#8211; 0,2 mm <\/strong>en c\u00e9ramique de haute technologie, <span class=\"a-list-item\">laisse un poil d&rsquo;environ 0,2 mm de long. La lame extra fine rase \u00e0 ras de la peau (0,2 mm) et est parfaite pour une tonte ultra pr\u00e9cise des zones sensibles comme le visage, les oreilles et les pattes. Peut \u00eatre utilis\u00e9e pour la tonte des chiens, des chats et des chevaux.  <\/span><\/p>\n<p><strong>Compatibilit\u00e9 polyvalente<\/strong> Compatible avec les tondeuses Oster, Andis, Moser, Heiniger, Wahl, Laube et d&rsquo;autres marques, pour autant qu&rsquo;elles soient de type \u00ab Oster A5 \u00bb.<\/p>\n<p><strong>Facile \u00e0 entretenir<\/strong> Con\u00e7ue pour se d\u00e9tacher et se nettoyer facilement, cette lame simplifie l&rsquo;entretien du toilettage et garantit des s\u00e9ances de toilettage efficaces. La partie m\u00e9tallique de la lame peut \u00eatre r\u00e9aff\u00fbt\u00e9e. <\/p>\n<p><span class=\"a-list-item\">Les <strong>mat\u00e9riaux c\u00e9ramiques<\/strong> r\u00e9duisent le transfert de chaleur et assurent une coupe plus froide et plus confortable.<\/span><\/p>\n<p><span class=\"a-list-item\"><strong>Le rev\u00eatement antirouille<\/strong> prot\u00e8ge votre cheval contre les blessures caus\u00e9es par une lame \u00e9mouss\u00e9e.<\/span><\/p>\n<p><span class=\"a-list-item\">Nettoyez votre lame apr\u00e8s utilisation et huilez-la toutes les 10 minutes.<\/span><\/p>\n","protected":false},"excerpt":{"rendered":"<p><span class=\"a-list-item\">Furzone Ceramic n\u00b0. 50 Lame \u2013 0,2 mm<\/span> en c\u00e9ramique de haute technologie, laisse un poil d\u2019environ 0,2 mm de long, id\u00e9ale pour la tonte des chiens, des chats et des chevaux.<br \/>\n<span class=\"a-list-item\">Les mat\u00e9riaux c\u00e9ramiques r\u00e9duisent le transfert de chaleur et assurent une coupe plus froide et plus confortable.<\/span><\/p>\n","protected":false},"featured_media":7867,"comment_status":"open","ping_status":"closed","template":"","meta":[],"product_brand":[],"product_cat":[889],"product_tag":[823,825,826,824,827,828,170],"class_list":{"0":"post-8039","1":"product","2":"type-product","3":"status-publish","4":"has-post-thumbnail","6":"product_cat-peignes","7":"product_tag-andis-fr","8":"product_tag-ceramic-blade-fr","9":"product_tag-ceramic-edge-fr","10":"product_tag-clipping-fr","11":"product_tag-furzone-fr","12":"product_tag-horse-clipping-fr","13":"product_tag-peignes","15":"first","16":"instock","17":"taxable","18":"shipping-taxable","19":"purchasable","20":"product-type-simple"},"yoast_head":"<!-- This site is optimized with the Yoast SEO plugin v27.6 - https:\/\/yoast.com\/product\/yoast-seo-wordpress\/ -->\n<title>Furezone Ceramic n\u00b0. 50 Lame - 0,2 mm - Minihorse.eu<\/title>\n<meta name=\"robots\" content=\"index, follow, max-snippet:-1, max-image-preview:large, max-video-preview:-1\" \/>\n<link rel=\"canonical\" href=\"https:\/\/www.minihorse.eu\/produit\/furezone-ceramic-no-50-blade-0-2-mm\/\" \/>\n<meta property=\"og:locale\" content=\"fr_FR\" \/>\n<meta property=\"og:type\" content=\"article\" \/>\n<meta property=\"og:title\" content=\"Furezone Ceramic n\u00b0. 50 Lame - 0,2 mm - Minihorse.eu\" \/>\n<meta property=\"og:description\" content=\"Furzone Ceramic n\u00b0. 50 Lame \u2013 0,2 mm en c\u00e9ramique de haute technologie, laisse un poil d\u2019environ 0,2 mm de long, id\u00e9ale pour la tonte des chiens, des chats et des chevaux. Les mat\u00e9riaux c\u00e9ramiques r\u00e9duisent le transfert de chaleur et assurent une coupe plus froide et plus confortable.\" \/>\n<meta property=\"og:url\" content=\"https:\/\/www.minihorse.eu\/produit\/furezone-ceramic-no-50-blade-0-2-mm\/\" \/>\n<meta property=\"og:site_name\" content=\"Minihorse.eu\" \/>\n<meta property=\"article:publisher\" content=\"https:\/\/www.facebook.com\/profile.php?id=100063487117479\" \/>\n<meta property=\"article:modified_time\" content=\"2025-03-26T13:10:43+00:00\" \/>\n<meta property=\"og:image\" content=\"https:\/\/www.minihorse.eu\/wp-content\/uploads\/2025\/03\/Furzone-Ceramic-nr-50.jpg\" \/>\n\t<meta property=\"og:image:width\" content=\"425\" \/>\n\t<meta property=\"og:image:height\" content=\"360\" \/>\n\t<meta property=\"og:image:type\" content=\"image\/jpeg\" \/>\n<meta name=\"twitter:card\" content=\"summary_large_image\" \/>\n<meta name=\"twitter:label1\" content=\"Dur\u00e9e de lecture estim\u00e9e\" \/>\n\t<meta name=\"twitter:data1\" content=\"1 minute\" \/>\n<script type=\"application\/ld+json\" class=\"yoast-schema-graph\">{\"@context\":\"https:\\\/\\\/schema.org\",\"@graph\":[{\"@type\":\"WebPage\",\"@id\":\"https:\\\/\\\/www.minihorse.eu\\\/produit\\\/furezone-ceramic-no-50-blade-0-2-mm\\\/\",\"url\":\"https:\\\/\\\/www.minihorse.eu\\\/produit\\\/furezone-ceramic-no-50-blade-0-2-mm\\\/\",\"name\":\"Furezone Ceramic n\u00b0. 50 Lame - 0,2 mm - Minihorse.eu\",\"isPartOf\":{\"@id\":\"https:\\\/\\\/www.minihorse.eu\\\/#website\"},\"primaryImageOfPage\":{\"@id\":\"https:\\\/\\\/www.minihorse.eu\\\/produit\\\/furezone-ceramic-no-50-blade-0-2-mm\\\/#primaryimage\"},\"image\":{\"@id\":\"https:\\\/\\\/www.minihorse.eu\\\/produit\\\/furezone-ceramic-no-50-blade-0-2-mm\\\/#primaryimage\"},\"thumbnailUrl\":\"https:\\\/\\\/www.minihorse.eu\\\/wp-content\\\/uploads\\\/2025\\\/03\\\/Furzone-Ceramic-nr-50.jpg\",\"datePublished\":\"2025-03-22T10:42:52+00:00\",\"dateModified\":\"2025-03-26T13:10:43+00:00\",\"breadcrumb\":{\"@id\":\"https:\\\/\\\/www.minihorse.eu\\\/produit\\\/furezone-ceramic-no-50-blade-0-2-mm\\\/#breadcrumb\"},\"inLanguage\":\"fr-FR\",\"potentialAction\":[{\"@type\":\"ReadAction\",\"target\":[\"https:\\\/\\\/www.minihorse.eu\\\/produit\\\/furezone-ceramic-no-50-blade-0-2-mm\\\/\"]}]},{\"@type\":\"ImageObject\",\"inLanguage\":\"fr-FR\",\"@id\":\"https:\\\/\\\/www.minihorse.eu\\\/produit\\\/furezone-ceramic-no-50-blade-0-2-mm\\\/#primaryimage\",\"url\":\"https:\\\/\\\/www.minihorse.eu\\\/wp-content\\\/uploads\\\/2025\\\/03\\\/Furzone-Ceramic-nr-50.jpg\",\"contentUrl\":\"https:\\\/\\\/www.minihorse.eu\\\/wp-content\\\/uploads\\\/2025\\\/03\\\/Furzone-Ceramic-nr-50.jpg\",\"width\":425,\"height\":360},{\"@type\":\"BreadcrumbList\",\"@id\":\"https:\\\/\\\/www.minihorse.eu\\\/produit\\\/furezone-ceramic-no-50-blade-0-2-mm\\\/#breadcrumb\",\"itemListElement\":[{\"@type\":\"ListItem\",\"position\":1,\"name\":\"Home\",\"item\":\"https:\\\/\\\/www.minihorse.eu\\\/fr\\\/accueil\\\/\"},{\"@type\":\"ListItem\",\"position\":2,\"name\":\"Boutique\",\"item\":\"https:\\\/\\\/www.minihorse.eu\\\/fr\\\/boutique\\\/\"},{\"@type\":\"ListItem\",\"position\":3,\"name\":\"Furezone Ceramic n\u00b0. 50 Lame &#8211; 0,2 mm\"}]},{\"@type\":\"WebSite\",\"@id\":\"https:\\\/\\\/www.minihorse.eu\\\/#website\",\"url\":\"https:\\\/\\\/www.minihorse.eu\\\/\",\"name\":\"Minihorse.eu\",\"description\":\"The #1 store for Miniature Horses\",\"publisher\":{\"@id\":\"https:\\\/\\\/www.minihorse.eu\\\/#organization\"},\"potentialAction\":[{\"@type\":\"SearchAction\",\"target\":{\"@type\":\"EntryPoint\",\"urlTemplate\":\"https:\\\/\\\/www.minihorse.eu\\\/?s={search_term_string}\"},\"query-input\":{\"@type\":\"PropertyValueSpecification\",\"valueRequired\":true,\"valueName\":\"search_term_string\"}}],\"inLanguage\":\"fr-FR\"},{\"@type\":\"Organization\",\"@id\":\"https:\\\/\\\/www.minihorse.eu\\\/#organization\",\"name\":\"Minihorse.eu\",\"url\":\"https:\\\/\\\/www.minihorse.eu\\\/\",\"logo\":{\"@type\":\"ImageObject\",\"inLanguage\":\"fr-FR\",\"@id\":\"https:\\\/\\\/www.minihorse.eu\\\/#\\\/schema\\\/logo\\\/image\\\/\",\"url\":\"https:\\\/\\\/www.minihorse.eu\\\/wp-content\\\/uploads\\\/2024\\\/08\\\/Logo-minihorse-ext.png\",\"contentUrl\":\"https:\\\/\\\/www.minihorse.eu\\\/wp-content\\\/uploads\\\/2024\\\/08\\\/Logo-minihorse-ext.png\",\"width\":500,\"height\":500,\"caption\":\"Minihorse.eu\"},\"image\":{\"@id\":\"https:\\\/\\\/www.minihorse.eu\\\/#\\\/schema\\\/logo\\\/image\\\/\"},\"sameAs\":[\"https:\\\/\\\/www.facebook.com\\\/profile.php?id=100063487117479\"]}]}<\/script>\n<!-- \/ Yoast SEO plugin. -->","yoast_head_json":{"title":"Furezone Ceramic n\u00b0. 50 Lame - 0,2 mm - Minihorse.eu","robots":{"index":"index","follow":"follow","max-snippet":"max-snippet:-1","max-image-preview":"max-image-preview:large","max-video-preview":"max-video-preview:-1"},"canonical":"https:\/\/www.minihorse.eu\/produit\/furezone-ceramic-no-50-blade-0-2-mm\/","og_locale":"fr_FR","og_type":"article","og_title":"Furezone Ceramic n\u00b0. 50 Lame - 0,2 mm - Minihorse.eu","og_description":"Furzone Ceramic n\u00b0. 50 Lame \u2013 0,2 mm en c\u00e9ramique de haute technologie, laisse un poil d\u2019environ 0,2 mm de long, id\u00e9ale pour la tonte des chiens, des chats et des chevaux. Les mat\u00e9riaux c\u00e9ramiques r\u00e9duisent le transfert de chaleur et assurent une coupe plus froide et plus confortable.","og_url":"https:\/\/www.minihorse.eu\/produit\/furezone-ceramic-no-50-blade-0-2-mm\/","og_site_name":"Minihorse.eu","article_publisher":"https:\/\/www.facebook.com\/profile.php?id=100063487117479","article_modified_time":"2025-03-26T13:10:43+00:00","og_image":[{"width":425,"height":360,"url":"https:\/\/www.minihorse.eu\/wp-content\/uploads\/2025\/03\/Furzone-Ceramic-nr-50.jpg","type":"image\/jpeg"}],"twitter_card":"summary_large_image","twitter_misc":{"Dur\u00e9e de lecture estim\u00e9e":"1 minute"},"schema":{"@context":"https:\/\/schema.org","@graph":[{"@type":"WebPage","@id":"https:\/\/www.minihorse.eu\/produit\/furezone-ceramic-no-50-blade-0-2-mm\/","url":"https:\/\/www.minihorse.eu\/produit\/furezone-ceramic-no-50-blade-0-2-mm\/","name":"Furezone Ceramic n\u00b0. 50 Lame - 0,2 mm - Minihorse.eu","isPartOf":{"@id":"https:\/\/www.minihorse.eu\/#website"},"primaryImageOfPage":{"@id":"https:\/\/www.minihorse.eu\/produit\/furezone-ceramic-no-50-blade-0-2-mm\/#primaryimage"},"image":{"@id":"https:\/\/www.minihorse.eu\/produit\/furezone-ceramic-no-50-blade-0-2-mm\/#primaryimage"},"thumbnailUrl":"https:\/\/www.minihorse.eu\/wp-content\/uploads\/2025\/03\/Furzone-Ceramic-nr-50.jpg","datePublished":"2025-03-22T10:42:52+00:00","dateModified":"2025-03-26T13:10:43+00:00","breadcrumb":{"@id":"https:\/\/www.minihorse.eu\/produit\/furezone-ceramic-no-50-blade-0-2-mm\/#breadcrumb"},"inLanguage":"fr-FR","potentialAction":[{"@type":"ReadAction","target":["https:\/\/www.minihorse.eu\/produit\/furezone-ceramic-no-50-blade-0-2-mm\/"]}]},{"@type":"ImageObject","inLanguage":"fr-FR","@id":"https:\/\/www.minihorse.eu\/produit\/furezone-ceramic-no-50-blade-0-2-mm\/#primaryimage","url":"https:\/\/www.minihorse.eu\/wp-content\/uploads\/2025\/03\/Furzone-Ceramic-nr-50.jpg","contentUrl":"https:\/\/www.minihorse.eu\/wp-content\/uploads\/2025\/03\/Furzone-Ceramic-nr-50.jpg","width":425,"height":360},{"@type":"BreadcrumbList","@id":"https:\/\/www.minihorse.eu\/produit\/furezone-ceramic-no-50-blade-0-2-mm\/#breadcrumb","itemListElement":[{"@type":"ListItem","position":1,"name":"Home","item":"https:\/\/www.minihorse.eu\/fr\/accueil\/"},{"@type":"ListItem","position":2,"name":"Boutique","item":"https:\/\/www.minihorse.eu\/fr\/boutique\/"},{"@type":"ListItem","position":3,"name":"Furezone Ceramic n\u00b0. 50 Lame &#8211; 0,2 mm"}]},{"@type":"WebSite","@id":"https:\/\/www.minihorse.eu\/#website","url":"https:\/\/www.minihorse.eu\/","name":"Minihorse.eu","description":"The #1 store for Miniature Horses","publisher":{"@id":"https:\/\/www.minihorse.eu\/#organization"},"potentialAction":[{"@type":"SearchAction","target":{"@type":"EntryPoint","urlTemplate":"https:\/\/www.minihorse.eu\/?s={search_term_string}"},"query-input":{"@type":"PropertyValueSpecification","valueRequired":true,"valueName":"search_term_string"}}],"inLanguage":"fr-FR"},{"@type":"Organization","@id":"https:\/\/www.minihorse.eu\/#organization","name":"Minihorse.eu","url":"https:\/\/www.minihorse.eu\/","logo":{"@type":"ImageObject","inLanguage":"fr-FR","@id":"https:\/\/www.minihorse.eu\/#\/schema\/logo\/image\/","url":"https:\/\/www.minihorse.eu\/wp-content\/uploads\/2024\/08\/Logo-minihorse-ext.png","contentUrl":"https:\/\/www.minihorse.eu\/wp-content\/uploads\/2024\/08\/Logo-minihorse-ext.png","width":500,"height":500,"caption":"Minihorse.eu"},"image":{"@id":"https:\/\/www.minihorse.eu\/#\/schema\/logo\/image\/"},"sameAs":["https:\/\/www.facebook.com\/profile.php?id=100063487117479"]}]}},"jetpack_sharing_enabled":true,"_links":{"self":[{"href":"https:\/\/www.minihorse.eu\/fr\/wp-json\/wp\/v2\/product\/8039","targetHints":{"allow":["GET"]}}],"collection":[{"href":"https:\/\/www.minihorse.eu\/fr\/wp-json\/wp\/v2\/product"}],"about":[{"href":"https:\/\/www.minihorse.eu\/fr\/wp-json\/wp\/v2\/types\/product"}],"replies":[{"embeddable":true,"href":"https:\/\/www.minihorse.eu\/fr\/wp-json\/wp\/v2\/comments?post=8039"}],"wp:featuredmedia":[{"embeddable":true,"href":"https:\/\/www.minihorse.eu\/fr\/wp-json\/wp\/v2\/media\/7867"}],"wp:attachment":[{"href":"https:\/\/www.minihorse.eu\/fr\/wp-json\/wp\/v2\/media?parent=8039"}],"wp:term":[{"taxonomy":"product_brand","embeddable":true,"href":"https:\/\/www.minihorse.eu\/fr\/wp-json\/wp\/v2\/product_brand?post=8039"},{"taxonomy":"product_cat","embeddable":true,"href":"https:\/\/www.minihorse.eu\/fr\/wp-json\/wp\/v2\/product_cat?post=8039"},{"taxonomy":"product_tag","embeddable":true,"href":"https:\/\/www.minihorse.eu\/fr\/wp-json\/wp\/v2\/product_tag?post=8039"}],"curies":[{"name":"wp","href":"https:\/\/api.w.org\/{rel}","templated":true}]}}