{"id":8096,"date":"2025-03-25T16:56:51","date_gmt":"2025-03-25T16:56:51","guid":{"rendered":"https:\/\/www.minihorse.eu\/product\/heiniger-saphir-cord-tondeuse\/"},"modified":"2025-03-25T16:56:51","modified_gmt":"2025-03-25T16:56:51","slug":"heiniger-saphir-cord-tondeuse","status":"publish","type":"product","link":"https:\/\/www.minihorse.eu\/fr\/produit\/heiniger-saphir-cord-tondeuse\/","title":{"rendered":"Heiniger Saphir Cord Tondeuse"},"content":{"rendered":"<div>La <strong>tondeuse Heiniger Saphir Cord<\/strong> est une tondeuse compacte et l\u00e9g\u00e8re avec un c\u00e2ble de 3 m, fonctionnant sur secteur. Elle a une puissance de 35 watts et une vitesse d\u2019environ 3200 tr\/min. <\/div>\n<div><\/div>\n<div>T\u00eate de rasage A5 avec syst\u00e8me de clic, compatible avec les lames Andis, Moser, Oster et Wahl.<\/div>\n<div><\/div>\n<div>Livr\u00e9e compl\u00e8te avec une lame Heiniger No 10 (1,8 mm), de l&rsquo;huile, une brosse et un manuel d&rsquo;instructions.<\/div>\n<div><\/div>\n<div>Des batteries suppl\u00e9mentaires et un chargeur s\u00e9par\u00e9 peuvent \u00eatre command\u00e9s avec cet appareil, ce qui permet de l&rsquo;utiliser aussi bien avec un c\u00e2ble qu&rsquo;avec une batterie.<\/div>\n<div><\/div>\n<div><strong>Sp\u00e9cifications techniques de la tondeuse Heiniger Saphir Corde :<\/strong><\/div>\n<div>Puissance du moteur : 35 watts<\/div>\n<div>Rapidit\u00e9: 3200 rpm<\/div>\n<div>Dimensions : L204 x l50 x H41 mm<\/div>\n<div>Poids : 330 grammes, 380 grammes (avec lame)<\/div>\n<div>Longueur du c\u00e2ble : 3 m.<\/div>\n<div><\/div>\n","protected":false},"excerpt":{"rendered":"<div>La <strong>tondeuse Heiniger Saphir Cord<\/strong> est une tondeuse compacte et l\u00e9g\u00e8re avec un c\u00e2ble de 3 m, fonctionnant sur secteur. Elle a une puissance de 35 watts et une vitesse d\u2019environ 3200 tr\/min. <\/div>\n<div><\/div>\n<div>T\u00eate de rasage A5 avec syst\u00e8me de clic, compatible avec les lames Andis, Moser, Oster et Wahl.<\/div>\n<div><\/div>\n<div>Livr\u00e9e compl\u00e8te avec une lame Heiniger No 10 (1,8 mm), de l&rsquo;huile, une brosse et un manuel d&rsquo;instructions.<\/div>\n<div><\/div>\n<div><\/div>\n","protected":false},"featured_media":8071,"comment_status":"open","ping_status":"closed","template":"","meta":[],"product_brand":[],"product_cat":[892],"product_tag":[823,868,895,898,894,899],"class_list":{"0":"post-8096","1":"product","2":"type-product","3":"status-publish","4":"has-post-thumbnail","6":"product_cat-tondeuse-fr","7":"product_tag-andis-fr","8":"product_tag-heiniger-fr","9":"product_tag-peignes-fr","10":"product_tag-tondeuse-fr-2","11":"product_tag-tondeuse-fr","12":"product_tag-tondre","14":"first","15":"instock","16":"taxable","17":"shipping-taxable","18":"purchasable","19":"product-type-simple"},"yoast_head":"<!-- This site is optimized with the Yoast SEO plugin v27.6 - https:\/\/yoast.com\/product\/yoast-seo-wordpress\/ -->\n<title>Heiniger Saphir Cord Tondeuse - Minihorse.eu<\/title>\n<meta name=\"robots\" content=\"index, follow, max-snippet:-1, max-image-preview:large, max-video-preview:-1\" \/>\n<link rel=\"canonical\" href=\"https:\/\/www.minihorse.eu\/produit\/heiniger-saphir-cord-scheermachine\/\" \/>\n<meta property=\"og:locale\" content=\"fr_FR\" \/>\n<meta property=\"og:type\" content=\"article\" \/>\n<meta property=\"og:title\" content=\"Heiniger Saphir Cord Tondeuse - Minihorse.eu\" \/>\n<meta property=\"og:description\" content=\"La tondeuse Heiniger Saphir Cord est une tondeuse compacte et l\u00e9g\u00e8re avec un c\u00e2ble de 3 m, fonctionnant sur secteur. Elle a une puissance de 35 watts et une vitesse d\u2019environ 3200 tr\/min.  T\u00eate de rasage A5 avec syst\u00e8me de clic, compatible avec les lames Andis, Moser, Oster et Wahl. Livr\u00e9e compl\u00e8te avec une lame Heiniger No 10 (1,8 mm), de l&#039;huile, une brosse et un manuel d&#039;instructions.\" \/>\n<meta property=\"og:url\" content=\"https:\/\/www.minihorse.eu\/produit\/heiniger-saphir-cord-scheermachine\/\" \/>\n<meta property=\"og:site_name\" content=\"Minihorse.eu\" \/>\n<meta property=\"article:publisher\" content=\"https:\/\/www.facebook.com\/profile.php?id=100063487117479\" \/>\n<meta property=\"og:image\" content=\"https:\/\/www.minihorse.eu\/wp-content\/uploads\/2025\/03\/Heiniger-scheermachine-Saphir-Cord-3.jpg\" \/>\n\t<meta property=\"og:image:width\" content=\"384\" \/>\n\t<meta property=\"og:image:height\" content=\"288\" \/>\n\t<meta property=\"og:image:type\" content=\"image\/jpeg\" \/>\n<meta name=\"twitter:card\" content=\"summary_large_image\" \/>\n<meta name=\"twitter:label1\" content=\"Dur\u00e9e de lecture estim\u00e9e\" \/>\n\t<meta name=\"twitter:data1\" content=\"1 minute\" \/>\n<script type=\"application\/ld+json\" class=\"yoast-schema-graph\">{\"@context\":\"https:\\\/\\\/schema.org\",\"@graph\":[{\"@type\":\"WebPage\",\"@id\":\"https:\\\/\\\/www.minihorse.eu\\\/produit\\\/heiniger-saphir-cord-scheermachine\\\/\",\"url\":\"https:\\\/\\\/www.minihorse.eu\\\/produit\\\/heiniger-saphir-cord-scheermachine\\\/\",\"name\":\"Heiniger Saphir Cord Tondeuse - Minihorse.eu\",\"isPartOf\":{\"@id\":\"https:\\\/\\\/www.minihorse.eu\\\/#website\"},\"primaryImageOfPage\":{\"@id\":\"https:\\\/\\\/www.minihorse.eu\\\/produit\\\/heiniger-saphir-cord-scheermachine\\\/#primaryimage\"},\"image\":{\"@id\":\"https:\\\/\\\/www.minihorse.eu\\\/produit\\\/heiniger-saphir-cord-scheermachine\\\/#primaryimage\"},\"thumbnailUrl\":\"https:\\\/\\\/www.minihorse.eu\\\/wp-content\\\/uploads\\\/2025\\\/03\\\/Heiniger-scheermachine-Saphir-Cord-3.jpg\",\"datePublished\":\"2025-03-25T16:56:51+00:00\",\"breadcrumb\":{\"@id\":\"https:\\\/\\\/www.minihorse.eu\\\/produit\\\/heiniger-saphir-cord-scheermachine\\\/#breadcrumb\"},\"inLanguage\":\"fr-FR\",\"potentialAction\":[{\"@type\":\"ReadAction\",\"target\":[\"https:\\\/\\\/www.minihorse.eu\\\/produit\\\/heiniger-saphir-cord-scheermachine\\\/\"]}]},{\"@type\":\"ImageObject\",\"inLanguage\":\"fr-FR\",\"@id\":\"https:\\\/\\\/www.minihorse.eu\\\/produit\\\/heiniger-saphir-cord-scheermachine\\\/#primaryimage\",\"url\":\"https:\\\/\\\/www.minihorse.eu\\\/wp-content\\\/uploads\\\/2025\\\/03\\\/Heiniger-scheermachine-Saphir-Cord-3.jpg\",\"contentUrl\":\"https:\\\/\\\/www.minihorse.eu\\\/wp-content\\\/uploads\\\/2025\\\/03\\\/Heiniger-scheermachine-Saphir-Cord-3.jpg\",\"width\":384,\"height\":288},{\"@type\":\"BreadcrumbList\",\"@id\":\"https:\\\/\\\/www.minihorse.eu\\\/produit\\\/heiniger-saphir-cord-scheermachine\\\/#breadcrumb\",\"itemListElement\":[{\"@type\":\"ListItem\",\"position\":1,\"name\":\"Home\",\"item\":\"https:\\\/\\\/www.minihorse.eu\\\/fr\\\/accueil\\\/\"},{\"@type\":\"ListItem\",\"position\":2,\"name\":\"Boutique\",\"item\":\"https:\\\/\\\/www.minihorse.eu\\\/fr\\\/boutique\\\/\"},{\"@type\":\"ListItem\",\"position\":3,\"name\":\"Heiniger Saphir Cord Tondeuse\"}]},{\"@type\":\"WebSite\",\"@id\":\"https:\\\/\\\/www.minihorse.eu\\\/#website\",\"url\":\"https:\\\/\\\/www.minihorse.eu\\\/\",\"name\":\"Minihorse.eu\",\"description\":\"The #1 store for Miniature Horses\",\"publisher\":{\"@id\":\"https:\\\/\\\/www.minihorse.eu\\\/#organization\"},\"potentialAction\":[{\"@type\":\"SearchAction\",\"target\":{\"@type\":\"EntryPoint\",\"urlTemplate\":\"https:\\\/\\\/www.minihorse.eu\\\/?s={search_term_string}\"},\"query-input\":{\"@type\":\"PropertyValueSpecification\",\"valueRequired\":true,\"valueName\":\"search_term_string\"}}],\"inLanguage\":\"fr-FR\"},{\"@type\":\"Organization\",\"@id\":\"https:\\\/\\\/www.minihorse.eu\\\/#organization\",\"name\":\"Minihorse.eu\",\"url\":\"https:\\\/\\\/www.minihorse.eu\\\/\",\"logo\":{\"@type\":\"ImageObject\",\"inLanguage\":\"fr-FR\",\"@id\":\"https:\\\/\\\/www.minihorse.eu\\\/#\\\/schema\\\/logo\\\/image\\\/\",\"url\":\"https:\\\/\\\/www.minihorse.eu\\\/wp-content\\\/uploads\\\/2024\\\/08\\\/Logo-minihorse-ext.png\",\"contentUrl\":\"https:\\\/\\\/www.minihorse.eu\\\/wp-content\\\/uploads\\\/2024\\\/08\\\/Logo-minihorse-ext.png\",\"width\":500,\"height\":500,\"caption\":\"Minihorse.eu\"},\"image\":{\"@id\":\"https:\\\/\\\/www.minihorse.eu\\\/#\\\/schema\\\/logo\\\/image\\\/\"},\"sameAs\":[\"https:\\\/\\\/www.facebook.com\\\/profile.php?id=100063487117479\"]}]}<\/script>\n<!-- \/ Yoast SEO plugin. -->","yoast_head_json":{"title":"Heiniger Saphir Cord Tondeuse - Minihorse.eu","robots":{"index":"index","follow":"follow","max-snippet":"max-snippet:-1","max-image-preview":"max-image-preview:large","max-video-preview":"max-video-preview:-1"},"canonical":"https:\/\/www.minihorse.eu\/produit\/heiniger-saphir-cord-scheermachine\/","og_locale":"fr_FR","og_type":"article","og_title":"Heiniger Saphir Cord Tondeuse - Minihorse.eu","og_description":"La tondeuse Heiniger Saphir Cord est une tondeuse compacte et l\u00e9g\u00e8re avec un c\u00e2ble de 3 m, fonctionnant sur secteur. Elle a une puissance de 35 watts et une vitesse d\u2019environ 3200 tr\/min.  T\u00eate de rasage A5 avec syst\u00e8me de clic, compatible avec les lames Andis, Moser, Oster et Wahl. Livr\u00e9e compl\u00e8te avec une lame Heiniger No 10 (1,8 mm), de l'huile, une brosse et un manuel d'instructions.","og_url":"https:\/\/www.minihorse.eu\/produit\/heiniger-saphir-cord-scheermachine\/","og_site_name":"Minihorse.eu","article_publisher":"https:\/\/www.facebook.com\/profile.php?id=100063487117479","og_image":[{"width":384,"height":288,"url":"https:\/\/www.minihorse.eu\/wp-content\/uploads\/2025\/03\/Heiniger-scheermachine-Saphir-Cord-3.jpg","type":"image\/jpeg"}],"twitter_card":"summary_large_image","twitter_misc":{"Dur\u00e9e de lecture estim\u00e9e":"1 minute"},"schema":{"@context":"https:\/\/schema.org","@graph":[{"@type":"WebPage","@id":"https:\/\/www.minihorse.eu\/produit\/heiniger-saphir-cord-scheermachine\/","url":"https:\/\/www.minihorse.eu\/produit\/heiniger-saphir-cord-scheermachine\/","name":"Heiniger Saphir Cord Tondeuse - Minihorse.eu","isPartOf":{"@id":"https:\/\/www.minihorse.eu\/#website"},"primaryImageOfPage":{"@id":"https:\/\/www.minihorse.eu\/produit\/heiniger-saphir-cord-scheermachine\/#primaryimage"},"image":{"@id":"https:\/\/www.minihorse.eu\/produit\/heiniger-saphir-cord-scheermachine\/#primaryimage"},"thumbnailUrl":"https:\/\/www.minihorse.eu\/wp-content\/uploads\/2025\/03\/Heiniger-scheermachine-Saphir-Cord-3.jpg","datePublished":"2025-03-25T16:56:51+00:00","breadcrumb":{"@id":"https:\/\/www.minihorse.eu\/produit\/heiniger-saphir-cord-scheermachine\/#breadcrumb"},"inLanguage":"fr-FR","potentialAction":[{"@type":"ReadAction","target":["https:\/\/www.minihorse.eu\/produit\/heiniger-saphir-cord-scheermachine\/"]}]},{"@type":"ImageObject","inLanguage":"fr-FR","@id":"https:\/\/www.minihorse.eu\/produit\/heiniger-saphir-cord-scheermachine\/#primaryimage","url":"https:\/\/www.minihorse.eu\/wp-content\/uploads\/2025\/03\/Heiniger-scheermachine-Saphir-Cord-3.jpg","contentUrl":"https:\/\/www.minihorse.eu\/wp-content\/uploads\/2025\/03\/Heiniger-scheermachine-Saphir-Cord-3.jpg","width":384,"height":288},{"@type":"BreadcrumbList","@id":"https:\/\/www.minihorse.eu\/produit\/heiniger-saphir-cord-scheermachine\/#breadcrumb","itemListElement":[{"@type":"ListItem","position":1,"name":"Home","item":"https:\/\/www.minihorse.eu\/fr\/accueil\/"},{"@type":"ListItem","position":2,"name":"Boutique","item":"https:\/\/www.minihorse.eu\/fr\/boutique\/"},{"@type":"ListItem","position":3,"name":"Heiniger Saphir Cord Tondeuse"}]},{"@type":"WebSite","@id":"https:\/\/www.minihorse.eu\/#website","url":"https:\/\/www.minihorse.eu\/","name":"Minihorse.eu","description":"The #1 store for Miniature Horses","publisher":{"@id":"https:\/\/www.minihorse.eu\/#organization"},"potentialAction":[{"@type":"SearchAction","target":{"@type":"EntryPoint","urlTemplate":"https:\/\/www.minihorse.eu\/?s={search_term_string}"},"query-input":{"@type":"PropertyValueSpecification","valueRequired":true,"valueName":"search_term_string"}}],"inLanguage":"fr-FR"},{"@type":"Organization","@id":"https:\/\/www.minihorse.eu\/#organization","name":"Minihorse.eu","url":"https:\/\/www.minihorse.eu\/","logo":{"@type":"ImageObject","inLanguage":"fr-FR","@id":"https:\/\/www.minihorse.eu\/#\/schema\/logo\/image\/","url":"https:\/\/www.minihorse.eu\/wp-content\/uploads\/2024\/08\/Logo-minihorse-ext.png","contentUrl":"https:\/\/www.minihorse.eu\/wp-content\/uploads\/2024\/08\/Logo-minihorse-ext.png","width":500,"height":500,"caption":"Minihorse.eu"},"image":{"@id":"https:\/\/www.minihorse.eu\/#\/schema\/logo\/image\/"},"sameAs":["https:\/\/www.facebook.com\/profile.php?id=100063487117479"]}]}},"jetpack_sharing_enabled":true,"_links":{"self":[{"href":"https:\/\/www.minihorse.eu\/fr\/wp-json\/wp\/v2\/product\/8096","targetHints":{"allow":["GET"]}}],"collection":[{"href":"https:\/\/www.minihorse.eu\/fr\/wp-json\/wp\/v2\/product"}],"about":[{"href":"https:\/\/www.minihorse.eu\/fr\/wp-json\/wp\/v2\/types\/product"}],"replies":[{"embeddable":true,"href":"https:\/\/www.minihorse.eu\/fr\/wp-json\/wp\/v2\/comments?post=8096"}],"wp:featuredmedia":[{"embeddable":true,"href":"https:\/\/www.minihorse.eu\/fr\/wp-json\/wp\/v2\/media\/8071"}],"wp:attachment":[{"href":"https:\/\/www.minihorse.eu\/fr\/wp-json\/wp\/v2\/media?parent=8096"}],"wp:term":[{"taxonomy":"product_brand","embeddable":true,"href":"https:\/\/www.minihorse.eu\/fr\/wp-json\/wp\/v2\/product_brand?post=8096"},{"taxonomy":"product_cat","embeddable":true,"href":"https:\/\/www.minihorse.eu\/fr\/wp-json\/wp\/v2\/product_cat?post=8096"},{"taxonomy":"product_tag","embeddable":true,"href":"https:\/\/www.minihorse.eu\/fr\/wp-json\/wp\/v2\/product_tag?post=8096"}],"curies":[{"name":"wp","href":"https:\/\/api.w.org\/{rel}","templated":true}]}}