{"id":8112,"date":"2025-02-13T11:46:44","date_gmt":"2025-02-13T11:46:44","guid":{"rendered":"https:\/\/www.minihorse.eu\/product\/bottes-de-transport-protectrices-pour-chevaux-miniatures-lot-de-4\/"},"modified":"2025-02-13T11:46:44","modified_gmt":"2025-02-13T11:46:44","slug":"bottes-de-transport-protectrices-pour-chevaux-miniatures-lot-de-4","status":"publish","type":"product","link":"https:\/\/www.minihorse.eu\/fr\/produit\/bottes-de-transport-protectrices-pour-chevaux-miniatures-lot-de-4\/","title":{"rendered":"Bottes de transport protectrices pour chevaux miniatures &#8211; Lot de 4"},"content":{"rendered":"<p>Assurez le confort et la s\u00e9curit\u00e9 de votre cheval miniature pendant le transport gr\u00e2ce \u00e0 ces bottes de transport de haute qualit\u00e9. Con\u00e7ues sp\u00e9cifiquement pour les chevaux miniatures, ces bottes sont dot\u00e9es d&rsquo;un <strong data-start=\"291\" data-end=\"322\">ext\u00e9rieur en textile durable 600 deniers<\/strong> pour une excellente protection contre les chocs et les \u00e9raflures. <\/p>\n<p>La <strong data-start=\"379\" data-end=\"400\">doublure en nylon souple<\/strong> avec <strong data-start=\"406\" data-end=\"426\">rembourrage en polyfill<\/strong> offre un amortissement et un confort optimaux, r\u00e9duisant le stress sur les jambes de votre cheval pendant le voyage.<\/p>\n<p>Dot\u00e9es de <strong data-start=\"534\" data-end=\"566\">deux fermetures Velcro s\u00e9curis\u00e9es<\/strong>, ces bottes restent fermement en place tout en \u00e9tant faciles \u00e0 enfiler et \u00e0 retirer.<\/p>\n<p>Ne n\u00e9cessitant que peu d&rsquo;entretien et faciles \u00e0 nettoyer, ils constituent un choix pratique pour tout propri\u00e9taire de cheval. La <strong data-start=\"734\" data-end=\"776\">couleur bleu fonc\u00e9 et les \u00e9l\u00e9gantes bordures grises<\/strong> ajoutent une touche de style. <\/p>\n<p>Vendu par <strong data-start=\"809\" data-end=\"824\">lot de quatre<\/strong> pour une protection compl\u00e8te de toutes les jambes.<\/p>\n","protected":false},"excerpt":{"rendered":"<p>Prot\u00e9gez les jambes de votre cheval miniature pendant le transport avec ces <strong data-start=\"952\" data-end=\"990\">bottes de transport durables et rembourr\u00e9es<\/strong>. Fabriqu\u00e9es en <strong data-start=\"1002\" data-end=\"1023\">tissu 600 deniers<\/strong>, avec une <strong data-start=\"1025\" data-end=\"1046\">doublure en nylon doux<\/strong> et un <strong data-start=\"1052\" data-end=\"1072\">rembourrage en polyfill<\/strong>, elles offrent un excellent confort et une grande s\u00e9curit\u00e9. Dot\u00e9es de <strong data-start=\"1127\" data-end=\"1150\">deux fermetures Velcro<\/strong> pour un ajustement s\u00fbr, elles sont <strong data-start=\"1178\" data-end=\"1198\">faciles \u00e0 entretenir<\/strong> et se pr\u00e9sentent dans un <strong data-start=\"1213\" data-end=\"1248\">design bleu fonc\u00e9 avec des bordures grises.<\/strong> <strong data-start=\"1250\" data-end=\"1266\" data-is-last-node=\"\">Lot de quatre<\/strong>.  <\/p>\n","protected":false},"featured_media":3305,"comment_status":"open","ping_status":"closed","template":"","meta":[],"product_brand":[],"product_cat":[420,187,273],"product_tag":[],"class_list":{"0":"post-8112","1":"product","2":"type-product","3":"status-publish","4":"has-post-thumbnail","6":"product_cat-accessoires-de-protection-des-jambes","7":"product_cat-chevaux-miniatures","8":"product_cat-protection-des-jambes","10":"first","11":"outofstock","12":"taxable","13":"shipping-taxable","14":"purchasable","15":"product-type-simple"},"yoast_head":"<!-- This site is optimized with the Yoast SEO plugin v27.6 - https:\/\/yoast.com\/product\/yoast-seo-wordpress\/ -->\n<title>Bottes de transport protectrices pour chevaux miniatures - Lot de 4 - Minihorse.eu<\/title>\n<meta name=\"robots\" content=\"index, follow, max-snippet:-1, max-image-preview:large, max-video-preview:-1\" \/>\n<link rel=\"canonical\" href=\"https:\/\/www.minihorse.eu\/produit\/protective-transport-boots-for-miniature-horses-set-of-4\/\" \/>\n<meta property=\"og:locale\" content=\"fr_FR\" \/>\n<meta property=\"og:type\" content=\"article\" \/>\n<meta property=\"og:title\" content=\"Bottes de transport protectrices pour chevaux miniatures - Lot de 4 - Minihorse.eu\" \/>\n<meta property=\"og:description\" content=\"Prot\u00e9gez les jambes de votre cheval miniature pendant le transport avec ces bottes de transport durables et rembourr\u00e9es. Fabriqu\u00e9es en tissu 600 deniers, avec une doublure en nylon doux et un rembourrage en polyfill, elles offrent un excellent confort et une grande s\u00e9curit\u00e9. Dot\u00e9es de deux fermetures Velcro pour un ajustement s\u00fbr, elles sont faciles \u00e0 entretenir et se pr\u00e9sentent dans un design bleu fonc\u00e9 avec des bordures grises. Lot de quatre.\" \/>\n<meta property=\"og:url\" content=\"https:\/\/www.minihorse.eu\/produit\/protective-transport-boots-for-miniature-horses-set-of-4\/\" \/>\n<meta property=\"og:site_name\" content=\"Minihorse.eu\" \/>\n<meta property=\"article:publisher\" content=\"https:\/\/www.facebook.com\/profile.php?id=100063487117479\" \/>\n<meta property=\"og:image\" content=\"https:\/\/www.minihorse.eu\/wp-content\/uploads\/2025\/02\/Protective-Transport-Boots-for-Miniature-Horses-\u2013-Set-of-4.jpg\" \/>\n\t<meta property=\"og:image:width\" content=\"700\" \/>\n\t<meta property=\"og:image:height\" content=\"433\" \/>\n\t<meta property=\"og:image:type\" content=\"image\/jpeg\" \/>\n<meta name=\"twitter:card\" content=\"summary_large_image\" \/>\n<meta name=\"twitter:label1\" content=\"Dur\u00e9e de lecture estim\u00e9e\" \/>\n\t<meta name=\"twitter:data1\" content=\"1 minute\" \/>\n<script type=\"application\/ld+json\" class=\"yoast-schema-graph\">{\"@context\":\"https:\\\/\\\/schema.org\",\"@graph\":[{\"@type\":\"WebPage\",\"@id\":\"https:\\\/\\\/www.minihorse.eu\\\/produit\\\/protective-transport-boots-for-miniature-horses-set-of-4\\\/\",\"url\":\"https:\\\/\\\/www.minihorse.eu\\\/produit\\\/protective-transport-boots-for-miniature-horses-set-of-4\\\/\",\"name\":\"Bottes de transport protectrices pour chevaux miniatures - Lot de 4 - Minihorse.eu\",\"isPartOf\":{\"@id\":\"https:\\\/\\\/www.minihorse.eu\\\/#website\"},\"primaryImageOfPage\":{\"@id\":\"https:\\\/\\\/www.minihorse.eu\\\/produit\\\/protective-transport-boots-for-miniature-horses-set-of-4\\\/#primaryimage\"},\"image\":{\"@id\":\"https:\\\/\\\/www.minihorse.eu\\\/produit\\\/protective-transport-boots-for-miniature-horses-set-of-4\\\/#primaryimage\"},\"thumbnailUrl\":\"https:\\\/\\\/www.minihorse.eu\\\/wp-content\\\/uploads\\\/2025\\\/02\\\/Protective-Transport-Boots-for-Miniature-Horses-\u2013-Set-of-4.jpg\",\"datePublished\":\"2025-02-13T11:46:44+00:00\",\"breadcrumb\":{\"@id\":\"https:\\\/\\\/www.minihorse.eu\\\/produit\\\/protective-transport-boots-for-miniature-horses-set-of-4\\\/#breadcrumb\"},\"inLanguage\":\"fr-FR\",\"potentialAction\":[{\"@type\":\"ReadAction\",\"target\":[\"https:\\\/\\\/www.minihorse.eu\\\/produit\\\/protective-transport-boots-for-miniature-horses-set-of-4\\\/\"]}]},{\"@type\":\"ImageObject\",\"inLanguage\":\"fr-FR\",\"@id\":\"https:\\\/\\\/www.minihorse.eu\\\/produit\\\/protective-transport-boots-for-miniature-horses-set-of-4\\\/#primaryimage\",\"url\":\"https:\\\/\\\/www.minihorse.eu\\\/wp-content\\\/uploads\\\/2025\\\/02\\\/Protective-Transport-Boots-for-Miniature-Horses-\u2013-Set-of-4.jpg\",\"contentUrl\":\"https:\\\/\\\/www.minihorse.eu\\\/wp-content\\\/uploads\\\/2025\\\/02\\\/Protective-Transport-Boots-for-Miniature-Horses-\u2013-Set-of-4.jpg\",\"width\":700,\"height\":433,\"caption\":\"Bottes de transport protectrices pour chevaux miniatures - Lot de 4\"},{\"@type\":\"BreadcrumbList\",\"@id\":\"https:\\\/\\\/www.minihorse.eu\\\/produit\\\/protective-transport-boots-for-miniature-horses-set-of-4\\\/#breadcrumb\",\"itemListElement\":[{\"@type\":\"ListItem\",\"position\":1,\"name\":\"Home\",\"item\":\"https:\\\/\\\/www.minihorse.eu\\\/fr\\\/accueil\\\/\"},{\"@type\":\"ListItem\",\"position\":2,\"name\":\"Boutique\",\"item\":\"https:\\\/\\\/www.minihorse.eu\\\/fr\\\/boutique\\\/\"},{\"@type\":\"ListItem\",\"position\":3,\"name\":\"Bottes de transport protectrices pour chevaux miniatures &#8211; Lot de 4\"}]},{\"@type\":\"WebSite\",\"@id\":\"https:\\\/\\\/www.minihorse.eu\\\/#website\",\"url\":\"https:\\\/\\\/www.minihorse.eu\\\/\",\"name\":\"Minihorse.eu\",\"description\":\"The #1 store for Miniature Horses\",\"publisher\":{\"@id\":\"https:\\\/\\\/www.minihorse.eu\\\/#organization\"},\"potentialAction\":[{\"@type\":\"SearchAction\",\"target\":{\"@type\":\"EntryPoint\",\"urlTemplate\":\"https:\\\/\\\/www.minihorse.eu\\\/?s={search_term_string}\"},\"query-input\":{\"@type\":\"PropertyValueSpecification\",\"valueRequired\":true,\"valueName\":\"search_term_string\"}}],\"inLanguage\":\"fr-FR\"},{\"@type\":\"Organization\",\"@id\":\"https:\\\/\\\/www.minihorse.eu\\\/#organization\",\"name\":\"Minihorse.eu\",\"url\":\"https:\\\/\\\/www.minihorse.eu\\\/\",\"logo\":{\"@type\":\"ImageObject\",\"inLanguage\":\"fr-FR\",\"@id\":\"https:\\\/\\\/www.minihorse.eu\\\/#\\\/schema\\\/logo\\\/image\\\/\",\"url\":\"https:\\\/\\\/www.minihorse.eu\\\/wp-content\\\/uploads\\\/2024\\\/08\\\/Logo-minihorse-ext.png\",\"contentUrl\":\"https:\\\/\\\/www.minihorse.eu\\\/wp-content\\\/uploads\\\/2024\\\/08\\\/Logo-minihorse-ext.png\",\"width\":500,\"height\":500,\"caption\":\"Minihorse.eu\"},\"image\":{\"@id\":\"https:\\\/\\\/www.minihorse.eu\\\/#\\\/schema\\\/logo\\\/image\\\/\"},\"sameAs\":[\"https:\\\/\\\/www.facebook.com\\\/profile.php?id=100063487117479\"]}]}<\/script>\n<!-- \/ Yoast SEO plugin. -->","yoast_head_json":{"title":"Bottes de transport protectrices pour chevaux miniatures - Lot de 4 - Minihorse.eu","robots":{"index":"index","follow":"follow","max-snippet":"max-snippet:-1","max-image-preview":"max-image-preview:large","max-video-preview":"max-video-preview:-1"},"canonical":"https:\/\/www.minihorse.eu\/produit\/protective-transport-boots-for-miniature-horses-set-of-4\/","og_locale":"fr_FR","og_type":"article","og_title":"Bottes de transport protectrices pour chevaux miniatures - Lot de 4 - Minihorse.eu","og_description":"Prot\u00e9gez les jambes de votre cheval miniature pendant le transport avec ces bottes de transport durables et rembourr\u00e9es. Fabriqu\u00e9es en tissu 600 deniers, avec une doublure en nylon doux et un rembourrage en polyfill, elles offrent un excellent confort et une grande s\u00e9curit\u00e9. Dot\u00e9es de deux fermetures Velcro pour un ajustement s\u00fbr, elles sont faciles \u00e0 entretenir et se pr\u00e9sentent dans un design bleu fonc\u00e9 avec des bordures grises. Lot de quatre.","og_url":"https:\/\/www.minihorse.eu\/produit\/protective-transport-boots-for-miniature-horses-set-of-4\/","og_site_name":"Minihorse.eu","article_publisher":"https:\/\/www.facebook.com\/profile.php?id=100063487117479","og_image":[{"width":700,"height":433,"url":"https:\/\/www.minihorse.eu\/wp-content\/uploads\/2025\/02\/Protective-Transport-Boots-for-Miniature-Horses-\u2013-Set-of-4.jpg","type":"image\/jpeg"}],"twitter_card":"summary_large_image","twitter_misc":{"Dur\u00e9e de lecture estim\u00e9e":"1 minute"},"schema":{"@context":"https:\/\/schema.org","@graph":[{"@type":"WebPage","@id":"https:\/\/www.minihorse.eu\/produit\/protective-transport-boots-for-miniature-horses-set-of-4\/","url":"https:\/\/www.minihorse.eu\/produit\/protective-transport-boots-for-miniature-horses-set-of-4\/","name":"Bottes de transport protectrices pour chevaux miniatures - Lot de 4 - Minihorse.eu","isPartOf":{"@id":"https:\/\/www.minihorse.eu\/#website"},"primaryImageOfPage":{"@id":"https:\/\/www.minihorse.eu\/produit\/protective-transport-boots-for-miniature-horses-set-of-4\/#primaryimage"},"image":{"@id":"https:\/\/www.minihorse.eu\/produit\/protective-transport-boots-for-miniature-horses-set-of-4\/#primaryimage"},"thumbnailUrl":"https:\/\/www.minihorse.eu\/wp-content\/uploads\/2025\/02\/Protective-Transport-Boots-for-Miniature-Horses-\u2013-Set-of-4.jpg","datePublished":"2025-02-13T11:46:44+00:00","breadcrumb":{"@id":"https:\/\/www.minihorse.eu\/produit\/protective-transport-boots-for-miniature-horses-set-of-4\/#breadcrumb"},"inLanguage":"fr-FR","potentialAction":[{"@type":"ReadAction","target":["https:\/\/www.minihorse.eu\/produit\/protective-transport-boots-for-miniature-horses-set-of-4\/"]}]},{"@type":"ImageObject","inLanguage":"fr-FR","@id":"https:\/\/www.minihorse.eu\/produit\/protective-transport-boots-for-miniature-horses-set-of-4\/#primaryimage","url":"https:\/\/www.minihorse.eu\/wp-content\/uploads\/2025\/02\/Protective-Transport-Boots-for-Miniature-Horses-\u2013-Set-of-4.jpg","contentUrl":"https:\/\/www.minihorse.eu\/wp-content\/uploads\/2025\/02\/Protective-Transport-Boots-for-Miniature-Horses-\u2013-Set-of-4.jpg","width":700,"height":433,"caption":"Bottes de transport protectrices pour chevaux miniatures - Lot de 4"},{"@type":"BreadcrumbList","@id":"https:\/\/www.minihorse.eu\/produit\/protective-transport-boots-for-miniature-horses-set-of-4\/#breadcrumb","itemListElement":[{"@type":"ListItem","position":1,"name":"Home","item":"https:\/\/www.minihorse.eu\/fr\/accueil\/"},{"@type":"ListItem","position":2,"name":"Boutique","item":"https:\/\/www.minihorse.eu\/fr\/boutique\/"},{"@type":"ListItem","position":3,"name":"Bottes de transport protectrices pour chevaux miniatures &#8211; Lot de 4"}]},{"@type":"WebSite","@id":"https:\/\/www.minihorse.eu\/#website","url":"https:\/\/www.minihorse.eu\/","name":"Minihorse.eu","description":"The #1 store for Miniature Horses","publisher":{"@id":"https:\/\/www.minihorse.eu\/#organization"},"potentialAction":[{"@type":"SearchAction","target":{"@type":"EntryPoint","urlTemplate":"https:\/\/www.minihorse.eu\/?s={search_term_string}"},"query-input":{"@type":"PropertyValueSpecification","valueRequired":true,"valueName":"search_term_string"}}],"inLanguage":"fr-FR"},{"@type":"Organization","@id":"https:\/\/www.minihorse.eu\/#organization","name":"Minihorse.eu","url":"https:\/\/www.minihorse.eu\/","logo":{"@type":"ImageObject","inLanguage":"fr-FR","@id":"https:\/\/www.minihorse.eu\/#\/schema\/logo\/image\/","url":"https:\/\/www.minihorse.eu\/wp-content\/uploads\/2024\/08\/Logo-minihorse-ext.png","contentUrl":"https:\/\/www.minihorse.eu\/wp-content\/uploads\/2024\/08\/Logo-minihorse-ext.png","width":500,"height":500,"caption":"Minihorse.eu"},"image":{"@id":"https:\/\/www.minihorse.eu\/#\/schema\/logo\/image\/"},"sameAs":["https:\/\/www.facebook.com\/profile.php?id=100063487117479"]}]}},"jetpack_sharing_enabled":true,"_links":{"self":[{"href":"https:\/\/www.minihorse.eu\/fr\/wp-json\/wp\/v2\/product\/8112","targetHints":{"allow":["GET"]}}],"collection":[{"href":"https:\/\/www.minihorse.eu\/fr\/wp-json\/wp\/v2\/product"}],"about":[{"href":"https:\/\/www.minihorse.eu\/fr\/wp-json\/wp\/v2\/types\/product"}],"replies":[{"embeddable":true,"href":"https:\/\/www.minihorse.eu\/fr\/wp-json\/wp\/v2\/comments?post=8112"}],"wp:featuredmedia":[{"embeddable":true,"href":"https:\/\/www.minihorse.eu\/fr\/wp-json\/wp\/v2\/media\/3305"}],"wp:attachment":[{"href":"https:\/\/www.minihorse.eu\/fr\/wp-json\/wp\/v2\/media?parent=8112"}],"wp:term":[{"taxonomy":"product_brand","embeddable":true,"href":"https:\/\/www.minihorse.eu\/fr\/wp-json\/wp\/v2\/product_brand?post=8112"},{"taxonomy":"product_cat","embeddable":true,"href":"https:\/\/www.minihorse.eu\/fr\/wp-json\/wp\/v2\/product_cat?post=8112"},{"taxonomy":"product_tag","embeddable":true,"href":"https:\/\/www.minihorse.eu\/fr\/wp-json\/wp\/v2\/product_tag?post=8112"}],"curies":[{"name":"wp","href":"https:\/\/api.w.org\/{rel}","templated":true}]}}