{"id":8170,"date":"2025-03-26T22:04:11","date_gmt":"2025-03-26T22:04:11","guid":{"rendered":"https:\/\/www.minihorse.eu\/product\/lame-de-marque-maison-en-acier-recouvert-de-ceramique-n-10-15-mm\/"},"modified":"2025-03-26T22:04:11","modified_gmt":"2025-03-26T22:04:11","slug":"lame-de-marque-maison-en-acier-recouvert-de-ceramique-n-10-15-mm","status":"publish","type":"product","link":"https:\/\/www.minihorse.eu\/fr\/produit\/lame-de-marque-maison-en-acier-recouvert-de-ceramique-n-10-15-mm\/","title":{"rendered":"Lame de marque maison en acier recouvert de c\u00e9ramique n\u00b0. 10 &#8211; 1,5 mm"},"content":{"rendered":"<p>Lame de marque n\u00b0. 10 &#8211; 1,5 mm est une lame de haute qualit\u00e9 en acier inoxydable avec un rev\u00eatement en c\u00e9ramique de titane. Coupe tr\u00e8s douce. R\u00e9chauffement lent et faible bruit. Rase les cheveux \u00e0 une longueur de 1,5 mm.   <\/p>\n<p>Compatible avec les tondeuses Oster, Andis, Moser, Heiniger, Wahl, Laube et autres marques entre autres pour autant qu&rsquo;elles soient du type &lsquo;Oster A5&rsquo;.<\/p>\n<p>Pour les chevaux, les chats et les chiens.<\/p>\n<p>&nbsp;<\/p>\n","protected":false},"excerpt":{"rendered":"<p>Lame de marque n\u00b0. 10 &#8211; 1,5 mm est une lame de haute qualit\u00e9 en acier inoxydable avec un rev\u00eatement en c\u00e9ramique de titane. Coupe tr\u00e8s douce. R\u00e9chauffement lent et faible bruit. Rase les cheveux \u00e0 une longueur de 1,5 mm.   <\/p>\n","protected":false},"featured_media":8167,"comment_status":"open","ping_status":"closed","template":"","meta":[],"product_brand":[],"product_cat":[889],"product_tag":[870,907],"class_list":{"0":"post-8170","1":"product","2":"type-product","3":"status-publish","4":"has-post-thumbnail","6":"product_cat-peignes","7":"product_tag-clippeuse","8":"product_tag-lame","10":"first","11":"instock","12":"taxable","13":"shipping-taxable","14":"purchasable","15":"product-type-simple"},"yoast_head":"<!-- This site is optimized with the Yoast SEO plugin v27.6 - https:\/\/yoast.com\/product\/yoast-seo-wordpress\/ -->\n<title>Lame de marque maison en acier recouvert de c\u00e9ramique n\u00b0. 10 - 1,5 mm - Minihorse.eu<\/title>\n<meta name=\"robots\" content=\"index, follow, max-snippet:-1, max-image-preview:large, max-video-preview:-1\" \/>\n<link rel=\"canonical\" href=\"https:\/\/www.minihorse.eu\/fr\/produit\/lame-de-marque-maison-en-acier-recouvert-de-ceramique-n-10-15-mm\/\" \/>\n<meta property=\"og:locale\" content=\"fr_FR\" \/>\n<meta property=\"og:type\" content=\"article\" \/>\n<meta property=\"og:title\" content=\"Lame de marque maison en acier recouvert de c\u00e9ramique n\u00b0. 10 - 1,5 mm - Minihorse.eu\" \/>\n<meta property=\"og:description\" content=\"Lame de marque n\u00b0. 10 - 1,5 mm est une lame de haute qualit\u00e9 en acier inoxydable avec un rev\u00eatement en c\u00e9ramique de titane. Coupe tr\u00e8s douce. R\u00e9chauffement lent et faible bruit. Rase les cheveux \u00e0 une longueur de 1,5 mm.\" \/>\n<meta property=\"og:url\" content=\"https:\/\/www.minihorse.eu\/fr\/produit\/lame-de-marque-maison-en-acier-recouvert-de-ceramique-n-10-15-mm\/\" \/>\n<meta property=\"og:site_name\" content=\"Minihorse.eu\" \/>\n<meta property=\"article:publisher\" content=\"https:\/\/www.facebook.com\/profile.php?id=100063487117479\" \/>\n<meta property=\"og:image\" content=\"https:\/\/www.minihorse.eu\/wp-content\/uploads\/2025\/03\/Huismerk-ceramic-1.jpg\" \/>\n\t<meta property=\"og:image:width\" content=\"450\" \/>\n\t<meta property=\"og:image:height\" content=\"300\" \/>\n\t<meta property=\"og:image:type\" content=\"image\/jpeg\" \/>\n<meta name=\"twitter:card\" content=\"summary_large_image\" \/>\n<script type=\"application\/ld+json\" class=\"yoast-schema-graph\">{\"@context\":\"https:\\\/\\\/schema.org\",\"@graph\":[{\"@type\":\"WebPage\",\"@id\":\"https:\\\/\\\/www.minihorse.eu\\\/fr\\\/produit\\\/lame-de-marque-maison-en-acier-recouvert-de-ceramique-n-10-15-mm\\\/\",\"url\":\"https:\\\/\\\/www.minihorse.eu\\\/fr\\\/produit\\\/lame-de-marque-maison-en-acier-recouvert-de-ceramique-n-10-15-mm\\\/\",\"name\":\"Lame de marque maison en acier recouvert de c\u00e9ramique n\u00b0. 10 - 1,5 mm - Minihorse.eu\",\"isPartOf\":{\"@id\":\"https:\\\/\\\/www.minihorse.eu\\\/#website\"},\"primaryImageOfPage\":{\"@id\":\"https:\\\/\\\/www.minihorse.eu\\\/fr\\\/produit\\\/lame-de-marque-maison-en-acier-recouvert-de-ceramique-n-10-15-mm\\\/#primaryimage\"},\"image\":{\"@id\":\"https:\\\/\\\/www.minihorse.eu\\\/fr\\\/produit\\\/lame-de-marque-maison-en-acier-recouvert-de-ceramique-n-10-15-mm\\\/#primaryimage\"},\"thumbnailUrl\":\"https:\\\/\\\/www.minihorse.eu\\\/wp-content\\\/uploads\\\/2025\\\/03\\\/Huismerk-ceramic-1.jpg\",\"datePublished\":\"2025-03-26T22:04:11+00:00\",\"breadcrumb\":{\"@id\":\"https:\\\/\\\/www.minihorse.eu\\\/fr\\\/produit\\\/lame-de-marque-maison-en-acier-recouvert-de-ceramique-n-10-15-mm\\\/#breadcrumb\"},\"inLanguage\":\"fr-FR\",\"potentialAction\":[{\"@type\":\"ReadAction\",\"target\":[\"https:\\\/\\\/www.minihorse.eu\\\/fr\\\/produit\\\/lame-de-marque-maison-en-acier-recouvert-de-ceramique-n-10-15-mm\\\/\"]}]},{\"@type\":\"ImageObject\",\"inLanguage\":\"fr-FR\",\"@id\":\"https:\\\/\\\/www.minihorse.eu\\\/fr\\\/produit\\\/lame-de-marque-maison-en-acier-recouvert-de-ceramique-n-10-15-mm\\\/#primaryimage\",\"url\":\"https:\\\/\\\/www.minihorse.eu\\\/wp-content\\\/uploads\\\/2025\\\/03\\\/Huismerk-ceramic-1.jpg\",\"contentUrl\":\"https:\\\/\\\/www.minihorse.eu\\\/wp-content\\\/uploads\\\/2025\\\/03\\\/Huismerk-ceramic-1.jpg\",\"width\":450,\"height\":300},{\"@type\":\"BreadcrumbList\",\"@id\":\"https:\\\/\\\/www.minihorse.eu\\\/fr\\\/produit\\\/lame-de-marque-maison-en-acier-recouvert-de-ceramique-n-10-15-mm\\\/#breadcrumb\",\"itemListElement\":[{\"@type\":\"ListItem\",\"position\":1,\"name\":\"Home\",\"item\":\"https:\\\/\\\/www.minihorse.eu\\\/fr\\\/accueil\\\/\"},{\"@type\":\"ListItem\",\"position\":2,\"name\":\"Boutique\",\"item\":\"https:\\\/\\\/www.minihorse.eu\\\/fr\\\/boutique\\\/\"},{\"@type\":\"ListItem\",\"position\":3,\"name\":\"Lame de marque maison en acier recouvert de c\u00e9ramique n\u00b0. 10 &#8211; 1,5 mm\"}]},{\"@type\":\"WebSite\",\"@id\":\"https:\\\/\\\/www.minihorse.eu\\\/#website\",\"url\":\"https:\\\/\\\/www.minihorse.eu\\\/\",\"name\":\"Minihorse.eu\",\"description\":\"The #1 store for Miniature Horses\",\"publisher\":{\"@id\":\"https:\\\/\\\/www.minihorse.eu\\\/#organization\"},\"potentialAction\":[{\"@type\":\"SearchAction\",\"target\":{\"@type\":\"EntryPoint\",\"urlTemplate\":\"https:\\\/\\\/www.minihorse.eu\\\/?s={search_term_string}\"},\"query-input\":{\"@type\":\"PropertyValueSpecification\",\"valueRequired\":true,\"valueName\":\"search_term_string\"}}],\"inLanguage\":\"fr-FR\"},{\"@type\":\"Organization\",\"@id\":\"https:\\\/\\\/www.minihorse.eu\\\/#organization\",\"name\":\"Minihorse.eu\",\"url\":\"https:\\\/\\\/www.minihorse.eu\\\/\",\"logo\":{\"@type\":\"ImageObject\",\"inLanguage\":\"fr-FR\",\"@id\":\"https:\\\/\\\/www.minihorse.eu\\\/#\\\/schema\\\/logo\\\/image\\\/\",\"url\":\"https:\\\/\\\/www.minihorse.eu\\\/wp-content\\\/uploads\\\/2024\\\/08\\\/Logo-minihorse-ext.png\",\"contentUrl\":\"https:\\\/\\\/www.minihorse.eu\\\/wp-content\\\/uploads\\\/2024\\\/08\\\/Logo-minihorse-ext.png\",\"width\":500,\"height\":500,\"caption\":\"Minihorse.eu\"},\"image\":{\"@id\":\"https:\\\/\\\/www.minihorse.eu\\\/#\\\/schema\\\/logo\\\/image\\\/\"},\"sameAs\":[\"https:\\\/\\\/www.facebook.com\\\/profile.php?id=100063487117479\"]}]}<\/script>\n<!-- \/ Yoast SEO plugin. -->","yoast_head_json":{"title":"Lame de marque maison en acier recouvert de c\u00e9ramique n\u00b0. 10 - 1,5 mm - Minihorse.eu","robots":{"index":"index","follow":"follow","max-snippet":"max-snippet:-1","max-image-preview":"max-image-preview:large","max-video-preview":"max-video-preview:-1"},"canonical":"https:\/\/www.minihorse.eu\/fr\/produit\/lame-de-marque-maison-en-acier-recouvert-de-ceramique-n-10-15-mm\/","og_locale":"fr_FR","og_type":"article","og_title":"Lame de marque maison en acier recouvert de c\u00e9ramique n\u00b0. 10 - 1,5 mm - Minihorse.eu","og_description":"Lame de marque n\u00b0. 10 - 1,5 mm est une lame de haute qualit\u00e9 en acier inoxydable avec un rev\u00eatement en c\u00e9ramique de titane. Coupe tr\u00e8s douce. R\u00e9chauffement lent et faible bruit. Rase les cheveux \u00e0 une longueur de 1,5 mm.","og_url":"https:\/\/www.minihorse.eu\/fr\/produit\/lame-de-marque-maison-en-acier-recouvert-de-ceramique-n-10-15-mm\/","og_site_name":"Minihorse.eu","article_publisher":"https:\/\/www.facebook.com\/profile.php?id=100063487117479","og_image":[{"width":450,"height":300,"url":"https:\/\/www.minihorse.eu\/wp-content\/uploads\/2025\/03\/Huismerk-ceramic-1.jpg","type":"image\/jpeg"}],"twitter_card":"summary_large_image","schema":{"@context":"https:\/\/schema.org","@graph":[{"@type":"WebPage","@id":"https:\/\/www.minihorse.eu\/fr\/produit\/lame-de-marque-maison-en-acier-recouvert-de-ceramique-n-10-15-mm\/","url":"https:\/\/www.minihorse.eu\/fr\/produit\/lame-de-marque-maison-en-acier-recouvert-de-ceramique-n-10-15-mm\/","name":"Lame de marque maison en acier recouvert de c\u00e9ramique n\u00b0. 10 - 1,5 mm - Minihorse.eu","isPartOf":{"@id":"https:\/\/www.minihorse.eu\/#website"},"primaryImageOfPage":{"@id":"https:\/\/www.minihorse.eu\/fr\/produit\/lame-de-marque-maison-en-acier-recouvert-de-ceramique-n-10-15-mm\/#primaryimage"},"image":{"@id":"https:\/\/www.minihorse.eu\/fr\/produit\/lame-de-marque-maison-en-acier-recouvert-de-ceramique-n-10-15-mm\/#primaryimage"},"thumbnailUrl":"https:\/\/www.minihorse.eu\/wp-content\/uploads\/2025\/03\/Huismerk-ceramic-1.jpg","datePublished":"2025-03-26T22:04:11+00:00","breadcrumb":{"@id":"https:\/\/www.minihorse.eu\/fr\/produit\/lame-de-marque-maison-en-acier-recouvert-de-ceramique-n-10-15-mm\/#breadcrumb"},"inLanguage":"fr-FR","potentialAction":[{"@type":"ReadAction","target":["https:\/\/www.minihorse.eu\/fr\/produit\/lame-de-marque-maison-en-acier-recouvert-de-ceramique-n-10-15-mm\/"]}]},{"@type":"ImageObject","inLanguage":"fr-FR","@id":"https:\/\/www.minihorse.eu\/fr\/produit\/lame-de-marque-maison-en-acier-recouvert-de-ceramique-n-10-15-mm\/#primaryimage","url":"https:\/\/www.minihorse.eu\/wp-content\/uploads\/2025\/03\/Huismerk-ceramic-1.jpg","contentUrl":"https:\/\/www.minihorse.eu\/wp-content\/uploads\/2025\/03\/Huismerk-ceramic-1.jpg","width":450,"height":300},{"@type":"BreadcrumbList","@id":"https:\/\/www.minihorse.eu\/fr\/produit\/lame-de-marque-maison-en-acier-recouvert-de-ceramique-n-10-15-mm\/#breadcrumb","itemListElement":[{"@type":"ListItem","position":1,"name":"Home","item":"https:\/\/www.minihorse.eu\/fr\/accueil\/"},{"@type":"ListItem","position":2,"name":"Boutique","item":"https:\/\/www.minihorse.eu\/fr\/boutique\/"},{"@type":"ListItem","position":3,"name":"Lame de marque maison en acier recouvert de c\u00e9ramique n\u00b0. 10 &#8211; 1,5 mm"}]},{"@type":"WebSite","@id":"https:\/\/www.minihorse.eu\/#website","url":"https:\/\/www.minihorse.eu\/","name":"Minihorse.eu","description":"The #1 store for Miniature Horses","publisher":{"@id":"https:\/\/www.minihorse.eu\/#organization"},"potentialAction":[{"@type":"SearchAction","target":{"@type":"EntryPoint","urlTemplate":"https:\/\/www.minihorse.eu\/?s={search_term_string}"},"query-input":{"@type":"PropertyValueSpecification","valueRequired":true,"valueName":"search_term_string"}}],"inLanguage":"fr-FR"},{"@type":"Organization","@id":"https:\/\/www.minihorse.eu\/#organization","name":"Minihorse.eu","url":"https:\/\/www.minihorse.eu\/","logo":{"@type":"ImageObject","inLanguage":"fr-FR","@id":"https:\/\/www.minihorse.eu\/#\/schema\/logo\/image\/","url":"https:\/\/www.minihorse.eu\/wp-content\/uploads\/2024\/08\/Logo-minihorse-ext.png","contentUrl":"https:\/\/www.minihorse.eu\/wp-content\/uploads\/2024\/08\/Logo-minihorse-ext.png","width":500,"height":500,"caption":"Minihorse.eu"},"image":{"@id":"https:\/\/www.minihorse.eu\/#\/schema\/logo\/image\/"},"sameAs":["https:\/\/www.facebook.com\/profile.php?id=100063487117479"]}]}},"jetpack_sharing_enabled":true,"_links":{"self":[{"href":"https:\/\/www.minihorse.eu\/fr\/wp-json\/wp\/v2\/product\/8170","targetHints":{"allow":["GET"]}}],"collection":[{"href":"https:\/\/www.minihorse.eu\/fr\/wp-json\/wp\/v2\/product"}],"about":[{"href":"https:\/\/www.minihorse.eu\/fr\/wp-json\/wp\/v2\/types\/product"}],"replies":[{"embeddable":true,"href":"https:\/\/www.minihorse.eu\/fr\/wp-json\/wp\/v2\/comments?post=8170"}],"wp:featuredmedia":[{"embeddable":true,"href":"https:\/\/www.minihorse.eu\/fr\/wp-json\/wp\/v2\/media\/8167"}],"wp:attachment":[{"href":"https:\/\/www.minihorse.eu\/fr\/wp-json\/wp\/v2\/media?parent=8170"}],"wp:term":[{"taxonomy":"product_brand","embeddable":true,"href":"https:\/\/www.minihorse.eu\/fr\/wp-json\/wp\/v2\/product_brand?post=8170"},{"taxonomy":"product_cat","embeddable":true,"href":"https:\/\/www.minihorse.eu\/fr\/wp-json\/wp\/v2\/product_cat?post=8170"},{"taxonomy":"product_tag","embeddable":true,"href":"https:\/\/www.minihorse.eu\/fr\/wp-json\/wp\/v2\/product_tag?post=8170"}],"curies":[{"name":"wp","href":"https:\/\/api.w.org\/{rel}","templated":true}]}}