{"id":8267,"date":"2025-03-28T18:02:28","date_gmt":"2025-03-28T18:02:28","guid":{"rendered":"https:\/\/www.minihorse.eu\/?post_type=product&#038;p=8267"},"modified":"2025-03-28T18:48:49","modified_gmt":"2025-03-28T18:48:49","slug":"licol-de-presentation-dore","status":"publish","type":"product","link":"https:\/\/www.minihorse.eu\/fr\/produit\/licol-de-presentation-dore\/","title":{"rendered":"Licol de pr\u00e9sentation Dor\u00e9"},"content":{"rendered":"<div class=\"kb0PBd A9Y9g\" data-snf=\"nke7rc\" data-sncf=\"1\">\n<div class=\"VwiC3b yXK7lf p4wth r025kc hJNv6b Hdw6tb\"><strong>Licol de pr\u00e9sentation pour cheval miniature avec perles blanches et dor\u00e9es<\/strong> et cha\u00eenette de menton, sp\u00e9cialement con\u00e7u pour les expositions et les pr\u00e9sentations.<\/div>\n<div class=\"VwiC3b yXK7lf p4wth r025kc hJNv6b Hdw6tb\">Le licol est fabriqu\u00e9 \u00e0 partir de mat\u00e9riaux de haute qualit\u00e9 et pr\u00e9sente des d\u00e9tails \u00e9l\u00e9gants:<br \/>\n&#8211; <strong>Les perles <\/strong>sont ins\u00e9r\u00e9es sym\u00e9triquement avec des accents argent\u00e9s et des strass \u00e9tincelants.<br \/>\n&#8211; <strong>Finition fine<\/strong>: le licou est d\u00e9cor\u00e9 de touches dor\u00e9es et de strass.<br \/>\n&#8211; <strong>L\u00e9ger<\/strong>: il s&rsquo;ajuste confortablement et met joliment en valeur la t\u00eate du cheval lors des concours.<br \/>\n&#8211; <strong>Ajustement <\/strong>: pour un ajustement parfait sur la t\u00eate d&rsquo;un cheval miniature, le licol est largement ajustable gr\u00e2ce \u00e0 la sangle en cuir avec fermeture \u00e0 boucle.<br \/>\nCe licol de pr\u00e9sentation est id\u00e9al pour les inspections, les s\u00e9ances photo et les \u00e9v\u00e9nements sp\u00e9ciaux o\u00f9 le cheval doit avoir l&rsquo;air soign\u00e9 et impressionnant.<br \/>\nTailles: Small (poulain), Medium (yearling) et Large (cheval miniature adulte).<\/div>\n<\/div>\n","protected":false},"excerpt":{"rendered":"<p><strong>Licol de pr\u00e9sentation pour cheval miniature<\/strong> <strong>avec perles blanches et dor\u00e9es <\/strong>et cha\u00eenette de menton, sp\u00e9cialement con\u00e7u pour les concours et les pr\u00e9sentations. Des perles grises sont ins\u00e9r\u00e9es sym\u00e9triquement avec des accents argent\u00e9s et des strass \u00e9tincelants.<br \/>\nCe licol de pr\u00e9sentation est id\u00e9al pour les inspections, les s\u00e9ances photos et les \u00e9v\u00e9nements sp\u00e9ciaux o\u00f9 le cheval doit avoir l\u2019air soign\u00e9 et impressionnant.<br \/>\nTailles: Small (poulain), Medium (yearling) et Large (cheval miniature adulte).<\/p>\n","protected":false},"featured_media":8276,"comment_status":"open","ping_status":"closed","template":"","meta":[],"product_brand":[],"product_cat":[418],"product_tag":[914,922,915],"class_list":{"0":"post-8267","1":"product","2":"type-product","3":"status-publish","4":"has-post-thumbnail","6":"product_cat-licols-de-show","7":"product_tag-licol-de-presentation","8":"product_tag-licol-dore","9":"product_tag-licol-seances-photos","11":"first","12":"instock","13":"taxable","14":"shipping-taxable","15":"purchasable","16":"product-type-variable"},"yoast_head":"<!-- This site is optimized with the Yoast SEO plugin v27.5 - https:\/\/yoast.com\/product\/yoast-seo-wordpress\/ -->\n<title>Licol de pr\u00e9sentation Dor\u00e9 - Minihorse.eu<\/title>\n<meta name=\"robots\" content=\"index, follow, max-snippet:-1, max-image-preview:large, max-video-preview:-1\" \/>\n<link rel=\"canonical\" href=\"https:\/\/www.minihorse.eu\/produit\/show-halter-gold\/\" \/>\n<meta property=\"og:locale\" content=\"fr_FR\" \/>\n<meta property=\"og:type\" content=\"article\" \/>\n<meta property=\"og:title\" content=\"Licol de pr\u00e9sentation Dor\u00e9 - Minihorse.eu\" \/>\n<meta property=\"og:description\" content=\"Licol de pr\u00e9sentation pour cheval miniature avec perles blanches et dor\u00e9es et cha\u00eenette de menton, sp\u00e9cialement con\u00e7u pour les concours et les pr\u00e9sentations. Des perles grises sont ins\u00e9r\u00e9es sym\u00e9triquement avec des accents argent\u00e9s et des strass \u00e9tincelants. Ce licol de pr\u00e9sentation est id\u00e9al pour les inspections, les s\u00e9ances photos et les \u00e9v\u00e9nements sp\u00e9ciaux o\u00f9 le cheval doit avoir l\u2019air soign\u00e9 et impressionnant. Tailles: Small (poulain), Medium (yearling) et Large (cheval miniature adulte).\" \/>\n<meta property=\"og:url\" content=\"https:\/\/www.minihorse.eu\/produit\/show-halter-gold\/\" \/>\n<meta property=\"og:site_name\" content=\"Minihorse.eu\" \/>\n<meta property=\"article:publisher\" content=\"https:\/\/www.facebook.com\/profile.php?id=100063487117479\" \/>\n<meta property=\"article:modified_time\" content=\"2025-03-28T18:48:49+00:00\" \/>\n<meta property=\"og:image\" content=\"https:\/\/www.minihorse.eu\/wp-content\/uploads\/2025\/03\/Showhalter-gold.jpg\" \/>\n\t<meta property=\"og:image:width\" content=\"600\" \/>\n\t<meta property=\"og:image:height\" content=\"600\" \/>\n\t<meta property=\"og:image:type\" content=\"image\/jpeg\" \/>\n<meta name=\"twitter:card\" content=\"summary_large_image\" \/>\n<meta name=\"twitter:label1\" content=\"Dur\u00e9e de lecture estim\u00e9e\" \/>\n\t<meta name=\"twitter:data1\" content=\"1 minute\" \/>\n<script type=\"application\/ld+json\" class=\"yoast-schema-graph\">{\"@context\":\"https:\\\/\\\/schema.org\",\"@graph\":[{\"@type\":\"WebPage\",\"@id\":\"https:\\\/\\\/www.minihorse.eu\\\/produit\\\/show-halter-gold\\\/\",\"url\":\"https:\\\/\\\/www.minihorse.eu\\\/produit\\\/show-halter-gold\\\/\",\"name\":\"Licol de pr\u00e9sentation Dor\u00e9 - Minihorse.eu\",\"isPartOf\":{\"@id\":\"https:\\\/\\\/www.minihorse.eu\\\/#website\"},\"primaryImageOfPage\":{\"@id\":\"https:\\\/\\\/www.minihorse.eu\\\/produit\\\/show-halter-gold\\\/#primaryimage\"},\"image\":{\"@id\":\"https:\\\/\\\/www.minihorse.eu\\\/produit\\\/show-halter-gold\\\/#primaryimage\"},\"thumbnailUrl\":\"https:\\\/\\\/www.minihorse.eu\\\/wp-content\\\/uploads\\\/2025\\\/03\\\/Showhalter-gold.jpg\",\"datePublished\":\"2025-03-28T18:02:28+00:00\",\"dateModified\":\"2025-03-28T18:48:49+00:00\",\"breadcrumb\":{\"@id\":\"https:\\\/\\\/www.minihorse.eu\\\/produit\\\/show-halter-gold\\\/#breadcrumb\"},\"inLanguage\":\"fr-FR\",\"potentialAction\":[{\"@type\":\"ReadAction\",\"target\":[\"https:\\\/\\\/www.minihorse.eu\\\/produit\\\/show-halter-gold\\\/\"]}]},{\"@type\":\"ImageObject\",\"inLanguage\":\"fr-FR\",\"@id\":\"https:\\\/\\\/www.minihorse.eu\\\/produit\\\/show-halter-gold\\\/#primaryimage\",\"url\":\"https:\\\/\\\/www.minihorse.eu\\\/wp-content\\\/uploads\\\/2025\\\/03\\\/Showhalter-gold.jpg\",\"contentUrl\":\"https:\\\/\\\/www.minihorse.eu\\\/wp-content\\\/uploads\\\/2025\\\/03\\\/Showhalter-gold.jpg\",\"width\":600,\"height\":600},{\"@type\":\"BreadcrumbList\",\"@id\":\"https:\\\/\\\/www.minihorse.eu\\\/produit\\\/show-halter-gold\\\/#breadcrumb\",\"itemListElement\":[{\"@type\":\"ListItem\",\"position\":1,\"name\":\"Home\",\"item\":\"https:\\\/\\\/www.minihorse.eu\\\/fr\\\/accueil\\\/\"},{\"@type\":\"ListItem\",\"position\":2,\"name\":\"Boutique\",\"item\":\"https:\\\/\\\/www.minihorse.eu\\\/fr\\\/boutique\\\/\"},{\"@type\":\"ListItem\",\"position\":3,\"name\":\"Licol de pr\u00e9sentation Dor\u00e9\"}]},{\"@type\":\"WebSite\",\"@id\":\"https:\\\/\\\/www.minihorse.eu\\\/#website\",\"url\":\"https:\\\/\\\/www.minihorse.eu\\\/\",\"name\":\"Minihorse.eu\",\"description\":\"The #1 store for Miniature Horses\",\"publisher\":{\"@id\":\"https:\\\/\\\/www.minihorse.eu\\\/#organization\"},\"potentialAction\":[{\"@type\":\"SearchAction\",\"target\":{\"@type\":\"EntryPoint\",\"urlTemplate\":\"https:\\\/\\\/www.minihorse.eu\\\/?s={search_term_string}\"},\"query-input\":{\"@type\":\"PropertyValueSpecification\",\"valueRequired\":true,\"valueName\":\"search_term_string\"}}],\"inLanguage\":\"fr-FR\"},{\"@type\":\"Organization\",\"@id\":\"https:\\\/\\\/www.minihorse.eu\\\/#organization\",\"name\":\"Minihorse.eu\",\"url\":\"https:\\\/\\\/www.minihorse.eu\\\/\",\"logo\":{\"@type\":\"ImageObject\",\"inLanguage\":\"fr-FR\",\"@id\":\"https:\\\/\\\/www.minihorse.eu\\\/#\\\/schema\\\/logo\\\/image\\\/\",\"url\":\"https:\\\/\\\/www.minihorse.eu\\\/wp-content\\\/uploads\\\/2024\\\/08\\\/Logo-minihorse-ext.png\",\"contentUrl\":\"https:\\\/\\\/www.minihorse.eu\\\/wp-content\\\/uploads\\\/2024\\\/08\\\/Logo-minihorse-ext.png\",\"width\":500,\"height\":500,\"caption\":\"Minihorse.eu\"},\"image\":{\"@id\":\"https:\\\/\\\/www.minihorse.eu\\\/#\\\/schema\\\/logo\\\/image\\\/\"},\"sameAs\":[\"https:\\\/\\\/www.facebook.com\\\/profile.php?id=100063487117479\"]}]}<\/script>\n<!-- \/ Yoast SEO plugin. -->","yoast_head_json":{"title":"Licol de pr\u00e9sentation Dor\u00e9 - Minihorse.eu","robots":{"index":"index","follow":"follow","max-snippet":"max-snippet:-1","max-image-preview":"max-image-preview:large","max-video-preview":"max-video-preview:-1"},"canonical":"https:\/\/www.minihorse.eu\/produit\/show-halter-gold\/","og_locale":"fr_FR","og_type":"article","og_title":"Licol de pr\u00e9sentation Dor\u00e9 - Minihorse.eu","og_description":"Licol de pr\u00e9sentation pour cheval miniature avec perles blanches et dor\u00e9es et cha\u00eenette de menton, sp\u00e9cialement con\u00e7u pour les concours et les pr\u00e9sentations. Des perles grises sont ins\u00e9r\u00e9es sym\u00e9triquement avec des accents argent\u00e9s et des strass \u00e9tincelants. Ce licol de pr\u00e9sentation est id\u00e9al pour les inspections, les s\u00e9ances photos et les \u00e9v\u00e9nements sp\u00e9ciaux o\u00f9 le cheval doit avoir l\u2019air soign\u00e9 et impressionnant. Tailles: Small (poulain), Medium (yearling) et Large (cheval miniature adulte).","og_url":"https:\/\/www.minihorse.eu\/produit\/show-halter-gold\/","og_site_name":"Minihorse.eu","article_publisher":"https:\/\/www.facebook.com\/profile.php?id=100063487117479","article_modified_time":"2025-03-28T18:48:49+00:00","og_image":[{"width":600,"height":600,"url":"https:\/\/www.minihorse.eu\/wp-content\/uploads\/2025\/03\/Showhalter-gold.jpg","type":"image\/jpeg"}],"twitter_card":"summary_large_image","twitter_misc":{"Dur\u00e9e de lecture estim\u00e9e":"1 minute"},"schema":{"@context":"https:\/\/schema.org","@graph":[{"@type":"WebPage","@id":"https:\/\/www.minihorse.eu\/produit\/show-halter-gold\/","url":"https:\/\/www.minihorse.eu\/produit\/show-halter-gold\/","name":"Licol de pr\u00e9sentation Dor\u00e9 - Minihorse.eu","isPartOf":{"@id":"https:\/\/www.minihorse.eu\/#website"},"primaryImageOfPage":{"@id":"https:\/\/www.minihorse.eu\/produit\/show-halter-gold\/#primaryimage"},"image":{"@id":"https:\/\/www.minihorse.eu\/produit\/show-halter-gold\/#primaryimage"},"thumbnailUrl":"https:\/\/www.minihorse.eu\/wp-content\/uploads\/2025\/03\/Showhalter-gold.jpg","datePublished":"2025-03-28T18:02:28+00:00","dateModified":"2025-03-28T18:48:49+00:00","breadcrumb":{"@id":"https:\/\/www.minihorse.eu\/produit\/show-halter-gold\/#breadcrumb"},"inLanguage":"fr-FR","potentialAction":[{"@type":"ReadAction","target":["https:\/\/www.minihorse.eu\/produit\/show-halter-gold\/"]}]},{"@type":"ImageObject","inLanguage":"fr-FR","@id":"https:\/\/www.minihorse.eu\/produit\/show-halter-gold\/#primaryimage","url":"https:\/\/www.minihorse.eu\/wp-content\/uploads\/2025\/03\/Showhalter-gold.jpg","contentUrl":"https:\/\/www.minihorse.eu\/wp-content\/uploads\/2025\/03\/Showhalter-gold.jpg","width":600,"height":600},{"@type":"BreadcrumbList","@id":"https:\/\/www.minihorse.eu\/produit\/show-halter-gold\/#breadcrumb","itemListElement":[{"@type":"ListItem","position":1,"name":"Home","item":"https:\/\/www.minihorse.eu\/fr\/accueil\/"},{"@type":"ListItem","position":2,"name":"Boutique","item":"https:\/\/www.minihorse.eu\/fr\/boutique\/"},{"@type":"ListItem","position":3,"name":"Licol de pr\u00e9sentation Dor\u00e9"}]},{"@type":"WebSite","@id":"https:\/\/www.minihorse.eu\/#website","url":"https:\/\/www.minihorse.eu\/","name":"Minihorse.eu","description":"The #1 store for Miniature Horses","publisher":{"@id":"https:\/\/www.minihorse.eu\/#organization"},"potentialAction":[{"@type":"SearchAction","target":{"@type":"EntryPoint","urlTemplate":"https:\/\/www.minihorse.eu\/?s={search_term_string}"},"query-input":{"@type":"PropertyValueSpecification","valueRequired":true,"valueName":"search_term_string"}}],"inLanguage":"fr-FR"},{"@type":"Organization","@id":"https:\/\/www.minihorse.eu\/#organization","name":"Minihorse.eu","url":"https:\/\/www.minihorse.eu\/","logo":{"@type":"ImageObject","inLanguage":"fr-FR","@id":"https:\/\/www.minihorse.eu\/#\/schema\/logo\/image\/","url":"https:\/\/www.minihorse.eu\/wp-content\/uploads\/2024\/08\/Logo-minihorse-ext.png","contentUrl":"https:\/\/www.minihorse.eu\/wp-content\/uploads\/2024\/08\/Logo-minihorse-ext.png","width":500,"height":500,"caption":"Minihorse.eu"},"image":{"@id":"https:\/\/www.minihorse.eu\/#\/schema\/logo\/image\/"},"sameAs":["https:\/\/www.facebook.com\/profile.php?id=100063487117479"]}]}},"jetpack_sharing_enabled":true,"_links":{"self":[{"href":"https:\/\/www.minihorse.eu\/fr\/wp-json\/wp\/v2\/product\/8267","targetHints":{"allow":["GET"]}}],"collection":[{"href":"https:\/\/www.minihorse.eu\/fr\/wp-json\/wp\/v2\/product"}],"about":[{"href":"https:\/\/www.minihorse.eu\/fr\/wp-json\/wp\/v2\/types\/product"}],"replies":[{"embeddable":true,"href":"https:\/\/www.minihorse.eu\/fr\/wp-json\/wp\/v2\/comments?post=8267"}],"wp:featuredmedia":[{"embeddable":true,"href":"https:\/\/www.minihorse.eu\/fr\/wp-json\/wp\/v2\/media\/8276"}],"wp:attachment":[{"href":"https:\/\/www.minihorse.eu\/fr\/wp-json\/wp\/v2\/media?parent=8267"}],"wp:term":[{"taxonomy":"product_brand","embeddable":true,"href":"https:\/\/www.minihorse.eu\/fr\/wp-json\/wp\/v2\/product_brand?post=8267"},{"taxonomy":"product_cat","embeddable":true,"href":"https:\/\/www.minihorse.eu\/fr\/wp-json\/wp\/v2\/product_cat?post=8267"},{"taxonomy":"product_tag","embeddable":true,"href":"https:\/\/www.minihorse.eu\/fr\/wp-json\/wp\/v2\/product_tag?post=8267"}],"curies":[{"name":"wp","href":"https:\/\/api.w.org\/{rel}","templated":true}]}}