{"id":8292,"date":"2025-03-28T19:15:44","date_gmt":"2025-03-28T19:15:44","guid":{"rendered":"https:\/\/www.minihorse.eu\/?post_type=product&#038;p=8292"},"modified":"2025-03-28T20:35:51","modified_gmt":"2025-03-28T20:35:51","slug":"licol-de-presentation-shiny","status":"publish","type":"product","link":"https:\/\/www.minihorse.eu\/fr\/produit\/licol-de-presentation-shiny\/","title":{"rendered":"Licol de pr\u00e9sentation Shiny"},"content":{"rendered":"<div class=\"kb0PBd A9Y9g\" data-snf=\"nke7rc\" data-sncf=\"1\">\n<div class=\"VwiC3b yXK7lf p4wth r025kc hJNv6b Hdw6tb\"><strong>Licol de pr\u00e9sentation en cuir Shiny<\/strong> et luxueux gr\u00e2ce \u00e0 la <strong>double rang\u00e9e de strass <\/strong>sur la truffe et les c\u00f4t\u00e9s en cuir cousu rond.<br \/>\nLe licol de concours est largement r\u00e9glable au sommet de la t\u00eati\u00e8re et est livr\u00e9 avec une cha\u00eenette de menton.<br \/>\nCombinaison de couleurs des strass : blanc, blanc\/rouge, blanc\/noir, blanc\/bleu<\/div>\n<div class=\"VwiC3b yXK7lf p4wth r025kc hJNv6b Hdw6tb\">Tailles: Small (poulain), Medium (yearling) et Large (cheval miniature adulte).<\/div>\n<\/div>\n","protected":false},"excerpt":{"rendered":"<div class=\"VwiC3b yXK7lf p4wth r025kc hJNv6b Hdw6tb\"><strong>Licol de pr\u00e9sentation en cuir Shiny<\/strong> et luxueux gr\u00e2ce \u00e0 la double rang\u00e9e de strass sur la truffe et les c\u00f4t\u00e9s en cuir cousu rond.<br \/>\nLe licol de concours est largement r\u00e9glable au sommet de la t\u00eati\u00e8re et est livr\u00e9 avec une cha\u00eenette de menton.<br \/>\nCombinaison de couleurs des strass : blanc, blanc\/rouge, blanc\/noir, blanc\/bleu<\/div>\n<div class=\"VwiC3b yXK7lf p4wth r025kc hJNv6b Hdw6tb\">Tailles: Small (poulain), Medium (yearling) et Large (cheval miniature adulte).<\/div>\n","protected":false},"featured_media":8637,"comment_status":"open","ping_status":"closed","template":"","meta":[],"product_brand":[],"product_cat":[418],"product_tag":[914,915,919],"class_list":{"0":"post-8292","1":"product","2":"type-product","3":"status-publish","4":"has-post-thumbnail","6":"product_cat-licols-de-show","7":"product_tag-licol-de-presentation","8":"product_tag-licol-seances-photos","9":"product_tag-licol-turquoise","11":"first","12":"instock","13":"taxable","14":"shipping-taxable","15":"purchasable","16":"product-type-variable"},"yoast_head":"<!-- This site is optimized with the Yoast SEO plugin v27.5 - https:\/\/yoast.com\/product\/yoast-seo-wordpress\/ -->\n<title>Licol de pr\u00e9sentation Shiny - Minihorse.eu<\/title>\n<meta name=\"robots\" content=\"index, follow, max-snippet:-1, max-image-preview:large, max-video-preview:-1\" \/>\n<link rel=\"canonical\" href=\"https:\/\/www.minihorse.eu\/fr\/produit\/licol-de-presentation-shiny\/\" \/>\n<meta property=\"og:locale\" content=\"fr_FR\" \/>\n<meta property=\"og:type\" content=\"article\" \/>\n<meta property=\"og:title\" content=\"Licol de pr\u00e9sentation Shiny - Minihorse.eu\" \/>\n<meta property=\"og:description\" content=\"Licol de pr\u00e9sentation en cuir Shiny et luxueux gr\u00e2ce \u00e0 la double rang\u00e9e de strass sur la truffe et les c\u00f4t\u00e9s en cuir cousu rond. Le licol de concours est largement r\u00e9glable au sommet de la t\u00eati\u00e8re et est livr\u00e9 avec une cha\u00eenette de menton. Combinaison de couleurs des strass : blanc, blanc\/rouge, blanc\/noir, blanc\/bleu Tailles: Small (poulain), Medium (yearling) et Large (cheval miniature adulte).\" \/>\n<meta property=\"og:url\" content=\"https:\/\/www.minihorse.eu\/fr\/produit\/licol-de-presentation-shiny\/\" \/>\n<meta property=\"og:site_name\" content=\"Minihorse.eu\" \/>\n<meta property=\"article:publisher\" content=\"https:\/\/www.facebook.com\/profile.php?id=100063487117479\" \/>\n<meta property=\"article:modified_time\" content=\"2025-03-28T20:35:51+00:00\" \/>\n<meta property=\"og:image\" content=\"https:\/\/www.minihorse.eu\/wp-content\/uploads\/2025\/03\/Show-halter-Shiny-2.jpg\" \/>\n\t<meta property=\"og:image:width\" content=\"600\" \/>\n\t<meta property=\"og:image:height\" content=\"600\" \/>\n\t<meta property=\"og:image:type\" content=\"image\/jpeg\" \/>\n<meta name=\"twitter:card\" content=\"summary_large_image\" \/>\n<script type=\"application\/ld+json\" class=\"yoast-schema-graph\">{\"@context\":\"https:\\\/\\\/schema.org\",\"@graph\":[{\"@type\":\"WebPage\",\"@id\":\"https:\\\/\\\/www.minihorse.eu\\\/fr\\\/produit\\\/licol-de-presentation-shiny\\\/\",\"url\":\"https:\\\/\\\/www.minihorse.eu\\\/fr\\\/produit\\\/licol-de-presentation-shiny\\\/\",\"name\":\"Licol de pr\u00e9sentation Shiny - Minihorse.eu\",\"isPartOf\":{\"@id\":\"https:\\\/\\\/www.minihorse.eu\\\/#website\"},\"primaryImageOfPage\":{\"@id\":\"https:\\\/\\\/www.minihorse.eu\\\/fr\\\/produit\\\/licol-de-presentation-shiny\\\/#primaryimage\"},\"image\":{\"@id\":\"https:\\\/\\\/www.minihorse.eu\\\/fr\\\/produit\\\/licol-de-presentation-shiny\\\/#primaryimage\"},\"thumbnailUrl\":\"https:\\\/\\\/www.minihorse.eu\\\/wp-content\\\/uploads\\\/2025\\\/03\\\/Show-halter-Shiny-2.jpg\",\"datePublished\":\"2025-03-28T19:15:44+00:00\",\"dateModified\":\"2025-03-28T20:35:51+00:00\",\"breadcrumb\":{\"@id\":\"https:\\\/\\\/www.minihorse.eu\\\/fr\\\/produit\\\/licol-de-presentation-shiny\\\/#breadcrumb\"},\"inLanguage\":\"fr-FR\",\"potentialAction\":[{\"@type\":\"ReadAction\",\"target\":[\"https:\\\/\\\/www.minihorse.eu\\\/fr\\\/produit\\\/licol-de-presentation-shiny\\\/\"]}]},{\"@type\":\"ImageObject\",\"inLanguage\":\"fr-FR\",\"@id\":\"https:\\\/\\\/www.minihorse.eu\\\/fr\\\/produit\\\/licol-de-presentation-shiny\\\/#primaryimage\",\"url\":\"https:\\\/\\\/www.minihorse.eu\\\/wp-content\\\/uploads\\\/2025\\\/03\\\/Show-halter-Shiny-2.jpg\",\"contentUrl\":\"https:\\\/\\\/www.minihorse.eu\\\/wp-content\\\/uploads\\\/2025\\\/03\\\/Show-halter-Shiny-2.jpg\",\"width\":600,\"height\":600},{\"@type\":\"BreadcrumbList\",\"@id\":\"https:\\\/\\\/www.minihorse.eu\\\/fr\\\/produit\\\/licol-de-presentation-shiny\\\/#breadcrumb\",\"itemListElement\":[{\"@type\":\"ListItem\",\"position\":1,\"name\":\"Home\",\"item\":\"https:\\\/\\\/www.minihorse.eu\\\/fr\\\/accueil\\\/\"},{\"@type\":\"ListItem\",\"position\":2,\"name\":\"Boutique\",\"item\":\"https:\\\/\\\/www.minihorse.eu\\\/fr\\\/boutique\\\/\"},{\"@type\":\"ListItem\",\"position\":3,\"name\":\"Licol de pr\u00e9sentation Shiny\"}]},{\"@type\":\"WebSite\",\"@id\":\"https:\\\/\\\/www.minihorse.eu\\\/#website\",\"url\":\"https:\\\/\\\/www.minihorse.eu\\\/\",\"name\":\"Minihorse.eu\",\"description\":\"The #1 store for Miniature Horses\",\"publisher\":{\"@id\":\"https:\\\/\\\/www.minihorse.eu\\\/#organization\"},\"potentialAction\":[{\"@type\":\"SearchAction\",\"target\":{\"@type\":\"EntryPoint\",\"urlTemplate\":\"https:\\\/\\\/www.minihorse.eu\\\/?s={search_term_string}\"},\"query-input\":{\"@type\":\"PropertyValueSpecification\",\"valueRequired\":true,\"valueName\":\"search_term_string\"}}],\"inLanguage\":\"fr-FR\"},{\"@type\":\"Organization\",\"@id\":\"https:\\\/\\\/www.minihorse.eu\\\/#organization\",\"name\":\"Minihorse.eu\",\"url\":\"https:\\\/\\\/www.minihorse.eu\\\/\",\"logo\":{\"@type\":\"ImageObject\",\"inLanguage\":\"fr-FR\",\"@id\":\"https:\\\/\\\/www.minihorse.eu\\\/#\\\/schema\\\/logo\\\/image\\\/\",\"url\":\"https:\\\/\\\/www.minihorse.eu\\\/wp-content\\\/uploads\\\/2024\\\/08\\\/Logo-minihorse-ext.png\",\"contentUrl\":\"https:\\\/\\\/www.minihorse.eu\\\/wp-content\\\/uploads\\\/2024\\\/08\\\/Logo-minihorse-ext.png\",\"width\":500,\"height\":500,\"caption\":\"Minihorse.eu\"},\"image\":{\"@id\":\"https:\\\/\\\/www.minihorse.eu\\\/#\\\/schema\\\/logo\\\/image\\\/\"},\"sameAs\":[\"https:\\\/\\\/www.facebook.com\\\/profile.php?id=100063487117479\"]}]}<\/script>\n<!-- \/ Yoast SEO plugin. -->","yoast_head_json":{"title":"Licol de pr\u00e9sentation Shiny - Minihorse.eu","robots":{"index":"index","follow":"follow","max-snippet":"max-snippet:-1","max-image-preview":"max-image-preview:large","max-video-preview":"max-video-preview:-1"},"canonical":"https:\/\/www.minihorse.eu\/fr\/produit\/licol-de-presentation-shiny\/","og_locale":"fr_FR","og_type":"article","og_title":"Licol de pr\u00e9sentation Shiny - Minihorse.eu","og_description":"Licol de pr\u00e9sentation en cuir Shiny et luxueux gr\u00e2ce \u00e0 la double rang\u00e9e de strass sur la truffe et les c\u00f4t\u00e9s en cuir cousu rond. Le licol de concours est largement r\u00e9glable au sommet de la t\u00eati\u00e8re et est livr\u00e9 avec une cha\u00eenette de menton. Combinaison de couleurs des strass : blanc, blanc\/rouge, blanc\/noir, blanc\/bleu Tailles: Small (poulain), Medium (yearling) et Large (cheval miniature adulte).","og_url":"https:\/\/www.minihorse.eu\/fr\/produit\/licol-de-presentation-shiny\/","og_site_name":"Minihorse.eu","article_publisher":"https:\/\/www.facebook.com\/profile.php?id=100063487117479","article_modified_time":"2025-03-28T20:35:51+00:00","og_image":[{"width":600,"height":600,"url":"https:\/\/www.minihorse.eu\/wp-content\/uploads\/2025\/03\/Show-halter-Shiny-2.jpg","type":"image\/jpeg"}],"twitter_card":"summary_large_image","schema":{"@context":"https:\/\/schema.org","@graph":[{"@type":"WebPage","@id":"https:\/\/www.minihorse.eu\/fr\/produit\/licol-de-presentation-shiny\/","url":"https:\/\/www.minihorse.eu\/fr\/produit\/licol-de-presentation-shiny\/","name":"Licol de pr\u00e9sentation Shiny - Minihorse.eu","isPartOf":{"@id":"https:\/\/www.minihorse.eu\/#website"},"primaryImageOfPage":{"@id":"https:\/\/www.minihorse.eu\/fr\/produit\/licol-de-presentation-shiny\/#primaryimage"},"image":{"@id":"https:\/\/www.minihorse.eu\/fr\/produit\/licol-de-presentation-shiny\/#primaryimage"},"thumbnailUrl":"https:\/\/www.minihorse.eu\/wp-content\/uploads\/2025\/03\/Show-halter-Shiny-2.jpg","datePublished":"2025-03-28T19:15:44+00:00","dateModified":"2025-03-28T20:35:51+00:00","breadcrumb":{"@id":"https:\/\/www.minihorse.eu\/fr\/produit\/licol-de-presentation-shiny\/#breadcrumb"},"inLanguage":"fr-FR","potentialAction":[{"@type":"ReadAction","target":["https:\/\/www.minihorse.eu\/fr\/produit\/licol-de-presentation-shiny\/"]}]},{"@type":"ImageObject","inLanguage":"fr-FR","@id":"https:\/\/www.minihorse.eu\/fr\/produit\/licol-de-presentation-shiny\/#primaryimage","url":"https:\/\/www.minihorse.eu\/wp-content\/uploads\/2025\/03\/Show-halter-Shiny-2.jpg","contentUrl":"https:\/\/www.minihorse.eu\/wp-content\/uploads\/2025\/03\/Show-halter-Shiny-2.jpg","width":600,"height":600},{"@type":"BreadcrumbList","@id":"https:\/\/www.minihorse.eu\/fr\/produit\/licol-de-presentation-shiny\/#breadcrumb","itemListElement":[{"@type":"ListItem","position":1,"name":"Home","item":"https:\/\/www.minihorse.eu\/fr\/accueil\/"},{"@type":"ListItem","position":2,"name":"Boutique","item":"https:\/\/www.minihorse.eu\/fr\/boutique\/"},{"@type":"ListItem","position":3,"name":"Licol de pr\u00e9sentation Shiny"}]},{"@type":"WebSite","@id":"https:\/\/www.minihorse.eu\/#website","url":"https:\/\/www.minihorse.eu\/","name":"Minihorse.eu","description":"The #1 store for Miniature Horses","publisher":{"@id":"https:\/\/www.minihorse.eu\/#organization"},"potentialAction":[{"@type":"SearchAction","target":{"@type":"EntryPoint","urlTemplate":"https:\/\/www.minihorse.eu\/?s={search_term_string}"},"query-input":{"@type":"PropertyValueSpecification","valueRequired":true,"valueName":"search_term_string"}}],"inLanguage":"fr-FR"},{"@type":"Organization","@id":"https:\/\/www.minihorse.eu\/#organization","name":"Minihorse.eu","url":"https:\/\/www.minihorse.eu\/","logo":{"@type":"ImageObject","inLanguage":"fr-FR","@id":"https:\/\/www.minihorse.eu\/#\/schema\/logo\/image\/","url":"https:\/\/www.minihorse.eu\/wp-content\/uploads\/2024\/08\/Logo-minihorse-ext.png","contentUrl":"https:\/\/www.minihorse.eu\/wp-content\/uploads\/2024\/08\/Logo-minihorse-ext.png","width":500,"height":500,"caption":"Minihorse.eu"},"image":{"@id":"https:\/\/www.minihorse.eu\/#\/schema\/logo\/image\/"},"sameAs":["https:\/\/www.facebook.com\/profile.php?id=100063487117479"]}]}},"jetpack_sharing_enabled":true,"_links":{"self":[{"href":"https:\/\/www.minihorse.eu\/fr\/wp-json\/wp\/v2\/product\/8292","targetHints":{"allow":["GET"]}}],"collection":[{"href":"https:\/\/www.minihorse.eu\/fr\/wp-json\/wp\/v2\/product"}],"about":[{"href":"https:\/\/www.minihorse.eu\/fr\/wp-json\/wp\/v2\/types\/product"}],"replies":[{"embeddable":true,"href":"https:\/\/www.minihorse.eu\/fr\/wp-json\/wp\/v2\/comments?post=8292"}],"wp:featuredmedia":[{"embeddable":true,"href":"https:\/\/www.minihorse.eu\/fr\/wp-json\/wp\/v2\/media\/8637"}],"wp:attachment":[{"href":"https:\/\/www.minihorse.eu\/fr\/wp-json\/wp\/v2\/media?parent=8292"}],"wp:term":[{"taxonomy":"product_brand","embeddable":true,"href":"https:\/\/www.minihorse.eu\/fr\/wp-json\/wp\/v2\/product_brand?post=8292"},{"taxonomy":"product_cat","embeddable":true,"href":"https:\/\/www.minihorse.eu\/fr\/wp-json\/wp\/v2\/product_cat?post=8292"},{"taxonomy":"product_tag","embeddable":true,"href":"https:\/\/www.minihorse.eu\/fr\/wp-json\/wp\/v2\/product_tag?post=8292"}],"curies":[{"name":"wp","href":"https:\/\/api.w.org\/{rel}","templated":true}]}}