{"id":8566,"date":"2025-03-30T09:48:19","date_gmt":"2025-03-30T09:48:19","guid":{"rendered":"https:\/\/www.minihorse.eu\/?post_type=product&#038;p=8566"},"modified":"2025-06-04T11:09:23","modified_gmt":"2025-06-04T11:09:23","slug":"longe-de-licol-en-cuir-noir-10-mm-avec-boucle","status":"publish","type":"product","link":"https:\/\/www.minihorse.eu\/fr\/produit\/longe-de-licol-en-cuir-noir-10-mm-avec-boucle\/","title":{"rendered":"Longe de licol en cuir noir 10 mm avec boucle"},"content":{"rendered":"<p><strong>La longe en cuir noir<\/strong> est un accessoire \u00e9l\u00e9gant et fonctionnel pour la conduite et la pr\u00e9sentation des chevaux. Fabriqu\u00e9 en <strong>cuir de haute qualit\u00e9. <\/strong>La mati\u00e8re souple s&rsquo;adapte confortablement \u00e0 la main et \u00e9vite les frottements, tandis que la construction robuste assure une prise fiable et un contr\u00f4le sur le cheval. <\/p>\n<p>10 mm de wide, 170 cm de long<\/p>\n<p>\u00c9quip\u00e9 d&rsquo;une boucle. Avec sa couleur noire classique, la laisse de licol s&rsquo;adapte \u00e0 presque tous les types et toutes les couleurs de licols.<\/p>\n<p>Un entretien r\u00e9gulier \u00e0 l&rsquo;aide d&rsquo;un baume pour cuir permet de conserver la souplesse et la beaut\u00e9 du mat\u00e9riau. Une longe de licol en cuir noir est donc un investissement dans la qualit\u00e9 et l&rsquo;\u00e9l\u00e9gance pour tous les amoureux des chevaux. <\/p>\n","protected":false},"excerpt":{"rendered":"<p><strong>La longe en cuir noir<\/strong> avec boucle est un accessoire \u00e9l\u00e9gant et fonctionnel pour la conduite et la pr\u00e9sentation des chevaux. Fabriqu\u00e9 en cuir <strong>de haute qualit\u00e9.<\/strong> La mati\u00e8re souple s\u2019adapte confortablement \u00e0 la main et \u00e9vite les frottements, tandis que la construction robuste assure une prise fiable et un contr\u00f4le sur le cheval. <\/p>\n<p>10 mm de wide, 170 cm de long<\/p>\n<p>\u00c9quip\u00e9 d&rsquo;une <strong>boucle<\/strong>.<\/p>\n","protected":false},"featured_media":8544,"comment_status":"open","ping_status":"closed","template":"","meta":[],"product_brand":[],"product_cat":[416,418],"product_tag":[948,832,949,950],"class_list":{"0":"post-8566","1":"product","2":"type-product","3":"status-publish","4":"has-post-thumbnail","6":"product_cat-cordes-et-longes","7":"product_cat-licols-de-show","8":"product_tag-ligne-de-presentation","9":"product_tag-longe-fr","10":"product_tag-longe-de-licol","11":"product_tag-longe-en-cuir","13":"first","14":"instock","15":"taxable","16":"shipping-taxable","17":"purchasable","18":"product-type-simple"},"yoast_head":"<!-- This site is optimized with the Yoast SEO plugin v27.6 - https:\/\/yoast.com\/product\/yoast-seo-wordpress\/ -->\n<title>Longe de licol en cuir noir 10 mm avec boucle - Minihorse.eu<\/title>\n<meta name=\"robots\" content=\"index, follow, max-snippet:-1, max-image-preview:large, max-video-preview:-1\" \/>\n<link rel=\"canonical\" href=\"https:\/\/www.minihorse.eu\/fr\/produit\/longe-de-licol-en-cuir-noir-10-mm-avec-boucle\/\" \/>\n<meta property=\"og:locale\" content=\"fr_FR\" \/>\n<meta property=\"og:type\" content=\"article\" \/>\n<meta property=\"og:title\" content=\"Longe de licol en cuir noir 10 mm avec boucle - Minihorse.eu\" \/>\n<meta property=\"og:description\" content=\"La longe en cuir noir avec boucle est un accessoire \u00e9l\u00e9gant et fonctionnel pour la conduite et la pr\u00e9sentation des chevaux. Fabriqu\u00e9 en cuir de haute qualit\u00e9. La mati\u00e8re souple s\u2019adapte confortablement \u00e0 la main et \u00e9vite les frottements, tandis que la construction robuste assure une prise fiable et un contr\u00f4le sur le cheval.  10 mm de wide, 170 cm de long \u00c9quip\u00e9 d&#039;une boucle.\" \/>\n<meta property=\"og:url\" content=\"https:\/\/www.minihorse.eu\/fr\/produit\/longe-de-licol-en-cuir-noir-10-mm-avec-boucle\/\" \/>\n<meta property=\"og:site_name\" content=\"Minihorse.eu\" \/>\n<meta property=\"article:publisher\" content=\"https:\/\/www.facebook.com\/profile.php?id=100063487117479\" \/>\n<meta property=\"article:modified_time\" content=\"2025-06-04T11:09:23+00:00\" \/>\n<meta property=\"og:image\" content=\"https:\/\/www.minihorse.eu\/wp-content\/uploads\/2025\/03\/Leather-line-with-loop-1.jpg\" \/>\n\t<meta property=\"og:image:width\" content=\"800\" \/>\n\t<meta property=\"og:image:height\" content=\"600\" \/>\n\t<meta property=\"og:image:type\" content=\"image\/jpeg\" \/>\n<meta name=\"twitter:card\" content=\"summary_large_image\" \/>\n<meta name=\"twitter:label1\" content=\"Dur\u00e9e de lecture estim\u00e9e\" \/>\n\t<meta name=\"twitter:data1\" content=\"1 minute\" \/>\n<script type=\"application\/ld+json\" class=\"yoast-schema-graph\">{\"@context\":\"https:\\\/\\\/schema.org\",\"@graph\":[{\"@type\":\"WebPage\",\"@id\":\"https:\\\/\\\/www.minihorse.eu\\\/fr\\\/produit\\\/longe-de-licol-en-cuir-noir-10-mm-avec-boucle\\\/\",\"url\":\"https:\\\/\\\/www.minihorse.eu\\\/fr\\\/produit\\\/longe-de-licol-en-cuir-noir-10-mm-avec-boucle\\\/\",\"name\":\"Longe de licol en cuir noir 10 mm avec boucle - Minihorse.eu\",\"isPartOf\":{\"@id\":\"https:\\\/\\\/www.minihorse.eu\\\/#website\"},\"primaryImageOfPage\":{\"@id\":\"https:\\\/\\\/www.minihorse.eu\\\/fr\\\/produit\\\/longe-de-licol-en-cuir-noir-10-mm-avec-boucle\\\/#primaryimage\"},\"image\":{\"@id\":\"https:\\\/\\\/www.minihorse.eu\\\/fr\\\/produit\\\/longe-de-licol-en-cuir-noir-10-mm-avec-boucle\\\/#primaryimage\"},\"thumbnailUrl\":\"https:\\\/\\\/www.minihorse.eu\\\/wp-content\\\/uploads\\\/2025\\\/03\\\/Leather-line-with-loop-1.jpg\",\"datePublished\":\"2025-03-30T09:48:19+00:00\",\"dateModified\":\"2025-06-04T11:09:23+00:00\",\"breadcrumb\":{\"@id\":\"https:\\\/\\\/www.minihorse.eu\\\/fr\\\/produit\\\/longe-de-licol-en-cuir-noir-10-mm-avec-boucle\\\/#breadcrumb\"},\"inLanguage\":\"fr-FR\",\"potentialAction\":[{\"@type\":\"ReadAction\",\"target\":[\"https:\\\/\\\/www.minihorse.eu\\\/fr\\\/produit\\\/longe-de-licol-en-cuir-noir-10-mm-avec-boucle\\\/\"]}]},{\"@type\":\"ImageObject\",\"inLanguage\":\"fr-FR\",\"@id\":\"https:\\\/\\\/www.minihorse.eu\\\/fr\\\/produit\\\/longe-de-licol-en-cuir-noir-10-mm-avec-boucle\\\/#primaryimage\",\"url\":\"https:\\\/\\\/www.minihorse.eu\\\/wp-content\\\/uploads\\\/2025\\\/03\\\/Leather-line-with-loop-1.jpg\",\"contentUrl\":\"https:\\\/\\\/www.minihorse.eu\\\/wp-content\\\/uploads\\\/2025\\\/03\\\/Leather-line-with-loop-1.jpg\",\"width\":800,\"height\":600},{\"@type\":\"BreadcrumbList\",\"@id\":\"https:\\\/\\\/www.minihorse.eu\\\/fr\\\/produit\\\/longe-de-licol-en-cuir-noir-10-mm-avec-boucle\\\/#breadcrumb\",\"itemListElement\":[{\"@type\":\"ListItem\",\"position\":1,\"name\":\"Home\",\"item\":\"https:\\\/\\\/www.minihorse.eu\\\/fr\\\/accueil\\\/\"},{\"@type\":\"ListItem\",\"position\":2,\"name\":\"Boutique\",\"item\":\"https:\\\/\\\/www.minihorse.eu\\\/fr\\\/boutique\\\/\"},{\"@type\":\"ListItem\",\"position\":3,\"name\":\"Longe de licol en cuir noir 10 mm avec boucle\"}]},{\"@type\":\"WebSite\",\"@id\":\"https:\\\/\\\/www.minihorse.eu\\\/#website\",\"url\":\"https:\\\/\\\/www.minihorse.eu\\\/\",\"name\":\"Minihorse.eu\",\"description\":\"The #1 store for Miniature Horses\",\"publisher\":{\"@id\":\"https:\\\/\\\/www.minihorse.eu\\\/#organization\"},\"potentialAction\":[{\"@type\":\"SearchAction\",\"target\":{\"@type\":\"EntryPoint\",\"urlTemplate\":\"https:\\\/\\\/www.minihorse.eu\\\/?s={search_term_string}\"},\"query-input\":{\"@type\":\"PropertyValueSpecification\",\"valueRequired\":true,\"valueName\":\"search_term_string\"}}],\"inLanguage\":\"fr-FR\"},{\"@type\":\"Organization\",\"@id\":\"https:\\\/\\\/www.minihorse.eu\\\/#organization\",\"name\":\"Minihorse.eu\",\"url\":\"https:\\\/\\\/www.minihorse.eu\\\/\",\"logo\":{\"@type\":\"ImageObject\",\"inLanguage\":\"fr-FR\",\"@id\":\"https:\\\/\\\/www.minihorse.eu\\\/#\\\/schema\\\/logo\\\/image\\\/\",\"url\":\"https:\\\/\\\/www.minihorse.eu\\\/wp-content\\\/uploads\\\/2024\\\/08\\\/Logo-minihorse-ext.png\",\"contentUrl\":\"https:\\\/\\\/www.minihorse.eu\\\/wp-content\\\/uploads\\\/2024\\\/08\\\/Logo-minihorse-ext.png\",\"width\":500,\"height\":500,\"caption\":\"Minihorse.eu\"},\"image\":{\"@id\":\"https:\\\/\\\/www.minihorse.eu\\\/#\\\/schema\\\/logo\\\/image\\\/\"},\"sameAs\":[\"https:\\\/\\\/www.facebook.com\\\/profile.php?id=100063487117479\"]}]}<\/script>\n<!-- \/ Yoast SEO plugin. -->","yoast_head_json":{"title":"Longe de licol en cuir noir 10 mm avec boucle - Minihorse.eu","robots":{"index":"index","follow":"follow","max-snippet":"max-snippet:-1","max-image-preview":"max-image-preview:large","max-video-preview":"max-video-preview:-1"},"canonical":"https:\/\/www.minihorse.eu\/fr\/produit\/longe-de-licol-en-cuir-noir-10-mm-avec-boucle\/","og_locale":"fr_FR","og_type":"article","og_title":"Longe de licol en cuir noir 10 mm avec boucle - Minihorse.eu","og_description":"La longe en cuir noir avec boucle est un accessoire \u00e9l\u00e9gant et fonctionnel pour la conduite et la pr\u00e9sentation des chevaux. Fabriqu\u00e9 en cuir de haute qualit\u00e9. La mati\u00e8re souple s\u2019adapte confortablement \u00e0 la main et \u00e9vite les frottements, tandis que la construction robuste assure une prise fiable et un contr\u00f4le sur le cheval.  10 mm de wide, 170 cm de long \u00c9quip\u00e9 d'une boucle.","og_url":"https:\/\/www.minihorse.eu\/fr\/produit\/longe-de-licol-en-cuir-noir-10-mm-avec-boucle\/","og_site_name":"Minihorse.eu","article_publisher":"https:\/\/www.facebook.com\/profile.php?id=100063487117479","article_modified_time":"2025-06-04T11:09:23+00:00","og_image":[{"width":800,"height":600,"url":"https:\/\/www.minihorse.eu\/wp-content\/uploads\/2025\/03\/Leather-line-with-loop-1.jpg","type":"image\/jpeg"}],"twitter_card":"summary_large_image","twitter_misc":{"Dur\u00e9e de lecture estim\u00e9e":"1 minute"},"schema":{"@context":"https:\/\/schema.org","@graph":[{"@type":"WebPage","@id":"https:\/\/www.minihorse.eu\/fr\/produit\/longe-de-licol-en-cuir-noir-10-mm-avec-boucle\/","url":"https:\/\/www.minihorse.eu\/fr\/produit\/longe-de-licol-en-cuir-noir-10-mm-avec-boucle\/","name":"Longe de licol en cuir noir 10 mm avec boucle - Minihorse.eu","isPartOf":{"@id":"https:\/\/www.minihorse.eu\/#website"},"primaryImageOfPage":{"@id":"https:\/\/www.minihorse.eu\/fr\/produit\/longe-de-licol-en-cuir-noir-10-mm-avec-boucle\/#primaryimage"},"image":{"@id":"https:\/\/www.minihorse.eu\/fr\/produit\/longe-de-licol-en-cuir-noir-10-mm-avec-boucle\/#primaryimage"},"thumbnailUrl":"https:\/\/www.minihorse.eu\/wp-content\/uploads\/2025\/03\/Leather-line-with-loop-1.jpg","datePublished":"2025-03-30T09:48:19+00:00","dateModified":"2025-06-04T11:09:23+00:00","breadcrumb":{"@id":"https:\/\/www.minihorse.eu\/fr\/produit\/longe-de-licol-en-cuir-noir-10-mm-avec-boucle\/#breadcrumb"},"inLanguage":"fr-FR","potentialAction":[{"@type":"ReadAction","target":["https:\/\/www.minihorse.eu\/fr\/produit\/longe-de-licol-en-cuir-noir-10-mm-avec-boucle\/"]}]},{"@type":"ImageObject","inLanguage":"fr-FR","@id":"https:\/\/www.minihorse.eu\/fr\/produit\/longe-de-licol-en-cuir-noir-10-mm-avec-boucle\/#primaryimage","url":"https:\/\/www.minihorse.eu\/wp-content\/uploads\/2025\/03\/Leather-line-with-loop-1.jpg","contentUrl":"https:\/\/www.minihorse.eu\/wp-content\/uploads\/2025\/03\/Leather-line-with-loop-1.jpg","width":800,"height":600},{"@type":"BreadcrumbList","@id":"https:\/\/www.minihorse.eu\/fr\/produit\/longe-de-licol-en-cuir-noir-10-mm-avec-boucle\/#breadcrumb","itemListElement":[{"@type":"ListItem","position":1,"name":"Home","item":"https:\/\/www.minihorse.eu\/fr\/accueil\/"},{"@type":"ListItem","position":2,"name":"Boutique","item":"https:\/\/www.minihorse.eu\/fr\/boutique\/"},{"@type":"ListItem","position":3,"name":"Longe de licol en cuir noir 10 mm avec boucle"}]},{"@type":"WebSite","@id":"https:\/\/www.minihorse.eu\/#website","url":"https:\/\/www.minihorse.eu\/","name":"Minihorse.eu","description":"The #1 store for Miniature Horses","publisher":{"@id":"https:\/\/www.minihorse.eu\/#organization"},"potentialAction":[{"@type":"SearchAction","target":{"@type":"EntryPoint","urlTemplate":"https:\/\/www.minihorse.eu\/?s={search_term_string}"},"query-input":{"@type":"PropertyValueSpecification","valueRequired":true,"valueName":"search_term_string"}}],"inLanguage":"fr-FR"},{"@type":"Organization","@id":"https:\/\/www.minihorse.eu\/#organization","name":"Minihorse.eu","url":"https:\/\/www.minihorse.eu\/","logo":{"@type":"ImageObject","inLanguage":"fr-FR","@id":"https:\/\/www.minihorse.eu\/#\/schema\/logo\/image\/","url":"https:\/\/www.minihorse.eu\/wp-content\/uploads\/2024\/08\/Logo-minihorse-ext.png","contentUrl":"https:\/\/www.minihorse.eu\/wp-content\/uploads\/2024\/08\/Logo-minihorse-ext.png","width":500,"height":500,"caption":"Minihorse.eu"},"image":{"@id":"https:\/\/www.minihorse.eu\/#\/schema\/logo\/image\/"},"sameAs":["https:\/\/www.facebook.com\/profile.php?id=100063487117479"]}]}},"jetpack_sharing_enabled":true,"_links":{"self":[{"href":"https:\/\/www.minihorse.eu\/fr\/wp-json\/wp\/v2\/product\/8566","targetHints":{"allow":["GET"]}}],"collection":[{"href":"https:\/\/www.minihorse.eu\/fr\/wp-json\/wp\/v2\/product"}],"about":[{"href":"https:\/\/www.minihorse.eu\/fr\/wp-json\/wp\/v2\/types\/product"}],"replies":[{"embeddable":true,"href":"https:\/\/www.minihorse.eu\/fr\/wp-json\/wp\/v2\/comments?post=8566"}],"wp:featuredmedia":[{"embeddable":true,"href":"https:\/\/www.minihorse.eu\/fr\/wp-json\/wp\/v2\/media\/8544"}],"wp:attachment":[{"href":"https:\/\/www.minihorse.eu\/fr\/wp-json\/wp\/v2\/media?parent=8566"}],"wp:term":[{"taxonomy":"product_brand","embeddable":true,"href":"https:\/\/www.minihorse.eu\/fr\/wp-json\/wp\/v2\/product_brand?post=8566"},{"taxonomy":"product_cat","embeddable":true,"href":"https:\/\/www.minihorse.eu\/fr\/wp-json\/wp\/v2\/product_cat?post=8566"},{"taxonomy":"product_tag","embeddable":true,"href":"https:\/\/www.minihorse.eu\/fr\/wp-json\/wp\/v2\/product_tag?post=8566"}],"curies":[{"name":"wp","href":"https:\/\/api.w.org\/{rel}","templated":true}]}}