{"id":8619,"date":"2025-03-30T21:58:35","date_gmt":"2025-03-30T21:58:35","guid":{"rendered":"https:\/\/www.minihorse.eu\/product\/sac-a-foin\/"},"modified":"2026-01-12T20:25:59","modified_gmt":"2026-01-12T20:25:59","slug":"sac-a-foin","status":"publish","type":"product","link":"https:\/\/www.minihorse.eu\/fr\/produit\/sac-a-foin\/","title":{"rendered":"Sac \u00e0 foin"},"content":{"rendered":"<p>Sac \u00e0 foin \u00e9quip\u00e9 d&rsquo;un filet \u00e0 larges bandes et id\u00e9al pour donner efficacement du foin aux chevaux. Contient 4 anneaux en haut avec des boucles r\u00e9glables avec des clips pour suspendre le sac. Les boucles peuvent \u00e9galement \u00eatre pass\u00e9es dans les anneaux pour fermer le sac \u00e0 foin. Facile \u00e0 suspendre gr\u00e2ce \u00e0 des boucles solides, il convient pour l&rsquo;\u00e9curie, la remorque ou le paddock.<br \/>\n&#8211; Sac \u00e0 foin Slowfeeder en 1200D turnout fabric 100% polyester<br \/>\n&#8211; \u00c9quip\u00e9 d&rsquo;un filet avec de larges bandes de tissu<br \/>\n&#8211; Avec 4 anneaux en haut<br \/>\n&#8211; Avec 2 boucles r\u00e9glables avec clips<br \/>\n&#8211; Dimensions : 63,5 x 53 x 18 cm<br \/>\nCouleurs : imprim\u00e9 cheetah, turquoise, imprim\u00e9 licorne   <\/p>\n","protected":false},"excerpt":{"rendered":"<p>Sac \u00e0 foin \u00e9quip\u00e9 d&rsquo;un filet \u00e0 larges bandes et id\u00e9al pour donner efficacement du foin aux chevaux. Contient 4 anneaux en haut avec des boucles r\u00e9glables avec des clips pour suspendre le sac. Les boucles peuvent \u00e9galement \u00eatre pass\u00e9es dans les anneaux pour fermer le sac \u00e0 foin. Facile \u00e0 suspendre gr\u00e2ce \u00e0 des boucles solides, il convient pour l&rsquo;\u00e9curie, la remorque ou le paddock.<br \/>\nDimensions : 63,5 x 53 x 18 cm<br \/>\nCouleurs : imprim\u00e9 cheetah, turquoise, imprim\u00e9 licorne   <\/p>\n","protected":false},"featured_media":8601,"comment_status":"open","ping_status":"closed","template":"","meta":[],"product_brand":[],"product_cat":[188,211],"product_tag":[976,960,962,961],"class_list":{"0":"post-8619","1":"product","2":"type-product","3":"status-publish","4":"has-post-thumbnail","6":"product_cat-ecuries","7":"product_cat-show-time-fr","8":"product_tag-alimentation-des-chevaux","9":"product_tag-filet-a-foin","10":"product_tag-foin","11":"product_tag-sac-a-foin","13":"first","14":"instock","15":"taxable","16":"shipping-taxable","17":"purchasable","18":"product-type-variable"},"yoast_head":"<!-- This site is optimized with the Yoast SEO plugin v27.6 - https:\/\/yoast.com\/product\/yoast-seo-wordpress\/ -->\n<title>Sac \u00e0 foin - Minihorse.eu<\/title>\n<meta name=\"robots\" content=\"index, follow, max-snippet:-1, max-image-preview:large, max-video-preview:-1\" \/>\n<link rel=\"canonical\" href=\"https:\/\/www.minihorse.eu\/fr\/produit\/sac-a-foin\/\" \/>\n<meta property=\"og:locale\" content=\"fr_FR\" \/>\n<meta property=\"og:type\" content=\"article\" \/>\n<meta property=\"og:title\" content=\"Sac \u00e0 foin - Minihorse.eu\" \/>\n<meta property=\"og:description\" content=\"Sac \u00e0 foin \u00e9quip\u00e9 d&#039;un filet \u00e0 larges bandes et id\u00e9al pour donner efficacement du foin aux chevaux. Contient 4 anneaux en haut avec des boucles r\u00e9glables avec des clips pour suspendre le sac. Les boucles peuvent \u00e9galement \u00eatre pass\u00e9es dans les anneaux pour fermer le sac \u00e0 foin. Facile \u00e0 suspendre gr\u00e2ce \u00e0 des boucles solides, il convient pour l&#039;\u00e9curie, la remorque ou le paddock. Dimensions : 63,5 x 53 x 18 cm Couleurs : imprim\u00e9 cheetah, turquoise, imprim\u00e9 licorne\" \/>\n<meta property=\"og:url\" content=\"https:\/\/www.minihorse.eu\/fr\/produit\/sac-a-foin\/\" \/>\n<meta property=\"og:site_name\" content=\"Minihorse.eu\" \/>\n<meta property=\"article:publisher\" content=\"https:\/\/www.facebook.com\/profile.php?id=100063487117479\" \/>\n<meta property=\"article:modified_time\" content=\"2026-01-12T20:25:59+00:00\" \/>\n<meta property=\"og:image\" content=\"https:\/\/www.minihorse.eu\/wp-content\/uploads\/2025\/03\/IMG_20230326_183718.jpg\" \/>\n\t<meta property=\"og:image:width\" content=\"216\" \/>\n\t<meta property=\"og:image:height\" content=\"293\" \/>\n\t<meta property=\"og:image:type\" content=\"image\/jpeg\" \/>\n<meta name=\"twitter:card\" content=\"summary_large_image\" \/>\n<meta name=\"twitter:label1\" content=\"Dur\u00e9e de lecture estim\u00e9e\" \/>\n\t<meta name=\"twitter:data1\" content=\"1 minute\" \/>\n<script type=\"application\/ld+json\" class=\"yoast-schema-graph\">{\"@context\":\"https:\\\/\\\/schema.org\",\"@graph\":[{\"@type\":\"WebPage\",\"@id\":\"https:\\\/\\\/www.minihorse.eu\\\/fr\\\/produit\\\/sac-a-foin\\\/\",\"url\":\"https:\\\/\\\/www.minihorse.eu\\\/fr\\\/produit\\\/sac-a-foin\\\/\",\"name\":\"Sac \u00e0 foin - Minihorse.eu\",\"isPartOf\":{\"@id\":\"https:\\\/\\\/www.minihorse.eu\\\/#website\"},\"primaryImageOfPage\":{\"@id\":\"https:\\\/\\\/www.minihorse.eu\\\/fr\\\/produit\\\/sac-a-foin\\\/#primaryimage\"},\"image\":{\"@id\":\"https:\\\/\\\/www.minihorse.eu\\\/fr\\\/produit\\\/sac-a-foin\\\/#primaryimage\"},\"thumbnailUrl\":\"https:\\\/\\\/www.minihorse.eu\\\/wp-content\\\/uploads\\\/2025\\\/03\\\/IMG_20230326_183718.jpg\",\"datePublished\":\"2025-03-30T21:58:35+00:00\",\"dateModified\":\"2026-01-12T20:25:59+00:00\",\"breadcrumb\":{\"@id\":\"https:\\\/\\\/www.minihorse.eu\\\/fr\\\/produit\\\/sac-a-foin\\\/#breadcrumb\"},\"inLanguage\":\"fr-FR\",\"potentialAction\":[{\"@type\":\"ReadAction\",\"target\":[\"https:\\\/\\\/www.minihorse.eu\\\/fr\\\/produit\\\/sac-a-foin\\\/\"]}]},{\"@type\":\"ImageObject\",\"inLanguage\":\"fr-FR\",\"@id\":\"https:\\\/\\\/www.minihorse.eu\\\/fr\\\/produit\\\/sac-a-foin\\\/#primaryimage\",\"url\":\"https:\\\/\\\/www.minihorse.eu\\\/wp-content\\\/uploads\\\/2025\\\/03\\\/IMG_20230326_183718.jpg\",\"contentUrl\":\"https:\\\/\\\/www.minihorse.eu\\\/wp-content\\\/uploads\\\/2025\\\/03\\\/IMG_20230326_183718.jpg\",\"width\":216,\"height\":293},{\"@type\":\"BreadcrumbList\",\"@id\":\"https:\\\/\\\/www.minihorse.eu\\\/fr\\\/produit\\\/sac-a-foin\\\/#breadcrumb\",\"itemListElement\":[{\"@type\":\"ListItem\",\"position\":1,\"name\":\"Home\",\"item\":\"https:\\\/\\\/www.minihorse.eu\\\/fr\\\/accueil\\\/\"},{\"@type\":\"ListItem\",\"position\":2,\"name\":\"Boutique\",\"item\":\"https:\\\/\\\/www.minihorse.eu\\\/fr\\\/boutique\\\/\"},{\"@type\":\"ListItem\",\"position\":3,\"name\":\"Sac \u00e0 foin\"}]},{\"@type\":\"WebSite\",\"@id\":\"https:\\\/\\\/www.minihorse.eu\\\/#website\",\"url\":\"https:\\\/\\\/www.minihorse.eu\\\/\",\"name\":\"Minihorse.eu\",\"description\":\"The #1 store for Miniature Horses\",\"publisher\":{\"@id\":\"https:\\\/\\\/www.minihorse.eu\\\/#organization\"},\"potentialAction\":[{\"@type\":\"SearchAction\",\"target\":{\"@type\":\"EntryPoint\",\"urlTemplate\":\"https:\\\/\\\/www.minihorse.eu\\\/?s={search_term_string}\"},\"query-input\":{\"@type\":\"PropertyValueSpecification\",\"valueRequired\":true,\"valueName\":\"search_term_string\"}}],\"inLanguage\":\"fr-FR\"},{\"@type\":\"Organization\",\"@id\":\"https:\\\/\\\/www.minihorse.eu\\\/#organization\",\"name\":\"Minihorse.eu\",\"url\":\"https:\\\/\\\/www.minihorse.eu\\\/\",\"logo\":{\"@type\":\"ImageObject\",\"inLanguage\":\"fr-FR\",\"@id\":\"https:\\\/\\\/www.minihorse.eu\\\/#\\\/schema\\\/logo\\\/image\\\/\",\"url\":\"https:\\\/\\\/www.minihorse.eu\\\/wp-content\\\/uploads\\\/2024\\\/08\\\/Logo-minihorse-ext.png\",\"contentUrl\":\"https:\\\/\\\/www.minihorse.eu\\\/wp-content\\\/uploads\\\/2024\\\/08\\\/Logo-minihorse-ext.png\",\"width\":500,\"height\":500,\"caption\":\"Minihorse.eu\"},\"image\":{\"@id\":\"https:\\\/\\\/www.minihorse.eu\\\/#\\\/schema\\\/logo\\\/image\\\/\"},\"sameAs\":[\"https:\\\/\\\/www.facebook.com\\\/profile.php?id=100063487117479\"]}]}<\/script>\n<!-- \/ Yoast SEO plugin. -->","yoast_head_json":{"title":"Sac \u00e0 foin - Minihorse.eu","robots":{"index":"index","follow":"follow","max-snippet":"max-snippet:-1","max-image-preview":"max-image-preview:large","max-video-preview":"max-video-preview:-1"},"canonical":"https:\/\/www.minihorse.eu\/fr\/produit\/sac-a-foin\/","og_locale":"fr_FR","og_type":"article","og_title":"Sac \u00e0 foin - Minihorse.eu","og_description":"Sac \u00e0 foin \u00e9quip\u00e9 d'un filet \u00e0 larges bandes et id\u00e9al pour donner efficacement du foin aux chevaux. Contient 4 anneaux en haut avec des boucles r\u00e9glables avec des clips pour suspendre le sac. Les boucles peuvent \u00e9galement \u00eatre pass\u00e9es dans les anneaux pour fermer le sac \u00e0 foin. Facile \u00e0 suspendre gr\u00e2ce \u00e0 des boucles solides, il convient pour l'\u00e9curie, la remorque ou le paddock. Dimensions : 63,5 x 53 x 18 cm Couleurs : imprim\u00e9 cheetah, turquoise, imprim\u00e9 licorne","og_url":"https:\/\/www.minihorse.eu\/fr\/produit\/sac-a-foin\/","og_site_name":"Minihorse.eu","article_publisher":"https:\/\/www.facebook.com\/profile.php?id=100063487117479","article_modified_time":"2026-01-12T20:25:59+00:00","og_image":[{"width":216,"height":293,"url":"https:\/\/www.minihorse.eu\/wp-content\/uploads\/2025\/03\/IMG_20230326_183718.jpg","type":"image\/jpeg"}],"twitter_card":"summary_large_image","twitter_misc":{"Dur\u00e9e de lecture estim\u00e9e":"1 minute"},"schema":{"@context":"https:\/\/schema.org","@graph":[{"@type":"WebPage","@id":"https:\/\/www.minihorse.eu\/fr\/produit\/sac-a-foin\/","url":"https:\/\/www.minihorse.eu\/fr\/produit\/sac-a-foin\/","name":"Sac \u00e0 foin - Minihorse.eu","isPartOf":{"@id":"https:\/\/www.minihorse.eu\/#website"},"primaryImageOfPage":{"@id":"https:\/\/www.minihorse.eu\/fr\/produit\/sac-a-foin\/#primaryimage"},"image":{"@id":"https:\/\/www.minihorse.eu\/fr\/produit\/sac-a-foin\/#primaryimage"},"thumbnailUrl":"https:\/\/www.minihorse.eu\/wp-content\/uploads\/2025\/03\/IMG_20230326_183718.jpg","datePublished":"2025-03-30T21:58:35+00:00","dateModified":"2026-01-12T20:25:59+00:00","breadcrumb":{"@id":"https:\/\/www.minihorse.eu\/fr\/produit\/sac-a-foin\/#breadcrumb"},"inLanguage":"fr-FR","potentialAction":[{"@type":"ReadAction","target":["https:\/\/www.minihorse.eu\/fr\/produit\/sac-a-foin\/"]}]},{"@type":"ImageObject","inLanguage":"fr-FR","@id":"https:\/\/www.minihorse.eu\/fr\/produit\/sac-a-foin\/#primaryimage","url":"https:\/\/www.minihorse.eu\/wp-content\/uploads\/2025\/03\/IMG_20230326_183718.jpg","contentUrl":"https:\/\/www.minihorse.eu\/wp-content\/uploads\/2025\/03\/IMG_20230326_183718.jpg","width":216,"height":293},{"@type":"BreadcrumbList","@id":"https:\/\/www.minihorse.eu\/fr\/produit\/sac-a-foin\/#breadcrumb","itemListElement":[{"@type":"ListItem","position":1,"name":"Home","item":"https:\/\/www.minihorse.eu\/fr\/accueil\/"},{"@type":"ListItem","position":2,"name":"Boutique","item":"https:\/\/www.minihorse.eu\/fr\/boutique\/"},{"@type":"ListItem","position":3,"name":"Sac \u00e0 foin"}]},{"@type":"WebSite","@id":"https:\/\/www.minihorse.eu\/#website","url":"https:\/\/www.minihorse.eu\/","name":"Minihorse.eu","description":"The #1 store for Miniature Horses","publisher":{"@id":"https:\/\/www.minihorse.eu\/#organization"},"potentialAction":[{"@type":"SearchAction","target":{"@type":"EntryPoint","urlTemplate":"https:\/\/www.minihorse.eu\/?s={search_term_string}"},"query-input":{"@type":"PropertyValueSpecification","valueRequired":true,"valueName":"search_term_string"}}],"inLanguage":"fr-FR"},{"@type":"Organization","@id":"https:\/\/www.minihorse.eu\/#organization","name":"Minihorse.eu","url":"https:\/\/www.minihorse.eu\/","logo":{"@type":"ImageObject","inLanguage":"fr-FR","@id":"https:\/\/www.minihorse.eu\/#\/schema\/logo\/image\/","url":"https:\/\/www.minihorse.eu\/wp-content\/uploads\/2024\/08\/Logo-minihorse-ext.png","contentUrl":"https:\/\/www.minihorse.eu\/wp-content\/uploads\/2024\/08\/Logo-minihorse-ext.png","width":500,"height":500,"caption":"Minihorse.eu"},"image":{"@id":"https:\/\/www.minihorse.eu\/#\/schema\/logo\/image\/"},"sameAs":["https:\/\/www.facebook.com\/profile.php?id=100063487117479"]}]}},"jetpack_sharing_enabled":true,"_links":{"self":[{"href":"https:\/\/www.minihorse.eu\/fr\/wp-json\/wp\/v2\/product\/8619","targetHints":{"allow":["GET"]}}],"collection":[{"href":"https:\/\/www.minihorse.eu\/fr\/wp-json\/wp\/v2\/product"}],"about":[{"href":"https:\/\/www.minihorse.eu\/fr\/wp-json\/wp\/v2\/types\/product"}],"replies":[{"embeddable":true,"href":"https:\/\/www.minihorse.eu\/fr\/wp-json\/wp\/v2\/comments?post=8619"}],"wp:featuredmedia":[{"embeddable":true,"href":"https:\/\/www.minihorse.eu\/fr\/wp-json\/wp\/v2\/media\/8601"}],"wp:attachment":[{"href":"https:\/\/www.minihorse.eu\/fr\/wp-json\/wp\/v2\/media?parent=8619"}],"wp:term":[{"taxonomy":"product_brand","embeddable":true,"href":"https:\/\/www.minihorse.eu\/fr\/wp-json\/wp\/v2\/product_brand?post=8619"},{"taxonomy":"product_cat","embeddable":true,"href":"https:\/\/www.minihorse.eu\/fr\/wp-json\/wp\/v2\/product_cat?post=8619"},{"taxonomy":"product_tag","embeddable":true,"href":"https:\/\/www.minihorse.eu\/fr\/wp-json\/wp\/v2\/product_tag?post=8619"}],"curies":[{"name":"wp","href":"https:\/\/api.w.org\/{rel}","templated":true}]}}