{"id":8801,"date":"2025-04-04T15:35:09","date_gmt":"2025-04-04T15:35:09","guid":{"rendered":"https:\/\/www.minihorse.eu\/product\/ultra-highlighter\/"},"modified":"2025-06-04T11:09:24","modified_gmt":"2025-06-04T11:09:24","slug":"ultra-highlighter","status":"publish","type":"product","link":"https:\/\/www.minihorse.eu\/fr\/produit\/ultra-highlighter\/","title":{"rendered":"Ultra Highlighter"},"content":{"rendered":"<p>Faites briller le visage, les yeux, les oreilles, le museau et les muscles de votre cheval avec le <strong>Ultra highlighter.<\/strong> Ce highlighter ne se contente pas de mettre en valeur la peau, il l&rsquo;hydrate \u00e9galement pour lui donner un \u00e9clat sain. Les agents antistatiques aident \u00e0 repousser la poussi\u00e8re et la salet\u00e9 et ce highlighter ne saigne pas et ne s&rsquo;\u00e9tale pas par temps chaud.<br \/>\n&#8211; Cr\u00e9e des reflets intenses tout en hydratant la peau<br \/>\n&#8211; Ne coule pas par temps chaud<br \/>\n&#8211; Les agents antistatiques aident \u00e0 repousser la poussi\u00e8re et la salet\u00e9<br \/>\nCouleur : incolore (clear) et noir<br \/>\nContenu : 147 ml ou 443 ml<br \/>\nMode d&#8217;emploi:<br \/>\nAppliquer le highlighter du bout des doigts sur une peau propre et s\u00e8che. Faire p\u00e9n\u00e9trer si n\u00e9cessaire et laisser agir pendant 30 minutes. Enlever l&rsquo;exc\u00e9dent de Highlighter \u00e0 l&rsquo;aide d&rsquo;un chiffon propre. Peut \u00eatre utilis\u00e9 avec l&rsquo;enlumineur noir pour obtenir un effet plus spectaculaire.    <\/p>\n","protected":false},"excerpt":{"rendered":"<p>Faites briller le visage, les yeux, les oreilles, le museau et les muscles de votre cheval avec le <strong>Ultra highlighter.<\/strong> Ce highlighter ne se contente pas de mettre en valeur la peau, il l&rsquo;hydrate \u00e9galement pour lui donner un \u00e9clat sain. Les agents antistatiques aident \u00e0 repousser la poussi\u00e8re et la salet\u00e9 et ce highlighter ne saigne pas et ne s&rsquo;\u00e9tale pas par temps chaud.<br \/>\nCouleur : incolore (clear) et noir<br \/>\nContenu : 147 ml ou 443 ml  <\/p>\n","protected":false},"featured_media":8781,"comment_status":"open","ping_status":"closed","template":"","meta":[],"product_brand":[],"product_cat":[211,215],"product_tag":[],"class_list":{"0":"post-8801","1":"product","2":"type-product","3":"status-publish","4":"has-post-thumbnail","6":"product_cat-show-time-fr","7":"product_cat-ultra-fr","9":"first","10":"instock","11":"taxable","12":"shipping-taxable","13":"purchasable","14":"product-type-variable"},"yoast_head":"<!-- This site is optimized with the Yoast SEO plugin v27.6 - https:\/\/yoast.com\/product\/yoast-seo-wordpress\/ -->\n<title>Ultra Highlighter - Minihorse.eu<\/title>\n<meta name=\"robots\" content=\"index, follow, max-snippet:-1, max-image-preview:large, max-video-preview:-1\" \/>\n<link rel=\"canonical\" href=\"https:\/\/www.minihorse.eu\/fr\/produit\/ultra-highlighter\/\" \/>\n<meta property=\"og:locale\" content=\"fr_FR\" \/>\n<meta property=\"og:type\" content=\"article\" \/>\n<meta property=\"og:title\" content=\"Ultra Highlighter - Minihorse.eu\" \/>\n<meta property=\"og:description\" content=\"Faites briller le visage, les yeux, les oreilles, le museau et les muscles de votre cheval avec le Ultra highlighter. Ce highlighter ne se contente pas de mettre en valeur la peau, il l&#039;hydrate \u00e9galement pour lui donner un \u00e9clat sain. Les agents antistatiques aident \u00e0 repousser la poussi\u00e8re et la salet\u00e9 et ce highlighter ne saigne pas et ne s&#039;\u00e9tale pas par temps chaud. Couleur : incolore (clear) et noir Contenu : 147 ml ou 443 ml\" \/>\n<meta property=\"og:url\" content=\"https:\/\/www.minihorse.eu\/fr\/produit\/ultra-highlighter\/\" \/>\n<meta property=\"og:site_name\" content=\"Minihorse.eu\" \/>\n<meta property=\"article:publisher\" content=\"https:\/\/www.facebook.com\/profile.php?id=100063487117479\" \/>\n<meta property=\"article:modified_time\" content=\"2025-06-04T11:09:24+00:00\" \/>\n<meta property=\"og:image\" content=\"https:\/\/www.minihorse.eu\/wp-content\/uploads\/2025\/04\/Ultra-Highlighter-clear-150-gr.jpg\" \/>\n\t<meta property=\"og:image:width\" content=\"217\" \/>\n\t<meta property=\"og:image:height\" content=\"230\" \/>\n\t<meta property=\"og:image:type\" content=\"image\/jpeg\" \/>\n<meta name=\"twitter:card\" content=\"summary_large_image\" \/>\n<meta name=\"twitter:label1\" content=\"Dur\u00e9e de lecture estim\u00e9e\" \/>\n\t<meta name=\"twitter:data1\" content=\"1 minute\" \/>\n<script type=\"application\/ld+json\" class=\"yoast-schema-graph\">{\"@context\":\"https:\\\/\\\/schema.org\",\"@graph\":[{\"@type\":\"WebPage\",\"@id\":\"https:\\\/\\\/www.minihorse.eu\\\/fr\\\/produit\\\/ultra-highlighter\\\/\",\"url\":\"https:\\\/\\\/www.minihorse.eu\\\/fr\\\/produit\\\/ultra-highlighter\\\/\",\"name\":\"Ultra Highlighter - Minihorse.eu\",\"isPartOf\":{\"@id\":\"https:\\\/\\\/www.minihorse.eu\\\/#website\"},\"primaryImageOfPage\":{\"@id\":\"https:\\\/\\\/www.minihorse.eu\\\/fr\\\/produit\\\/ultra-highlighter\\\/#primaryimage\"},\"image\":{\"@id\":\"https:\\\/\\\/www.minihorse.eu\\\/fr\\\/produit\\\/ultra-highlighter\\\/#primaryimage\"},\"thumbnailUrl\":\"https:\\\/\\\/www.minihorse.eu\\\/wp-content\\\/uploads\\\/2025\\\/04\\\/Ultra-Highlighter-clear-150-gr.jpg\",\"datePublished\":\"2025-04-04T15:35:09+00:00\",\"dateModified\":\"2025-06-04T11:09:24+00:00\",\"breadcrumb\":{\"@id\":\"https:\\\/\\\/www.minihorse.eu\\\/fr\\\/produit\\\/ultra-highlighter\\\/#breadcrumb\"},\"inLanguage\":\"fr-FR\",\"potentialAction\":[{\"@type\":\"ReadAction\",\"target\":[\"https:\\\/\\\/www.minihorse.eu\\\/fr\\\/produit\\\/ultra-highlighter\\\/\"]}]},{\"@type\":\"ImageObject\",\"inLanguage\":\"fr-FR\",\"@id\":\"https:\\\/\\\/www.minihorse.eu\\\/fr\\\/produit\\\/ultra-highlighter\\\/#primaryimage\",\"url\":\"https:\\\/\\\/www.minihorse.eu\\\/wp-content\\\/uploads\\\/2025\\\/04\\\/Ultra-Highlighter-clear-150-gr.jpg\",\"contentUrl\":\"https:\\\/\\\/www.minihorse.eu\\\/wp-content\\\/uploads\\\/2025\\\/04\\\/Ultra-Highlighter-clear-150-gr.jpg\",\"width\":217,\"height\":230},{\"@type\":\"BreadcrumbList\",\"@id\":\"https:\\\/\\\/www.minihorse.eu\\\/fr\\\/produit\\\/ultra-highlighter\\\/#breadcrumb\",\"itemListElement\":[{\"@type\":\"ListItem\",\"position\":1,\"name\":\"Home\",\"item\":\"https:\\\/\\\/www.minihorse.eu\\\/fr\\\/accueil\\\/\"},{\"@type\":\"ListItem\",\"position\":2,\"name\":\"Boutique\",\"item\":\"https:\\\/\\\/www.minihorse.eu\\\/fr\\\/boutique\\\/\"},{\"@type\":\"ListItem\",\"position\":3,\"name\":\"Ultra Highlighter\"}]},{\"@type\":\"WebSite\",\"@id\":\"https:\\\/\\\/www.minihorse.eu\\\/#website\",\"url\":\"https:\\\/\\\/www.minihorse.eu\\\/\",\"name\":\"Minihorse.eu\",\"description\":\"The #1 store for Miniature Horses\",\"publisher\":{\"@id\":\"https:\\\/\\\/www.minihorse.eu\\\/#organization\"},\"potentialAction\":[{\"@type\":\"SearchAction\",\"target\":{\"@type\":\"EntryPoint\",\"urlTemplate\":\"https:\\\/\\\/www.minihorse.eu\\\/?s={search_term_string}\"},\"query-input\":{\"@type\":\"PropertyValueSpecification\",\"valueRequired\":true,\"valueName\":\"search_term_string\"}}],\"inLanguage\":\"fr-FR\"},{\"@type\":\"Organization\",\"@id\":\"https:\\\/\\\/www.minihorse.eu\\\/#organization\",\"name\":\"Minihorse.eu\",\"url\":\"https:\\\/\\\/www.minihorse.eu\\\/\",\"logo\":{\"@type\":\"ImageObject\",\"inLanguage\":\"fr-FR\",\"@id\":\"https:\\\/\\\/www.minihorse.eu\\\/#\\\/schema\\\/logo\\\/image\\\/\",\"url\":\"https:\\\/\\\/www.minihorse.eu\\\/wp-content\\\/uploads\\\/2024\\\/08\\\/Logo-minihorse-ext.png\",\"contentUrl\":\"https:\\\/\\\/www.minihorse.eu\\\/wp-content\\\/uploads\\\/2024\\\/08\\\/Logo-minihorse-ext.png\",\"width\":500,\"height\":500,\"caption\":\"Minihorse.eu\"},\"image\":{\"@id\":\"https:\\\/\\\/www.minihorse.eu\\\/#\\\/schema\\\/logo\\\/image\\\/\"},\"sameAs\":[\"https:\\\/\\\/www.facebook.com\\\/profile.php?id=100063487117479\"]}]}<\/script>\n<!-- \/ Yoast SEO plugin. -->","yoast_head_json":{"title":"Ultra Highlighter - Minihorse.eu","robots":{"index":"index","follow":"follow","max-snippet":"max-snippet:-1","max-image-preview":"max-image-preview:large","max-video-preview":"max-video-preview:-1"},"canonical":"https:\/\/www.minihorse.eu\/fr\/produit\/ultra-highlighter\/","og_locale":"fr_FR","og_type":"article","og_title":"Ultra Highlighter - Minihorse.eu","og_description":"Faites briller le visage, les yeux, les oreilles, le museau et les muscles de votre cheval avec le Ultra highlighter. Ce highlighter ne se contente pas de mettre en valeur la peau, il l'hydrate \u00e9galement pour lui donner un \u00e9clat sain. Les agents antistatiques aident \u00e0 repousser la poussi\u00e8re et la salet\u00e9 et ce highlighter ne saigne pas et ne s'\u00e9tale pas par temps chaud. Couleur : incolore (clear) et noir Contenu : 147 ml ou 443 ml","og_url":"https:\/\/www.minihorse.eu\/fr\/produit\/ultra-highlighter\/","og_site_name":"Minihorse.eu","article_publisher":"https:\/\/www.facebook.com\/profile.php?id=100063487117479","article_modified_time":"2025-06-04T11:09:24+00:00","og_image":[{"width":217,"height":230,"url":"https:\/\/www.minihorse.eu\/wp-content\/uploads\/2025\/04\/Ultra-Highlighter-clear-150-gr.jpg","type":"image\/jpeg"}],"twitter_card":"summary_large_image","twitter_misc":{"Dur\u00e9e de lecture estim\u00e9e":"1 minute"},"schema":{"@context":"https:\/\/schema.org","@graph":[{"@type":"WebPage","@id":"https:\/\/www.minihorse.eu\/fr\/produit\/ultra-highlighter\/","url":"https:\/\/www.minihorse.eu\/fr\/produit\/ultra-highlighter\/","name":"Ultra Highlighter - Minihorse.eu","isPartOf":{"@id":"https:\/\/www.minihorse.eu\/#website"},"primaryImageOfPage":{"@id":"https:\/\/www.minihorse.eu\/fr\/produit\/ultra-highlighter\/#primaryimage"},"image":{"@id":"https:\/\/www.minihorse.eu\/fr\/produit\/ultra-highlighter\/#primaryimage"},"thumbnailUrl":"https:\/\/www.minihorse.eu\/wp-content\/uploads\/2025\/04\/Ultra-Highlighter-clear-150-gr.jpg","datePublished":"2025-04-04T15:35:09+00:00","dateModified":"2025-06-04T11:09:24+00:00","breadcrumb":{"@id":"https:\/\/www.minihorse.eu\/fr\/produit\/ultra-highlighter\/#breadcrumb"},"inLanguage":"fr-FR","potentialAction":[{"@type":"ReadAction","target":["https:\/\/www.minihorse.eu\/fr\/produit\/ultra-highlighter\/"]}]},{"@type":"ImageObject","inLanguage":"fr-FR","@id":"https:\/\/www.minihorse.eu\/fr\/produit\/ultra-highlighter\/#primaryimage","url":"https:\/\/www.minihorse.eu\/wp-content\/uploads\/2025\/04\/Ultra-Highlighter-clear-150-gr.jpg","contentUrl":"https:\/\/www.minihorse.eu\/wp-content\/uploads\/2025\/04\/Ultra-Highlighter-clear-150-gr.jpg","width":217,"height":230},{"@type":"BreadcrumbList","@id":"https:\/\/www.minihorse.eu\/fr\/produit\/ultra-highlighter\/#breadcrumb","itemListElement":[{"@type":"ListItem","position":1,"name":"Home","item":"https:\/\/www.minihorse.eu\/fr\/accueil\/"},{"@type":"ListItem","position":2,"name":"Boutique","item":"https:\/\/www.minihorse.eu\/fr\/boutique\/"},{"@type":"ListItem","position":3,"name":"Ultra Highlighter"}]},{"@type":"WebSite","@id":"https:\/\/www.minihorse.eu\/#website","url":"https:\/\/www.minihorse.eu\/","name":"Minihorse.eu","description":"The #1 store for Miniature Horses","publisher":{"@id":"https:\/\/www.minihorse.eu\/#organization"},"potentialAction":[{"@type":"SearchAction","target":{"@type":"EntryPoint","urlTemplate":"https:\/\/www.minihorse.eu\/?s={search_term_string}"},"query-input":{"@type":"PropertyValueSpecification","valueRequired":true,"valueName":"search_term_string"}}],"inLanguage":"fr-FR"},{"@type":"Organization","@id":"https:\/\/www.minihorse.eu\/#organization","name":"Minihorse.eu","url":"https:\/\/www.minihorse.eu\/","logo":{"@type":"ImageObject","inLanguage":"fr-FR","@id":"https:\/\/www.minihorse.eu\/#\/schema\/logo\/image\/","url":"https:\/\/www.minihorse.eu\/wp-content\/uploads\/2024\/08\/Logo-minihorse-ext.png","contentUrl":"https:\/\/www.minihorse.eu\/wp-content\/uploads\/2024\/08\/Logo-minihorse-ext.png","width":500,"height":500,"caption":"Minihorse.eu"},"image":{"@id":"https:\/\/www.minihorse.eu\/#\/schema\/logo\/image\/"},"sameAs":["https:\/\/www.facebook.com\/profile.php?id=100063487117479"]}]}},"jetpack_sharing_enabled":true,"_links":{"self":[{"href":"https:\/\/www.minihorse.eu\/fr\/wp-json\/wp\/v2\/product\/8801","targetHints":{"allow":["GET"]}}],"collection":[{"href":"https:\/\/www.minihorse.eu\/fr\/wp-json\/wp\/v2\/product"}],"about":[{"href":"https:\/\/www.minihorse.eu\/fr\/wp-json\/wp\/v2\/types\/product"}],"replies":[{"embeddable":true,"href":"https:\/\/www.minihorse.eu\/fr\/wp-json\/wp\/v2\/comments?post=8801"}],"wp:featuredmedia":[{"embeddable":true,"href":"https:\/\/www.minihorse.eu\/fr\/wp-json\/wp\/v2\/media\/8781"}],"wp:attachment":[{"href":"https:\/\/www.minihorse.eu\/fr\/wp-json\/wp\/v2\/media?parent=8801"}],"wp:term":[{"taxonomy":"product_brand","embeddable":true,"href":"https:\/\/www.minihorse.eu\/fr\/wp-json\/wp\/v2\/product_brand?post=8801"},{"taxonomy":"product_cat","embeddable":true,"href":"https:\/\/www.minihorse.eu\/fr\/wp-json\/wp\/v2\/product_cat?post=8801"},{"taxonomy":"product_tag","embeddable":true,"href":"https:\/\/www.minihorse.eu\/fr\/wp-json\/wp\/v2\/product_tag?post=8801"}],"curies":[{"name":"wp","href":"https:\/\/api.w.org\/{rel}","templated":true}]}}