{"id":8818,"date":"2025-04-04T21:32:48","date_gmt":"2025-04-04T21:32:48","guid":{"rendered":"https:\/\/www.minihorse.eu\/product\/artero-flash-spray-de-brillance\/"},"modified":"2025-06-18T13:10:52","modified_gmt":"2025-06-18T13:10:52","slug":"artero-flash-spray-de-brillance","status":"publish","type":"product","link":"https:\/\/www.minihorse.eu\/fr\/produit\/artero-flash-spray-de-brillance\/","title":{"rendered":"Artero Flash spray de brillance"},"content":{"rendered":"<p><strong>Artero Flash spray de brillance <\/strong>qui donne un brillant extraordinaire et un effet soyeux \u00e0 tous les types de pelage. La s\u00e9lection rigoureuse de ses ingr\u00e9dients conf\u00e8re \u00e0 Flash un effet non gras et conditionnant qui en fait un adoucissant id\u00e9al pour les pelages secs. Le r\u00e9sultat est un film brillant qui emp\u00eache l&#8217;emm\u00ealement et facilite le brossage.  <\/p>\n<p>Contenu: 202 grammes<\/p>\n<p>&nbsp;<\/p>\n","protected":false},"excerpt":{"rendered":"<p><strong>Artero Flash spray de brillance <\/strong>qui donne un brillant extraordinaire et un effet soyeux \u00e0 tous les types de pelage. La s\u00e9lection rigoureuse de ses ingr\u00e9dients conf\u00e8re \u00e0 Flash un effet non gras et conditionnant qui en fait un adoucissant id\u00e9al pour les pelages secs. Le r\u00e9sultat est un film brillant qui emp\u00eache l&#8217;emm\u00ealement et facilite le brossage.  <\/p>\n<p>Contenu: 202 grammes<\/p>\n","protected":false},"featured_media":8821,"comment_status":"open","ping_status":"closed","template":"","meta":[],"product_brand":[],"product_cat":[211],"product_tag":[771],"class_list":{"0":"post-8818","1":"product","2":"type-product","3":"status-publish","4":"has-post-thumbnail","6":"product_cat-show-time-fr","7":"product_tag-brillance","9":"first","10":"instock","11":"taxable","12":"shipping-taxable","13":"purchasable","14":"product-type-simple"},"yoast_head":"<!-- This site is optimized with the Yoast SEO plugin v27.5 - https:\/\/yoast.com\/product\/yoast-seo-wordpress\/ -->\n<title>Artero Flash spray de brillance - Minihorse.eu<\/title>\n<meta name=\"robots\" content=\"index, follow, max-snippet:-1, max-image-preview:large, max-video-preview:-1\" \/>\n<link rel=\"canonical\" href=\"https:\/\/www.minihorse.eu\/produit\/artero-flash-shine-spray-2\/\" \/>\n<meta property=\"og:locale\" content=\"fr_FR\" \/>\n<meta property=\"og:type\" content=\"article\" \/>\n<meta property=\"og:title\" content=\"Artero Flash spray de brillance - Minihorse.eu\" \/>\n<meta property=\"og:description\" content=\"Artero Flash spray de brillance qui donne un brillant extraordinaire et un effet soyeux \u00e0 tous les types de pelage. La s\u00e9lection rigoureuse de ses ingr\u00e9dients conf\u00e8re \u00e0 Flash un effet non gras et conditionnant qui en fait un adoucissant id\u00e9al pour les pelages secs. Le r\u00e9sultat est un film brillant qui emp\u00eache l&#039;emm\u00ealement et facilite le brossage.  Contenu: 202 grammes\" \/>\n<meta property=\"og:url\" content=\"https:\/\/www.minihorse.eu\/produit\/artero-flash-shine-spray-2\/\" \/>\n<meta property=\"og:site_name\" content=\"Minihorse.eu\" \/>\n<meta property=\"article:publisher\" content=\"https:\/\/www.facebook.com\/profile.php?id=100063487117479\" \/>\n<meta property=\"article:modified_time\" content=\"2025-06-18T13:10:52+00:00\" \/>\n<meta property=\"og:image\" content=\"https:\/\/www.minihorse.eu\/wp-content\/uploads\/2025\/04\/Schermafbeelding-2025-04-04-234515.png\" \/>\n\t<meta property=\"og:image:width\" content=\"244\" \/>\n\t<meta property=\"og:image:height\" content=\"536\" \/>\n\t<meta property=\"og:image:type\" content=\"image\/png\" \/>\n<meta name=\"twitter:card\" content=\"summary_large_image\" \/>\n<script type=\"application\/ld+json\" class=\"yoast-schema-graph\">{\"@context\":\"https:\\\/\\\/schema.org\",\"@graph\":[{\"@type\":\"WebPage\",\"@id\":\"https:\\\/\\\/www.minihorse.eu\\\/produit\\\/artero-flash-shine-spray-2\\\/\",\"url\":\"https:\\\/\\\/www.minihorse.eu\\\/produit\\\/artero-flash-shine-spray-2\\\/\",\"name\":\"Artero Flash spray de brillance - Minihorse.eu\",\"isPartOf\":{\"@id\":\"https:\\\/\\\/www.minihorse.eu\\\/#website\"},\"primaryImageOfPage\":{\"@id\":\"https:\\\/\\\/www.minihorse.eu\\\/produit\\\/artero-flash-shine-spray-2\\\/#primaryimage\"},\"image\":{\"@id\":\"https:\\\/\\\/www.minihorse.eu\\\/produit\\\/artero-flash-shine-spray-2\\\/#primaryimage\"},\"thumbnailUrl\":\"https:\\\/\\\/www.minihorse.eu\\\/wp-content\\\/uploads\\\/2025\\\/04\\\/Schermafbeelding-2025-04-04-234515.png\",\"datePublished\":\"2025-04-04T21:32:48+00:00\",\"dateModified\":\"2025-06-18T13:10:52+00:00\",\"breadcrumb\":{\"@id\":\"https:\\\/\\\/www.minihorse.eu\\\/produit\\\/artero-flash-shine-spray-2\\\/#breadcrumb\"},\"inLanguage\":\"fr-FR\",\"potentialAction\":[{\"@type\":\"ReadAction\",\"target\":[\"https:\\\/\\\/www.minihorse.eu\\\/produit\\\/artero-flash-shine-spray-2\\\/\"]}]},{\"@type\":\"ImageObject\",\"inLanguage\":\"fr-FR\",\"@id\":\"https:\\\/\\\/www.minihorse.eu\\\/produit\\\/artero-flash-shine-spray-2\\\/#primaryimage\",\"url\":\"https:\\\/\\\/www.minihorse.eu\\\/wp-content\\\/uploads\\\/2025\\\/04\\\/Schermafbeelding-2025-04-04-234515.png\",\"contentUrl\":\"https:\\\/\\\/www.minihorse.eu\\\/wp-content\\\/uploads\\\/2025\\\/04\\\/Schermafbeelding-2025-04-04-234515.png\",\"width\":244,\"height\":536},{\"@type\":\"BreadcrumbList\",\"@id\":\"https:\\\/\\\/www.minihorse.eu\\\/produit\\\/artero-flash-shine-spray-2\\\/#breadcrumb\",\"itemListElement\":[{\"@type\":\"ListItem\",\"position\":1,\"name\":\"Home\",\"item\":\"https:\\\/\\\/www.minihorse.eu\\\/fr\\\/accueil\\\/\"},{\"@type\":\"ListItem\",\"position\":2,\"name\":\"Boutique\",\"item\":\"https:\\\/\\\/www.minihorse.eu\\\/fr\\\/boutique\\\/\"},{\"@type\":\"ListItem\",\"position\":3,\"name\":\"Artero Flash spray de brillance\"}]},{\"@type\":\"WebSite\",\"@id\":\"https:\\\/\\\/www.minihorse.eu\\\/#website\",\"url\":\"https:\\\/\\\/www.minihorse.eu\\\/\",\"name\":\"Minihorse.eu\",\"description\":\"The #1 store for Miniature Horses\",\"publisher\":{\"@id\":\"https:\\\/\\\/www.minihorse.eu\\\/#organization\"},\"potentialAction\":[{\"@type\":\"SearchAction\",\"target\":{\"@type\":\"EntryPoint\",\"urlTemplate\":\"https:\\\/\\\/www.minihorse.eu\\\/?s={search_term_string}\"},\"query-input\":{\"@type\":\"PropertyValueSpecification\",\"valueRequired\":true,\"valueName\":\"search_term_string\"}}],\"inLanguage\":\"fr-FR\"},{\"@type\":\"Organization\",\"@id\":\"https:\\\/\\\/www.minihorse.eu\\\/#organization\",\"name\":\"Minihorse.eu\",\"url\":\"https:\\\/\\\/www.minihorse.eu\\\/\",\"logo\":{\"@type\":\"ImageObject\",\"inLanguage\":\"fr-FR\",\"@id\":\"https:\\\/\\\/www.minihorse.eu\\\/#\\\/schema\\\/logo\\\/image\\\/\",\"url\":\"https:\\\/\\\/www.minihorse.eu\\\/wp-content\\\/uploads\\\/2024\\\/08\\\/Logo-minihorse-ext.png\",\"contentUrl\":\"https:\\\/\\\/www.minihorse.eu\\\/wp-content\\\/uploads\\\/2024\\\/08\\\/Logo-minihorse-ext.png\",\"width\":500,\"height\":500,\"caption\":\"Minihorse.eu\"},\"image\":{\"@id\":\"https:\\\/\\\/www.minihorse.eu\\\/#\\\/schema\\\/logo\\\/image\\\/\"},\"sameAs\":[\"https:\\\/\\\/www.facebook.com\\\/profile.php?id=100063487117479\"]}]}<\/script>\n<!-- \/ Yoast SEO plugin. -->","yoast_head_json":{"title":"Artero Flash spray de brillance - Minihorse.eu","robots":{"index":"index","follow":"follow","max-snippet":"max-snippet:-1","max-image-preview":"max-image-preview:large","max-video-preview":"max-video-preview:-1"},"canonical":"https:\/\/www.minihorse.eu\/produit\/artero-flash-shine-spray-2\/","og_locale":"fr_FR","og_type":"article","og_title":"Artero Flash spray de brillance - Minihorse.eu","og_description":"Artero Flash spray de brillance qui donne un brillant extraordinaire et un effet soyeux \u00e0 tous les types de pelage. La s\u00e9lection rigoureuse de ses ingr\u00e9dients conf\u00e8re \u00e0 Flash un effet non gras et conditionnant qui en fait un adoucissant id\u00e9al pour les pelages secs. Le r\u00e9sultat est un film brillant qui emp\u00eache l'emm\u00ealement et facilite le brossage.  Contenu: 202 grammes","og_url":"https:\/\/www.minihorse.eu\/produit\/artero-flash-shine-spray-2\/","og_site_name":"Minihorse.eu","article_publisher":"https:\/\/www.facebook.com\/profile.php?id=100063487117479","article_modified_time":"2025-06-18T13:10:52+00:00","og_image":[{"width":244,"height":536,"url":"https:\/\/www.minihorse.eu\/wp-content\/uploads\/2025\/04\/Schermafbeelding-2025-04-04-234515.png","type":"image\/png"}],"twitter_card":"summary_large_image","schema":{"@context":"https:\/\/schema.org","@graph":[{"@type":"WebPage","@id":"https:\/\/www.minihorse.eu\/produit\/artero-flash-shine-spray-2\/","url":"https:\/\/www.minihorse.eu\/produit\/artero-flash-shine-spray-2\/","name":"Artero Flash spray de brillance - Minihorse.eu","isPartOf":{"@id":"https:\/\/www.minihorse.eu\/#website"},"primaryImageOfPage":{"@id":"https:\/\/www.minihorse.eu\/produit\/artero-flash-shine-spray-2\/#primaryimage"},"image":{"@id":"https:\/\/www.minihorse.eu\/produit\/artero-flash-shine-spray-2\/#primaryimage"},"thumbnailUrl":"https:\/\/www.minihorse.eu\/wp-content\/uploads\/2025\/04\/Schermafbeelding-2025-04-04-234515.png","datePublished":"2025-04-04T21:32:48+00:00","dateModified":"2025-06-18T13:10:52+00:00","breadcrumb":{"@id":"https:\/\/www.minihorse.eu\/produit\/artero-flash-shine-spray-2\/#breadcrumb"},"inLanguage":"fr-FR","potentialAction":[{"@type":"ReadAction","target":["https:\/\/www.minihorse.eu\/produit\/artero-flash-shine-spray-2\/"]}]},{"@type":"ImageObject","inLanguage":"fr-FR","@id":"https:\/\/www.minihorse.eu\/produit\/artero-flash-shine-spray-2\/#primaryimage","url":"https:\/\/www.minihorse.eu\/wp-content\/uploads\/2025\/04\/Schermafbeelding-2025-04-04-234515.png","contentUrl":"https:\/\/www.minihorse.eu\/wp-content\/uploads\/2025\/04\/Schermafbeelding-2025-04-04-234515.png","width":244,"height":536},{"@type":"BreadcrumbList","@id":"https:\/\/www.minihorse.eu\/produit\/artero-flash-shine-spray-2\/#breadcrumb","itemListElement":[{"@type":"ListItem","position":1,"name":"Home","item":"https:\/\/www.minihorse.eu\/fr\/accueil\/"},{"@type":"ListItem","position":2,"name":"Boutique","item":"https:\/\/www.minihorse.eu\/fr\/boutique\/"},{"@type":"ListItem","position":3,"name":"Artero Flash spray de brillance"}]},{"@type":"WebSite","@id":"https:\/\/www.minihorse.eu\/#website","url":"https:\/\/www.minihorse.eu\/","name":"Minihorse.eu","description":"The #1 store for Miniature Horses","publisher":{"@id":"https:\/\/www.minihorse.eu\/#organization"},"potentialAction":[{"@type":"SearchAction","target":{"@type":"EntryPoint","urlTemplate":"https:\/\/www.minihorse.eu\/?s={search_term_string}"},"query-input":{"@type":"PropertyValueSpecification","valueRequired":true,"valueName":"search_term_string"}}],"inLanguage":"fr-FR"},{"@type":"Organization","@id":"https:\/\/www.minihorse.eu\/#organization","name":"Minihorse.eu","url":"https:\/\/www.minihorse.eu\/","logo":{"@type":"ImageObject","inLanguage":"fr-FR","@id":"https:\/\/www.minihorse.eu\/#\/schema\/logo\/image\/","url":"https:\/\/www.minihorse.eu\/wp-content\/uploads\/2024\/08\/Logo-minihorse-ext.png","contentUrl":"https:\/\/www.minihorse.eu\/wp-content\/uploads\/2024\/08\/Logo-minihorse-ext.png","width":500,"height":500,"caption":"Minihorse.eu"},"image":{"@id":"https:\/\/www.minihorse.eu\/#\/schema\/logo\/image\/"},"sameAs":["https:\/\/www.facebook.com\/profile.php?id=100063487117479"]}]}},"jetpack_sharing_enabled":true,"_links":{"self":[{"href":"https:\/\/www.minihorse.eu\/fr\/wp-json\/wp\/v2\/product\/8818","targetHints":{"allow":["GET"]}}],"collection":[{"href":"https:\/\/www.minihorse.eu\/fr\/wp-json\/wp\/v2\/product"}],"about":[{"href":"https:\/\/www.minihorse.eu\/fr\/wp-json\/wp\/v2\/types\/product"}],"replies":[{"embeddable":true,"href":"https:\/\/www.minihorse.eu\/fr\/wp-json\/wp\/v2\/comments?post=8818"}],"wp:featuredmedia":[{"embeddable":true,"href":"https:\/\/www.minihorse.eu\/fr\/wp-json\/wp\/v2\/media\/8821"}],"wp:attachment":[{"href":"https:\/\/www.minihorse.eu\/fr\/wp-json\/wp\/v2\/media?parent=8818"}],"wp:term":[{"taxonomy":"product_brand","embeddable":true,"href":"https:\/\/www.minihorse.eu\/fr\/wp-json\/wp\/v2\/product_brand?post=8818"},{"taxonomy":"product_cat","embeddable":true,"href":"https:\/\/www.minihorse.eu\/fr\/wp-json\/wp\/v2\/product_cat?post=8818"},{"taxonomy":"product_tag","embeddable":true,"href":"https:\/\/www.minihorse.eu\/fr\/wp-json\/wp\/v2\/product_tag?post=8818"}],"curies":[{"name":"wp","href":"https:\/\/api.w.org\/{rel}","templated":true}]}}