{"id":8869,"date":"2025-04-06T15:26:39","date_gmt":"2025-04-06T15:26:39","guid":{"rendered":"https:\/\/www.minihorse.eu\/product\/guetres-en-neoprene\/"},"modified":"2025-05-06T12:00:54","modified_gmt":"2025-05-06T12:00:54","slug":"guetres-en-neoprene","status":"publish","type":"product","link":"https:\/\/www.minihorse.eu\/fr\/produit\/guetres-en-neoprene\/","title":{"rendered":"Gu\u00eatres en n\u00e9opr\u00e8ne"},"content":{"rendered":"<p>Ces <strong>gu\u00eatres en n\u00e9opr\u00e8ne <\/strong>sont sp\u00e9cialement con\u00e7ues pour les mini-chevaux actifs qui s&rsquo;engagent pleinement pendant l&rsquo;entra\u00eenement ou l&rsquo;\u00e9quitation. Elles allient confort, soutien et style en un seul mod\u00e8le l\u00e9ger, permettant au cheval de se d\u00e9placer en toute confiance.<br \/>\nMat\u00e9riau : N\u00e9opr\u00e8ne souple qui \u00e9pouse la forme de la jambe, respire et \u00e9vite les frottements, avec une doublure absorbant les chocs pour une protection suppl\u00e9mentaire des tendons et des articulations.<br \/>\nConception : Coupe anatomique qui n&rsquo;entrave pas les mouvements naturels.<br \/>\nFermeture : Triple fermeture velcro avec \u00e9lastique pour un ajustement s\u00fbr mais flexible.<br \/>\nLot de 2<br \/>\nDisponible en noir et bleu fonc\u00e9 <\/p>\n<p>&nbsp;<\/p>\n","protected":false},"excerpt":{"rendered":"<p>Ces<strong> gu\u00eatres en n\u00e9opr\u00e8ne<\/strong> sont sp\u00e9cialement con\u00e7ues pour les mini-chevaux actifs qui s&rsquo;engagent pleinement pendant l&rsquo;entra\u00eenement ou l&rsquo;\u00e9quitation. Elles allient confort, soutien et style en un seul mod\u00e8le l\u00e9ger, permettant au cheval de se d\u00e9placer en toute confiance.<br \/>\nMat\u00e9riau : N\u00e9opr\u00e8ne souple qui \u00e9pouse la forme de la jambe, respire et \u00e9vite les frottements, avec une doublure absorbant les chocs pour une protection suppl\u00e9mentaire des tendons et des articulations.<br \/>\nLot de 2<br \/>\nDisponible en noir et bleu fonc\u00e9 <\/p>\n","protected":false},"featured_media":8860,"comment_status":"open","ping_status":"closed","template":"","meta":[],"product_brand":[],"product_cat":[420,273],"product_tag":[],"class_list":{"0":"post-8869","1":"product","2":"type-product","3":"status-publish","4":"has-post-thumbnail","6":"product_cat-accessoires-de-protection-des-jambes","7":"product_cat-protection-des-jambes","9":"first","10":"instock","11":"taxable","12":"shipping-taxable","13":"purchasable","14":"product-type-variable"},"yoast_head":"<!-- This site is optimized with the Yoast SEO plugin v27.6 - https:\/\/yoast.com\/product\/yoast-seo-wordpress\/ -->\n<title>Gu\u00eatres en n\u00e9opr\u00e8ne - Minihorse.eu<\/title>\n<meta name=\"robots\" content=\"index, follow, max-snippet:-1, max-image-preview:large, max-video-preview:-1\" \/>\n<link rel=\"canonical\" href=\"https:\/\/www.minihorse.eu\/produit\/protect-tendon-boots\/\" \/>\n<meta property=\"og:locale\" content=\"fr_FR\" \/>\n<meta property=\"og:type\" content=\"article\" \/>\n<meta property=\"og:title\" content=\"Gu\u00eatres en n\u00e9opr\u00e8ne - Minihorse.eu\" \/>\n<meta property=\"og:description\" content=\"Ces gu\u00eatres en n\u00e9opr\u00e8ne sont sp\u00e9cialement con\u00e7ues pour les mini-chevaux actifs qui s&#039;engagent pleinement pendant l&#039;entra\u00eenement ou l&#039;\u00e9quitation. Elles allient confort, soutien et style en un seul mod\u00e8le l\u00e9ger, permettant au cheval de se d\u00e9placer en toute confiance. Mat\u00e9riau : N\u00e9opr\u00e8ne souple qui \u00e9pouse la forme de la jambe, respire et \u00e9vite les frottements, avec une doublure absorbant les chocs pour une protection suppl\u00e9mentaire des tendons et des articulations. Lot de 2 Disponible en noir et bleu fonc\u00e9\" \/>\n<meta property=\"og:url\" content=\"https:\/\/www.minihorse.eu\/produit\/protect-tendon-boots\/\" \/>\n<meta property=\"og:site_name\" content=\"Minihorse.eu\" \/>\n<meta property=\"article:publisher\" content=\"https:\/\/www.facebook.com\/profile.php?id=100063487117479\" \/>\n<meta property=\"article:modified_time\" content=\"2025-05-06T12:00:54+00:00\" \/>\n<meta property=\"og:image\" content=\"https:\/\/www.minihorse.eu\/wp-content\/uploads\/2025\/04\/SDC17159.jpg\" \/>\n\t<meta property=\"og:image:width\" content=\"216\" \/>\n\t<meta property=\"og:image:height\" content=\"288\" \/>\n\t<meta property=\"og:image:type\" content=\"image\/jpeg\" \/>\n<meta name=\"twitter:card\" content=\"summary_large_image\" \/>\n<meta name=\"twitter:label1\" content=\"Dur\u00e9e de lecture estim\u00e9e\" \/>\n\t<meta name=\"twitter:data1\" content=\"1 minute\" \/>\n<script type=\"application\/ld+json\" class=\"yoast-schema-graph\">{\"@context\":\"https:\\\/\\\/schema.org\",\"@graph\":[{\"@type\":\"WebPage\",\"@id\":\"https:\\\/\\\/www.minihorse.eu\\\/produit\\\/protect-tendon-boots\\\/\",\"url\":\"https:\\\/\\\/www.minihorse.eu\\\/produit\\\/protect-tendon-boots\\\/\",\"name\":\"Gu\u00eatres en n\u00e9opr\u00e8ne - Minihorse.eu\",\"isPartOf\":{\"@id\":\"https:\\\/\\\/www.minihorse.eu\\\/#website\"},\"primaryImageOfPage\":{\"@id\":\"https:\\\/\\\/www.minihorse.eu\\\/produit\\\/protect-tendon-boots\\\/#primaryimage\"},\"image\":{\"@id\":\"https:\\\/\\\/www.minihorse.eu\\\/produit\\\/protect-tendon-boots\\\/#primaryimage\"},\"thumbnailUrl\":\"https:\\\/\\\/www.minihorse.eu\\\/wp-content\\\/uploads\\\/2025\\\/04\\\/SDC17159.jpg\",\"datePublished\":\"2025-04-06T15:26:39+00:00\",\"dateModified\":\"2025-05-06T12:00:54+00:00\",\"breadcrumb\":{\"@id\":\"https:\\\/\\\/www.minihorse.eu\\\/produit\\\/protect-tendon-boots\\\/#breadcrumb\"},\"inLanguage\":\"fr-FR\",\"potentialAction\":[{\"@type\":\"ReadAction\",\"target\":[\"https:\\\/\\\/www.minihorse.eu\\\/produit\\\/protect-tendon-boots\\\/\"]}]},{\"@type\":\"ImageObject\",\"inLanguage\":\"fr-FR\",\"@id\":\"https:\\\/\\\/www.minihorse.eu\\\/produit\\\/protect-tendon-boots\\\/#primaryimage\",\"url\":\"https:\\\/\\\/www.minihorse.eu\\\/wp-content\\\/uploads\\\/2025\\\/04\\\/SDC17159.jpg\",\"contentUrl\":\"https:\\\/\\\/www.minihorse.eu\\\/wp-content\\\/uploads\\\/2025\\\/04\\\/SDC17159.jpg\",\"width\":216,\"height\":288},{\"@type\":\"BreadcrumbList\",\"@id\":\"https:\\\/\\\/www.minihorse.eu\\\/produit\\\/protect-tendon-boots\\\/#breadcrumb\",\"itemListElement\":[{\"@type\":\"ListItem\",\"position\":1,\"name\":\"Home\",\"item\":\"https:\\\/\\\/www.minihorse.eu\\\/fr\\\/accueil\\\/\"},{\"@type\":\"ListItem\",\"position\":2,\"name\":\"Boutique\",\"item\":\"https:\\\/\\\/www.minihorse.eu\\\/fr\\\/boutique\\\/\"},{\"@type\":\"ListItem\",\"position\":3,\"name\":\"Gu\u00eatres en n\u00e9opr\u00e8ne\"}]},{\"@type\":\"WebSite\",\"@id\":\"https:\\\/\\\/www.minihorse.eu\\\/#website\",\"url\":\"https:\\\/\\\/www.minihorse.eu\\\/\",\"name\":\"Minihorse.eu\",\"description\":\"The #1 store for Miniature Horses\",\"publisher\":{\"@id\":\"https:\\\/\\\/www.minihorse.eu\\\/#organization\"},\"potentialAction\":[{\"@type\":\"SearchAction\",\"target\":{\"@type\":\"EntryPoint\",\"urlTemplate\":\"https:\\\/\\\/www.minihorse.eu\\\/?s={search_term_string}\"},\"query-input\":{\"@type\":\"PropertyValueSpecification\",\"valueRequired\":true,\"valueName\":\"search_term_string\"}}],\"inLanguage\":\"fr-FR\"},{\"@type\":\"Organization\",\"@id\":\"https:\\\/\\\/www.minihorse.eu\\\/#organization\",\"name\":\"Minihorse.eu\",\"url\":\"https:\\\/\\\/www.minihorse.eu\\\/\",\"logo\":{\"@type\":\"ImageObject\",\"inLanguage\":\"fr-FR\",\"@id\":\"https:\\\/\\\/www.minihorse.eu\\\/#\\\/schema\\\/logo\\\/image\\\/\",\"url\":\"https:\\\/\\\/www.minihorse.eu\\\/wp-content\\\/uploads\\\/2024\\\/08\\\/Logo-minihorse-ext.png\",\"contentUrl\":\"https:\\\/\\\/www.minihorse.eu\\\/wp-content\\\/uploads\\\/2024\\\/08\\\/Logo-minihorse-ext.png\",\"width\":500,\"height\":500,\"caption\":\"Minihorse.eu\"},\"image\":{\"@id\":\"https:\\\/\\\/www.minihorse.eu\\\/#\\\/schema\\\/logo\\\/image\\\/\"},\"sameAs\":[\"https:\\\/\\\/www.facebook.com\\\/profile.php?id=100063487117479\"]}]}<\/script>\n<!-- \/ Yoast SEO plugin. -->","yoast_head_json":{"title":"Gu\u00eatres en n\u00e9opr\u00e8ne - Minihorse.eu","robots":{"index":"index","follow":"follow","max-snippet":"max-snippet:-1","max-image-preview":"max-image-preview:large","max-video-preview":"max-video-preview:-1"},"canonical":"https:\/\/www.minihorse.eu\/produit\/protect-tendon-boots\/","og_locale":"fr_FR","og_type":"article","og_title":"Gu\u00eatres en n\u00e9opr\u00e8ne - Minihorse.eu","og_description":"Ces gu\u00eatres en n\u00e9opr\u00e8ne sont sp\u00e9cialement con\u00e7ues pour les mini-chevaux actifs qui s'engagent pleinement pendant l'entra\u00eenement ou l'\u00e9quitation. Elles allient confort, soutien et style en un seul mod\u00e8le l\u00e9ger, permettant au cheval de se d\u00e9placer en toute confiance. Mat\u00e9riau : N\u00e9opr\u00e8ne souple qui \u00e9pouse la forme de la jambe, respire et \u00e9vite les frottements, avec une doublure absorbant les chocs pour une protection suppl\u00e9mentaire des tendons et des articulations. Lot de 2 Disponible en noir et bleu fonc\u00e9","og_url":"https:\/\/www.minihorse.eu\/produit\/protect-tendon-boots\/","og_site_name":"Minihorse.eu","article_publisher":"https:\/\/www.facebook.com\/profile.php?id=100063487117479","article_modified_time":"2025-05-06T12:00:54+00:00","og_image":[{"width":216,"height":288,"url":"https:\/\/www.minihorse.eu\/wp-content\/uploads\/2025\/04\/SDC17159.jpg","type":"image\/jpeg"}],"twitter_card":"summary_large_image","twitter_misc":{"Dur\u00e9e de lecture estim\u00e9e":"1 minute"},"schema":{"@context":"https:\/\/schema.org","@graph":[{"@type":"WebPage","@id":"https:\/\/www.minihorse.eu\/produit\/protect-tendon-boots\/","url":"https:\/\/www.minihorse.eu\/produit\/protect-tendon-boots\/","name":"Gu\u00eatres en n\u00e9opr\u00e8ne - Minihorse.eu","isPartOf":{"@id":"https:\/\/www.minihorse.eu\/#website"},"primaryImageOfPage":{"@id":"https:\/\/www.minihorse.eu\/produit\/protect-tendon-boots\/#primaryimage"},"image":{"@id":"https:\/\/www.minihorse.eu\/produit\/protect-tendon-boots\/#primaryimage"},"thumbnailUrl":"https:\/\/www.minihorse.eu\/wp-content\/uploads\/2025\/04\/SDC17159.jpg","datePublished":"2025-04-06T15:26:39+00:00","dateModified":"2025-05-06T12:00:54+00:00","breadcrumb":{"@id":"https:\/\/www.minihorse.eu\/produit\/protect-tendon-boots\/#breadcrumb"},"inLanguage":"fr-FR","potentialAction":[{"@type":"ReadAction","target":["https:\/\/www.minihorse.eu\/produit\/protect-tendon-boots\/"]}]},{"@type":"ImageObject","inLanguage":"fr-FR","@id":"https:\/\/www.minihorse.eu\/produit\/protect-tendon-boots\/#primaryimage","url":"https:\/\/www.minihorse.eu\/wp-content\/uploads\/2025\/04\/SDC17159.jpg","contentUrl":"https:\/\/www.minihorse.eu\/wp-content\/uploads\/2025\/04\/SDC17159.jpg","width":216,"height":288},{"@type":"BreadcrumbList","@id":"https:\/\/www.minihorse.eu\/produit\/protect-tendon-boots\/#breadcrumb","itemListElement":[{"@type":"ListItem","position":1,"name":"Home","item":"https:\/\/www.minihorse.eu\/fr\/accueil\/"},{"@type":"ListItem","position":2,"name":"Boutique","item":"https:\/\/www.minihorse.eu\/fr\/boutique\/"},{"@type":"ListItem","position":3,"name":"Gu\u00eatres en n\u00e9opr\u00e8ne"}]},{"@type":"WebSite","@id":"https:\/\/www.minihorse.eu\/#website","url":"https:\/\/www.minihorse.eu\/","name":"Minihorse.eu","description":"The #1 store for Miniature Horses","publisher":{"@id":"https:\/\/www.minihorse.eu\/#organization"},"potentialAction":[{"@type":"SearchAction","target":{"@type":"EntryPoint","urlTemplate":"https:\/\/www.minihorse.eu\/?s={search_term_string}"},"query-input":{"@type":"PropertyValueSpecification","valueRequired":true,"valueName":"search_term_string"}}],"inLanguage":"fr-FR"},{"@type":"Organization","@id":"https:\/\/www.minihorse.eu\/#organization","name":"Minihorse.eu","url":"https:\/\/www.minihorse.eu\/","logo":{"@type":"ImageObject","inLanguage":"fr-FR","@id":"https:\/\/www.minihorse.eu\/#\/schema\/logo\/image\/","url":"https:\/\/www.minihorse.eu\/wp-content\/uploads\/2024\/08\/Logo-minihorse-ext.png","contentUrl":"https:\/\/www.minihorse.eu\/wp-content\/uploads\/2024\/08\/Logo-minihorse-ext.png","width":500,"height":500,"caption":"Minihorse.eu"},"image":{"@id":"https:\/\/www.minihorse.eu\/#\/schema\/logo\/image\/"},"sameAs":["https:\/\/www.facebook.com\/profile.php?id=100063487117479"]}]}},"jetpack_sharing_enabled":true,"_links":{"self":[{"href":"https:\/\/www.minihorse.eu\/fr\/wp-json\/wp\/v2\/product\/8869","targetHints":{"allow":["GET"]}}],"collection":[{"href":"https:\/\/www.minihorse.eu\/fr\/wp-json\/wp\/v2\/product"}],"about":[{"href":"https:\/\/www.minihorse.eu\/fr\/wp-json\/wp\/v2\/types\/product"}],"replies":[{"embeddable":true,"href":"https:\/\/www.minihorse.eu\/fr\/wp-json\/wp\/v2\/comments?post=8869"}],"wp:featuredmedia":[{"embeddable":true,"href":"https:\/\/www.minihorse.eu\/fr\/wp-json\/wp\/v2\/media\/8860"}],"wp:attachment":[{"href":"https:\/\/www.minihorse.eu\/fr\/wp-json\/wp\/v2\/media?parent=8869"}],"wp:term":[{"taxonomy":"product_brand","embeddable":true,"href":"https:\/\/www.minihorse.eu\/fr\/wp-json\/wp\/v2\/product_brand?post=8869"},{"taxonomy":"product_cat","embeddable":true,"href":"https:\/\/www.minihorse.eu\/fr\/wp-json\/wp\/v2\/product_cat?post=8869"},{"taxonomy":"product_tag","embeddable":true,"href":"https:\/\/www.minihorse.eu\/fr\/wp-json\/wp\/v2\/product_tag?post=8869"}],"curies":[{"name":"wp","href":"https:\/\/api.w.org\/{rel}","templated":true}]}}