{"id":8876,"date":"2025-04-06T08:51:47","date_gmt":"2025-04-06T08:51:47","guid":{"rendered":"https:\/\/www.minihorse.eu\/product\/guetres-de-transport-luxe\/"},"modified":"2026-04-19T20:27:37","modified_gmt":"2026-04-19T20:27:37","slug":"guetres-de-transport-luxe","status":"publish","type":"product","link":"https:\/\/www.minihorse.eu\/fr\/produit\/guetres-de-transport-luxe\/","title":{"rendered":"Gu\u00eatres de Transport Luxe"},"content":{"rendered":"<p><strong>Les gu\u00eatres de transport Luxe <\/strong>sont sp\u00e9cialement con\u00e7ues pour les chevaux miniatures qui doivent \u00eatre transport\u00e9s en toute s\u00e9curit\u00e9 et confortablement. Ces prot\u00e8ge-jambes offrent une protection maximale pendant le transport en remorque ou en fret.<br \/>\nJeu de 4 pi\u00e8ces : deux pattes avant (chacune avec trois fermetures Velcro) et deux pattes arri\u00e8re (chacune avec quatre fermetures Velcro).<br \/>\nMat\u00e9riau int\u00e9rieur : N\u00e9opr\u00e8ne souple contre les frottements et les points de pression.<br \/>\nMat\u00e9riau ext\u00e9rieur : Mat\u00e9riau ripstop r\u00e9sistant \u00e0 l&rsquo;abrasion et aux chocs. <\/p>\n<p>Convient au cheval mini et au shetlander.<\/p>\n","protected":false},"excerpt":{"rendered":"<p><strong>Les gu\u00eatres de transport Luxe <\/strong>sont sp\u00e9cialement con\u00e7ues pour les chevaux miniatures qui doivent \u00eatre transport\u00e9s en toute s\u00e9curit\u00e9 et confortablement. Ces prot\u00e8ge-jambes offrent une protection maximale pendant le transport en remorque ou en fret.<br \/>\nJeu de 4 pi\u00e8ces : deux pattes avant (chacune avec trois fermetures Velcro) et deux pattes arri\u00e8re (chacune avec quatre fermetures Velcro).<br \/>\nMat\u00e9riau int\u00e9rieur : N\u00e9opr\u00e8ne souple contre les frottements et les points de pression.<br \/>\nMat\u00e9riau ext\u00e9rieur : Mat\u00e9riau ripstop r\u00e9sistant \u00e0 l&rsquo;abrasion et aux chocs. <\/p>\n","protected":false},"featured_media":8847,"comment_status":"open","ping_status":"closed","template":"","meta":[],"product_brand":[],"product_cat":[420,273],"product_tag":[1006,1004,1005],"class_list":{"0":"post-8876","1":"product","2":"type-product","3":"status-publish","4":"has-post-thumbnail","6":"product_cat-accessoires-de-protection-des-jambes","7":"product_cat-protection-des-jambes","8":"product_tag-guetres-de-transport-fr","9":"product_tag-guetres-de-transport","10":"product_tag-protection-des-jambes","12":"first","13":"instock","14":"taxable","15":"shipping-taxable","16":"purchasable","17":"product-type-variable"},"yoast_head":"<!-- This site is optimized with the Yoast SEO plugin v27.6 - https:\/\/yoast.com\/product\/yoast-seo-wordpress\/ -->\n<title>Gu\u00eatres de Transport Luxe - Minihorse.eu<\/title>\n<meta name=\"description\" content=\"Les gu\u00eatres de transport Luxe sont sp\u00e9cialement con\u00e7ues pour les chevaux miniatures qui doivent \u00eatre transport\u00e9s en toute s\u00e9curit\u00e9 et confortablement. Ces prot\u00e8ge-jambes offrent une protection maximale pendant le transport\" \/>\n<meta name=\"robots\" content=\"index, follow, max-snippet:-1, max-image-preview:large, max-video-preview:-1\" \/>\n<link rel=\"canonical\" href=\"https:\/\/www.minihorse.eu\/fr\/produit\/guetres-de-transport-luxe\/\" \/>\n<meta property=\"og:locale\" content=\"fr_FR\" \/>\n<meta property=\"og:type\" content=\"article\" \/>\n<meta property=\"og:title\" content=\"Gu\u00eatres de Transport Luxe - Minihorse.eu\" \/>\n<meta property=\"og:description\" content=\"Les gu\u00eatres de transport Luxe sont sp\u00e9cialement con\u00e7ues pour les chevaux miniatures qui doivent \u00eatre transport\u00e9s en toute s\u00e9curit\u00e9 et confortablement. Ces prot\u00e8ge-jambes offrent une protection maximale pendant le transport\" \/>\n<meta property=\"og:url\" content=\"https:\/\/www.minihorse.eu\/fr\/produit\/guetres-de-transport-luxe\/\" \/>\n<meta property=\"og:site_name\" content=\"Minihorse.eu\" \/>\n<meta property=\"article:publisher\" content=\"https:\/\/www.facebook.com\/profile.php?id=100063487117479\" \/>\n<meta property=\"article:modified_time\" content=\"2026-04-19T20:27:37+00:00\" \/>\n<meta property=\"og:image\" content=\"https:\/\/www.minihorse.eu\/wp-content\/uploads\/2025\/04\/Luxe-beenbeschermers-rood.jpg\" \/>\n\t<meta property=\"og:image:width\" content=\"384\" \/>\n\t<meta property=\"og:image:height\" content=\"288\" \/>\n\t<meta property=\"og:image:type\" content=\"image\/jpeg\" \/>\n<meta name=\"twitter:card\" content=\"summary_large_image\" \/>\n<script type=\"application\/ld+json\" class=\"yoast-schema-graph\">{\"@context\":\"https:\\\/\\\/schema.org\",\"@graph\":[{\"@type\":\"WebPage\",\"@id\":\"https:\\\/\\\/www.minihorse.eu\\\/fr\\\/produit\\\/guetres-de-transport-luxe\\\/\",\"url\":\"https:\\\/\\\/www.minihorse.eu\\\/fr\\\/produit\\\/guetres-de-transport-luxe\\\/\",\"name\":\"Gu\u00eatres de Transport Luxe - Minihorse.eu\",\"isPartOf\":{\"@id\":\"https:\\\/\\\/www.minihorse.eu\\\/#website\"},\"primaryImageOfPage\":{\"@id\":\"https:\\\/\\\/www.minihorse.eu\\\/fr\\\/produit\\\/guetres-de-transport-luxe\\\/#primaryimage\"},\"image\":{\"@id\":\"https:\\\/\\\/www.minihorse.eu\\\/fr\\\/produit\\\/guetres-de-transport-luxe\\\/#primaryimage\"},\"thumbnailUrl\":\"https:\\\/\\\/www.minihorse.eu\\\/wp-content\\\/uploads\\\/2025\\\/04\\\/Luxe-beenbeschermers-rood.jpg\",\"datePublished\":\"2025-04-06T08:51:47+00:00\",\"dateModified\":\"2026-04-19T20:27:37+00:00\",\"description\":\"Les gu\u00eatres de transport Luxe sont sp\u00e9cialement con\u00e7ues pour les chevaux miniatures qui doivent \u00eatre transport\u00e9s en toute s\u00e9curit\u00e9 et confortablement. Ces prot\u00e8ge-jambes offrent une protection maximale pendant le transport\",\"breadcrumb\":{\"@id\":\"https:\\\/\\\/www.minihorse.eu\\\/fr\\\/produit\\\/guetres-de-transport-luxe\\\/#breadcrumb\"},\"inLanguage\":\"fr-FR\",\"potentialAction\":[{\"@type\":\"ReadAction\",\"target\":[\"https:\\\/\\\/www.minihorse.eu\\\/fr\\\/produit\\\/guetres-de-transport-luxe\\\/\"]}]},{\"@type\":\"ImageObject\",\"inLanguage\":\"fr-FR\",\"@id\":\"https:\\\/\\\/www.minihorse.eu\\\/fr\\\/produit\\\/guetres-de-transport-luxe\\\/#primaryimage\",\"url\":\"https:\\\/\\\/www.minihorse.eu\\\/wp-content\\\/uploads\\\/2025\\\/04\\\/Luxe-beenbeschermers-rood.jpg\",\"contentUrl\":\"https:\\\/\\\/www.minihorse.eu\\\/wp-content\\\/uploads\\\/2025\\\/04\\\/Luxe-beenbeschermers-rood.jpg\",\"width\":384,\"height\":288},{\"@type\":\"BreadcrumbList\",\"@id\":\"https:\\\/\\\/www.minihorse.eu\\\/fr\\\/produit\\\/guetres-de-transport-luxe\\\/#breadcrumb\",\"itemListElement\":[{\"@type\":\"ListItem\",\"position\":1,\"name\":\"Home\",\"item\":\"https:\\\/\\\/www.minihorse.eu\\\/fr\\\/accueil\\\/\"},{\"@type\":\"ListItem\",\"position\":2,\"name\":\"Boutique\",\"item\":\"https:\\\/\\\/www.minihorse.eu\\\/fr\\\/boutique\\\/\"},{\"@type\":\"ListItem\",\"position\":3,\"name\":\"Gu\u00eatres de Transport Luxe\"}]},{\"@type\":\"WebSite\",\"@id\":\"https:\\\/\\\/www.minihorse.eu\\\/#website\",\"url\":\"https:\\\/\\\/www.minihorse.eu\\\/\",\"name\":\"Minihorse.eu\",\"description\":\"The #1 store for Miniature Horses\",\"publisher\":{\"@id\":\"https:\\\/\\\/www.minihorse.eu\\\/#organization\"},\"potentialAction\":[{\"@type\":\"SearchAction\",\"target\":{\"@type\":\"EntryPoint\",\"urlTemplate\":\"https:\\\/\\\/www.minihorse.eu\\\/?s={search_term_string}\"},\"query-input\":{\"@type\":\"PropertyValueSpecification\",\"valueRequired\":true,\"valueName\":\"search_term_string\"}}],\"inLanguage\":\"fr-FR\"},{\"@type\":\"Organization\",\"@id\":\"https:\\\/\\\/www.minihorse.eu\\\/#organization\",\"name\":\"Minihorse.eu\",\"url\":\"https:\\\/\\\/www.minihorse.eu\\\/\",\"logo\":{\"@type\":\"ImageObject\",\"inLanguage\":\"fr-FR\",\"@id\":\"https:\\\/\\\/www.minihorse.eu\\\/#\\\/schema\\\/logo\\\/image\\\/\",\"url\":\"https:\\\/\\\/www.minihorse.eu\\\/wp-content\\\/uploads\\\/2024\\\/08\\\/Logo-minihorse-ext.png\",\"contentUrl\":\"https:\\\/\\\/www.minihorse.eu\\\/wp-content\\\/uploads\\\/2024\\\/08\\\/Logo-minihorse-ext.png\",\"width\":500,\"height\":500,\"caption\":\"Minihorse.eu\"},\"image\":{\"@id\":\"https:\\\/\\\/www.minihorse.eu\\\/#\\\/schema\\\/logo\\\/image\\\/\"},\"sameAs\":[\"https:\\\/\\\/www.facebook.com\\\/profile.php?id=100063487117479\"]}]}<\/script>\n<!-- \/ Yoast SEO plugin. -->","yoast_head_json":{"title":"Gu\u00eatres de Transport Luxe - Minihorse.eu","description":"Les gu\u00eatres de transport Luxe sont sp\u00e9cialement con\u00e7ues pour les chevaux miniatures qui doivent \u00eatre transport\u00e9s en toute s\u00e9curit\u00e9 et confortablement. Ces prot\u00e8ge-jambes offrent une protection maximale pendant le transport","robots":{"index":"index","follow":"follow","max-snippet":"max-snippet:-1","max-image-preview":"max-image-preview:large","max-video-preview":"max-video-preview:-1"},"canonical":"https:\/\/www.minihorse.eu\/fr\/produit\/guetres-de-transport-luxe\/","og_locale":"fr_FR","og_type":"article","og_title":"Gu\u00eatres de Transport Luxe - Minihorse.eu","og_description":"Les gu\u00eatres de transport Luxe sont sp\u00e9cialement con\u00e7ues pour les chevaux miniatures qui doivent \u00eatre transport\u00e9s en toute s\u00e9curit\u00e9 et confortablement. Ces prot\u00e8ge-jambes offrent une protection maximale pendant le transport","og_url":"https:\/\/www.minihorse.eu\/fr\/produit\/guetres-de-transport-luxe\/","og_site_name":"Minihorse.eu","article_publisher":"https:\/\/www.facebook.com\/profile.php?id=100063487117479","article_modified_time":"2026-04-19T20:27:37+00:00","og_image":[{"width":384,"height":288,"url":"https:\/\/www.minihorse.eu\/wp-content\/uploads\/2025\/04\/Luxe-beenbeschermers-rood.jpg","type":"image\/jpeg"}],"twitter_card":"summary_large_image","schema":{"@context":"https:\/\/schema.org","@graph":[{"@type":"WebPage","@id":"https:\/\/www.minihorse.eu\/fr\/produit\/guetres-de-transport-luxe\/","url":"https:\/\/www.minihorse.eu\/fr\/produit\/guetres-de-transport-luxe\/","name":"Gu\u00eatres de Transport Luxe - Minihorse.eu","isPartOf":{"@id":"https:\/\/www.minihorse.eu\/#website"},"primaryImageOfPage":{"@id":"https:\/\/www.minihorse.eu\/fr\/produit\/guetres-de-transport-luxe\/#primaryimage"},"image":{"@id":"https:\/\/www.minihorse.eu\/fr\/produit\/guetres-de-transport-luxe\/#primaryimage"},"thumbnailUrl":"https:\/\/www.minihorse.eu\/wp-content\/uploads\/2025\/04\/Luxe-beenbeschermers-rood.jpg","datePublished":"2025-04-06T08:51:47+00:00","dateModified":"2026-04-19T20:27:37+00:00","description":"Les gu\u00eatres de transport Luxe sont sp\u00e9cialement con\u00e7ues pour les chevaux miniatures qui doivent \u00eatre transport\u00e9s en toute s\u00e9curit\u00e9 et confortablement. Ces prot\u00e8ge-jambes offrent une protection maximale pendant le transport","breadcrumb":{"@id":"https:\/\/www.minihorse.eu\/fr\/produit\/guetres-de-transport-luxe\/#breadcrumb"},"inLanguage":"fr-FR","potentialAction":[{"@type":"ReadAction","target":["https:\/\/www.minihorse.eu\/fr\/produit\/guetres-de-transport-luxe\/"]}]},{"@type":"ImageObject","inLanguage":"fr-FR","@id":"https:\/\/www.minihorse.eu\/fr\/produit\/guetres-de-transport-luxe\/#primaryimage","url":"https:\/\/www.minihorse.eu\/wp-content\/uploads\/2025\/04\/Luxe-beenbeschermers-rood.jpg","contentUrl":"https:\/\/www.minihorse.eu\/wp-content\/uploads\/2025\/04\/Luxe-beenbeschermers-rood.jpg","width":384,"height":288},{"@type":"BreadcrumbList","@id":"https:\/\/www.minihorse.eu\/fr\/produit\/guetres-de-transport-luxe\/#breadcrumb","itemListElement":[{"@type":"ListItem","position":1,"name":"Home","item":"https:\/\/www.minihorse.eu\/fr\/accueil\/"},{"@type":"ListItem","position":2,"name":"Boutique","item":"https:\/\/www.minihorse.eu\/fr\/boutique\/"},{"@type":"ListItem","position":3,"name":"Gu\u00eatres de Transport Luxe"}]},{"@type":"WebSite","@id":"https:\/\/www.minihorse.eu\/#website","url":"https:\/\/www.minihorse.eu\/","name":"Minihorse.eu","description":"The #1 store for Miniature Horses","publisher":{"@id":"https:\/\/www.minihorse.eu\/#organization"},"potentialAction":[{"@type":"SearchAction","target":{"@type":"EntryPoint","urlTemplate":"https:\/\/www.minihorse.eu\/?s={search_term_string}"},"query-input":{"@type":"PropertyValueSpecification","valueRequired":true,"valueName":"search_term_string"}}],"inLanguage":"fr-FR"},{"@type":"Organization","@id":"https:\/\/www.minihorse.eu\/#organization","name":"Minihorse.eu","url":"https:\/\/www.minihorse.eu\/","logo":{"@type":"ImageObject","inLanguage":"fr-FR","@id":"https:\/\/www.minihorse.eu\/#\/schema\/logo\/image\/","url":"https:\/\/www.minihorse.eu\/wp-content\/uploads\/2024\/08\/Logo-minihorse-ext.png","contentUrl":"https:\/\/www.minihorse.eu\/wp-content\/uploads\/2024\/08\/Logo-minihorse-ext.png","width":500,"height":500,"caption":"Minihorse.eu"},"image":{"@id":"https:\/\/www.minihorse.eu\/#\/schema\/logo\/image\/"},"sameAs":["https:\/\/www.facebook.com\/profile.php?id=100063487117479"]}]}},"jetpack_sharing_enabled":true,"_links":{"self":[{"href":"https:\/\/www.minihorse.eu\/fr\/wp-json\/wp\/v2\/product\/8876","targetHints":{"allow":["GET"]}}],"collection":[{"href":"https:\/\/www.minihorse.eu\/fr\/wp-json\/wp\/v2\/product"}],"about":[{"href":"https:\/\/www.minihorse.eu\/fr\/wp-json\/wp\/v2\/types\/product"}],"replies":[{"embeddable":true,"href":"https:\/\/www.minihorse.eu\/fr\/wp-json\/wp\/v2\/comments?post=8876"}],"wp:featuredmedia":[{"embeddable":true,"href":"https:\/\/www.minihorse.eu\/fr\/wp-json\/wp\/v2\/media\/8847"}],"wp:attachment":[{"href":"https:\/\/www.minihorse.eu\/fr\/wp-json\/wp\/v2\/media?parent=8876"}],"wp:term":[{"taxonomy":"product_brand","embeddable":true,"href":"https:\/\/www.minihorse.eu\/fr\/wp-json\/wp\/v2\/product_brand?post=8876"},{"taxonomy":"product_cat","embeddable":true,"href":"https:\/\/www.minihorse.eu\/fr\/wp-json\/wp\/v2\/product_cat?post=8876"},{"taxonomy":"product_tag","embeddable":true,"href":"https:\/\/www.minihorse.eu\/fr\/wp-json\/wp\/v2\/product_tag?post=8876"}],"curies":[{"name":"wp","href":"https:\/\/api.w.org\/{rel}","templated":true}]}}