{"id":8897,"date":"2025-04-07T14:12:05","date_gmt":"2025-04-07T14:12:05","guid":{"rendered":"https:\/\/www.minihorse.eu\/product\/befix-deofix-normal\/"},"modified":"2025-04-07T14:12:05","modified_gmt":"2025-04-07T14:12:05","slug":"befix-deofix-normal","status":"publish","type":"product","link":"https:\/\/www.minihorse.eu\/fr\/produit\/befix-deofix-normal\/","title":{"rendered":"Befix Deofix Normal"},"content":{"rendered":"<p><strong>Befix deofix normal <\/strong>a \u00e9t\u00e9 formul\u00e9 sur une base naturelle avec des huiles essentielles et est id\u00e9al pour une utilisation contre les moucherons, les mouches et les moustiques. Befix deofix normal reste puissamment parfum\u00e9 pendant longtemps, m\u00eame sur les chevaux \u00e0 l&rsquo;entra\u00eenement ou en sueur. Befix deofix normal masque l&rsquo;odeur corporelle du cheval. Avec befix deofix normal, la promenade de votre cheval ou de votre poney devient un plaisir.<br \/>\nContenu: 500 ml   <\/p>\n<p>Mode d&#8217;emploi : Agiter avant utilisation. Appliquer befix deofix super uniform\u00e9ment sur le pelage de votre cheval \u00e0 l&rsquo;aide du spray ou d&rsquo;une \u00e9ponge, en \u00e9vitant tout contact avec les yeux et les muqueuses. R\u00e9p\u00e9ter l&rsquo;application si n\u00e9cessaire, surtout apr\u00e8s une exposition \u00e0 l&rsquo;eau.<br \/>\nIrritant pour les yeux. Ne pas inhaler le brouillard de pulv\u00e9risation. En cas de contact avec les yeux, rincer abondamment \u00e0 l&rsquo;eau et consulter un m\u00e9decin. En cas d&rsquo;ingestion, consulter imm\u00e9diatement un m\u00e9decin et lui montrer l&#8217;emballage ou l&rsquo;\u00e9tiquette. N&rsquo;utiliser que dans des endroits bien ventil\u00e9s. Conserver \u00e0 l&rsquo;abri du gel. Tenir hors de port\u00e9e des enfants. Fiche de donn\u00e9es de s\u00e9curit\u00e9 disponible sur demande pour les utilisateurs professionnels. Peut provoquer une r\u00e9action allergique. En cas de r\u00e9action allergique, rincer abondamment \u00e0 l&rsquo;eau.<br \/>\nNote : Consultez toujours un v\u00e9t\u00e9rinaire avant d&rsquo;appliquer de nouveaux produits sur votre cheval, surtout s&rsquo;il a \u00e9t\u00e9 expos\u00e9 \u00e0 des affections cutan\u00e9es ou \u00e0 des allergies.<br \/>\nBefix deofix super ne contient aucune substance non autoris\u00e9e par la commission ANTI-DOPING.           <\/p>\n","protected":false},"excerpt":{"rendered":"<p><strong>Befix deofix normal <\/strong>a \u00e9t\u00e9 formul\u00e9 sur une base naturelle avec des huiles essentielles et est id\u00e9al pour une utilisation contre les moucherons, les mouches et les moustiques. Befix deofix normal reste puissamment parfum\u00e9 pendant longtemps, m\u00eame sur les chevaux \u00e0 l&rsquo;entra\u00eenement ou en sueur. Befix deofix normal masque l&rsquo;odeur corporelle du cheval. Avec befix deofix normal, la promenade de votre cheval ou de votre poney devient un plaisir.<br \/>\nContenu: 500 ml   <\/p>\n<p>&nbsp;<\/p>\n","protected":false},"featured_media":8893,"comment_status":"open","ping_status":"closed","template":"","meta":[],"product_brand":[],"product_cat":[182],"product_tag":[],"class_list":{"0":"post-8897","1":"product","2":"type-product","3":"status-publish","4":"has-post-thumbnail","6":"product_cat-protections-mouches","8":"first","9":"instock","10":"taxable","11":"shipping-taxable","12":"purchasable","13":"product-type-simple"},"yoast_head":"<!-- This site is optimized with the Yoast SEO plugin v27.5 - https:\/\/yoast.com\/product\/yoast-seo-wordpress\/ -->\n<title>Befix Deofix Normal - Minihorse.eu<\/title>\n<meta name=\"robots\" content=\"index, follow, max-snippet:-1, max-image-preview:large, max-video-preview:-1\" \/>\n<link rel=\"canonical\" href=\"https:\/\/www.minihorse.eu\/produit\/befix-deofix-normal\/\" \/>\n<meta property=\"og:locale\" content=\"fr_FR\" \/>\n<meta property=\"og:type\" content=\"article\" \/>\n<meta property=\"og:title\" content=\"Befix Deofix Normal - Minihorse.eu\" \/>\n<meta property=\"og:description\" content=\"Befix deofix normal a \u00e9t\u00e9 formul\u00e9 sur une base naturelle avec des huiles essentielles et est id\u00e9al pour une utilisation contre les moucherons, les mouches et les moustiques. Befix deofix normal reste puissamment parfum\u00e9 pendant longtemps, m\u00eame sur les chevaux \u00e0 l&#039;entra\u00eenement ou en sueur. Befix deofix normal masque l&#039;odeur corporelle du cheval. Avec befix deofix normal, la promenade de votre cheval ou de votre poney devient un plaisir. Contenu: 500 ml   &nbsp;\" \/>\n<meta property=\"og:url\" content=\"https:\/\/www.minihorse.eu\/produit\/befix-deofix-normal\/\" \/>\n<meta property=\"og:site_name\" content=\"Minihorse.eu\" \/>\n<meta property=\"article:publisher\" content=\"https:\/\/www.facebook.com\/profile.php?id=100063487117479\" \/>\n<meta property=\"og:image\" content=\"https:\/\/www.minihorse.eu\/wp-content\/uploads\/2025\/04\/befix-deofix-normal.jpg\" \/>\n\t<meta property=\"og:image:width\" content=\"341\" \/>\n\t<meta property=\"og:image:height\" content=\"512\" \/>\n\t<meta property=\"og:image:type\" content=\"image\/jpeg\" \/>\n<meta name=\"twitter:card\" content=\"summary_large_image\" \/>\n<meta name=\"twitter:label1\" content=\"Dur\u00e9e de lecture estim\u00e9e\" \/>\n\t<meta name=\"twitter:data1\" content=\"1 minute\" \/>\n<script type=\"application\/ld+json\" class=\"yoast-schema-graph\">{\"@context\":\"https:\\\/\\\/schema.org\",\"@graph\":[{\"@type\":\"WebPage\",\"@id\":\"https:\\\/\\\/www.minihorse.eu\\\/produit\\\/befix-deofix-normal\\\/\",\"url\":\"https:\\\/\\\/www.minihorse.eu\\\/produit\\\/befix-deofix-normal\\\/\",\"name\":\"Befix Deofix Normal - Minihorse.eu\",\"isPartOf\":{\"@id\":\"https:\\\/\\\/www.minihorse.eu\\\/#website\"},\"primaryImageOfPage\":{\"@id\":\"https:\\\/\\\/www.minihorse.eu\\\/produit\\\/befix-deofix-normal\\\/#primaryimage\"},\"image\":{\"@id\":\"https:\\\/\\\/www.minihorse.eu\\\/produit\\\/befix-deofix-normal\\\/#primaryimage\"},\"thumbnailUrl\":\"https:\\\/\\\/www.minihorse.eu\\\/wp-content\\\/uploads\\\/2025\\\/04\\\/befix-deofix-normal.jpg\",\"datePublished\":\"2025-04-07T14:12:05+00:00\",\"breadcrumb\":{\"@id\":\"https:\\\/\\\/www.minihorse.eu\\\/produit\\\/befix-deofix-normal\\\/#breadcrumb\"},\"inLanguage\":\"fr-FR\",\"potentialAction\":[{\"@type\":\"ReadAction\",\"target\":[\"https:\\\/\\\/www.minihorse.eu\\\/produit\\\/befix-deofix-normal\\\/\"]}]},{\"@type\":\"ImageObject\",\"inLanguage\":\"fr-FR\",\"@id\":\"https:\\\/\\\/www.minihorse.eu\\\/produit\\\/befix-deofix-normal\\\/#primaryimage\",\"url\":\"https:\\\/\\\/www.minihorse.eu\\\/wp-content\\\/uploads\\\/2025\\\/04\\\/befix-deofix-normal.jpg\",\"contentUrl\":\"https:\\\/\\\/www.minihorse.eu\\\/wp-content\\\/uploads\\\/2025\\\/04\\\/befix-deofix-normal.jpg\",\"width\":341,\"height\":512},{\"@type\":\"BreadcrumbList\",\"@id\":\"https:\\\/\\\/www.minihorse.eu\\\/produit\\\/befix-deofix-normal\\\/#breadcrumb\",\"itemListElement\":[{\"@type\":\"ListItem\",\"position\":1,\"name\":\"Home\",\"item\":\"https:\\\/\\\/www.minihorse.eu\\\/fr\\\/accueil\\\/\"},{\"@type\":\"ListItem\",\"position\":2,\"name\":\"Boutique\",\"item\":\"https:\\\/\\\/www.minihorse.eu\\\/fr\\\/boutique\\\/\"},{\"@type\":\"ListItem\",\"position\":3,\"name\":\"Befix Deofix Normal\"}]},{\"@type\":\"WebSite\",\"@id\":\"https:\\\/\\\/www.minihorse.eu\\\/#website\",\"url\":\"https:\\\/\\\/www.minihorse.eu\\\/\",\"name\":\"Minihorse.eu\",\"description\":\"The #1 store for Miniature Horses\",\"publisher\":{\"@id\":\"https:\\\/\\\/www.minihorse.eu\\\/#organization\"},\"potentialAction\":[{\"@type\":\"SearchAction\",\"target\":{\"@type\":\"EntryPoint\",\"urlTemplate\":\"https:\\\/\\\/www.minihorse.eu\\\/?s={search_term_string}\"},\"query-input\":{\"@type\":\"PropertyValueSpecification\",\"valueRequired\":true,\"valueName\":\"search_term_string\"}}],\"inLanguage\":\"fr-FR\"},{\"@type\":\"Organization\",\"@id\":\"https:\\\/\\\/www.minihorse.eu\\\/#organization\",\"name\":\"Minihorse.eu\",\"url\":\"https:\\\/\\\/www.minihorse.eu\\\/\",\"logo\":{\"@type\":\"ImageObject\",\"inLanguage\":\"fr-FR\",\"@id\":\"https:\\\/\\\/www.minihorse.eu\\\/#\\\/schema\\\/logo\\\/image\\\/\",\"url\":\"https:\\\/\\\/www.minihorse.eu\\\/wp-content\\\/uploads\\\/2024\\\/08\\\/Logo-minihorse-ext.png\",\"contentUrl\":\"https:\\\/\\\/www.minihorse.eu\\\/wp-content\\\/uploads\\\/2024\\\/08\\\/Logo-minihorse-ext.png\",\"width\":500,\"height\":500,\"caption\":\"Minihorse.eu\"},\"image\":{\"@id\":\"https:\\\/\\\/www.minihorse.eu\\\/#\\\/schema\\\/logo\\\/image\\\/\"},\"sameAs\":[\"https:\\\/\\\/www.facebook.com\\\/profile.php?id=100063487117479\"]}]}<\/script>\n<!-- \/ Yoast SEO plugin. -->","yoast_head_json":{"title":"Befix Deofix Normal - Minihorse.eu","robots":{"index":"index","follow":"follow","max-snippet":"max-snippet:-1","max-image-preview":"max-image-preview:large","max-video-preview":"max-video-preview:-1"},"canonical":"https:\/\/www.minihorse.eu\/produit\/befix-deofix-normal\/","og_locale":"fr_FR","og_type":"article","og_title":"Befix Deofix Normal - Minihorse.eu","og_description":"Befix deofix normal a \u00e9t\u00e9 formul\u00e9 sur une base naturelle avec des huiles essentielles et est id\u00e9al pour une utilisation contre les moucherons, les mouches et les moustiques. Befix deofix normal reste puissamment parfum\u00e9 pendant longtemps, m\u00eame sur les chevaux \u00e0 l'entra\u00eenement ou en sueur. Befix deofix normal masque l'odeur corporelle du cheval. Avec befix deofix normal, la promenade de votre cheval ou de votre poney devient un plaisir. Contenu: 500 ml   &nbsp;","og_url":"https:\/\/www.minihorse.eu\/produit\/befix-deofix-normal\/","og_site_name":"Minihorse.eu","article_publisher":"https:\/\/www.facebook.com\/profile.php?id=100063487117479","og_image":[{"width":341,"height":512,"url":"https:\/\/www.minihorse.eu\/wp-content\/uploads\/2025\/04\/befix-deofix-normal.jpg","type":"image\/jpeg"}],"twitter_card":"summary_large_image","twitter_misc":{"Dur\u00e9e de lecture estim\u00e9e":"1 minute"},"schema":{"@context":"https:\/\/schema.org","@graph":[{"@type":"WebPage","@id":"https:\/\/www.minihorse.eu\/produit\/befix-deofix-normal\/","url":"https:\/\/www.minihorse.eu\/produit\/befix-deofix-normal\/","name":"Befix Deofix Normal - Minihorse.eu","isPartOf":{"@id":"https:\/\/www.minihorse.eu\/#website"},"primaryImageOfPage":{"@id":"https:\/\/www.minihorse.eu\/produit\/befix-deofix-normal\/#primaryimage"},"image":{"@id":"https:\/\/www.minihorse.eu\/produit\/befix-deofix-normal\/#primaryimage"},"thumbnailUrl":"https:\/\/www.minihorse.eu\/wp-content\/uploads\/2025\/04\/befix-deofix-normal.jpg","datePublished":"2025-04-07T14:12:05+00:00","breadcrumb":{"@id":"https:\/\/www.minihorse.eu\/produit\/befix-deofix-normal\/#breadcrumb"},"inLanguage":"fr-FR","potentialAction":[{"@type":"ReadAction","target":["https:\/\/www.minihorse.eu\/produit\/befix-deofix-normal\/"]}]},{"@type":"ImageObject","inLanguage":"fr-FR","@id":"https:\/\/www.minihorse.eu\/produit\/befix-deofix-normal\/#primaryimage","url":"https:\/\/www.minihorse.eu\/wp-content\/uploads\/2025\/04\/befix-deofix-normal.jpg","contentUrl":"https:\/\/www.minihorse.eu\/wp-content\/uploads\/2025\/04\/befix-deofix-normal.jpg","width":341,"height":512},{"@type":"BreadcrumbList","@id":"https:\/\/www.minihorse.eu\/produit\/befix-deofix-normal\/#breadcrumb","itemListElement":[{"@type":"ListItem","position":1,"name":"Home","item":"https:\/\/www.minihorse.eu\/fr\/accueil\/"},{"@type":"ListItem","position":2,"name":"Boutique","item":"https:\/\/www.minihorse.eu\/fr\/boutique\/"},{"@type":"ListItem","position":3,"name":"Befix Deofix Normal"}]},{"@type":"WebSite","@id":"https:\/\/www.minihorse.eu\/#website","url":"https:\/\/www.minihorse.eu\/","name":"Minihorse.eu","description":"The #1 store for Miniature Horses","publisher":{"@id":"https:\/\/www.minihorse.eu\/#organization"},"potentialAction":[{"@type":"SearchAction","target":{"@type":"EntryPoint","urlTemplate":"https:\/\/www.minihorse.eu\/?s={search_term_string}"},"query-input":{"@type":"PropertyValueSpecification","valueRequired":true,"valueName":"search_term_string"}}],"inLanguage":"fr-FR"},{"@type":"Organization","@id":"https:\/\/www.minihorse.eu\/#organization","name":"Minihorse.eu","url":"https:\/\/www.minihorse.eu\/","logo":{"@type":"ImageObject","inLanguage":"fr-FR","@id":"https:\/\/www.minihorse.eu\/#\/schema\/logo\/image\/","url":"https:\/\/www.minihorse.eu\/wp-content\/uploads\/2024\/08\/Logo-minihorse-ext.png","contentUrl":"https:\/\/www.minihorse.eu\/wp-content\/uploads\/2024\/08\/Logo-minihorse-ext.png","width":500,"height":500,"caption":"Minihorse.eu"},"image":{"@id":"https:\/\/www.minihorse.eu\/#\/schema\/logo\/image\/"},"sameAs":["https:\/\/www.facebook.com\/profile.php?id=100063487117479"]}]}},"jetpack_sharing_enabled":true,"_links":{"self":[{"href":"https:\/\/www.minihorse.eu\/fr\/wp-json\/wp\/v2\/product\/8897","targetHints":{"allow":["GET"]}}],"collection":[{"href":"https:\/\/www.minihorse.eu\/fr\/wp-json\/wp\/v2\/product"}],"about":[{"href":"https:\/\/www.minihorse.eu\/fr\/wp-json\/wp\/v2\/types\/product"}],"replies":[{"embeddable":true,"href":"https:\/\/www.minihorse.eu\/fr\/wp-json\/wp\/v2\/comments?post=8897"}],"wp:featuredmedia":[{"embeddable":true,"href":"https:\/\/www.minihorse.eu\/fr\/wp-json\/wp\/v2\/media\/8893"}],"wp:attachment":[{"href":"https:\/\/www.minihorse.eu\/fr\/wp-json\/wp\/v2\/media?parent=8897"}],"wp:term":[{"taxonomy":"product_brand","embeddable":true,"href":"https:\/\/www.minihorse.eu\/fr\/wp-json\/wp\/v2\/product_brand?post=8897"},{"taxonomy":"product_cat","embeddable":true,"href":"https:\/\/www.minihorse.eu\/fr\/wp-json\/wp\/v2\/product_cat?post=8897"},{"taxonomy":"product_tag","embeddable":true,"href":"https:\/\/www.minihorse.eu\/fr\/wp-json\/wp\/v2\/product_tag?post=8897"}],"curies":[{"name":"wp","href":"https:\/\/api.w.org\/{rel}","templated":true}]}}