{"id":9066,"date":"2025-04-09T17:35:55","date_gmt":"2025-04-09T17:35:55","guid":{"rendered":"https:\/\/www.minihorse.eu\/product\/cowboy-magic-detangler-shine\/"},"modified":"2025-08-24T12:08:17","modified_gmt":"2025-08-24T12:08:17","slug":"cowboy-magic-detangler-shine","status":"publish","type":"product","link":"https:\/\/www.minihorse.eu\/fr\/produit\/cowboy-magic-detangler-shine\/","title":{"rendered":"Cowboy Magic Detangler &amp; Shine"},"content":{"rendered":"<p><strong>Cowboy Magic Detangler &amp; Shine <\/strong>d\u00e9m\u00eale instantan\u00e9ment tous les types de cheveux, de n\u0153uds, d&#8217;emm\u00ealements et de dreadlocks, quelle que soit la difficult\u00e9 \u00e0 g\u00e9rer les cheveux. La prot\u00e9ine de soie contenue dans Cowboy Magic\u00ae Detangler &amp; Shine\u2122 donne une brillance hautement r\u00e9fl\u00e9chissante apr\u00e8s le brossage<strong>.<\/strong> <\/p>\n<ul>\n<li>Revitalisant pur, ne contient ni eau ni alcool, ne dess\u00e8che pas les cheveux.<\/li>\n<li>Detangler &amp; Shine\u2122 Repousse la salet\u00e9, la poussi\u00e8re et le sable, pour une brillance qui dure plus longtemps. Non gras. <\/li>\n<li>P\u00e9n\u00e8tre sous la surface et restaure l&rsquo;hydratation tout en renfor\u00e7ant les cheveux, r\u00e9sultant en une brillance naturelle avec une texture douce.<\/li>\n<li>En tant que produit cosm\u00e9tique de haute qualit\u00e9, il fonctionne aussi sur les gens.<\/li>\n<\/ul>\n<p><strong>Ingr\u00e9dients:<\/strong> Cyclom\u00e9thicone, dim\u00e9thicone, panth\u00e9nol, soie hydrolys\u00e9e, m\u00e9thoxycinnamate d&rsquo;\u00e9thylhexy, ac\u00e9tate de tocoph\u00e9ryle, parfum (parfum), benzoate de benzyle, butylph\u00e9nylm\u00e9thylpropional, citronellol, g\u00e9raniol, hexyl cinnamal, limon\u00e8ne, linalol<\/p>\n<p><strong>Silicone utilis\u00e9:<\/strong><\/p>\n<p>Notre D\u00e9m\u00ealant et Brillance\u2122 contient un type de silicone appel\u00e9 cyclom\u00e9thicone. Cet ingr\u00e9dient a \u00e9t\u00e9 sp\u00e9cialement s\u00e9lectionn\u00e9 pour ses propri\u00e9t\u00e9s uniques qui profitent au soin et \u00e0 l&rsquo;entretien des cheveux et du pelage. La cyclom\u00e9thicone est un silicone l\u00e9ger et respirant qui offre d&rsquo;excellents bienfaits revitalisants et d\u00e9m\u00ealants sans provoquer d&rsquo;accumulation.  <\/p>\n<p><strong>Pourquoi la cyclom\u00e9thicone est-elle utilis\u00e9e:<\/strong><\/p>\n<ol>\n<li><strong>D\u00e9m\u00ealage<\/strong>: La cyclom\u00e9thicone aide \u00e0 d\u00e9m\u00ealer sans effort les n\u0153uds et les enchev\u00eatrements, rendant le processus de toilettage plus fluide et plus confortable pour votre animal.<\/li>\n<li><strong>Brillance <\/strong>: Donne au pelage une brillance naturelle et saine, am\u00e9liorant son apparence g\u00e9n\u00e9rale.<\/li>\n<li><strong>Protection<\/strong>: Il forme une barri\u00e8re protectrice qui aide \u00e0 retenir l&rsquo;humidit\u00e9, pr\u00e9venant ainsi la s\u00e9cheresse et les dommages.<\/li>\n<\/ol>\n<p><strong>Garantie de s\u00e9curit\u00e9:<\/strong><\/p>\n<p>Nous garantissons que la cyclom\u00e9thicone est 100 % s\u00fbre pour une utilisation chez les chevaux et les animaux domestiques. Il est largement utilis\u00e9 dans les produits de soins pour les humains et les animaux en raison de ses propri\u00e9t\u00e9s non irritantes et non toxiques. Nos produits sont soigneusement test\u00e9s pour r\u00e9pondre aux normes de s\u00e9curit\u00e9 les plus \u00e9lev\u00e9es afin qu&rsquo;ils ne causent aucun dommage lorsqu&rsquo;ils sont utilis\u00e9s conform\u00e9ment aux instructions.  <\/p>\n<p><strong>Meilleurs r\u00e9sultats<\/strong><\/p>\n<p>Pour obtenir les meilleurs r\u00e9sultats avec Cowboy Magic\u00ae Detangler &amp; Shine\u2122, suivez ces \u00e9tapes:<\/p>\n<ol>\n<li><strong>Application<\/strong>: Appliquez une petite quantit\u00e9 de Detangler &amp; Shine\u2122 sur vos mains et massez doucement le pelage. Concentrez-vous sur les zones emm\u00eal\u00e9es et feutr\u00e9es.<\/li>\n<li><strong>Brossage<\/strong>: Utilisez un peigne ou une brosse \u00e0 dents larges pour d\u00e9m\u00ealer d\u00e9licatement les cheveux. Commencez par les pointes et remontez jusqu&rsquo;aux racines.<\/li>\n<li><strong>Touche finale:<\/strong> Pour plus de brillance et de protection, appliquez une couche l\u00e9g\u00e8re apr\u00e8s le conditionnement.<\/li>\n<\/ol>\n","protected":false},"excerpt":{"rendered":"<p><strong>Cowboy Magic Detangler &amp; Shine <\/strong>d\u00e9m\u00eale instantan\u00e9ment tous les types de cheveux, de n\u0153uds, d&#8217;emm\u00ealements et de dreadlocks, quelle que soit la difficult\u00e9 \u00e0 g\u00e9rer les cheveux. La prot\u00e9ine de soie contenue dans Cowboy Magic\u00ae Detangler &amp; Shine\u2122 donne une brillance hautement r\u00e9fl\u00e9chissante apr\u00e8s le brossage<strong>.<\/strong> <\/p>\n<ul>\n<li>Revitalisant pur, ne contient ni eau ni alcool, ne dess\u00e8che pas les cheveux.<\/li>\n<li>Detangler &amp; Shine\u2122 Repousse la salet\u00e9, la poussi\u00e8re et le sable, pour une brillance qui dure plus longtemps. Non gras. <\/li>\n<li>P\u00e9n\u00e8tre sous la surface et restaure l&rsquo;hydratation tout en renfor\u00e7ant les cheveux, r\u00e9sultant en une brillance naturelle avec une texture douce.<\/li>\n<li>En tant que produit cosm\u00e9tique de haute qualit\u00e9, il fonctionne aussi sur les gens.<\/li>\n<\/ul>\n","protected":false},"featured_media":9057,"comment_status":"open","ping_status":"closed","template":"","meta":[],"product_brand":[],"product_cat":[181],"product_tag":[771,1016,733,717],"class_list":{"0":"post-9066","1":"product","2":"type-product","3":"status-publish","4":"has-post-thumbnail","6":"product_cat-cowboy-magic-fr","7":"product_tag-brillance","8":"product_tag-cowboy-magic-fr","9":"product_tag-demelant","10":"product_tag-magic-sheen-fr","12":"first","13":"instock","14":"taxable","15":"shipping-taxable","16":"purchasable","17":"product-type-variable"},"yoast_head":"<!-- This site is optimized with the Yoast SEO plugin v27.6 - https:\/\/yoast.com\/product\/yoast-seo-wordpress\/ -->\n<title>Cowboy Magic Detangler &amp; Shine - Minihorse.eu<\/title>\n<meta name=\"robots\" content=\"index, follow, max-snippet:-1, max-image-preview:large, max-video-preview:-1\" \/>\n<link rel=\"canonical\" href=\"https:\/\/www.minihorse.eu\/produit\/cowboy-magic-detangler-shine\/\" \/>\n<meta property=\"og:locale\" content=\"fr_FR\" \/>\n<meta property=\"og:type\" content=\"article\" \/>\n<meta property=\"og:title\" content=\"Cowboy Magic Detangler &amp; Shine - Minihorse.eu\" \/>\n<meta property=\"og:description\" content=\"Cowboy Magic Detangler &amp; Shine d\u00e9m\u00eale instantan\u00e9ment tous les types de cheveux, de n\u0153uds, d&#039;emm\u00ealements et de dreadlocks, quelle que soit la difficult\u00e9 \u00e0 g\u00e9rer les cheveux. La prot\u00e9ine de soie contenue dans Cowboy Magic\u00ae Detangler &amp; Shine\u2122 donne une brillance hautement r\u00e9fl\u00e9chissante apr\u00e8s le brossage.   Revitalisant pur, ne contient ni eau ni alcool, ne dess\u00e8che pas les cheveux.  Detangler &amp; Shine\u2122 Repousse la salet\u00e9, la poussi\u00e8re et le sable, pour une brillance qui dure plus longtemps. Non gras.  P\u00e9n\u00e8tre sous la surface et restaure l&#039;hydratation tout en renfor\u00e7ant les cheveux, r\u00e9sultant en une brillance naturelle avec une texture douce.  En tant que produit cosm\u00e9tique de haute qualit\u00e9, il fonctionne aussi sur les gens.\" \/>\n<meta property=\"og:url\" content=\"https:\/\/www.minihorse.eu\/produit\/cowboy-magic-detangler-shine\/\" \/>\n<meta property=\"og:site_name\" content=\"Minihorse.eu\" \/>\n<meta property=\"article:publisher\" content=\"https:\/\/www.facebook.com\/profile.php?id=100063487117479\" \/>\n<meta property=\"article:modified_time\" content=\"2025-08-24T12:08:17+00:00\" \/>\n<meta property=\"og:image\" content=\"https:\/\/www.minihorse.eu\/wp-content\/uploads\/2025\/04\/Cowboy-Magic-Detangler-and-Shine-473-ml-1.jpg\" \/>\n\t<meta property=\"og:image:width\" content=\"600\" \/>\n\t<meta property=\"og:image:height\" content=\"600\" \/>\n\t<meta property=\"og:image:type\" content=\"image\/jpeg\" \/>\n<meta name=\"twitter:card\" content=\"summary_large_image\" \/>\n<meta name=\"twitter:label1\" content=\"Dur\u00e9e de lecture estim\u00e9e\" \/>\n\t<meta name=\"twitter:data1\" content=\"2 minutes\" \/>\n<script type=\"application\/ld+json\" class=\"yoast-schema-graph\">{\"@context\":\"https:\\\/\\\/schema.org\",\"@graph\":[{\"@type\":\"WebPage\",\"@id\":\"https:\\\/\\\/www.minihorse.eu\\\/produit\\\/cowboy-magic-detangler-shine\\\/\",\"url\":\"https:\\\/\\\/www.minihorse.eu\\\/produit\\\/cowboy-magic-detangler-shine\\\/\",\"name\":\"Cowboy Magic Detangler &amp; Shine - Minihorse.eu\",\"isPartOf\":{\"@id\":\"https:\\\/\\\/www.minihorse.eu\\\/#website\"},\"primaryImageOfPage\":{\"@id\":\"https:\\\/\\\/www.minihorse.eu\\\/produit\\\/cowboy-magic-detangler-shine\\\/#primaryimage\"},\"image\":{\"@id\":\"https:\\\/\\\/www.minihorse.eu\\\/produit\\\/cowboy-magic-detangler-shine\\\/#primaryimage\"},\"thumbnailUrl\":\"https:\\\/\\\/www.minihorse.eu\\\/wp-content\\\/uploads\\\/2025\\\/04\\\/Cowboy-Magic-Detangler-and-Shine-473-ml-1.jpg\",\"datePublished\":\"2025-04-09T17:35:55+00:00\",\"dateModified\":\"2025-08-24T12:08:17+00:00\",\"breadcrumb\":{\"@id\":\"https:\\\/\\\/www.minihorse.eu\\\/produit\\\/cowboy-magic-detangler-shine\\\/#breadcrumb\"},\"inLanguage\":\"fr-FR\",\"potentialAction\":[{\"@type\":\"ReadAction\",\"target\":[\"https:\\\/\\\/www.minihorse.eu\\\/produit\\\/cowboy-magic-detangler-shine\\\/\"]}]},{\"@type\":\"ImageObject\",\"inLanguage\":\"fr-FR\",\"@id\":\"https:\\\/\\\/www.minihorse.eu\\\/produit\\\/cowboy-magic-detangler-shine\\\/#primaryimage\",\"url\":\"https:\\\/\\\/www.minihorse.eu\\\/wp-content\\\/uploads\\\/2025\\\/04\\\/Cowboy-Magic-Detangler-and-Shine-473-ml-1.jpg\",\"contentUrl\":\"https:\\\/\\\/www.minihorse.eu\\\/wp-content\\\/uploads\\\/2025\\\/04\\\/Cowboy-Magic-Detangler-and-Shine-473-ml-1.jpg\",\"width\":600,\"height\":600},{\"@type\":\"BreadcrumbList\",\"@id\":\"https:\\\/\\\/www.minihorse.eu\\\/produit\\\/cowboy-magic-detangler-shine\\\/#breadcrumb\",\"itemListElement\":[{\"@type\":\"ListItem\",\"position\":1,\"name\":\"Home\",\"item\":\"https:\\\/\\\/www.minihorse.eu\\\/fr\\\/accueil\\\/\"},{\"@type\":\"ListItem\",\"position\":2,\"name\":\"Boutique\",\"item\":\"https:\\\/\\\/www.minihorse.eu\\\/fr\\\/boutique\\\/\"},{\"@type\":\"ListItem\",\"position\":3,\"name\":\"Cowboy Magic Detangler &amp; Shine\"}]},{\"@type\":\"WebSite\",\"@id\":\"https:\\\/\\\/www.minihorse.eu\\\/#website\",\"url\":\"https:\\\/\\\/www.minihorse.eu\\\/\",\"name\":\"Minihorse.eu\",\"description\":\"The #1 store for Miniature Horses\",\"publisher\":{\"@id\":\"https:\\\/\\\/www.minihorse.eu\\\/#organization\"},\"potentialAction\":[{\"@type\":\"SearchAction\",\"target\":{\"@type\":\"EntryPoint\",\"urlTemplate\":\"https:\\\/\\\/www.minihorse.eu\\\/?s={search_term_string}\"},\"query-input\":{\"@type\":\"PropertyValueSpecification\",\"valueRequired\":true,\"valueName\":\"search_term_string\"}}],\"inLanguage\":\"fr-FR\"},{\"@type\":\"Organization\",\"@id\":\"https:\\\/\\\/www.minihorse.eu\\\/#organization\",\"name\":\"Minihorse.eu\",\"url\":\"https:\\\/\\\/www.minihorse.eu\\\/\",\"logo\":{\"@type\":\"ImageObject\",\"inLanguage\":\"fr-FR\",\"@id\":\"https:\\\/\\\/www.minihorse.eu\\\/#\\\/schema\\\/logo\\\/image\\\/\",\"url\":\"https:\\\/\\\/www.minihorse.eu\\\/wp-content\\\/uploads\\\/2024\\\/08\\\/Logo-minihorse-ext.png\",\"contentUrl\":\"https:\\\/\\\/www.minihorse.eu\\\/wp-content\\\/uploads\\\/2024\\\/08\\\/Logo-minihorse-ext.png\",\"width\":500,\"height\":500,\"caption\":\"Minihorse.eu\"},\"image\":{\"@id\":\"https:\\\/\\\/www.minihorse.eu\\\/#\\\/schema\\\/logo\\\/image\\\/\"},\"sameAs\":[\"https:\\\/\\\/www.facebook.com\\\/profile.php?id=100063487117479\"]}]}<\/script>\n<!-- \/ Yoast SEO plugin. -->","yoast_head_json":{"title":"Cowboy Magic Detangler &amp; Shine - Minihorse.eu","robots":{"index":"index","follow":"follow","max-snippet":"max-snippet:-1","max-image-preview":"max-image-preview:large","max-video-preview":"max-video-preview:-1"},"canonical":"https:\/\/www.minihorse.eu\/produit\/cowboy-magic-detangler-shine\/","og_locale":"fr_FR","og_type":"article","og_title":"Cowboy Magic Detangler &amp; Shine - Minihorse.eu","og_description":"Cowboy Magic Detangler &amp; Shine d\u00e9m\u00eale instantan\u00e9ment tous les types de cheveux, de n\u0153uds, d'emm\u00ealements et de dreadlocks, quelle que soit la difficult\u00e9 \u00e0 g\u00e9rer les cheveux. La prot\u00e9ine de soie contenue dans Cowboy Magic\u00ae Detangler &amp; Shine\u2122 donne une brillance hautement r\u00e9fl\u00e9chissante apr\u00e8s le brossage.   Revitalisant pur, ne contient ni eau ni alcool, ne dess\u00e8che pas les cheveux.  Detangler &amp; Shine\u2122 Repousse la salet\u00e9, la poussi\u00e8re et le sable, pour une brillance qui dure plus longtemps. Non gras.  P\u00e9n\u00e8tre sous la surface et restaure l'hydratation tout en renfor\u00e7ant les cheveux, r\u00e9sultant en une brillance naturelle avec une texture douce.  En tant que produit cosm\u00e9tique de haute qualit\u00e9, il fonctionne aussi sur les gens.","og_url":"https:\/\/www.minihorse.eu\/produit\/cowboy-magic-detangler-shine\/","og_site_name":"Minihorse.eu","article_publisher":"https:\/\/www.facebook.com\/profile.php?id=100063487117479","article_modified_time":"2025-08-24T12:08:17+00:00","og_image":[{"width":600,"height":600,"url":"https:\/\/www.minihorse.eu\/wp-content\/uploads\/2025\/04\/Cowboy-Magic-Detangler-and-Shine-473-ml-1.jpg","type":"image\/jpeg"}],"twitter_card":"summary_large_image","twitter_misc":{"Dur\u00e9e de lecture estim\u00e9e":"2 minutes"},"schema":{"@context":"https:\/\/schema.org","@graph":[{"@type":"WebPage","@id":"https:\/\/www.minihorse.eu\/produit\/cowboy-magic-detangler-shine\/","url":"https:\/\/www.minihorse.eu\/produit\/cowboy-magic-detangler-shine\/","name":"Cowboy Magic Detangler &amp; Shine - Minihorse.eu","isPartOf":{"@id":"https:\/\/www.minihorse.eu\/#website"},"primaryImageOfPage":{"@id":"https:\/\/www.minihorse.eu\/produit\/cowboy-magic-detangler-shine\/#primaryimage"},"image":{"@id":"https:\/\/www.minihorse.eu\/produit\/cowboy-magic-detangler-shine\/#primaryimage"},"thumbnailUrl":"https:\/\/www.minihorse.eu\/wp-content\/uploads\/2025\/04\/Cowboy-Magic-Detangler-and-Shine-473-ml-1.jpg","datePublished":"2025-04-09T17:35:55+00:00","dateModified":"2025-08-24T12:08:17+00:00","breadcrumb":{"@id":"https:\/\/www.minihorse.eu\/produit\/cowboy-magic-detangler-shine\/#breadcrumb"},"inLanguage":"fr-FR","potentialAction":[{"@type":"ReadAction","target":["https:\/\/www.minihorse.eu\/produit\/cowboy-magic-detangler-shine\/"]}]},{"@type":"ImageObject","inLanguage":"fr-FR","@id":"https:\/\/www.minihorse.eu\/produit\/cowboy-magic-detangler-shine\/#primaryimage","url":"https:\/\/www.minihorse.eu\/wp-content\/uploads\/2025\/04\/Cowboy-Magic-Detangler-and-Shine-473-ml-1.jpg","contentUrl":"https:\/\/www.minihorse.eu\/wp-content\/uploads\/2025\/04\/Cowboy-Magic-Detangler-and-Shine-473-ml-1.jpg","width":600,"height":600},{"@type":"BreadcrumbList","@id":"https:\/\/www.minihorse.eu\/produit\/cowboy-magic-detangler-shine\/#breadcrumb","itemListElement":[{"@type":"ListItem","position":1,"name":"Home","item":"https:\/\/www.minihorse.eu\/fr\/accueil\/"},{"@type":"ListItem","position":2,"name":"Boutique","item":"https:\/\/www.minihorse.eu\/fr\/boutique\/"},{"@type":"ListItem","position":3,"name":"Cowboy Magic Detangler &amp; Shine"}]},{"@type":"WebSite","@id":"https:\/\/www.minihorse.eu\/#website","url":"https:\/\/www.minihorse.eu\/","name":"Minihorse.eu","description":"The #1 store for Miniature Horses","publisher":{"@id":"https:\/\/www.minihorse.eu\/#organization"},"potentialAction":[{"@type":"SearchAction","target":{"@type":"EntryPoint","urlTemplate":"https:\/\/www.minihorse.eu\/?s={search_term_string}"},"query-input":{"@type":"PropertyValueSpecification","valueRequired":true,"valueName":"search_term_string"}}],"inLanguage":"fr-FR"},{"@type":"Organization","@id":"https:\/\/www.minihorse.eu\/#organization","name":"Minihorse.eu","url":"https:\/\/www.minihorse.eu\/","logo":{"@type":"ImageObject","inLanguage":"fr-FR","@id":"https:\/\/www.minihorse.eu\/#\/schema\/logo\/image\/","url":"https:\/\/www.minihorse.eu\/wp-content\/uploads\/2024\/08\/Logo-minihorse-ext.png","contentUrl":"https:\/\/www.minihorse.eu\/wp-content\/uploads\/2024\/08\/Logo-minihorse-ext.png","width":500,"height":500,"caption":"Minihorse.eu"},"image":{"@id":"https:\/\/www.minihorse.eu\/#\/schema\/logo\/image\/"},"sameAs":["https:\/\/www.facebook.com\/profile.php?id=100063487117479"]}]}},"jetpack_sharing_enabled":true,"_links":{"self":[{"href":"https:\/\/www.minihorse.eu\/fr\/wp-json\/wp\/v2\/product\/9066","targetHints":{"allow":["GET"]}}],"collection":[{"href":"https:\/\/www.minihorse.eu\/fr\/wp-json\/wp\/v2\/product"}],"about":[{"href":"https:\/\/www.minihorse.eu\/fr\/wp-json\/wp\/v2\/types\/product"}],"replies":[{"embeddable":true,"href":"https:\/\/www.minihorse.eu\/fr\/wp-json\/wp\/v2\/comments?post=9066"}],"wp:featuredmedia":[{"embeddable":true,"href":"https:\/\/www.minihorse.eu\/fr\/wp-json\/wp\/v2\/media\/9057"}],"wp:attachment":[{"href":"https:\/\/www.minihorse.eu\/fr\/wp-json\/wp\/v2\/media?parent=9066"}],"wp:term":[{"taxonomy":"product_brand","embeddable":true,"href":"https:\/\/www.minihorse.eu\/fr\/wp-json\/wp\/v2\/product_brand?post=9066"},{"taxonomy":"product_cat","embeddable":true,"href":"https:\/\/www.minihorse.eu\/fr\/wp-json\/wp\/v2\/product_cat?post=9066"},{"taxonomy":"product_tag","embeddable":true,"href":"https:\/\/www.minihorse.eu\/fr\/wp-json\/wp\/v2\/product_tag?post=9066"}],"curies":[{"name":"wp","href":"https:\/\/api.w.org\/{rel}","templated":true}]}}