{"id":9082,"date":"2025-04-09T22:15:33","date_gmt":"2025-04-09T22:15:33","guid":{"rendered":"https:\/\/www.minihorse.eu\/product\/rosewater-conditioner\/"},"modified":"2025-04-09T22:15:33","modified_gmt":"2025-04-09T22:15:33","slug":"rosewater-conditioner","status":"publish","type":"product","link":"https:\/\/www.minihorse.eu\/fr\/produit\/rosewater-conditioner\/","title":{"rendered":"Rosewater Conditioner"},"content":{"rendered":"<p><strong>L&rsquo;apr\u00e8s-shampoing concentr\u00e9 <\/strong>\u00e0 l&rsquo;eau de rose est une innovation sur le march\u00e9 des chevaux et des animaux de compagnie. La neutralisation et la clarification des poils sont depuis longtemps un service de salon de coiffure. Son utilisation permet d&rsquo;obtenir des cheveux sains.  <\/p>\n<ul>\n<li><strong data-redactor-tag=\"strong\">Son action est instantan\u00e9e<\/strong>: en massant, la formule dissout les d\u00e9p\u00f4ts min\u00e9raux et chimiques d\u00e9pos\u00e9s par l&rsquo;eau. Apr\u00e8s rin\u00e7age, les cheveux sont ultra-propres, presque vierges. <\/li>\n<\/ul>\n<ul>\n<li><strong data-redactor-tag=\"strong\">Il revitalise en profondeur:<\/strong> la soie et le panth\u00e9nol p\u00e9n\u00e8trent les cheveux et la peau, hydratant et ajoutant du corps aux cheveux.<\/li>\n<\/ul>\n<ul>\n<li><strong data-redactor-tag=\"strong\">Longue dur\u00e9e:<\/strong> neutralisant les cheveux par d\u00e9min\u00e9ralisation, il peut durer plus d&rsquo;une semaine selon l&rsquo;eau utilis\u00e9e et les autres traitements appliqu\u00e9s apr\u00e8s la neutralisation. Quel que soit le traitement utilis\u00e9, vos cheveux seront plus beaux et plus doux. Il neutralise l&rsquo;\u00e9lectricit\u00e9 statique et les n\u0153uds sont r\u00e9duits et minimis\u00e9s, car l&rsquo;\u00e9lectricit\u00e9 statique est contr\u00f4l\u00e9e par la r\u00e9duction des oligo-\u00e9l\u00e9ments dans les cheveux.  <\/li>\n<\/ul>\n<ul>\n<li><strong data-redactor-tag=\"strong\">Il suffit d&rsquo;une petite quantit\u00e9: <\/strong>la formule est tr\u00e8s concentr\u00e9e et une petite quantit\u00e9 suffit.<\/li>\n<\/ul>\n<ul>\n<li><strong data-redactor-tag=\"strong\">Cela fonctionne aussi pour les humains<\/strong>: les salons de coiffure proposent ce service depuis longtemps. Vous pouvez utiliser Cowboy Magic\u00ae comme apr\u00e8s-shampoing et revitalisant apr\u00e8s le shampoing. Vos cheveux seront instantan\u00e9ment doux, propres, volumineux et plus faciles \u00e0 coiffer.  <\/li>\n<\/ul>\n<p>Ingr\u00e9dients: Water\/Aqua\/Eau, Cetyl Alcohol, Dipalmetoylethyldomonium Chloride, Stearyl Alcohol, Hydroxyethyl Ethylcellulose, Cetearyl Alcohol, Propylene Glycol, Dimethicone, Cocos Nucifera (Coconut Oil), Polysorbate 60, Steareth 20, Stearamidopropyl Dimethylamine, Parfum (Fragrance), Distearyldimonium Chloride, Methylparaben, PEG-150 Stearate, Stearic Acid, Prunus Amygdalus Dulcis (Sweet Almond) Oil, Propylparaben, Tetrasodium EDTA, Olea Europaea (Olive) Fruit Oil, PEG-8 Amodimethicone, Panthenol, Stearamidopropyl Dimethylamine Lactate, Lauryl Alcohol, Hydrolyzed Silk Protein, Methylchloroisothiazolinone\/Methylisothiazolinone, with Extracts of*: Chamomille Recutita (Matricaria) Flower*, Symphytum Officinale Rhizome\/Root*, Honey*, Equisetum Arvense (Horsetail)*, Urtica Dioica (Nettle)*, Salvia Officinalis (Sage) Leaf*, Mentha Piperita (Peppermint) Leaf*, Rosa Centifolia (Rose) Flower*, Hexyl Cinnamal<\/p>\n","protected":false},"excerpt":{"rendered":"<p>L&rsquo;apr\u00e8s-shampoing concentr\u00e9 \u00e0 l&rsquo;eau de rose est une innovation sur le march\u00e9 des chevaux et des animaux de compagnie. La neutralisation et la clarification des poils sont depuis longtemps un service de salon de coiffure. Son utilisation permet d&rsquo;obtenir des cheveux sains. Son action est instantan\u00e9e: en massant, la formule dissout les d\u00e9p\u00f4ts min\u00e9raux et [&#8230;]\n","protected":false},"featured_media":8994,"comment_status":"open","ping_status":"closed","template":"","meta":[],"product_brand":[],"product_cat":[181],"product_tag":[1031,1032],"class_list":{"0":"post-9082","1":"product","2":"type-product","3":"status-publish","4":"has-post-thumbnail","6":"product_cat-cowboy-magic-fr","7":"product_tag-cheveux-conditionneur","8":"product_tag-fourrure-conditionneur","10":"first","11":"instock","12":"taxable","13":"shipping-taxable","14":"purchasable","15":"product-type-variable"},"yoast_head":"<!-- This site is optimized with the Yoast SEO plugin v27.6 - https:\/\/yoast.com\/product\/yoast-seo-wordpress\/ -->\n<title>Rosewater Conditioner - Minihorse.eu<\/title>\n<meta name=\"robots\" content=\"index, follow, max-snippet:-1, max-image-preview:large, max-video-preview:-1\" \/>\n<link rel=\"canonical\" href=\"https:\/\/www.minihorse.eu\/produit\/rosewater-conditioner\/\" \/>\n<meta property=\"og:locale\" content=\"fr_FR\" \/>\n<meta property=\"og:type\" content=\"article\" \/>\n<meta property=\"og:title\" content=\"Rosewater Conditioner - Minihorse.eu\" \/>\n<meta property=\"og:description\" content=\"L&rsquo;apr\u00e8s-shampoing concentr\u00e9 \u00e0 l&rsquo;eau de rose est une innovation sur le march\u00e9 des chevaux et des animaux de compagnie. La neutralisation et la clarification des poils sont depuis longtemps un service de salon de coiffure. Son utilisation permet d&rsquo;obtenir des cheveux sains. Son action est instantan\u00e9e: en massant, la formule dissout les d\u00e9p\u00f4ts min\u00e9raux et [...]\" \/>\n<meta property=\"og:url\" content=\"https:\/\/www.minihorse.eu\/produit\/rosewater-conditioner\/\" \/>\n<meta property=\"og:site_name\" content=\"Minihorse.eu\" \/>\n<meta property=\"article:publisher\" content=\"https:\/\/www.facebook.com\/profile.php?id=100063487117479\" \/>\n<meta property=\"og:image\" content=\"https:\/\/www.minihorse.eu\/wp-content\/uploads\/2025\/04\/Cowboy-Magic-Rosewater-Conditioner-946-ml.jpg\" \/>\n\t<meta property=\"og:image:width\" content=\"600\" \/>\n\t<meta property=\"og:image:height\" content=\"600\" \/>\n\t<meta property=\"og:image:type\" content=\"image\/jpeg\" \/>\n<meta name=\"twitter:card\" content=\"summary_large_image\" \/>\n<meta name=\"twitter:label1\" content=\"Dur\u00e9e de lecture estim\u00e9e\" \/>\n\t<meta name=\"twitter:data1\" content=\"2 minutes\" \/>\n<script type=\"application\/ld+json\" class=\"yoast-schema-graph\">{\"@context\":\"https:\\\/\\\/schema.org\",\"@graph\":[{\"@type\":\"WebPage\",\"@id\":\"https:\\\/\\\/www.minihorse.eu\\\/produit\\\/rosewater-conditioner\\\/\",\"url\":\"https:\\\/\\\/www.minihorse.eu\\\/produit\\\/rosewater-conditioner\\\/\",\"name\":\"Rosewater Conditioner - Minihorse.eu\",\"isPartOf\":{\"@id\":\"https:\\\/\\\/www.minihorse.eu\\\/#website\"},\"primaryImageOfPage\":{\"@id\":\"https:\\\/\\\/www.minihorse.eu\\\/produit\\\/rosewater-conditioner\\\/#primaryimage\"},\"image\":{\"@id\":\"https:\\\/\\\/www.minihorse.eu\\\/produit\\\/rosewater-conditioner\\\/#primaryimage\"},\"thumbnailUrl\":\"https:\\\/\\\/www.minihorse.eu\\\/wp-content\\\/uploads\\\/2025\\\/04\\\/Cowboy-Magic-Rosewater-Conditioner-946-ml.jpg\",\"datePublished\":\"2025-04-09T22:15:33+00:00\",\"breadcrumb\":{\"@id\":\"https:\\\/\\\/www.minihorse.eu\\\/produit\\\/rosewater-conditioner\\\/#breadcrumb\"},\"inLanguage\":\"fr-FR\",\"potentialAction\":[{\"@type\":\"ReadAction\",\"target\":[\"https:\\\/\\\/www.minihorse.eu\\\/produit\\\/rosewater-conditioner\\\/\"]}]},{\"@type\":\"ImageObject\",\"inLanguage\":\"fr-FR\",\"@id\":\"https:\\\/\\\/www.minihorse.eu\\\/produit\\\/rosewater-conditioner\\\/#primaryimage\",\"url\":\"https:\\\/\\\/www.minihorse.eu\\\/wp-content\\\/uploads\\\/2025\\\/04\\\/Cowboy-Magic-Rosewater-Conditioner-946-ml.jpg\",\"contentUrl\":\"https:\\\/\\\/www.minihorse.eu\\\/wp-content\\\/uploads\\\/2025\\\/04\\\/Cowboy-Magic-Rosewater-Conditioner-946-ml.jpg\",\"width\":600,\"height\":600},{\"@type\":\"BreadcrumbList\",\"@id\":\"https:\\\/\\\/www.minihorse.eu\\\/produit\\\/rosewater-conditioner\\\/#breadcrumb\",\"itemListElement\":[{\"@type\":\"ListItem\",\"position\":1,\"name\":\"Home\",\"item\":\"https:\\\/\\\/www.minihorse.eu\\\/fr\\\/accueil\\\/\"},{\"@type\":\"ListItem\",\"position\":2,\"name\":\"Boutique\",\"item\":\"https:\\\/\\\/www.minihorse.eu\\\/fr\\\/boutique\\\/\"},{\"@type\":\"ListItem\",\"position\":3,\"name\":\"Rosewater Conditioner\"}]},{\"@type\":\"WebSite\",\"@id\":\"https:\\\/\\\/www.minihorse.eu\\\/#website\",\"url\":\"https:\\\/\\\/www.minihorse.eu\\\/\",\"name\":\"Minihorse.eu\",\"description\":\"The #1 store for Miniature Horses\",\"publisher\":{\"@id\":\"https:\\\/\\\/www.minihorse.eu\\\/#organization\"},\"potentialAction\":[{\"@type\":\"SearchAction\",\"target\":{\"@type\":\"EntryPoint\",\"urlTemplate\":\"https:\\\/\\\/www.minihorse.eu\\\/?s={search_term_string}\"},\"query-input\":{\"@type\":\"PropertyValueSpecification\",\"valueRequired\":true,\"valueName\":\"search_term_string\"}}],\"inLanguage\":\"fr-FR\"},{\"@type\":\"Organization\",\"@id\":\"https:\\\/\\\/www.minihorse.eu\\\/#organization\",\"name\":\"Minihorse.eu\",\"url\":\"https:\\\/\\\/www.minihorse.eu\\\/\",\"logo\":{\"@type\":\"ImageObject\",\"inLanguage\":\"fr-FR\",\"@id\":\"https:\\\/\\\/www.minihorse.eu\\\/#\\\/schema\\\/logo\\\/image\\\/\",\"url\":\"https:\\\/\\\/www.minihorse.eu\\\/wp-content\\\/uploads\\\/2024\\\/08\\\/Logo-minihorse-ext.png\",\"contentUrl\":\"https:\\\/\\\/www.minihorse.eu\\\/wp-content\\\/uploads\\\/2024\\\/08\\\/Logo-minihorse-ext.png\",\"width\":500,\"height\":500,\"caption\":\"Minihorse.eu\"},\"image\":{\"@id\":\"https:\\\/\\\/www.minihorse.eu\\\/#\\\/schema\\\/logo\\\/image\\\/\"},\"sameAs\":[\"https:\\\/\\\/www.facebook.com\\\/profile.php?id=100063487117479\"]}]}<\/script>\n<!-- \/ Yoast SEO plugin. -->","yoast_head_json":{"title":"Rosewater Conditioner - Minihorse.eu","robots":{"index":"index","follow":"follow","max-snippet":"max-snippet:-1","max-image-preview":"max-image-preview:large","max-video-preview":"max-video-preview:-1"},"canonical":"https:\/\/www.minihorse.eu\/produit\/rosewater-conditioner\/","og_locale":"fr_FR","og_type":"article","og_title":"Rosewater Conditioner - Minihorse.eu","og_description":"L&rsquo;apr\u00e8s-shampoing concentr\u00e9 \u00e0 l&rsquo;eau de rose est une innovation sur le march\u00e9 des chevaux et des animaux de compagnie. La neutralisation et la clarification des poils sont depuis longtemps un service de salon de coiffure. Son utilisation permet d&rsquo;obtenir des cheveux sains. Son action est instantan\u00e9e: en massant, la formule dissout les d\u00e9p\u00f4ts min\u00e9raux et [...]","og_url":"https:\/\/www.minihorse.eu\/produit\/rosewater-conditioner\/","og_site_name":"Minihorse.eu","article_publisher":"https:\/\/www.facebook.com\/profile.php?id=100063487117479","og_image":[{"width":600,"height":600,"url":"https:\/\/www.minihorse.eu\/wp-content\/uploads\/2025\/04\/Cowboy-Magic-Rosewater-Conditioner-946-ml.jpg","type":"image\/jpeg"}],"twitter_card":"summary_large_image","twitter_misc":{"Dur\u00e9e de lecture estim\u00e9e":"2 minutes"},"schema":{"@context":"https:\/\/schema.org","@graph":[{"@type":"WebPage","@id":"https:\/\/www.minihorse.eu\/produit\/rosewater-conditioner\/","url":"https:\/\/www.minihorse.eu\/produit\/rosewater-conditioner\/","name":"Rosewater Conditioner - Minihorse.eu","isPartOf":{"@id":"https:\/\/www.minihorse.eu\/#website"},"primaryImageOfPage":{"@id":"https:\/\/www.minihorse.eu\/produit\/rosewater-conditioner\/#primaryimage"},"image":{"@id":"https:\/\/www.minihorse.eu\/produit\/rosewater-conditioner\/#primaryimage"},"thumbnailUrl":"https:\/\/www.minihorse.eu\/wp-content\/uploads\/2025\/04\/Cowboy-Magic-Rosewater-Conditioner-946-ml.jpg","datePublished":"2025-04-09T22:15:33+00:00","breadcrumb":{"@id":"https:\/\/www.minihorse.eu\/produit\/rosewater-conditioner\/#breadcrumb"},"inLanguage":"fr-FR","potentialAction":[{"@type":"ReadAction","target":["https:\/\/www.minihorse.eu\/produit\/rosewater-conditioner\/"]}]},{"@type":"ImageObject","inLanguage":"fr-FR","@id":"https:\/\/www.minihorse.eu\/produit\/rosewater-conditioner\/#primaryimage","url":"https:\/\/www.minihorse.eu\/wp-content\/uploads\/2025\/04\/Cowboy-Magic-Rosewater-Conditioner-946-ml.jpg","contentUrl":"https:\/\/www.minihorse.eu\/wp-content\/uploads\/2025\/04\/Cowboy-Magic-Rosewater-Conditioner-946-ml.jpg","width":600,"height":600},{"@type":"BreadcrumbList","@id":"https:\/\/www.minihorse.eu\/produit\/rosewater-conditioner\/#breadcrumb","itemListElement":[{"@type":"ListItem","position":1,"name":"Home","item":"https:\/\/www.minihorse.eu\/fr\/accueil\/"},{"@type":"ListItem","position":2,"name":"Boutique","item":"https:\/\/www.minihorse.eu\/fr\/boutique\/"},{"@type":"ListItem","position":3,"name":"Rosewater Conditioner"}]},{"@type":"WebSite","@id":"https:\/\/www.minihorse.eu\/#website","url":"https:\/\/www.minihorse.eu\/","name":"Minihorse.eu","description":"The #1 store for Miniature Horses","publisher":{"@id":"https:\/\/www.minihorse.eu\/#organization"},"potentialAction":[{"@type":"SearchAction","target":{"@type":"EntryPoint","urlTemplate":"https:\/\/www.minihorse.eu\/?s={search_term_string}"},"query-input":{"@type":"PropertyValueSpecification","valueRequired":true,"valueName":"search_term_string"}}],"inLanguage":"fr-FR"},{"@type":"Organization","@id":"https:\/\/www.minihorse.eu\/#organization","name":"Minihorse.eu","url":"https:\/\/www.minihorse.eu\/","logo":{"@type":"ImageObject","inLanguage":"fr-FR","@id":"https:\/\/www.minihorse.eu\/#\/schema\/logo\/image\/","url":"https:\/\/www.minihorse.eu\/wp-content\/uploads\/2024\/08\/Logo-minihorse-ext.png","contentUrl":"https:\/\/www.minihorse.eu\/wp-content\/uploads\/2024\/08\/Logo-minihorse-ext.png","width":500,"height":500,"caption":"Minihorse.eu"},"image":{"@id":"https:\/\/www.minihorse.eu\/#\/schema\/logo\/image\/"},"sameAs":["https:\/\/www.facebook.com\/profile.php?id=100063487117479"]}]}},"jetpack_sharing_enabled":true,"_links":{"self":[{"href":"https:\/\/www.minihorse.eu\/fr\/wp-json\/wp\/v2\/product\/9082","targetHints":{"allow":["GET"]}}],"collection":[{"href":"https:\/\/www.minihorse.eu\/fr\/wp-json\/wp\/v2\/product"}],"about":[{"href":"https:\/\/www.minihorse.eu\/fr\/wp-json\/wp\/v2\/types\/product"}],"replies":[{"embeddable":true,"href":"https:\/\/www.minihorse.eu\/fr\/wp-json\/wp\/v2\/comments?post=9082"}],"wp:featuredmedia":[{"embeddable":true,"href":"https:\/\/www.minihorse.eu\/fr\/wp-json\/wp\/v2\/media\/8994"}],"wp:attachment":[{"href":"https:\/\/www.minihorse.eu\/fr\/wp-json\/wp\/v2\/media?parent=9082"}],"wp:term":[{"taxonomy":"product_brand","embeddable":true,"href":"https:\/\/www.minihorse.eu\/fr\/wp-json\/wp\/v2\/product_brand?post=9082"},{"taxonomy":"product_cat","embeddable":true,"href":"https:\/\/www.minihorse.eu\/fr\/wp-json\/wp\/v2\/product_cat?post=9082"},{"taxonomy":"product_tag","embeddable":true,"href":"https:\/\/www.minihorse.eu\/fr\/wp-json\/wp\/v2\/product_tag?post=9082"}],"curies":[{"name":"wp","href":"https:\/\/api.w.org\/{rel}","templated":true}]}}